{"id":1480,"date":"2017-08-20T17:20:36","date_gmt":"2017-08-20T15:20:36","guid":{"rendered":"https:\/\/dev2.prosono-hardwoods.com\/credo\/"},"modified":"2023-03-16T15:19:32","modified_gmt":"2023-03-16T14:19:32","slug":"wer-wir-sind","status":"publish","type":"page","link":"https:\/\/dev2.prosono-hardwoods.com\/de\/ueber-uns\/wer-wir-sind\/","title":{"rendered":"Wer Wir Sind"},"content":{"rendered":"<section class=\"wpb-content-wrapper\"><p>[vc_row][vc_column][vc_single_image image=&#8220;7462&#8243; img_size=&#8220;full&#8220; alignment=&#8220;right&#8220; style=&#8220;vc_box_shadow_3d&#8220;][\/vc_column][\/vc_row][vc_row css=&#8220;.vc_custom_1658844039033{padding-top: 30px !important;}&#8220;][vc_column width=&#8220;1\/2&#8243; css=&#8220;.vc_custom_1599654008285{margin-top: 0px !important;margin-bottom: 0px !important;padding-top: 0px !important;padding-bottom: 0px !important;}&#8220;][vc_column_text css=&#8220;.vc_custom_1660558634022{border-left-width: 4px !important;padding-top: 10px !important;padding-bottom: 10px !important;padding-left: 30px !important;border-left-color: #ae3307 !important;border-left-style: dotted !important;}&#8220;]<span style=\"color: #000000;\">ProSono Hardwoods wurde 1999 gegr\u00fcndet und verarbeitet einheimische Harth\u00f6lzer aus dem s\u00fcdlichen Afrika f\u00fcr den Verkauf vor Ort und f\u00fcr den Export.<\/span><\/p>\n<p>ProSono h\u00e4lt sich voll und ganz an die <a href=\"https:\/\/cites.org\/eng\">CITES<\/a>-Prinzipien und engagiert sich f\u00fcr Naturschutz und nachhaltige Ernte. Weitere Einzelheiten zu diesem und unseren anderen Grundprinzipien finden Sie unter <a href=\"https:\/\/dev2.prosono-hardwoods.com\/de\/ueber-uns\/wofuer-wir-stehen\/\">Wof\u00fcr wir stehen<\/a>.<\/p>\n<p>Derzeit besch\u00e4ftigen wir in S\u00fcdafrika ein Team aus Holztechnologen, \u00d6konomen und Holzbearbeitungsmechanikern.<\/p>\n<p>Unsere Aktivit\u00e4ten erstrecken sich auf S\u00fcdafrika, Simbabwe, Sambia und Mosambik. Wir untersuchen auch M\u00f6glichkeiten f\u00fcr eine nachhaltige Hartholzernte in anderen L\u00e4ndern im s\u00fcdlichen und zentralen Afrika.<\/p>\n<p>Unser Haupts\u00e4gewerk befindet sich an der<a href=\"https:\/\/goo.gl\/maps\/5wvQKd6XuV32\"> Summit Road (R 562), westlich von Midrand, Provinz Gauteng, S\u00fcdafrika<\/a>.[\/vc_column_text][\/vc_column][vc_column width=&#8220;1\/2&#8243; css=&#8220;.vc_custom_1658843394165{margin-bottom: -40px !important;padding-right: 30px !important;padding-left: 30px !important;}&#8220; offset=&#8220;vc_hidden-xs&#8220;][vc_single_image image=&#8220;6800&#8243; img_size=&#8220;full&#8220; style=&#8220;vc_box_shadow_3d&#8220; css=&#8220;.vc_custom_1658843466580{padding-right: 30px !important;padding-left: 30px !important;}&#8220;][\/vc_column][\/vc_row][vc_row css=&#8220;.vc_custom_1658844058324{padding-top: 30px !important;}&#8220;][vc_column][vc_text_separator title=&#8220;PARTNERSCHAFTEN MIT UNSEREN KUNDEN&#8220; color=&#8220;custom&#8220; border_width=&#8220;4&#8243; css=&#8220;.vc_custom_1653296411513{margin-top: 10px !important;padding-top: 30px !important;}&#8220; accent_color=&#8220;#b53a2c&#8220;][vc_row_inner gap=&#8220;10&#8243;][vc_column_inner width=&#8220;1\/2&#8243; css=&#8220;.vc_custom_1626879043020{margin-bottom: -30px !important;}&#8220;][vc_column_text css=&#8220;.vc_custom_1660558714283{padding-right: 30px !important;padding-left: 30px !important;}&#8220;]Seit \u00fcber f\u00fcnfzehn Jahren arbeiten wir eng mit nationalen Landvertretern in den USA, Gro\u00dfbritannien, Deutschland, Japan zusammen. In j\u00fcngerer Zeit haben wir zwei nationale Distributoren in Schweden und der Schweiz hinzugef\u00fcgt.[\/vc_column_text][\/vc_column_inner][vc_column_inner width=&#8220;1\/2&#8243; css=&#8220;.vc_custom_1626776227902{margin-right: 40px !important;}&#8220;][vc_column_text css=&#8220;.vc_custom_1660558672092{padding-right: 30px !important;padding-left: 30px !important;}&#8220;]Diese Zusammenarbeit hat die Erweiterung unserer Produktpalette vorangetrieben: die Optimierung unserer Lagerkapazit\u00e4t, damit wir in k\u00fcrzester Zeit auf die Nachfrage reagieren k\u00f6nnen; und die Feinabstimmung unserer Preise.[\/vc_column_text][\/vc_column_inner][\/vc_row_inner][vc_row_inner][vc_column_inner width=&#8220;1\/4&#8243;][vc_single_image image=&#8220;6809&#8243; img_size=&#8220;medium&#8220;][\/vc_column_inner][vc_column_inner width=&#8220;1\/4&#8243;][vc_single_image image=&#8220;6813&#8243; img_size=&#8220;medium&#8220;][\/vc_column_inner][vc_column_inner width=&#8220;1\/4&#8243;][vc_single_image image=&#8220;6817&#8243; img_size=&#8220;medium&#8220;][\/vc_column_inner][vc_column_inner width=&#8220;1\/4&#8243;][vc_single_image image=&#8220;6821&#8243; img_size=&#8220;medium&#8220;][\/vc_column_inner][\/vc_row_inner][\/vc_column][\/vc_row][vc_row equal_height=&#8220;yes&#8220;][vc_column][vc_text_separator title=&#8220;EIGENT\u00dcMER VON PROSONO&#8220; color=&#8220;custom&#8220; border_width=&#8220;4&#8243; accent_color=&#8220;#b53a2c&#8220;][vc_column_text css=&#8220;.vc_custom_1653295681634{margin-top: -20px !important;}&#8220;]<\/p>\n<h4 style=\"text-align: center;\">Eigent\u00fcmer und treibende Kraft des Unternehmens sind:<\/h4>\n<p>[\/vc_column_text][vc_row_inner gap=&#8220;4&#8243;][vc_column_inner width=&#8220;1\/2&#8243;][vc_column_text css=&#8220;.vc_custom_1658844221066{margin-bottom: 30px !important;padding-top: 30px !important;padding-right: 30px !important;padding-bottom: 30px !important;padding-left: 30px !important;background-color: #f6f5f1 !important;border-radius: 10px !important;}&#8220;]<\/p>\n<h4><strong>Philippe Monbaron:<br \/>\nLic. HEC &amp; MBA \u2013 IMD.<\/strong><\/h4>\n<p>Der Gr\u00fcnder des Unternehmens, Philippe Monbaron, stammt urspr\u00fcnglich aus der franz\u00f6sischen Schweiz.<\/p>\n<p>Nach zwei Jahrzehnten Erfahrung mit multinationalen Unternehmen in Europa und Afrika (in den Bereichen Pharma, Agrochemie und Bankwesen) gr\u00fcndete Philippe ProSono \u2013 <strong>und hat es nie bereut!<\/strong><\/p>\n<p>Philippe verf\u00fcgt \u00fcber 40 Jahre Erfahrung in den Bereichen internationaler Handel, Finanzen, Marketing und Vertrieb. Er spricht vier Sprachen flie\u00dfend.[\/vc_column_text][\/vc_column_inner][vc_column_inner width=&#8220;1\/2&#8243;][vc_column_text css=&#8220;.vc_custom_1658844235274{padding-top: 30px !important;padding-right: 30px !important;padding-bottom: 30px !important;padding-left: 30px !important;background-color: #f6f5f1 !important;border-radius: 10px !important;}&#8220;]<\/p>\n<h4><strong>Etienne Du Plooy:<br \/>\nHolztechnologe \u2013 SAASVELD \u2013 Fakult\u00e4t f\u00fcr Forstwirtschaft.<\/strong><\/h4>\n<p>Etienne Du Plooy kam vor 20 Jahren zu ProSono. Etienne hat Erfahrung in allen Aspekten der Holzindustrie, einschlie\u00dflich Forstwirtschaft, S\u00e4gewerksmanagement und Management sowohl kleiner als auch gr\u00f6\u00dferer Teams in einem multiethnischen Kontext.<\/p>\n<p>Er ist besonders begabt in der Holzauswahl, Verarbeitung und dem Verkauf an die s\u00fcdafrikanische Gemeinschaft. Er ist die treibende Kraft hinter <a href=\"https:\/\/dev2.prosono-hardwoods.com\/de\/caracal-messergriffe\/\">Caracal Messergriffen<\/a>.<\/p>\n<p>Etienne arbeitet eng mit <a href=\"https:\/\/cites.org\/eng\">CITES<\/a> und dem s\u00fcdafrikanischen Ministerium f\u00fcr Landwirtschaft, Forstwirtschaft und Fischerei (DAFF) f\u00fcr Naturschutz und Genehmigungen zusammen[\/vc_column_text][\/vc_column_inner][\/vc_row_inner][vc_row_inner gap=&#8220;10&#8243;][vc_column_inner width=&#8220;1\/3&#8243;][vc_single_image image=&#8220;6837&#8243; img_size=&#8220;full&#8220; alignment=&#8220;right&#8220;][\/vc_column_inner][vc_column_inner width=&#8220;1\/3&#8243;][vc_single_image image=&#8220;6829&#8243; img_size=&#8220;full&#8220; alignment=&#8220;right&#8220;][\/vc_column_inner][vc_column_inner width=&#8220;1\/3&#8243;][vc_single_image image=&#8220;6833&#8243; img_size=&#8220;full&#8220; alignment=&#8220;right&#8220;][\/vc_column_inner][\/vc_row_inner][\/vc_column][\/vc_row][vc_row][vc_column width=&#8220;2\/2&#8243;][vc_text_separator title=&#8220;UNSERE AUSWAHL AN EDELHARTHOLZARTEN&#8220; color=&#8220;custom&#8220; border_width=&#8220;4&#8243; css=&#8220;.vc_custom_1653295839807{margin-top: 10px !important;}&#8220; accent_color=&#8220;#b53a2c&#8220;][vc_row_inner][vc_column_inner width=&#8220;1\/2&#8243;][vc_column_text css=&#8220;.vc_custom_1653295952092{margin-right: 30px !important;margin-left: 30px !important;}&#8220;]ProSono konzentriert sich auf eine ausgew\u00e4hlte Anzahl von <a href=\"https:\/\/dev2.prosono-hardwoods.com\/de\/holzarten\/\">Edelhartholzarten<\/a>, von denen wir glauben, dass sie:<\/p>\n<ul>\n<li>bieten den besten Mehrwert.<\/li>\n<li>kann mit geringstem Eingriff in die Natur geerntet werden.<\/li>\n<\/ul>\n<p><strong>Wir freuen uns \u00fcber Beitr\u00e4ge unserer Kunden, einschlie\u00dflich Erfahrungen bei der Arbeit mit den von uns angebotenen Holzarten und Details zu Anwendungen.<\/strong><\/p>\n<p>Dies hilft uns, Verbesserungen voranzutreiben. Es informiert auch \u00fcber unsere laufende Untersuchung anderer geeigneter Hartholzarten.[\/vc_column_text][\/vc_column_inner][vc_column_inner width=&#8220;1\/2&#8243;][vc_single_image image=&#8220;6842&#8243; img_size=&#8220;1024&#215;550&#8243; alignment=&#8220;center&#8220; css=&#8220;.vc_custom_1658844338266{padding-right: 30px !important;padding-left: 30px !important;}&#8220;][\/vc_column_inner][\/vc_row_inner][\/vc_column][\/vc_row][vc_row][vc_column][vc_text_separator title=&#8220;IN KONTAKT KOMMEN&#8220; color=&#8220;custom&#8220; border_width=&#8220;4&#8243; el_width=&#8220;60&#8243; css=&#8220;.vc_custom_1653295976471{margin-top: 10px !important;}&#8220; accent_color=&#8220;#b53a2c&#8220;][\/vc_column][\/vc_row][vc_row][vc_column]\n<div class=\"wpcf7 no-js\" id=\"wpcf7-f1550-o1\" lang=\"en-US\" dir=\"ltr\">\n<div class=\"screen-reader-response\"><p role=\"status\" aria-live=\"polite\" aria-atomic=\"true\"><\/p> <ul><\/ul><\/div>\n<form action=\"\/de\/wp-json\/wp\/v2\/pages\/1480#wpcf7-f1550-o1\" method=\"post\" class=\"wpcf7-form init\" aria-label=\"Contact form\" novalidate=\"novalidate\" data-status=\"init\">\n<div style=\"display: none;\">\n<input type=\"hidden\" name=\"_wpcf7\" value=\"1550\" \/>\n<input type=\"hidden\" name=\"_wpcf7_version\" value=\"5.8.3\" \/>\n<input type=\"hidden\" name=\"_wpcf7_locale\" value=\"en_US\" \/>\n<input type=\"hidden\" name=\"_wpcf7_unit_tag\" value=\"wpcf7-f1550-o1\" \/>\n<input type=\"hidden\" name=\"_wpcf7_container_post\" value=\"0\" \/>\n<input type=\"hidden\" name=\"_wpcf7_posted_data_hash\" value=\"\" \/>\n<\/div>\n<div class=\"column one-second\">\n\t<p><span class=\"wpcf7-form-control-wrap\" data-name=\"your-name\"><input size=\"40\" class=\"wpcf7-form-control wpcf7-text wpcf7-validates-as-required\" aria-required=\"true\" aria-invalid=\"false\" placeholder=\"Ihr Name\" value=\"\" type=\"text\" name=\"your-name\" \/><\/span>\n\t<\/p>\n<\/div>\n<div class=\"column one-second\">\n\t<p><span class=\"wpcf7-form-control-wrap\" data-name=\"your-email\"><input size=\"40\" class=\"wpcf7-form-control wpcf7-email wpcf7-validates-as-required wpcf7-text wpcf7-validates-as-email\" aria-required=\"true\" aria-invalid=\"false\" placeholder=\"Ihre E-Mail-Adresse\" value=\"\" type=\"email\" name=\"your-email\" \/><\/span>\n\t<\/p>\n<\/div>\n<div class=\"column one\">\n\t<p><span class=\"wpcf7-form-control-wrap\" data-name=\"your-subject\"><input size=\"40\" class=\"wpcf7-form-control wpcf7-text\" aria-invalid=\"false\" placeholder=\"Thema\" value=\"\" type=\"text\" name=\"your-subject\" \/><\/span>\n\t<\/p>\n<\/div>\n<div class=\"column one\">\n\t<p><span class=\"wpcf7-form-control-wrap\" data-name=\"your-message\"><textarea cols=\"40\" rows=\"6\" class=\"wpcf7-form-control wpcf7-textarea\" aria-invalid=\"false\" placeholder=\"Ihre Nachricht\" name=\"your-message\"><\/textarea><\/span>\n\t<\/p>\n<\/div>\n<div class=\"column one\">\n\t<p><input class=\"wpcf7-form-control wpcf7-submit has-spinner\" type=\"submit\" value=\"SENDEN\" \/>\n\t<\/p>\n<\/div><p style=\"display: none !important;\"><label>&#916;<textarea name=\"_wpcf7_ak_hp_textarea\" cols=\"45\" rows=\"8\" maxlength=\"100\"><\/textarea><\/label><input type=\"hidden\" id=\"ak_js_1\" name=\"_wpcf7_ak_js\" value=\"160\"\/><script>document.getElementById( \"ak_js_1\" ).setAttribute( \"value\", ( new Date() ).getTime() );<\/script><\/p><div class=\"wpcf7-response-output\" aria-hidden=\"true\"><\/div>\n<\/form>\n<\/div>\n[\/vc_column][\/vc_row]<\/p>\n<\/section>","protected":false},"excerpt":{"rendered":"<p>[vc_row][vc_column][vc_single_image image=&#8220;7462&#8243; img_size=&#8220;full&#8220; alignment=&#8220;right&#8220; style=&#8220;vc_box_shadow_3d&#8220;][\/vc_column][\/vc_row][vc_row css=&#8220;.vc_custom_1658844039033{padding-top: 30px !important;}&#8220;][vc_column width=&#8220;1\/2&#8243; css=&#8220;.vc_custom_1599654008285{margin-top: 0px !important;margin-bottom: 0px !important;padding-top: 0px !important;padding-bottom: 0px !important;}&#8220;][vc_column_text css=&#8220;.vc_custom_1660558634022{border-left-width: 4px !important;padding-top: 10px !important;padding-bottom: 10px !important;padding-left: 30px<span class=\"excerpt-hellip\"> [\u2026]<\/span><\/p>\n","protected":false},"author":4,"featured_media":0,"parent":1987,"menu_order":0,"comment_status":"closed","ping_status":"closed","template":"","meta":{"_themeisle_gutenberg_block_has_review":false,"footnotes":""},"yoast_head":"<!-- This site is optimized with the Yoast SEO plugin v21.5 - https:\/\/yoast.com\/wordpress\/plugins\/seo\/ -->\n<title>Wer Wir Sind - Prosono international<\/title>\n<meta name=\"description\" content=\"ProSono Hardwoods wurde 1999 gegr\u00fcndet. Wir exportieren weltweit, Tropenh\u00f6lzer aus s\u00fcdlichem Afrika.\" \/>\n<meta name=\"robots\" content=\"noindex, follow, max-snippet:-1, max-image-preview:large, max-video-preview:-1\" \/>\n<meta property=\"og:locale\" content=\"de_DE\" \/>\n<meta property=\"og:type\" content=\"article\" \/>\n<meta property=\"og:title\" content=\"Wer Wir Sind - Prosono international\" \/>\n<meta property=\"og:description\" content=\"ProSono Hardwoods wurde 1999 gegr\u00fcndet. Wir exportieren weltweit, Tropenh\u00f6lzer aus s\u00fcdlichem Afrika.\" \/>\n<meta property=\"og:url\" content=\"https:\/\/dev2.prosono-hardwoods.com\/de\/ueber-uns\/wer-wir-sind\/\" \/>\n<meta property=\"og:site_name\" content=\"Prosono international\" \/>\n<meta property=\"article:modified_time\" content=\"2023-03-16T14:19:32+00:00\" \/>\n<meta name=\"twitter:card\" content=\"summary_large_image\" \/>\n<meta name=\"twitter:label1\" content=\"Gesch\u00e4tzte Lesezeit\" \/>\n\t<meta name=\"twitter:data1\" content=\"3\u00a0Minuten\" \/>\n<script type=\"application\/ld+json\" class=\"yoast-schema-graph\">{\"@context\":\"https:\/\/schema.org\",\"@graph\":[{\"@type\":\"WebPage\",\"@id\":\"https:\/\/dev2.prosono-hardwoods.com\/de\/ueber-uns\/wer-wir-sind\/\",\"url\":\"https:\/\/dev2.prosono-hardwoods.com\/de\/ueber-uns\/wer-wir-sind\/\",\"name\":\"Wer Wir Sind - Prosono international\",\"isPartOf\":{\"@id\":\"https:\/\/dev2.prosono-hardwoods.com\/#website\"},\"datePublished\":\"2017-08-20T15:20:36+00:00\",\"dateModified\":\"2023-03-16T14:19:32+00:00\",\"description\":\"ProSono Hardwoods wurde 1999 gegr\u00fcndet. Wir exportieren weltweit, Tropenh\u00f6lzer aus s\u00fcdlichem Afrika.\",\"breadcrumb\":{\"@id\":\"https:\/\/dev2.prosono-hardwoods.com\/de\/ueber-uns\/wer-wir-sind\/#breadcrumb\"},\"inLanguage\":\"de\",\"potentialAction\":[{\"@type\":\"ReadAction\",\"target\":[\"https:\/\/dev2.prosono-hardwoods.com\/de\/ueber-uns\/wer-wir-sind\/\"]}]},{\"@type\":\"BreadcrumbList\",\"@id\":\"https:\/\/dev2.prosono-hardwoods.com\/de\/ueber-uns\/wer-wir-sind\/#breadcrumb\",\"itemListElement\":[{\"@type\":\"ListItem\",\"position\":1,\"name\":\"Accueil\",\"item\":\"https:\/\/dev2.prosono-hardwoods.com\/\"},{\"@type\":\"ListItem\",\"position\":2,\"name\":\"\u00dcBER UNS\",\"item\":\"https:\/\/dev2.prosono-hardwoods.com\/de\/ueber-uns\/\"},{\"@type\":\"ListItem\",\"position\":3,\"name\":\"Wer Wir Sind\"}]},{\"@type\":\"WebSite\",\"@id\":\"https:\/\/dev2.prosono-hardwoods.com\/#website\",\"url\":\"https:\/\/dev2.prosono-hardwoods.com\/\",\"name\":\"Prosono international\",\"description\":\"\",\"publisher\":{\"@id\":\"https:\/\/dev2.prosono-hardwoods.com\/#organization\"},\"potentialAction\":[{\"@type\":\"SearchAction\",\"target\":{\"@type\":\"EntryPoint\",\"urlTemplate\":\"https:\/\/dev2.prosono-hardwoods.com\/?s={search_term_string}\"},\"query-input\":\"required name=search_term_string\"}],\"inLanguage\":\"de\"},{\"@type\":\"Organization\",\"@id\":\"https:\/\/dev2.prosono-hardwoods.com\/#organization\",\"name\":\"Prosono Hardwoods International\",\"url\":\"https:\/\/dev2.prosono-hardwoods.com\/\",\"logo\":{\"@type\":\"ImageObject\",\"inLanguage\":\"de\",\"@id\":\"https:\/\/dev2.prosono-hardwoods.com\/#\/schema\/logo\/image\/\",\"url\":\"https:\/\/dev2.prosono-hardwoods.com\/wp-content\/uploads\/2020\/08\/prosono-logo@2x.png\",\"contentUrl\":\"https:\/\/dev2.prosono-hardwoods.com\/wp-content\/uploads\/2020\/08\/prosono-logo@2x.png\",\"width\":404,\"height\":90,\"caption\":\"Prosono Hardwoods International\"},\"image\":{\"@id\":\"https:\/\/dev2.prosono-hardwoods.com\/#\/schema\/logo\/image\/\"}}]}<\/script>\n<!-- \/ Yoast SEO plugin. -->","yoast_head_json":{"title":"Wer Wir Sind - Prosono international","description":"ProSono Hardwoods wurde 1999 gegr\u00fcndet. Wir exportieren weltweit, Tropenh\u00f6lzer aus s\u00fcdlichem Afrika.","robots":{"index":"noindex","follow":"follow","max-snippet":"max-snippet:-1","max-image-preview":"max-image-preview:large","max-video-preview":"max-video-preview:-1"},"og_locale":"de_DE","og_type":"article","og_title":"Wer Wir Sind - Prosono international","og_description":"ProSono Hardwoods wurde 1999 gegr\u00fcndet. Wir exportieren weltweit, Tropenh\u00f6lzer aus s\u00fcdlichem Afrika.","og_url":"https:\/\/dev2.prosono-hardwoods.com\/de\/ueber-uns\/wer-wir-sind\/","og_site_name":"Prosono international","article_modified_time":"2023-03-16T14:19:32+00:00","twitter_card":"summary_large_image","twitter_misc":{"Gesch\u00e4tzte Lesezeit":"3\u00a0Minuten"},"schema":{"@context":"https:\/\/schema.org","@graph":[{"@type":"WebPage","@id":"https:\/\/dev2.prosono-hardwoods.com\/de\/ueber-uns\/wer-wir-sind\/","url":"https:\/\/dev2.prosono-hardwoods.com\/de\/ueber-uns\/wer-wir-sind\/","name":"Wer Wir Sind - Prosono international","isPartOf":{"@id":"https:\/\/dev2.prosono-hardwoods.com\/#website"},"datePublished":"2017-08-20T15:20:36+00:00","dateModified":"2023-03-16T14:19:32+00:00","description":"ProSono Hardwoods wurde 1999 gegr\u00fcndet. Wir exportieren weltweit, Tropenh\u00f6lzer aus s\u00fcdlichem Afrika.","breadcrumb":{"@id":"https:\/\/dev2.prosono-hardwoods.com\/de\/ueber-uns\/wer-wir-sind\/#breadcrumb"},"inLanguage":"de","potentialAction":[{"@type":"ReadAction","target":["https:\/\/dev2.prosono-hardwoods.com\/de\/ueber-uns\/wer-wir-sind\/"]}]},{"@type":"BreadcrumbList","@id":"https:\/\/dev2.prosono-hardwoods.com\/de\/ueber-uns\/wer-wir-sind\/#breadcrumb","itemListElement":[{"@type":"ListItem","position":1,"name":"Accueil","item":"https:\/\/dev2.prosono-hardwoods.com\/"},{"@type":"ListItem","position":2,"name":"\u00dcBER UNS","item":"https:\/\/dev2.prosono-hardwoods.com\/de\/ueber-uns\/"},{"@type":"ListItem","position":3,"name":"Wer Wir Sind"}]},{"@type":"WebSite","@id":"https:\/\/dev2.prosono-hardwoods.com\/#website","url":"https:\/\/dev2.prosono-hardwoods.com\/","name":"Prosono international","description":"","publisher":{"@id":"https:\/\/dev2.prosono-hardwoods.com\/#organization"},"potentialAction":[{"@type":"SearchAction","target":{"@type":"EntryPoint","urlTemplate":"https:\/\/dev2.prosono-hardwoods.com\/?s={search_term_string}"},"query-input":"required name=search_term_string"}],"inLanguage":"de"},{"@type":"Organization","@id":"https:\/\/dev2.prosono-hardwoods.com\/#organization","name":"Prosono Hardwoods International","url":"https:\/\/dev2.prosono-hardwoods.com\/","logo":{"@type":"ImageObject","inLanguage":"de","@id":"https:\/\/dev2.prosono-hardwoods.com\/#\/schema\/logo\/image\/","url":"https:\/\/dev2.prosono-hardwoods.com\/wp-content\/uploads\/2020\/08\/prosono-logo@2x.png","contentUrl":"https:\/\/dev2.prosono-hardwoods.com\/wp-content\/uploads\/2020\/08\/prosono-logo@2x.png","width":404,"height":90,"caption":"Prosono Hardwoods International"},"image":{"@id":"https:\/\/dev2.prosono-hardwoods.com\/#\/schema\/logo\/image\/"}}]}},"_links":{"self":[{"href":"https:\/\/dev2.prosono-hardwoods.com\/de\/wp-json\/wp\/v2\/pages\/1480"}],"collection":[{"href":"https:\/\/dev2.prosono-hardwoods.com\/de\/wp-json\/wp\/v2\/pages"}],"about":[{"href":"https:\/\/dev2.prosono-hardwoods.com\/de\/wp-json\/wp\/v2\/types\/page"}],"author":[{"embeddable":true,"href":"https:\/\/dev2.prosono-hardwoods.com\/de\/wp-json\/wp\/v2\/users\/4"}],"replies":[{"embeddable":true,"href":"https:\/\/dev2.prosono-hardwoods.com\/de\/wp-json\/wp\/v2\/comments?post=1480"}],"version-history":[{"count":35,"href":"https:\/\/dev2.prosono-hardwoods.com\/de\/wp-json\/wp\/v2\/pages\/1480\/revisions"}],"predecessor-version":[{"id":17957,"href":"https:\/\/dev2.prosono-hardwoods.com\/de\/wp-json\/wp\/v2\/pages\/1480\/revisions\/17957"}],"up":[{"embeddable":true,"href":"https:\/\/dev2.prosono-hardwoods.com\/de\/wp-json\/wp\/v2\/pages\/1987"}],"wp:attachment":[{"href":"https:\/\/dev2.prosono-hardwoods.com\/de\/wp-json\/wp\/v2\/media?parent=1480"}],"curies":[{"name":"wp","href":"https:\/\/api.w.org\/{rel}","templated":true}]}}