{"id":1548,"date":"2017-08-20T18:03:44","date_gmt":"2017-08-20T16:03:44","guid":{"rendered":"https:\/\/dev2.prosono-hardwoods.com\/offres-et-cotations\/"},"modified":"2022-09-01T08:33:09","modified_gmt":"2022-09-01T06:33:09","slug":"kostenvoranschlag","status":"publish","type":"page","link":"https:\/\/dev2.prosono-hardwoods.com\/de\/kostenvoranschlag\/","title":{"rendered":"KOSTENVORANSCHLAG"},"content":{"rendered":"<section class=\"wpb-content-wrapper\"><p>[vc_row css=&#8220;.vc_custom_1495449399028{padding-top: 40px !important;}&#8220;][vc_column width=&#8220;1\/2&#8243;][vc_gallery interval=&#8220;3&#8243; images=&#8220;667,666,668,592&#8243; img_size=&#8220;640 \u00d7 480&#8243; onclick=&#8220;&#8220;][\/vc_column][vc_column width=&#8220;1\/2&#8243;][vc_column_text]Gerne unterbreiten wir Mitgliedern der Musikindustrie, Kunsthandwerkern, Importeuren und Lieferanten, sowie Privatpersonen unsere Kostenvoranschl\u00e4ge.<\/p>\n<p><strong>Privatpersonen und Kunsthandwerker:<\/strong> Einzelbestellungen werden weltweit per Einschreiben verschickt, entweder auf dem Postweg, oder EMS Luftpost, je nach Dringlichkeit und Kosten. Unsere professionell eingepackten Pakete werden zu unserem Kunden\u00a0n\u00e4chstliegenden Postamt gebracht, was eine wirtschaftliche L\u00f6sung ist. In seltenen F\u00e4llen gebrauchen wir UPS \u00ae Kuriere. Innerhalb S\u00fcdafrikas schicken wir unsere Pakete mit Courier Guys \u00ae.<\/p>\n<p><strong>Importeure und Landvertretern:<\/strong> Seit mehr als zehn Jahren haben wir mit den gleichen f\u00fcnf nationalen Lieferanten in den USA, in Gro\u00dfbritannien, Deutschland, Japan und Spanien zusammengearbeitet. Unter der Voraussetzung dass, Ihr Land gen\u00fcgend Potential hat, stehen wir der M\u00f6glichkeit offen gegen\u00fcber, weitere Landvertretern zu ernennen, besonders f\u00fcr auf Ma\u00df ges\u00e4gtes Drechslerholz.<\/p>\n<p><strong>Mitglieder der Musikindustrie:<\/strong> Wir handeln direkt mit gro\u00dfen und kleinen Herstellern von Musikinstrumenten und haben \u00fcber die Jahre mehr als 100 Kunden beliefert: von Oboe- und Klarinettenherstellern bis hin zu Kunsthandwerkern, Produzenten von Dudels\u00e4cken, Gaitas, Fl\u00f6ten und historischen Instrumenten, nicht zu vergessen Saiteninstrumentenbauer, die akustische Gitarren von Hand fertigen.<\/p>\n<p><strong>Speziell f\u00fcr Drechsler<\/strong> haben wir ein Arbeitsblatt zusammengestellt, mithilfe dessen Preise f\u00fcr die Kosten einer Bestellung berechnet werden k\u00f6nnen, sowie das genaue Volumen und Einzelpreise je nach Holzart und Dimensionen.[\/vc_column_text][\/vc_column][\/vc_row][vc_row][vc_column width=&#8220;1\/2&#8243;][vc_column_text]<strong>Versandkosten werden getrennt angegeben. <\/strong><strong>Fracht per Schiff oder Flugzeug zu Ihrem n\u00e4chstliegenden internationalen Hafen oder internationalen Flughafen wird jeweils nach Volumen \/ Gewicht der Lieferung berechnet.<\/strong><strong>\u00a0<\/strong>Wir suchen die wirtschaftlichste L\u00f6sung f\u00fcr Sie aus. Einzelbestellungen erfordern einen Mindestkauf, der von der Komplexit\u00e4t der Bestellung und dem f\u00fcr den Bestimmungsort erforderlichen Verwaltungsaufwand abh\u00e4ngt.<\/p>\n<p>Wir beantworten alle Anfragen. Ihre Kommentare zu den folgenden Punkten erm\u00f6glichen uns schnelleres Abwickeln Ihrer Anfrage und Angabe der Versandkosten.<\/p>\n<ol>\n<li>Ihre Hausadresse<\/li>\n<li>Ihre Telefonnummer \u2013 wichtig f\u00fcr alle Einschreiben und versicherten Sendungen<\/li>\n<li>Ihre Webseite, falls vorhanden<\/li>\n<li>Der botanische Name der Holzart oder den gebr\u00e4uchlichsten Namen<\/li>\n<li>Der Zweck der Teile, entweder f\u00fcr Musikinstrumente, oder f\u00fcr einen anderen Zweck<\/li>\n<li>Die Dimensionen oder Anzahl der Teile, entweder Rechtecke oder Schalenrohlinge oder Kugelschreiberrohlinge oder Intarsien.<\/li>\n<\/ol>\n<p>Wir erinnern unsere Kunden die, Interesse an Teilen in musikalischer Qualit\u00e4t haben, dass sie g\u00fcnstigere Einkaufsbedingungen erzielen, wenn Sie S\u00e4tze bestellen und dass, Kunden die, Drechslerst\u00fccke bestellen, bessere Einkaufsbedingungen erzielen, wenn sie eine Kombination von gro\u00dfen, mittelgro\u00dfen und kleinen Teilen bestellen.[\/vc_column_text][\/vc_column][vc_column width=&#8220;1\/2&#8243;]\n<div class=\"wpcf7 no-js\" id=\"wpcf7-f1550-o1\" lang=\"en-US\" dir=\"ltr\">\n<div class=\"screen-reader-response\"><p role=\"status\" aria-live=\"polite\" aria-atomic=\"true\"><\/p> <ul><\/ul><\/div>\n<form action=\"\/de\/wp-json\/wp\/v2\/pages\/1548#wpcf7-f1550-o1\" method=\"post\" class=\"wpcf7-form init\" aria-label=\"Contact form\" novalidate=\"novalidate\" data-status=\"init\">\n<div style=\"display: none;\">\n<input type=\"hidden\" name=\"_wpcf7\" value=\"1550\" \/>\n<input type=\"hidden\" name=\"_wpcf7_version\" value=\"5.8.3\" \/>\n<input type=\"hidden\" name=\"_wpcf7_locale\" value=\"en_US\" \/>\n<input type=\"hidden\" name=\"_wpcf7_unit_tag\" value=\"wpcf7-f1550-o1\" \/>\n<input type=\"hidden\" name=\"_wpcf7_container_post\" value=\"0\" \/>\n<input type=\"hidden\" name=\"_wpcf7_posted_data_hash\" value=\"\" \/>\n<\/div>\n<div class=\"column one-second\">\n\t<p><span class=\"wpcf7-form-control-wrap\" data-name=\"your-name\"><input size=\"40\" class=\"wpcf7-form-control wpcf7-text wpcf7-validates-as-required\" aria-required=\"true\" aria-invalid=\"false\" placeholder=\"Ihr Name\" value=\"\" type=\"text\" name=\"your-name\" \/><\/span>\n\t<\/p>\n<\/div>\n<div class=\"column one-second\">\n\t<p><span class=\"wpcf7-form-control-wrap\" data-name=\"your-email\"><input size=\"40\" class=\"wpcf7-form-control wpcf7-email wpcf7-validates-as-required wpcf7-text wpcf7-validates-as-email\" aria-required=\"true\" aria-invalid=\"false\" placeholder=\"Ihre E-Mail-Adresse\" value=\"\" type=\"email\" name=\"your-email\" \/><\/span>\n\t<\/p>\n<\/div>\n<div class=\"column one\">\n\t<p><span class=\"wpcf7-form-control-wrap\" data-name=\"your-subject\"><input size=\"40\" class=\"wpcf7-form-control wpcf7-text\" aria-invalid=\"false\" placeholder=\"Thema\" value=\"\" type=\"text\" name=\"your-subject\" \/><\/span>\n\t<\/p>\n<\/div>\n<div class=\"column one\">\n\t<p><span class=\"wpcf7-form-control-wrap\" data-name=\"your-message\"><textarea cols=\"40\" rows=\"6\" class=\"wpcf7-form-control wpcf7-textarea\" aria-invalid=\"false\" placeholder=\"Ihre Nachricht\" name=\"your-message\"><\/textarea><\/span>\n\t<\/p>\n<\/div>\n<div class=\"column one\">\n\t<p><input class=\"wpcf7-form-control wpcf7-submit has-spinner\" type=\"submit\" value=\"SENDEN\" \/>\n\t<\/p>\n<\/div><p style=\"display: none !important;\"><label>&#916;<textarea name=\"_wpcf7_ak_hp_textarea\" cols=\"45\" rows=\"8\" maxlength=\"100\"><\/textarea><\/label><input type=\"hidden\" id=\"ak_js_1\" name=\"_wpcf7_ak_js\" value=\"117\"\/><script>document.getElementById( \"ak_js_1\" ).setAttribute( \"value\", ( new Date() ).getTime() );<\/script><\/p><div class=\"wpcf7-response-output\" aria-hidden=\"true\"><\/div>\n<\/form>\n<\/div>\n[\/vc_column][\/vc_row][vc_row][vc_column][vc_empty_space][\/vc_column][\/vc_row]<\/p>\n<\/section>","protected":false},"excerpt":{"rendered":"<p>[vc_row css=&#8220;.vc_custom_1495449399028{padding-top: 40px !important;}&#8220;][vc_column width=&#8220;1\/2&#8243;][vc_gallery interval=&#8220;3&#8243; images=&#8220;667,666,668,592&#8243; img_size=&#8220;640 \u00d7 480&#8243; onclick=&#8220;&#8220;][\/vc_column][vc_column width=&#8220;1\/2&#8243;][vc_column_text]Gerne unterbreiten wir Mitgliedern der Musikindustrie, Kunsthandwerkern, Importeuren und Lieferanten, sowie Privatpersonen unsere Kostenvoranschl\u00e4ge. Privatpersonen<span class=\"excerpt-hellip\"> [\u2026]<\/span><\/p>\n","protected":false},"author":4,"featured_media":0,"parent":0,"menu_order":0,"comment_status":"closed","ping_status":"closed","template":"","meta":{"_themeisle_gutenberg_block_has_review":false,"footnotes":""},"yoast_head":"<!-- This site is optimized with the Yoast SEO plugin v21.5 - https:\/\/yoast.com\/wordpress\/plugins\/seo\/ -->\n<title>KOSTENVORANSCHLAG - Prosono international<\/title>\n<meta name=\"description\" content=\"ProSono erstellt Angebote f\u00fcr Mitglieder der Musikindustrie, Handwerker, Importeure, Landvertreter, sowie Privatpersonen.\" \/>\n<meta name=\"robots\" content=\"noindex, follow, max-snippet:-1, max-image-preview:large, max-video-preview:-1\" \/>\n<meta property=\"og:locale\" content=\"de_DE\" \/>\n<meta property=\"og:type\" content=\"article\" \/>\n<meta property=\"og:title\" content=\"KOSTENVORANSCHLAG - Prosono international\" \/>\n<meta property=\"og:description\" content=\"ProSono erstellt Angebote f\u00fcr Mitglieder der Musikindustrie, Handwerker, Importeure, Landvertreter, sowie Privatpersonen.\" \/>\n<meta property=\"og:url\" content=\"https:\/\/dev2.prosono-hardwoods.com\/de\/kostenvoranschlag\/\" \/>\n<meta property=\"og:site_name\" content=\"Prosono international\" \/>\n<meta property=\"article:modified_time\" content=\"2022-09-01T06:33:09+00:00\" \/>\n<meta name=\"twitter:card\" content=\"summary_large_image\" \/>\n<meta name=\"twitter:label1\" content=\"Gesch\u00e4tzte Lesezeit\" \/>\n\t<meta name=\"twitter:data1\" content=\"2\u00a0Minuten\" \/>\n<script type=\"application\/ld+json\" class=\"yoast-schema-graph\">{\"@context\":\"https:\/\/schema.org\",\"@graph\":[{\"@type\":\"WebPage\",\"@id\":\"https:\/\/dev2.prosono-hardwoods.com\/de\/kostenvoranschlag\/\",\"url\":\"https:\/\/dev2.prosono-hardwoods.com\/de\/kostenvoranschlag\/\",\"name\":\"KOSTENVORANSCHLAG - Prosono international\",\"isPartOf\":{\"@id\":\"https:\/\/dev2.prosono-hardwoods.com\/#website\"},\"datePublished\":\"2017-08-20T16:03:44+00:00\",\"dateModified\":\"2022-09-01T06:33:09+00:00\",\"description\":\"ProSono erstellt Angebote f\u00fcr Mitglieder der Musikindustrie, Handwerker, Importeure, Landvertreter, sowie Privatpersonen.\",\"breadcrumb\":{\"@id\":\"https:\/\/dev2.prosono-hardwoods.com\/de\/kostenvoranschlag\/#breadcrumb\"},\"inLanguage\":\"de\",\"potentialAction\":[{\"@type\":\"ReadAction\",\"target\":[\"https:\/\/dev2.prosono-hardwoods.com\/de\/kostenvoranschlag\/\"]}]},{\"@type\":\"BreadcrumbList\",\"@id\":\"https:\/\/dev2.prosono-hardwoods.com\/de\/kostenvoranschlag\/#breadcrumb\",\"itemListElement\":[{\"@type\":\"ListItem\",\"position\":1,\"name\":\"Accueil\",\"item\":\"https:\/\/dev2.prosono-hardwoods.com\/\"},{\"@type\":\"ListItem\",\"position\":2,\"name\":\"KOSTENVORANSCHLAG\"}]},{\"@type\":\"WebSite\",\"@id\":\"https:\/\/dev2.prosono-hardwoods.com\/#website\",\"url\":\"https:\/\/dev2.prosono-hardwoods.com\/\",\"name\":\"Prosono international\",\"description\":\"\",\"publisher\":{\"@id\":\"https:\/\/dev2.prosono-hardwoods.com\/#organization\"},\"potentialAction\":[{\"@type\":\"SearchAction\",\"target\":{\"@type\":\"EntryPoint\",\"urlTemplate\":\"https:\/\/dev2.prosono-hardwoods.com\/?s={search_term_string}\"},\"query-input\":\"required name=search_term_string\"}],\"inLanguage\":\"de\"},{\"@type\":\"Organization\",\"@id\":\"https:\/\/dev2.prosono-hardwoods.com\/#organization\",\"name\":\"Prosono Hardwoods International\",\"url\":\"https:\/\/dev2.prosono-hardwoods.com\/\",\"logo\":{\"@type\":\"ImageObject\",\"inLanguage\":\"de\",\"@id\":\"https:\/\/dev2.prosono-hardwoods.com\/#\/schema\/logo\/image\/\",\"url\":\"https:\/\/dev2.prosono-hardwoods.com\/wp-content\/uploads\/2020\/08\/prosono-logo@2x.png\",\"contentUrl\":\"https:\/\/dev2.prosono-hardwoods.com\/wp-content\/uploads\/2020\/08\/prosono-logo@2x.png\",\"width\":404,\"height\":90,\"caption\":\"Prosono Hardwoods International\"},\"image\":{\"@id\":\"https:\/\/dev2.prosono-hardwoods.com\/#\/schema\/logo\/image\/\"}}]}<\/script>\n<!-- \/ Yoast SEO plugin. -->","yoast_head_json":{"title":"KOSTENVORANSCHLAG - Prosono international","description":"ProSono erstellt Angebote f\u00fcr Mitglieder der Musikindustrie, Handwerker, Importeure, Landvertreter, sowie Privatpersonen.","robots":{"index":"noindex","follow":"follow","max-snippet":"max-snippet:-1","max-image-preview":"max-image-preview:large","max-video-preview":"max-video-preview:-1"},"og_locale":"de_DE","og_type":"article","og_title":"KOSTENVORANSCHLAG - Prosono international","og_description":"ProSono erstellt Angebote f\u00fcr Mitglieder der Musikindustrie, Handwerker, Importeure, Landvertreter, sowie Privatpersonen.","og_url":"https:\/\/dev2.prosono-hardwoods.com\/de\/kostenvoranschlag\/","og_site_name":"Prosono international","article_modified_time":"2022-09-01T06:33:09+00:00","twitter_card":"summary_large_image","twitter_misc":{"Gesch\u00e4tzte Lesezeit":"2\u00a0Minuten"},"schema":{"@context":"https:\/\/schema.org","@graph":[{"@type":"WebPage","@id":"https:\/\/dev2.prosono-hardwoods.com\/de\/kostenvoranschlag\/","url":"https:\/\/dev2.prosono-hardwoods.com\/de\/kostenvoranschlag\/","name":"KOSTENVORANSCHLAG - Prosono international","isPartOf":{"@id":"https:\/\/dev2.prosono-hardwoods.com\/#website"},"datePublished":"2017-08-20T16:03:44+00:00","dateModified":"2022-09-01T06:33:09+00:00","description":"ProSono erstellt Angebote f\u00fcr Mitglieder der Musikindustrie, Handwerker, Importeure, Landvertreter, sowie Privatpersonen.","breadcrumb":{"@id":"https:\/\/dev2.prosono-hardwoods.com\/de\/kostenvoranschlag\/#breadcrumb"},"inLanguage":"de","potentialAction":[{"@type":"ReadAction","target":["https:\/\/dev2.prosono-hardwoods.com\/de\/kostenvoranschlag\/"]}]},{"@type":"BreadcrumbList","@id":"https:\/\/dev2.prosono-hardwoods.com\/de\/kostenvoranschlag\/#breadcrumb","itemListElement":[{"@type":"ListItem","position":1,"name":"Accueil","item":"https:\/\/dev2.prosono-hardwoods.com\/"},{"@type":"ListItem","position":2,"name":"KOSTENVORANSCHLAG"}]},{"@type":"WebSite","@id":"https:\/\/dev2.prosono-hardwoods.com\/#website","url":"https:\/\/dev2.prosono-hardwoods.com\/","name":"Prosono international","description":"","publisher":{"@id":"https:\/\/dev2.prosono-hardwoods.com\/#organization"},"potentialAction":[{"@type":"SearchAction","target":{"@type":"EntryPoint","urlTemplate":"https:\/\/dev2.prosono-hardwoods.com\/?s={search_term_string}"},"query-input":"required name=search_term_string"}],"inLanguage":"de"},{"@type":"Organization","@id":"https:\/\/dev2.prosono-hardwoods.com\/#organization","name":"Prosono Hardwoods International","url":"https:\/\/dev2.prosono-hardwoods.com\/","logo":{"@type":"ImageObject","inLanguage":"de","@id":"https:\/\/dev2.prosono-hardwoods.com\/#\/schema\/logo\/image\/","url":"https:\/\/dev2.prosono-hardwoods.com\/wp-content\/uploads\/2020\/08\/prosono-logo@2x.png","contentUrl":"https:\/\/dev2.prosono-hardwoods.com\/wp-content\/uploads\/2020\/08\/prosono-logo@2x.png","width":404,"height":90,"caption":"Prosono Hardwoods International"},"image":{"@id":"https:\/\/dev2.prosono-hardwoods.com\/#\/schema\/logo\/image\/"}}]}},"_links":{"self":[{"href":"https:\/\/dev2.prosono-hardwoods.com\/de\/wp-json\/wp\/v2\/pages\/1548"}],"collection":[{"href":"https:\/\/dev2.prosono-hardwoods.com\/de\/wp-json\/wp\/v2\/pages"}],"about":[{"href":"https:\/\/dev2.prosono-hardwoods.com\/de\/wp-json\/wp\/v2\/types\/page"}],"author":[{"embeddable":true,"href":"https:\/\/dev2.prosono-hardwoods.com\/de\/wp-json\/wp\/v2\/users\/4"}],"replies":[{"embeddable":true,"href":"https:\/\/dev2.prosono-hardwoods.com\/de\/wp-json\/wp\/v2\/comments?post=1548"}],"version-history":[{"count":7,"href":"https:\/\/dev2.prosono-hardwoods.com\/de\/wp-json\/wp\/v2\/pages\/1548\/revisions"}],"predecessor-version":[{"id":11824,"href":"https:\/\/dev2.prosono-hardwoods.com\/de\/wp-json\/wp\/v2\/pages\/1548\/revisions\/11824"}],"wp:attachment":[{"href":"https:\/\/dev2.prosono-hardwoods.com\/de\/wp-json\/wp\/v2\/media?parent=1548"}],"curies":[{"name":"wp","href":"https:\/\/api.w.org\/{rel}","templated":true}]}}