{"id":1554,"date":"2016-01-26T11:18:13","date_gmt":"2016-01-26T11:18:13","guid":{"rendered":"https:\/\/dev2.prosono-hardwoods.com\/contact\/"},"modified":"2022-09-13T12:32:03","modified_gmt":"2022-09-13T10:32:03","slug":"kontakt","status":"publish","type":"page","link":"https:\/\/dev2.prosono-hardwoods.com\/de\/kontakt\/","title":{"rendered":"Kontakt"},"content":{"rendered":"","protected":false},"excerpt":{"rendered":"","protected":false},"author":4,"featured_media":0,"parent":0,"menu_order":0,"comment_status":"closed","ping_status":"closed","template":"","meta":{"_themeisle_gutenberg_block_has_review":false,"footnotes":""},"yoast_head":"<!-- This site is optimized with the Yoast SEO plugin v21.5 - https:\/\/yoast.com\/wordpress\/plugins\/seo\/ -->\n<title>Kontakt - Prosono international<\/title>\n<meta name=\"description\" content=\"Wir sprechen Deutsch, z\u00f6gern Sie nicht, uns \u00fcber WhatsApp, SKYPE oder per E-Mail zu kontaktieren, entweder \u00fcber das Kontaktformular oder ohne ein anderes.\" \/>\n<meta name=\"robots\" content=\"noindex, follow, max-snippet:-1, max-image-preview:large, max-video-preview:-1\" \/>\n<meta property=\"og:locale\" content=\"de_DE\" \/>\n<meta property=\"og:type\" content=\"article\" \/>\n<meta property=\"og:title\" content=\"Kontakt - Prosono international\" \/>\n<meta property=\"og:description\" content=\"Wir sprechen Deutsch, z\u00f6gern Sie nicht, uns \u00fcber WhatsApp, SKYPE oder per E-Mail zu kontaktieren, entweder \u00fcber das Kontaktformular oder ohne ein anderes.\" \/>\n<meta property=\"og:url\" content=\"https:\/\/dev2.prosono-hardwoods.com\/de\/kontakt\/\" \/>\n<meta property=\"og:site_name\" content=\"Prosono international\" \/>\n<meta property=\"article:modified_time\" content=\"2022-09-13T10:32:03+00:00\" \/>\n<meta name=\"twitter:card\" content=\"summary_large_image\" \/>\n<script type=\"application\/ld+json\" class=\"yoast-schema-graph\">{\"@context\":\"https:\/\/schema.org\",\"@graph\":[{\"@type\":\"WebPage\",\"@id\":\"https:\/\/dev2.prosono-hardwoods.com\/de\/kontakt\/\",\"url\":\"https:\/\/dev2.prosono-hardwoods.com\/de\/kontakt\/\",\"name\":\"Kontakt - Prosono international\",\"isPartOf\":{\"@id\":\"https:\/\/dev2.prosono-hardwoods.com\/#website\"},\"datePublished\":\"2016-01-26T11:18:13+00:00\",\"dateModified\":\"2022-09-13T10:32:03+00:00\",\"description\":\"Wir sprechen Deutsch, z\u00f6gern Sie nicht, uns \u00fcber WhatsApp, SKYPE oder per E-Mail zu kontaktieren, entweder \u00fcber das Kontaktformular oder ohne ein anderes.\",\"breadcrumb\":{\"@id\":\"https:\/\/dev2.prosono-hardwoods.com\/de\/kontakt\/#breadcrumb\"},\"inLanguage\":\"de\",\"potentialAction\":[{\"@type\":\"ReadAction\",\"target\":[\"https:\/\/dev2.prosono-hardwoods.com\/de\/kontakt\/\"]}]},{\"@type\":\"BreadcrumbList\",\"@id\":\"https:\/\/dev2.prosono-hardwoods.com\/de\/kontakt\/#breadcrumb\",\"itemListElement\":[{\"@type\":\"ListItem\",\"position\":1,\"name\":\"Accueil\",\"item\":\"https:\/\/dev2.prosono-hardwoods.com\/\"},{\"@type\":\"ListItem\",\"position\":2,\"name\":\"Kontakt\"}]},{\"@type\":\"WebSite\",\"@id\":\"https:\/\/dev2.prosono-hardwoods.com\/#website\",\"url\":\"https:\/\/dev2.prosono-hardwoods.com\/\",\"name\":\"Prosono international\",\"description\":\"\",\"publisher\":{\"@id\":\"https:\/\/dev2.prosono-hardwoods.com\/#organization\"},\"potentialAction\":[{\"@type\":\"SearchAction\",\"target\":{\"@type\":\"EntryPoint\",\"urlTemplate\":\"https:\/\/dev2.prosono-hardwoods.com\/?s={search_term_string}\"},\"query-input\":\"required name=search_term_string\"}],\"inLanguage\":\"de\"},{\"@type\":\"Organization\",\"@id\":\"https:\/\/dev2.prosono-hardwoods.com\/#organization\",\"name\":\"Prosono Hardwoods International\",\"url\":\"https:\/\/dev2.prosono-hardwoods.com\/\",\"logo\":{\"@type\":\"ImageObject\",\"inLanguage\":\"de\",\"@id\":\"https:\/\/dev2.prosono-hardwoods.com\/#\/schema\/logo\/image\/\",\"url\":\"https:\/\/dev2.prosono-hardwoods.com\/wp-content\/uploads\/2020\/08\/prosono-logo@2x.png\",\"contentUrl\":\"https:\/\/dev2.prosono-hardwoods.com\/wp-content\/uploads\/2020\/08\/prosono-logo@2x.png\",\"width\":404,\"height\":90,\"caption\":\"Prosono Hardwoods International\"},\"image\":{\"@id\":\"https:\/\/dev2.prosono-hardwoods.com\/#\/schema\/logo\/image\/\"}}]}<\/script>\n<!-- \/ Yoast SEO plugin. -->","yoast_head_json":{"title":"Kontakt - Prosono international","description":"Wir sprechen Deutsch, z\u00f6gern Sie nicht, uns \u00fcber WhatsApp, SKYPE oder per E-Mail zu kontaktieren, entweder \u00fcber das Kontaktformular oder ohne ein anderes.","robots":{"index":"noindex","follow":"follow","max-snippet":"max-snippet:-1","max-image-preview":"max-image-preview:large","max-video-preview":"max-video-preview:-1"},"og_locale":"de_DE","og_type":"article","og_title":"Kontakt - Prosono international","og_description":"Wir sprechen Deutsch, z\u00f6gern Sie nicht, uns \u00fcber WhatsApp, SKYPE oder per E-Mail zu kontaktieren, entweder \u00fcber das Kontaktformular oder ohne ein anderes.","og_url":"https:\/\/dev2.prosono-hardwoods.com\/de\/kontakt\/","og_site_name":"Prosono international","article_modified_time":"2022-09-13T10:32:03+00:00","twitter_card":"summary_large_image","schema":{"@context":"https:\/\/schema.org","@graph":[{"@type":"WebPage","@id":"https:\/\/dev2.prosono-hardwoods.com\/de\/kontakt\/","url":"https:\/\/dev2.prosono-hardwoods.com\/de\/kontakt\/","name":"Kontakt - Prosono international","isPartOf":{"@id":"https:\/\/dev2.prosono-hardwoods.com\/#website"},"datePublished":"2016-01-26T11:18:13+00:00","dateModified":"2022-09-13T10:32:03+00:00","description":"Wir sprechen Deutsch, z\u00f6gern Sie nicht, uns \u00fcber WhatsApp, SKYPE oder per E-Mail zu kontaktieren, entweder \u00fcber das Kontaktformular oder ohne ein anderes.","breadcrumb":{"@id":"https:\/\/dev2.prosono-hardwoods.com\/de\/kontakt\/#breadcrumb"},"inLanguage":"de","potentialAction":[{"@type":"ReadAction","target":["https:\/\/dev2.prosono-hardwoods.com\/de\/kontakt\/"]}]},{"@type":"BreadcrumbList","@id":"https:\/\/dev2.prosono-hardwoods.com\/de\/kontakt\/#breadcrumb","itemListElement":[{"@type":"ListItem","position":1,"name":"Accueil","item":"https:\/\/dev2.prosono-hardwoods.com\/"},{"@type":"ListItem","position":2,"name":"Kontakt"}]},{"@type":"WebSite","@id":"https:\/\/dev2.prosono-hardwoods.com\/#website","url":"https:\/\/dev2.prosono-hardwoods.com\/","name":"Prosono international","description":"","publisher":{"@id":"https:\/\/dev2.prosono-hardwoods.com\/#organization"},"potentialAction":[{"@type":"SearchAction","target":{"@type":"EntryPoint","urlTemplate":"https:\/\/dev2.prosono-hardwoods.com\/?s={search_term_string}"},"query-input":"required name=search_term_string"}],"inLanguage":"de"},{"@type":"Organization","@id":"https:\/\/dev2.prosono-hardwoods.com\/#organization","name":"Prosono Hardwoods International","url":"https:\/\/dev2.prosono-hardwoods.com\/","logo":{"@type":"ImageObject","inLanguage":"de","@id":"https:\/\/dev2.prosono-hardwoods.com\/#\/schema\/logo\/image\/","url":"https:\/\/dev2.prosono-hardwoods.com\/wp-content\/uploads\/2020\/08\/prosono-logo@2x.png","contentUrl":"https:\/\/dev2.prosono-hardwoods.com\/wp-content\/uploads\/2020\/08\/prosono-logo@2x.png","width":404,"height":90,"caption":"Prosono Hardwoods International"},"image":{"@id":"https:\/\/dev2.prosono-hardwoods.com\/#\/schema\/logo\/image\/"}}]}},"_links":{"self":[{"href":"https:\/\/dev2.prosono-hardwoods.com\/de\/wp-json\/wp\/v2\/pages\/1554"}],"collection":[{"href":"https:\/\/dev2.prosono-hardwoods.com\/de\/wp-json\/wp\/v2\/pages"}],"about":[{"href":"https:\/\/dev2.prosono-hardwoods.com\/de\/wp-json\/wp\/v2\/types\/page"}],"author":[{"embeddable":true,"href":"https:\/\/dev2.prosono-hardwoods.com\/de\/wp-json\/wp\/v2\/users\/4"}],"replies":[{"embeddable":true,"href":"https:\/\/dev2.prosono-hardwoods.com\/de\/wp-json\/wp\/v2\/comments?post=1554"}],"version-history":[{"count":1,"href":"https:\/\/dev2.prosono-hardwoods.com\/de\/wp-json\/wp\/v2\/pages\/1554\/revisions"}],"predecessor-version":[{"id":1555,"href":"https:\/\/dev2.prosono-hardwoods.com\/de\/wp-json\/wp\/v2\/pages\/1554\/revisions\/1555"}],"wp:attachment":[{"href":"https:\/\/dev2.prosono-hardwoods.com\/de\/wp-json\/wp\/v2\/media?parent=1554"}],"curies":[{"name":"wp","href":"https:\/\/api.w.org\/{rel}","templated":true}]}}