{"id":1559,"date":"2017-02-22T19:46:41","date_gmt":"2017-02-22T18:46:41","guid":{"rendered":"https:\/\/dev2.prosono-hardwoods.com\/faq-haufig-gestellte-fragen\/"},"modified":"2022-09-13T12:49:33","modified_gmt":"2022-09-13T10:49:33","slug":"faq","status":"publish","type":"page","link":"https:\/\/dev2.prosono-hardwoods.com\/de\/faq\/","title":{"rendered":"FAQ"},"content":{"rendered":"","protected":false},"excerpt":{"rendered":"","protected":false},"author":4,"featured_media":0,"parent":0,"menu_order":0,"comment_status":"closed","ping_status":"closed","template":"","meta":{"_themeisle_gutenberg_block_has_review":false,"footnotes":""},"yoast_head":"<!-- This site is optimized with the Yoast SEO plugin v21.5 - https:\/\/yoast.com\/wordpress\/plugins\/seo\/ -->\n<title>FAQ - Prosono international<\/title>\n<meta name=\"description\" content=\"F\u00fcr Ihre Fragen z\u00f6gern Sie nicht, uns zu kontaktieren. Finden Sie auf unserer Seite heraus, mit wem Sie sprechen k\u00f6nnen. H\u00e4ufig gestellte Fragen.\" \/>\n<meta name=\"robots\" content=\"noindex, follow, max-snippet:-1, max-image-preview:large, max-video-preview:-1\" \/>\n<meta property=\"og:locale\" content=\"de_DE\" \/>\n<meta property=\"og:type\" content=\"article\" \/>\n<meta property=\"og:title\" content=\"FAQ - Prosono international\" \/>\n<meta property=\"og:description\" content=\"F\u00fcr Ihre Fragen z\u00f6gern Sie nicht, uns zu kontaktieren. Finden Sie auf unserer Seite heraus, mit wem Sie sprechen k\u00f6nnen. H\u00e4ufig gestellte Fragen.\" \/>\n<meta property=\"og:url\" content=\"https:\/\/dev2.prosono-hardwoods.com\/de\/faq\/\" \/>\n<meta property=\"og:site_name\" content=\"Prosono international\" \/>\n<meta property=\"article:modified_time\" content=\"2022-09-13T10:49:33+00:00\" \/>\n<meta name=\"twitter:card\" content=\"summary_large_image\" \/>\n<script type=\"application\/ld+json\" class=\"yoast-schema-graph\">{\"@context\":\"https:\/\/schema.org\",\"@graph\":[{\"@type\":\"WebPage\",\"@id\":\"https:\/\/dev2.prosono-hardwoods.com\/de\/faq\/\",\"url\":\"https:\/\/dev2.prosono-hardwoods.com\/de\/faq\/\",\"name\":\"FAQ - Prosono international\",\"isPartOf\":{\"@id\":\"https:\/\/dev2.prosono-hardwoods.com\/#website\"},\"datePublished\":\"2017-02-22T18:46:41+00:00\",\"dateModified\":\"2022-09-13T10:49:33+00:00\",\"description\":\"F\u00fcr Ihre Fragen z\u00f6gern Sie nicht, uns zu kontaktieren. Finden Sie auf unserer Seite heraus, mit wem Sie sprechen k\u00f6nnen. H\u00e4ufig gestellte Fragen.\",\"breadcrumb\":{\"@id\":\"https:\/\/dev2.prosono-hardwoods.com\/de\/faq\/#breadcrumb\"},\"inLanguage\":\"de\",\"potentialAction\":[{\"@type\":\"ReadAction\",\"target\":[\"https:\/\/dev2.prosono-hardwoods.com\/de\/faq\/\"]}]},{\"@type\":\"BreadcrumbList\",\"@id\":\"https:\/\/dev2.prosono-hardwoods.com\/de\/faq\/#breadcrumb\",\"itemListElement\":[{\"@type\":\"ListItem\",\"position\":1,\"name\":\"Accueil\",\"item\":\"https:\/\/dev2.prosono-hardwoods.com\/\"},{\"@type\":\"ListItem\",\"position\":2,\"name\":\"FAQ\"}]},{\"@type\":\"WebSite\",\"@id\":\"https:\/\/dev2.prosono-hardwoods.com\/#website\",\"url\":\"https:\/\/dev2.prosono-hardwoods.com\/\",\"name\":\"Prosono international\",\"description\":\"\",\"publisher\":{\"@id\":\"https:\/\/dev2.prosono-hardwoods.com\/#organization\"},\"potentialAction\":[{\"@type\":\"SearchAction\",\"target\":{\"@type\":\"EntryPoint\",\"urlTemplate\":\"https:\/\/dev2.prosono-hardwoods.com\/?s={search_term_string}\"},\"query-input\":\"required name=search_term_string\"}],\"inLanguage\":\"de\"},{\"@type\":\"Organization\",\"@id\":\"https:\/\/dev2.prosono-hardwoods.com\/#organization\",\"name\":\"Prosono Hardwoods International\",\"url\":\"https:\/\/dev2.prosono-hardwoods.com\/\",\"logo\":{\"@type\":\"ImageObject\",\"inLanguage\":\"de\",\"@id\":\"https:\/\/dev2.prosono-hardwoods.com\/#\/schema\/logo\/image\/\",\"url\":\"https:\/\/dev2.prosono-hardwoods.com\/wp-content\/uploads\/2020\/08\/prosono-logo@2x.png\",\"contentUrl\":\"https:\/\/dev2.prosono-hardwoods.com\/wp-content\/uploads\/2020\/08\/prosono-logo@2x.png\",\"width\":404,\"height\":90,\"caption\":\"Prosono Hardwoods International\"},\"image\":{\"@id\":\"https:\/\/dev2.prosono-hardwoods.com\/#\/schema\/logo\/image\/\"}}]}<\/script>\n<!-- \/ Yoast SEO plugin. -->","yoast_head_json":{"title":"FAQ - Prosono international","description":"F\u00fcr Ihre Fragen z\u00f6gern Sie nicht, uns zu kontaktieren. Finden Sie auf unserer Seite heraus, mit wem Sie sprechen k\u00f6nnen. H\u00e4ufig gestellte Fragen.","robots":{"index":"noindex","follow":"follow","max-snippet":"max-snippet:-1","max-image-preview":"max-image-preview:large","max-video-preview":"max-video-preview:-1"},"og_locale":"de_DE","og_type":"article","og_title":"FAQ - Prosono international","og_description":"F\u00fcr Ihre Fragen z\u00f6gern Sie nicht, uns zu kontaktieren. Finden Sie auf unserer Seite heraus, mit wem Sie sprechen k\u00f6nnen. H\u00e4ufig gestellte Fragen.","og_url":"https:\/\/dev2.prosono-hardwoods.com\/de\/faq\/","og_site_name":"Prosono international","article_modified_time":"2022-09-13T10:49:33+00:00","twitter_card":"summary_large_image","schema":{"@context":"https:\/\/schema.org","@graph":[{"@type":"WebPage","@id":"https:\/\/dev2.prosono-hardwoods.com\/de\/faq\/","url":"https:\/\/dev2.prosono-hardwoods.com\/de\/faq\/","name":"FAQ - Prosono international","isPartOf":{"@id":"https:\/\/dev2.prosono-hardwoods.com\/#website"},"datePublished":"2017-02-22T18:46:41+00:00","dateModified":"2022-09-13T10:49:33+00:00","description":"F\u00fcr Ihre Fragen z\u00f6gern Sie nicht, uns zu kontaktieren. Finden Sie auf unserer Seite heraus, mit wem Sie sprechen k\u00f6nnen. H\u00e4ufig gestellte Fragen.","breadcrumb":{"@id":"https:\/\/dev2.prosono-hardwoods.com\/de\/faq\/#breadcrumb"},"inLanguage":"de","potentialAction":[{"@type":"ReadAction","target":["https:\/\/dev2.prosono-hardwoods.com\/de\/faq\/"]}]},{"@type":"BreadcrumbList","@id":"https:\/\/dev2.prosono-hardwoods.com\/de\/faq\/#breadcrumb","itemListElement":[{"@type":"ListItem","position":1,"name":"Accueil","item":"https:\/\/dev2.prosono-hardwoods.com\/"},{"@type":"ListItem","position":2,"name":"FAQ"}]},{"@type":"WebSite","@id":"https:\/\/dev2.prosono-hardwoods.com\/#website","url":"https:\/\/dev2.prosono-hardwoods.com\/","name":"Prosono international","description":"","publisher":{"@id":"https:\/\/dev2.prosono-hardwoods.com\/#organization"},"potentialAction":[{"@type":"SearchAction","target":{"@type":"EntryPoint","urlTemplate":"https:\/\/dev2.prosono-hardwoods.com\/?s={search_term_string}"},"query-input":"required name=search_term_string"}],"inLanguage":"de"},{"@type":"Organization","@id":"https:\/\/dev2.prosono-hardwoods.com\/#organization","name":"Prosono Hardwoods International","url":"https:\/\/dev2.prosono-hardwoods.com\/","logo":{"@type":"ImageObject","inLanguage":"de","@id":"https:\/\/dev2.prosono-hardwoods.com\/#\/schema\/logo\/image\/","url":"https:\/\/dev2.prosono-hardwoods.com\/wp-content\/uploads\/2020\/08\/prosono-logo@2x.png","contentUrl":"https:\/\/dev2.prosono-hardwoods.com\/wp-content\/uploads\/2020\/08\/prosono-logo@2x.png","width":404,"height":90,"caption":"Prosono Hardwoods International"},"image":{"@id":"https:\/\/dev2.prosono-hardwoods.com\/#\/schema\/logo\/image\/"}}]}},"_links":{"self":[{"href":"https:\/\/dev2.prosono-hardwoods.com\/de\/wp-json\/wp\/v2\/pages\/1559"}],"collection":[{"href":"https:\/\/dev2.prosono-hardwoods.com\/de\/wp-json\/wp\/v2\/pages"}],"about":[{"href":"https:\/\/dev2.prosono-hardwoods.com\/de\/wp-json\/wp\/v2\/types\/page"}],"author":[{"embeddable":true,"href":"https:\/\/dev2.prosono-hardwoods.com\/de\/wp-json\/wp\/v2\/users\/4"}],"replies":[{"embeddable":true,"href":"https:\/\/dev2.prosono-hardwoods.com\/de\/wp-json\/wp\/v2\/comments?post=1559"}],"version-history":[{"count":1,"href":"https:\/\/dev2.prosono-hardwoods.com\/de\/wp-json\/wp\/v2\/pages\/1559\/revisions"}],"predecessor-version":[{"id":1560,"href":"https:\/\/dev2.prosono-hardwoods.com\/de\/wp-json\/wp\/v2\/pages\/1559\/revisions\/1560"}],"wp:attachment":[{"href":"https:\/\/dev2.prosono-hardwoods.com\/de\/wp-json\/wp\/v2\/media?parent=1559"}],"curies":[{"name":"wp","href":"https:\/\/api.w.org\/{rel}","templated":true}]}}