{"id":1563,"date":"2017-08-20T17:09:39","date_gmt":"2017-08-20T15:09:39","guid":{"rendered":"https:\/\/dev2.prosono-hardwoods.com\/nos-prestations\/"},"modified":"2022-05-24T08:37:31","modified_gmt":"2022-05-24T06:37:31","slug":"wofuer-wir-stehen","status":"publish","type":"page","link":"https:\/\/dev2.prosono-hardwoods.com\/de\/ueber-uns\/wofuer-wir-stehen\/","title":{"rendered":"WOF\u00dcR WIR STEHEN"},"content":{"rendered":"<section class=\"wpb-content-wrapper\"><p>[vc_row][vc_column][vc_single_image image=&#8220;7509&#8243; img_size=&#8220;full&#8220; alignment=&#8220;right&#8220; style=&#8220;vc_box_shadow_3d&#8220;][\/vc_column][\/vc_row][vc_row gap=&#8220;20&#8243; css=&#8220;.vc_custom_1626773006245{margin-top: 0px !important;margin-right: 0px !important;margin-left: 0px !important;border-top-width: 0px !important;border-left-width: 4px !important;padding-top: 0px !important;padding-right: 0px !important;padding-left: 10px !important;border-left-color: #ae3307 !important;border-left-style: dotted !important;border-top-color: #ae3307 !important;border-top-style: dotted !important;}&#8220;][vc_column width=&#8220;2\/3&#8243; css=&#8220;.vc_custom_1599654008285{margin-top: 0px !important;margin-bottom: 0px !important;padding-top: 0px !important;padding-bottom: 0px !important;}&#8220;][vc_column_text css=&#8220;.vc_custom_1653294968456{margin-bottom: 0px !important;border-bottom-width: 0px !important;padding-right: 10px !important;padding-bottom: 0px !important;}&#8220;]Bei ProSono haben wir einen praktischen Ansatz und \u00fcbernehmen Verantwortung f\u00fcr:<\/p>\n<ul>\n<li>Nachhaltige Ernte und Schutz bedrohter Arten<\/li>\n<li>Verarbeitung zum Nutzen <a href=\"#lokaler\">lokaler Gemeinschaften<\/a><\/li>\n<li>Die <a href=\"#Qualitat\">Qualit\u00e4t<\/a> der von uns gelieferten Harth\u00f6lzer<\/li>\n<li>Wettbewerbsf\u00e4hige <a href=\"#Preise\">Preise<\/a>.<\/li>\n<\/ul>\n<h2>Naturschutz und Nachhaltigkeit<\/h2>\n<p>ProSono engagiert sich f\u00fcr den Schutz der Hartholzressourcen im s\u00fcdlichen Afrika. Wir halten uns vollst\u00e4ndig an die <a href=\"https:\/\/dev2.prosono-hardwoods.com\/de\/zertifizierung-cites\/\">CITES<\/a>-Grunds\u00e4tze zum Schutz gef\u00e4hrdeter Arten.<\/p>\n<p>Wir kennen die Herkunft aller von uns verarbeiteten H\u00f6lzer und haben die notwendige Kontrolle der vollst\u00e4ndigen Lieferungskette. Unsere Lieferanten sind verpflichtet, uns aktuelle Schnittgenehmigungen f\u00fcr alle Arten vorzulegen. Wir bieten praktische Betreuung im Gel\u00e4nde. Wir f\u00f6rdern und unterst\u00fctzen auch Wiederbepflanzungsprogramme.<\/p>\n<p>Alle unsere Edelh\u00f6lzer ben\u00f6tigen Konzessionen und j\u00e4hrliche Erntegenehmigungen. Grenadil ist das einzige CITES-gelistete, das gef\u00e4hrdet ist. Genaueres bieten wir <a href=\"https:\/\/dev2.prosono-hardwoods.com\/de\/zertifizierung-cites\/\">hier <\/a>an. Bitte beachten Sie, dass unsere Lieferf\u00e4higkeit f\u00fcr dieses Hartholz zunehmend eingeschr\u00e4nkt ist.<\/p>\n<p>F\u00fcr Musikinstrumente und andere Anwendungen sind <a href=\"https:\/\/dev2.prosono-hardwoods.com\/de\/holzarten\/mopani-colophospermum-mopane\/\">Mopane<\/a> und <a href=\"https:\/\/dev2.prosono-hardwoods.com\/de\/holzarten\/bleiholz-combretum-imberbe\/\">Bleiholz<\/a> \u200b\u200b(das Elegantholz\u201c umbenannt haben) zwei hervorragende Alternativen zu Grenadil, die erfolgreich getestet und von einer wachsenden Zahl langj\u00e4hriger Kunden gekauft wurden, die sich dessen bewusst sind Bedeutung von Klang und botanischer Vielfalt.<\/p>\n<h2 id=\"lokaler\">Nutzen f\u00fcr lokale Gemeinschaften<\/h2>\n<p>ProSono exportiert kein Rundholz oder unverarbeitetes Holz. Wir werten die von uns gelieferten Edelh\u00f6lzer durch fachm\u00e4nnische Verarbeitung auf.<\/p>\n<p>Dies hilft uns, lokale Gemeinschaften <strong>durch die Schaffung von Arbeitspl\u00e4tzen, Ausbildung und sozio\u00f6konomische Entwicklung zu unterst\u00fctzen<\/strong>.<\/p>\n<h2 id=\"Qualitat\">Qualit\u00e4t<\/h2>\n<p>Wir sind stolz auf unseren sehr <a href=\"https:\/\/dev2.prosono-hardwoods.com\/de\/kunden\/qualitaetsverfahren\/\">strengen Qualit\u00e4tsprozess<\/a>. Das hat uns so viele positive <a href=\"https:\/\/dev2.prosono-hardwoods.com\/de\/ueber-uns\/empfehlungsschreiben\/\">Kundenbewertungen aus<\/a> der ganzen Welt eingebracht.<\/p>\n<p>Unsere Qualit\u00e4tskontrolle beginnt bei der Forstwirtschaft und nicht am Eingang unserer Fabrik. Unter Feldbedingungen sind die Anwesenheit vor Ort und die kontinuierliche \u00dcberwachung durch sachkundiges, geschultes und motiviertes Personal der einzige Weg, um konsistente Ergebnisse zu erzielen.<\/p>\n<p>Im Werk wird unser Herstellungsprozess analysiert, auf Ergebnisse \u00fcberpr\u00fcft und bei Bedarf modifiziert. Unsere Edelhoz-Rohlinge werden sorgf\u00e4ltig sortiert, bei der Lagerung auf Qualit\u00e4t gepr\u00fcft, fachm\u00e4nnisch getrocknet und beim Verpacken nochmals kontrolliert.<\/p>\n<p>Unser Verfahren zur Auswahl und Genehmigung von Teilen in Musikqualit\u00e4t ist besonders streng.<\/p>\n<p>Diese Teile werden sorgf\u00e4ltig ausgew\u00e4hlt, mindestens 12 Monate ruhen gelassen und vor dem Versand erneut auf 8 Kriterien* \u00fcberpr\u00fcft.<\/p>\n<p><em>*Gerade Maserung, kein Ast oder Vogelaugenast, kein Splintholz, kein Insektenstich, keine Verf\u00e4rbung, kein Schlitz oder Riss, korrekte Ma\u00dfe, Qualit\u00e4tswachs ohne Blasen.<\/em><\/p>\n<h2 id=\"Preise\">Preisgestaltung<\/h2>\n<p>Unsere N\u00e4he zu Hartholzressourcen und unsere industrielle Einrichtung in S\u00fcdafrika erm\u00f6glichen es uns, Hartholzteile und -S\u00e4tze zu erschwinglichen Preisen anzubieten.<\/p>\n<p>Anstatt unsere Preise zu maximieren, zielen wir darauf ab, <strong>Beziehungen zu entwickeln<\/strong>, die in Bezug auf Qualit\u00e4t, Zuverl\u00e4ssigkeit und Wertsch\u00f6pfung f\u00fcr beide Seiten vorteilhaft sind.<\/p>\n<p>Unsere Preise h\u00e4ngen von der Gr\u00f6\u00dfe und Zusammensetzung jeder Bestellung ab.<\/p>\n<p>Wir ber\u00fccksichtigen auch den aus einer Bestellung erzielten R\u00fcckgewinnungsprozentsatz. Infolgedessen sind die Edelholzpreise von ProSono am wettbewerbsf\u00e4higsten f\u00fcr Bestellungen, die eine Mischung aus kleinen, mittleren und gro\u00dfen Teilen (bzw. komplette S\u00e4tze) umfassen.[\/vc_column_text][\/vc_column][vc_column width=&#8220;1\/3&#8243; css=&#8220;.vc_custom_1626772854471{margin-top: 0px !important;margin-right: 0px !important;border-right-width: 0px !important;padding-top: 0px !important;padding-right: 0px !important;padding-bottom: -30px !important;padding-left: 20px !important;}&#8220; offset=&#8220;vc_hidden-xs&#8220;][vc_single_image image=&#8220;6768&#8243; img_size=&#8220;full&#8220; style=&#8220;vc_box_shadow_3d&#8220;][vc_single_image image=&#8220;6772&#8243; img_size=&#8220;full&#8220; style=&#8220;vc_box_shadow_3d&#8220; css=&#8220;.vc_custom_1626769254906{margin-top: -30px !important;}&#8220;][vc_single_image image=&#8220;6776&#8243; img_size=&#8220;full&#8220; style=&#8220;vc_box_shadow_3d&#8220; css=&#8220;.vc_custom_1626769265775{margin-top: -30px !important;padding-top: 0px !important;}&#8220;][\/vc_column][\/vc_row][vc_row][vc_column css=&#8220;.vc_custom_1615897223399{padding-top: 50px !important;}&#8220;][vc_text_separator title=&#8220;Kontaktieren Sie uns&#8220; color=&#8220;custom&#8220; border_width=&#8220;4&#8243; el_width=&#8220;60&#8243; css=&#8220;.vc_custom_1653373827949{margin-top: 10px !important;}&#8220; accent_color=&#8220;#b53a2c&#8220;][\/vc_column][\/vc_row][vc_row][vc_column]\n<div class=\"wpcf7 no-js\" id=\"wpcf7-f1550-o1\" lang=\"en-US\" dir=\"ltr\">\n<div class=\"screen-reader-response\"><p role=\"status\" aria-live=\"polite\" aria-atomic=\"true\"><\/p> <ul><\/ul><\/div>\n<form action=\"\/de\/wp-json\/wp\/v2\/pages\/1563#wpcf7-f1550-o1\" method=\"post\" class=\"wpcf7-form init\" aria-label=\"Contact form\" novalidate=\"novalidate\" data-status=\"init\">\n<div style=\"display: none;\">\n<input type=\"hidden\" name=\"_wpcf7\" value=\"1550\" \/>\n<input type=\"hidden\" name=\"_wpcf7_version\" value=\"5.8.3\" \/>\n<input type=\"hidden\" name=\"_wpcf7_locale\" value=\"en_US\" \/>\n<input type=\"hidden\" name=\"_wpcf7_unit_tag\" value=\"wpcf7-f1550-o1\" \/>\n<input type=\"hidden\" name=\"_wpcf7_container_post\" value=\"0\" \/>\n<input type=\"hidden\" name=\"_wpcf7_posted_data_hash\" value=\"\" \/>\n<\/div>\n<div class=\"column one-second\">\n\t<p><span class=\"wpcf7-form-control-wrap\" data-name=\"your-name\"><input size=\"40\" class=\"wpcf7-form-control wpcf7-text wpcf7-validates-as-required\" aria-required=\"true\" aria-invalid=\"false\" placeholder=\"Ihr Name\" value=\"\" type=\"text\" name=\"your-name\" \/><\/span>\n\t<\/p>\n<\/div>\n<div class=\"column one-second\">\n\t<p><span class=\"wpcf7-form-control-wrap\" data-name=\"your-email\"><input size=\"40\" class=\"wpcf7-form-control wpcf7-email wpcf7-validates-as-required wpcf7-text wpcf7-validates-as-email\" aria-required=\"true\" aria-invalid=\"false\" placeholder=\"Ihre E-Mail-Adresse\" value=\"\" type=\"email\" name=\"your-email\" \/><\/span>\n\t<\/p>\n<\/div>\n<div class=\"column one\">\n\t<p><span class=\"wpcf7-form-control-wrap\" data-name=\"your-subject\"><input size=\"40\" class=\"wpcf7-form-control wpcf7-text\" aria-invalid=\"false\" placeholder=\"Thema\" value=\"\" type=\"text\" name=\"your-subject\" \/><\/span>\n\t<\/p>\n<\/div>\n<div class=\"column one\">\n\t<p><span class=\"wpcf7-form-control-wrap\" data-name=\"your-message\"><textarea cols=\"40\" rows=\"6\" class=\"wpcf7-form-control wpcf7-textarea\" aria-invalid=\"false\" placeholder=\"Ihre Nachricht\" name=\"your-message\"><\/textarea><\/span>\n\t<\/p>\n<\/div>\n<div class=\"column one\">\n\t<p><input class=\"wpcf7-form-control wpcf7-submit has-spinner\" type=\"submit\" value=\"SENDEN\" \/>\n\t<\/p>\n<\/div><p style=\"display: none !important;\"><label>&#916;<textarea name=\"_wpcf7_ak_hp_textarea\" cols=\"45\" rows=\"8\" maxlength=\"100\"><\/textarea><\/label><input type=\"hidden\" id=\"ak_js_1\" name=\"_wpcf7_ak_js\" value=\"58\"\/><script>document.getElementById( \"ak_js_1\" ).setAttribute( \"value\", ( new Date() ).getTime() );<\/script><\/p><div class=\"wpcf7-response-output\" aria-hidden=\"true\"><\/div>\n<\/form>\n<\/div>\n[\/vc_column][\/vc_row]<\/p>\n<\/section>","protected":false},"excerpt":{"rendered":"<p>[vc_row][vc_column][vc_single_image image=&#8220;7509&#8243; img_size=&#8220;full&#8220; alignment=&#8220;right&#8220; style=&#8220;vc_box_shadow_3d&#8220;][\/vc_column][\/vc_row][vc_row gap=&#8220;20&#8243; css=&#8220;.vc_custom_1626773006245{margin-top: 0px !important;margin-right: 0px !important;margin-left: 0px !important;border-top-width: 0px !important;border-left-width: 4px !important;padding-top: 0px !important;padding-right: 0px !important;padding-left: 10px !important;border-left-color: #ae3307 !important;border-left-style: dotted<span class=\"excerpt-hellip\"> [\u2026]<\/span><\/p>\n","protected":false},"author":4,"featured_media":0,"parent":1987,"menu_order":0,"comment_status":"closed","ping_status":"closed","template":"","meta":{"_themeisle_gutenberg_block_has_review":false,"footnotes":""},"yoast_head":"<!-- This site is optimized with the Yoast SEO plugin v21.5 - https:\/\/yoast.com\/wordpress\/plugins\/seo\/ -->\n<title>WOF\u00dcR WIR STEHEN - Prosono international<\/title>\n<meta name=\"description\" content=\"Seit 19 Jahren, mit Referenzen in Deutschland,\u00d6sterreich und die Schweiz\" \/>\n<meta name=\"robots\" content=\"noindex, follow, max-snippet:-1, max-image-preview:large, max-video-preview:-1\" \/>\n<meta property=\"og:locale\" content=\"de_DE\" \/>\n<meta property=\"og:type\" content=\"article\" \/>\n<meta property=\"og:title\" content=\"WOF\u00dcR WIR STEHEN - Prosono international\" \/>\n<meta property=\"og:description\" content=\"Seit 19 Jahren, mit Referenzen in Deutschland,\u00d6sterreich und die Schweiz\" \/>\n<meta property=\"og:url\" content=\"https:\/\/dev2.prosono-hardwoods.com\/de\/ueber-uns\/wofuer-wir-stehen\/\" \/>\n<meta property=\"og:site_name\" content=\"Prosono international\" \/>\n<meta property=\"article:modified_time\" content=\"2022-05-24T06:37:31+00:00\" \/>\n<meta property=\"og:image\" content=\"https:\/\/dev2.prosono-hardwoods.com\/wp-content\/uploads\/2021\/07\/stand-for-feature.jpg\" \/>\n<meta name=\"twitter:card\" content=\"summary_large_image\" \/>\n<meta name=\"twitter:label1\" content=\"Gesch\u00e4tzte Lesezeit\" \/>\n\t<meta name=\"twitter:data1\" content=\"3\u00a0Minuten\" \/>\n<script type=\"application\/ld+json\" class=\"yoast-schema-graph\">{\"@context\":\"https:\/\/schema.org\",\"@graph\":[{\"@type\":\"WebPage\",\"@id\":\"https:\/\/dev2.prosono-hardwoods.com\/de\/ueber-uns\/wofuer-wir-stehen\/\",\"url\":\"https:\/\/dev2.prosono-hardwoods.com\/de\/ueber-uns\/wofuer-wir-stehen\/\",\"name\":\"WOF\u00dcR WIR STEHEN - Prosono international\",\"isPartOf\":{\"@id\":\"https:\/\/dev2.prosono-hardwoods.com\/#website\"},\"datePublished\":\"2017-08-20T15:09:39+00:00\",\"dateModified\":\"2022-05-24T06:37:31+00:00\",\"description\":\"Seit 19 Jahren, mit Referenzen in Deutschland,\u00d6sterreich und die Schweiz\",\"breadcrumb\":{\"@id\":\"https:\/\/dev2.prosono-hardwoods.com\/de\/ueber-uns\/wofuer-wir-stehen\/#breadcrumb\"},\"inLanguage\":\"de\",\"potentialAction\":[{\"@type\":\"ReadAction\",\"target\":[\"https:\/\/dev2.prosono-hardwoods.com\/de\/ueber-uns\/wofuer-wir-stehen\/\"]}]},{\"@type\":\"BreadcrumbList\",\"@id\":\"https:\/\/dev2.prosono-hardwoods.com\/de\/ueber-uns\/wofuer-wir-stehen\/#breadcrumb\",\"itemListElement\":[{\"@type\":\"ListItem\",\"position\":1,\"name\":\"Accueil\",\"item\":\"https:\/\/dev2.prosono-hardwoods.com\/\"},{\"@type\":\"ListItem\",\"position\":2,\"name\":\"\u00dcBER UNS\",\"item\":\"https:\/\/dev2.prosono-hardwoods.com\/de\/ueber-uns\/\"},{\"@type\":\"ListItem\",\"position\":3,\"name\":\"WOF\u00dcR WIR STEHEN\"}]},{\"@type\":\"WebSite\",\"@id\":\"https:\/\/dev2.prosono-hardwoods.com\/#website\",\"url\":\"https:\/\/dev2.prosono-hardwoods.com\/\",\"name\":\"Prosono international\",\"description\":\"\",\"publisher\":{\"@id\":\"https:\/\/dev2.prosono-hardwoods.com\/#organization\"},\"potentialAction\":[{\"@type\":\"SearchAction\",\"target\":{\"@type\":\"EntryPoint\",\"urlTemplate\":\"https:\/\/dev2.prosono-hardwoods.com\/?s={search_term_string}\"},\"query-input\":\"required name=search_term_string\"}],\"inLanguage\":\"de\"},{\"@type\":\"Organization\",\"@id\":\"https:\/\/dev2.prosono-hardwoods.com\/#organization\",\"name\":\"Prosono Hardwoods International\",\"url\":\"https:\/\/dev2.prosono-hardwoods.com\/\",\"logo\":{\"@type\":\"ImageObject\",\"inLanguage\":\"de\",\"@id\":\"https:\/\/dev2.prosono-hardwoods.com\/#\/schema\/logo\/image\/\",\"url\":\"https:\/\/dev2.prosono-hardwoods.com\/wp-content\/uploads\/2020\/08\/prosono-logo@2x.png\",\"contentUrl\":\"https:\/\/dev2.prosono-hardwoods.com\/wp-content\/uploads\/2020\/08\/prosono-logo@2x.png\",\"width\":404,\"height\":90,\"caption\":\"Prosono Hardwoods International\"},\"image\":{\"@id\":\"https:\/\/dev2.prosono-hardwoods.com\/#\/schema\/logo\/image\/\"}}]}<\/script>\n<!-- \/ Yoast SEO plugin. -->","yoast_head_json":{"title":"WOF\u00dcR WIR STEHEN - Prosono international","description":"Seit 19 Jahren, mit Referenzen in Deutschland,\u00d6sterreich und die Schweiz","robots":{"index":"noindex","follow":"follow","max-snippet":"max-snippet:-1","max-image-preview":"max-image-preview:large","max-video-preview":"max-video-preview:-1"},"og_locale":"de_DE","og_type":"article","og_title":"WOF\u00dcR WIR STEHEN - Prosono international","og_description":"Seit 19 Jahren, mit Referenzen in Deutschland,\u00d6sterreich und die Schweiz","og_url":"https:\/\/dev2.prosono-hardwoods.com\/de\/ueber-uns\/wofuer-wir-stehen\/","og_site_name":"Prosono international","article_modified_time":"2022-05-24T06:37:31+00:00","og_image":[{"url":"https:\/\/dev2.prosono-hardwoods.com\/wp-content\/uploads\/2021\/07\/stand-for-feature.jpg"}],"twitter_card":"summary_large_image","twitter_misc":{"Gesch\u00e4tzte Lesezeit":"3\u00a0Minuten"},"schema":{"@context":"https:\/\/schema.org","@graph":[{"@type":"WebPage","@id":"https:\/\/dev2.prosono-hardwoods.com\/de\/ueber-uns\/wofuer-wir-stehen\/","url":"https:\/\/dev2.prosono-hardwoods.com\/de\/ueber-uns\/wofuer-wir-stehen\/","name":"WOF\u00dcR WIR STEHEN - Prosono international","isPartOf":{"@id":"https:\/\/dev2.prosono-hardwoods.com\/#website"},"datePublished":"2017-08-20T15:09:39+00:00","dateModified":"2022-05-24T06:37:31+00:00","description":"Seit 19 Jahren, mit Referenzen in Deutschland,\u00d6sterreich und die Schweiz","breadcrumb":{"@id":"https:\/\/dev2.prosono-hardwoods.com\/de\/ueber-uns\/wofuer-wir-stehen\/#breadcrumb"},"inLanguage":"de","potentialAction":[{"@type":"ReadAction","target":["https:\/\/dev2.prosono-hardwoods.com\/de\/ueber-uns\/wofuer-wir-stehen\/"]}]},{"@type":"BreadcrumbList","@id":"https:\/\/dev2.prosono-hardwoods.com\/de\/ueber-uns\/wofuer-wir-stehen\/#breadcrumb","itemListElement":[{"@type":"ListItem","position":1,"name":"Accueil","item":"https:\/\/dev2.prosono-hardwoods.com\/"},{"@type":"ListItem","position":2,"name":"\u00dcBER UNS","item":"https:\/\/dev2.prosono-hardwoods.com\/de\/ueber-uns\/"},{"@type":"ListItem","position":3,"name":"WOF\u00dcR WIR STEHEN"}]},{"@type":"WebSite","@id":"https:\/\/dev2.prosono-hardwoods.com\/#website","url":"https:\/\/dev2.prosono-hardwoods.com\/","name":"Prosono international","description":"","publisher":{"@id":"https:\/\/dev2.prosono-hardwoods.com\/#organization"},"potentialAction":[{"@type":"SearchAction","target":{"@type":"EntryPoint","urlTemplate":"https:\/\/dev2.prosono-hardwoods.com\/?s={search_term_string}"},"query-input":"required name=search_term_string"}],"inLanguage":"de"},{"@type":"Organization","@id":"https:\/\/dev2.prosono-hardwoods.com\/#organization","name":"Prosono Hardwoods International","url":"https:\/\/dev2.prosono-hardwoods.com\/","logo":{"@type":"ImageObject","inLanguage":"de","@id":"https:\/\/dev2.prosono-hardwoods.com\/#\/schema\/logo\/image\/","url":"https:\/\/dev2.prosono-hardwoods.com\/wp-content\/uploads\/2020\/08\/prosono-logo@2x.png","contentUrl":"https:\/\/dev2.prosono-hardwoods.com\/wp-content\/uploads\/2020\/08\/prosono-logo@2x.png","width":404,"height":90,"caption":"Prosono Hardwoods International"},"image":{"@id":"https:\/\/dev2.prosono-hardwoods.com\/#\/schema\/logo\/image\/"}}]}},"_links":{"self":[{"href":"https:\/\/dev2.prosono-hardwoods.com\/de\/wp-json\/wp\/v2\/pages\/1563"}],"collection":[{"href":"https:\/\/dev2.prosono-hardwoods.com\/de\/wp-json\/wp\/v2\/pages"}],"about":[{"href":"https:\/\/dev2.prosono-hardwoods.com\/de\/wp-json\/wp\/v2\/types\/page"}],"author":[{"embeddable":true,"href":"https:\/\/dev2.prosono-hardwoods.com\/de\/wp-json\/wp\/v2\/users\/4"}],"replies":[{"embeddable":true,"href":"https:\/\/dev2.prosono-hardwoods.com\/de\/wp-json\/wp\/v2\/comments?post=1563"}],"version-history":[{"count":9,"href":"https:\/\/dev2.prosono-hardwoods.com\/de\/wp-json\/wp\/v2\/pages\/1563\/revisions"}],"predecessor-version":[{"id":8328,"href":"https:\/\/dev2.prosono-hardwoods.com\/de\/wp-json\/wp\/v2\/pages\/1563\/revisions\/8328"}],"up":[{"embeddable":true,"href":"https:\/\/dev2.prosono-hardwoods.com\/de\/wp-json\/wp\/v2\/pages\/1987"}],"wp:attachment":[{"href":"https:\/\/dev2.prosono-hardwoods.com\/de\/wp-json\/wp\/v2\/media?parent=1563"}],"curies":[{"name":"wp","href":"https:\/\/api.w.org\/{rel}","templated":true}]}}