{"id":1567,"date":"2017-08-20T22:15:14","date_gmt":"2017-08-20T20:15:14","guid":{"rendered":"https:\/\/dev2.prosono-hardwoods.com\/fabricants-de-cornemuses-et-dautres-instruments-folkloriques\/"},"modified":"2022-09-22T10:30:11","modified_gmt":"2022-09-22T08:30:11","slug":"holz-fuer-dudelsaecke-folkloristische-instrumente","status":"publish","type":"page","link":"https:\/\/dev2.prosono-hardwoods.com\/de\/tonholz\/holz-fuer-dudelsaecke-folkloristische-instrumente\/","title":{"rendered":"Holz f\u00fcr Dudels\u00e4cke und folkloristische Instrumente"},"content":{"rendered":"<section class=\"wpb-content-wrapper\"><p>[vc_row][vc_column][vc_single_image image=&#8220;7456&#8243; img_size=&#8220;full&#8220; alignment=&#8220;right&#8220; style=&#8220;vc_box_shadow_3d&#8220;][\/vc_column][\/vc_row][vc_row css=&#8220;.vc_custom_1615888165941{margin-top: 0px !important;margin-right: 0px !important;margin-left: 0px !important;border-top-width: 0px !important;border-left-width: 4px !important;padding-top: 0px !important;padding-right: 0px !important;padding-left: 30px !important;border-left-color: #ae3307 !important;border-left-style: dotted !important;border-top-color: #ae3307 !important;border-top-style: dotted !important;}&#8220;][vc_column width=&#8220;2\/3&#8243; css=&#8220;.vc_custom_1657099422894{margin-top: 0px !important;padding-top: 0px !important;}&#8220;][vc_column_text css=&#8220;.vc_custom_1657099433004{padding-right: 10px !important;}&#8220;]<\/p>\n<h2><strong>Hochwertiges Tonholz f\u00fcr Dudels\u00e4cke und andere Volksinstrumente<\/strong><\/h2>\n<p>ProSono bietet:<\/p>\n<ul>\n<li>hochwertiges Tonholz f\u00fcr Dudels\u00e4cke (Highland Bagpipes, Uilleann Pipes, der deutsche Dudelsack, Galicien und Asturische Gaitas und mehr)<\/li>\n<li><strong> Tonholzs\u00e4tze und -rohlinge<\/strong> f\u00fcr andere Volksinstrumente, von der franz\u00f6sischen Bombarde und Biniou, bis zur ungarischen Tarogato, bulgarische Kaval und rum\u00e4nische Panfl\u00f6te.<\/li>\n<\/ul>\n<p>Wir sind akribisch bei der Auswahl, dem Schneiden, der Lagerung, der Alterung und dem Versand von Hartholz in Musikqualit\u00e4t. Dies ist f\u00fcr die Herstellung hochwertiger Instrumente mit minimalem Abfall unerl\u00e4sslich.<\/p>\n<p><strong>Lesen Sie weiter unten mehr \u00fcber <a href=\"#die-besten\">die besten H\u00f6lzer f\u00fcr Dudels\u00e4cke<\/a> und andere traditionelle Holzblasinstrumente.<\/strong><\/p>\n<p>Wir bieten auch Hartholz-Rohlinge f\u00fcr Trommelstock in Leadwood und Schwarzes chacate an.[\/vc_column_text][\/vc_column][vc_column width=&#8220;1\/3&#8243; css=&#8220;.vc_custom_1599654454226{margin-top: 0px !important;margin-right: 0px !important;margin-bottom: 0px !important;border-right-width: 0px !important;padding-top: 0px !important;padding-right: 0px !important;padding-bottom: 0px !important;padding-left: 20px !important;}&#8220;][vc_column_text]<\/p>\n<h2><strong>Hartholzarten<\/strong><\/h2>\n<p>[\/vc_column_text][vc_column_text css=&#8220;.vc_custom_1657097003903{margin-right: 0px !important;border-right-width: 0px !important;padding-top: 18px !important;padding-right: 18px !important;padding-bottom: 18px !important;padding-left: 18px !important;background-color: #f6f5f1 !important;border-radius: 10px !important;}&#8220;]<\/p>\n<ul>\n<li><a href=\"https:\/\/dev2.prosono-hardwoods.com\/de\/holzarten\/bleiholz-combretum-imberbe\/\">Elegantholz (Bleiholz)<\/a><\/li>\n<li><a href=\"https:\/\/dev2.prosono-hardwoods.com\/de\/holzarten\/mopani-colophospermum-mopane\/\">Mopane<\/a><\/li>\n<li><a href=\"https:\/\/dev2.prosono-hardwoods.com\/de\/holzarten\/schwarzer-chacate-guibourtia-conjugata\/\">Schwarzer Chacate<\/a> (vorbehaltlich begrenzter Verf\u00fcgbarkeit)<\/li>\n<li><a href=\"https:\/\/dev2.prosono-hardwoods.com\/de\/holzarten\/pink-ivory-berchimia-zeyheri\/\">Rotes oder rosafarbenes Elfenbein<\/a> (Pink ivory)<\/li>\n<\/ul>\n<p>[\/vc_column_text][\/vc_column][\/vc_row][vc_row][vc_column][vc_images_carousel images=&#8220;6235,6163,6175,6155,6183,6179&#8243; img_size=&#8220;medium&#8220; slides_per_view=&#8220;6&#8243; hide_pagination_control=&#8220;yes&#8220; hide_prev_next_buttons=&#8220;yes&#8220;][vc_row_inner css=&#8220;.vc_custom_1599543358749{margin-top: 0px !important;margin-bottom: 0px !important;border-top-width: 0px !important;border-bottom-width: 0px !important;padding-top: 0px !important;padding-bottom: 0px !important;}&#8220;][vc_column_inner][vc_column_text css=&#8220;.vc_custom_1657097032537{margin-bottom: 50px !important;padding-top: 30px !important;padding-right: 30px !important;padding-bottom: 30px !important;padding-left: 30px !important;background-color: #77654d !important;}&#8220;]<\/p>\n<h3 style=\"text-align: center;\"><span style=\"color: #ffffff;\"><em>\u201cWas ich von ProSono bekommen habe, war das beste Holz, das ich je gesehen habe. Alle St\u00fccke waren tats\u00e4chlich von musikalischer Qualit\u00e4t. Ich hatte noch nie eine 100-prozentige Ausbeute.\u201d<\/em><\/span><\/h3>\n<h6 style=\"text-align: center;\"><span style=\"color: #ffffff;\"><strong>~ Ron Peeler, Peeler Fifes<\/strong><\/span><\/h6>\n<p>[\/vc_column_text][vc_btn title=&#8220;Kontaktiere uns&#8220; style=&#8220;flat&#8220; shape=&#8220;square&#8220; color=&#8220;danger&#8220; size=&#8220;lg&#8220; align=&#8220;center&#8220; css=&#8220;.vc_custom_1657097048081{margin-bottom: 20px !important;border-bottom-width: 0px !important;padding-bottom: 0px !important;}&#8220; link=&#8220;url:%23form&#8220;][\/vc_column_inner][\/vc_row_inner][\/vc_column][\/vc_row][vc_row css=&#8220;.vc_custom_1615892396587{padding-top: 50px !important;}&#8220; el_id=&#8220;dimensions&#8220;][vc_column][vc_text_separator title=&#8220;PRODUKTE&#8220; color=&#8220;custom&#8220; border_width=&#8220;4&#8243; css=&#8220;.vc_custom_1657097059203{margin-top: 10px !important;}&#8220; accent_color=&#8220;#b53a2c&#8220;][\/vc_column][\/vc_row][vc_row][vc_column width=&#8220;1\/6&#8243;][\/vc_column][vc_column width=&#8220;2\/3&#8243;][vc_column_text]<\/p>\n<table>\n<tbody>\n<tr style=\"background-color: #dcdad2;\">\n<th colspan=\"3\">\n<p style=\"text-align: center;\"><strong>TONHOLZ F\u00dcR DUDELS\u00c4CKE UND ANDERE VOLKSINSTRUMENTE: TROCKENE TEILE, DIE WIR UNS BEM\u00dcHEN, F\u00dcR SIE AUF LAGER ZU HALTEN<\/strong><\/p>\n<p style=\"text-align: center;\"><em>(Ma\u00dfe in mm)<\/em><\/p>\n<\/th>\n<\/tr>\n<tr>\n<td>Tonholz f\u00fcr Hochland-Dudels\u00e4cke (HBPs)<\/td>\n<td>Satz aus Mopane und Elegantholz (Bleiholz) ; zus\u00e4tzliche Drohnen erh\u00e4ltlich<\/td>\n<td style=\"text-align: center;\">Satz : 14 Rohlinge in 11 verschiedenen Gr\u00f6\u00dfen \/ insgesamt 6.755 dm\u00b3<br \/>\n1 x 54 x 54 x 305<br \/>\n2 x 51 x 51 x 225<br \/>\n1 x 43 x 43 x 385<br \/>\n1 x 47 x 47 x 310<br \/>\n1 x 47 x 47 x 195<br \/>\n2 x 47 x 47 x 160<br \/>\n1 x 47 x 47 x 125<br \/>\n1 x 47 x 47 x 115<br \/>\n1 x 40 x 40 x 310<br \/>\n2 x 40 x 40 x 245<br \/>\n1 x 40 x 40 x 220<\/td>\n<\/tr>\n<tr>\n<td>Tonholz f\u00fcr Uilleann-Pfeifen (irische Pfeifen)<\/td>\n<td>Satz aus Mopane und Elegantholz (Bleiholz) ; zus\u00e4tzliche Drohnen erh\u00e4ltlich<\/td>\n<td style=\"text-align: center;\">5 Rohlinge,<br \/>\nQuerschnitt 30 x 30 mm \/ insgesamt 0,640 dm\u00b3<br \/>\n1 x 30 x 30 x 325<br \/>\n1 x 30 x 30 x 175<br \/>\n1 x 30 x 30 x 136<br \/>\n1 x 30 x 30 x 75<\/td>\n<\/tr>\n<tr>\n<td>Tonholz f\u00fcr englische Pfeifen<\/td>\n<td>Satz aus Mopane und Elegantholz (Bleiholz) ; zus\u00e4tzliche Drohnen erh\u00e4ltlich<\/td>\n<td>\n<p style=\"text-align: center;\">8 Rohlinge, Querschnitt 36 x 36 mm \/ insgesamt 2,62 dm\u00b3<br \/>\n1 x 36 x 36 x 380<br \/>\n2 x 36 x 36 x 310<br \/>\n1 x 36 x 36 x 260<br \/>\n3 x 36 x 36 x 200<br \/>\n1 x 36 x 36 x 160<\/p>\n<\/td>\n<\/tr>\n<tr>\n<td>Tonholz f\u00fcr Gaitas (spanische Dudelsack)<\/td>\n<td>Satz aus Mopane und Elegantholz (Bleiholz) ; zus\u00e4tzliche Drohnen erh\u00e4ltlich<\/td>\n<td style=\"text-align: center;\">Mopane-S\u00e4tze 12 Rohlinge verschiedenen Querschnitten \/ insgesamt 4.355 dm\u00b3<br \/>\n1 x 65 x 65 x 115<br \/>\n1 x 51 x 51 x 360<br \/>\n2 x 40 x 40 x 320<br \/>\n2 x 40 x 40 x 230<br \/>\n1 x 40 x 40 x 190<br \/>\n1 x 40 x 40 x 175<br \/>\n1 x 36 x 36 x 140<br \/>\n1 x 36 x 36 x 120<br \/>\n1 x 36 x 36 x 110<br \/>\n1 x 40 x 40 x 90<\/td>\n<\/tr>\n<tr>\n<td>Tonholz f\u00fcr Bombarde (franz\u00f6sische Pfeife)<\/td>\n<td>Satz aus Mopane und Elegantholz (Bleiholz) ; zus\u00e4tzliche Drohnen erh\u00e4ltlich<\/td>\n<td style=\"text-align: center;\">5 Rohlinge mit verschiedenen Abschnitten \/ insgesamt 0,974 dm\u00b3<br \/>\n1 x 80 x 80 x 50<br \/>\n1 x 30 x 30 x 300<br \/>\n1 x 30 x 30 x 280<br \/>\n1 x 20 x 20 x 180<br \/>\n1 x 20 x 20 x 150<\/td>\n<\/tr>\n<tr>\n<td>Hartholz f\u00fcr Trommelst\u00f6cke<\/td>\n<td>Rohlinge aus Elegantholz (Bleiholz)<\/td>\n<td style=\"text-align: center;\">2 x 28 x 28 x 490<\/td>\n<\/tr>\n<\/tbody>\n<\/table>\n<p>[\/vc_column_text][\/vc_column][vc_column width=&#8220;1\/6&#8243;][\/vc_column][\/vc_row][vc_row css=&#8220;.vc_custom_1599551732879{padding-top: 50px !important;}&#8220;][vc_column el_id=&#8220;bagpipes&#8220;][vc_text_separator title=&#8220;DIE BESTEN H\u00d6LZER F\u00dcR DUDELSACK&#8220; color=&#8220;custom&#8220; border_width=&#8220;4&#8243; css=&#8220;.vc_custom_1657098836155{margin-top: 10px !important;}&#8220; accent_color=&#8220;#b53a2c&#8220; el_id=&#8220;die-besten&#8220;][\/vc_column][\/vc_row][vc_row][vc_column width=&#8220;1\/2&#8243;][vc_column_text css=&#8220;.vc_custom_1657098621860{margin-bottom: 30px !important;padding-top: 30px !important;padding-right: 30px !important;padding-bottom: 30px !important;padding-left: 30px !important;background-color: #f6f5f1 !important;border-radius: 10px !important;}&#8220;]Dudels\u00e4cke sind auf die Verwendung von makellosen gr\u00f6\u00dferen Hartholzteilen angewiesen.<\/p>\n<p>Diese werden zum Beispiel zum Drehen der kritischen Spielpfeifen,\u2013 Bordunpfeifen \u2013 Rohrbl\u00e4tter &#8211; auch Drohnen genannt \u2013 von Dudels\u00e4cken ben\u00f6tigt.<\/p>\n<p>Bei Pfeifen und anderen Holzblasinstrumenten muss das Holz au\u00dferdem eine geringe Porosit\u00e4t aufweisen. Por\u00f6seres Holz, wie Ebenholz, ist von Natur aus nicht resistent gegen menschlichen Speichel (der s\u00e4urehaltig ist) und kann rei\u00dfen, wenn es ihm ausgesetzt wird.<\/p>\n<p>Bei der Auswahl der besten Hartholzarten f\u00fcr Pfeifen ber\u00fccksichtigen wir deren Klangqualit\u00e4t, \u00c4sthetik, Stabilit\u00e4t und Bearbeitbarkeit.<\/p>\n<p>Die Verwendung von Grenadill war ein vorherrschender Standard f\u00fcr Pfeifen \u2013 aber diese Art wird jetzt als gef\u00e4hrdet eingestuft und ist sehr knapp. Wir ernten Grenadill nur in strikter \u00dcbereinstimmung mit den geltenden Vorschriften und CITES-Grunds\u00e4tzen.<\/p>\n<p>Sowohl <a href=\"https:\/\/dev2.prosono-hardwoods.com\/de\/holzarten\/mopani-colophospermum-mopane\/\">Mopane<\/a> als auch <a href=\"https:\/\/dev2.prosono-hardwoods.com\/de\/holzarten\/bleiholz-combretum-imberbe\/\">Elegantholz (Bleiholz)<\/a> werden immer beliebter (und nachhaltiger) als Tonholz f\u00fcr Dudels\u00e4cke und andere Volksinstrumente.[\/vc_column_text][\/vc_column][vc_column width=&#8220;1\/2&#8243;][vc_single_image image=&#8220;10834&#8243; img_size=&#8220;full&#8220; alignment=&#8220;center&#8220; style=&#8220;vc_box_shadow_3d&#8220; css=&#8220;.vc_custom_1660566133228{margin-top: 3px !important;}&#8220;][\/vc_column][\/vc_row][vc_row][vc_column css=&#8220;.vc_custom_1615897223399{padding-top: 50px !important;}&#8220; el_id=&#8220;form&#8220;][vc_text_separator title=&#8220;F\u00dcR WEITERE INFORMATIONEN KONTAKTIEREN SIE UNS&#8220; color=&#8220;custom&#8220; border_width=&#8220;4&#8243; el_width=&#8220;60&#8243; css=&#8220;.vc_custom_1657098659746{margin-top: 10px !important;}&#8220; accent_color=&#8220;#b53a2c&#8220;][\/vc_column][\/vc_row][vc_row][vc_column]\n<div class=\"wpcf7 no-js\" id=\"wpcf7-f1550-o1\" lang=\"en-US\" dir=\"ltr\">\n<div class=\"screen-reader-response\"><p role=\"status\" aria-live=\"polite\" aria-atomic=\"true\"><\/p> <ul><\/ul><\/div>\n<form action=\"\/de\/wp-json\/wp\/v2\/pages\/1567#wpcf7-f1550-o1\" method=\"post\" class=\"wpcf7-form init\" aria-label=\"Contact form\" novalidate=\"novalidate\" data-status=\"init\">\n<div style=\"display: none;\">\n<input type=\"hidden\" name=\"_wpcf7\" value=\"1550\" \/>\n<input type=\"hidden\" name=\"_wpcf7_version\" value=\"5.8.3\" \/>\n<input type=\"hidden\" name=\"_wpcf7_locale\" value=\"en_US\" \/>\n<input type=\"hidden\" name=\"_wpcf7_unit_tag\" value=\"wpcf7-f1550-o1\" \/>\n<input type=\"hidden\" name=\"_wpcf7_container_post\" value=\"0\" \/>\n<input type=\"hidden\" name=\"_wpcf7_posted_data_hash\" value=\"\" \/>\n<\/div>\n<div class=\"column one-second\">\n\t<p><span class=\"wpcf7-form-control-wrap\" data-name=\"your-name\"><input size=\"40\" class=\"wpcf7-form-control wpcf7-text wpcf7-validates-as-required\" aria-required=\"true\" aria-invalid=\"false\" placeholder=\"Ihr Name\" value=\"\" type=\"text\" name=\"your-name\" \/><\/span>\n\t<\/p>\n<\/div>\n<div class=\"column one-second\">\n\t<p><span class=\"wpcf7-form-control-wrap\" data-name=\"your-email\"><input size=\"40\" class=\"wpcf7-form-control wpcf7-email wpcf7-validates-as-required wpcf7-text wpcf7-validates-as-email\" aria-required=\"true\" aria-invalid=\"false\" placeholder=\"Ihre E-Mail-Adresse\" value=\"\" type=\"email\" name=\"your-email\" \/><\/span>\n\t<\/p>\n<\/div>\n<div class=\"column one\">\n\t<p><span class=\"wpcf7-form-control-wrap\" data-name=\"your-subject\"><input size=\"40\" class=\"wpcf7-form-control wpcf7-text\" aria-invalid=\"false\" placeholder=\"Thema\" value=\"\" type=\"text\" name=\"your-subject\" \/><\/span>\n\t<\/p>\n<\/div>\n<div class=\"column one\">\n\t<p><span class=\"wpcf7-form-control-wrap\" data-name=\"your-message\"><textarea cols=\"40\" rows=\"6\" class=\"wpcf7-form-control wpcf7-textarea\" aria-invalid=\"false\" placeholder=\"Ihre Nachricht\" name=\"your-message\"><\/textarea><\/span>\n\t<\/p>\n<\/div>\n<div class=\"column one\">\n\t<p><input class=\"wpcf7-form-control wpcf7-submit has-spinner\" type=\"submit\" value=\"SENDEN\" \/>\n\t<\/p>\n<\/div><p style=\"display: none !important;\"><label>&#916;<textarea name=\"_wpcf7_ak_hp_textarea\" cols=\"45\" rows=\"8\" maxlength=\"100\"><\/textarea><\/label><input type=\"hidden\" id=\"ak_js_1\" name=\"_wpcf7_ak_js\" value=\"69\"\/><script>document.getElementById( \"ak_js_1\" ).setAttribute( \"value\", ( new Date() ).getTime() );<\/script><\/p><div class=\"wpcf7-response-output\" aria-hidden=\"true\"><\/div>\n<\/form>\n<\/div>\n[\/vc_column][\/vc_row]<\/p>\n<\/section>","protected":false},"excerpt":{"rendered":"<p>[vc_row][vc_column][vc_single_image image=&#8220;7456&#8243; img_size=&#8220;full&#8220; alignment=&#8220;right&#8220; style=&#8220;vc_box_shadow_3d&#8220;][\/vc_column][\/vc_row][vc_row css=&#8220;.vc_custom_1615888165941{margin-top: 0px !important;margin-right: 0px !important;margin-left: 0px !important;border-top-width: 0px !important;border-left-width: 4px !important;padding-top: 0px !important;padding-right: 0px !important;padding-left: 30px !important;border-left-color: #ae3307 !important;border-left-style: dotted !important;border-top-color:<span class=\"excerpt-hellip\"> [\u2026]<\/span><\/p>\n","protected":false},"author":4,"featured_media":0,"parent":12969,"menu_order":0,"comment_status":"closed","ping_status":"closed","template":"","meta":{"_themeisle_gutenberg_block_has_review":false,"footnotes":""},"yoast_head":"<!-- This site is optimized with the Yoast SEO plugin v21.5 - https:\/\/yoast.com\/wordpress\/plugins\/seo\/ -->\n<title>Holz f\u00fcr Dudels\u00e4cke und folkloristische Instrumente - Prosono international<\/title>\n<meta name=\"description\" content=\"ProSono bietet hochwertiges Tonholz f\u00fcr die Herstellung von Pfeifen und folkloristischen Instrumenten. Finde mehr heraus !\" \/>\n<meta name=\"robots\" content=\"noindex, follow, max-snippet:-1, max-image-preview:large, max-video-preview:-1\" \/>\n<meta property=\"og:locale\" content=\"de_DE\" \/>\n<meta property=\"og:type\" content=\"article\" \/>\n<meta property=\"og:title\" content=\"Holz f\u00fcr Dudels\u00e4cke und folkloristische Instrumente - Prosono international\" \/>\n<meta property=\"og:description\" content=\"ProSono bietet hochwertiges Tonholz f\u00fcr die Herstellung von Pfeifen und folkloristischen Instrumenten. Finde mehr heraus !\" \/>\n<meta property=\"og:url\" content=\"https:\/\/dev2.prosono-hardwoods.com\/de\/tonholz\/holz-fuer-dudelsaecke-folkloristische-instrumente\/\" \/>\n<meta property=\"og:site_name\" content=\"Prosono international\" \/>\n<meta property=\"article:modified_time\" content=\"2022-09-22T08:30:11+00:00\" \/>\n<meta name=\"twitter:card\" content=\"summary_large_image\" \/>\n<meta name=\"twitter:label1\" content=\"Gesch\u00e4tzte Lesezeit\" \/>\n\t<meta name=\"twitter:data1\" content=\"4\u00a0Minuten\" \/>\n<script type=\"application\/ld+json\" class=\"yoast-schema-graph\">{\"@context\":\"https:\/\/schema.org\",\"@graph\":[{\"@type\":\"WebPage\",\"@id\":\"https:\/\/dev2.prosono-hardwoods.com\/de\/tonholz\/holz-fuer-dudelsaecke-folkloristische-instrumente\/\",\"url\":\"https:\/\/dev2.prosono-hardwoods.com\/de\/tonholz\/holz-fuer-dudelsaecke-folkloristische-instrumente\/\",\"name\":\"Holz f\u00fcr Dudels\u00e4cke und folkloristische Instrumente - Prosono international\",\"isPartOf\":{\"@id\":\"https:\/\/dev2.prosono-hardwoods.com\/#website\"},\"datePublished\":\"2017-08-20T20:15:14+00:00\",\"dateModified\":\"2022-09-22T08:30:11+00:00\",\"description\":\"ProSono bietet hochwertiges Tonholz f\u00fcr die Herstellung von Pfeifen und folkloristischen Instrumenten. Finde mehr heraus !\",\"breadcrumb\":{\"@id\":\"https:\/\/dev2.prosono-hardwoods.com\/de\/tonholz\/holz-fuer-dudelsaecke-folkloristische-instrumente\/#breadcrumb\"},\"inLanguage\":\"de\",\"potentialAction\":[{\"@type\":\"ReadAction\",\"target\":[\"https:\/\/dev2.prosono-hardwoods.com\/de\/tonholz\/holz-fuer-dudelsaecke-folkloristische-instrumente\/\"]}]},{\"@type\":\"BreadcrumbList\",\"@id\":\"https:\/\/dev2.prosono-hardwoods.com\/de\/tonholz\/holz-fuer-dudelsaecke-folkloristische-instrumente\/#breadcrumb\",\"itemListElement\":[{\"@type\":\"ListItem\",\"position\":1,\"name\":\"Accueil\",\"item\":\"https:\/\/dev2.prosono-hardwoods.com\/\"},{\"@type\":\"ListItem\",\"position\":2,\"name\":\"Tonholz\",\"item\":\"https:\/\/dev2.prosono-hardwoods.com\/de\/tonholz\/\"},{\"@type\":\"ListItem\",\"position\":3,\"name\":\"Holz f\u00fcr Dudels\u00e4cke und folkloristische Instrumente\"}]},{\"@type\":\"WebSite\",\"@id\":\"https:\/\/dev2.prosono-hardwoods.com\/#website\",\"url\":\"https:\/\/dev2.prosono-hardwoods.com\/\",\"name\":\"Prosono international\",\"description\":\"\",\"publisher\":{\"@id\":\"https:\/\/dev2.prosono-hardwoods.com\/#organization\"},\"potentialAction\":[{\"@type\":\"SearchAction\",\"target\":{\"@type\":\"EntryPoint\",\"urlTemplate\":\"https:\/\/dev2.prosono-hardwoods.com\/?s={search_term_string}\"},\"query-input\":\"required name=search_term_string\"}],\"inLanguage\":\"de\"},{\"@type\":\"Organization\",\"@id\":\"https:\/\/dev2.prosono-hardwoods.com\/#organization\",\"name\":\"Prosono Hardwoods International\",\"url\":\"https:\/\/dev2.prosono-hardwoods.com\/\",\"logo\":{\"@type\":\"ImageObject\",\"inLanguage\":\"de\",\"@id\":\"https:\/\/dev2.prosono-hardwoods.com\/#\/schema\/logo\/image\/\",\"url\":\"https:\/\/dev2.prosono-hardwoods.com\/wp-content\/uploads\/2020\/08\/prosono-logo@2x.png\",\"contentUrl\":\"https:\/\/dev2.prosono-hardwoods.com\/wp-content\/uploads\/2020\/08\/prosono-logo@2x.png\",\"width\":404,\"height\":90,\"caption\":\"Prosono Hardwoods International\"},\"image\":{\"@id\":\"https:\/\/dev2.prosono-hardwoods.com\/#\/schema\/logo\/image\/\"}}]}<\/script>\n<!-- \/ Yoast SEO plugin. -->","yoast_head_json":{"title":"Holz f\u00fcr Dudels\u00e4cke und folkloristische Instrumente - Prosono international","description":"ProSono bietet hochwertiges Tonholz f\u00fcr die Herstellung von Pfeifen und folkloristischen Instrumenten. Finde mehr heraus !","robots":{"index":"noindex","follow":"follow","max-snippet":"max-snippet:-1","max-image-preview":"max-image-preview:large","max-video-preview":"max-video-preview:-1"},"og_locale":"de_DE","og_type":"article","og_title":"Holz f\u00fcr Dudels\u00e4cke und folkloristische Instrumente - Prosono international","og_description":"ProSono bietet hochwertiges Tonholz f\u00fcr die Herstellung von Pfeifen und folkloristischen Instrumenten. Finde mehr heraus !","og_url":"https:\/\/dev2.prosono-hardwoods.com\/de\/tonholz\/holz-fuer-dudelsaecke-folkloristische-instrumente\/","og_site_name":"Prosono international","article_modified_time":"2022-09-22T08:30:11+00:00","twitter_card":"summary_large_image","twitter_misc":{"Gesch\u00e4tzte Lesezeit":"4\u00a0Minuten"},"schema":{"@context":"https:\/\/schema.org","@graph":[{"@type":"WebPage","@id":"https:\/\/dev2.prosono-hardwoods.com\/de\/tonholz\/holz-fuer-dudelsaecke-folkloristische-instrumente\/","url":"https:\/\/dev2.prosono-hardwoods.com\/de\/tonholz\/holz-fuer-dudelsaecke-folkloristische-instrumente\/","name":"Holz f\u00fcr Dudels\u00e4cke und folkloristische Instrumente - Prosono international","isPartOf":{"@id":"https:\/\/dev2.prosono-hardwoods.com\/#website"},"datePublished":"2017-08-20T20:15:14+00:00","dateModified":"2022-09-22T08:30:11+00:00","description":"ProSono bietet hochwertiges Tonholz f\u00fcr die Herstellung von Pfeifen und folkloristischen Instrumenten. Finde mehr heraus !","breadcrumb":{"@id":"https:\/\/dev2.prosono-hardwoods.com\/de\/tonholz\/holz-fuer-dudelsaecke-folkloristische-instrumente\/#breadcrumb"},"inLanguage":"de","potentialAction":[{"@type":"ReadAction","target":["https:\/\/dev2.prosono-hardwoods.com\/de\/tonholz\/holz-fuer-dudelsaecke-folkloristische-instrumente\/"]}]},{"@type":"BreadcrumbList","@id":"https:\/\/dev2.prosono-hardwoods.com\/de\/tonholz\/holz-fuer-dudelsaecke-folkloristische-instrumente\/#breadcrumb","itemListElement":[{"@type":"ListItem","position":1,"name":"Accueil","item":"https:\/\/dev2.prosono-hardwoods.com\/"},{"@type":"ListItem","position":2,"name":"Tonholz","item":"https:\/\/dev2.prosono-hardwoods.com\/de\/tonholz\/"},{"@type":"ListItem","position":3,"name":"Holz f\u00fcr Dudels\u00e4cke und folkloristische Instrumente"}]},{"@type":"WebSite","@id":"https:\/\/dev2.prosono-hardwoods.com\/#website","url":"https:\/\/dev2.prosono-hardwoods.com\/","name":"Prosono international","description":"","publisher":{"@id":"https:\/\/dev2.prosono-hardwoods.com\/#organization"},"potentialAction":[{"@type":"SearchAction","target":{"@type":"EntryPoint","urlTemplate":"https:\/\/dev2.prosono-hardwoods.com\/?s={search_term_string}"},"query-input":"required name=search_term_string"}],"inLanguage":"de"},{"@type":"Organization","@id":"https:\/\/dev2.prosono-hardwoods.com\/#organization","name":"Prosono Hardwoods International","url":"https:\/\/dev2.prosono-hardwoods.com\/","logo":{"@type":"ImageObject","inLanguage":"de","@id":"https:\/\/dev2.prosono-hardwoods.com\/#\/schema\/logo\/image\/","url":"https:\/\/dev2.prosono-hardwoods.com\/wp-content\/uploads\/2020\/08\/prosono-logo@2x.png","contentUrl":"https:\/\/dev2.prosono-hardwoods.com\/wp-content\/uploads\/2020\/08\/prosono-logo@2x.png","width":404,"height":90,"caption":"Prosono Hardwoods International"},"image":{"@id":"https:\/\/dev2.prosono-hardwoods.com\/#\/schema\/logo\/image\/"}}]}},"_links":{"self":[{"href":"https:\/\/dev2.prosono-hardwoods.com\/de\/wp-json\/wp\/v2\/pages\/1567"}],"collection":[{"href":"https:\/\/dev2.prosono-hardwoods.com\/de\/wp-json\/wp\/v2\/pages"}],"about":[{"href":"https:\/\/dev2.prosono-hardwoods.com\/de\/wp-json\/wp\/v2\/types\/page"}],"author":[{"embeddable":true,"href":"https:\/\/dev2.prosono-hardwoods.com\/de\/wp-json\/wp\/v2\/users\/4"}],"replies":[{"embeddable":true,"href":"https:\/\/dev2.prosono-hardwoods.com\/de\/wp-json\/wp\/v2\/comments?post=1567"}],"version-history":[{"count":19,"href":"https:\/\/dev2.prosono-hardwoods.com\/de\/wp-json\/wp\/v2\/pages\/1567\/revisions"}],"predecessor-version":[{"id":13466,"href":"https:\/\/dev2.prosono-hardwoods.com\/de\/wp-json\/wp\/v2\/pages\/1567\/revisions\/13466"}],"up":[{"embeddable":true,"href":"https:\/\/dev2.prosono-hardwoods.com\/de\/wp-json\/wp\/v2\/pages\/12969"}],"wp:attachment":[{"href":"https:\/\/dev2.prosono-hardwoods.com\/de\/wp-json\/wp\/v2\/media?parent=1567"}],"curies":[{"name":"wp","href":"https:\/\/api.w.org\/{rel}","templated":true}]}}