{"id":1575,"date":"2017-08-20T19:35:24","date_gmt":"2017-08-20T17:35:24","guid":{"rendered":"https:\/\/dev2.prosono-hardwoods.com\/fabricants-de-couteaux\/"},"modified":"2024-01-16T15:23:33","modified_gmt":"2024-01-16T14:23:33","slug":"messergriffe","status":"publish","type":"page","link":"https:\/\/dev2.prosono-hardwoods.com\/de\/hartholz\/messergriffe\/","title":{"rendered":"Hartholz F\u00fcr Messergriffe"},"content":{"rendered":"<section class=\"wpb-content-wrapper\"><p>[vc_row][vc_column][vc_single_image image=&#8220;5574&#8243; img_size=&#8220;full&#8220; alignment=&#8220;right&#8220; style=&#8220;vc_box_shadow_3d&#8220;][\/vc_column][\/vc_row][vc_row css=&#8220;.vc_custom_1615888165941{margin-top: 0px !important;margin-right: 0px !important;margin-left: 0px !important;border-top-width: 0px !important;border-left-width: 4px !important;padding-top: 0px !important;padding-right: 0px !important;padding-left: 30px !important;border-left-color: #ae3307 !important;border-left-style: dotted !important;border-top-color: #ae3307 !important;border-top-style: dotted !important;}&#8220;][vc_column width=&#8220;2\/3&#8243; css=&#8220;.vc_custom_1599654008285{margin-top: 0px !important;margin-bottom: 0px !important;padding-top: 0px !important;padding-bottom: 0px !important;}&#8220;][vc_column_text]<\/p>\n<h2><strong>African hardwood for knife makers and small-run cutlery<\/strong><\/h2>\n<p>[\/vc_column_text][vc_column_text css=&#8220;.vc_custom_1616587736645{margin-bottom: 0px !important;border-bottom-width: 0px !important;padding-right: 10px !important;padding-bottom: 0px !important;}&#8220;]ProSono offers hardwood knife scales and blocks in a range of high-density African hardwoods. These are ideal for making unique knife handles for collector knives and small-run cutlery.<\/p>\n<p>Our permanent dry stock of knife handle blanks focuses on eight hardwood species, in <a href=\"#dimensions\">four dimensions<\/a>.<\/p>\n<p>Our sawmill manager also personally selects hardwood for knife handles, to meet customers\u2019 specific requirements.<\/p>\n<p>The hardwoods we supply are responsibly harvested. It is expertly dried, sorted, cut and packaged, before being delivered to our distributors and customers around the globe. (We have the task to collect harvesting permits for each individual species)[\/vc_column_text][\/vc_column][vc_column width=&#8220;1\/3&#8243; css=&#8220;.vc_custom_1599654454226{margin-top: 0px !important;margin-right: 0px !important;margin-bottom: 0px !important;border-right-width: 0px !important;padding-top: 0px !important;padding-right: 0px !important;padding-bottom: 0px !important;padding-left: 20px !important;}&#8220;][vc_column_text]<\/p>\n<h2><strong>Hardwood species<\/strong><\/h2>\n<p>[\/vc_column_text][vc_column_text css=&#8220;.vc_custom_1629116345656{margin-right: 0px !important;border-right-width: 0px !important;padding-top: 18px !important;padding-right: 18px !important;padding-bottom: 18px !important;padding-left: 18px !important;background-color: #f6f5f1 !important;border-radius: 10px !important;}&#8220;]<\/p>\n<ul>\n<li><span style=\"color: #000000;\"><a style=\"color: #000000;\" href=\"https:\/\/dev2.prosono-hardwoods.com\/hardwood-species\/african-blackwood\/\">African blackwood<\/a><\/span><\/li>\n<li><span style=\"color: #000000;\"><a style=\"color: #000000;\" href=\"https:\/\/dev2.prosono-hardwoods.com\/hardwood-species\/wild-or-african-olive\/\">African olive (wild olive)<\/a><\/span><\/li>\n<li><span style=\"color: #000000;\"><a style=\"color: #000000;\" href=\"https:\/\/dev2.prosono-hardwoods.com\/hardwood-species\/black-chacate\/\">Black chacate<\/a><\/span><\/li>\n<li><span style=\"color: #000000;\"><a style=\"color: #000000;\" href=\"https:\/\/dev2.prosono-hardwoods.com\/hardwood-species\/camel-thorn\/\">Camel thorn<\/a><\/span><\/li>\n<li><span style=\"color: #000000;\"><a style=\"color: #000000;\" href=\"https:\/\/dev2.prosono-hardwoods.com\/hardwood-species\/leadwood\/\">Leadwood<\/a><\/span><\/li>\n<li><span style=\"color: #000000;\"><a style=\"color: #000000;\" href=\"https:\/\/dev2.prosono-hardwoods.com\/hardwood-species\/mopane\/\">Mopane<\/a><\/span><\/li>\n<li><span style=\"color: #000000;\"><a style=\"color: #000000;\" href=\"https:\/\/dev2.prosono-hardwoods.com\/hardwood-species\/red-or-pink-ivory\/\">Red or pink ivory<\/a><\/span><\/li>\n<li><span style=\"color: #000000;\"><a style=\"color: #000000;\" href=\"https:\/\/dev2.prosono-hardwoods.com\/tambotie\/\">Tambotie (African cocobolo)<\/a><\/span><\/li>\n<\/ul>\n<p>[\/vc_column_text][\/vc_column][\/vc_row][vc_row][vc_column offset=&#8220;vc_hidden-sm vc_col-xs-12 vc_hidden-xs&#8220;][vc_images_carousel images=&#8220;5579,5587,5591,5607,5696,5700&#8243; img_size=&#8220;medium&#8220; slides_per_view=&#8220;6&#8243; hide_pagination_control=&#8220;yes&#8220; hide_prev_next_buttons=&#8220;yes&#8220;][vc_row_inner css=&#8220;.vc_custom_1599543358749{margin-top: 0px !important;margin-bottom: 0px !important;border-top-width: 0px !important;border-bottom-width: 0px !important;padding-top: 0px !important;padding-bottom: 0px !important;}&#8220;][vc_column_inner][vc_column_text css=&#8220;.vc_custom_1615890052643{margin-bottom: 50px !important;padding-top: 30px !important;padding-right: 30px !important;padding-bottom: 30px !important;padding-left: 30px !important;background-color: #77654d !important;}&#8220;]<\/p>\n<h3 style=\"text-align: center;\"><span style=\"color: #ffffff;\"><em>\u201cThe wood is in perfect condition, beautiful, and was extremely well packaged. I am very happy with it, and look forward to doing business with you again.\u201d<\/em><\/span><\/h3>\n<h6 style=\"text-align: center;\"><span style=\"color: #ffffff;\"><strong>~ Christopher Garland<\/strong><\/span><\/h6>\n<p>[\/vc_column_text][vc_btn title=&#8220;Contact us&#8220; style=&#8220;flat&#8220; shape=&#8220;square&#8220; color=&#8220;danger&#8220; size=&#8220;lg&#8220; align=&#8220;center&#8220; css=&#8220;.vc_custom_1615897239144{margin-bottom: 20px !important;border-bottom-width: 0px !important;padding-bottom: 0px !important;}&#8220; link=&#8220;url:%23form|&#8220;][\/vc_column_inner][\/vc_row_inner][\/vc_column][\/vc_row][vc_row css=&#8220;.vc_custom_1615892396587{padding-top: 50px !important;}&#8220; el_id=&#8220;dimensions&#8220;][vc_column][vc_text_separator title=&#8220;Hardwood For Knives: Dry Parts Typically In Stock&#8220; color=&#8220;custom&#8220; border_width=&#8220;4&#8243; css=&#8220;.vc_custom_1615890090940{margin-top: 10px !important;}&#8220; accent_color=&#8220;#b53a2c&#8220;][\/vc_column][\/vc_row][vc_row][vc_column][vc_column_text]<\/p>\n<table>\n<tbody>\n<tr style=\"background-color: #dcdad2;\">\n<th colspan=\"3\"><strong>Dimensions of our hardwood knife blocks and scales<\/strong><\/th>\n<\/tr>\n<tr>\n<td><b>in inches<\/b><\/td>\n<td><strong>in mm<\/strong><\/td>\n<td><strong>in dm<sup>3<\/sup><\/strong><\/td>\n<\/tr>\n<tr>\n<td>2\u2033 x 1\u2033 x 6\u2033<\/td>\n<td>51 x 28 x 155<\/td>\n<td>0.221<\/td>\n<\/tr>\n<tr>\n<td>2\u2033 x 1\u2033 x 5\u2033<\/td>\n<td>51 x 28 x 130<\/td>\n<td>0.186<\/td>\n<\/tr>\n<tr>\n<td>1.5\u2033x 1 \u201cx 5\u201d<\/td>\n<td>38 x 28 x 130<\/td>\n<td>0.138<\/td>\n<\/tr>\n<tr>\n<td>1.5\u2033 x 1\u2033 x 4\u2033<\/td>\n<td>38 x 28 x 105<\/td>\n<td>0.112<\/td>\n<\/tr>\n<\/tbody>\n<\/table>\n<p>[\/vc_column_text][\/vc_column][\/vc_row][vc_row css=&#8220;.vc_custom_1599551732879{padding-top: 50px !important;}&#8220;][vc_column][vc_text_separator title=&#8220;SCALES AND BLOCKS FOR KNIFE MAKING&#8220; color=&#8220;custom&#8220; border_width=&#8220;4&#8243; css=&#8220;.vc_custom_1615890106996{margin-top: 10px !important;}&#8220; accent_color=&#8220;#b53a2c&#8220;][\/vc_column][\/vc_row][vc_row][vc_column width=&#8220;1\/2&#8243;][vc_column_text css=&#8220;.vc_custom_1617010263644{margin-bottom: 30px !important;padding-top: 30px !important;padding-right: 30px !important;padding-bottom: 30px !important;padding-left: 30px !important;background-color: #f6f5f1 !important;border-radius: 10px !important;}&#8220;]<\/p>\n<h3>Hardwood for knife makers in South Africa<\/h3>\n<p>Since 2009, our company representatives have taken part in local trade fairs and guild shows in Johannesburg, Pretoria, Cape Town and Durban.<\/p>\n<p>Word of mouth increased our customer base.<\/p>\n<p>Today, many knife makers are regular visitors to our sawmill, where they are welcome to select wood for knife handles that fits their tastes and technical requirements.<\/p>\n<p>Our sawmill stock of dried wood is sorted by species and size to facilitate selection.<\/p>\n<h3>Wholesaler of knife supplies<\/h3>\n<p>We have exported our knife blanks to Canada, Australia, Saudi Arabia and, more recently, Finland.<\/p>\n<p>We encourage our foreign buyers to request photographs of our unique wood for knife handles.<\/p>\n<p>It\u2019s helpful to specify any requirements. For example, let us know your preference for:<\/p>\n<ul>\n<li>uniformly coloured or shaded wood<\/li>\n<li>wood with strong marked grain or as little visible grain as possible<\/li>\n<li>knotted grain or kilted grain, if distinct grain patterns are preferred.<\/li>\n<\/ul>\n<p>Our sawmill manager personally selects hardwood for knife handles based on customers\u2019 wishes and the unique character of the wood.<\/p>\n<p>It can also be useful initially to select knife blanks in a wide variety of species, to get a feel for those best suited to your needs.[\/vc_column_text][\/vc_column][vc_column width=&#8220;1\/2&#8243;][vc_single_image image=&#8220;5704&#8243; img_size=&#8220;1024&#215;640&#8243; alignment=&#8220;center&#8220; style=&#8220;vc_box_shadow_3d&#8220; css=&#8220;.vc_custom_1617010321727{margin-top: 3px !important;}&#8220;][vc_single_image image=&#8220;5631&#8243; img_size=&#8220;1024&#215;600&#8243; alignment=&#8220;center&#8220; style=&#8220;vc_box_shadow_3d&#8220; css=&#8220;.vc_custom_1616571626029{margin-top: -30px !important;border-top-width: 0px !important;border-bottom-width: 5px !important;padding-top: 0px !important;}&#8220;][\/vc_column][\/vc_row][vc_row][vc_column css=&#8220;.vc_custom_1615897223399{padding-top: 50px !important;}&#8220; el_id=&#8220;form&#8220;][vc_text_separator title=&#8220;Get In Touch&#8220; color=&#8220;custom&#8220; border_width=&#8220;4&#8243; el_width=&#8220;60&#8243; css=&#8220;.vc_custom_1599544289200{margin-top: 10px !important;}&#8220; accent_color=&#8220;#b53a2c&#8220;][\/vc_column][\/vc_row][vc_row][vc_column]\n<div class=\"wpcf7 no-js\" id=\"wpcf7-f79-o1\" lang=\"en-US\" dir=\"ltr\">\n<div class=\"screen-reader-response\"><p role=\"status\" aria-live=\"polite\" aria-atomic=\"true\"><\/p> <ul><\/ul><\/div>\n<form action=\"\/de\/wp-json\/wp\/v2\/pages\/1575#wpcf7-f79-o1\" method=\"post\" class=\"wpcf7-form init\" aria-label=\"Contact form\" novalidate=\"novalidate\" data-status=\"init\">\n<div style=\"display: none;\">\n<input type=\"hidden\" name=\"_wpcf7\" value=\"79\" \/>\n<input type=\"hidden\" name=\"_wpcf7_version\" value=\"5.8.3\" \/>\n<input type=\"hidden\" name=\"_wpcf7_locale\" value=\"en_US\" \/>\n<input type=\"hidden\" name=\"_wpcf7_unit_tag\" value=\"wpcf7-f79-o1\" \/>\n<input type=\"hidden\" name=\"_wpcf7_container_post\" value=\"0\" \/>\n<input type=\"hidden\" name=\"_wpcf7_posted_data_hash\" value=\"\" \/>\n<\/div>\n<div class=\"column one-second\">\n\t<p><span class=\"wpcf7-form-control-wrap\" data-name=\"your-name\"><input size=\"40\" class=\"wpcf7-form-control wpcf7-text wpcf7-validates-as-required\" aria-required=\"true\" aria-invalid=\"false\" placeholder=\"Your name\" value=\"\" type=\"text\" name=\"your-name\" \/><\/span>\n\t<\/p>\n<\/div>\n<div class=\"column one-second\">\n\t<p><span class=\"wpcf7-form-control-wrap\" data-name=\"your-email\"><input size=\"40\" class=\"wpcf7-form-control wpcf7-email wpcf7-validates-as-required wpcf7-text wpcf7-validates-as-email\" aria-required=\"true\" aria-invalid=\"false\" placeholder=\"Your e-mail\" value=\"\" type=\"email\" name=\"your-email\" \/><\/span>\n\t<\/p>\n<\/div>\n<div class=\"column one\">\n\t<p><span class=\"wpcf7-form-control-wrap\" data-name=\"your-subject\"><input size=\"40\" class=\"wpcf7-form-control wpcf7-text\" aria-invalid=\"false\" placeholder=\"Subject\" value=\"\" type=\"text\" name=\"your-subject\" \/><\/span>\n\t<\/p>\n<\/div>\n<div class=\"column one\">\n\t<p><span class=\"wpcf7-form-control-wrap\" data-name=\"your-message\"><textarea cols=\"40\" rows=\"6\" class=\"wpcf7-form-control wpcf7-textarea\" aria-invalid=\"false\" placeholder=\"Message\" name=\"your-message\"><\/textarea><\/span>\n\t<\/p>\n<\/div>\n<div class=\"column one\">\n\t<p><input class=\"wpcf7-form-control wpcf7-submit has-spinner\" type=\"submit\" value=\"SEND A MESSAGE\" \/>\n\t<\/p>\n<\/div><p style=\"display: none !important;\"><label>&#916;<textarea name=\"_wpcf7_ak_hp_textarea\" cols=\"45\" rows=\"8\" maxlength=\"100\"><\/textarea><\/label><input type=\"hidden\" id=\"ak_js_1\" name=\"_wpcf7_ak_js\" value=\"48\"\/><script>document.getElementById( \"ak_js_1\" ).setAttribute( \"value\", ( new Date() ).getTime() );<\/script><\/p><div class=\"wpcf7-response-output\" aria-hidden=\"true\"><\/div>\n<\/form>\n<\/div>\n[\/vc_column][\/vc_row]<\/p>\n<\/section>","protected":false},"excerpt":{"rendered":"<p>[vc_row][vc_column][vc_single_image image=&#8220;5574&#8243; img_size=&#8220;full&#8220; alignment=&#8220;right&#8220; style=&#8220;vc_box_shadow_3d&#8220;][\/vc_column][\/vc_row][vc_row css=&#8220;.vc_custom_1615888165941{margin-top: 0px !important;margin-right: 0px !important;margin-left: 0px !important;border-top-width: 0px !important;border-left-width: 4px !important;padding-top: 0px !important;padding-right: 0px !important;padding-left: 30px !important;border-left-color: #ae3307 !important;border-left-style: dotted !important;border-top-color:<span class=\"excerpt-hellip\"> [\u2026]<\/span><\/p>\n","protected":false},"author":4,"featured_media":0,"parent":12236,"menu_order":0,"comment_status":"closed","ping_status":"closed","template":"","meta":{"_themeisle_gutenberg_block_has_review":false,"footnotes":""},"yoast_head":"<!-- This site is optimized with the Yoast SEO plugin v21.5 - https:\/\/yoast.com\/wordpress\/plugins\/seo\/ -->\n<title>Hartholz F\u00fcr Messergriffe - Prosono international<\/title>\n<meta name=\"description\" content=\"ProSono bietet hochwertige afrikanische Harth\u00f6lzer, niedriger Porosit\u00e4t f\u00fcr Custom-Messer und Besteck in limitierter Auflage. Finde mehr heraus.\" \/>\n<meta name=\"robots\" content=\"noindex, follow, max-snippet:-1, max-image-preview:large, max-video-preview:-1\" \/>\n<meta property=\"og:locale\" content=\"de_DE\" \/>\n<meta property=\"og:type\" content=\"article\" \/>\n<meta property=\"og:title\" content=\"Hartholz F\u00fcr Messergriffe - Prosono international\" \/>\n<meta property=\"og:description\" content=\"ProSono bietet hochwertige afrikanische Harth\u00f6lzer, niedriger Porosit\u00e4t f\u00fcr Custom-Messer und Besteck in limitierter Auflage. Finde mehr heraus.\" \/>\n<meta property=\"og:url\" content=\"https:\/\/dev2.prosono-hardwoods.com\/hardwood\/knife-makers\/\" \/>\n<meta property=\"og:site_name\" content=\"Prosono international\" \/>\n<meta property=\"article:modified_time\" content=\"2024-01-16T14:23:33+00:00\" \/>\n<meta name=\"twitter:card\" content=\"summary_large_image\" \/>\n<meta name=\"twitter:label1\" content=\"Gesch\u00e4tzte Lesezeit\" \/>\n\t<meta name=\"twitter:data1\" content=\"3\u00a0Minuten\" \/>\n<script type=\"application\/ld+json\" class=\"yoast-schema-graph\">{\"@context\":\"https:\/\/schema.org\",\"@graph\":[{\"@type\":\"WebPage\",\"@id\":\"https:\/\/dev2.prosono-hardwoods.com\/hardwood\/knife-makers\/\",\"url\":\"https:\/\/dev2.prosono-hardwoods.com\/hardwood\/knife-makers\/\",\"name\":\"Hartholz F\u00fcr Messergriffe - Prosono international\",\"isPartOf\":{\"@id\":\"https:\/\/dev2.prosono-hardwoods.com\/#website\"},\"datePublished\":\"2017-08-20T17:35:24+00:00\",\"dateModified\":\"2024-01-16T14:23:33+00:00\",\"description\":\"ProSono bietet hochwertige afrikanische Harth\u00f6lzer, niedriger Porosit\u00e4t f\u00fcr Custom-Messer und Besteck in limitierter Auflage. Finde mehr heraus.\",\"breadcrumb\":{\"@id\":\"https:\/\/dev2.prosono-hardwoods.com\/hardwood\/knife-makers\/#breadcrumb\"},\"inLanguage\":\"de\",\"potentialAction\":[{\"@type\":\"ReadAction\",\"target\":[\"https:\/\/dev2.prosono-hardwoods.com\/hardwood\/knife-makers\/\"]}]},{\"@type\":\"BreadcrumbList\",\"@id\":\"https:\/\/dev2.prosono-hardwoods.com\/hardwood\/knife-makers\/#breadcrumb\",\"itemListElement\":[{\"@type\":\"ListItem\",\"position\":1,\"name\":\"Accueil\",\"item\":\"https:\/\/dev2.prosono-hardwoods.com\/\"},{\"@type\":\"ListItem\",\"position\":2,\"name\":\"Hartholz\",\"item\":\"https:\/\/dev2.prosono-hardwoods.com\/de\/hartholz\/\"},{\"@type\":\"ListItem\",\"position\":3,\"name\":\"Hartholz F\u00fcr Messergriffe\"}]},{\"@type\":\"WebSite\",\"@id\":\"https:\/\/dev2.prosono-hardwoods.com\/#website\",\"url\":\"https:\/\/dev2.prosono-hardwoods.com\/\",\"name\":\"Prosono international\",\"description\":\"\",\"publisher\":{\"@id\":\"https:\/\/dev2.prosono-hardwoods.com\/#organization\"},\"potentialAction\":[{\"@type\":\"SearchAction\",\"target\":{\"@type\":\"EntryPoint\",\"urlTemplate\":\"https:\/\/dev2.prosono-hardwoods.com\/?s={search_term_string}\"},\"query-input\":\"required name=search_term_string\"}],\"inLanguage\":\"de\"},{\"@type\":\"Organization\",\"@id\":\"https:\/\/dev2.prosono-hardwoods.com\/#organization\",\"name\":\"Prosono Hardwoods International\",\"url\":\"https:\/\/dev2.prosono-hardwoods.com\/\",\"logo\":{\"@type\":\"ImageObject\",\"inLanguage\":\"de\",\"@id\":\"https:\/\/dev2.prosono-hardwoods.com\/#\/schema\/logo\/image\/\",\"url\":\"https:\/\/dev2.prosono-hardwoods.com\/wp-content\/uploads\/2020\/08\/prosono-logo@2x.png\",\"contentUrl\":\"https:\/\/dev2.prosono-hardwoods.com\/wp-content\/uploads\/2020\/08\/prosono-logo@2x.png\",\"width\":404,\"height\":90,\"caption\":\"Prosono Hardwoods International\"},\"image\":{\"@id\":\"https:\/\/dev2.prosono-hardwoods.com\/#\/schema\/logo\/image\/\"}}]}<\/script>\n<!-- \/ Yoast SEO plugin. -->","yoast_head_json":{"title":"Hartholz F\u00fcr Messergriffe - Prosono international","description":"ProSono bietet hochwertige afrikanische Harth\u00f6lzer, niedriger Porosit\u00e4t f\u00fcr Custom-Messer und Besteck in limitierter Auflage. Finde mehr heraus.","robots":{"index":"noindex","follow":"follow","max-snippet":"max-snippet:-1","max-image-preview":"max-image-preview:large","max-video-preview":"max-video-preview:-1"},"og_locale":"de_DE","og_type":"article","og_title":"Hartholz F\u00fcr Messergriffe - Prosono international","og_description":"ProSono bietet hochwertige afrikanische Harth\u00f6lzer, niedriger Porosit\u00e4t f\u00fcr Custom-Messer und Besteck in limitierter Auflage. Finde mehr heraus.","og_url":"https:\/\/dev2.prosono-hardwoods.com\/hardwood\/knife-makers\/","og_site_name":"Prosono international","article_modified_time":"2024-01-16T14:23:33+00:00","twitter_card":"summary_large_image","twitter_misc":{"Gesch\u00e4tzte Lesezeit":"3\u00a0Minuten"},"schema":{"@context":"https:\/\/schema.org","@graph":[{"@type":"WebPage","@id":"https:\/\/dev2.prosono-hardwoods.com\/hardwood\/knife-makers\/","url":"https:\/\/dev2.prosono-hardwoods.com\/hardwood\/knife-makers\/","name":"Hartholz F\u00fcr Messergriffe - Prosono international","isPartOf":{"@id":"https:\/\/dev2.prosono-hardwoods.com\/#website"},"datePublished":"2017-08-20T17:35:24+00:00","dateModified":"2024-01-16T14:23:33+00:00","description":"ProSono bietet hochwertige afrikanische Harth\u00f6lzer, niedriger Porosit\u00e4t f\u00fcr Custom-Messer und Besteck in limitierter Auflage. Finde mehr heraus.","breadcrumb":{"@id":"https:\/\/dev2.prosono-hardwoods.com\/hardwood\/knife-makers\/#breadcrumb"},"inLanguage":"de","potentialAction":[{"@type":"ReadAction","target":["https:\/\/dev2.prosono-hardwoods.com\/hardwood\/knife-makers\/"]}]},{"@type":"BreadcrumbList","@id":"https:\/\/dev2.prosono-hardwoods.com\/hardwood\/knife-makers\/#breadcrumb","itemListElement":[{"@type":"ListItem","position":1,"name":"Accueil","item":"https:\/\/dev2.prosono-hardwoods.com\/"},{"@type":"ListItem","position":2,"name":"Hartholz","item":"https:\/\/dev2.prosono-hardwoods.com\/de\/hartholz\/"},{"@type":"ListItem","position":3,"name":"Hartholz F\u00fcr Messergriffe"}]},{"@type":"WebSite","@id":"https:\/\/dev2.prosono-hardwoods.com\/#website","url":"https:\/\/dev2.prosono-hardwoods.com\/","name":"Prosono international","description":"","publisher":{"@id":"https:\/\/dev2.prosono-hardwoods.com\/#organization"},"potentialAction":[{"@type":"SearchAction","target":{"@type":"EntryPoint","urlTemplate":"https:\/\/dev2.prosono-hardwoods.com\/?s={search_term_string}"},"query-input":"required name=search_term_string"}],"inLanguage":"de"},{"@type":"Organization","@id":"https:\/\/dev2.prosono-hardwoods.com\/#organization","name":"Prosono Hardwoods International","url":"https:\/\/dev2.prosono-hardwoods.com\/","logo":{"@type":"ImageObject","inLanguage":"de","@id":"https:\/\/dev2.prosono-hardwoods.com\/#\/schema\/logo\/image\/","url":"https:\/\/dev2.prosono-hardwoods.com\/wp-content\/uploads\/2020\/08\/prosono-logo@2x.png","contentUrl":"https:\/\/dev2.prosono-hardwoods.com\/wp-content\/uploads\/2020\/08\/prosono-logo@2x.png","width":404,"height":90,"caption":"Prosono Hardwoods International"},"image":{"@id":"https:\/\/dev2.prosono-hardwoods.com\/#\/schema\/logo\/image\/"}}]}},"_links":{"self":[{"href":"https:\/\/dev2.prosono-hardwoods.com\/de\/wp-json\/wp\/v2\/pages\/1575"}],"collection":[{"href":"https:\/\/dev2.prosono-hardwoods.com\/de\/wp-json\/wp\/v2\/pages"}],"about":[{"href":"https:\/\/dev2.prosono-hardwoods.com\/de\/wp-json\/wp\/v2\/types\/page"}],"author":[{"embeddable":true,"href":"https:\/\/dev2.prosono-hardwoods.com\/de\/wp-json\/wp\/v2\/users\/4"}],"replies":[{"embeddable":true,"href":"https:\/\/dev2.prosono-hardwoods.com\/de\/wp-json\/wp\/v2\/comments?post=1575"}],"version-history":[{"count":20,"href":"https:\/\/dev2.prosono-hardwoods.com\/de\/wp-json\/wp\/v2\/pages\/1575\/revisions"}],"predecessor-version":[{"id":23942,"href":"https:\/\/dev2.prosono-hardwoods.com\/de\/wp-json\/wp\/v2\/pages\/1575\/revisions\/23942"}],"up":[{"embeddable":true,"href":"https:\/\/dev2.prosono-hardwoods.com\/de\/wp-json\/wp\/v2\/pages\/12236"}],"wp:attachment":[{"href":"https:\/\/dev2.prosono-hardwoods.com\/de\/wp-json\/wp\/v2\/media?parent=1575"}],"curies":[{"name":"wp","href":"https:\/\/api.w.org\/{rel}","templated":true}]}}