{"id":1579,"date":"2017-08-20T23:57:28","date_gmt":"2017-08-20T21:57:28","guid":{"rendered":"https:\/\/dev2.prosono-hardwoods.com\/parquets-mosaiques-traditionnels\/"},"modified":"2024-01-12T13:49:55","modified_gmt":"2024-01-12T12:49:55","slug":"parquett","status":"publish","type":"page","link":"https:\/\/dev2.prosono-hardwoods.com\/de\/parquett\/","title":{"rendered":"Parquett"},"content":{"rendered":"<section class=\"wpb-content-wrapper\"><p>[vc_row][vc_column][vc_single_image image=&#8220;7474&#8243; img_size=&#8220;full&#8220; alignment=&#8220;right&#8220; style=&#8220;vc_box_shadow_3d&#8220;][\/vc_column][\/vc_row][vc_row css=&#8220;.vc_custom_1615888165941{margin-top: 0px !important;margin-right: 0px !important;margin-left: 0px !important;border-top-width: 0px !important;border-left-width: 4px !important;padding-top: 0px !important;padding-right: 0px !important;padding-left: 30px !important;border-left-color: #ae3307 !important;border-left-style: dotted !important;border-top-color: #ae3307 !important;border-top-style: dotted !important;}&#8220;][vc_column width=&#8220;2\/3&#8243; css=&#8220;.vc_custom_1599654008285{margin-top: 0px !important;margin-bottom: 0px !important;padding-top: 0px !important;padding-bottom: 0px !important;}&#8220;][vc_column_text]<\/p>\n<h2><strong>Massivholz- und Parkettb\u00f6den aus Tropenholz<\/strong><\/h2>\n<p>[\/vc_column_text][vc_column_text css=&#8220;.vc_custom_1658129330258{margin-bottom: 0px !important;border-bottom-width: 0px !important;padding-right: 10px !important;padding-bottom: 0px !important;}&#8220;]ProSono bietet Massivholzb\u00f6den und Parkettb\u00f6den an, die aus wertvollem afrikanischem Hartholz gefertigt werden.<\/p>\n<p>Unsere exotischen Holzb\u00f6den&#8230;<\/p>\n<ul>\n<li>ist handgefertigt, einzigartig und sch\u00f6n anzusehen<\/li>\n<li>kann individuell gestaltet werden, mit einer Auswahl an Harth\u00f6lzern und Mustern<\/li>\n<li>verleiht jedem Heim einen erheblichen Mehrwert<\/li>\n<li>h\u00e4lt ein Leben lang (oder mehrere Leben!).<\/li>\n<\/ul>\n<p style=\"font-weight: 400;\">Wir bieten wirklich au\u00dfergew\u00f6hnlichen Wert. Dies liegt daran,\u00a0dass wir erhebliche Mengen hochwertiger Hartholzteile verkaufen, die f\u00fcr die Herstellung von Musikinstrumenten verwendet werden. Die Kosten f\u00fcr das Hartholz werden vollst\u00e4ndig von dieser Seite unseres Unternehmens getragen. Dies bedeutet, dass wir exotische Hartholzb\u00f6den zu viel geringeren Kosten anbieten k\u00f6nnen, als dies sonst m\u00f6glich w\u00e4re.<\/p>\n<p>Unser f\u00fchrendes Hartholz f\u00fcr Fu\u00dfb\u00f6den ist Ebenholz der Pharaonen \u2013 entweder ganz schwarz oder mit 25 % oder mehr Splintholz.<\/p>\n<p>Unsere Holzb\u00f6den sind auch in Mopane, Pink ivory (Rotem Elfenbein) und Tambotie (Afrikanischem Cocobolo) erh\u00e4ltlich, obwohl die Verf\u00fcgbarkeit dieser Holzarten begrenzt ist. Mopane und Pink ivory\u00a0werden h\u00e4ufig verwendet, um Mosaikmustern zu schaffen.[\/vc_column_text][\/vc_column][vc_column width=&#8220;1\/3&#8243; css=&#8220;.vc_custom_1599654454226{margin-top: 0px !important;margin-right: 0px !important;margin-bottom: 0px !important;border-right-width: 0px !important;padding-top: 0px !important;padding-right: 0px !important;padding-bottom: 0px !important;padding-left: 20px !important;}&#8220;][vc_column_text]<\/p>\n<h2><strong>Hartholzarten<\/strong><\/h2>\n<p>[\/vc_column_text][vc_column_text css=&#8220;.vc_custom_1657882597936{margin-right: 0px !important;border-right-width: 0px !important;padding-top: 18px !important;padding-right: 18px !important;padding-bottom: 18px !important;padding-left: 18px !important;background-color: #f6f5f1 !important;border-radius: 10px !important;}&#8220;]<\/p>\n<ul>\n<li><span style=\"color: #000000;\"><a style=\"color: #000000; text-decoration: underline;\" href=\"https:\/\/dev2.prosono-hardwoods.com\/de\/holzarten\/afrikanisches-cocobolo-spirostachys-africana\/\">Afrikanisches Cocobolo<\/a><\/span><\/li>\n<li><span style=\"color: #000000;\">Ebenholz<\/span><\/li>\n<li><span style=\"color: #000000;\"><a style=\"color: #000000; text-decoration: underline;\" href=\"https:\/\/dev2.prosono-hardwoods.com\/de\/holzarten\/mopani-colophospermum-mopane\/\">Mopane<\/a><\/span><\/li>\n<li><span style=\"color: #000000;\"><a style=\"color: #000000; text-decoration: underline;\" href=\"https:\/\/dev2.prosono-hardwoods.com\/de\/holzarten\/pink-ivory-berchimia-zeyheri\/\">Pink ivory (Rotes oder rosafarbenes Elfenbein)<\/a><\/span><\/li>\n<\/ul>\n<p>[\/vc_column_text][\/vc_column][\/vc_row][vc_row][vc_column offset=&#8220;vc_hidden-sm vc_hidden-xs&#8220;][vc_images_carousel images=&#8220;6554,6546,6550,6542,6534,6562&#8243; img_size=&#8220;medium&#8220; slides_per_view=&#8220;6&#8243; hide_pagination_control=&#8220;yes&#8220; hide_prev_next_buttons=&#8220;yes&#8220;][vc_row_inner css=&#8220;.vc_custom_1599543358749{margin-top: 0px !important;margin-bottom: 0px !important;border-top-width: 0px !important;border-bottom-width: 0px !important;padding-top: 0px !important;padding-bottom: 0px !important;}&#8220;][vc_column_inner][vc_column_text css=&#8220;.vc_custom_1657882626014{margin-bottom: 50px !important;padding-top: 30px !important;padding-right: 30px !important;padding-bottom: 30px !important;padding-left: 30px !important;background-color: #77654d !important;}&#8220;]<\/p>\n<h3 style=\"text-align: center;\"><span style=\"color: #ffffff;\"><em>\u201e&#8230;Lassen Sie mich Ihnen sagen, dass die Qualit\u00e4t hervorragend ist!\u201c<\/em><\/span><\/h3>\n<h6 style=\"text-align: center;\"><span style=\"color: #ffffff;\"><strong>~ Pedro Jorge<\/strong><\/span><\/h6>\n<p>[\/vc_column_text][vc_btn title=&#8220;Kontaktieren Sie uns&#8220; style=&#8220;flat&#8220; shape=&#8220;square&#8220; color=&#8220;danger&#8220; size=&#8220;lg&#8220; align=&#8220;center&#8220; css=&#8220;.vc_custom_1705063734877{margin-bottom: 20px !important;border-bottom-width: 0px !important;padding-bottom: 0px !important;}&#8220; link=&#8220;url:%23form&#8220;][\/vc_column_inner][\/vc_row_inner][\/vc_column][\/vc_row][vc_row css=&#8220;.vc_custom_1623228596193{padding-top: 50px !important;padding-bottom: 0px !important;}&#8220; el_id=&#8220;dimensions&#8220;][vc_column][vc_text_separator title=&#8220;Massivparkett | Parkettboden&#8220; color=&#8220;custom&#8220; border_width=&#8220;4&#8243; css=&#8220;.vc_custom_1657882658886{margin-top: 10px !important;}&#8220; accent_color=&#8220;#b53a2c&#8220;][vc_column_text]<\/p>\n<p style=\"text-align: center;\">Die folgende Tabelle listet die verschiedenen edlen Harth\u00f6lzer auf, die wir als Bodenbelag liefern (nach Verf\u00fcgbarkeit), sowie Standardmotive f\u00fcr unser Mosaikparkett.<\/p>\n<p style=\"text-align: center;\">Wir bieten auch individuelle Holzbodenmuster an. Z\u00f6gern Sie nicht, uns mit Ihrem eigenen Boden- oder Logodesign zu kontaktieren.<\/p>\n<p>[\/vc_column_text][\/vc_column][\/vc_row][vc_row][vc_column width=&#8220;1\/6&#8243;][\/vc_column][vc_column width=&#8220;2\/3&#8243;][vc_column_text]<\/p>\n<table width=\"100%\">\n<tbody>\n<tr style=\"background-color: #dcdad2;\">\n<td colspan=\"2\" width=\"616\">\n<p style=\"text-align: center;\"><strong>Massivparkett<\/strong><em>\u00a0<\/em><\/p>\n<\/td>\n<\/tr>\n<tr>\n<td style=\"text-align: left;\" width=\"308\"><strong>Hartholz<\/strong><\/td>\n<td style=\"text-align: left;\" width=\"308\">\n<p style=\"text-align: left;\"><strong>Pr\u00e4sentation<\/strong><\/p>\n<\/td>\n<\/tr>\n<tr>\n<td style=\"text-align: left;\" width=\"308\">Mopane-Parkettboden<\/td>\n<td width=\"308\">\n<p style=\"text-align: left;\">Blutrot, wenn vollst\u00e4ndig oxidiert<\/p>\n<\/td>\n<\/tr>\n<tr>\n<td style=\"text-align: left;\" width=\"308\">Ebenholz-Parkettboden<\/td>\n<td width=\"308\">\n<p style=\"text-align: left;\">Schwarz mit dunkelbraunen Streifen<\/p>\n<\/td>\n<\/tr>\n<tr>\n<td style=\"text-align: left;\" width=\"308\">Roter Elfenbein-Parkettboden<\/td>\n<td width=\"308\">\n<p style=\"text-align: left;\">Ros\u00e9 Weinfarbe<\/p>\n<\/td>\n<\/tr>\n<tr>\n<td style=\"text-align: left;\" width=\"308\">Afrikanischer Cocobolo-Parkettboden<\/td>\n<td width=\"308\">\n<p style=\"text-align: left;\">Rustikales Braun mit ausgepr\u00e4gtem, angenehmem Holzgeruch<\/p>\n<\/td>\n<\/tr>\n<tr style=\"background-color: #dcdad2;\">\n<td style=\"text-align: center;\" colspan=\"2\" width=\"616\"><strong>Parkett (Mosaik) Holzb\u00f6den: Standardmuster<\/strong><\/td>\n<\/tr>\n<tr>\n<td style=\"text-align: left;\" width=\"308\"><strong>Parkettmuster und Holzkombinationen<\/strong><\/td>\n<td width=\"308\">\n<p style=\"text-align: left;\"><strong>Pr\u00e4sentation<\/strong><\/p>\n<\/td>\n<\/tr>\n<tr>\n<td style=\"text-align: left;\" width=\"308\">Afrikanisches Cocobolo mit Splintholz<\/td>\n<td width=\"308\">\n<p style=\"text-align: left;\">Rustikales Braun mit sehr markantem gelbem Splintholz<\/p>\n<\/td>\n<\/tr>\n<tr>\n<td style=\"text-align: left;\" width=\"308\">Ebenholzrahmen<\/td>\n<td width=\"308\">\n<p style=\"text-align: left;\">Abwechselnde Farben, innere und \u00e4u\u00dfere Quadrate<\/p>\n<\/td>\n<\/tr>\n<tr>\n<td style=\"text-align: left;\" width=\"308\">Ebenholz mit Splint<\/td>\n<td width=\"308\">\n<p style=\"text-align: left;\">Schwarz mit gelben Streifen vom Splint<\/p>\n<\/td>\n<\/tr>\n<tr>\n<td style=\"text-align: left;\" width=\"308\"><a href=\"#Haddon\">Haddon Hall<\/a> Parkettboden (Ebenholz\/Mopane\/Ebenholz oder Mopane\/Ebenholz\/Mopane)<\/td>\n<td width=\"308\">\n<p style=\"text-align: left;\">Wechselnde Farben in einem Zickzackmuster<\/p>\n<\/td>\n<\/tr>\n<tr>\n<td style=\"text-align: left;\" width=\"308\"><a href=\"#Haddon\">Fischschalen<\/a> Parkett<\/td>\n<td width=\"308\">\n<p style=\"text-align: left;\">Alternative Farben auf der Diagonale<\/p>\n<\/td>\n<\/tr>\n<tr>\n<td style=\"text-align: left;\" width=\"308\">Mopane-Rahmen<\/td>\n<td width=\"308\">\n<p style=\"text-align: left;\">Abwechselnde Farben, innere und \u00e4u\u00dfere Quadrate<\/p>\n<\/td>\n<\/tr>\n<tr>\n<td style=\"text-align: left;\" width=\"308\">Mopane mit Splintholz<\/td>\n<td width=\"308\">\n<p style=\"text-align: left;\">Rot mit hellrotem Splintholz<\/p>\n<\/td>\n<\/tr>\n<tr>\n<td style=\"text-align: left;\" width=\"308\">Kleine Steine; Ebenholz und Mopane<\/td>\n<td width=\"308\">\n<p style=\"text-align: left;\">Kombination aus elegantem Schwarz und Rotbraun<\/p>\n<\/td>\n<\/tr>\n<\/tbody>\n<\/table>\n<p>[\/vc_column_text][\/vc_column][vc_column width=&#8220;1\/6&#8243;][\/vc_column][\/vc_row][vc_row css=&#8220;.vc_custom_1599551732879{padding-top: 50px !important;}&#8220;][vc_column][vc_text_separator title=&#8220;MASSIVHOLZBODEN AUS EXOTISCHEM HOLZ&#8220; color=&#8220;custom&#8220; border_width=&#8220;4&#8243; css=&#8220;.vc_custom_1658129543875{margin-top: 10px !important;}&#8220; accent_color=&#8220;#b53a2c&#8220;][\/vc_column][\/vc_row][vc_row][vc_column width=&#8220;1\/2&#8243;][vc_column_text css=&#8220;.vc_custom_1660566791003{margin-bottom: 30px !important;padding-top: 30px !important;padding-right: 30px !important;padding-bottom: 30px !important;padding-left: 30px !important;background-color: #f6f5f1 !important;border-radius: 10px !important;}&#8220; el_id=&#8220;clarinet&#8220;]<\/p>\n<h3><strong>Massivparkett<\/strong><\/h3>\n<p>Unsere Massivholz-Bodenfliesen bestehen aus 8 mm dickem Hartholz, das bis zu einem Feuchtigkeitsgehalt von 6 % bis 9 % getrocknet wird.<\/p>\n<p>Wir bieten F\u00fcnf- und Sechs-Finger-Kombinationen in einer von vier Fliesengr\u00f6\u00dfen an:<\/p>\n<ul>\n<li>250 x 250 mm<\/li>\n<li>280 x 280 mm<\/li>\n<li>300 x 300 mm<\/li>\n<li>360 x 360 mm.<\/li>\n<\/ul>\n<p>Die verwendeten Fliesengr\u00f6\u00dfen h\u00e4ngen vom gew\u00e4hlten Bodenmuster oder -design ab.<\/p>\n<h3><strong>Mosaikparkettfliesen<\/strong><\/h3>\n<p>Mosaikparkett kombiniert Finger aus Hartholz zu attraktiven Mustern. Die Finger aus Holz sind perfekt gehobelt und sorgf\u00e4ltig von Hand zusammengesetzt.<\/p>\n<p>Um Muster zu schaffen, die verschiedene Farben oder Schattierungen beinhalten, kombiniert der Bodenbelag entweder:<\/p>\n<ul>\n<li>Kern- und Splintholz der gleichen Holzart (diese k\u00f6nnen je nach Art farblich auffallend unterschiedlich sein)<\/li>\n<li>mehr als eine Hartholzart.<\/li>\n<\/ul>\n<p>Abl\u00f6sbares 3M-Klebepapier wird auf die zusammengesetzten Hartholzfliesen gelegt. Es wird vom Bodenleger entfernt, wenn der Kleber getrocknet ist. Dadurch wird die beste Haftung des Parkettbodens und des Estrichs gew\u00e4hrleistet.<\/p>\n<h4 id=\"Haddon\"><strong>Haltbarkeit von Holzparkett<\/strong><\/h4>\n<p>Parkettb\u00f6den aus exotischen H\u00f6lzern haben eine sehr hohe Abriebfestigkeit. Sie halten ein Leben lang, selbst in stark frequentierten Bereichen.<\/p>\n<p>Da unsere Parkett-Holzfliesen 8 mm dick sind, k\u00f6nnen sie mehrfach geschliffen werden.<\/p>\n<h4><strong>Parkettmuster f\u00fcr Holzb\u00f6den<\/strong><\/h4>\n<p>Das Parkettmuster von <strong>Haddon Hall<\/strong> besteht aus mehreren Quadraten, die jeweils mit einer Reihe rechteckiger Holzfinger erstellt werden. Dieses traditionelle geometrische Design ist nach einem Landsitz in England benannt, der im 11. Jahrhundert erbaut wurde.<\/p>\n<p>Bei <strong>Bodenfliesen mit Fischschalen<\/strong> werden zwei rechteckige Holzfinger in 90-Grad-Winkeln zusammengef\u00fcgt. Zwei weitere Finger werden im gleichen Winkel zusammengef\u00fcgt und dann innerhalb des Winkels verschachtelt, der durch die ersten St\u00fccke entsteht. Dies wird wiederholt, wodurch ein Muster entsteht, das den Knochen eines Herings \u00e4hnelt.<\/p>\n<p>Auch eine Vielzahl anderer Parkettmuster \u2013 zum Beispiel <strong>Schachbrettmuster, Chevron<\/strong>, das klassische Versailles-Bodenmuster oder ein individuelles Design \u2013 sind realisierbar.<\/p>\n<p>F\u00fcr diejenigen, die in der N\u00e4he wohnen, befindet sich unser Ausstellungsraum in Fourways, n\u00f6rdlich von Johannesburg. Bitte vereinbaren Sie einen Besuch, um sich unsere exotischen Hartholzb\u00f6den anzusehen. Unsere B\u00fcronummer ist <a href=\"tel:0115160252\">(011) 516 0252<\/a> oder kontaktieren Sie uns per Handy unter <a href=\"tel:0826520747\">082 652 0747<\/a>.[\/vc_column_text][\/vc_column][vc_column width=&#8220;1\/2&#8243;][vc_single_image image=&#8220;6518&#8243; img_size=&#8220;full&#8220; alignment=&#8220;center&#8220; style=&#8220;vc_box_shadow_3d&#8220; css=&#8220;.vc_custom_1657883765970{margin-top: 3px !important;}&#8220;][vc_single_image image=&#8220;6526&#8243; img_size=&#8220;full&#8220; alignment=&#8220;center&#8220; style=&#8220;vc_box_shadow_3d&#8220; css=&#8220;.vc_custom_1658129096547{margin-top: -30px !important;border-top-width: 0px !important;border-bottom-width: 5px !important;padding-top: 0px !important;}&#8220;][vc_single_image image=&#8220;6522&#8243; img_size=&#8220;full&#8220; alignment=&#8220;center&#8220; style=&#8220;vc_box_shadow_3d&#8220; css=&#8220;.vc_custom_1623234301014{margin-top: -30px !important;border-top-width: 0px !important;border-bottom-width: 5px !important;padding-top: 0px !important;}&#8220;][\/vc_column][\/vc_row][vc_row][vc_column css=&#8220;.vc_custom_1615897223399{padding-top: 50px !important;}&#8220; el_id=&#8220;form&#8220;][vc_text_separator title=&#8220;F\u00dcR WEITERE INFORMATIONEN KONTAKTIEREN SIE UNS&#8220; color=&#8220;custom&#8220; border_width=&#8220;4&#8243; el_width=&#8220;60&#8243; css=&#8220;.vc_custom_1657883518319{margin-top: 10px !important;}&#8220; accent_color=&#8220;#b53a2c&#8220;][\/vc_column][\/vc_row][vc_row][vc_column]\n<div class=\"wpcf7 no-js\" id=\"wpcf7-f1550-o1\" lang=\"en-US\" dir=\"ltr\">\n<div class=\"screen-reader-response\"><p role=\"status\" aria-live=\"polite\" aria-atomic=\"true\"><\/p> <ul><\/ul><\/div>\n<form action=\"\/de\/wp-json\/wp\/v2\/pages\/1579#wpcf7-f1550-o1\" method=\"post\" class=\"wpcf7-form init\" aria-label=\"Contact form\" novalidate=\"novalidate\" data-status=\"init\">\n<div style=\"display: none;\">\n<input type=\"hidden\" name=\"_wpcf7\" value=\"1550\" \/>\n<input type=\"hidden\" name=\"_wpcf7_version\" value=\"5.8.3\" \/>\n<input type=\"hidden\" name=\"_wpcf7_locale\" value=\"en_US\" \/>\n<input type=\"hidden\" name=\"_wpcf7_unit_tag\" value=\"wpcf7-f1550-o1\" \/>\n<input type=\"hidden\" name=\"_wpcf7_container_post\" value=\"0\" \/>\n<input type=\"hidden\" name=\"_wpcf7_posted_data_hash\" value=\"\" \/>\n<\/div>\n<div class=\"column one-second\">\n\t<p><span class=\"wpcf7-form-control-wrap\" data-name=\"your-name\"><input size=\"40\" class=\"wpcf7-form-control wpcf7-text wpcf7-validates-as-required\" aria-required=\"true\" aria-invalid=\"false\" placeholder=\"Ihr Name\" value=\"\" type=\"text\" name=\"your-name\" \/><\/span>\n\t<\/p>\n<\/div>\n<div class=\"column one-second\">\n\t<p><span class=\"wpcf7-form-control-wrap\" data-name=\"your-email\"><input size=\"40\" class=\"wpcf7-form-control wpcf7-email wpcf7-validates-as-required wpcf7-text wpcf7-validates-as-email\" aria-required=\"true\" aria-invalid=\"false\" placeholder=\"Ihre E-Mail-Adresse\" value=\"\" type=\"email\" name=\"your-email\" \/><\/span>\n\t<\/p>\n<\/div>\n<div class=\"column one\">\n\t<p><span class=\"wpcf7-form-control-wrap\" data-name=\"your-subject\"><input size=\"40\" class=\"wpcf7-form-control wpcf7-text\" aria-invalid=\"false\" placeholder=\"Thema\" value=\"\" type=\"text\" name=\"your-subject\" \/><\/span>\n\t<\/p>\n<\/div>\n<div class=\"column one\">\n\t<p><span class=\"wpcf7-form-control-wrap\" data-name=\"your-message\"><textarea cols=\"40\" rows=\"6\" class=\"wpcf7-form-control wpcf7-textarea\" aria-invalid=\"false\" placeholder=\"Ihre Nachricht\" name=\"your-message\"><\/textarea><\/span>\n\t<\/p>\n<\/div>\n<div class=\"column one\">\n\t<p><input class=\"wpcf7-form-control wpcf7-submit has-spinner\" type=\"submit\" value=\"SENDEN\" \/>\n\t<\/p>\n<\/div><p style=\"display: none !important;\"><label>&#916;<textarea name=\"_wpcf7_ak_hp_textarea\" cols=\"45\" rows=\"8\" maxlength=\"100\"><\/textarea><\/label><input type=\"hidden\" id=\"ak_js_1\" name=\"_wpcf7_ak_js\" value=\"208\"\/><script>document.getElementById( \"ak_js_1\" ).setAttribute( \"value\", ( new Date() ).getTime() );<\/script><\/p><div class=\"wpcf7-response-output\" aria-hidden=\"true\"><\/div>\n<\/form>\n<\/div>\n[\/vc_column][\/vc_row]<\/p>\n<\/section>","protected":false},"excerpt":{"rendered":"<p>[vc_row][vc_column][vc_single_image image=&#8220;7474&#8243; img_size=&#8220;full&#8220; alignment=&#8220;right&#8220; style=&#8220;vc_box_shadow_3d&#8220;][\/vc_column][\/vc_row][vc_row css=&#8220;.vc_custom_1615888165941{margin-top: 0px !important;margin-right: 0px !important;margin-left: 0px !important;border-top-width: 0px !important;border-left-width: 4px !important;padding-top: 0px !important;padding-right: 0px !important;padding-left: 30px !important;border-left-color: #ae3307 !important;border-left-style: dotted !important;border-top-color:<span class=\"excerpt-hellip\"> [\u2026]<\/span><\/p>\n","protected":false},"author":4,"featured_media":0,"parent":0,"menu_order":0,"comment_status":"closed","ping_status":"closed","template":"","meta":{"_themeisle_gutenberg_block_has_review":false,"footnotes":""},"yoast_head":"<!-- This site is optimized with the Yoast SEO plugin v21.5 - https:\/\/yoast.com\/wordpress\/plugins\/seo\/ -->\n<title>Edle Parkettb\u00f6den zu verkaufen - Prosono international<\/title>\n<meta name=\"description\" content=\"ProSono bietet hochwertige Massiv- Parkettb\u00f6den in Ebenholz, Mopane und Rotelfenbein an. Finde mehr heraus.\" \/>\n<meta name=\"robots\" content=\"noindex, follow, max-snippet:-1, max-image-preview:large, max-video-preview:-1\" \/>\n<meta property=\"og:locale\" content=\"de_DE\" \/>\n<meta property=\"og:type\" content=\"article\" \/>\n<meta property=\"og:title\" content=\"Edle Parkettb\u00f6den zu verkaufen - Prosono international\" \/>\n<meta property=\"og:description\" content=\"ProSono bietet hochwertige Massiv- Parkettb\u00f6den in Ebenholz, Mopane und Rotelfenbein an. Finde mehr heraus.\" \/>\n<meta property=\"og:url\" content=\"https:\/\/dev2.prosono-hardwoods.com\/de\/parquett\/\" \/>\n<meta property=\"og:site_name\" content=\"Prosono international\" \/>\n<meta property=\"article:modified_time\" content=\"2024-01-12T12:49:55+00:00\" \/>\n<meta name=\"twitter:card\" content=\"summary_large_image\" \/>\n<meta name=\"twitter:label1\" content=\"Gesch\u00e4tzte Lesezeit\" \/>\n\t<meta name=\"twitter:data1\" content=\"4\u00a0Minuten\" \/>\n<script type=\"application\/ld+json\" class=\"yoast-schema-graph\">{\"@context\":\"https:\/\/schema.org\",\"@graph\":[{\"@type\":\"WebPage\",\"@id\":\"https:\/\/dev2.prosono-hardwoods.com\/de\/parquett\/\",\"url\":\"https:\/\/dev2.prosono-hardwoods.com\/de\/parquett\/\",\"name\":\"Edle Parkettb\u00f6den zu verkaufen - Prosono international\",\"isPartOf\":{\"@id\":\"https:\/\/dev2.prosono-hardwoods.com\/#website\"},\"datePublished\":\"2017-08-20T21:57:28+00:00\",\"dateModified\":\"2024-01-12T12:49:55+00:00\",\"description\":\"ProSono bietet hochwertige Massiv- Parkettb\u00f6den in Ebenholz, Mopane und Rotelfenbein an. Finde mehr heraus.\",\"breadcrumb\":{\"@id\":\"https:\/\/dev2.prosono-hardwoods.com\/de\/parquett\/#breadcrumb\"},\"inLanguage\":\"de\",\"potentialAction\":[{\"@type\":\"ReadAction\",\"target\":[\"https:\/\/dev2.prosono-hardwoods.com\/de\/parquett\/\"]}]},{\"@type\":\"BreadcrumbList\",\"@id\":\"https:\/\/dev2.prosono-hardwoods.com\/de\/parquett\/#breadcrumb\",\"itemListElement\":[{\"@type\":\"ListItem\",\"position\":1,\"name\":\"Accueil\",\"item\":\"https:\/\/dev2.prosono-hardwoods.com\/\"},{\"@type\":\"ListItem\",\"position\":2,\"name\":\"Parquett\"}]},{\"@type\":\"WebSite\",\"@id\":\"https:\/\/dev2.prosono-hardwoods.com\/#website\",\"url\":\"https:\/\/dev2.prosono-hardwoods.com\/\",\"name\":\"Prosono international\",\"description\":\"\",\"publisher\":{\"@id\":\"https:\/\/dev2.prosono-hardwoods.com\/#organization\"},\"potentialAction\":[{\"@type\":\"SearchAction\",\"target\":{\"@type\":\"EntryPoint\",\"urlTemplate\":\"https:\/\/dev2.prosono-hardwoods.com\/?s={search_term_string}\"},\"query-input\":\"required name=search_term_string\"}],\"inLanguage\":\"de\"},{\"@type\":\"Organization\",\"@id\":\"https:\/\/dev2.prosono-hardwoods.com\/#organization\",\"name\":\"Prosono Hardwoods International\",\"url\":\"https:\/\/dev2.prosono-hardwoods.com\/\",\"logo\":{\"@type\":\"ImageObject\",\"inLanguage\":\"de\",\"@id\":\"https:\/\/dev2.prosono-hardwoods.com\/#\/schema\/logo\/image\/\",\"url\":\"https:\/\/dev2.prosono-hardwoods.com\/wp-content\/uploads\/2020\/08\/prosono-logo@2x.png\",\"contentUrl\":\"https:\/\/dev2.prosono-hardwoods.com\/wp-content\/uploads\/2020\/08\/prosono-logo@2x.png\",\"width\":404,\"height\":90,\"caption\":\"Prosono Hardwoods International\"},\"image\":{\"@id\":\"https:\/\/dev2.prosono-hardwoods.com\/#\/schema\/logo\/image\/\"}}]}<\/script>\n<!-- \/ Yoast SEO plugin. -->","yoast_head_json":{"title":"Edle Parkettb\u00f6den zu verkaufen - Prosono international","description":"ProSono bietet hochwertige Massiv- Parkettb\u00f6den in Ebenholz, Mopane und Rotelfenbein an. Finde mehr heraus.","robots":{"index":"noindex","follow":"follow","max-snippet":"max-snippet:-1","max-image-preview":"max-image-preview:large","max-video-preview":"max-video-preview:-1"},"og_locale":"de_DE","og_type":"article","og_title":"Edle Parkettb\u00f6den zu verkaufen - Prosono international","og_description":"ProSono bietet hochwertige Massiv- Parkettb\u00f6den in Ebenholz, Mopane und Rotelfenbein an. Finde mehr heraus.","og_url":"https:\/\/dev2.prosono-hardwoods.com\/de\/parquett\/","og_site_name":"Prosono international","article_modified_time":"2024-01-12T12:49:55+00:00","twitter_card":"summary_large_image","twitter_misc":{"Gesch\u00e4tzte Lesezeit":"4\u00a0Minuten"},"schema":{"@context":"https:\/\/schema.org","@graph":[{"@type":"WebPage","@id":"https:\/\/dev2.prosono-hardwoods.com\/de\/parquett\/","url":"https:\/\/dev2.prosono-hardwoods.com\/de\/parquett\/","name":"Edle Parkettb\u00f6den zu verkaufen - Prosono international","isPartOf":{"@id":"https:\/\/dev2.prosono-hardwoods.com\/#website"},"datePublished":"2017-08-20T21:57:28+00:00","dateModified":"2024-01-12T12:49:55+00:00","description":"ProSono bietet hochwertige Massiv- Parkettb\u00f6den in Ebenholz, Mopane und Rotelfenbein an. Finde mehr heraus.","breadcrumb":{"@id":"https:\/\/dev2.prosono-hardwoods.com\/de\/parquett\/#breadcrumb"},"inLanguage":"de","potentialAction":[{"@type":"ReadAction","target":["https:\/\/dev2.prosono-hardwoods.com\/de\/parquett\/"]}]},{"@type":"BreadcrumbList","@id":"https:\/\/dev2.prosono-hardwoods.com\/de\/parquett\/#breadcrumb","itemListElement":[{"@type":"ListItem","position":1,"name":"Accueil","item":"https:\/\/dev2.prosono-hardwoods.com\/"},{"@type":"ListItem","position":2,"name":"Parquett"}]},{"@type":"WebSite","@id":"https:\/\/dev2.prosono-hardwoods.com\/#website","url":"https:\/\/dev2.prosono-hardwoods.com\/","name":"Prosono international","description":"","publisher":{"@id":"https:\/\/dev2.prosono-hardwoods.com\/#organization"},"potentialAction":[{"@type":"SearchAction","target":{"@type":"EntryPoint","urlTemplate":"https:\/\/dev2.prosono-hardwoods.com\/?s={search_term_string}"},"query-input":"required name=search_term_string"}],"inLanguage":"de"},{"@type":"Organization","@id":"https:\/\/dev2.prosono-hardwoods.com\/#organization","name":"Prosono Hardwoods International","url":"https:\/\/dev2.prosono-hardwoods.com\/","logo":{"@type":"ImageObject","inLanguage":"de","@id":"https:\/\/dev2.prosono-hardwoods.com\/#\/schema\/logo\/image\/","url":"https:\/\/dev2.prosono-hardwoods.com\/wp-content\/uploads\/2020\/08\/prosono-logo@2x.png","contentUrl":"https:\/\/dev2.prosono-hardwoods.com\/wp-content\/uploads\/2020\/08\/prosono-logo@2x.png","width":404,"height":90,"caption":"Prosono Hardwoods International"},"image":{"@id":"https:\/\/dev2.prosono-hardwoods.com\/#\/schema\/logo\/image\/"}}]}},"_links":{"self":[{"href":"https:\/\/dev2.prosono-hardwoods.com\/de\/wp-json\/wp\/v2\/pages\/1579"}],"collection":[{"href":"https:\/\/dev2.prosono-hardwoods.com\/de\/wp-json\/wp\/v2\/pages"}],"about":[{"href":"https:\/\/dev2.prosono-hardwoods.com\/de\/wp-json\/wp\/v2\/types\/page"}],"author":[{"embeddable":true,"href":"https:\/\/dev2.prosono-hardwoods.com\/de\/wp-json\/wp\/v2\/users\/4"}],"replies":[{"embeddable":true,"href":"https:\/\/dev2.prosono-hardwoods.com\/de\/wp-json\/wp\/v2\/comments?post=1579"}],"version-history":[{"count":15,"href":"https:\/\/dev2.prosono-hardwoods.com\/de\/wp-json\/wp\/v2\/pages\/1579\/revisions"}],"predecessor-version":[{"id":4455,"href":"https:\/\/dev2.prosono-hardwoods.com\/de\/wp-json\/wp\/v2\/pages\/1579\/revisions\/4455"}],"wp:attachment":[{"href":"https:\/\/dev2.prosono-hardwoods.com\/de\/wp-json\/wp\/v2\/media?parent=1579"}],"curies":[{"name":"wp","href":"https:\/\/api.w.org\/{rel}","templated":true}]}}