{"id":1587,"date":"2017-08-20T17:57:42","date_gmt":"2017-08-20T15:57:42","guid":{"rendered":"https:\/\/dev2.prosono-hardwoods.com\/certificats-dorigine-cites-fsc\/"},"modified":"2017-11-11T17:42:49","modified_gmt":"2017-11-11T16:42:49","slug":"zertifizierung-cites","status":"publish","type":"page","link":"https:\/\/dev2.prosono-hardwoods.com\/de\/zertifizierung-cites\/","title":{"rendered":"ZERTIFIZIERUNG : CITES"},"content":{"rendered":"<section class=\"wpb-content-wrapper\"><p>[vc_row][vc_column width=&#8220;1\/2&#8243;][vc_column_text]<strong>ProSono h\u00e4lt die Grunds\u00e4tze von\u00a0<\/strong><a href=\"http:\/\/www.cites.org\/\"><strong>www.cites.org<\/strong><\/a><strong> zum Artenschutz strikt ein.<\/strong> Die bestm\u00f6gliche Wertsch\u00f6pfung ist uns ein Anliegen und deshalb exportieren wir keine St\u00e4mme oder unbearbeitetes Holz in L\u00e4nder au\u00dferhalb von S\u00fcdafrika.<\/p>\n<p><strong>Dalbergia melanoxylon:<\/strong><\/p>\n<p>Unter den Holzarten, nach denen wir suchen, die wir ausw\u00e4hlen und bearbeiten, ist Grenadill das einzige Holz, das auf CITES 2 als Spezies aufgef\u00fchrt wird, mit dem der Handel begrenzt, und, seit Anfang 2017, Genehmigungen unterworfen ist.\u00a0 Obwohl man diese Vorschrift beanstanden k\u00f6nnte, ist Tatsache, dass sie <strong>mit einer generellen Beschr\u00e4nkung<\/strong> <strong>von nicht weniger als 60 Spezies der Dalbergia Gattung, <\/strong>die auf verschiedenen Kontinenten wachsen und deshalb unter total verschiedenen<strong> \u00f6kologischen Bedingungen* <\/strong>und menschlichen Herausforderungen, publiziert wurde, also steht der Beschluss und wir halten uns daran.<\/p>\n<p><strong>ProSono besteht immer darauf, von unseren Lieferanten ihre F\u00e4llerlaubnis zu sehen und den Herkunftsnachweis und die Pflanzengesundheits-bescheinigung von allen Spezies <\/strong>und von importiertem Grenadillholz<strong> zu bekommen.<\/strong> Wir kennen also den Ursprung des Holzes, das wir in unseren S\u00e4gewerken verarbeiten. <strong>Wir besitzen das n\u00f6tige Management der Versorgungskette vom Ursprung, \u00fcber Bearbeitung, bis hin zum Export zu unseren Kunden.<\/strong><\/p>\n<p>Im Falle von Grenadill, dass aus Mozambique importiert worden ist, war unser letzter Import im Jahre 2012 \u2013 also viel fr\u00fcher, als die Ausfuhrverbote der Regierung dieses Landes in Kraft traten.<\/p>\n<p>Unser gro\u00dfer Vorrat von Teilen ist von DAFF (South African Department of Agriculture, Water and Forestry) vollst\u00e4ndig legalisiert worden.[\/vc_column_text][\/vc_column][vc_column width=&#8220;1\/2&#8243;][vc_column_text]Seit damals sind zwei andere Quellen f\u00fcr Grenadil in L\u00e4ndern n\u00f6rdlich von S\u00fcdafrika identifiziert worden. Unsere Lieferanten haben alle n\u00f6tigen Zulassungen und j\u00e4hrlichen F\u00e4llgenehmigungen ihrer nationalen, provinziellen und \u00f6rtlichen, sowie der CITES Beh\u00f6rden.<\/p>\n<p><strong>Andere Spezies und ihr Kontext: \u00a0<\/strong>Wir f\u00f6rdern und unterst\u00fctzen unsere Lieferanten im Aufbau von Baumschulen, um neu anzupflanzen, was aus dem \u00d6kosystem entfernt worden ist. In diesem Kontext muss gesagt werden, dass die Baumschule der leichtere Teil dieses Unternehmens ist. Wesentlich gr\u00f6\u00dfer sind die Herausforderungen im Wald, in dem die jungen und nicht ausgewachsenen B\u00e4umchen in einem Umfeld \u00fcberleben und wachsen m\u00fcssen, in dem Flora sowie Fauna bedroht werden.<\/p>\n<p>Wie oben erw\u00e4hnt, verlangen wir von unseren Lieferanten erstmals die Einhaltung der Vorschriften ihres Landwirtschaftsministeriums und des Beauftragten, der f\u00fcr die \u00dcberwachung der Vollstreckung von Vorschriften vor Ort zust\u00e4ndig ist. Bei jeder Lieferung an unserem S\u00e4gewerk verlangen wir eine Aktualisierung der Erlaubnisse und Genehmigungen.<\/p>\n<ul>\n<li>Grenadill und \u00f6kologische und menschliche Herausforderungen: W\u00e4hrend der 17 Jahre unseres Suchens nach und Auswahl von dieser Holzart entdeckten wir in nicht weniger als acht L\u00e4ndern s\u00fcdlich vom \u00c4quator dieser Spezies. Dieses Holz gibt es \u00fcberall und es w\u00e4chst als schm\u00e4chtiger Strauch, dessen Gedeihen oft nicht zu verhindern ist. Wenn man Termitenh\u00fcgel und Felsvorspr\u00fcnge sieht, findet man auch Dalbergia melanoxylon. Vom Standpunkt eines Gew\u00e4chses ist diese Spezies kaum qualifiziert, als gef\u00e4hrdet zu gelten, ist es doch meist ein Fall von mangelnder Gr\u00f6\u00dfe. Weil sie wie ein Strauch w\u00e4chst, beschr\u00e4nken sich die St\u00e4mme auf einen Durchmesser, bei dem es selten wirtschaftlich ist, sie abzuholzen.<\/li>\n<\/ul>\n<p>[\/vc_column_text][\/vc_column][\/vc_row]<\/p>\n<\/section>","protected":false},"excerpt":{"rendered":"<p>[vc_row][vc_column width=&#8220;1\/2&#8243;][vc_column_text]ProSono h\u00e4lt die Grunds\u00e4tze von\u00a0www.cites.org zum Artenschutz strikt ein. Die bestm\u00f6gliche Wertsch\u00f6pfung ist uns ein Anliegen und deshalb exportieren wir keine St\u00e4mme oder unbearbeitetes Holz<span class=\"excerpt-hellip\"> [\u2026]<\/span><\/p>\n","protected":false},"author":4,"featured_media":0,"parent":0,"menu_order":0,"comment_status":"closed","ping_status":"closed","template":"","meta":{"_themeisle_gutenberg_block_has_review":false,"footnotes":""},"yoast_head":"<!-- This site is optimized with the Yoast SEO plugin v21.5 - https:\/\/yoast.com\/wordpress\/plugins\/seo\/ -->\n<title>ZERTIFIZIERUNG : CITES - Prosono international<\/title>\n<meta name=\"description\" content=\"ProSono h\u00e4lt sich uneingeschr\u00e4nkt an die Grunds\u00e4tze des Artenschutzes. www.cites.org. Mehr wissen.\" \/>\n<meta name=\"robots\" content=\"noindex, follow, max-snippet:-1, max-image-preview:large, max-video-preview:-1\" \/>\n<meta property=\"og:locale\" content=\"de_DE\" \/>\n<meta property=\"og:type\" content=\"article\" \/>\n<meta property=\"og:title\" content=\"ZERTIFIZIERUNG : CITES - Prosono international\" \/>\n<meta property=\"og:description\" content=\"ProSono h\u00e4lt sich uneingeschr\u00e4nkt an die Grunds\u00e4tze des Artenschutzes. www.cites.org. Mehr wissen.\" \/>\n<meta property=\"og:url\" content=\"https:\/\/dev2.prosono-hardwoods.com\/de\/zertifizierung-cites\/\" \/>\n<meta property=\"og:site_name\" content=\"Prosono international\" \/>\n<meta property=\"article:modified_time\" content=\"2017-11-11T16:42:49+00:00\" \/>\n<meta name=\"twitter:card\" content=\"summary_large_image\" \/>\n<meta name=\"twitter:label1\" content=\"Gesch\u00e4tzte Lesezeit\" \/>\n\t<meta name=\"twitter:data1\" content=\"3\u00a0Minuten\" \/>\n<script type=\"application\/ld+json\" class=\"yoast-schema-graph\">{\"@context\":\"https:\/\/schema.org\",\"@graph\":[{\"@type\":\"WebPage\",\"@id\":\"https:\/\/dev2.prosono-hardwoods.com\/de\/zertifizierung-cites\/\",\"url\":\"https:\/\/dev2.prosono-hardwoods.com\/de\/zertifizierung-cites\/\",\"name\":\"ZERTIFIZIERUNG : CITES - Prosono international\",\"isPartOf\":{\"@id\":\"https:\/\/dev2.prosono-hardwoods.com\/#website\"},\"datePublished\":\"2017-08-20T15:57:42+00:00\",\"dateModified\":\"2017-11-11T16:42:49+00:00\",\"description\":\"ProSono h\u00e4lt sich uneingeschr\u00e4nkt an die Grunds\u00e4tze des Artenschutzes. www.cites.org. Mehr wissen.\",\"breadcrumb\":{\"@id\":\"https:\/\/dev2.prosono-hardwoods.com\/de\/zertifizierung-cites\/#breadcrumb\"},\"inLanguage\":\"de\",\"potentialAction\":[{\"@type\":\"ReadAction\",\"target\":[\"https:\/\/dev2.prosono-hardwoods.com\/de\/zertifizierung-cites\/\"]}]},{\"@type\":\"BreadcrumbList\",\"@id\":\"https:\/\/dev2.prosono-hardwoods.com\/de\/zertifizierung-cites\/#breadcrumb\",\"itemListElement\":[{\"@type\":\"ListItem\",\"position\":1,\"name\":\"Accueil\",\"item\":\"https:\/\/dev2.prosono-hardwoods.com\/\"},{\"@type\":\"ListItem\",\"position\":2,\"name\":\"ZERTIFIZIERUNG : CITES\"}]},{\"@type\":\"WebSite\",\"@id\":\"https:\/\/dev2.prosono-hardwoods.com\/#website\",\"url\":\"https:\/\/dev2.prosono-hardwoods.com\/\",\"name\":\"Prosono international\",\"description\":\"\",\"publisher\":{\"@id\":\"https:\/\/dev2.prosono-hardwoods.com\/#organization\"},\"potentialAction\":[{\"@type\":\"SearchAction\",\"target\":{\"@type\":\"EntryPoint\",\"urlTemplate\":\"https:\/\/dev2.prosono-hardwoods.com\/?s={search_term_string}\"},\"query-input\":\"required name=search_term_string\"}],\"inLanguage\":\"de\"},{\"@type\":\"Organization\",\"@id\":\"https:\/\/dev2.prosono-hardwoods.com\/#organization\",\"name\":\"Prosono Hardwoods International\",\"url\":\"https:\/\/dev2.prosono-hardwoods.com\/\",\"logo\":{\"@type\":\"ImageObject\",\"inLanguage\":\"de\",\"@id\":\"https:\/\/dev2.prosono-hardwoods.com\/#\/schema\/logo\/image\/\",\"url\":\"https:\/\/dev2.prosono-hardwoods.com\/wp-content\/uploads\/2020\/08\/prosono-logo@2x.png\",\"contentUrl\":\"https:\/\/dev2.prosono-hardwoods.com\/wp-content\/uploads\/2020\/08\/prosono-logo@2x.png\",\"width\":404,\"height\":90,\"caption\":\"Prosono Hardwoods International\"},\"image\":{\"@id\":\"https:\/\/dev2.prosono-hardwoods.com\/#\/schema\/logo\/image\/\"}}]}<\/script>\n<!-- \/ Yoast SEO plugin. -->","yoast_head_json":{"title":"ZERTIFIZIERUNG : CITES - Prosono international","description":"ProSono h\u00e4lt sich uneingeschr\u00e4nkt an die Grunds\u00e4tze des Artenschutzes. www.cites.org. Mehr wissen.","robots":{"index":"noindex","follow":"follow","max-snippet":"max-snippet:-1","max-image-preview":"max-image-preview:large","max-video-preview":"max-video-preview:-1"},"og_locale":"de_DE","og_type":"article","og_title":"ZERTIFIZIERUNG : CITES - Prosono international","og_description":"ProSono h\u00e4lt sich uneingeschr\u00e4nkt an die Grunds\u00e4tze des Artenschutzes. www.cites.org. Mehr wissen.","og_url":"https:\/\/dev2.prosono-hardwoods.com\/de\/zertifizierung-cites\/","og_site_name":"Prosono international","article_modified_time":"2017-11-11T16:42:49+00:00","twitter_card":"summary_large_image","twitter_misc":{"Gesch\u00e4tzte Lesezeit":"3\u00a0Minuten"},"schema":{"@context":"https:\/\/schema.org","@graph":[{"@type":"WebPage","@id":"https:\/\/dev2.prosono-hardwoods.com\/de\/zertifizierung-cites\/","url":"https:\/\/dev2.prosono-hardwoods.com\/de\/zertifizierung-cites\/","name":"ZERTIFIZIERUNG : CITES - Prosono international","isPartOf":{"@id":"https:\/\/dev2.prosono-hardwoods.com\/#website"},"datePublished":"2017-08-20T15:57:42+00:00","dateModified":"2017-11-11T16:42:49+00:00","description":"ProSono h\u00e4lt sich uneingeschr\u00e4nkt an die Grunds\u00e4tze des Artenschutzes. www.cites.org. Mehr wissen.","breadcrumb":{"@id":"https:\/\/dev2.prosono-hardwoods.com\/de\/zertifizierung-cites\/#breadcrumb"},"inLanguage":"de","potentialAction":[{"@type":"ReadAction","target":["https:\/\/dev2.prosono-hardwoods.com\/de\/zertifizierung-cites\/"]}]},{"@type":"BreadcrumbList","@id":"https:\/\/dev2.prosono-hardwoods.com\/de\/zertifizierung-cites\/#breadcrumb","itemListElement":[{"@type":"ListItem","position":1,"name":"Accueil","item":"https:\/\/dev2.prosono-hardwoods.com\/"},{"@type":"ListItem","position":2,"name":"ZERTIFIZIERUNG : CITES"}]},{"@type":"WebSite","@id":"https:\/\/dev2.prosono-hardwoods.com\/#website","url":"https:\/\/dev2.prosono-hardwoods.com\/","name":"Prosono international","description":"","publisher":{"@id":"https:\/\/dev2.prosono-hardwoods.com\/#organization"},"potentialAction":[{"@type":"SearchAction","target":{"@type":"EntryPoint","urlTemplate":"https:\/\/dev2.prosono-hardwoods.com\/?s={search_term_string}"},"query-input":"required name=search_term_string"}],"inLanguage":"de"},{"@type":"Organization","@id":"https:\/\/dev2.prosono-hardwoods.com\/#organization","name":"Prosono Hardwoods International","url":"https:\/\/dev2.prosono-hardwoods.com\/","logo":{"@type":"ImageObject","inLanguage":"de","@id":"https:\/\/dev2.prosono-hardwoods.com\/#\/schema\/logo\/image\/","url":"https:\/\/dev2.prosono-hardwoods.com\/wp-content\/uploads\/2020\/08\/prosono-logo@2x.png","contentUrl":"https:\/\/dev2.prosono-hardwoods.com\/wp-content\/uploads\/2020\/08\/prosono-logo@2x.png","width":404,"height":90,"caption":"Prosono Hardwoods International"},"image":{"@id":"https:\/\/dev2.prosono-hardwoods.com\/#\/schema\/logo\/image\/"}}]}},"_links":{"self":[{"href":"https:\/\/dev2.prosono-hardwoods.com\/de\/wp-json\/wp\/v2\/pages\/1587"}],"collection":[{"href":"https:\/\/dev2.prosono-hardwoods.com\/de\/wp-json\/wp\/v2\/pages"}],"about":[{"href":"https:\/\/dev2.prosono-hardwoods.com\/de\/wp-json\/wp\/v2\/types\/page"}],"author":[{"embeddable":true,"href":"https:\/\/dev2.prosono-hardwoods.com\/de\/wp-json\/wp\/v2\/users\/4"}],"replies":[{"embeddable":true,"href":"https:\/\/dev2.prosono-hardwoods.com\/de\/wp-json\/wp\/v2\/comments?post=1587"}],"version-history":[{"count":2,"href":"https:\/\/dev2.prosono-hardwoods.com\/de\/wp-json\/wp\/v2\/pages\/1587\/revisions"}],"predecessor-version":[{"id":2075,"href":"https:\/\/dev2.prosono-hardwoods.com\/de\/wp-json\/wp\/v2\/pages\/1587\/revisions\/2075"}],"wp:attachment":[{"href":"https:\/\/dev2.prosono-hardwoods.com\/de\/wp-json\/wp\/v2\/media?parent=1587"}],"curies":[{"name":"wp","href":"https:\/\/api.w.org\/{rel}","templated":true}]}}