{"id":1594,"date":"2017-08-20T18:14:50","date_gmt":"2017-08-20T16:14:50","guid":{"rendered":"https:\/\/dev2.prosono-hardwoods.com\/cocobolo-africain-tambotie\/"},"modified":"2024-01-12T13:40:29","modified_gmt":"2024-01-12T12:40:29","slug":"afrikanisches-cocobolo-spirostachys-africana","status":"publish","type":"page","link":"https:\/\/dev2.prosono-hardwoods.com\/de\/holzarten\/afrikanisches-cocobolo-spirostachys-africana\/","title":{"rendered":"Tambotie (Afrikanisches Cocobolo)"},"content":{"rendered":"<section class=\"wpb-content-wrapper\"><p>[vc_row css=&#8220;.vc_custom_1599017901485{margin-bottom: 0px !important;border-bottom-width: 0px !important;padding-bottom: 0px !important;}&#8220;][vc_column css=&#8220;.vc_custom_1597895212651{margin-top: 0px !important;padding-top: 0px !important;}&#8220;][vc_single_image image=&#8220;7505&#8243; img_size=&#8220;full&#8220; alignment=&#8220;center&#8220; style=&#8220;vc_box_shadow_3d&#8220; css=&#8220;.vc_custom_1638871077678{margin-bottom: 40px !important;}&#8220;][vc_row_inner css=&#8220;.vc_custom_1599017932185{margin-right: 30px !important;margin-bottom: 0px !important;margin-left: 0px !important;border-bottom-width: 0px !important;border-left-width: 4px !important;padding-bottom: 0px !important;}&#8220;][vc_column_inner width=&#8220;2\/3&#8243; css=&#8220;.vc_custom_1598441879942{margin-top: 0px !important;margin-right: 0px !important;margin-left: 0px !important;border-top-width: 0px !important;border-left-width: 4px !important;padding-top: 0px !important;padding-right: 30px !important;padding-left: 30px !important;border-left-color: #ae3307 !important;border-left-style: dotted !important;border-top-color: #ae3307 !important;border-top-style: dotted !important;}&#8220;][vc_column_text]<\/p>\n<h2><strong>Hochwertiges Tambotie-Holz zu verkaufen<\/strong><\/h2>\n<p>Tambotie, auch afrikanisches Cocobolo genannt, ist eines der neun Edelh\u00f6lzer Mosambiks.<\/p>\n<p>Dieses sch\u00f6ne afrikanische Hartholz dreht sich leicht und endet mit einem hohen Glanz. Au\u00dferdem verstr\u00f6mt es einen langanhaltenden, angenehm w\u00fcrzigen Geruch.<\/p>\n<p>Tambotie wird h\u00e4ufig zur Herstellung von Ornament, Kuriosit\u00e4ten, Tischplatten, Schalen und anderen gedrechselten Gegenst\u00e4nden verwendet. Tambotie-Gitarrenboden und -zargen und -bindungen haben ebenfalls Akzeptanz gefunden.<\/p>\n<p>ProSono liefert Tambotie oder afrikanisches Cocobolo, das auf Standard-Abmessungen ges\u00e4gt ist.<\/p>\n<p>Tambotie\/afrikanisches Cocobolo wird manchmal auch als afrikanisches Sandelholz bezeichnet. Es ist jedoch nicht mit Santalum Album oder indischem Sandelholz (das ein gesch\u00fctztes Holz ist) verwandt und hat nicht die gleichen Eigenschaften f\u00fcr die Parf\u00fcmindustrie.<\/p>\n<h2><strong>Arbeiten mit afrikanischen Cocobolo<\/strong><\/h2>\n<p>Beim S\u00e4gen oder Drehen von Tambotie m\u00fcssen Maske und Augenschutz getragen werden. Das Holz setzt giftigen Latex frei. Es sollte daher nicht als Brennholz, f\u00fcr K\u00fcchenutensilien oder zum Mund genommenen Holzblasinstrumenten verwendet werden. Es kann allergische Reaktionen ausl\u00f6sen.[\/vc_column_text][\/vc_column_inner][vc_column_inner el_class=&#8220;shadow-block&#8220; width=&#8220;1\/3&#8243; css=&#8220;.vc_custom_1599031484416{margin-right: -30px !important;margin-left: 30px !important;background-color: #f6f5f1 !important;border-radius: 10px !important;}&#8220;][vc_column_text css=&#8220;.vc_custom_1656324868622{padding-right: 18px !important;padding-left: 18px !important;}&#8220;]<\/p>\n<h2><strong>Tambotie-Eigenschaften<\/strong><\/h2>\n<ul>\n<li><strong>Botanischer Name:<\/strong> Spirostachys africana<\/li>\n<li><strong>Alternative Namen:<\/strong> Afrikanisches Cocobolo, Afrikanisches Sandelholz, Kap-Sandelholz, Tamboti, Tambotie, Sandalo (in Mosambik)<\/li>\n<li><strong>Durchschnittliches Trockengewicht:<\/strong> 955 kg\/m3<\/li>\n<li><strong>Tambotie-H\u00e4rte:<\/strong> 10.000 N auf der Janka-Skala<\/li>\n<li><strong>Holz:<\/strong> Dunkelbraun mit gleichm\u00e4\u00dfiger Maserung<\/li>\n<\/ul>\n<p>[\/vc_column_text][\/vc_column_inner][\/vc_row_inner][vc_empty_space height=&#8220;30px&#8220;][vc_text_separator title=&#8220;ANWENDUNGEN&#8220; color=&#8220;custom&#8220; border_width=&#8220;4&#8243; accent_color=&#8220;#b53a2c&#8220; css=&#8220;.vc_custom_1655212387358{margin-bottom: 0px !important;border-bottom-width: 0px !important;padding-bottom: 0px !important;}&#8220;][vc_row_inner gap=&#8220;10&#8243; css=&#8220;.vc_custom_1599018212541{margin-top: 0px !important;border-top-width: 0px !important;padding-top: 0px !important;}&#8220;][vc_column_inner width=&#8220;1\/5&#8243;][vc_single_image image=&#8220;5290&#8243; img_size=&#8220;320&#215;320&#8243; alignment=&#8220;center&#8220; style=&#8220;vc_box_circle_2&#8243; onclick=&#8220;custom_link&#8220; link=&#8220;https:\/\/dev2.prosono-hardwoods.com\/de\/kunden\/hersteller-von-holzblasinstrumenten-2\/&#8220;][vc_column_text css=&#8220;.vc_custom_1655210684677{margin-top: -10px !important;}&#8220;]<\/p>\n<h4 style=\"text-align: center;\"><a href=\"https:\/\/dev2.prosono-hardwoods.com\/de\/kunden\/hersteller-von-holzblasinstrumenten-2\/\"><span style=\"color: #000000;\"><strong>Holzblasinstrumente<\/strong><\/span><\/a><\/h4>\n<p>[\/vc_column_text][\/vc_column_inner][vc_column_inner width=&#8220;1\/5&#8243;][vc_single_image image=&#8220;5328&#8243; img_size=&#8220;320&#215;320&#8243; alignment=&#8220;center&#8220; style=&#8220;vc_box_shadow_circle_2&#8243; onclick=&#8220;custom_link&#8220; link=&#8220;https:\/\/dev2.prosono-hardwoods.com\/de\/kunden\/saiteninstrumentenbauer\/&#8220;][vc_column_text css=&#8220;.vc_custom_1655210716844{margin-top: -10px !important;}&#8220;]<\/p>\n<h4 style=\"text-align: center;\"><a href=\"https:\/\/dev2.prosono-hardwoods.com\/de\/kunden\/saiteninstrumentenbauer\/\"><span style=\"color: #000000;\"><strong>Saiteninstrumente<\/strong><\/span><\/a><\/h4>\n<p>[\/vc_column_text][\/vc_column_inner][vc_column_inner width=&#8220;1\/5&#8243;][vc_single_image image=&#8220;5295&#8243; img_size=&#8220;320&#215;320&#8243; alignment=&#8220;center&#8220; style=&#8220;vc_box_shadow_circle_2&#8243; onclick=&#8220;custom_link&#8220; link=&#8220;https:\/\/dev2.prosono-hardwoods.com\/de\/kunden\/tischler-schnitzer-und-moebelbauer\/&#8220;][vc_column_text css=&#8220;.vc_custom_1655210745562{margin-top: -10px !important;}&#8220;]<\/p>\n<h4 style=\"text-align: center;\"><a href=\"https:\/\/dev2.prosono-hardwoods.com\/de\/kunden\/tischler-schnitzer-und-moebelbauer\/\"><span style=\"color: #000000;\"><strong>F\u00fcr den Schreiner<\/strong><\/span><\/a><\/h4>\n<p>[\/vc_column_text][\/vc_column_inner][vc_column_inner width=&#8220;1\/5&#8243;][vc_single_image image=&#8220;5285&#8243; img_size=&#8220;320&#215;320&#8243; alignment=&#8220;center&#8220; style=&#8220;vc_box_shadow_circle_2&#8243; onclick=&#8220;custom_link&#8220; link=&#8220;https:\/\/dev2.prosono-hardwoods.com\/de\/kunden\/messerhersteller\/&#8220;][vc_column_text css=&#8220;.vc_custom_1655210772082{margin-top: -10px !important;}&#8220;]<\/p>\n<h4 style=\"text-align: center;\"><a href=\"https:\/\/dev2.prosono-hardwoods.com\/de\/kunden\/messerhersteller\/\"><span style=\"color: #000000;\"><strong>Messergriffe<\/strong><\/span><\/a><\/h4>\n<p>[\/vc_column_text][\/vc_column_inner][vc_column_inner width=&#8220;1\/5&#8243;][vc_single_image image=&#8220;5322&#8243; img_size=&#8220;320&#215;320&#8243; alignment=&#8220;center&#8220; style=&#8220;vc_box_shadow_circle_2&#8243; onclick=&#8220;custom_link&#8220; link=&#8220;https:\/\/dev2.prosono-hardwoods.com\/de\/kunden\/drechsler\/&#8220;][vc_column_text css=&#8220;.vc_custom_1655210804656{margin-top: -10px !important;}&#8220;]<\/p>\n<h4 style=\"text-align: center;\"><a href=\"https:\/\/dev2.prosono-hardwoods.com\/de\/kunden\/drechsler\/\"><span style=\"color: #000000;\"><strong>Zum drechseln<\/strong><\/span><\/a><\/h4>\n<p>[\/vc_column_text][\/vc_column_inner][\/vc_row_inner][vc_row_inner][vc_column_inner css=&#8220;.vc_custom_1599017960709{margin-top: 0px !important;margin-bottom: 0px !important;border-top-width: 0px !important;border-bottom-width: 0px !important;padding-top: 0px !important;padding-bottom: 0px !important;}&#8220;][vc_column_text css=&#8220;.vc_custom_1656324990733{margin-bottom: 50px !important;padding-top: 30px !important;padding-right: 30px !important;padding-bottom: 30px !important;padding-left: 30px !important;background-color: #77654d !important;}&#8220;]<\/p>\n<h3 style=\"text-align: center;\"><span style=\"color: #ffffff;\"><em>\u201eWir haben Ihre Lieferung heute Morgen erhalten und einige Zeit damit verbracht, die H\u00f6lzer zu bestaunen! Wir sind sowohl von der Grenadil als auch vom Tambotie begeistert &#8211; wirklich au\u00dfergew\u00f6hnliche Sch\u00f6nheit. Wir freuen uns darauf, Gitarren mit diesen H\u00f6lzern zu bauen und werden Ihnen dann Bilder des fertigen Produkts zusenden.\u201c<\/em><\/span><\/h3>\n<h6 style=\"text-align: center;\"><span style=\"color: #ffffff;\"><strong>~ Steve McIlwrath, Avalon-Gitarren<\/strong><\/span><\/h6>\n<p>[\/vc_column_text][vc_btn title=&#8220;Kontaktiere uns&#8220; style=&#8220;flat&#8220; shape=&#8220;square&#8220; color=&#8220;danger&#8220; size=&#8220;lg&#8220; align=&#8220;center&#8220; css=&#8220;.vc_custom_1606290699552{margin-bottom: 20px !important;border-bottom-width: 0px !important;padding-bottom: 0px !important;}&#8220; link=&#8220;url:%23form&#8220;][\/vc_column_inner][\/vc_row_inner][\/vc_column][\/vc_row][vc_row][vc_column width=&#8220;1\/6&#8243;][\/vc_column][vc_column width=&#8220;2\/3&#8243;][vc_column_text css=&#8220;.vc_custom_1656325013163{margin-bottom: 20px !important;border-bottom-width: 0px !important;padding-bottom: 0px !important;}&#8220;]<\/p>\n<h4 style=\"text-align: left;\"><strong>\u00dcber Tambotie\/afrikanisches Cocobolo<\/strong><\/h4>\n<p>[\/vc_column_text][vc_column_text]<\/p>\n<table width=\"100%\">\n<tbody>\n<tr>\n<td style=\"text-align: left;\" width=\"130\"><strong>Botanischer Name:<\/strong><\/td>\n<td style=\"text-align: left;\" width=\"534\">Spirostachys africana<\/td>\n<\/tr>\n<tr>\n<td style=\"text-align: left;\" width=\"130\"><strong>Familie:<\/strong><\/td>\n<td style=\"text-align: left;\" width=\"534\">Euphorbiaceae<\/td>\n<\/tr>\n<tr>\n<td style=\"text-align: left;\" width=\"130\"><strong>Lokaler Name:<\/strong><\/td>\n<td style=\"text-align: left;\" width=\"534\">Tambotie (ZA), Sandalo (MOZ)<\/td>\n<\/tr>\n<tr>\n<td style=\"text-align: left;\" width=\"130\"><strong>Englischer Name:<\/strong><\/td>\n<td style=\"text-align: left;\" width=\"534\">African Cocobolo<\/td>\n<\/tr>\n<tr>\n<td style=\"text-align: left;\" width=\"130\"><strong>Verbreitung:<\/strong><\/td>\n<td style=\"text-align: left;\" width=\"534\">N\u00f6rdlich und \u00f6stlich von S\u00fcdafrika, Mosambik sowie in Ostafrika, Tansania und Kenia.<\/td>\n<\/tr>\n<tr>\n<td style=\"text-align: left;\" width=\"130\"><strong>Der Baum<\/strong>:<\/td>\n<td style=\"text-align: left;\" width=\"534\">W\u00e4chst in W\u00e4ldern auf armen und sauren B\u00f6den, wo die Art oft vorherrscht. Sie haben markante, r\u00f6tliche Bl\u00fcten.<\/td>\n<\/tr>\n<tr>\n<td style=\"text-align: left;\" width=\"130\"><strong>Das Holz<\/strong>:<\/td>\n<td style=\"text-align: left;\" width=\"534\">ist braun bis dunkelbraun. Der Splint ist leuchtend gelb. Das Holz ist hart bis sehr hart, mit einem Gewicht von 950 kg\/m3 bei Lufttrocknung. Das Holz verstr\u00f6mt einen anhaltenden, angenehmen Geruch.<\/td>\n<\/tr>\n<tr>\n<td style=\"text-align: left;\" width=\"130\"><strong>Alterung:<\/strong><\/td>\n<td style=\"text-align: left;\" width=\"534\">Sehr langsam, aber es tritt kein Schrumpfen oder Verziehen auf.<\/td>\n<\/tr>\n<tr>\n<td style=\"text-align: left;\" width=\"130\"><strong>Verarbeitbarkeit:<\/strong><\/td>\n<td style=\"text-align: left;\" width=\"534\">dreht sich gut auf der Drehbank und mit einem Mei\u00dfel. Aufgrund seines \u00f6ligen Safts ist es schwierig zu kleben. Wenn frisch geschnitten, setzt es giftiger Latex frei. Beim S\u00e4gen und Drechseln, unbedingt Augen und Nase sch\u00fctzen.<\/td>\n<\/tr>\n<tr>\n<td style=\"text-align: left;\" width=\"130\"><strong>Verwendung<\/strong>:<\/td>\n<td style=\"text-align: left;\" width=\"534\">Herstellung von Tischplatten, Ornament und Kuriosit\u00e4ten. Gut zum Schnitzen, l\u00e4sst sich gut polieren und verleiht ein gl\u00e4nzendes Finish.<\/td>\n<\/tr>\n<\/tbody>\n<\/table>\n<p>[\/vc_column_text][\/vc_column][vc_column width=&#8220;1\/6&#8243;][\/vc_column][\/vc_row][vc_row][vc_column width=&#8220;1\/4&#8243;][vc_single_image image=&#8220;5110&#8243; img_size=&#8220;medium&#8220; add_caption=&#8220;yes&#8220; onclick=&#8220;link_image&#8220;][\/vc_column][vc_column width=&#8220;1\/4&#8243;][vc_single_image image=&#8220;5114&#8243; img_size=&#8220;medium&#8220; add_caption=&#8220;yes&#8220; onclick=&#8220;link_image&#8220;][\/vc_column][vc_column width=&#8220;1\/4&#8243;][vc_single_image image=&#8220;5118&#8243; img_size=&#8220;medium&#8220; add_caption=&#8220;yes&#8220; onclick=&#8220;link_image&#8220;][\/vc_column][vc_column width=&#8220;1\/4&#8243;][vc_single_image image=&#8220;5126&#8243; img_size=&#8220;medium&#8220; add_caption=&#8220;yes&#8220; onclick=&#8220;link_image&#8220;][\/vc_column][\/vc_row][vc_row][vc_column][vc_text_separator title=&#8220;F\u00dcR WEITERE INFORMATIONEN KONTAKTIEREN SIE UNS&#8220; color=&#8220;custom&#8220; border_width=&#8220;4&#8243; el_width=&#8220;60&#8243; accent_color=&#8220;#b53a2c&#8220; css=&#8220;.vc_custom_1599019031255{margin-top: 20px !important;}&#8220;][\/vc_column][\/vc_row][vc_row el_id=&#8220;form&#8220;][vc_column]\n<div class=\"wpcf7 no-js\" id=\"wpcf7-f1550-o1\" lang=\"en-US\" dir=\"ltr\">\n<div class=\"screen-reader-response\"><p role=\"status\" aria-live=\"polite\" aria-atomic=\"true\"><\/p> <ul><\/ul><\/div>\n<form action=\"\/de\/wp-json\/wp\/v2\/pages\/1594#wpcf7-f1550-o1\" method=\"post\" class=\"wpcf7-form init\" aria-label=\"Contact form\" novalidate=\"novalidate\" data-status=\"init\">\n<div style=\"display: none;\">\n<input type=\"hidden\" name=\"_wpcf7\" value=\"1550\" \/>\n<input type=\"hidden\" name=\"_wpcf7_version\" value=\"5.8.3\" \/>\n<input type=\"hidden\" name=\"_wpcf7_locale\" value=\"en_US\" \/>\n<input type=\"hidden\" name=\"_wpcf7_unit_tag\" value=\"wpcf7-f1550-o1\" \/>\n<input type=\"hidden\" name=\"_wpcf7_container_post\" value=\"0\" \/>\n<input type=\"hidden\" name=\"_wpcf7_posted_data_hash\" value=\"\" \/>\n<\/div>\n<div class=\"column one-second\">\n\t<p><span class=\"wpcf7-form-control-wrap\" data-name=\"your-name\"><input size=\"40\" class=\"wpcf7-form-control wpcf7-text wpcf7-validates-as-required\" aria-required=\"true\" aria-invalid=\"false\" placeholder=\"Ihr Name\" value=\"\" type=\"text\" name=\"your-name\" \/><\/span>\n\t<\/p>\n<\/div>\n<div class=\"column one-second\">\n\t<p><span class=\"wpcf7-form-control-wrap\" data-name=\"your-email\"><input size=\"40\" class=\"wpcf7-form-control wpcf7-email wpcf7-validates-as-required wpcf7-text wpcf7-validates-as-email\" aria-required=\"true\" aria-invalid=\"false\" placeholder=\"Ihre E-Mail-Adresse\" value=\"\" type=\"email\" name=\"your-email\" \/><\/span>\n\t<\/p>\n<\/div>\n<div class=\"column one\">\n\t<p><span class=\"wpcf7-form-control-wrap\" data-name=\"your-subject\"><input size=\"40\" class=\"wpcf7-form-control wpcf7-text\" aria-invalid=\"false\" placeholder=\"Thema\" value=\"\" type=\"text\" name=\"your-subject\" \/><\/span>\n\t<\/p>\n<\/div>\n<div class=\"column one\">\n\t<p><span class=\"wpcf7-form-control-wrap\" data-name=\"your-message\"><textarea cols=\"40\" rows=\"6\" class=\"wpcf7-form-control wpcf7-textarea\" aria-invalid=\"false\" placeholder=\"Ihre Nachricht\" name=\"your-message\"><\/textarea><\/span>\n\t<\/p>\n<\/div>\n<div class=\"column one\">\n\t<p><input class=\"wpcf7-form-control wpcf7-submit has-spinner\" type=\"submit\" value=\"SENDEN\" \/>\n\t<\/p>\n<\/div><p style=\"display: none !important;\"><label>&#916;<textarea name=\"_wpcf7_ak_hp_textarea\" cols=\"45\" rows=\"8\" maxlength=\"100\"><\/textarea><\/label><input type=\"hidden\" id=\"ak_js_1\" name=\"_wpcf7_ak_js\" value=\"45\"\/><script>document.getElementById( \"ak_js_1\" ).setAttribute( \"value\", ( new Date() ).getTime() );<\/script><\/p><div class=\"wpcf7-response-output\" aria-hidden=\"true\"><\/div>\n<\/form>\n<\/div>\n[\/vc_column][\/vc_row]<\/p>\n<\/section>","protected":false},"excerpt":{"rendered":"<p>[vc_row css=&#8220;.vc_custom_1599017901485{margin-bottom: 0px !important;border-bottom-width: 0px !important;padding-bottom: 0px !important;}&#8220;][vc_column css=&#8220;.vc_custom_1597895212651{margin-top: 0px !important;padding-top: 0px !important;}&#8220;][vc_single_image image=&#8220;7505&#8243; img_size=&#8220;full&#8220; alignment=&#8220;center&#8220; style=&#8220;vc_box_shadow_3d&#8220; css=&#8220;.vc_custom_1638871077678{margin-bottom: 40px !important;}&#8220;][vc_row_inner css=&#8220;.vc_custom_1599017932185{margin-right: 30px !important;margin-bottom: 0px !important;margin-left: 0px<span class=\"excerpt-hellip\"> [\u2026]<\/span><\/p>\n","protected":false},"author":4,"featured_media":0,"parent":1845,"menu_order":0,"comment_status":"closed","ping_status":"closed","template":"","meta":{"_themeisle_gutenberg_block_has_review":false,"footnotes":""},"yoast_head":"<!-- This site is optimized with the Yoast SEO plugin v21.5 - https:\/\/yoast.com\/wordpress\/plugins\/seo\/ -->\n<title>Tambotie-Holz (Afrikanisches Cocobolo) zu verkaufen - Prosono international<\/title>\n<meta name=\"description\" content=\"ProSono ist ein f\u00fchrender Lieferant von Tambotie (afrikanisches Cocobolo) zum Drechseln, Schnitzen, Bauen von Saiteninstrumenten und Herstellen von edlen M\u00f6beln.\" \/>\n<meta name=\"robots\" content=\"noindex, follow, max-snippet:-1, max-image-preview:large, max-video-preview:-1\" \/>\n<meta property=\"og:locale\" content=\"de_DE\" \/>\n<meta property=\"og:type\" content=\"article\" \/>\n<meta property=\"og:title\" content=\"Tambotie-Holz (Afrikanisches Cocobolo) zu verkaufen - Prosono international\" \/>\n<meta property=\"og:description\" content=\"ProSono ist ein f\u00fchrender Lieferant von Tambotie (afrikanisches Cocobolo) zum Drechseln, Schnitzen, Bauen von Saiteninstrumenten und Herstellen von edlen M\u00f6beln.\" \/>\n<meta property=\"og:url\" content=\"https:\/\/dev2.prosono-hardwoods.com\/de\/holzarten\/afrikanisches-cocobolo-spirostachys-africana\/\" \/>\n<meta property=\"og:site_name\" content=\"Prosono international\" \/>\n<meta property=\"article:modified_time\" content=\"2024-01-12T12:40:29+00:00\" \/>\n<meta name=\"twitter:card\" content=\"summary_large_image\" \/>\n<meta name=\"twitter:label1\" content=\"Gesch\u00e4tzte Lesezeit\" \/>\n\t<meta name=\"twitter:data1\" content=\"3\u00a0Minuten\" \/>\n<script type=\"application\/ld+json\" class=\"yoast-schema-graph\">{\"@context\":\"https:\/\/schema.org\",\"@graph\":[{\"@type\":\"WebPage\",\"@id\":\"https:\/\/dev2.prosono-hardwoods.com\/de\/holzarten\/afrikanisches-cocobolo-spirostachys-africana\/\",\"url\":\"https:\/\/dev2.prosono-hardwoods.com\/de\/holzarten\/afrikanisches-cocobolo-spirostachys-africana\/\",\"name\":\"Tambotie-Holz (Afrikanisches Cocobolo) zu verkaufen - Prosono international\",\"isPartOf\":{\"@id\":\"https:\/\/dev2.prosono-hardwoods.com\/#website\"},\"datePublished\":\"2017-08-20T16:14:50+00:00\",\"dateModified\":\"2024-01-12T12:40:29+00:00\",\"description\":\"ProSono ist ein f\u00fchrender Lieferant von Tambotie (afrikanisches Cocobolo) zum Drechseln, Schnitzen, Bauen von Saiteninstrumenten und Herstellen von edlen M\u00f6beln.\",\"breadcrumb\":{\"@id\":\"https:\/\/dev2.prosono-hardwoods.com\/de\/holzarten\/afrikanisches-cocobolo-spirostachys-africana\/#breadcrumb\"},\"inLanguage\":\"de\",\"potentialAction\":[{\"@type\":\"ReadAction\",\"target\":[\"https:\/\/dev2.prosono-hardwoods.com\/de\/holzarten\/afrikanisches-cocobolo-spirostachys-africana\/\"]}]},{\"@type\":\"BreadcrumbList\",\"@id\":\"https:\/\/dev2.prosono-hardwoods.com\/de\/holzarten\/afrikanisches-cocobolo-spirostachys-africana\/#breadcrumb\",\"itemListElement\":[{\"@type\":\"ListItem\",\"position\":1,\"name\":\"Accueil\",\"item\":\"https:\/\/dev2.prosono-hardwoods.com\/\"},{\"@type\":\"ListItem\",\"position\":2,\"name\":\"HOLZARTEN\",\"item\":\"https:\/\/dev2.prosono-hardwoods.com\/de\/holzarten\/\"},{\"@type\":\"ListItem\",\"position\":3,\"name\":\"Tambotie (Afrikanisches Cocobolo)\"}]},{\"@type\":\"WebSite\",\"@id\":\"https:\/\/dev2.prosono-hardwoods.com\/#website\",\"url\":\"https:\/\/dev2.prosono-hardwoods.com\/\",\"name\":\"Prosono international\",\"description\":\"\",\"publisher\":{\"@id\":\"https:\/\/dev2.prosono-hardwoods.com\/#organization\"},\"potentialAction\":[{\"@type\":\"SearchAction\",\"target\":{\"@type\":\"EntryPoint\",\"urlTemplate\":\"https:\/\/dev2.prosono-hardwoods.com\/?s={search_term_string}\"},\"query-input\":\"required name=search_term_string\"}],\"inLanguage\":\"de\"},{\"@type\":\"Organization\",\"@id\":\"https:\/\/dev2.prosono-hardwoods.com\/#organization\",\"name\":\"Prosono Hardwoods International\",\"url\":\"https:\/\/dev2.prosono-hardwoods.com\/\",\"logo\":{\"@type\":\"ImageObject\",\"inLanguage\":\"de\",\"@id\":\"https:\/\/dev2.prosono-hardwoods.com\/#\/schema\/logo\/image\/\",\"url\":\"https:\/\/dev2.prosono-hardwoods.com\/wp-content\/uploads\/2020\/08\/prosono-logo@2x.png\",\"contentUrl\":\"https:\/\/dev2.prosono-hardwoods.com\/wp-content\/uploads\/2020\/08\/prosono-logo@2x.png\",\"width\":404,\"height\":90,\"caption\":\"Prosono Hardwoods International\"},\"image\":{\"@id\":\"https:\/\/dev2.prosono-hardwoods.com\/#\/schema\/logo\/image\/\"}}]}<\/script>\n<!-- \/ Yoast SEO plugin. -->","yoast_head_json":{"title":"Tambotie-Holz (Afrikanisches Cocobolo) zu verkaufen - Prosono international","description":"ProSono ist ein f\u00fchrender Lieferant von Tambotie (afrikanisches Cocobolo) zum Drechseln, Schnitzen, Bauen von Saiteninstrumenten und Herstellen von edlen M\u00f6beln.","robots":{"index":"noindex","follow":"follow","max-snippet":"max-snippet:-1","max-image-preview":"max-image-preview:large","max-video-preview":"max-video-preview:-1"},"og_locale":"de_DE","og_type":"article","og_title":"Tambotie-Holz (Afrikanisches Cocobolo) zu verkaufen - Prosono international","og_description":"ProSono ist ein f\u00fchrender Lieferant von Tambotie (afrikanisches Cocobolo) zum Drechseln, Schnitzen, Bauen von Saiteninstrumenten und Herstellen von edlen M\u00f6beln.","og_url":"https:\/\/dev2.prosono-hardwoods.com\/de\/holzarten\/afrikanisches-cocobolo-spirostachys-africana\/","og_site_name":"Prosono international","article_modified_time":"2024-01-12T12:40:29+00:00","twitter_card":"summary_large_image","twitter_misc":{"Gesch\u00e4tzte Lesezeit":"3\u00a0Minuten"},"schema":{"@context":"https:\/\/schema.org","@graph":[{"@type":"WebPage","@id":"https:\/\/dev2.prosono-hardwoods.com\/de\/holzarten\/afrikanisches-cocobolo-spirostachys-africana\/","url":"https:\/\/dev2.prosono-hardwoods.com\/de\/holzarten\/afrikanisches-cocobolo-spirostachys-africana\/","name":"Tambotie-Holz (Afrikanisches Cocobolo) zu verkaufen - Prosono international","isPartOf":{"@id":"https:\/\/dev2.prosono-hardwoods.com\/#website"},"datePublished":"2017-08-20T16:14:50+00:00","dateModified":"2024-01-12T12:40:29+00:00","description":"ProSono ist ein f\u00fchrender Lieferant von Tambotie (afrikanisches Cocobolo) zum Drechseln, Schnitzen, Bauen von Saiteninstrumenten und Herstellen von edlen M\u00f6beln.","breadcrumb":{"@id":"https:\/\/dev2.prosono-hardwoods.com\/de\/holzarten\/afrikanisches-cocobolo-spirostachys-africana\/#breadcrumb"},"inLanguage":"de","potentialAction":[{"@type":"ReadAction","target":["https:\/\/dev2.prosono-hardwoods.com\/de\/holzarten\/afrikanisches-cocobolo-spirostachys-africana\/"]}]},{"@type":"BreadcrumbList","@id":"https:\/\/dev2.prosono-hardwoods.com\/de\/holzarten\/afrikanisches-cocobolo-spirostachys-africana\/#breadcrumb","itemListElement":[{"@type":"ListItem","position":1,"name":"Accueil","item":"https:\/\/dev2.prosono-hardwoods.com\/"},{"@type":"ListItem","position":2,"name":"HOLZARTEN","item":"https:\/\/dev2.prosono-hardwoods.com\/de\/holzarten\/"},{"@type":"ListItem","position":3,"name":"Tambotie (Afrikanisches Cocobolo)"}]},{"@type":"WebSite","@id":"https:\/\/dev2.prosono-hardwoods.com\/#website","url":"https:\/\/dev2.prosono-hardwoods.com\/","name":"Prosono international","description":"","publisher":{"@id":"https:\/\/dev2.prosono-hardwoods.com\/#organization"},"potentialAction":[{"@type":"SearchAction","target":{"@type":"EntryPoint","urlTemplate":"https:\/\/dev2.prosono-hardwoods.com\/?s={search_term_string}"},"query-input":"required name=search_term_string"}],"inLanguage":"de"},{"@type":"Organization","@id":"https:\/\/dev2.prosono-hardwoods.com\/#organization","name":"Prosono Hardwoods International","url":"https:\/\/dev2.prosono-hardwoods.com\/","logo":{"@type":"ImageObject","inLanguage":"de","@id":"https:\/\/dev2.prosono-hardwoods.com\/#\/schema\/logo\/image\/","url":"https:\/\/dev2.prosono-hardwoods.com\/wp-content\/uploads\/2020\/08\/prosono-logo@2x.png","contentUrl":"https:\/\/dev2.prosono-hardwoods.com\/wp-content\/uploads\/2020\/08\/prosono-logo@2x.png","width":404,"height":90,"caption":"Prosono Hardwoods International"},"image":{"@id":"https:\/\/dev2.prosono-hardwoods.com\/#\/schema\/logo\/image\/"}}]}},"_links":{"self":[{"href":"https:\/\/dev2.prosono-hardwoods.com\/de\/wp-json\/wp\/v2\/pages\/1594"}],"collection":[{"href":"https:\/\/dev2.prosono-hardwoods.com\/de\/wp-json\/wp\/v2\/pages"}],"about":[{"href":"https:\/\/dev2.prosono-hardwoods.com\/de\/wp-json\/wp\/v2\/types\/page"}],"author":[{"embeddable":true,"href":"https:\/\/dev2.prosono-hardwoods.com\/de\/wp-json\/wp\/v2\/users\/4"}],"replies":[{"embeddable":true,"href":"https:\/\/dev2.prosono-hardwoods.com\/de\/wp-json\/wp\/v2\/comments?post=1594"}],"version-history":[{"count":13,"href":"https:\/\/dev2.prosono-hardwoods.com\/de\/wp-json\/wp\/v2\/pages\/1594\/revisions"}],"predecessor-version":[{"id":23887,"href":"https:\/\/dev2.prosono-hardwoods.com\/de\/wp-json\/wp\/v2\/pages\/1594\/revisions\/23887"}],"up":[{"embeddable":true,"href":"https:\/\/dev2.prosono-hardwoods.com\/de\/wp-json\/wp\/v2\/pages\/1845"}],"wp:attachment":[{"href":"https:\/\/dev2.prosono-hardwoods.com\/de\/wp-json\/wp\/v2\/media?parent=1594"}],"curies":[{"name":"wp","href":"https:\/\/api.w.org\/{rel}","templated":true}]}}