{"id":1598,"date":"2017-08-20T18:11:58","date_gmt":"2017-08-20T16:11:58","guid":{"rendered":"https:\/\/dev2.prosono-hardwoods.com\/le-snake-bean-le-bois-du-serpent-haricot\/"},"modified":"2024-01-12T13:43:56","modified_gmt":"2024-01-12T12:43:56","slug":"eisenholz-swartzia-madagascariensis","status":"publish","type":"page","link":"https:\/\/dev2.prosono-hardwoods.com\/de\/holzarten\/eisenholz-swartzia-madagascariensis\/","title":{"rendered":"Eisenholz"},"content":{"rendered":"<section class=\"wpb-content-wrapper\"><p>[vc_row css=&#8220;.vc_custom_1599017901485{margin-bottom: 0px !important;border-bottom-width: 0px !important;padding-bottom: 0px !important;}&#8220;][vc_column css=&#8220;.vc_custom_1597895212651{margin-top: 0px !important;padding-top: 0px !important;}&#8220;][vc_single_image image=&#8220;5467&#8243; img_size=&#8220;full&#8220; alignment=&#8220;center&#8220; style=&#8220;vc_box_shadow_3d&#8220; css=&#8220;.vc_custom_1613115073375{margin-bottom: 40px !important;}&#8220;][vc_row_inner css=&#8220;.vc_custom_1599017932185{margin-right: 30px !important;margin-bottom: 0px !important;margin-left: 0px !important;border-bottom-width: 0px !important;border-left-width: 4px !important;padding-bottom: 0px !important;}&#8220;][vc_column_inner width=&#8220;2\/3&#8243; css=&#8220;.vc_custom_1598441879942{margin-top: 0px !important;margin-right: 0px !important;margin-left: 0px !important;border-top-width: 0px !important;border-left-width: 4px !important;padding-top: 0px !important;padding-right: 30px !important;padding-left: 30px !important;border-left-color: #ae3307 !important;border-left-style: dotted !important;border-top-color: #ae3307 !important;border-top-style: dotted !important;}&#8220;][vc_column_text]<\/p>\n<h2><strong>Hochwertiges Eisenholz zu verkaufen<\/strong><\/h2>\n<p>Eisenholz ist ein starkes und sehr dichtes afrikanisches Hartholz. Der Kontrast zwischen dem r\u00f6tlich-orangefarbenen Kernholz, der dunklen Maserung und dem wei\u00dfen bis gelben Splintholz kann zu angenehmen, ungew\u00f6hnlichen Mustern f\u00fchren.<\/p>\n<p>Das Holz hat eine ziemlich grobe Maserung, funktioniert aber gut und l\u00e4sst sich gl\u00e4nzend polieren.<\/p>\n<p>ProSono ist ein Lieferant von Eisenholz Spindeln, Schalenrohlinge f\u00fcr Salatsch\u00fcsseln, Verzierungen, Rauchpfeifen, Billardst\u00f6cke, Rohlinge f\u00fcr Stifte, Holzgegenst\u00e4nden wie Schmuckk\u00e4stchen, Fingerringe, Spielzeug, Schnitzereien, Pfeifen, Brief\u00f6ffner und viele andere Anwendungen.<\/p>\n<p>Aufgrund seines dekorativen Wertes liefern wir auch Eisenholz f\u00fcr Musikinstrumente.[\/vc_column_text][\/vc_column_inner][vc_column_inner el_class=&#8220;shadow-block&#8220; width=&#8220;1\/3&#8243; css=&#8220;.vc_custom_1599031484416{margin-right: -30px !important;margin-left: 30px !important;background-color: #f6f5f1 !important;border-radius: 10px !important;}&#8220;][vc_column_text css=&#8220;.vc_custom_1654005983146{padding-right: 18px !important;padding-left: 18px !important;}&#8220;]<\/p>\n<h2><strong>Eigenschaften von Eisenholz<\/strong><\/h2>\n<ul>\n<li><strong>Botanischer Name:<\/strong> Bobgunnia madagascariensis oder Swartzia madagascariensis<\/li>\n<li><strong>Alternative Namen:<\/strong> Ndale, Pau ferro, Pau rosa und viele andere<\/li>\n<li><strong>Durchschnittliches Trockengewicht:<\/strong> 64 lb\/ft3 (imperial); 995 kg\/m3 (metrisch)<\/li>\n<li><strong>Dichte:<\/strong> 2.940 lbf (13.080 N) auf der Janka-Skala<\/li>\n<li><strong> Maserung:<\/strong> Ausgepr\u00e4gtes, oft welliges Narbenbild<\/li>\n<\/ul>\n<p>[\/vc_column_text][\/vc_column_inner][\/vc_row_inner][vc_empty_space][vc_text_separator title=&#8220;ANWENDUNGEN&#8220; color=&#8220;custom&#8220; border_width=&#8220;4&#8243; el_width=&#8220;60&#8243; accent_color=&#8220;#b53a2c&#8220; css=&#8220;.vc_custom_1653896193093{margin-top: 10px !important;}&#8220;][vc_row_inner gap=&#8220;10&#8243; css=&#8220;.vc_custom_1599018212541{margin-top: 0px !important;border-top-width: 0px !important;padding-top: 0px !important;}&#8220;][vc_column_inner width=&#8220;1\/5&#8243;][vc_single_image image=&#8220;5290&#8243; img_size=&#8220;320&#215;320&#8243; alignment=&#8220;center&#8220; style=&#8220;vc_box_circle_2&#8243; onclick=&#8220;custom_link&#8220; link=&#8220;https:\/\/dev2.prosono-hardwoods.com\/de\/kunden\/hersteller-von-holzblasinstrumenten-2\/&#8220;][vc_column_text css=&#8220;.vc_custom_1653980649037{margin-top: -10px !important;}&#8220;]<\/p>\n<h4 style=\"text-align: center;\"><a href=\"https:\/\/dev2.prosono-hardwoods.com\/de\/kunden\/hersteller-von-holzblasinstrumenten-2\/\"><span style=\"color: #000000;\"><strong>Holzblasinstrumente<\/strong><\/span><\/a><\/h4>\n<p>[\/vc_column_text][\/vc_column_inner][vc_column_inner width=&#8220;1\/5&#8243;][vc_single_image image=&#8220;5328&#8243; img_size=&#8220;320&#215;320&#8243; alignment=&#8220;center&#8220; style=&#8220;vc_box_shadow_circle_2&#8243; onclick=&#8220;custom_link&#8220; link=&#8220;https:\/\/dev2.prosono-hardwoods.com\/de\/kunden\/saiteninstrumentenbauer\/&#8220;][vc_column_text css=&#8220;.vc_custom_1653980760480{margin-top: -10px !important;}&#8220;]<\/p>\n<h4 style=\"text-align: center;\"><a href=\"https:\/\/dev2.prosono-hardwoods.com\/de\/kunden\/saiteninstrumentenbauer\/\"><span style=\"color: #000000;\"><strong>Saiteninstrumente<\/strong><\/span><\/a><\/h4>\n<p>[\/vc_column_text][\/vc_column_inner][vc_column_inner width=&#8220;1\/5&#8243;][vc_single_image image=&#8220;5295&#8243; img_size=&#8220;320&#215;320&#8243; alignment=&#8220;center&#8220; style=&#8220;vc_box_shadow_circle_2&#8243; onclick=&#8220;custom_link&#8220; link=&#8220;https:\/\/dev2.prosono-hardwoods.com\/de\/kunden\/tischler-schnitzer-und-moebelbauer\/&#8220;][vc_column_text css=&#8220;.vc_custom_1653981088117{margin-top: -10px !important;}&#8220;]<\/p>\n<h4 style=\"text-align: center;\"><a href=\"https:\/\/dev2.prosono-hardwoods.com\/de\/kunden\/tischler-schnitzer-und-moebelbauer\/\"><span style=\"color: #000000;\"><strong>F\u00fcr den Schreiner<\/strong><\/span><\/a><\/h4>\n<p>[\/vc_column_text][\/vc_column_inner][vc_column_inner width=&#8220;1\/5&#8243;][vc_single_image image=&#8220;5285&#8243; img_size=&#8220;320&#215;320&#8243; alignment=&#8220;center&#8220; style=&#8220;vc_box_shadow_circle_2&#8243; onclick=&#8220;custom_link&#8220; link=&#8220;https:\/\/dev2.prosono-hardwoods.com\/de\/kunden\/messerhersteller\/&#8220;][vc_column_text css=&#8220;.vc_custom_1653980928773{margin-top: -10px !important;}&#8220;]<\/p>\n<h4 style=\"text-align: center;\"><a href=\"https:\/\/dev2.prosono-hardwoods.com\/de\/kunden\/messerhersteller\/\"><span style=\"color: #000000;\"><strong>Messergriffe<\/strong><\/span><\/a><\/h4>\n<p>[\/vc_column_text][\/vc_column_inner][vc_column_inner width=&#8220;1\/5&#8243;][vc_single_image image=&#8220;5322&#8243; img_size=&#8220;320&#215;320&#8243; alignment=&#8220;center&#8220; style=&#8220;vc_box_shadow_circle_2&#8243; onclick=&#8220;custom_link&#8220; link=&#8220;https:\/\/dev2.prosono-hardwoods.com\/de\/kunden\/drechsler\/&#8220;][vc_column_text css=&#8220;.vc_custom_1653981167341{margin-top: -10px !important;}&#8220;]<\/p>\n<h4 style=\"text-align: center;\"><a href=\"https:\/\/dev2.prosono-hardwoods.com\/de\/kunden\/drechsler\/\"><span style=\"color: #000000;\"><strong>Zum drechseln<\/strong><\/span><\/a><\/h4>\n<p>[\/vc_column_text][\/vc_column_inner][\/vc_row_inner][vc_row_inner css=&#8220;.vc_custom_1598452637432{margin-top: 0px !important;margin-bottom: 0px !important;border-top-width: 0px !important;border-bottom-width: 0px !important;padding-top: 0px !important;padding-bottom: 0px !important;}&#8220;][vc_column_inner css=&#8220;.vc_custom_1599017960709{margin-top: 0px !important;margin-bottom: 0px !important;border-top-width: 0px !important;border-bottom-width: 0px !important;padding-top: 0px !important;padding-bottom: 0px !important;}&#8220;][vc_column_text css=&#8220;.vc_custom_1653895391144{margin-bottom: 50px !important;padding-top: 30px !important;padding-right: 30px !important;padding-bottom: 30px !important;padding-left: 30px !important;background-color: #77654d !important;}&#8220;]<\/p>\n<h3 style=\"text-align: center;\"><span style=\"color: #ffffff;\"><em>\u201eIch habe gerade das Paket von der Post in Kommetjie abgeholt. Das Holz ist in perfektem Zustand, sch\u00f6n und war sehr gut verpackt. Ich bin sehr gl\u00fccklich damit. Ich freue mich darauf, wieder mit Ihnen Gesch\u00e4fte zu machen.\u201c<\/em><\/span><\/h3>\n<h6 style=\"text-align: center;\"><span style=\"color: #ffffff;\"><strong>~ Christoph Girlande<\/strong><\/span><\/h6>\n<p>[\/vc_column_text][vc_btn title=&#8220;Kontaktiere uns&#8220; style=&#8220;flat&#8220; shape=&#8220;square&#8220; color=&#8220;danger&#8220; size=&#8220;lg&#8220; align=&#8220;center&#8220; css=&#8220;.vc_custom_1654006075250{margin-bottom: 20px !important;border-bottom-width: 0px !important;padding-bottom: 0px !important;}&#8220; link=&#8220;url:%23form&#8220;][\/vc_column_inner][\/vc_row_inner][\/vc_column][\/vc_row][vc_row][vc_column width=&#8220;1\/6&#8243;][\/vc_column][vc_column width=&#8220;2\/3&#8243;][vc_column_text css=&#8220;.vc_custom_1654006103716{margin-bottom: 20px !important;border-bottom-width: 0px !important;padding-bottom: 0px !important;}&#8220;]<\/p>\n<h4 style=\"text-align: left;\"><strong>\u00dcber Eisenholz<\/strong><\/h4>\n<p>[\/vc_column_text][vc_column_text]<\/p>\n<table width=\"100%\">\n<tbody>\n<tr>\n<td style=\"text-align: left;\" width=\"130\"><strong>Botanischer Name:<\/strong><\/td>\n<td style=\"text-align: left;\" width=\"534\"><em>Bobgunnia und Swartzia madagascariensis<\/em><\/td>\n<\/tr>\n<tr>\n<td style=\"text-align: left;\" width=\"130\"><strong>Familie:<\/strong><\/td>\n<td style=\"text-align: left;\" width=\"534\">Fabaceae (Caesalpinioideaea)<\/td>\n<\/tr>\n<tr>\n<td style=\"text-align: left;\" width=\"130\"><strong>Lokaler Name:<\/strong><\/td>\n<td style=\"text-align: left;\" width=\"534\">Ndale, Pau Ferro<\/td>\n<\/tr>\n<tr>\n<td style=\"text-align: left;\" width=\"130\"><strong>Englischer Name:<\/strong><\/td>\n<td style=\"text-align: left;\" width=\"534\">Ironwood<\/td>\n<\/tr>\n<tr>\n<td style=\"text-align: left;\" width=\"130\"><strong>Verbreitung:<\/strong><\/td>\n<td style=\"text-align: left;\" width=\"534\">Im Norden von Simbabwe, im S\u00fcden von Sambia und Nord-Mosambik.<\/td>\n<\/tr>\n<tr>\n<td style=\"text-align: left;\" width=\"130\"><strong>Der Baum:<\/strong><\/td>\n<td style=\"text-align: left;\" width=\"534\"><b>I<\/b>st ein mittelgro\u00dfer bis gro\u00dfer Baum. Die meisten B\u00e4ume erreichen eine H\u00f6he von 3 bis 4 Metern, k\u00f6nnen aber unter g\u00fcnstigen Bedingungen bis zu 15 Meter hoch werden. In niedrigen bis mittleren H\u00f6hen zu finden.<\/td>\n<\/tr>\n<tr>\n<td style=\"text-align: left;\" width=\"130\"><strong>Das Holz:<\/strong><\/td>\n<td style=\"text-align: left;\" width=\"534\">Rot\/orange Farbe mit ausgepr\u00e4gter dunkler Wellenmaserung. Der Splint ist gut abgegrenzt und wei\u00df bis gelb. Das Holz ist schwer, aber nicht \u00f6lig. Luftgetrocknet hat es eine Dichte von 1,0 t\/m3.<\/td>\n<\/tr>\n<tr>\n<td style=\"text-align: left;\" width=\"130\"><strong>Alterung:<\/strong><\/td>\n<td style=\"text-align: left;\" width=\"534\">Es trocknet gut, wenn es richtig gestapelt wird.<\/td>\n<\/tr>\n<tr>\n<td style=\"text-align: left;\" width=\"130\"><strong>Bearbeitbarkeit:<\/strong><\/td>\n<td style=\"text-align: left;\" width=\"534\">Eisenholz ist hart und schwer. Es ist schwer zu s\u00e4gen und muss beim Schrauben oder Nageln vorgebohrt werden. Es ist stabiler, wenn es Viertel ges\u00e4gt wird. L\u00e4sst sich gut drehen, hobeln und polieren.<\/td>\n<\/tr>\n<tr>\n<td style=\"text-align: left;\" width=\"130\"><strong>Verwendung:<\/strong><\/td>\n<td style=\"text-align: left;\" width=\"534\">Dieses Holz hat aufgrund seines dekorativen Wertes zahlreiche Anwendungen, Schmuckk\u00e4stchen, Spielzeug, Schnitzereien und sogar Musikinstrumenten.<\/td>\n<\/tr>\n<\/tbody>\n<\/table>\n<p>[\/vc_column_text][\/vc_column][vc_column width=&#8220;1\/6&#8243;][\/vc_column][\/vc_row][vc_row][vc_column][vc_text_separator title=&#8220;F\u00fcr weitere Informationen kontaktieren Sie uns&#8220; color=&#8220;custom&#8220; border_width=&#8220;4&#8243; el_width=&#8220;60&#8243; accent_color=&#8220;#b53a2c&#8220; css=&#8220;.vc_custom_1654685762190{margin-top: 20px !important;}&#8220;][\/vc_column][\/vc_row][vc_row el_id=&#8220;form&#8220;][vc_column]\n<div class=\"wpcf7 no-js\" id=\"wpcf7-f1550-o1\" lang=\"en-US\" dir=\"ltr\">\n<div class=\"screen-reader-response\"><p role=\"status\" aria-live=\"polite\" aria-atomic=\"true\"><\/p> <ul><\/ul><\/div>\n<form action=\"\/de\/wp-json\/wp\/v2\/pages\/1598#wpcf7-f1550-o1\" method=\"post\" class=\"wpcf7-form init\" aria-label=\"Contact form\" novalidate=\"novalidate\" data-status=\"init\">\n<div style=\"display: none;\">\n<input type=\"hidden\" name=\"_wpcf7\" value=\"1550\" \/>\n<input type=\"hidden\" name=\"_wpcf7_version\" value=\"5.8.3\" \/>\n<input type=\"hidden\" name=\"_wpcf7_locale\" value=\"en_US\" \/>\n<input type=\"hidden\" name=\"_wpcf7_unit_tag\" value=\"wpcf7-f1550-o1\" \/>\n<input type=\"hidden\" name=\"_wpcf7_container_post\" value=\"0\" \/>\n<input type=\"hidden\" name=\"_wpcf7_posted_data_hash\" value=\"\" \/>\n<\/div>\n<div class=\"column one-second\">\n\t<p><span class=\"wpcf7-form-control-wrap\" data-name=\"your-name\"><input size=\"40\" class=\"wpcf7-form-control wpcf7-text wpcf7-validates-as-required\" aria-required=\"true\" aria-invalid=\"false\" placeholder=\"Ihr Name\" value=\"\" type=\"text\" name=\"your-name\" \/><\/span>\n\t<\/p>\n<\/div>\n<div class=\"column one-second\">\n\t<p><span class=\"wpcf7-form-control-wrap\" data-name=\"your-email\"><input size=\"40\" class=\"wpcf7-form-control wpcf7-email wpcf7-validates-as-required wpcf7-text wpcf7-validates-as-email\" aria-required=\"true\" aria-invalid=\"false\" placeholder=\"Ihre E-Mail-Adresse\" value=\"\" type=\"email\" name=\"your-email\" \/><\/span>\n\t<\/p>\n<\/div>\n<div class=\"column one\">\n\t<p><span class=\"wpcf7-form-control-wrap\" data-name=\"your-subject\"><input size=\"40\" class=\"wpcf7-form-control wpcf7-text\" aria-invalid=\"false\" placeholder=\"Thema\" value=\"\" type=\"text\" name=\"your-subject\" \/><\/span>\n\t<\/p>\n<\/div>\n<div class=\"column one\">\n\t<p><span class=\"wpcf7-form-control-wrap\" data-name=\"your-message\"><textarea cols=\"40\" rows=\"6\" class=\"wpcf7-form-control wpcf7-textarea\" aria-invalid=\"false\" placeholder=\"Ihre Nachricht\" name=\"your-message\"><\/textarea><\/span>\n\t<\/p>\n<\/div>\n<div class=\"column one\">\n\t<p><input class=\"wpcf7-form-control wpcf7-submit has-spinner\" type=\"submit\" value=\"SENDEN\" \/>\n\t<\/p>\n<\/div><p style=\"display: none !important;\"><label>&#916;<textarea name=\"_wpcf7_ak_hp_textarea\" cols=\"45\" rows=\"8\" maxlength=\"100\"><\/textarea><\/label><input type=\"hidden\" id=\"ak_js_1\" name=\"_wpcf7_ak_js\" value=\"59\"\/><script>document.getElementById( \"ak_js_1\" ).setAttribute( \"value\", ( new Date() ).getTime() );<\/script><\/p><div class=\"wpcf7-response-output\" aria-hidden=\"true\"><\/div>\n<\/form>\n<\/div>\n[\/vc_column][\/vc_row]<\/p>\n<\/section>","protected":false},"excerpt":{"rendered":"<p>[vc_row css=&#8220;.vc_custom_1599017901485{margin-bottom: 0px !important;border-bottom-width: 0px !important;padding-bottom: 0px !important;}&#8220;][vc_column css=&#8220;.vc_custom_1597895212651{margin-top: 0px !important;padding-top: 0px !important;}&#8220;][vc_single_image image=&#8220;5467&#8243; img_size=&#8220;full&#8220; alignment=&#8220;center&#8220; style=&#8220;vc_box_shadow_3d&#8220; css=&#8220;.vc_custom_1613115073375{margin-bottom: 40px !important;}&#8220;][vc_row_inner css=&#8220;.vc_custom_1599017932185{margin-right: 30px !important;margin-bottom: 0px !important;margin-left: 0px<span class=\"excerpt-hellip\"> [\u2026]<\/span><\/p>\n","protected":false},"author":4,"featured_media":0,"parent":1845,"menu_order":0,"comment_status":"closed","ping_status":"closed","template":"","meta":{"_themeisle_gutenberg_block_has_review":false,"footnotes":""},"yoast_head":"<!-- This site is optimized with the Yoast SEO plugin v21.5 - https:\/\/yoast.com\/wordpress\/plugins\/seo\/ -->\n<title>Eisenholz zu verkaufen - Prosono international<\/title>\n<meta name=\"description\" content=\"ProSono Hardwoods ist ein f\u00fchrender Lieferant von Eisenholz f\u00fcr ma\u00dfgefertigte M\u00f6bel, gedrechselte und geschnitzte Holzgegenst\u00e4nde und Musikinstrumente.\" \/>\n<meta name=\"robots\" content=\"noindex, follow, max-snippet:-1, max-image-preview:large, max-video-preview:-1\" \/>\n<meta property=\"og:locale\" content=\"de_DE\" \/>\n<meta property=\"og:type\" content=\"article\" \/>\n<meta property=\"og:title\" content=\"Eisenholz zu verkaufen - Prosono international\" \/>\n<meta property=\"og:description\" content=\"ProSono Hardwoods ist ein f\u00fchrender Lieferant von Eisenholz f\u00fcr ma\u00dfgefertigte M\u00f6bel, gedrechselte und geschnitzte Holzgegenst\u00e4nde und Musikinstrumente.\" \/>\n<meta property=\"og:url\" content=\"https:\/\/dev2.prosono-hardwoods.com\/de\/holzarten\/eisenholz-swartzia-madagascariensis\/\" \/>\n<meta property=\"og:site_name\" content=\"Prosono international\" \/>\n<meta property=\"article:modified_time\" content=\"2024-01-12T12:43:56+00:00\" \/>\n<meta name=\"twitter:card\" content=\"summary_large_image\" \/>\n<meta name=\"twitter:label1\" content=\"Gesch\u00e4tzte Lesezeit\" \/>\n\t<meta name=\"twitter:data1\" content=\"3\u00a0Minuten\" \/>\n<script type=\"application\/ld+json\" class=\"yoast-schema-graph\">{\"@context\":\"https:\/\/schema.org\",\"@graph\":[{\"@type\":\"WebPage\",\"@id\":\"https:\/\/dev2.prosono-hardwoods.com\/de\/holzarten\/eisenholz-swartzia-madagascariensis\/\",\"url\":\"https:\/\/dev2.prosono-hardwoods.com\/de\/holzarten\/eisenholz-swartzia-madagascariensis\/\",\"name\":\"Eisenholz zu verkaufen - Prosono international\",\"isPartOf\":{\"@id\":\"https:\/\/dev2.prosono-hardwoods.com\/#website\"},\"datePublished\":\"2017-08-20T16:11:58+00:00\",\"dateModified\":\"2024-01-12T12:43:56+00:00\",\"description\":\"ProSono Hardwoods ist ein f\u00fchrender Lieferant von Eisenholz f\u00fcr ma\u00dfgefertigte M\u00f6bel, gedrechselte und geschnitzte Holzgegenst\u00e4nde und Musikinstrumente.\",\"breadcrumb\":{\"@id\":\"https:\/\/dev2.prosono-hardwoods.com\/de\/holzarten\/eisenholz-swartzia-madagascariensis\/#breadcrumb\"},\"inLanguage\":\"de\",\"potentialAction\":[{\"@type\":\"ReadAction\",\"target\":[\"https:\/\/dev2.prosono-hardwoods.com\/de\/holzarten\/eisenholz-swartzia-madagascariensis\/\"]}]},{\"@type\":\"BreadcrumbList\",\"@id\":\"https:\/\/dev2.prosono-hardwoods.com\/de\/holzarten\/eisenholz-swartzia-madagascariensis\/#breadcrumb\",\"itemListElement\":[{\"@type\":\"ListItem\",\"position\":1,\"name\":\"Accueil\",\"item\":\"https:\/\/dev2.prosono-hardwoods.com\/\"},{\"@type\":\"ListItem\",\"position\":2,\"name\":\"HOLZARTEN\",\"item\":\"https:\/\/dev2.prosono-hardwoods.com\/de\/holzarten\/\"},{\"@type\":\"ListItem\",\"position\":3,\"name\":\"Eisenholz\"}]},{\"@type\":\"WebSite\",\"@id\":\"https:\/\/dev2.prosono-hardwoods.com\/#website\",\"url\":\"https:\/\/dev2.prosono-hardwoods.com\/\",\"name\":\"Prosono international\",\"description\":\"\",\"publisher\":{\"@id\":\"https:\/\/dev2.prosono-hardwoods.com\/#organization\"},\"potentialAction\":[{\"@type\":\"SearchAction\",\"target\":{\"@type\":\"EntryPoint\",\"urlTemplate\":\"https:\/\/dev2.prosono-hardwoods.com\/?s={search_term_string}\"},\"query-input\":\"required name=search_term_string\"}],\"inLanguage\":\"de\"},{\"@type\":\"Organization\",\"@id\":\"https:\/\/dev2.prosono-hardwoods.com\/#organization\",\"name\":\"Prosono Hardwoods International\",\"url\":\"https:\/\/dev2.prosono-hardwoods.com\/\",\"logo\":{\"@type\":\"ImageObject\",\"inLanguage\":\"de\",\"@id\":\"https:\/\/dev2.prosono-hardwoods.com\/#\/schema\/logo\/image\/\",\"url\":\"https:\/\/dev2.prosono-hardwoods.com\/wp-content\/uploads\/2020\/08\/prosono-logo@2x.png\",\"contentUrl\":\"https:\/\/dev2.prosono-hardwoods.com\/wp-content\/uploads\/2020\/08\/prosono-logo@2x.png\",\"width\":404,\"height\":90,\"caption\":\"Prosono Hardwoods International\"},\"image\":{\"@id\":\"https:\/\/dev2.prosono-hardwoods.com\/#\/schema\/logo\/image\/\"}}]}<\/script>\n<!-- \/ Yoast SEO plugin. -->","yoast_head_json":{"title":"Eisenholz zu verkaufen - Prosono international","description":"ProSono Hardwoods ist ein f\u00fchrender Lieferant von Eisenholz f\u00fcr ma\u00dfgefertigte M\u00f6bel, gedrechselte und geschnitzte Holzgegenst\u00e4nde und Musikinstrumente.","robots":{"index":"noindex","follow":"follow","max-snippet":"max-snippet:-1","max-image-preview":"max-image-preview:large","max-video-preview":"max-video-preview:-1"},"og_locale":"de_DE","og_type":"article","og_title":"Eisenholz zu verkaufen - Prosono international","og_description":"ProSono Hardwoods ist ein f\u00fchrender Lieferant von Eisenholz f\u00fcr ma\u00dfgefertigte M\u00f6bel, gedrechselte und geschnitzte Holzgegenst\u00e4nde und Musikinstrumente.","og_url":"https:\/\/dev2.prosono-hardwoods.com\/de\/holzarten\/eisenholz-swartzia-madagascariensis\/","og_site_name":"Prosono international","article_modified_time":"2024-01-12T12:43:56+00:00","twitter_card":"summary_large_image","twitter_misc":{"Gesch\u00e4tzte Lesezeit":"3\u00a0Minuten"},"schema":{"@context":"https:\/\/schema.org","@graph":[{"@type":"WebPage","@id":"https:\/\/dev2.prosono-hardwoods.com\/de\/holzarten\/eisenholz-swartzia-madagascariensis\/","url":"https:\/\/dev2.prosono-hardwoods.com\/de\/holzarten\/eisenholz-swartzia-madagascariensis\/","name":"Eisenholz zu verkaufen - Prosono international","isPartOf":{"@id":"https:\/\/dev2.prosono-hardwoods.com\/#website"},"datePublished":"2017-08-20T16:11:58+00:00","dateModified":"2024-01-12T12:43:56+00:00","description":"ProSono Hardwoods ist ein f\u00fchrender Lieferant von Eisenholz f\u00fcr ma\u00dfgefertigte M\u00f6bel, gedrechselte und geschnitzte Holzgegenst\u00e4nde und Musikinstrumente.","breadcrumb":{"@id":"https:\/\/dev2.prosono-hardwoods.com\/de\/holzarten\/eisenholz-swartzia-madagascariensis\/#breadcrumb"},"inLanguage":"de","potentialAction":[{"@type":"ReadAction","target":["https:\/\/dev2.prosono-hardwoods.com\/de\/holzarten\/eisenholz-swartzia-madagascariensis\/"]}]},{"@type":"BreadcrumbList","@id":"https:\/\/dev2.prosono-hardwoods.com\/de\/holzarten\/eisenholz-swartzia-madagascariensis\/#breadcrumb","itemListElement":[{"@type":"ListItem","position":1,"name":"Accueil","item":"https:\/\/dev2.prosono-hardwoods.com\/"},{"@type":"ListItem","position":2,"name":"HOLZARTEN","item":"https:\/\/dev2.prosono-hardwoods.com\/de\/holzarten\/"},{"@type":"ListItem","position":3,"name":"Eisenholz"}]},{"@type":"WebSite","@id":"https:\/\/dev2.prosono-hardwoods.com\/#website","url":"https:\/\/dev2.prosono-hardwoods.com\/","name":"Prosono international","description":"","publisher":{"@id":"https:\/\/dev2.prosono-hardwoods.com\/#organization"},"potentialAction":[{"@type":"SearchAction","target":{"@type":"EntryPoint","urlTemplate":"https:\/\/dev2.prosono-hardwoods.com\/?s={search_term_string}"},"query-input":"required name=search_term_string"}],"inLanguage":"de"},{"@type":"Organization","@id":"https:\/\/dev2.prosono-hardwoods.com\/#organization","name":"Prosono Hardwoods International","url":"https:\/\/dev2.prosono-hardwoods.com\/","logo":{"@type":"ImageObject","inLanguage":"de","@id":"https:\/\/dev2.prosono-hardwoods.com\/#\/schema\/logo\/image\/","url":"https:\/\/dev2.prosono-hardwoods.com\/wp-content\/uploads\/2020\/08\/prosono-logo@2x.png","contentUrl":"https:\/\/dev2.prosono-hardwoods.com\/wp-content\/uploads\/2020\/08\/prosono-logo@2x.png","width":404,"height":90,"caption":"Prosono Hardwoods International"},"image":{"@id":"https:\/\/dev2.prosono-hardwoods.com\/#\/schema\/logo\/image\/"}}]}},"_links":{"self":[{"href":"https:\/\/dev2.prosono-hardwoods.com\/de\/wp-json\/wp\/v2\/pages\/1598"}],"collection":[{"href":"https:\/\/dev2.prosono-hardwoods.com\/de\/wp-json\/wp\/v2\/pages"}],"about":[{"href":"https:\/\/dev2.prosono-hardwoods.com\/de\/wp-json\/wp\/v2\/types\/page"}],"author":[{"embeddable":true,"href":"https:\/\/dev2.prosono-hardwoods.com\/de\/wp-json\/wp\/v2\/users\/4"}],"replies":[{"embeddable":true,"href":"https:\/\/dev2.prosono-hardwoods.com\/de\/wp-json\/wp\/v2\/comments?post=1598"}],"version-history":[{"count":13,"href":"https:\/\/dev2.prosono-hardwoods.com\/de\/wp-json\/wp\/v2\/pages\/1598\/revisions"}],"predecessor-version":[{"id":23889,"href":"https:\/\/dev2.prosono-hardwoods.com\/de\/wp-json\/wp\/v2\/pages\/1598\/revisions\/23889"}],"up":[{"embeddable":true,"href":"https:\/\/dev2.prosono-hardwoods.com\/de\/wp-json\/wp\/v2\/pages\/1845"}],"wp:attachment":[{"href":"https:\/\/dev2.prosono-hardwoods.com\/de\/wp-json\/wp\/v2\/media?parent=1598"}],"curies":[{"name":"wp","href":"https:\/\/api.w.org\/{rel}","templated":true}]}}