{"id":1612,"date":"2017-08-20T23:19:32","date_gmt":"2017-08-20T21:19:32","guid":{"rendered":"https:\/\/dev2.prosono-hardwoods.com\/bois-de-plomb\/"},"modified":"2024-01-12T13:41:56","modified_gmt":"2024-01-12T12:41:56","slug":"bleiholz-combretum-imberbe","status":"publish","type":"page","link":"https:\/\/dev2.prosono-hardwoods.com\/de\/holzarten\/bleiholz-combretum-imberbe\/","title":{"rendered":"Bleiholz &#8211; Eisenholz &#8211; Elegantholz"},"content":{"rendered":"<section class=\"wpb-content-wrapper\"><p>[vc_row css=&#8220;.vc_custom_1599017901485{margin-bottom: 0px !important;border-bottom-width: 0px !important;padding-bottom: 0px !important;}&#8220;][vc_column css=&#8220;.vc_custom_1597895212651{margin-top: 0px !important;padding-top: 0px !important;}&#8220;][vc_single_image image=&#8220;6721&#8243; img_size=&#8220;full&#8220; alignment=&#8220;center&#8220; style=&#8220;vc_box_shadow_3d&#8220; css=&#8220;.vc_custom_1625474917244{margin-bottom: 40px !important;}&#8220;][vc_row_inner css=&#8220;.vc_custom_1599017932185{margin-right: 30px !important;margin-bottom: 0px !important;margin-left: 0px !important;border-bottom-width: 0px !important;border-left-width: 4px !important;padding-bottom: 0px !important;}&#8220;][vc_column_inner width=&#8220;2\/3&#8243; css=&#8220;.vc_custom_1598441879942{margin-top: 0px !important;margin-right: 0px !important;margin-left: 0px !important;border-top-width: 0px !important;border-left-width: 4px !important;padding-top: 0px !important;padding-right: 30px !important;padding-left: 30px !important;border-left-color: #ae3307 !important;border-left-style: dotted !important;border-top-color: #ae3307 !important;border-top-style: dotted !important;}&#8220;][vc_column_text]Das Bleiholz ist ein kostbares Hartholz aus Afrika, schwer, widerstandsf\u00e4hig und von geringer Porosit\u00e4t mit musikalischen Qualit\u00e4ten, die von Instrumentenherstellern, und Instrumentalisten, die Fl\u00f6te, Dudelsack und klassische Instrumente wie Klarinette oder Oboe spielen, sehr gesch\u00e4tzt werden.<\/p>\n<p>Nach dem Schleifen und \u00d6len ist das Bleiholz nicht weniger schwarz als Grenadil, dass erfahrene Instrumentalisten, die ihr Instrument wochenlang spielen, immer noch nicht einmal einen Unterschied in \u00c4sthetik und Klang bemerken!<\/p>\n<p><strong>Wegen seiner Tonqualit\u00e4t, Farbe und Klangst\u00e4rke nennen wir es Elegantholz f\u00fcr Instrumenten-hersteller und Anwendungen.<\/strong><\/p>\n<p>Bleiholz \u200b\u200bwird auch von Drechslern und Bildhauern wegen seiner H\u00e4rte, Stabilit\u00e4t, geringen Porosit\u00e4t und nach dem Schleifen des schwarzen Glanzes gesucht.<\/p>\n<p>ProSono liefert Bleiholz Rohlinge f\u00fcr Salatsch\u00fcsseln, Rauchpfeifen, Verzierungen, und Kanteln f\u00fcr Stifte, Brief\u00f6ffner, Billardst\u00f6cke, und viele andere Anwendungen.<\/p>\n<p>Unser Bleiholz \u200b\u200bist beliebt f\u00fcr Messergriffe. Es hat sich auch f\u00fcr Gitarrenb\u00f6den und -zargen durchgesetzt.<\/p>\n<p>Da Bleiholz \u200b\u200bsehr hart ist, ist es schwierig zu schneiden und zu hobeln. Wir empfehlen Wolframklingen. Es dreht sich jedoch gut mit einem Mei\u00dfel, hat eine feine K\u00f6rnung und bietet ein sch\u00f6nes seidig gl\u00e4nzendes Finish.[\/vc_column_text][\/vc_column_inner][vc_column_inner el_class=&#8220;shadow-block&#8220; width=&#8220;1\/3&#8243; css=&#8220;.vc_custom_1599031484416{margin-right: -30px !important;margin-left: 30px !important;background-color: #f6f5f1 !important;border-radius: 10px !important;}&#8220;][vc_column_text css=&#8220;.vc_custom_1653896011915{padding-right: 18px !important;padding-left: 18px !important;}&#8220;]<\/p>\n<h2><strong>Eigenschaften von Bleiholz<\/strong><\/h2>\n<ul>\n<li>Botanischer Name: Combretum imberbe<\/li>\n<li>Name f\u00fcr die Musikindustrie: Elegantholz<\/li>\n<li>Name f\u00fcr das Drechseln und Messermachen: Bleiholz<\/li>\n<li>Lokaler Name: Hardekool<\/li>\n<li>Durchschnittliches Trockengewicht: 1220 kg \/ dm\u00b3<\/li>\n<li>H\u00e4rte: 15.880 N auf der Janka-Skala<\/li>\n<li>Maserung: bunt mit Muster<\/li>\n<\/ul>\n<p>[\/vc_column_text][\/vc_column_inner][\/vc_row_inner][vc_empty_space][vc_text_separator title=&#8220;ANWENDUNGEN&#8220; color=&#8220;custom&#8220; border_width=&#8220;4&#8243; el_width=&#8220;60&#8243; accent_color=&#8220;#b53a2c&#8220; css=&#8220;.vc_custom_1653896193093{margin-top: 10px !important;}&#8220;][vc_row_inner gap=&#8220;10&#8243; css=&#8220;.vc_custom_1599018212541{margin-top: 0px !important;border-top-width: 0px !important;padding-top: 0px !important;}&#8220;][vc_column_inner width=&#8220;1\/5&#8243;][vc_single_image image=&#8220;5290&#8243; img_size=&#8220;320&#215;320&#8243; alignment=&#8220;center&#8220; style=&#8220;vc_box_circle_2&#8243; onclick=&#8220;custom_link&#8220; link=&#8220;https:\/\/dev2.prosono-hardwoods.com\/de\/kunden\/hersteller-von-holzblasinstrumenten-2\/&#8220;][vc_column_text css=&#8220;.vc_custom_1653980649037{margin-top: -10px !important;}&#8220;]<\/p>\n<h4 style=\"text-align: center;\"><a href=\"https:\/\/dev2.prosono-hardwoods.com\/de\/kunden\/hersteller-von-holzblasinstrumenten-2\/\"><span style=\"color: #000000;\"><strong>Holzblasinstrumente<\/strong><\/span><\/a><\/h4>\n<p>[\/vc_column_text][\/vc_column_inner][vc_column_inner width=&#8220;1\/5&#8243;][vc_single_image image=&#8220;5328&#8243; img_size=&#8220;320&#215;320&#8243; alignment=&#8220;center&#8220; style=&#8220;vc_box_shadow_circle_2&#8243; onclick=&#8220;custom_link&#8220; link=&#8220;https:\/\/dev2.prosono-hardwoods.com\/de\/kunden\/saiteninstrumentenbauer\/&#8220;][vc_column_text css=&#8220;.vc_custom_1653980760480{margin-top: -10px !important;}&#8220;]<\/p>\n<h4 style=\"text-align: center;\"><a href=\"https:\/\/dev2.prosono-hardwoods.com\/de\/kunden\/saiteninstrumentenbauer\/\"><span style=\"color: #000000;\"><strong>Saiteninstrumente<\/strong><\/span><\/a><\/h4>\n<p>[\/vc_column_text][\/vc_column_inner][vc_column_inner width=&#8220;1\/5&#8243;][vc_single_image image=&#8220;5295&#8243; img_size=&#8220;320&#215;320&#8243; alignment=&#8220;center&#8220; style=&#8220;vc_box_shadow_circle_2&#8243; onclick=&#8220;custom_link&#8220; link=&#8220;https:\/\/dev2.prosono-hardwoods.com\/de\/kunden\/tischler-schnitzer-und-moebelbauer\/&#8220;][vc_column_text css=&#8220;.vc_custom_1653981088117{margin-top: -10px !important;}&#8220;]<\/p>\n<h4 style=\"text-align: center;\"><a href=\"https:\/\/dev2.prosono-hardwoods.com\/de\/kunden\/tischler-schnitzer-und-moebelbauer\/\"><span style=\"color: #000000;\"><strong>F\u00fcr den Schreiner<\/strong><\/span><\/a><\/h4>\n<p>[\/vc_column_text][\/vc_column_inner][vc_column_inner width=&#8220;1\/5&#8243;][vc_single_image image=&#8220;5285&#8243; img_size=&#8220;320&#215;320&#8243; alignment=&#8220;center&#8220; style=&#8220;vc_box_shadow_circle_2&#8243; onclick=&#8220;custom_link&#8220; link=&#8220;https:\/\/dev2.prosono-hardwoods.com\/de\/kunden\/messerhersteller\/&#8220;][vc_column_text css=&#8220;.vc_custom_1653980928773{margin-top: -10px !important;}&#8220;]<\/p>\n<h4 style=\"text-align: center;\"><a href=\"https:\/\/dev2.prosono-hardwoods.com\/de\/kunden\/messerhersteller\/\"><span style=\"color: #000000;\"><strong>Messergriffe<\/strong><\/span><\/a><\/h4>\n<p>[\/vc_column_text][\/vc_column_inner][vc_column_inner width=&#8220;1\/5&#8243;][vc_single_image image=&#8220;5322&#8243; img_size=&#8220;320&#215;320&#8243; alignment=&#8220;center&#8220; style=&#8220;vc_box_shadow_circle_2&#8243; onclick=&#8220;custom_link&#8220; link=&#8220;https:\/\/dev2.prosono-hardwoods.com\/de\/kunden\/drechsler\/&#8220;][vc_column_text css=&#8220;.vc_custom_1653981167341{margin-top: -10px !important;}&#8220;]<\/p>\n<h4 style=\"text-align: center;\"><a href=\"https:\/\/dev2.prosono-hardwoods.com\/de\/kunden\/drechsler\/\"><span style=\"color: #000000;\"><strong>Zum drechseln<\/strong><\/span><\/a><\/h4>\n<p>[\/vc_column_text][\/vc_column_inner][\/vc_row_inner][vc_row_inner css=&#8220;.vc_custom_1598452637432{margin-top: 0px !important;margin-bottom: 0px !important;border-top-width: 0px !important;border-bottom-width: 0px !important;padding-top: 0px !important;padding-bottom: 0px !important;}&#8220;][vc_column_inner css=&#8220;.vc_custom_1599017960709{margin-top: 0px !important;margin-bottom: 0px !important;border-top-width: 0px !important;border-bottom-width: 0px !important;padding-top: 0px !important;padding-bottom: 0px !important;}&#8220;][vc_column_text css=&#8220;.vc_custom_1653895391144{margin-bottom: 50px !important;padding-top: 30px !important;padding-right: 30px !important;padding-bottom: 30px !important;padding-left: 30px !important;background-color: #77654d !important;}&#8220;]<\/p>\n<h3 style=\"text-align: center;\"><span style=\"color: #ffffff;\"><em>\u201eIch habe Skizzen zum Filmen von meinem Freund bekommen. Lassen Sie mich Ihnen sagen, die Qualit\u00e4t ist au\u00dfergew\u00f6hnlich! Ich freue mich auf eine weitere Bestellung bei Ihrem Unternehmen.<\/em><\/span><\/h3>\n<h6 style=\"text-align: center;\"><span style=\"color: #ffffff;\"><strong>~ Pedro Jorge<\/strong><\/span><\/h6>\n<p>[\/vc_column_text][vc_btn title=&#8220;Kontaktiere uns&#8220; style=&#8220;flat&#8220; shape=&#8220;square&#8220; color=&#8220;danger&#8220; size=&#8220;lg&#8220; align=&#8220;center&#8220; css=&#8220;.vc_custom_1653895190229{margin-bottom: 20px !important;border-bottom-width: 0px !important;padding-bottom: 0px !important;}&#8220; link=&#8220;url:%23Kontakt&#8220;][\/vc_column_inner][\/vc_row_inner][\/vc_column][\/vc_row][vc_row][vc_column width=&#8220;1\/6&#8243;][\/vc_column][vc_column width=&#8220;2\/3&#8243;][vc_column_text]<\/p>\n<table width=\"100%\">\n<tbody>\n<tr>\n<td style=\"text-align: left;\" width=\"130\"><strong>Verbreitung:<\/strong><\/td>\n<td style=\"text-align: left;\" width=\"534\">Von Tansania im Norden bis KwaZulu-Natal im S\u00fcden<\/td>\n<\/tr>\n<tr>\n<td style=\"text-align: left;\" width=\"130\"><strong>Der Baum:<\/strong><\/td>\n<td style=\"text-align: left;\" width=\"534\">Halblaubabwerfend, der Baum erreicht eine H\u00f6he von 7 bis 15 Metern, manchmal als Strauch. Er w\u00e4chst in offenen W\u00e4ldern aller Art. Die Rinde von Bleiholz ist blassgrau und in rechteckige Formen gesprungen. Hardekool ist eine gesch\u00fctzte Art in S\u00fcdafrika. Die Ernte ist genehmigungspflichtig.<\/td>\n<\/tr>\n<tr>\n<td style=\"text-align: left;\" width=\"130\"><strong>Holz:<\/strong><\/td>\n<td style=\"text-align: left;\" width=\"534\">Bleiholz \u200b\u200bist hart, schwer und gr\u00e4ulich bis schwarz. Der Splint ist gelb. Die Dichte von Bleiholz \u200b\u200bbetr\u00e4gt luftgetrocknet 1,2 t \/ m\u00b3.<\/td>\n<\/tr>\n<tr>\n<td style=\"text-align: left;\" width=\"130\"><strong>Alterung:<\/strong><\/td>\n<td style=\"text-align: left;\" width=\"534\">Holz trocknet ziemlich schnell \u2013 bei richtiger Stapelung in etwa vier Monaten.<\/td>\n<\/tr>\n<tr>\n<td style=\"text-align: left;\" width=\"130\"><strong>Bearbeitbarkeit:<\/strong><\/td>\n<td style=\"text-align: left;\" width=\"534\">Das Holz ist stabil. Es ist schwer zu s\u00e4gen. Das Holz wird daher stufenweise geschnitten \u2013 zuerst auf einer Bands\u00e4ge mit einem flexiblen und d\u00fcnnen Blatt in Platten zerlegt und dann mit wolframbest\u00fcckten Bl\u00e4ttern in Teile geschnitten.<\/td>\n<\/tr>\n<tr>\n<td style=\"text-align: left;\" width=\"130\"><strong>Drechseln:<\/strong><\/td>\n<td style=\"text-align: left;\" width=\"534\">Das Holz l\u00e4sst sich gut drehen. Es ist ziemlich feink\u00f6rnig und bietet, wenn es poliert wird, eine glas\u00e4hnliche Oberfl\u00e4che.<\/td>\n<\/tr>\n<tr>\n<td style=\"text-align: left;\" width=\"130\"><strong>Verwendung:<\/strong><\/td>\n<td style=\"text-align: left;\" width=\"534\">\n<p>In der Vergangenheit wurde Bleiholz \u200b\u200bf\u00fcr landwirtschaftliche Ger\u00e4te, Zaunpf\u00e4hle, Eisenbahnschwellen und St\u00fctzen f\u00fcr Minen verwendet. Es wurde auch ausgiebig als Brennholz geerntet, was seinen gesch\u00fctzten Status erkl\u00e4rt.<\/p>\n<p>Aufgrund seiner H\u00e4rte und leichten Drehbarkeit hat es Anwendung f\u00fcr Messergriffe, Pfeifen und Spazierst\u00f6cke und Billardschlangen gefunden.<\/p>\n<p>In j\u00fcngerer Zeit ist es bei Herstellern von Dudels\u00e4cken und Fl\u00f6ten wegen seiner schwarzen Farbe und seines perfekten Klangs sowie bei klassischen Instrumenten wie Klarinetten und Oboen wegen seines Sustains und seiner variablen Klangqualit\u00e4t beliebt geworden.<\/td>\n<\/tr>\n<\/tbody>\n<\/table>\n<p>[\/vc_column_text][\/vc_column][vc_column width=&#8220;1\/6&#8243;][\/vc_column][\/vc_row][vc_row][vc_column width=&#8220;1\/4&#8243;][vc_single_image image=&#8220;6725&#8243; img_size=&#8220;medium&#8220; add_caption=&#8220;yes&#8220; onclick=&#8220;link_image&#8220;][\/vc_column][vc_column width=&#8220;1\/4&#8243;][vc_single_image image=&#8220;6729&#8243; img_size=&#8220;medium&#8220; add_caption=&#8220;yes&#8220; onclick=&#8220;link_image&#8220;][\/vc_column][vc_column width=&#8220;1\/4&#8243;][vc_single_image image=&#8220;5225&#8243; img_size=&#8220;medium&#8220; add_caption=&#8220;yes&#8220; onclick=&#8220;link_image&#8220;][\/vc_column][vc_column width=&#8220;1\/4&#8243;][vc_single_image image=&#8220;6734&#8243; img_size=&#8220;medium&#8220; add_caption=&#8220;yes&#8220; onclick=&#8220;link_image&#8220;][\/vc_column][\/vc_row][vc_row][vc_column][vc_text_separator title=&#8220;F\u00fcr weitere Informationen kontaktieren Sie uns&#8220; color=&#8220;custom&#8220; border_width=&#8220;4&#8243; el_width=&#8220;60&#8243; accent_color=&#8220;#b53a2c&#8220; css=&#8220;.vc_custom_1654685714650{margin-top: 20px !important;}&#8220;][\/vc_column][\/vc_row][vc_row el_id=&#8220;Kontakt&#8220;][vc_column]\n<div class=\"wpcf7 no-js\" id=\"wpcf7-f1550-o1\" lang=\"en-US\" dir=\"ltr\">\n<div class=\"screen-reader-response\"><p role=\"status\" aria-live=\"polite\" aria-atomic=\"true\"><\/p> <ul><\/ul><\/div>\n<form action=\"\/de\/wp-json\/wp\/v2\/pages\/1612#wpcf7-f1550-o1\" method=\"post\" class=\"wpcf7-form init\" aria-label=\"Contact form\" novalidate=\"novalidate\" data-status=\"init\">\n<div style=\"display: none;\">\n<input type=\"hidden\" name=\"_wpcf7\" value=\"1550\" \/>\n<input type=\"hidden\" name=\"_wpcf7_version\" value=\"5.8.3\" \/>\n<input type=\"hidden\" name=\"_wpcf7_locale\" value=\"en_US\" \/>\n<input type=\"hidden\" name=\"_wpcf7_unit_tag\" value=\"wpcf7-f1550-o1\" \/>\n<input type=\"hidden\" name=\"_wpcf7_container_post\" value=\"0\" \/>\n<input type=\"hidden\" name=\"_wpcf7_posted_data_hash\" value=\"\" \/>\n<\/div>\n<div class=\"column one-second\">\n\t<p><span class=\"wpcf7-form-control-wrap\" data-name=\"your-name\"><input size=\"40\" class=\"wpcf7-form-control wpcf7-text wpcf7-validates-as-required\" aria-required=\"true\" aria-invalid=\"false\" placeholder=\"Ihr Name\" value=\"\" type=\"text\" name=\"your-name\" \/><\/span>\n\t<\/p>\n<\/div>\n<div class=\"column one-second\">\n\t<p><span class=\"wpcf7-form-control-wrap\" data-name=\"your-email\"><input size=\"40\" class=\"wpcf7-form-control wpcf7-email wpcf7-validates-as-required wpcf7-text wpcf7-validates-as-email\" aria-required=\"true\" aria-invalid=\"false\" placeholder=\"Ihre E-Mail-Adresse\" value=\"\" type=\"email\" name=\"your-email\" \/><\/span>\n\t<\/p>\n<\/div>\n<div class=\"column one\">\n\t<p><span class=\"wpcf7-form-control-wrap\" data-name=\"your-subject\"><input size=\"40\" class=\"wpcf7-form-control wpcf7-text\" aria-invalid=\"false\" placeholder=\"Thema\" value=\"\" type=\"text\" name=\"your-subject\" \/><\/span>\n\t<\/p>\n<\/div>\n<div class=\"column one\">\n\t<p><span class=\"wpcf7-form-control-wrap\" data-name=\"your-message\"><textarea cols=\"40\" rows=\"6\" class=\"wpcf7-form-control wpcf7-textarea\" aria-invalid=\"false\" placeholder=\"Ihre Nachricht\" name=\"your-message\"><\/textarea><\/span>\n\t<\/p>\n<\/div>\n<div class=\"column one\">\n\t<p><input class=\"wpcf7-form-control wpcf7-submit has-spinner\" type=\"submit\" value=\"SENDEN\" \/>\n\t<\/p>\n<\/div><p style=\"display: none !important;\"><label>&#916;<textarea name=\"_wpcf7_ak_hp_textarea\" cols=\"45\" rows=\"8\" maxlength=\"100\"><\/textarea><\/label><input type=\"hidden\" id=\"ak_js_1\" name=\"_wpcf7_ak_js\" value=\"15\"\/><script>document.getElementById( \"ak_js_1\" ).setAttribute( \"value\", ( new Date() ).getTime() );<\/script><\/p><div class=\"wpcf7-response-output\" aria-hidden=\"true\"><\/div>\n<\/form>\n<\/div>\n[\/vc_column][\/vc_row]<\/p>\n<\/section>","protected":false},"excerpt":{"rendered":"<p>[vc_row css=&#8220;.vc_custom_1599017901485{margin-bottom: 0px !important;border-bottom-width: 0px !important;padding-bottom: 0px !important;}&#8220;][vc_column css=&#8220;.vc_custom_1597895212651{margin-top: 0px !important;padding-top: 0px !important;}&#8220;][vc_single_image image=&#8220;6721&#8243; img_size=&#8220;full&#8220; alignment=&#8220;center&#8220; style=&#8220;vc_box_shadow_3d&#8220; css=&#8220;.vc_custom_1625474917244{margin-bottom: 40px !important;}&#8220;][vc_row_inner css=&#8220;.vc_custom_1599017932185{margin-right: 30px !important;margin-bottom: 0px !important;margin-left: 0px<span class=\"excerpt-hellip\"> [\u2026]<\/span><\/p>\n","protected":false},"author":4,"featured_media":0,"parent":1845,"menu_order":0,"comment_status":"closed","ping_status":"closed","template":"","meta":{"_themeisle_gutenberg_block_has_review":false,"footnotes":""},"yoast_head":"<!-- This site is optimized with the Yoast SEO plugin v21.5 - https:\/\/yoast.com\/wordpress\/plugins\/seo\/ -->\n<title>Bleiholz - Eisenholz - Elegantholz zu verkaufen - Prosono international<\/title>\n<meta name=\"description\" content=\"ProSono ist ein f\u00fchrender Lieferant von Bleiholz zum Schnitzen, Drechseln und zur Herstellung von Musikinstrumenten.\" \/>\n<meta name=\"robots\" content=\"noindex, follow, max-snippet:-1, max-image-preview:large, max-video-preview:-1\" \/>\n<meta property=\"og:locale\" content=\"de_DE\" \/>\n<meta property=\"og:type\" content=\"article\" \/>\n<meta property=\"og:title\" content=\"Bleiholz - Eisenholz - Elegantholz zu verkaufen - Prosono international\" \/>\n<meta property=\"og:description\" content=\"ProSono ist ein f\u00fchrender Lieferant von Bleiholz zum Schnitzen, Drechseln und zur Herstellung von Musikinstrumenten.\" \/>\n<meta property=\"og:url\" content=\"https:\/\/dev2.prosono-hardwoods.com\/de\/holzarten\/bleiholz-combretum-imberbe\/\" \/>\n<meta property=\"og:site_name\" content=\"Prosono international\" \/>\n<meta property=\"article:modified_time\" content=\"2024-01-12T12:41:56+00:00\" \/>\n<meta name=\"twitter:card\" content=\"summary_large_image\" \/>\n<meta name=\"twitter:label1\" content=\"Gesch\u00e4tzte Lesezeit\" \/>\n\t<meta name=\"twitter:data1\" content=\"4\u00a0Minuten\" \/>\n<script type=\"application\/ld+json\" class=\"yoast-schema-graph\">{\"@context\":\"https:\/\/schema.org\",\"@graph\":[{\"@type\":\"WebPage\",\"@id\":\"https:\/\/dev2.prosono-hardwoods.com\/de\/holzarten\/bleiholz-combretum-imberbe\/\",\"url\":\"https:\/\/dev2.prosono-hardwoods.com\/de\/holzarten\/bleiholz-combretum-imberbe\/\",\"name\":\"Bleiholz - Eisenholz - Elegantholz zu verkaufen - Prosono international\",\"isPartOf\":{\"@id\":\"https:\/\/dev2.prosono-hardwoods.com\/#website\"},\"datePublished\":\"2017-08-20T21:19:32+00:00\",\"dateModified\":\"2024-01-12T12:41:56+00:00\",\"description\":\"ProSono ist ein f\u00fchrender Lieferant von Bleiholz zum Schnitzen, Drechseln und zur Herstellung von Musikinstrumenten.\",\"breadcrumb\":{\"@id\":\"https:\/\/dev2.prosono-hardwoods.com\/de\/holzarten\/bleiholz-combretum-imberbe\/#breadcrumb\"},\"inLanguage\":\"de\",\"potentialAction\":[{\"@type\":\"ReadAction\",\"target\":[\"https:\/\/dev2.prosono-hardwoods.com\/de\/holzarten\/bleiholz-combretum-imberbe\/\"]}]},{\"@type\":\"BreadcrumbList\",\"@id\":\"https:\/\/dev2.prosono-hardwoods.com\/de\/holzarten\/bleiholz-combretum-imberbe\/#breadcrumb\",\"itemListElement\":[{\"@type\":\"ListItem\",\"position\":1,\"name\":\"Accueil\",\"item\":\"https:\/\/dev2.prosono-hardwoods.com\/\"},{\"@type\":\"ListItem\",\"position\":2,\"name\":\"HOLZARTEN\",\"item\":\"https:\/\/dev2.prosono-hardwoods.com\/de\/holzarten\/\"},{\"@type\":\"ListItem\",\"position\":3,\"name\":\"Bleiholz &#8211; Eisenholz &#8211; Elegantholz\"}]},{\"@type\":\"WebSite\",\"@id\":\"https:\/\/dev2.prosono-hardwoods.com\/#website\",\"url\":\"https:\/\/dev2.prosono-hardwoods.com\/\",\"name\":\"Prosono international\",\"description\":\"\",\"publisher\":{\"@id\":\"https:\/\/dev2.prosono-hardwoods.com\/#organization\"},\"potentialAction\":[{\"@type\":\"SearchAction\",\"target\":{\"@type\":\"EntryPoint\",\"urlTemplate\":\"https:\/\/dev2.prosono-hardwoods.com\/?s={search_term_string}\"},\"query-input\":\"required name=search_term_string\"}],\"inLanguage\":\"de\"},{\"@type\":\"Organization\",\"@id\":\"https:\/\/dev2.prosono-hardwoods.com\/#organization\",\"name\":\"Prosono Hardwoods International\",\"url\":\"https:\/\/dev2.prosono-hardwoods.com\/\",\"logo\":{\"@type\":\"ImageObject\",\"inLanguage\":\"de\",\"@id\":\"https:\/\/dev2.prosono-hardwoods.com\/#\/schema\/logo\/image\/\",\"url\":\"https:\/\/dev2.prosono-hardwoods.com\/wp-content\/uploads\/2020\/08\/prosono-logo@2x.png\",\"contentUrl\":\"https:\/\/dev2.prosono-hardwoods.com\/wp-content\/uploads\/2020\/08\/prosono-logo@2x.png\",\"width\":404,\"height\":90,\"caption\":\"Prosono Hardwoods International\"},\"image\":{\"@id\":\"https:\/\/dev2.prosono-hardwoods.com\/#\/schema\/logo\/image\/\"}}]}<\/script>\n<!-- \/ Yoast SEO plugin. -->","yoast_head_json":{"title":"Bleiholz - Eisenholz - Elegantholz zu verkaufen - Prosono international","description":"ProSono ist ein f\u00fchrender Lieferant von Bleiholz zum Schnitzen, Drechseln und zur Herstellung von Musikinstrumenten.","robots":{"index":"noindex","follow":"follow","max-snippet":"max-snippet:-1","max-image-preview":"max-image-preview:large","max-video-preview":"max-video-preview:-1"},"og_locale":"de_DE","og_type":"article","og_title":"Bleiholz - Eisenholz - Elegantholz zu verkaufen - Prosono international","og_description":"ProSono ist ein f\u00fchrender Lieferant von Bleiholz zum Schnitzen, Drechseln und zur Herstellung von Musikinstrumenten.","og_url":"https:\/\/dev2.prosono-hardwoods.com\/de\/holzarten\/bleiholz-combretum-imberbe\/","og_site_name":"Prosono international","article_modified_time":"2024-01-12T12:41:56+00:00","twitter_card":"summary_large_image","twitter_misc":{"Gesch\u00e4tzte Lesezeit":"4\u00a0Minuten"},"schema":{"@context":"https:\/\/schema.org","@graph":[{"@type":"WebPage","@id":"https:\/\/dev2.prosono-hardwoods.com\/de\/holzarten\/bleiholz-combretum-imberbe\/","url":"https:\/\/dev2.prosono-hardwoods.com\/de\/holzarten\/bleiholz-combretum-imberbe\/","name":"Bleiholz - Eisenholz - Elegantholz zu verkaufen - Prosono international","isPartOf":{"@id":"https:\/\/dev2.prosono-hardwoods.com\/#website"},"datePublished":"2017-08-20T21:19:32+00:00","dateModified":"2024-01-12T12:41:56+00:00","description":"ProSono ist ein f\u00fchrender Lieferant von Bleiholz zum Schnitzen, Drechseln und zur Herstellung von Musikinstrumenten.","breadcrumb":{"@id":"https:\/\/dev2.prosono-hardwoods.com\/de\/holzarten\/bleiholz-combretum-imberbe\/#breadcrumb"},"inLanguage":"de","potentialAction":[{"@type":"ReadAction","target":["https:\/\/dev2.prosono-hardwoods.com\/de\/holzarten\/bleiholz-combretum-imberbe\/"]}]},{"@type":"BreadcrumbList","@id":"https:\/\/dev2.prosono-hardwoods.com\/de\/holzarten\/bleiholz-combretum-imberbe\/#breadcrumb","itemListElement":[{"@type":"ListItem","position":1,"name":"Accueil","item":"https:\/\/dev2.prosono-hardwoods.com\/"},{"@type":"ListItem","position":2,"name":"HOLZARTEN","item":"https:\/\/dev2.prosono-hardwoods.com\/de\/holzarten\/"},{"@type":"ListItem","position":3,"name":"Bleiholz &#8211; Eisenholz &#8211; Elegantholz"}]},{"@type":"WebSite","@id":"https:\/\/dev2.prosono-hardwoods.com\/#website","url":"https:\/\/dev2.prosono-hardwoods.com\/","name":"Prosono international","description":"","publisher":{"@id":"https:\/\/dev2.prosono-hardwoods.com\/#organization"},"potentialAction":[{"@type":"SearchAction","target":{"@type":"EntryPoint","urlTemplate":"https:\/\/dev2.prosono-hardwoods.com\/?s={search_term_string}"},"query-input":"required name=search_term_string"}],"inLanguage":"de"},{"@type":"Organization","@id":"https:\/\/dev2.prosono-hardwoods.com\/#organization","name":"Prosono Hardwoods International","url":"https:\/\/dev2.prosono-hardwoods.com\/","logo":{"@type":"ImageObject","inLanguage":"de","@id":"https:\/\/dev2.prosono-hardwoods.com\/#\/schema\/logo\/image\/","url":"https:\/\/dev2.prosono-hardwoods.com\/wp-content\/uploads\/2020\/08\/prosono-logo@2x.png","contentUrl":"https:\/\/dev2.prosono-hardwoods.com\/wp-content\/uploads\/2020\/08\/prosono-logo@2x.png","width":404,"height":90,"caption":"Prosono Hardwoods International"},"image":{"@id":"https:\/\/dev2.prosono-hardwoods.com\/#\/schema\/logo\/image\/"}}]}},"_links":{"self":[{"href":"https:\/\/dev2.prosono-hardwoods.com\/de\/wp-json\/wp\/v2\/pages\/1612"}],"collection":[{"href":"https:\/\/dev2.prosono-hardwoods.com\/de\/wp-json\/wp\/v2\/pages"}],"about":[{"href":"https:\/\/dev2.prosono-hardwoods.com\/de\/wp-json\/wp\/v2\/types\/page"}],"author":[{"embeddable":true,"href":"https:\/\/dev2.prosono-hardwoods.com\/de\/wp-json\/wp\/v2\/users\/4"}],"replies":[{"embeddable":true,"href":"https:\/\/dev2.prosono-hardwoods.com\/de\/wp-json\/wp\/v2\/comments?post=1612"}],"version-history":[{"count":31,"href":"https:\/\/dev2.prosono-hardwoods.com\/de\/wp-json\/wp\/v2\/pages\/1612\/revisions"}],"predecessor-version":[{"id":23888,"href":"https:\/\/dev2.prosono-hardwoods.com\/de\/wp-json\/wp\/v2\/pages\/1612\/revisions\/23888"}],"up":[{"embeddable":true,"href":"https:\/\/dev2.prosono-hardwoods.com\/de\/wp-json\/wp\/v2\/pages\/1845"}],"wp:attachment":[{"href":"https:\/\/dev2.prosono-hardwoods.com\/de\/wp-json\/wp\/v2\/media?parent=1612"}],"curies":[{"name":"wp","href":"https:\/\/api.w.org\/{rel}","templated":true}]}}