{"id":1632,"date":"2017-08-20T18:32:57","date_gmt":"2017-08-20T16:32:57","guid":{"rendered":"https:\/\/dev2.prosono-hardwoods.com\/ebenistes-et-fabricants-de-meubles-fait-a-la-main\/"},"modified":"2024-01-16T15:23:33","modified_gmt":"2024-01-16T14:23:33","slug":"holz-fuer-schreiner-tischler-schnitzer-mobelhersteller","status":"publish","type":"page","link":"https:\/\/dev2.prosono-hardwoods.com\/de\/edelholz\/holz-fuer-schreiner-tischler-schnitzer-mobelhersteller\/","title":{"rendered":"Edelholz F\u00fcr Den Tischler, Schnitzer Und M\u00f6belbauer"},"content":{"rendered":"<section class=\"wpb-content-wrapper\"><p>[vc_row][vc_column][vc_single_image image=&#8220;7491&#8243; img_size=&#8220;full&#8220; alignment=&#8220;right&#8220; style=&#8220;vc_box_shadow_3d&#8220;][\/vc_column][\/vc_row][vc_row css=&#8220;.vc_custom_1599654516246{margin-top: 0px !important;margin-right: 0px !important;margin-left: 0px !important;border-top-width: 0px !important;border-left-width: 4px !important;padding-top: 0px !important;padding-right: 0px !important;padding-left: 30px !important;border-left-color: #ae3307 !important;border-left-style: dotted !important;border-top-color: #ae3307 !important;border-top-style: dotted !important;}&#8220;][vc_column width=&#8220;2\/3&#8243; css=&#8220;.vc_custom_1599654008285{margin-top: 0px !important;margin-bottom: 0px !important;padding-top: 0px !important;padding-bottom: 0px !important;}&#8220;][vc_column_text css=&#8220;.vc_custom_1615300218714{margin-bottom: 20px !important;}&#8220;]<\/p>\n<h2><strong>Exotic hardwood for joiners, carvers and furniture makers<\/strong><\/h2>\n<p>[\/vc_column_text][vc_column_text css=&#8220;.vc_custom_1616581758476{margin-bottom: 0px !important;border-bottom-width: 0px !important;padding-bottom: 0px !important;}&#8220;]ProSono offers a range of beautiful, high-density African hardwoods that are ideal for carving, turning and fine carpentry. For example, we supply:<\/p>\n<ul>\n<li><a href=\"#furniture\">hardwood for custom furniture<\/a><\/li>\n<li>fine<a href=\"#joinery-timber\"> joinery timber<\/a><\/li>\n<li><a href=\"#exotic-hardwood\">exotic solid wood floor<\/a><\/li>\n<li>hardwood <a href=\"#project-lumber\">project lumber<\/a><\/li>\n<li><a href=\"#combo-packs\">hardwood packs for carvers<\/a>.<\/li>\n<\/ul>\n<p>Our hardwood is extracted from relatively small, irregularly shaped logs.<\/p>\n<p>It is responsibly and sustainably harvested, air dried and sawn to required dimensions. It is then carefully packaged and sent to our distributors and customers around the world.[\/vc_column_text][\/vc_column][vc_column width=&#8220;1\/3&#8243; css=&#8220;.vc_custom_1599654454226{margin-top: 0px !important;margin-right: 0px !important;margin-bottom: 0px !important;border-right-width: 0px !important;padding-top: 0px !important;padding-right: 0px !important;padding-bottom: 0px !important;padding-left: 20px !important;}&#8220;][vc_column_text css=&#8220;.vc_custom_1615300363177{margin-top: 0px !important;margin-bottom: 20px !important;border-top-width: 0px !important;padding-top: 0px !important;}&#8220;]<\/p>\n<h2><strong>Hardwood species<\/strong><\/h2>\n<p>[\/vc_column_text][vc_column_text css=&#8220;.vc_custom_1629116550455{margin-right: 0px !important;margin-bottom: 30px !important;border-right-width: 0px !important;padding-top: 18px !important;padding-right: 18px !important;padding-bottom: 18px !important;padding-left: 18px !important;background-color: #f6f5f1 !important;border-radius: 10px !important;}&#8220;]<\/p>\n<ul>\n<li><span style=\"color: #000000;\"><a style=\"color: #000000;\" href=\"https:\/\/dev2.prosono-hardwoods.com\/hardwood-species\/african-blackwood\/\">African blackwood<\/a><\/span><\/li>\n<li><span style=\"color: #000000;\"><a style=\"color: #000000;\" href=\"https:\/\/dev2.prosono-hardwoods.com\/hardwood-species\/wild-or-african-olive\/\">African olive (wild olive)<\/a><\/span><\/li>\n<li><span style=\"color: #000000;\"><a style=\"color: #000000;\" href=\"https:\/\/dev2.prosono-hardwoods.com\/hardwood-species\/black-chacate\/\">Black chacate<\/a><\/span><\/li>\n<li><span style=\"color: #000000;\"><a style=\"color: #000000;\" href=\"https:\/\/dev2.prosono-hardwoods.com\/hardwood-species\/camel-thorn\/\">Camel thorn<\/a><\/span><\/li>\n<li><span style=\"color: #000000;\"><a style=\"color: #000000;\" href=\"https:\/\/dev2.prosono-hardwoods.com\/hardwood-species\/leadwood\/\">Leadwood<\/a><\/span><\/li>\n<li><span style=\"color: #000000;\"><a style=\"color: #000000;\" href=\"https:\/\/dev2.prosono-hardwoods.com\/hardwood-species\/matumi\/\">Matumi<\/a><\/span><\/li>\n<li><span style=\"color: #000000;\"><a style=\"color: #000000;\" href=\"https:\/\/dev2.prosono-hardwoods.com\/tambotie\/\">Tambotie (African cocobolo)<\/a><\/span><\/li>\n<li><span style=\"color: #000000;\"><a style=\"color: #000000;\" href=\"https:\/\/dev2.prosono-hardwoods.com\/hardwood-species\/red-or-pink-ivory\/\">Red or pink ivory<\/a><\/span><\/li>\n<li><span style=\"color: #000000;\"><a style=\"color: #000000;\" href=\"https:\/\/dev2.prosono-hardwoods.com\/hardwood-species\/snake-bean\/\">Snake bean<\/a><\/span><\/li>\n<li><span style=\"color: #000000;\"><a style=\"color: #000000;\" href=\"https:\/\/dev2.prosono-hardwoods.com\/hardwood-species\/mopane\/\">Mopane<\/a><\/span><\/li>\n<\/ul>\n<p>[\/vc_column_text][\/vc_column][\/vc_row][vc_row][vc_column][vc_images_carousel images=&#8220;5675,5527,5679,5683,5519,5691&#8243; img_size=&#8220;medium&#8220; slides_per_view=&#8220;6&#8243; hide_pagination_control=&#8220;yes&#8220; hide_prev_next_buttons=&#8220;yes&#8220;][vc_row_inner css=&#8220;.vc_custom_1599543358749{margin-top: 0px !important;margin-bottom: 0px !important;border-top-width: 0px !important;border-bottom-width: 0px !important;padding-top: 0px !important;padding-bottom: 0px !important;}&#8220;][vc_column_inner][vc_column_text css=&#8220;.vc_custom_1615300664712{margin-bottom: 50px !important;padding-top: 30px !important;padding-right: 30px !important;padding-bottom: 30px !important;padding-left: 30px !important;background-color: #77654d !important;}&#8220;]<\/p>\n<h3 style=\"text-align: center;\"><span style=\"color: #ffffff;\"><em>\u201cI have just picked up the package from Kommetjie post office. The wood is in perfect condition, beautiful, and was extremely well packaged. I am very happy with it, and look forward to doing business with you again.\u201d<\/em><\/span><\/h3>\n<h6 style=\"text-align: center;\"><span style=\"color: #ffffff;\"><strong>~ Christopher Garland<\/strong><\/span><\/h6>\n<p>[\/vc_column_text][vc_btn title=&#8220;Contact us&#8220; style=&#8220;flat&#8220; shape=&#8220;square&#8220; color=&#8220;danger&#8220; size=&#8220;lg&#8220; align=&#8220;center&#8220; css=&#8220;.vc_custom_1615897199704{margin-bottom: 20px !important;border-bottom-width: 0px !important;padding-bottom: 0px !important;}&#8220; link=&#8220;url:%23form|&#8220;][\/vc_column_inner][\/vc_row_inner][\/vc_column][\/vc_row][vc_row css=&#8220;.vc_custom_1599551732879{padding-top: 50px !important;}&#8220;][vc_column][vc_text_separator title=&#8220;Exotic timbers for joiners, turners and furniture makers&#8220; color=&#8220;custom&#8220; border_width=&#8220;4&#8243; el_width=&#8220;80&#8243; css=&#8220;.vc_custom_1615303001883{margin-top: 10px !important;}&#8220; accent_color=&#8220;#b53a2c&#8220;][\/vc_column][\/vc_row][vc_row equal_height=&#8220;yes&#8220;][vc_column width=&#8220;1\/2&#8243;][vc_column_text css=&#8220;.vc_custom_1616743882676{margin-bottom: 30px !important;padding-top: 30px !important;padding-right: 30px !important;padding-bottom: 30px !important;padding-left: 30px !important;background-color: #f6f5f1 !important;border-radius: 10px !important;}&#8220;]<\/p>\n<h3 id=\"furniture\">Hardwood for furniture making<\/h3>\n<p>ProSono offers high-quality hardwood for custom furniture makers.<\/p>\n<p>Especially popular with our customers is the use of African blackwood or pink ivory for furniture inlays. These enrich furniture pieces with the beautiful colouring and lustre of these precious hardwoods.<\/p>\n<h3 id=\"joinery-timber\">Hardwood joinery timber<\/h3>\n<p>Certain of the rare hardwoods we offer are ideal for use in joinery applications, from custom fittings for homes to yacht panelling.<\/p>\n<h3 id=\"exotic-hardwood\">Exotic solid wood floor<\/h3>\n<p>Hardwood flooring can add unique value to a property \u2013 and it\u2019s likely to last a lifetime (or longer).<\/p>\n<p>We offer solid wood parquet flooring. This takes the form of hardwood flooring tiles, made of 8 mm thick fillets that are perfectly planed and assembled by hand. The tiles come with removable sheets of 3M paper for quick, easy lay-out.<\/p>\n<p>Popular species for this application are African blackwood (the ebony of the Pharoahs, now increasingly rare), African cocobolo, red ivory and mopane.<\/p>\n<h3 id=\"project-lumber\">Hardwood project lumber<\/h3>\n<p>We supply project lumber to satisfy demand from artisans and hobbyists for the very best quality hardwood, in smaller dimensions.<\/p>\n<p>This bulky core wood is exported in purpose-built large crates, to reduce transport costs. The red or pink ivory, wild olive and Tambotie (African cocobolo) species are the most popular with our customers.<\/p>\n<p>Typical dimensions:<\/p>\n<ul>\n<li>widths: 60, 80, 100 or 120 mm<\/li>\n<li>thicknesses: 28, 38, 51 or 75 mm<\/li>\n<li>lengths: 400, 600, 800, 1,200 or 1,400 mm.<\/li>\n<\/ul>\n<h3 id=\"combo-packs\">Hardwood combo packs for carvers<\/h3>\n<p>Carvers typically look for variety; unique pieces \u2013 often selected for their character (which are not of standard size); and of course, affordable prices.<\/p>\n<p>A popular choice with the carvers among our customers is combo hardwood packs. These contain parts of eight hardwood species, rejected for not being of standard size but that we consider of possible unique value for carved or turned items.<\/p>\n<p>The hardwood parts are packed together in cardboard boxes of 10 or 20 kilograms and crated in 100, 200 or 500 kilogram consignments.[\/vc_column_text][\/vc_column][vc_column width=&#8220;1\/2&#8243;][vc_single_image image=&#8220;5543&#8243; img_size=&#8220;full&#8220; alignment=&#8220;center&#8220; style=&#8220;vc_box_shadow_3d&#8220; css=&#8220;.vc_custom_1615365702207{margin-top: 3px !important;margin-bottom: 18px !important;}&#8220;][vc_single_image image=&#8220;5687&#8243; img_size=&#8220;full&#8220; alignment=&#8220;center&#8220; style=&#8220;vc_box_shadow_3d&#8220; css=&#8220;.vc_custom_1616583219462{margin-bottom: 18px !important;}&#8220;][vc_single_image image=&#8220;5547&#8243; img_size=&#8220;full&#8220; alignment=&#8220;center&#8220; style=&#8220;vc_box_shadow_3d&#8220;][\/vc_column][\/vc_row][vc_row][vc_column css=&#8220;.vc_custom_1615897175485{padding-top: 50px !important;}&#8220; el_id=&#8220;form&#8220;][vc_text_separator title=&#8220;Get In Touch&#8220; color=&#8220;custom&#8220; border_width=&#8220;4&#8243; el_width=&#8220;60&#8243; css=&#8220;.vc_custom_1599544289200{margin-top: 10px !important;}&#8220; accent_color=&#8220;#b53a2c&#8220;][\/vc_column][\/vc_row][vc_row][vc_column]\n<div class=\"wpcf7 no-js\" id=\"wpcf7-f79-o1\" lang=\"en-US\" dir=\"ltr\">\n<div class=\"screen-reader-response\"><p role=\"status\" aria-live=\"polite\" aria-atomic=\"true\"><\/p> <ul><\/ul><\/div>\n<form action=\"\/de\/wp-json\/wp\/v2\/pages\/1632#wpcf7-f79-o1\" method=\"post\" class=\"wpcf7-form init\" aria-label=\"Contact form\" novalidate=\"novalidate\" data-status=\"init\">\n<div style=\"display: none;\">\n<input type=\"hidden\" name=\"_wpcf7\" value=\"79\" \/>\n<input type=\"hidden\" name=\"_wpcf7_version\" value=\"5.8.3\" \/>\n<input type=\"hidden\" name=\"_wpcf7_locale\" value=\"en_US\" \/>\n<input type=\"hidden\" name=\"_wpcf7_unit_tag\" value=\"wpcf7-f79-o1\" \/>\n<input type=\"hidden\" name=\"_wpcf7_container_post\" value=\"0\" \/>\n<input type=\"hidden\" name=\"_wpcf7_posted_data_hash\" value=\"\" \/>\n<\/div>\n<div class=\"column one-second\">\n\t<p><span class=\"wpcf7-form-control-wrap\" data-name=\"your-name\"><input size=\"40\" class=\"wpcf7-form-control wpcf7-text wpcf7-validates-as-required\" aria-required=\"true\" aria-invalid=\"false\" placeholder=\"Your name\" value=\"\" type=\"text\" name=\"your-name\" \/><\/span>\n\t<\/p>\n<\/div>\n<div class=\"column one-second\">\n\t<p><span class=\"wpcf7-form-control-wrap\" data-name=\"your-email\"><input size=\"40\" class=\"wpcf7-form-control wpcf7-email wpcf7-validates-as-required wpcf7-text wpcf7-validates-as-email\" aria-required=\"true\" aria-invalid=\"false\" placeholder=\"Your e-mail\" value=\"\" type=\"email\" name=\"your-email\" \/><\/span>\n\t<\/p>\n<\/div>\n<div class=\"column one\">\n\t<p><span class=\"wpcf7-form-control-wrap\" data-name=\"your-subject\"><input size=\"40\" class=\"wpcf7-form-control wpcf7-text\" aria-invalid=\"false\" placeholder=\"Subject\" value=\"\" type=\"text\" name=\"your-subject\" \/><\/span>\n\t<\/p>\n<\/div>\n<div class=\"column one\">\n\t<p><span class=\"wpcf7-form-control-wrap\" data-name=\"your-message\"><textarea cols=\"40\" rows=\"6\" class=\"wpcf7-form-control wpcf7-textarea\" aria-invalid=\"false\" placeholder=\"Message\" name=\"your-message\"><\/textarea><\/span>\n\t<\/p>\n<\/div>\n<div class=\"column one\">\n\t<p><input class=\"wpcf7-form-control wpcf7-submit has-spinner\" type=\"submit\" value=\"SEND A MESSAGE\" \/>\n\t<\/p>\n<\/div><p style=\"display: none !important;\"><label>&#916;<textarea name=\"_wpcf7_ak_hp_textarea\" cols=\"45\" rows=\"8\" maxlength=\"100\"><\/textarea><\/label><input type=\"hidden\" id=\"ak_js_1\" name=\"_wpcf7_ak_js\" value=\"182\"\/><script>document.getElementById( \"ak_js_1\" ).setAttribute( \"value\", ( new Date() ).getTime() );<\/script><\/p><div class=\"wpcf7-response-output\" aria-hidden=\"true\"><\/div>\n<\/form>\n<\/div>\n[\/vc_column][\/vc_row]<\/p>\n<\/section>","protected":false},"excerpt":{"rendered":"<p>[vc_row][vc_column][vc_single_image image=&#8220;7491&#8243; img_size=&#8220;full&#8220; alignment=&#8220;right&#8220; style=&#8220;vc_box_shadow_3d&#8220;][\/vc_column][\/vc_row][vc_row css=&#8220;.vc_custom_1599654516246{margin-top: 0px !important;margin-right: 0px !important;margin-left: 0px !important;border-top-width: 0px !important;border-left-width: 4px !important;padding-top: 0px !important;padding-right: 0px !important;padding-left: 30px !important;border-left-color: #ae3307 !important;border-left-style: dotted !important;border-top-color:<span class=\"excerpt-hellip\"> [\u2026]<\/span><\/p>\n","protected":false},"author":4,"featured_media":0,"parent":12985,"menu_order":0,"comment_status":"closed","ping_status":"closed","template":"","meta":{"_themeisle_gutenberg_block_has_review":false,"footnotes":""},"yoast_head":"<!-- This site is optimized with the Yoast SEO plugin v21.5 - https:\/\/yoast.com\/wordpress\/plugins\/seo\/ -->\n<title>Edelholz F\u00fcr Den Tischler, Schnitzer Und M\u00f6belbauer - Prosono international<\/title>\n<meta name=\"description\" content=\"ProSono bietet Schreinern, Schnitzern und M\u00f6belherstellern weltweit qualitativ hochwertige, verarbeitete afrikanische Harth\u00f6lzer an. Finde mehr heraus.\" \/>\n<meta name=\"robots\" content=\"noindex, follow, max-snippet:-1, max-image-preview:large, max-video-preview:-1\" \/>\n<meta property=\"og:locale\" content=\"de_DE\" \/>\n<meta property=\"og:type\" content=\"article\" \/>\n<meta property=\"og:title\" content=\"Edelholz F\u00fcr Den Tischler, Schnitzer Und M\u00f6belbauer - Prosono international\" \/>\n<meta property=\"og:description\" content=\"ProSono bietet Schreinern, Schnitzern und M\u00f6belherstellern weltweit qualitativ hochwertige, verarbeitete afrikanische Harth\u00f6lzer an. Finde mehr heraus.\" \/>\n<meta property=\"og:url\" content=\"https:\/\/dev2.prosono-hardwoods.com\/precious-wood\/joiners-carvers-furniture-makers\/\" \/>\n<meta property=\"og:site_name\" content=\"Prosono international\" \/>\n<meta property=\"article:modified_time\" content=\"2024-01-16T14:23:33+00:00\" \/>\n<meta name=\"twitter:card\" content=\"summary_large_image\" \/>\n<meta name=\"twitter:label1\" content=\"Gesch\u00e4tzte Lesezeit\" \/>\n\t<meta name=\"twitter:data1\" content=\"4\u00a0Minuten\" \/>\n<script type=\"application\/ld+json\" class=\"yoast-schema-graph\">{\"@context\":\"https:\/\/schema.org\",\"@graph\":[{\"@type\":\"WebPage\",\"@id\":\"https:\/\/dev2.prosono-hardwoods.com\/precious-wood\/joiners-carvers-furniture-makers\/\",\"url\":\"https:\/\/dev2.prosono-hardwoods.com\/precious-wood\/joiners-carvers-furniture-makers\/\",\"name\":\"Edelholz F\u00fcr Den Tischler, Schnitzer Und M\u00f6belbauer - Prosono international\",\"isPartOf\":{\"@id\":\"https:\/\/dev2.prosono-hardwoods.com\/#website\"},\"datePublished\":\"2017-08-20T16:32:57+00:00\",\"dateModified\":\"2024-01-16T14:23:33+00:00\",\"description\":\"ProSono bietet Schreinern, Schnitzern und M\u00f6belherstellern weltweit qualitativ hochwertige, verarbeitete afrikanische Harth\u00f6lzer an. Finde mehr heraus.\",\"breadcrumb\":{\"@id\":\"https:\/\/dev2.prosono-hardwoods.com\/precious-wood\/joiners-carvers-furniture-makers\/#breadcrumb\"},\"inLanguage\":\"de\",\"potentialAction\":[{\"@type\":\"ReadAction\",\"target\":[\"https:\/\/dev2.prosono-hardwoods.com\/precious-wood\/joiners-carvers-furniture-makers\/\"]}]},{\"@type\":\"BreadcrumbList\",\"@id\":\"https:\/\/dev2.prosono-hardwoods.com\/precious-wood\/joiners-carvers-furniture-makers\/#breadcrumb\",\"itemListElement\":[{\"@type\":\"ListItem\",\"position\":1,\"name\":\"Accueil\",\"item\":\"https:\/\/dev2.prosono-hardwoods.com\/\"},{\"@type\":\"ListItem\",\"position\":2,\"name\":\"Edelholz\",\"item\":\"https:\/\/dev2.prosono-hardwoods.com\/de\/edelholz\/\"},{\"@type\":\"ListItem\",\"position\":3,\"name\":\"Edelholz F\u00fcr Den Tischler, Schnitzer Und M\u00f6belbauer\"}]},{\"@type\":\"WebSite\",\"@id\":\"https:\/\/dev2.prosono-hardwoods.com\/#website\",\"url\":\"https:\/\/dev2.prosono-hardwoods.com\/\",\"name\":\"Prosono international\",\"description\":\"\",\"publisher\":{\"@id\":\"https:\/\/dev2.prosono-hardwoods.com\/#organization\"},\"potentialAction\":[{\"@type\":\"SearchAction\",\"target\":{\"@type\":\"EntryPoint\",\"urlTemplate\":\"https:\/\/dev2.prosono-hardwoods.com\/?s={search_term_string}\"},\"query-input\":\"required name=search_term_string\"}],\"inLanguage\":\"de\"},{\"@type\":\"Organization\",\"@id\":\"https:\/\/dev2.prosono-hardwoods.com\/#organization\",\"name\":\"Prosono Hardwoods International\",\"url\":\"https:\/\/dev2.prosono-hardwoods.com\/\",\"logo\":{\"@type\":\"ImageObject\",\"inLanguage\":\"de\",\"@id\":\"https:\/\/dev2.prosono-hardwoods.com\/#\/schema\/logo\/image\/\",\"url\":\"https:\/\/dev2.prosono-hardwoods.com\/wp-content\/uploads\/2020\/08\/prosono-logo@2x.png\",\"contentUrl\":\"https:\/\/dev2.prosono-hardwoods.com\/wp-content\/uploads\/2020\/08\/prosono-logo@2x.png\",\"width\":404,\"height\":90,\"caption\":\"Prosono Hardwoods International\"},\"image\":{\"@id\":\"https:\/\/dev2.prosono-hardwoods.com\/#\/schema\/logo\/image\/\"}}]}<\/script>\n<!-- \/ Yoast SEO plugin. -->","yoast_head_json":{"title":"Edelholz F\u00fcr Den Tischler, Schnitzer Und M\u00f6belbauer - Prosono international","description":"ProSono bietet Schreinern, Schnitzern und M\u00f6belherstellern weltweit qualitativ hochwertige, verarbeitete afrikanische Harth\u00f6lzer an. Finde mehr heraus.","robots":{"index":"noindex","follow":"follow","max-snippet":"max-snippet:-1","max-image-preview":"max-image-preview:large","max-video-preview":"max-video-preview:-1"},"og_locale":"de_DE","og_type":"article","og_title":"Edelholz F\u00fcr Den Tischler, Schnitzer Und M\u00f6belbauer - Prosono international","og_description":"ProSono bietet Schreinern, Schnitzern und M\u00f6belherstellern weltweit qualitativ hochwertige, verarbeitete afrikanische Harth\u00f6lzer an. Finde mehr heraus.","og_url":"https:\/\/dev2.prosono-hardwoods.com\/precious-wood\/joiners-carvers-furniture-makers\/","og_site_name":"Prosono international","article_modified_time":"2024-01-16T14:23:33+00:00","twitter_card":"summary_large_image","twitter_misc":{"Gesch\u00e4tzte Lesezeit":"4\u00a0Minuten"},"schema":{"@context":"https:\/\/schema.org","@graph":[{"@type":"WebPage","@id":"https:\/\/dev2.prosono-hardwoods.com\/precious-wood\/joiners-carvers-furniture-makers\/","url":"https:\/\/dev2.prosono-hardwoods.com\/precious-wood\/joiners-carvers-furniture-makers\/","name":"Edelholz F\u00fcr Den Tischler, Schnitzer Und M\u00f6belbauer - Prosono international","isPartOf":{"@id":"https:\/\/dev2.prosono-hardwoods.com\/#website"},"datePublished":"2017-08-20T16:32:57+00:00","dateModified":"2024-01-16T14:23:33+00:00","description":"ProSono bietet Schreinern, Schnitzern und M\u00f6belherstellern weltweit qualitativ hochwertige, verarbeitete afrikanische Harth\u00f6lzer an. Finde mehr heraus.","breadcrumb":{"@id":"https:\/\/dev2.prosono-hardwoods.com\/precious-wood\/joiners-carvers-furniture-makers\/#breadcrumb"},"inLanguage":"de","potentialAction":[{"@type":"ReadAction","target":["https:\/\/dev2.prosono-hardwoods.com\/precious-wood\/joiners-carvers-furniture-makers\/"]}]},{"@type":"BreadcrumbList","@id":"https:\/\/dev2.prosono-hardwoods.com\/precious-wood\/joiners-carvers-furniture-makers\/#breadcrumb","itemListElement":[{"@type":"ListItem","position":1,"name":"Accueil","item":"https:\/\/dev2.prosono-hardwoods.com\/"},{"@type":"ListItem","position":2,"name":"Edelholz","item":"https:\/\/dev2.prosono-hardwoods.com\/de\/edelholz\/"},{"@type":"ListItem","position":3,"name":"Edelholz F\u00fcr Den Tischler, Schnitzer Und M\u00f6belbauer"}]},{"@type":"WebSite","@id":"https:\/\/dev2.prosono-hardwoods.com\/#website","url":"https:\/\/dev2.prosono-hardwoods.com\/","name":"Prosono international","description":"","publisher":{"@id":"https:\/\/dev2.prosono-hardwoods.com\/#organization"},"potentialAction":[{"@type":"SearchAction","target":{"@type":"EntryPoint","urlTemplate":"https:\/\/dev2.prosono-hardwoods.com\/?s={search_term_string}"},"query-input":"required name=search_term_string"}],"inLanguage":"de"},{"@type":"Organization","@id":"https:\/\/dev2.prosono-hardwoods.com\/#organization","name":"Prosono Hardwoods International","url":"https:\/\/dev2.prosono-hardwoods.com\/","logo":{"@type":"ImageObject","inLanguage":"de","@id":"https:\/\/dev2.prosono-hardwoods.com\/#\/schema\/logo\/image\/","url":"https:\/\/dev2.prosono-hardwoods.com\/wp-content\/uploads\/2020\/08\/prosono-logo@2x.png","contentUrl":"https:\/\/dev2.prosono-hardwoods.com\/wp-content\/uploads\/2020\/08\/prosono-logo@2x.png","width":404,"height":90,"caption":"Prosono Hardwoods International"},"image":{"@id":"https:\/\/dev2.prosono-hardwoods.com\/#\/schema\/logo\/image\/"}}]}},"_links":{"self":[{"href":"https:\/\/dev2.prosono-hardwoods.com\/de\/wp-json\/wp\/v2\/pages\/1632"}],"collection":[{"href":"https:\/\/dev2.prosono-hardwoods.com\/de\/wp-json\/wp\/v2\/pages"}],"about":[{"href":"https:\/\/dev2.prosono-hardwoods.com\/de\/wp-json\/wp\/v2\/types\/page"}],"author":[{"embeddable":true,"href":"https:\/\/dev2.prosono-hardwoods.com\/de\/wp-json\/wp\/v2\/users\/4"}],"replies":[{"embeddable":true,"href":"https:\/\/dev2.prosono-hardwoods.com\/de\/wp-json\/wp\/v2\/comments?post=1632"}],"version-history":[{"count":20,"href":"https:\/\/dev2.prosono-hardwoods.com\/de\/wp-json\/wp\/v2\/pages\/1632\/revisions"}],"predecessor-version":[{"id":23943,"href":"https:\/\/dev2.prosono-hardwoods.com\/de\/wp-json\/wp\/v2\/pages\/1632\/revisions\/23943"}],"up":[{"embeddable":true,"href":"https:\/\/dev2.prosono-hardwoods.com\/de\/wp-json\/wp\/v2\/pages\/12985"}],"wp:attachment":[{"href":"https:\/\/dev2.prosono-hardwoods.com\/de\/wp-json\/wp\/v2\/media?parent=1632"}],"curies":[{"name":"wp","href":"https:\/\/api.w.org\/{rel}","templated":true}]}}