{"id":1650,"date":"2017-08-20T23:47:46","date_gmt":"2017-08-20T21:47:46","guid":{"rendered":"https:\/\/dev2.prosono-hardwoods.com\/parquet-noble\/"},"modified":"2024-01-12T13:48:28","modified_gmt":"2024-01-12T12:48:28","slug":"edle-parkettboeden","status":"publish","type":"page","link":"https:\/\/dev2.prosono-hardwoods.com\/de\/edle-parkettboeden\/","title":{"rendered":"EDLE PARKETTB\u00d6DEN"},"content":{"rendered":"<section class=\"wpb-content-wrapper\"><p>[vc_row][vc_column width=&#8220;1\/2&#8243;][vc_gallery type=&#8220;nivo&#8220; interval=&#8220;3&#8243; images=&#8220;3976,3868,3940,3928,3931,3934,3913,3910,3973,3961,3901,3838,3871,3979,3865&#8243; img_size=&#8220;580&#215;380&#8243; onclick=&#8220;&#8220;][\/vc_column][vc_column width=&#8220;1\/2&#8243;][vc_column_text]Wir sind stolz darauf, dass wir in der ganzen Welt bewunderte Massivholzb\u00f6den aus den besten und geachtetsten afrikanischen exotischen H\u00f6lzern anbieten k\u00f6nnen.<\/p>\n<p>ParquetNoble \u00ae mit Firmensitz in Johannesburg, S\u00fcdafrika sucht, w\u00e4hlt aus und bereitet die allerwertvollsten Holzarten auf: Ebenholz, Mopani, Red Ivory und afrikanisches Cocobolo.<\/p>\n<p>Urspr\u00fcnglich strebten wir nur an, weltweit Holz f\u00fcr die Hersteller von Musikinstrumenten zu liefern.<\/p>\n<p>Seit dann haben wir unsere Aktivit\u00e4ten ausgeweitet und stellen nun <strong>aus den gleichen exotischen H\u00f6lzern Parkettfu\u00dfb\u00f6den<\/strong> her. Es sind von Hand gemachte Hartholz-B\u00f6den.<\/p>\n<p>F\u00fcr Personen, die in der N\u00e4he wohnen: unser Ausstellungshaus liegt in Fourways, Johannesburg. Besuch nach Absprache (082) 652.07.47.[\/vc_column_text][\/vc_column][\/vc_row]<\/p>\n<\/section>","protected":false},"excerpt":{"rendered":"<p>[vc_row][vc_column width=&#8220;1\/2&#8243;][vc_gallery type=&#8220;nivo&#8220; interval=&#8220;3&#8243; images=&#8220;3976,3868,3940,3928,3931,3934,3913,3910,3973,3961,3901,3838,3871,3979,3865&#8243; img_size=&#8220;580&#215;380&#8243; onclick=&#8220;&#8220;][\/vc_column][vc_column width=&#8220;1\/2&#8243;][vc_column_text]Wir sind stolz darauf, dass wir in der ganzen Welt bewunderte Massivholzb\u00f6den aus den besten und geachtetsten afrikanischen exotischen<span class=\"excerpt-hellip\"> [\u2026]<\/span><\/p>\n","protected":false},"author":4,"featured_media":0,"parent":0,"menu_order":0,"comment_status":"closed","ping_status":"closed","template":"","meta":{"_themeisle_gutenberg_block_has_review":false,"footnotes":""},"yoast_head":"<!-- This site is optimized with the Yoast SEO plugin v21.5 - https:\/\/yoast.com\/wordpress\/plugins\/seo\/ -->\n<title>EDLE PARKETTB\u00d6DEN - Prosono international<\/title>\n<meta name=\"description\" content=\"Wir sind stolz darauf, Massivholzb\u00f6den anzubieten, handgefertigt aus einzigartigen H\u00f6lzern, Ebenholz, Mopani und Rosa Elfenbein. Um mehr zu wissen.\" \/>\n<meta name=\"robots\" content=\"noindex, follow, max-snippet:-1, max-image-preview:large, max-video-preview:-1\" \/>\n<meta property=\"og:locale\" content=\"de_DE\" \/>\n<meta property=\"og:type\" content=\"article\" \/>\n<meta property=\"og:title\" content=\"EDLE PARKETTB\u00d6DEN - Prosono international\" \/>\n<meta property=\"og:description\" content=\"Wir sind stolz darauf, Massivholzb\u00f6den anzubieten, handgefertigt aus einzigartigen H\u00f6lzern, Ebenholz, Mopani und Rosa Elfenbein. Um mehr zu wissen.\" \/>\n<meta property=\"og:url\" content=\"https:\/\/dev2.prosono-hardwoods.com\/de\/edle-parkettboeden\/\" \/>\n<meta property=\"og:site_name\" content=\"Prosono international\" \/>\n<meta property=\"article:modified_time\" content=\"2024-01-12T12:48:28+00:00\" \/>\n<meta name=\"twitter:card\" content=\"summary_large_image\" \/>\n<meta name=\"twitter:label1\" content=\"Gesch\u00e4tzte Lesezeit\" \/>\n\t<meta name=\"twitter:data1\" content=\"1\u00a0Minute\" \/>\n<script type=\"application\/ld+json\" class=\"yoast-schema-graph\">{\"@context\":\"https:\/\/schema.org\",\"@graph\":[{\"@type\":\"WebPage\",\"@id\":\"https:\/\/dev2.prosono-hardwoods.com\/de\/edle-parkettboeden\/\",\"url\":\"https:\/\/dev2.prosono-hardwoods.com\/de\/edle-parkettboeden\/\",\"name\":\"EDLE PARKETTB\u00d6DEN - Prosono international\",\"isPartOf\":{\"@id\":\"https:\/\/dev2.prosono-hardwoods.com\/#website\"},\"datePublished\":\"2017-08-20T21:47:46+00:00\",\"dateModified\":\"2024-01-12T12:48:28+00:00\",\"description\":\"Wir sind stolz darauf, Massivholzb\u00f6den anzubieten, handgefertigt aus einzigartigen H\u00f6lzern, Ebenholz, Mopani und Rosa Elfenbein. Um mehr zu wissen.\",\"breadcrumb\":{\"@id\":\"https:\/\/dev2.prosono-hardwoods.com\/de\/edle-parkettboeden\/#breadcrumb\"},\"inLanguage\":\"de\",\"potentialAction\":[{\"@type\":\"ReadAction\",\"target\":[\"https:\/\/dev2.prosono-hardwoods.com\/de\/edle-parkettboeden\/\"]}]},{\"@type\":\"BreadcrumbList\",\"@id\":\"https:\/\/dev2.prosono-hardwoods.com\/de\/edle-parkettboeden\/#breadcrumb\",\"itemListElement\":[{\"@type\":\"ListItem\",\"position\":1,\"name\":\"Accueil\",\"item\":\"https:\/\/dev2.prosono-hardwoods.com\/\"},{\"@type\":\"ListItem\",\"position\":2,\"name\":\"EDLE PARKETTB\u00d6DEN\"}]},{\"@type\":\"WebSite\",\"@id\":\"https:\/\/dev2.prosono-hardwoods.com\/#website\",\"url\":\"https:\/\/dev2.prosono-hardwoods.com\/\",\"name\":\"Prosono international\",\"description\":\"\",\"publisher\":{\"@id\":\"https:\/\/dev2.prosono-hardwoods.com\/#organization\"},\"potentialAction\":[{\"@type\":\"SearchAction\",\"target\":{\"@type\":\"EntryPoint\",\"urlTemplate\":\"https:\/\/dev2.prosono-hardwoods.com\/?s={search_term_string}\"},\"query-input\":\"required name=search_term_string\"}],\"inLanguage\":\"de\"},{\"@type\":\"Organization\",\"@id\":\"https:\/\/dev2.prosono-hardwoods.com\/#organization\",\"name\":\"Prosono Hardwoods International\",\"url\":\"https:\/\/dev2.prosono-hardwoods.com\/\",\"logo\":{\"@type\":\"ImageObject\",\"inLanguage\":\"de\",\"@id\":\"https:\/\/dev2.prosono-hardwoods.com\/#\/schema\/logo\/image\/\",\"url\":\"https:\/\/dev2.prosono-hardwoods.com\/wp-content\/uploads\/2020\/08\/prosono-logo@2x.png\",\"contentUrl\":\"https:\/\/dev2.prosono-hardwoods.com\/wp-content\/uploads\/2020\/08\/prosono-logo@2x.png\",\"width\":404,\"height\":90,\"caption\":\"Prosono Hardwoods International\"},\"image\":{\"@id\":\"https:\/\/dev2.prosono-hardwoods.com\/#\/schema\/logo\/image\/\"}}]}<\/script>\n<!-- \/ Yoast SEO plugin. -->","yoast_head_json":{"title":"EDLE PARKETTB\u00d6DEN - Prosono international","description":"Wir sind stolz darauf, Massivholzb\u00f6den anzubieten, handgefertigt aus einzigartigen H\u00f6lzern, Ebenholz, Mopani und Rosa Elfenbein. Um mehr zu wissen.","robots":{"index":"noindex","follow":"follow","max-snippet":"max-snippet:-1","max-image-preview":"max-image-preview:large","max-video-preview":"max-video-preview:-1"},"og_locale":"de_DE","og_type":"article","og_title":"EDLE PARKETTB\u00d6DEN - Prosono international","og_description":"Wir sind stolz darauf, Massivholzb\u00f6den anzubieten, handgefertigt aus einzigartigen H\u00f6lzern, Ebenholz, Mopani und Rosa Elfenbein. Um mehr zu wissen.","og_url":"https:\/\/dev2.prosono-hardwoods.com\/de\/edle-parkettboeden\/","og_site_name":"Prosono international","article_modified_time":"2024-01-12T12:48:28+00:00","twitter_card":"summary_large_image","twitter_misc":{"Gesch\u00e4tzte Lesezeit":"1\u00a0Minute"},"schema":{"@context":"https:\/\/schema.org","@graph":[{"@type":"WebPage","@id":"https:\/\/dev2.prosono-hardwoods.com\/de\/edle-parkettboeden\/","url":"https:\/\/dev2.prosono-hardwoods.com\/de\/edle-parkettboeden\/","name":"EDLE PARKETTB\u00d6DEN - Prosono international","isPartOf":{"@id":"https:\/\/dev2.prosono-hardwoods.com\/#website"},"datePublished":"2017-08-20T21:47:46+00:00","dateModified":"2024-01-12T12:48:28+00:00","description":"Wir sind stolz darauf, Massivholzb\u00f6den anzubieten, handgefertigt aus einzigartigen H\u00f6lzern, Ebenholz, Mopani und Rosa Elfenbein. Um mehr zu wissen.","breadcrumb":{"@id":"https:\/\/dev2.prosono-hardwoods.com\/de\/edle-parkettboeden\/#breadcrumb"},"inLanguage":"de","potentialAction":[{"@type":"ReadAction","target":["https:\/\/dev2.prosono-hardwoods.com\/de\/edle-parkettboeden\/"]}]},{"@type":"BreadcrumbList","@id":"https:\/\/dev2.prosono-hardwoods.com\/de\/edle-parkettboeden\/#breadcrumb","itemListElement":[{"@type":"ListItem","position":1,"name":"Accueil","item":"https:\/\/dev2.prosono-hardwoods.com\/"},{"@type":"ListItem","position":2,"name":"EDLE PARKETTB\u00d6DEN"}]},{"@type":"WebSite","@id":"https:\/\/dev2.prosono-hardwoods.com\/#website","url":"https:\/\/dev2.prosono-hardwoods.com\/","name":"Prosono international","description":"","publisher":{"@id":"https:\/\/dev2.prosono-hardwoods.com\/#organization"},"potentialAction":[{"@type":"SearchAction","target":{"@type":"EntryPoint","urlTemplate":"https:\/\/dev2.prosono-hardwoods.com\/?s={search_term_string}"},"query-input":"required name=search_term_string"}],"inLanguage":"de"},{"@type":"Organization","@id":"https:\/\/dev2.prosono-hardwoods.com\/#organization","name":"Prosono Hardwoods International","url":"https:\/\/dev2.prosono-hardwoods.com\/","logo":{"@type":"ImageObject","inLanguage":"de","@id":"https:\/\/dev2.prosono-hardwoods.com\/#\/schema\/logo\/image\/","url":"https:\/\/dev2.prosono-hardwoods.com\/wp-content\/uploads\/2020\/08\/prosono-logo@2x.png","contentUrl":"https:\/\/dev2.prosono-hardwoods.com\/wp-content\/uploads\/2020\/08\/prosono-logo@2x.png","width":404,"height":90,"caption":"Prosono Hardwoods International"},"image":{"@id":"https:\/\/dev2.prosono-hardwoods.com\/#\/schema\/logo\/image\/"}}]}},"_links":{"self":[{"href":"https:\/\/dev2.prosono-hardwoods.com\/de\/wp-json\/wp\/v2\/pages\/1650"}],"collection":[{"href":"https:\/\/dev2.prosono-hardwoods.com\/de\/wp-json\/wp\/v2\/pages"}],"about":[{"href":"https:\/\/dev2.prosono-hardwoods.com\/de\/wp-json\/wp\/v2\/types\/page"}],"author":[{"embeddable":true,"href":"https:\/\/dev2.prosono-hardwoods.com\/de\/wp-json\/wp\/v2\/users\/4"}],"replies":[{"embeddable":true,"href":"https:\/\/dev2.prosono-hardwoods.com\/de\/wp-json\/wp\/v2\/comments?post=1650"}],"version-history":[{"count":3,"href":"https:\/\/dev2.prosono-hardwoods.com\/de\/wp-json\/wp\/v2\/pages\/1650\/revisions"}],"predecessor-version":[{"id":23896,"href":"https:\/\/dev2.prosono-hardwoods.com\/de\/wp-json\/wp\/v2\/pages\/1650\/revisions\/23896"}],"wp:attachment":[{"href":"https:\/\/dev2.prosono-hardwoods.com\/de\/wp-json\/wp\/v2\/media?parent=1650"}],"curies":[{"name":"wp","href":"https:\/\/api.w.org\/{rel}","templated":true}]}}