{"id":1651,"date":"2017-08-20T23:41:31","date_gmt":"2017-08-20T21:41:31","guid":{"rendered":"https:\/\/dev2.prosono-hardwoods.com\/caracal-notre-marque-de-couteaux-exclusifs\/"},"modified":"2024-01-16T15:23:45","modified_gmt":"2024-01-16T14:23:45","slug":"caracal-messergriffe","status":"publish","type":"page","link":"https:\/\/dev2.prosono-hardwoods.com\/de\/caracal-messergriffe\/","title":{"rendered":"Caracal Messergriffe"},"content":{"rendered":"<section class=\"wpb-content-wrapper\"><p>[vc_row][vc_column width=&#8220;1\/2&#8243;][vc_column_text css=&#8220;.vc_custom_1508270654783{margin-bottom: 5px !important;padding-bottom: 5px !important;}&#8220;]W\u00e4hrend der letzten paar Jahre hat unser Unternehmen an \u00f6rtlichen Handelsmessen und Gilden-Shows in Johannesburg, Pretoria, Kapstadt und Durban teilgenommen.<\/p>\n<p>Nachfragen von professionellen und Hobby- Messerherstellern nach Messergriffen hat uns motiviert, unsere Palette von Harth\u00f6lzern, besonders f\u00fcr Bl\u00f6cke in verschiedenen Ausma\u00dfen f\u00fcr Messerhersteller, zu erweitern.<\/p>\n<p>Weil individueller Geschmack ein ma\u00dfgeblicher Faktor ist, sind Handelsmessen unser Hauptwerbemittel.<\/p>\n<p>Mundpropaganda l\u00e4sst unsere Kundschaft anwachsen. Viele Messerhersteller besuchen unser S\u00e4gewerk regelm\u00e4\u00dfig, wo sie gern Messergriffe aussuchen, die ihrem Geschmack und ihren technischen Anforderungen gerecht werden.<\/p>\n<p>Exporte sind an Kunden in Kanada, Australien und Saudi-Arabien gegangen.<\/p>\n<p>Wir suchen Importeur und Gro\u00dfh\u00e4ndler f\u00fcr unsere Messergriffe in L\u00e4ndern, in denen J\u00e4ger, Fischer, Schnitzer und andere daran gew\u00f6hnt sind, jeden Tag ein (EDC) Messer bei sich zu haben. Wir denken dabei zum Beispiel an Skandinavien und Osteuropa.<\/p>\n<ul>\n<li>Snakebean \/ Red Ivory \/ Leadwood \/ Knobthorn \/ Grenadill<\/li>\n<li>Chacate Preto \/ Rhodesian Teak \/ Afr. Padauk \/ Mopane \/ Tamboti<\/li>\n<li>African Rosewood \/ Black Wenge \/ Purple Heart \/ Zebrano<\/li>\n<\/ul>\n<p>[\/vc_column_text][\/vc_column][vc_column width=&#8220;1\/2&#8243;][vc_single_image image=&#8220;5595&#8243; img_size=&#8220;full&#8220; css=&#8220;.vc_custom_1616676052056{margin-bottom: 0px !important;padding-bottom: 0px !important;}&#8220;][\/vc_column][\/vc_row][vc_row][vc_column width=&#8220;1\/4&#8243;][vc_single_image image=&#8220;5730&#8243; img_size=&#8220;full&#8220;][\/vc_column][vc_column width=&#8220;1\/4&#8243;][vc_column_text]<\/p>\n<ul>\n<li>Maulbeere \/ Red Ivory \/ Leadwood \/ Knobthorn \/ Grenadill<\/li>\n<li>Chacate Preto \/ Wilde Olive \/ Kameldorn \/ Mopani \/ Tambotie<\/li>\n<li>Matumi \/ Black Wenge \/ Purple Heart \/ Zebrano<\/li>\n<\/ul>\n<p>[\/vc_column_text][\/vc_column][vc_column width=&#8220;1\/2&#8243;][vc_gallery interval=&#8220;3&#8243; images=&#8220;2989,3001,2239,2764,2761,2770,2758,2752,2767,2755&#8243; img_size=&#8220;580&#215;370&#8243;][\/vc_column][\/vc_row]<\/p>\n<\/section>","protected":false},"excerpt":{"rendered":"<p>[vc_row][vc_column width=&#8220;1\/2&#8243;][vc_column_text css=&#8220;.vc_custom_1508270654783{margin-bottom: 5px !important;padding-bottom: 5px !important;}&#8220;]W\u00e4hrend der letzten paar Jahre hat unser Unternehmen an \u00f6rtlichen Handelsmessen und Gilden-Shows in Johannesburg, Pretoria, Kapstadt und Durban teilgenommen.<span class=\"excerpt-hellip\"> [\u2026]<\/span><\/p>\n","protected":false},"author":4,"featured_media":0,"parent":0,"menu_order":0,"comment_status":"closed","ping_status":"closed","template":"","meta":{"_themeisle_gutenberg_block_has_review":false,"footnotes":""},"yoast_head":"<!-- This site is optimized with the Yoast SEO plugin v21.5 - https:\/\/yoast.com\/wordpress\/plugins\/seo\/ -->\n<title>Caracal Messergriffe - Prosono international<\/title>\n<meta name=\"description\" content=\"Wir liefern Messerschalen und -bl\u00f6cke aus tropischen H\u00f6lzern mit hoher Dichte und geringer Porosit\u00e4t, die perfekt an Kleinserien und Sammelmesser angepasst sind. Um mehr zu wissen ...\" \/>\n<meta name=\"robots\" content=\"noindex, follow, max-snippet:-1, max-image-preview:large, max-video-preview:-1\" \/>\n<meta property=\"og:locale\" content=\"de_DE\" \/>\n<meta property=\"og:type\" content=\"article\" \/>\n<meta property=\"og:title\" content=\"Caracal Messergriffe - Prosono international\" \/>\n<meta property=\"og:description\" content=\"Wir liefern Messerschalen und -bl\u00f6cke aus tropischen H\u00f6lzern mit hoher Dichte und geringer Porosit\u00e4t, die perfekt an Kleinserien und Sammelmesser angepasst sind. Um mehr zu wissen ...\" \/>\n<meta property=\"og:url\" content=\"https:\/\/dev2.prosono-hardwoods.com\/caracal-knife-handles\/\" \/>\n<meta property=\"og:site_name\" content=\"Prosono international\" \/>\n<meta property=\"article:modified_time\" content=\"2024-01-16T14:23:45+00:00\" \/>\n<meta name=\"twitter:card\" content=\"summary_large_image\" \/>\n<meta name=\"twitter:label1\" content=\"Gesch\u00e4tzte Lesezeit\" \/>\n\t<meta name=\"twitter:data1\" content=\"1\u00a0Minute\" \/>\n<script type=\"application\/ld+json\" class=\"yoast-schema-graph\">{\"@context\":\"https:\/\/schema.org\",\"@graph\":[{\"@type\":\"WebPage\",\"@id\":\"https:\/\/dev2.prosono-hardwoods.com\/caracal-knife-handles\/\",\"url\":\"https:\/\/dev2.prosono-hardwoods.com\/caracal-knife-handles\/\",\"name\":\"Caracal Messergriffe - Prosono international\",\"isPartOf\":{\"@id\":\"https:\/\/dev2.prosono-hardwoods.com\/#website\"},\"datePublished\":\"2017-08-20T21:41:31+00:00\",\"dateModified\":\"2024-01-16T14:23:45+00:00\",\"description\":\"Wir liefern Messerschalen und -bl\u00f6cke aus tropischen H\u00f6lzern mit hoher Dichte und geringer Porosit\u00e4t, die perfekt an Kleinserien und Sammelmesser angepasst sind. Um mehr zu wissen ...\",\"breadcrumb\":{\"@id\":\"https:\/\/dev2.prosono-hardwoods.com\/caracal-knife-handles\/#breadcrumb\"},\"inLanguage\":\"de\",\"potentialAction\":[{\"@type\":\"ReadAction\",\"target\":[\"https:\/\/dev2.prosono-hardwoods.com\/caracal-knife-handles\/\"]}]},{\"@type\":\"BreadcrumbList\",\"@id\":\"https:\/\/dev2.prosono-hardwoods.com\/caracal-knife-handles\/#breadcrumb\",\"itemListElement\":[{\"@type\":\"ListItem\",\"position\":1,\"name\":\"Accueil\",\"item\":\"https:\/\/dev2.prosono-hardwoods.com\/\"},{\"@type\":\"ListItem\",\"position\":2,\"name\":\"Caracal Messergriffe\"}]},{\"@type\":\"WebSite\",\"@id\":\"https:\/\/dev2.prosono-hardwoods.com\/#website\",\"url\":\"https:\/\/dev2.prosono-hardwoods.com\/\",\"name\":\"Prosono international\",\"description\":\"\",\"publisher\":{\"@id\":\"https:\/\/dev2.prosono-hardwoods.com\/#organization\"},\"potentialAction\":[{\"@type\":\"SearchAction\",\"target\":{\"@type\":\"EntryPoint\",\"urlTemplate\":\"https:\/\/dev2.prosono-hardwoods.com\/?s={search_term_string}\"},\"query-input\":\"required name=search_term_string\"}],\"inLanguage\":\"de\"},{\"@type\":\"Organization\",\"@id\":\"https:\/\/dev2.prosono-hardwoods.com\/#organization\",\"name\":\"Prosono Hardwoods International\",\"url\":\"https:\/\/dev2.prosono-hardwoods.com\/\",\"logo\":{\"@type\":\"ImageObject\",\"inLanguage\":\"de\",\"@id\":\"https:\/\/dev2.prosono-hardwoods.com\/#\/schema\/logo\/image\/\",\"url\":\"https:\/\/dev2.prosono-hardwoods.com\/wp-content\/uploads\/2020\/08\/prosono-logo@2x.png\",\"contentUrl\":\"https:\/\/dev2.prosono-hardwoods.com\/wp-content\/uploads\/2020\/08\/prosono-logo@2x.png\",\"width\":404,\"height\":90,\"caption\":\"Prosono Hardwoods International\"},\"image\":{\"@id\":\"https:\/\/dev2.prosono-hardwoods.com\/#\/schema\/logo\/image\/\"}}]}<\/script>\n<!-- \/ Yoast SEO plugin. -->","yoast_head_json":{"title":"Caracal Messergriffe - Prosono international","description":"Wir liefern Messerschalen und -bl\u00f6cke aus tropischen H\u00f6lzern mit hoher Dichte und geringer Porosit\u00e4t, die perfekt an Kleinserien und Sammelmesser angepasst sind. Um mehr zu wissen ...","robots":{"index":"noindex","follow":"follow","max-snippet":"max-snippet:-1","max-image-preview":"max-image-preview:large","max-video-preview":"max-video-preview:-1"},"og_locale":"de_DE","og_type":"article","og_title":"Caracal Messergriffe - Prosono international","og_description":"Wir liefern Messerschalen und -bl\u00f6cke aus tropischen H\u00f6lzern mit hoher Dichte und geringer Porosit\u00e4t, die perfekt an Kleinserien und Sammelmesser angepasst sind. Um mehr zu wissen ...","og_url":"https:\/\/dev2.prosono-hardwoods.com\/caracal-knife-handles\/","og_site_name":"Prosono international","article_modified_time":"2024-01-16T14:23:45+00:00","twitter_card":"summary_large_image","twitter_misc":{"Gesch\u00e4tzte Lesezeit":"1\u00a0Minute"},"schema":{"@context":"https:\/\/schema.org","@graph":[{"@type":"WebPage","@id":"https:\/\/dev2.prosono-hardwoods.com\/caracal-knife-handles\/","url":"https:\/\/dev2.prosono-hardwoods.com\/caracal-knife-handles\/","name":"Caracal Messergriffe - Prosono international","isPartOf":{"@id":"https:\/\/dev2.prosono-hardwoods.com\/#website"},"datePublished":"2017-08-20T21:41:31+00:00","dateModified":"2024-01-16T14:23:45+00:00","description":"Wir liefern Messerschalen und -bl\u00f6cke aus tropischen H\u00f6lzern mit hoher Dichte und geringer Porosit\u00e4t, die perfekt an Kleinserien und Sammelmesser angepasst sind. Um mehr zu wissen ...","breadcrumb":{"@id":"https:\/\/dev2.prosono-hardwoods.com\/caracal-knife-handles\/#breadcrumb"},"inLanguage":"de","potentialAction":[{"@type":"ReadAction","target":["https:\/\/dev2.prosono-hardwoods.com\/caracal-knife-handles\/"]}]},{"@type":"BreadcrumbList","@id":"https:\/\/dev2.prosono-hardwoods.com\/caracal-knife-handles\/#breadcrumb","itemListElement":[{"@type":"ListItem","position":1,"name":"Accueil","item":"https:\/\/dev2.prosono-hardwoods.com\/"},{"@type":"ListItem","position":2,"name":"Caracal Messergriffe"}]},{"@type":"WebSite","@id":"https:\/\/dev2.prosono-hardwoods.com\/#website","url":"https:\/\/dev2.prosono-hardwoods.com\/","name":"Prosono international","description":"","publisher":{"@id":"https:\/\/dev2.prosono-hardwoods.com\/#organization"},"potentialAction":[{"@type":"SearchAction","target":{"@type":"EntryPoint","urlTemplate":"https:\/\/dev2.prosono-hardwoods.com\/?s={search_term_string}"},"query-input":"required name=search_term_string"}],"inLanguage":"de"},{"@type":"Organization","@id":"https:\/\/dev2.prosono-hardwoods.com\/#organization","name":"Prosono Hardwoods International","url":"https:\/\/dev2.prosono-hardwoods.com\/","logo":{"@type":"ImageObject","inLanguage":"de","@id":"https:\/\/dev2.prosono-hardwoods.com\/#\/schema\/logo\/image\/","url":"https:\/\/dev2.prosono-hardwoods.com\/wp-content\/uploads\/2020\/08\/prosono-logo@2x.png","contentUrl":"https:\/\/dev2.prosono-hardwoods.com\/wp-content\/uploads\/2020\/08\/prosono-logo@2x.png","width":404,"height":90,"caption":"Prosono Hardwoods International"},"image":{"@id":"https:\/\/dev2.prosono-hardwoods.com\/#\/schema\/logo\/image\/"}}]}},"_links":{"self":[{"href":"https:\/\/dev2.prosono-hardwoods.com\/de\/wp-json\/wp\/v2\/pages\/1651"}],"collection":[{"href":"https:\/\/dev2.prosono-hardwoods.com\/de\/wp-json\/wp\/v2\/pages"}],"about":[{"href":"https:\/\/dev2.prosono-hardwoods.com\/de\/wp-json\/wp\/v2\/types\/page"}],"author":[{"embeddable":true,"href":"https:\/\/dev2.prosono-hardwoods.com\/de\/wp-json\/wp\/v2\/users\/4"}],"replies":[{"embeddable":true,"href":"https:\/\/dev2.prosono-hardwoods.com\/de\/wp-json\/wp\/v2\/comments?post=1651"}],"version-history":[{"count":5,"href":"https:\/\/dev2.prosono-hardwoods.com\/de\/wp-json\/wp\/v2\/pages\/1651\/revisions"}],"predecessor-version":[{"id":23949,"href":"https:\/\/dev2.prosono-hardwoods.com\/de\/wp-json\/wp\/v2\/pages\/1651\/revisions\/23949"}],"wp:attachment":[{"href":"https:\/\/dev2.prosono-hardwoods.com\/de\/wp-json\/wp\/v2\/media?parent=1651"}],"curies":[{"name":"wp","href":"https:\/\/api.w.org\/{rel}","templated":true}]}}