{"id":1845,"date":"2017-02-13T21:16:00","date_gmt":"2017-02-13T20:16:00","guid":{"rendered":"https:\/\/dev2.prosono-hardwoods.com\/hardwood-species\/"},"modified":"2024-01-12T13:37:31","modified_gmt":"2024-01-12T12:37:31","slug":"holzarten","status":"publish","type":"page","link":"https:\/\/dev2.prosono-hardwoods.com\/de\/holzarten\/","title":{"rendered":"HOLZARTEN"},"content":{"rendered":"<section class=\"wpb-content-wrapper\"><p>[vc_row][vc_column css=&#8220;.vc_custom_1659082333049{margin-bottom: 0px !important;padding-bottom: 0px !important;}&#8220;][vc_empty_space height=&#8220;30px&#8220;][vc_column_text]<\/p>\n<h2 style=\"text-align: center;\">TECHNISCHE EIGENSCHAFTEN UND ANWENDUNGEN HARTHOLZARTEN DER SUBTROPEN AFRIKA<\/h2>\n<p><img loading=\"lazy\" decoding=\"async\" class=\"size-full wp-image-2803 aligncenter\" src=\"https:\/\/dev2.prosono-hardwoods.com\/wp-content\/uploads\/2017\/05\/prosono_sep.png\" alt=\"prosono separator\" width=\"151\" height=\"5\" srcset=\"https:\/\/dev2.prosono-hardwoods.com\/wp-content\/uploads\/2017\/05\/prosono_sep.png 151w, https:\/\/dev2.prosono-hardwoods.com\/wp-content\/uploads\/2017\/05\/prosono_sep-150x5.png 150w, https:\/\/dev2.prosono-hardwoods.com\/wp-content\/uploads\/2017\/05\/prosono_sep-50x2.png 50w\" sizes=\"(max-width:767px) 151px, 151px\" \/>[\/vc_column_text][\/vc_column][\/vc_row][vc_row][vc_column width=&#8220;1\/2&#8243;][vc_column_text]Afrikanische Hartholzarten zeichnen sich durch ihre hohe Dichte und sehr geringe oder gar fehlende Porosit\u00e4t aus.<\/p>\n<p>B\u00e4ume subtropischer afrikanischer Hartholzarten sind typischerweise klein und wachsen aufgrund des vorherrschenden trockenen Klimas, in dem sie wachsen, sehr langsam.<\/p>\n<p>Dies erkl\u00e4rten ihre extreme Dichte und geringe Porosit\u00e4t, die durch die Umwelt verursacht werden.<\/p>\n<p>Unsere afrikanischen Hartholzarten m\u00fcssen von den \u00e4quatorialen Harth\u00f6lzern (oft als westafrikanische Arten bezeichnet) unterschieden werden, die schnell wachsen und aufgrund der \u00fcberwiegend hohen Luftfeuchtigkeit und der Gebiete mit hohem Niederschlag, in denen sie wachsen, extrem gro\u00df werden.<\/p>\n<p>Unsere subtropischen Holzarten sind selten, \u00fcberwiegend dunkel gef\u00e4rbt und werden von den Beh\u00f6rden ihres Herkunftslandes als Edelh\u00f6lzer eingestuft. Wir haben bis auf eine Ausnahme neun\u00a0Harth\u00f6lzer selektiert und verarbeitet, die nicht auf der CITES-Liste stehen.<\/p>\n<p>Aufgrund ihrer technischen Eigenschaften eignen sich diese Hartholzarten nicht f\u00fcr Serienm\u00f6bel, T\u00fcr- und Fensterrahmen, strukturelle und industrielle Anwendungen.[\/vc_column_text][\/vc_column][vc_column width=&#8220;1\/2&#8243;][vc_column_text]Diese H\u00f6lzer werden \u00fcberwiegend f\u00fcr Musikinstrumente, Drechslerarbeiten, Messergriffe und andere handwerkliche und k\u00fcnstlerische Anwendungen verwendet: Schmuck, Schachfiguren und sehr selten f\u00fcr hochwertige Parkettb\u00f6den.<\/p>\n<p>Aufgrund ihrer extremen H\u00e4rte k\u00f6nnen diese Hartholzarten nur mit speziell entwickelten Industriemaschinen verarbeitet und mit S\u00e4gebl\u00e4ttern mit Wolframkarbidspitze (TCT) ges\u00e4gt werden. Bei der Verarbeitung dieser Hartholzarten entstehen extrem feine S\u00e4gesp\u00e4ne, die nicht als Hobelsp\u00e4ne geeignet sind.<\/p>\n<p>F\u00fcr die Harth\u00f6lzer, die auf unserer Website aufgef\u00fchrt sind, sind wir wahrscheinlich der einzige legale Lieferant in S\u00fcdafrika.<\/p>\n<p>Bitte beachten Sie, dass der Export von unverarbeitetem Holz in den meisten Afrikanischen L\u00e4ndern gesetzlich untersagt ist. Aus diesem Grund hat sich unser S\u00e4gewerk auf diese Harth\u00f6lzer spezialisiert.<\/p>\n<p>Diese Harth\u00f6lzer stammen von kleinen B\u00e4umen mit unregelm\u00e4\u00dfiger Form, daher ist die Gr\u00f6\u00dfe der Bretter zu klein f\u00fcr die \u00fcblichen M\u00f6bel Produktion.<\/p>\n<p>\u00dcbrigens sind unsere Harth\u00f6lzer, alle mit einer Dichte \u00fcber 1, technisch gesehen nicht gut unterwegs, sogar in Container. Bretter, im Besonderen breite und l\u00e4nge Bretter k\u00f6nnen beim Transport schlitzen und rei\u00dfen.[\/vc_column_text][\/vc_column][\/vc_row][vc_row css=&#8220;.vc_custom_1599550240767{padding-top: 50px !important;}&#8220;][vc_column width=&#8220;1\/2&#8243;][vc_column_text]<\/p>\n<h2><img loading=\"lazy\" decoding=\"async\" class=\"alignnone wp-image-4069 size-full\" src=\"https:\/\/dev2.prosono-hardwoods.com\/wp-content\/uploads\/2017\/02\/mopane-featured-1.jpg\" alt=\"mopane wood musical instruments\" width=\"595\" height=\"395\" srcset=\"https:\/\/dev2.prosono-hardwoods.com\/wp-content\/uploads\/2017\/02\/mopane-featured-1.jpg 595w, https:\/\/dev2.prosono-hardwoods.com\/wp-content\/uploads\/2017\/02\/mopane-featured-1-300x199.jpg 300w, https:\/\/dev2.prosono-hardwoods.com\/wp-content\/uploads\/2017\/02\/mopane-featured-1-220x146.jpg 220w, https:\/\/dev2.prosono-hardwoods.com\/wp-content\/uploads\/2017\/02\/mopane-featured-1-50x33.jpg 50w, https:\/\/dev2.prosono-hardwoods.com\/wp-content\/uploads\/2017\/02\/mopane-featured-1-113x75.jpg 113w\" sizes=\"(max-width:767px) 480px, 595px\" \/><\/h2>\n<h2>MOPANE<\/h2>\n<p>Mopane colophospermum ist die Antwort f\u00fcr die Hersteller von Holzblasinstrumenten, die nach einer L\u00f6sung suchen, nach dem Sie Grenadill gen\u00fcgender Qualit\u00e4t ersch\u00f6pf haben. Mopane wird von einigen Instrument Herstellern, darunter Buffet Crampon, dem franz\u00f6sischen Unternehmen und f\u00fchrenden Hersteller professioneller Klarinetten, als die Zukunft der Holzblasinstrumente angesehen.<\/p>\n<p>Diese Meinung teilt auch St\u00f6lzel, der deutsche Hersteller von Uebel Goldklarinetten, die bei Jazz-Instrumentalisten ber\u00fchmt ist.<\/p>\n<p><a  class=\"button  button_size_2 button_theme\"  href=\"https:\/\/dev2.prosono-hardwoods.com\/de\/holzarten\/mopani-colophospermum-mopane\/\"     title=\"\"><span class=\"button_label\">Weiterlesen<\/span><\/a>\n[\/vc_column_text][\/vc_column][vc_column width=&#8220;1\/2&#8243;][vc_column_text css=&#8220;.vc_custom_1659082792705{margin-top: 0px !important;padding-top: 0px !important;}&#8220;]<\/p>\n<h2><img loading=\"lazy\" decoding=\"async\" class=\"alignnone wp-image-2809 size-full\" src=\"https:\/\/dev2.prosono-hardwoods.com\/wp-content\/uploads\/2017\/05\/2.jpg\" alt=\"wood blocks\" width=\"595\" height=\"395\" srcset=\"https:\/\/dev2.prosono-hardwoods.com\/wp-content\/uploads\/2017\/05\/2.jpg 595w, https:\/\/dev2.prosono-hardwoods.com\/wp-content\/uploads\/2017\/05\/2-300x199.jpg 300w, https:\/\/dev2.prosono-hardwoods.com\/wp-content\/uploads\/2017\/05\/2-220x146.jpg 220w, https:\/\/dev2.prosono-hardwoods.com\/wp-content\/uploads\/2017\/05\/2-50x33.jpg 50w, https:\/\/dev2.prosono-hardwoods.com\/wp-content\/uploads\/2017\/05\/2-113x75.jpg 113w\" sizes=\"(max-width:767px) 480px, 595px\" \/><\/h2>\n<h2>PINK IVORY (ROTES ODER ROSA ELFENBEIN)<\/h2>\n<p>Einzigartiges s\u00fcdafrikanisches Hartholz, das im Zulu-K\u00f6nigreich nur der K\u00f6nig als Schmuck tragen durfte.<\/p>\n<p>In unserer Eigenschaft als f\u00fchrender s\u00fcdafrikanischer Lieferant mit der gesetzlich notwendigen Erlaubnis von DAFF.<\/p>\n<p><a  class=\"button  button_size_2 button_theme\"  href=\"https:\/\/dev2.prosono-hardwoods.com\/de\/holzarten\/rotes-elfenbein-berchimia-zeyheri\/\"     title=\"\"><span class=\"button_label\">Weiterlesen<\/span><\/a>\n[\/vc_column_text][\/vc_column][\/vc_row][vc_row css=&#8220;.vc_custom_1599550240767{padding-top: 50px !important;}&#8220;][vc_column width=&#8220;1\/2&#8243;][vc_column_text css=&#8220;.vc_custom_1660559967565{margin-top: 0px !important;padding-top: 0px !important;}&#8220;]<\/p>\n<h2><img loading=\"lazy\" decoding=\"async\" class=\"alignnone wp-image-2812 size-full\" src=\"https:\/\/dev2.prosono-hardwoods.com\/wp-content\/uploads\/2017\/05\/3.jpg\" alt=\"wood knife handle\" width=\"595\" height=\"395\" srcset=\"https:\/\/dev2.prosono-hardwoods.com\/wp-content\/uploads\/2017\/05\/3.jpg 595w, https:\/\/dev2.prosono-hardwoods.com\/wp-content\/uploads\/2017\/05\/3-300x199.jpg 300w, https:\/\/dev2.prosono-hardwoods.com\/wp-content\/uploads\/2017\/05\/3-220x146.jpg 220w, https:\/\/dev2.prosono-hardwoods.com\/wp-content\/uploads\/2017\/05\/3-50x33.jpg 50w, https:\/\/dev2.prosono-hardwoods.com\/wp-content\/uploads\/2017\/05\/3-113x75.jpg 113w\" sizes=\"(max-width:767px) 480px, 595px\" \/><\/h2>\n<h2>WILDE OLIVE ODER AFRIKANISCHES OLIVENHOLZ<\/h2>\n<p>Dieses Hartholz ist typisch f\u00fcr das s\u00fcdafrikanische Highveld. Sie kann eine gigantische Gr\u00f6\u00dfe von 18 Metern H\u00f6he und 40 Metern in breite erreichen.<\/p>\n<p>Solche Tropenh\u00f6lzer sind jedoch sehr selten, die meisten B\u00e4ume sind klein und wachsen sehr unregelm\u00e4ssig.<\/p>\n<p><a  class=\"button  button_size_2 button_theme\"  href=\"https:\/\/dev2.prosono-hardwoods.com\/de\/holzarten\/wilde-oder-afrikanische-olive-olea-africana\/\"     title=\"\"><span class=\"button_label\">Weiterlesen<\/span><\/a>\n[\/vc_column_text][\/vc_column][vc_column width=&#8220;1\/2&#8243;][vc_column_text css=&#8220;.vc_custom_1660560078675{margin-top: 0px !important;padding-top: 0px !important;}&#8220;]<\/p>\n<h2><img loading=\"lazy\" decoding=\"async\" class=\"alignnone wp-image-2815 size-full\" src=\"https:\/\/dev2.prosono-hardwoods.com\/wp-content\/uploads\/2017\/05\/4.jpg\" alt=\"wood blocks\" width=\"595\" height=\"395\" srcset=\"https:\/\/dev2.prosono-hardwoods.com\/wp-content\/uploads\/2017\/05\/4.jpg 595w, https:\/\/dev2.prosono-hardwoods.com\/wp-content\/uploads\/2017\/05\/4-300x199.jpg 300w, https:\/\/dev2.prosono-hardwoods.com\/wp-content\/uploads\/2017\/05\/4-220x146.jpg 220w, https:\/\/dev2.prosono-hardwoods.com\/wp-content\/uploads\/2017\/05\/4-50x33.jpg 50w, https:\/\/dev2.prosono-hardwoods.com\/wp-content\/uploads\/2017\/05\/4-113x75.jpg 113w\" sizes=\"(max-width:767px) 480px, 595px\" \/><\/h2>\n<h2>KAMELDORN<\/h2>\n<p>Diese k\u00fcrzlich eingef\u00fchrte Art wurde von unseren deutschen, englischen und amerikanischen Vertriebspartnern gut angenommen.<\/p>\n<p>Es ist bei Messerhersteller in S\u00fcdafrika beliebt, bei Drechsler f\u00fcr seine Farbe und Maserung.<\/p>\n<p><a  class=\"button  button_size_2 button_theme\"  href=\"https:\/\/dev2.prosono-hardwoods.com\/de\/holzarten\/kameldorn-acacia-erioloba\/\"     title=\"\"><span class=\"button_label\">Weiterlesen<\/span><\/a>\n[\/vc_column_text][\/vc_column][\/vc_row][vc_row css=&#8220;.vc_custom_1599550240767{padding-top: 50px !important;}&#8220;][vc_column width=&#8220;1\/2&#8243;][vc_column_text css=&#8220;.vc_custom_1659082997708{margin-top: 0px !important;padding-top: 0px !important;}&#8220;]<\/p>\n<h2><img loading=\"lazy\" decoding=\"async\" class=\"alignnone wp-image-2818 size-full\" src=\"https:\/\/dev2.prosono-hardwoods.com\/wp-content\/uploads\/2017\/05\/5.jpg\" alt=\"wood blocks\" width=\"595\" height=\"395\" srcset=\"https:\/\/dev2.prosono-hardwoods.com\/wp-content\/uploads\/2017\/05\/5.jpg 595w, https:\/\/dev2.prosono-hardwoods.com\/wp-content\/uploads\/2017\/05\/5-300x199.jpg 300w, https:\/\/dev2.prosono-hardwoods.com\/wp-content\/uploads\/2017\/05\/5-220x146.jpg 220w, https:\/\/dev2.prosono-hardwoods.com\/wp-content\/uploads\/2017\/05\/5-50x33.jpg 50w, https:\/\/dev2.prosono-hardwoods.com\/wp-content\/uploads\/2017\/05\/5-113x75.jpg 113w\" sizes=\"(max-width:767px) 480px, 595px\" \/><\/h2>\n<h2>BLEIHOLZ<\/h2>\n<p>Dieses Holz wurde zun\u00e4chst unserem amerikanischen H\u00e4ndler vorgestellt, gefolgt von unserem britischen H\u00e4ndler, und fand schlie\u00dflich eine breitere Akzeptanz, sogar f\u00fcr Musikinstrumente, wie Klarinetten und Dudels\u00e4cke. Wenn poliert, dunkelschwarz, nicht von Grenadillholz zu unterscheiden.<\/p>\n<p><a  class=\"button  button_size_2 button_theme\"  href=\"https:\/\/dev2.prosono-hardwoods.com\/de\/holzarten\/eisenholz-combretum-imberbe\/\"     title=\"\"><span class=\"button_label\">Weiterlesen<\/span><\/a>\n[\/vc_column_text][\/vc_column][vc_column width=&#8220;1\/2&#8243;][vc_column_text css=&#8220;.vc_custom_1659083047836{margin-top: 0px !important;padding-top: 0px !important;}&#8220;]<\/p>\n<h2><img loading=\"lazy\" decoding=\"async\" class=\"alignnone wp-image-2821 size-full\" src=\"https:\/\/dev2.prosono-hardwoods.com\/wp-content\/uploads\/2017\/05\/6.jpg\" alt=\"wood blocks\" width=\"595\" height=\"395\" srcset=\"https:\/\/dev2.prosono-hardwoods.com\/wp-content\/uploads\/2017\/05\/6.jpg 595w, https:\/\/dev2.prosono-hardwoods.com\/wp-content\/uploads\/2017\/05\/6-300x199.jpg 300w, https:\/\/dev2.prosono-hardwoods.com\/wp-content\/uploads\/2017\/05\/6-220x146.jpg 220w, https:\/\/dev2.prosono-hardwoods.com\/wp-content\/uploads\/2017\/05\/6-50x33.jpg 50w, https:\/\/dev2.prosono-hardwoods.com\/wp-content\/uploads\/2017\/05\/6-113x75.jpg 113w\" sizes=\"(max-width:767px) 480px, 595px\" \/><\/h2>\n<h2>SCHWARZES CHACATE (CHACATE PRETO)<\/h2>\n<p>Dieses Holz ist eines der neun Edelh\u00f6lzer Mosambiks. Es kommt auch in den angrenzenden Regionen von Sambia sowie im Nordwesten von Simbabwe vor. Unsere Verf\u00fcgbarkeit ist begrenzt.<\/p>\n<p><a  class=\"button  button_size_2 button_theme\"  href=\"https:\/\/dev2.prosono-hardwoods.com\/de\/holzarten\/schwarzer-chacate-guibourtia-conjugata\/\"     title=\"\"><span class=\"button_label\">Weiterlesen<\/span><\/a>\n[\/vc_column_text][\/vc_column][\/vc_row][vc_row css=&#8220;.vc_custom_1599550240767{padding-top: 50px !important;}&#8220;][vc_column width=&#8220;1\/2&#8243;][vc_column_text css=&#8220;.vc_custom_1660560111631{margin-top: 0px !important;padding-top: 0px !important;}&#8220;]<\/p>\n<h2><img loading=\"lazy\" decoding=\"async\" class=\"alignnone wp-image-2824 size-full\" src=\"https:\/\/dev2.prosono-hardwoods.com\/wp-content\/uploads\/2017\/05\/7.jpg\" alt=\"wood bowl and more\" width=\"595\" height=\"395\" srcset=\"https:\/\/dev2.prosono-hardwoods.com\/wp-content\/uploads\/2017\/05\/7.jpg 595w, https:\/\/dev2.prosono-hardwoods.com\/wp-content\/uploads\/2017\/05\/7-300x199.jpg 300w, https:\/\/dev2.prosono-hardwoods.com\/wp-content\/uploads\/2017\/05\/7-220x146.jpg 220w, https:\/\/dev2.prosono-hardwoods.com\/wp-content\/uploads\/2017\/05\/7-50x33.jpg 50w, https:\/\/dev2.prosono-hardwoods.com\/wp-content\/uploads\/2017\/05\/7-113x75.jpg 113w\" sizes=\"(max-width:767px) 480px, 595px\" \/><\/h2>\n<h2>TAMBOTIE (AFRIKANISCHES COCOBOLO)<\/h2>\n<p>TAMBOTIE wird in Mosambik als Sandalo genannt. Dieses Holz ist eines der neun Edelh\u00f6lzer Mosambiks. Gut geeignet f\u00fcr die Herstellung\u00a0von Tischplatten, Gitarren R\u00fccken und Zargen, Ornament und Kuriosit\u00e4ten.<\/p>\n<p><a  class=\"button  button_size_2 button_theme\"  href=\"https:\/\/dev2.prosono-hardwoods.com\/de\/holzarten\/afrikanisches-cocobolo-spirostachys-africana\/\"     title=\"\"><span class=\"button_label\">Weiterlesen<\/span><\/a>\n[\/vc_column_text][\/vc_column][vc_column width=&#8220;1\/2&#8243;][vc_column_text css=&#8220;.vc_custom_1659083131996{margin-top: 0px !important;padding-top: 0px !important;}&#8220;]<\/p>\n<h2><img loading=\"lazy\" decoding=\"async\" class=\"alignnone wp-image-2827 size-full\" src=\"https:\/\/dev2.prosono-hardwoods.com\/wp-content\/uploads\/2017\/05\/8.jpg\" alt=\"wood blocks\" width=\"595\" height=\"395\" srcset=\"https:\/\/dev2.prosono-hardwoods.com\/wp-content\/uploads\/2017\/05\/8.jpg 595w, https:\/\/dev2.prosono-hardwoods.com\/wp-content\/uploads\/2017\/05\/8-300x199.jpg 300w, https:\/\/dev2.prosono-hardwoods.com\/wp-content\/uploads\/2017\/05\/8-220x146.jpg 220w, https:\/\/dev2.prosono-hardwoods.com\/wp-content\/uploads\/2017\/05\/8-50x33.jpg 50w, https:\/\/dev2.prosono-hardwoods.com\/wp-content\/uploads\/2017\/05\/8-113x75.jpg 113w\" sizes=\"(max-width:767px) 480px, 595px\" \/><\/h2>\n<h2>GRENADIL (GRENADILLHOLZ)<\/h2>\n<p>Mit der Auflistung von Dalbergia melanoxylon als gef\u00e4hrdete Art durch CITES* sind unsere Vorr\u00e4te an legalisiertem Holz eingeschr\u00e4nkt. Grenadil B\u00e4ume gen\u00fcgende Qualit\u00e4t und Gr\u00f6sse f\u00fcr die Herstellung von Bechern, Drohnen und Spielpfeifen ist eine Utopie.<\/p>\n<p><a  class=\"button  button_size_2 button_theme\"  href=\"https:\/\/dev2.prosono-hardwoods.com\/de\/holzarten\/grenadill-dalbergia-melanoxylon\/\"     title=\"\"><span class=\"button_label\">Weiterlesen<\/span><\/a>\n[\/vc_column_text][\/vc_column][\/vc_row][vc_row css=&#8220;.vc_custom_1599550240767{padding-top: 50px !important;}&#8220;][vc_column width=&#8220;1\/2&#8243;][vc_column_text css=&#8220;.vc_custom_1659083168813{margin-top: 0px !important;padding-top: 0px !important;}&#8220;]<\/p>\n<h2><img loading=\"lazy\" decoding=\"async\" class=\"alignnone size-full wp-image-2830\" src=\"https:\/\/dev2.prosono-hardwoods.com\/wp-content\/uploads\/2017\/05\/9.jpg\" alt=\"snake bean\" width=\"595\" height=\"395\" srcset=\"https:\/\/dev2.prosono-hardwoods.com\/wp-content\/uploads\/2017\/05\/9.jpg 595w, https:\/\/dev2.prosono-hardwoods.com\/wp-content\/uploads\/2017\/05\/9-300x199.jpg 300w, https:\/\/dev2.prosono-hardwoods.com\/wp-content\/uploads\/2017\/05\/9-220x146.jpg 220w, https:\/\/dev2.prosono-hardwoods.com\/wp-content\/uploads\/2017\/05\/9-50x33.jpg 50w, https:\/\/dev2.prosono-hardwoods.com\/wp-content\/uploads\/2017\/05\/9-113x75.jpg 113w\" sizes=\"(max-width:767px) 480px, 595px\" \/><\/h2>\n<h2>EISENHOLZ<\/h2>\n<p>Es wurde k\u00fcrzlich bei unseren englischen und deutschen Vertriebspartnern eingef\u00fchrt. Das Hartholz mit hoher Dichte bietet eine einzigartige Farbe und Maserung, beliebt bei Drechsler und Messerhersteller.<\/p>\n<p><a  class=\"button  button_size_2 button_theme\"  href=\"https:\/\/dev2.prosono-hardwoods.com\/de\/holzarten\/eisenholz-swartzia-madagascariensis\/\"     title=\"\"><span class=\"button_label\">Weiterlesen<\/span><\/a>\n[\/vc_column_text][\/vc_column][\/vc_row]<\/p>\n<\/section>","protected":false},"excerpt":{"rendered":"<p>[vc_row][vc_column css=&#8220;.vc_custom_1659082333049{margin-bottom: 0px !important;padding-bottom: 0px !important;}&#8220;][vc_empty_space height=&#8220;30px&#8220;][vc_column_text] TECHNISCHE EIGENSCHAFTEN UND ANWENDUNGEN HARTHOLZARTEN DER SUBTROPEN AFRIKA [\/vc_column_text][\/vc_column][\/vc_row][vc_row][vc_column width=&#8220;1\/2&#8243;][vc_column_text]Afrikanische Hartholzarten zeichnen sich durch ihre hohe Dichte und sehr<span class=\"excerpt-hellip\"> [\u2026]<\/span><\/p>\n","protected":false},"author":4,"featured_media":0,"parent":0,"menu_order":0,"comment_status":"closed","ping_status":"closed","template":"","meta":{"_themeisle_gutenberg_block_has_review":false,"footnotes":""},"yoast_head":"<!-- This site is optimized with the Yoast SEO plugin v21.5 - https:\/\/yoast.com\/wordpress\/plugins\/seo\/ -->\n<title>Exotische Holzarten Kaufen - Prosono international<\/title>\n<meta name=\"description\" content=\"ProSono verarbeitet eine Vielzahl afrikanischer Hartholzarten nach den h\u00f6chsten Anforderungen. Wir sind vollst\u00e4ndig CITES-konform. Finde mehr heraus\" \/>\n<meta name=\"robots\" content=\"noindex, follow, max-snippet:-1, max-image-preview:large, max-video-preview:-1\" \/>\n<meta property=\"og:locale\" content=\"de_DE\" \/>\n<meta property=\"og:type\" content=\"article\" \/>\n<meta property=\"og:title\" content=\"Exotische Holzarten Kaufen - Prosono international\" \/>\n<meta property=\"og:description\" content=\"ProSono verarbeitet eine Vielzahl afrikanischer Hartholzarten nach den h\u00f6chsten Anforderungen. Wir sind vollst\u00e4ndig CITES-konform. Finde mehr heraus\" \/>\n<meta property=\"og:url\" content=\"https:\/\/dev2.prosono-hardwoods.com\/de\/holzarten\/\" \/>\n<meta property=\"og:site_name\" content=\"Prosono international\" \/>\n<meta property=\"article:modified_time\" content=\"2024-01-12T12:37:31+00:00\" \/>\n<meta property=\"og:image\" content=\"https:\/\/dev2.prosono-hardwoods.com\/wp-content\/uploads\/2017\/05\/prosono_sep.png\" \/>\n<meta name=\"twitter:card\" content=\"summary_large_image\" \/>\n<meta name=\"twitter:label1\" content=\"Gesch\u00e4tzte Lesezeit\" \/>\n\t<meta name=\"twitter:data1\" content=\"6\u00a0Minuten\" \/>\n<script type=\"application\/ld+json\" class=\"yoast-schema-graph\">{\"@context\":\"https:\/\/schema.org\",\"@graph\":[{\"@type\":\"WebPage\",\"@id\":\"https:\/\/dev2.prosono-hardwoods.com\/de\/holzarten\/\",\"url\":\"https:\/\/dev2.prosono-hardwoods.com\/de\/holzarten\/\",\"name\":\"Exotische Holzarten Kaufen - Prosono international\",\"isPartOf\":{\"@id\":\"https:\/\/dev2.prosono-hardwoods.com\/#website\"},\"datePublished\":\"2017-02-13T20:16:00+00:00\",\"dateModified\":\"2024-01-12T12:37:31+00:00\",\"description\":\"ProSono verarbeitet eine Vielzahl afrikanischer Hartholzarten nach den h\u00f6chsten Anforderungen. Wir sind vollst\u00e4ndig CITES-konform. Finde mehr heraus\",\"breadcrumb\":{\"@id\":\"https:\/\/dev2.prosono-hardwoods.com\/de\/holzarten\/#breadcrumb\"},\"inLanguage\":\"de\",\"potentialAction\":[{\"@type\":\"ReadAction\",\"target\":[\"https:\/\/dev2.prosono-hardwoods.com\/de\/holzarten\/\"]}]},{\"@type\":\"BreadcrumbList\",\"@id\":\"https:\/\/dev2.prosono-hardwoods.com\/de\/holzarten\/#breadcrumb\",\"itemListElement\":[{\"@type\":\"ListItem\",\"position\":1,\"name\":\"Accueil\",\"item\":\"https:\/\/dev2.prosono-hardwoods.com\/\"},{\"@type\":\"ListItem\",\"position\":2,\"name\":\"HOLZARTEN\"}]},{\"@type\":\"WebSite\",\"@id\":\"https:\/\/dev2.prosono-hardwoods.com\/#website\",\"url\":\"https:\/\/dev2.prosono-hardwoods.com\/\",\"name\":\"Prosono international\",\"description\":\"\",\"publisher\":{\"@id\":\"https:\/\/dev2.prosono-hardwoods.com\/#organization\"},\"potentialAction\":[{\"@type\":\"SearchAction\",\"target\":{\"@type\":\"EntryPoint\",\"urlTemplate\":\"https:\/\/dev2.prosono-hardwoods.com\/?s={search_term_string}\"},\"query-input\":\"required name=search_term_string\"}],\"inLanguage\":\"de\"},{\"@type\":\"Organization\",\"@id\":\"https:\/\/dev2.prosono-hardwoods.com\/#organization\",\"name\":\"Prosono Hardwoods International\",\"url\":\"https:\/\/dev2.prosono-hardwoods.com\/\",\"logo\":{\"@type\":\"ImageObject\",\"inLanguage\":\"de\",\"@id\":\"https:\/\/dev2.prosono-hardwoods.com\/#\/schema\/logo\/image\/\",\"url\":\"https:\/\/dev2.prosono-hardwoods.com\/wp-content\/uploads\/2020\/08\/prosono-logo@2x.png\",\"contentUrl\":\"https:\/\/dev2.prosono-hardwoods.com\/wp-content\/uploads\/2020\/08\/prosono-logo@2x.png\",\"width\":404,\"height\":90,\"caption\":\"Prosono Hardwoods International\"},\"image\":{\"@id\":\"https:\/\/dev2.prosono-hardwoods.com\/#\/schema\/logo\/image\/\"}}]}<\/script>\n<!-- \/ Yoast SEO plugin. -->","yoast_head_json":{"title":"Exotische Holzarten Kaufen - Prosono international","description":"ProSono verarbeitet eine Vielzahl afrikanischer Hartholzarten nach den h\u00f6chsten Anforderungen. Wir sind vollst\u00e4ndig CITES-konform. Finde mehr heraus","robots":{"index":"noindex","follow":"follow","max-snippet":"max-snippet:-1","max-image-preview":"max-image-preview:large","max-video-preview":"max-video-preview:-1"},"og_locale":"de_DE","og_type":"article","og_title":"Exotische Holzarten Kaufen - Prosono international","og_description":"ProSono verarbeitet eine Vielzahl afrikanischer Hartholzarten nach den h\u00f6chsten Anforderungen. Wir sind vollst\u00e4ndig CITES-konform. Finde mehr heraus","og_url":"https:\/\/dev2.prosono-hardwoods.com\/de\/holzarten\/","og_site_name":"Prosono international","article_modified_time":"2024-01-12T12:37:31+00:00","og_image":[{"url":"https:\/\/dev2.prosono-hardwoods.com\/wp-content\/uploads\/2017\/05\/prosono_sep.png"}],"twitter_card":"summary_large_image","twitter_misc":{"Gesch\u00e4tzte Lesezeit":"6\u00a0Minuten"},"schema":{"@context":"https:\/\/schema.org","@graph":[{"@type":"WebPage","@id":"https:\/\/dev2.prosono-hardwoods.com\/de\/holzarten\/","url":"https:\/\/dev2.prosono-hardwoods.com\/de\/holzarten\/","name":"Exotische Holzarten Kaufen - Prosono international","isPartOf":{"@id":"https:\/\/dev2.prosono-hardwoods.com\/#website"},"datePublished":"2017-02-13T20:16:00+00:00","dateModified":"2024-01-12T12:37:31+00:00","description":"ProSono verarbeitet eine Vielzahl afrikanischer Hartholzarten nach den h\u00f6chsten Anforderungen. Wir sind vollst\u00e4ndig CITES-konform. Finde mehr heraus","breadcrumb":{"@id":"https:\/\/dev2.prosono-hardwoods.com\/de\/holzarten\/#breadcrumb"},"inLanguage":"de","potentialAction":[{"@type":"ReadAction","target":["https:\/\/dev2.prosono-hardwoods.com\/de\/holzarten\/"]}]},{"@type":"BreadcrumbList","@id":"https:\/\/dev2.prosono-hardwoods.com\/de\/holzarten\/#breadcrumb","itemListElement":[{"@type":"ListItem","position":1,"name":"Accueil","item":"https:\/\/dev2.prosono-hardwoods.com\/"},{"@type":"ListItem","position":2,"name":"HOLZARTEN"}]},{"@type":"WebSite","@id":"https:\/\/dev2.prosono-hardwoods.com\/#website","url":"https:\/\/dev2.prosono-hardwoods.com\/","name":"Prosono international","description":"","publisher":{"@id":"https:\/\/dev2.prosono-hardwoods.com\/#organization"},"potentialAction":[{"@type":"SearchAction","target":{"@type":"EntryPoint","urlTemplate":"https:\/\/dev2.prosono-hardwoods.com\/?s={search_term_string}"},"query-input":"required name=search_term_string"}],"inLanguage":"de"},{"@type":"Organization","@id":"https:\/\/dev2.prosono-hardwoods.com\/#organization","name":"Prosono Hardwoods International","url":"https:\/\/dev2.prosono-hardwoods.com\/","logo":{"@type":"ImageObject","inLanguage":"de","@id":"https:\/\/dev2.prosono-hardwoods.com\/#\/schema\/logo\/image\/","url":"https:\/\/dev2.prosono-hardwoods.com\/wp-content\/uploads\/2020\/08\/prosono-logo@2x.png","contentUrl":"https:\/\/dev2.prosono-hardwoods.com\/wp-content\/uploads\/2020\/08\/prosono-logo@2x.png","width":404,"height":90,"caption":"Prosono Hardwoods International"},"image":{"@id":"https:\/\/dev2.prosono-hardwoods.com\/#\/schema\/logo\/image\/"}}]}},"_links":{"self":[{"href":"https:\/\/dev2.prosono-hardwoods.com\/de\/wp-json\/wp\/v2\/pages\/1845"}],"collection":[{"href":"https:\/\/dev2.prosono-hardwoods.com\/de\/wp-json\/wp\/v2\/pages"}],"about":[{"href":"https:\/\/dev2.prosono-hardwoods.com\/de\/wp-json\/wp\/v2\/types\/page"}],"author":[{"embeddable":true,"href":"https:\/\/dev2.prosono-hardwoods.com\/de\/wp-json\/wp\/v2\/users\/4"}],"replies":[{"embeddable":true,"href":"https:\/\/dev2.prosono-hardwoods.com\/de\/wp-json\/wp\/v2\/comments?post=1845"}],"version-history":[{"count":20,"href":"https:\/\/dev2.prosono-hardwoods.com\/de\/wp-json\/wp\/v2\/pages\/1845\/revisions"}],"predecessor-version":[{"id":10818,"href":"https:\/\/dev2.prosono-hardwoods.com\/de\/wp-json\/wp\/v2\/pages\/1845\/revisions\/10818"}],"wp:attachment":[{"href":"https:\/\/dev2.prosono-hardwoods.com\/de\/wp-json\/wp\/v2\/media?parent=1845"}],"curies":[{"name":"wp","href":"https:\/\/api.w.org\/{rel}","templated":true}]}}