{"id":1712,"date":"2017-05-05T21:55:10","date_gmt":"2017-05-05T19:55:10","guid":{"rendered":"https:\/\/dev2.prosono-hardwoods.com\/caracal-knife-handles\/"},"modified":"2024-01-12T15:57:58","modified_gmt":"2024-01-12T14:57:58","slug":"mangos-de-cuchillos-caracal","status":"publish","type":"page","link":"https:\/\/dev2.prosono-hardwoods.com\/es\/mangos-de-cuchillos-caracal\/","title":{"rendered":"Mangos de cuchillos caracal \u2122"},"content":{"rendered":"<section class=\"wpb-content-wrapper\"><p>[vc_row][vc_column width=\u00bb1\/2&#8243;][vc_column_text css=\u00bb.vc_custom_1508276042310{margin-bottom: 0px !important;padding-bottom: 0px !important;}\u00bb]En los \u00faltimos a\u00f1os, nuestros representantes han participado en ferias de cazadores y ferias de corporaciones de artesanos fabricantes de cuchillos en Johannesburgo, Pretoria, Ciudad del Cabo y Durban.[\/vc_column_text][vc_column_text css=\u00bb.vc_custom_1508276059208{margin-bottom: 5px !important;padding-bottom: 5px !important;}\u00bb]La demanda de mangos de cuchillos por parte de artesanos nos ha motivado a aumentar nuestra gama de maderas duras, especialmente para las partes gemelas para navajas y bloques para cuchillos de artesana. Las ferias comerciales es nuestro principal veh\u00edculo de promoci\u00f3n porque el gusto individual es el factor determinante en la selecci\u00f3n de los mangos.<\/p>\n<p>Nuestros clientes hablan de nuestra calidad y de nuestro servicio lo que proporciona nuevos clientes y aumenta nuestra clientela. Muchos artesanos fabricantes de cuchillos visitan habitualmente a nuestro aserradero donde son bienvenidos a seleccionar los mangos que cumplen con sus gustos y requisitos t\u00e9cnicos.<\/p>\n<p>Las exportaciones han alcanzado a clientes en Canad\u00e1, Australia y Arabia Saudita.<\/p>\n<p>Estamos buscando distribuidores para nuestros mangos de cuchillos en pa\u00edses donde cazadores, agricultores, pescadores, talladores y otros acostumbran a llevar un cuchillo o navaja (EDC). Estamos pensando en Escandinavia y Europa del Este, entre otros.[\/vc_column_text][vc_column_text]<\/p>\n<ul>\n<li>Snake bean \/ Marfil rojo\/ Monzo \/ Knobthorn \/ Granadillo africano<\/li>\n<li>Chacate negro \/ Teak Rhodesiano \/ Padauk africano \/ Mopani \/ Cocobolo africano<\/li>\n<li>African Rosewood \/ Black Wenge \/ Purple Heart \/ Zebrano<\/li>\n<\/ul>\n<p>[\/vc_column_text][\/vc_column][vc_column width=\u00bb1\/2&#8243;][vc_single_image image=\u00bb5596&#8243; img_size=\u00bbfull\u00bb css=\u00bb.vc_custom_1616675983295{margin-bottom: 0px !important;padding-bottom: 0px !important;}\u00bb][\/vc_column][\/vc_row][vc_row][vc_column width=\u00bb1\/4&#8243;][vc_single_image image=\u00bb5731&#8243; img_size=\u00bbfull\u00bb][\/vc_column][vc_column width=\u00bb1\/4&#8243;][vc_column_text]<\/p>\n<ul>\n<li>Mulberry \/ Marfil rojo \/ Monzo \/ Knobthorn \/ Granadillo africano<\/li>\n<li>Chacate negro \/ Olivo silvestre \/ Espina de Camello \/ Mopani \/ Cocobolo africano<\/li>\n<li>Matumi \/ Black Wenge \/ Purple Heart \/ Zebrano<\/li>\n<\/ul>\n<p>[\/vc_column_text][\/vc_column][vc_column width=\u00bb1\/2&#8243;][vc_gallery interval=\u00bb3&#8243; images=\u00bb2990,3002,2240,2765,2762,2771,2759,2753,2768,2756&#8243; img_size=\u00bb580&#215;370&#8243;][\/vc_column][\/vc_row]<\/p>\n<\/section>","protected":false},"excerpt":{"rendered":"<p>[vc_row][vc_column width=\u00bb1\/2&#8243;][vc_column_text css=\u00bb.vc_custom_1508276042310{margin-bottom: 0px !important;padding-bottom: 0px !important;}\u00bb]En los \u00faltimos a\u00f1os, nuestros representantes han participado en ferias de cazadores y ferias de corporaciones de artesanos fabricantes de<span class=\"excerpt-hellip\"> [\u2026]<\/span><\/p>\n","protected":false},"author":4,"featured_media":0,"parent":0,"menu_order":0,"comment_status":"closed","ping_status":"closed","template":"","meta":{"_themeisle_gutenberg_block_has_review":false,"footnotes":""},"yoast_head":"<!-- This site is optimized with the Yoast SEO plugin v21.5 - https:\/\/yoast.com\/wordpress\/plugins\/seo\/ -->\n<title>Mangos de cuchillo Caracal en venta - Prosono international<\/title>\n<meta name=\"description\" content=\"Suministramos escamas y bloques de madera dura africana de primera calidad utilizados para fabricar mangos de cuchillos de caracal. M\u00e1s informaci\u00f3n.\" \/>\n<meta name=\"robots\" content=\"noindex, follow, max-snippet:-1, max-image-preview:large, max-video-preview:-1\" \/>\n<meta property=\"og:locale\" content=\"es_ES\" \/>\n<meta property=\"og:type\" content=\"article\" \/>\n<meta property=\"og:title\" content=\"Mangos de cuchillo Caracal en venta - Prosono international\" \/>\n<meta property=\"og:description\" content=\"Suministramos escamas y bloques de madera dura africana de primera calidad utilizados para fabricar mangos de cuchillos de caracal. M\u00e1s informaci\u00f3n.\" \/>\n<meta property=\"og:url\" content=\"https:\/\/dev2.prosono-hardwoods.com\/es\/mangos-de-cuchillos-caracal\/\" \/>\n<meta property=\"og:site_name\" content=\"Prosono international\" \/>\n<meta property=\"article:modified_time\" content=\"2024-01-12T14:57:58+00:00\" \/>\n<meta name=\"twitter:card\" content=\"summary_large_image\" \/>\n<meta name=\"twitter:label1\" content=\"Tiempo de lectura\" \/>\n\t<meta name=\"twitter:data1\" content=\"2 minutos\" \/>\n<script type=\"application\/ld+json\" class=\"yoast-schema-graph\">{\"@context\":\"https:\/\/schema.org\",\"@graph\":[{\"@type\":\"WebPage\",\"@id\":\"https:\/\/dev2.prosono-hardwoods.com\/es\/mangos-de-cuchillos-caracal\/\",\"url\":\"https:\/\/dev2.prosono-hardwoods.com\/es\/mangos-de-cuchillos-caracal\/\",\"name\":\"Mangos de cuchillo Caracal en venta - Prosono international\",\"isPartOf\":{\"@id\":\"https:\/\/dev2.prosono-hardwoods.com\/#website\"},\"datePublished\":\"2017-05-05T19:55:10+00:00\",\"dateModified\":\"2024-01-12T14:57:58+00:00\",\"description\":\"Suministramos escamas y bloques de madera dura africana de primera calidad utilizados para fabricar mangos de cuchillos de caracal. M\u00e1s informaci\u00f3n.\",\"breadcrumb\":{\"@id\":\"https:\/\/dev2.prosono-hardwoods.com\/es\/mangos-de-cuchillos-caracal\/#breadcrumb\"},\"inLanguage\":\"es\",\"potentialAction\":[{\"@type\":\"ReadAction\",\"target\":[\"https:\/\/dev2.prosono-hardwoods.com\/es\/mangos-de-cuchillos-caracal\/\"]}]},{\"@type\":\"BreadcrumbList\",\"@id\":\"https:\/\/dev2.prosono-hardwoods.com\/es\/mangos-de-cuchillos-caracal\/#breadcrumb\",\"itemListElement\":[{\"@type\":\"ListItem\",\"position\":1,\"name\":\"Accueil\",\"item\":\"https:\/\/dev2.prosono-hardwoods.com\/\"},{\"@type\":\"ListItem\",\"position\":2,\"name\":\"Mangos de cuchillos caracal \u2122\"}]},{\"@type\":\"WebSite\",\"@id\":\"https:\/\/dev2.prosono-hardwoods.com\/#website\",\"url\":\"https:\/\/dev2.prosono-hardwoods.com\/\",\"name\":\"Prosono international\",\"description\":\"\",\"publisher\":{\"@id\":\"https:\/\/dev2.prosono-hardwoods.com\/#organization\"},\"potentialAction\":[{\"@type\":\"SearchAction\",\"target\":{\"@type\":\"EntryPoint\",\"urlTemplate\":\"https:\/\/dev2.prosono-hardwoods.com\/?s={search_term_string}\"},\"query-input\":\"required name=search_term_string\"}],\"inLanguage\":\"es\"},{\"@type\":\"Organization\",\"@id\":\"https:\/\/dev2.prosono-hardwoods.com\/#organization\",\"name\":\"Prosono Hardwoods International\",\"url\":\"https:\/\/dev2.prosono-hardwoods.com\/\",\"logo\":{\"@type\":\"ImageObject\",\"inLanguage\":\"es\",\"@id\":\"https:\/\/dev2.prosono-hardwoods.com\/#\/schema\/logo\/image\/\",\"url\":\"https:\/\/dev2.prosono-hardwoods.com\/wp-content\/uploads\/2020\/08\/prosono-logo@2x.png\",\"contentUrl\":\"https:\/\/dev2.prosono-hardwoods.com\/wp-content\/uploads\/2020\/08\/prosono-logo@2x.png\",\"width\":404,\"height\":90,\"caption\":\"Prosono Hardwoods International\"},\"image\":{\"@id\":\"https:\/\/dev2.prosono-hardwoods.com\/#\/schema\/logo\/image\/\"}}]}<\/script>\n<!-- \/ Yoast SEO plugin. -->","yoast_head_json":{"title":"Mangos de cuchillo Caracal en venta - Prosono international","description":"Suministramos escamas y bloques de madera dura africana de primera calidad utilizados para fabricar mangos de cuchillos de caracal. M\u00e1s informaci\u00f3n.","robots":{"index":"noindex","follow":"follow","max-snippet":"max-snippet:-1","max-image-preview":"max-image-preview:large","max-video-preview":"max-video-preview:-1"},"og_locale":"es_ES","og_type":"article","og_title":"Mangos de cuchillo Caracal en venta - Prosono international","og_description":"Suministramos escamas y bloques de madera dura africana de primera calidad utilizados para fabricar mangos de cuchillos de caracal. M\u00e1s informaci\u00f3n.","og_url":"https:\/\/dev2.prosono-hardwoods.com\/es\/mangos-de-cuchillos-caracal\/","og_site_name":"Prosono international","article_modified_time":"2024-01-12T14:57:58+00:00","twitter_card":"summary_large_image","twitter_misc":{"Tiempo de lectura":"2 minutos"},"schema":{"@context":"https:\/\/schema.org","@graph":[{"@type":"WebPage","@id":"https:\/\/dev2.prosono-hardwoods.com\/es\/mangos-de-cuchillos-caracal\/","url":"https:\/\/dev2.prosono-hardwoods.com\/es\/mangos-de-cuchillos-caracal\/","name":"Mangos de cuchillo Caracal en venta - Prosono international","isPartOf":{"@id":"https:\/\/dev2.prosono-hardwoods.com\/#website"},"datePublished":"2017-05-05T19:55:10+00:00","dateModified":"2024-01-12T14:57:58+00:00","description":"Suministramos escamas y bloques de madera dura africana de primera calidad utilizados para fabricar mangos de cuchillos de caracal. M\u00e1s informaci\u00f3n.","breadcrumb":{"@id":"https:\/\/dev2.prosono-hardwoods.com\/es\/mangos-de-cuchillos-caracal\/#breadcrumb"},"inLanguage":"es","potentialAction":[{"@type":"ReadAction","target":["https:\/\/dev2.prosono-hardwoods.com\/es\/mangos-de-cuchillos-caracal\/"]}]},{"@type":"BreadcrumbList","@id":"https:\/\/dev2.prosono-hardwoods.com\/es\/mangos-de-cuchillos-caracal\/#breadcrumb","itemListElement":[{"@type":"ListItem","position":1,"name":"Accueil","item":"https:\/\/dev2.prosono-hardwoods.com\/"},{"@type":"ListItem","position":2,"name":"Mangos de cuchillos caracal \u2122"}]},{"@type":"WebSite","@id":"https:\/\/dev2.prosono-hardwoods.com\/#website","url":"https:\/\/dev2.prosono-hardwoods.com\/","name":"Prosono international","description":"","publisher":{"@id":"https:\/\/dev2.prosono-hardwoods.com\/#organization"},"potentialAction":[{"@type":"SearchAction","target":{"@type":"EntryPoint","urlTemplate":"https:\/\/dev2.prosono-hardwoods.com\/?s={search_term_string}"},"query-input":"required name=search_term_string"}],"inLanguage":"es"},{"@type":"Organization","@id":"https:\/\/dev2.prosono-hardwoods.com\/#organization","name":"Prosono Hardwoods International","url":"https:\/\/dev2.prosono-hardwoods.com\/","logo":{"@type":"ImageObject","inLanguage":"es","@id":"https:\/\/dev2.prosono-hardwoods.com\/#\/schema\/logo\/image\/","url":"https:\/\/dev2.prosono-hardwoods.com\/wp-content\/uploads\/2020\/08\/prosono-logo@2x.png","contentUrl":"https:\/\/dev2.prosono-hardwoods.com\/wp-content\/uploads\/2020\/08\/prosono-logo@2x.png","width":404,"height":90,"caption":"Prosono Hardwoods International"},"image":{"@id":"https:\/\/dev2.prosono-hardwoods.com\/#\/schema\/logo\/image\/"}}]}},"_links":{"self":[{"href":"https:\/\/dev2.prosono-hardwoods.com\/es\/wp-json\/wp\/v2\/pages\/1712"}],"collection":[{"href":"https:\/\/dev2.prosono-hardwoods.com\/es\/wp-json\/wp\/v2\/pages"}],"about":[{"href":"https:\/\/dev2.prosono-hardwoods.com\/es\/wp-json\/wp\/v2\/types\/page"}],"author":[{"embeddable":true,"href":"https:\/\/dev2.prosono-hardwoods.com\/es\/wp-json\/wp\/v2\/users\/4"}],"replies":[{"embeddable":true,"href":"https:\/\/dev2.prosono-hardwoods.com\/es\/wp-json\/wp\/v2\/comments?post=1712"}],"version-history":[{"count":8,"href":"https:\/\/dev2.prosono-hardwoods.com\/es\/wp-json\/wp\/v2\/pages\/1712\/revisions"}],"predecessor-version":[{"id":23886,"href":"https:\/\/dev2.prosono-hardwoods.com\/es\/wp-json\/wp\/v2\/pages\/1712\/revisions\/23886"}],"wp:attachment":[{"href":"https:\/\/dev2.prosono-hardwoods.com\/es\/wp-json\/wp\/v2\/media?parent=1712"}],"curies":[{"name":"wp","href":"https:\/\/api.w.org\/{rel}","templated":true}]}}