{"id":1714,"date":"2017-06-11T22:24:28","date_gmt":"2017-06-11T20:24:28","guid":{"rendered":"https:\/\/dev2.prosono-hardwoods.com\/parquet-noble\/"},"modified":"2024-01-16T15:23:53","modified_gmt":"2024-01-16T14:23:53","slug":"parquet-noble","status":"publish","type":"page","link":"https:\/\/dev2.prosono-hardwoods.com\/es\/parquet-noble\/","title":{"rendered":"Parquet Noble"},"content":{"rendered":"<section class=\"wpb-content-wrapper\"><p>[vc_row][vc_column width=\u00bb1\/2&#8243;][vc_gallery interval=\u00bb3&#8243; images=\u00bb3977,3869,3941,3929,3932,3935,3914,3911,3974,3962,3902,3839,3872,3980,3866&#8243; img_size=\u00bb580&#215;380&#8243; onclick=\u00bb\u00bb][\/vc_column][vc_column width=\u00bb1\/2&#8243;][vc_column_text]The only know ebony floor still existing to-day can be admired in the Banqueting Hall<br \/>\nof the Castle of Henri VIII, in Leeds\/England \u2013 or might it be our<a href=\"https:\/\/dev2.prosono-hardwoods.com\/exotic-wood-floor\/\"> parquet flooring in your house<\/a>.<\/p>\n<p>We are proud to offer <strong>exotic solid wood floor<\/strong> crafted from the finest and most revered African exotic wood<strong>s <\/strong>the world over!<\/p>\n<p>ParquetNoble\u00ae based in Johannesburg South Africa, searches, selects and processes the most precious timber species, namely Ebony, Mopane, Red ivory and Sandalwood.<\/p>\n<p>Our initial focus was to serve the manufacturers of musical instruments world-wide. Since then, we have extended our activities to the production of <strong>wood parquet floor made of the same exotic woods<\/strong>. They are hand-made hardwood floors.<\/p>\n<p>For those living close by, our show-house is located in Fourways, North of Johannesburg. Visitation by appointment (082) 652.07.47.[\/vc_column_text][\/vc_column][\/vc_row]<\/p>\n<\/section>","protected":false},"excerpt":{"rendered":"<p>[vc_row][vc_column width=\u00bb1\/2&#8243;][vc_gallery interval=\u00bb3&#8243; images=\u00bb3977,3869,3941,3929,3932,3935,3914,3911,3974,3962,3902,3839,3872,3980,3866&#8243; img_size=\u00bb580&#215;380&#8243; onclick=\u00bb\u00bb][\/vc_column][vc_column width=\u00bb1\/2&#8243;][vc_column_text]The only know ebony floor still existing to-day can be admired in the Banqueting Hall of the Castle of Henri<span class=\"excerpt-hellip\"> [\u2026]<\/span><\/p>\n","protected":false},"author":4,"featured_media":0,"parent":0,"menu_order":0,"comment_status":"closed","ping_status":"closed","template":"","meta":{"_themeisle_gutenberg_block_has_review":false,"footnotes":""},"yoast_head":"<!-- This site is optimized with the Yoast SEO plugin v21.5 - https:\/\/yoast.com\/wordpress\/plugins\/seo\/ -->\n<title>Parquet Noble - Prosono international<\/title>\n<meta name=\"description\" content=\"Estamos orgullosos de ofrecer parquet hechos a mano con maderas \u00fanicas, \u00e9bano, mopani, marfil rosa. Para saber m\u00e1s.\" \/>\n<meta name=\"robots\" content=\"noindex, follow, max-snippet:-1, max-image-preview:large, max-video-preview:-1\" \/>\n<meta property=\"og:locale\" content=\"es_ES\" \/>\n<meta property=\"og:type\" content=\"article\" \/>\n<meta property=\"og:title\" content=\"Parquet Noble - Prosono international\" \/>\n<meta property=\"og:description\" content=\"Estamos orgullosos de ofrecer parquet hechos a mano con maderas \u00fanicas, \u00e9bano, mopani, marfil rosa. Para saber m\u00e1s.\" \/>\n<meta property=\"og:url\" content=\"https:\/\/dev2.prosono-hardwoods.com\/parquet-noble\/\" \/>\n<meta property=\"og:site_name\" content=\"Prosono international\" \/>\n<meta property=\"article:modified_time\" content=\"2024-01-16T14:23:53+00:00\" \/>\n<meta name=\"twitter:card\" content=\"summary_large_image\" \/>\n<meta name=\"twitter:label1\" content=\"Tiempo de lectura\" \/>\n\t<meta name=\"twitter:data1\" content=\"1 minuto\" \/>\n<script type=\"application\/ld+json\" class=\"yoast-schema-graph\">{\"@context\":\"https:\/\/schema.org\",\"@graph\":[{\"@type\":\"WebPage\",\"@id\":\"https:\/\/dev2.prosono-hardwoods.com\/parquet-noble\/\",\"url\":\"https:\/\/dev2.prosono-hardwoods.com\/parquet-noble\/\",\"name\":\"Parquet Noble - Prosono international\",\"isPartOf\":{\"@id\":\"https:\/\/dev2.prosono-hardwoods.com\/#website\"},\"datePublished\":\"2017-06-11T20:24:28+00:00\",\"dateModified\":\"2024-01-16T14:23:53+00:00\",\"description\":\"Estamos orgullosos de ofrecer parquet hechos a mano con maderas \u00fanicas, \u00e9bano, mopani, marfil rosa. Para saber m\u00e1s.\",\"breadcrumb\":{\"@id\":\"https:\/\/dev2.prosono-hardwoods.com\/parquet-noble\/#breadcrumb\"},\"inLanguage\":\"es\",\"potentialAction\":[{\"@type\":\"ReadAction\",\"target\":[\"https:\/\/dev2.prosono-hardwoods.com\/parquet-noble\/\"]}]},{\"@type\":\"BreadcrumbList\",\"@id\":\"https:\/\/dev2.prosono-hardwoods.com\/parquet-noble\/#breadcrumb\",\"itemListElement\":[{\"@type\":\"ListItem\",\"position\":1,\"name\":\"Accueil\",\"item\":\"https:\/\/dev2.prosono-hardwoods.com\/\"},{\"@type\":\"ListItem\",\"position\":2,\"name\":\"Parquet Noble\"}]},{\"@type\":\"WebSite\",\"@id\":\"https:\/\/dev2.prosono-hardwoods.com\/#website\",\"url\":\"https:\/\/dev2.prosono-hardwoods.com\/\",\"name\":\"Prosono international\",\"description\":\"\",\"publisher\":{\"@id\":\"https:\/\/dev2.prosono-hardwoods.com\/#organization\"},\"potentialAction\":[{\"@type\":\"SearchAction\",\"target\":{\"@type\":\"EntryPoint\",\"urlTemplate\":\"https:\/\/dev2.prosono-hardwoods.com\/?s={search_term_string}\"},\"query-input\":\"required name=search_term_string\"}],\"inLanguage\":\"es\"},{\"@type\":\"Organization\",\"@id\":\"https:\/\/dev2.prosono-hardwoods.com\/#organization\",\"name\":\"Prosono Hardwoods International\",\"url\":\"https:\/\/dev2.prosono-hardwoods.com\/\",\"logo\":{\"@type\":\"ImageObject\",\"inLanguage\":\"es\",\"@id\":\"https:\/\/dev2.prosono-hardwoods.com\/#\/schema\/logo\/image\/\",\"url\":\"https:\/\/dev2.prosono-hardwoods.com\/wp-content\/uploads\/2020\/08\/prosono-logo@2x.png\",\"contentUrl\":\"https:\/\/dev2.prosono-hardwoods.com\/wp-content\/uploads\/2020\/08\/prosono-logo@2x.png\",\"width\":404,\"height\":90,\"caption\":\"Prosono Hardwoods International\"},\"image\":{\"@id\":\"https:\/\/dev2.prosono-hardwoods.com\/#\/schema\/logo\/image\/\"}}]}<\/script>\n<!-- \/ Yoast SEO plugin. -->","yoast_head_json":{"title":"Parquet Noble - Prosono international","description":"Estamos orgullosos de ofrecer parquet hechos a mano con maderas \u00fanicas, \u00e9bano, mopani, marfil rosa. Para saber m\u00e1s.","robots":{"index":"noindex","follow":"follow","max-snippet":"max-snippet:-1","max-image-preview":"max-image-preview:large","max-video-preview":"max-video-preview:-1"},"og_locale":"es_ES","og_type":"article","og_title":"Parquet Noble - Prosono international","og_description":"Estamos orgullosos de ofrecer parquet hechos a mano con maderas \u00fanicas, \u00e9bano, mopani, marfil rosa. Para saber m\u00e1s.","og_url":"https:\/\/dev2.prosono-hardwoods.com\/parquet-noble\/","og_site_name":"Prosono international","article_modified_time":"2024-01-16T14:23:53+00:00","twitter_card":"summary_large_image","twitter_misc":{"Tiempo de lectura":"1 minuto"},"schema":{"@context":"https:\/\/schema.org","@graph":[{"@type":"WebPage","@id":"https:\/\/dev2.prosono-hardwoods.com\/parquet-noble\/","url":"https:\/\/dev2.prosono-hardwoods.com\/parquet-noble\/","name":"Parquet Noble - Prosono international","isPartOf":{"@id":"https:\/\/dev2.prosono-hardwoods.com\/#website"},"datePublished":"2017-06-11T20:24:28+00:00","dateModified":"2024-01-16T14:23:53+00:00","description":"Estamos orgullosos de ofrecer parquet hechos a mano con maderas \u00fanicas, \u00e9bano, mopani, marfil rosa. Para saber m\u00e1s.","breadcrumb":{"@id":"https:\/\/dev2.prosono-hardwoods.com\/parquet-noble\/#breadcrumb"},"inLanguage":"es","potentialAction":[{"@type":"ReadAction","target":["https:\/\/dev2.prosono-hardwoods.com\/parquet-noble\/"]}]},{"@type":"BreadcrumbList","@id":"https:\/\/dev2.prosono-hardwoods.com\/parquet-noble\/#breadcrumb","itemListElement":[{"@type":"ListItem","position":1,"name":"Accueil","item":"https:\/\/dev2.prosono-hardwoods.com\/"},{"@type":"ListItem","position":2,"name":"Parquet Noble"}]},{"@type":"WebSite","@id":"https:\/\/dev2.prosono-hardwoods.com\/#website","url":"https:\/\/dev2.prosono-hardwoods.com\/","name":"Prosono international","description":"","publisher":{"@id":"https:\/\/dev2.prosono-hardwoods.com\/#organization"},"potentialAction":[{"@type":"SearchAction","target":{"@type":"EntryPoint","urlTemplate":"https:\/\/dev2.prosono-hardwoods.com\/?s={search_term_string}"},"query-input":"required name=search_term_string"}],"inLanguage":"es"},{"@type":"Organization","@id":"https:\/\/dev2.prosono-hardwoods.com\/#organization","name":"Prosono Hardwoods International","url":"https:\/\/dev2.prosono-hardwoods.com\/","logo":{"@type":"ImageObject","inLanguage":"es","@id":"https:\/\/dev2.prosono-hardwoods.com\/#\/schema\/logo\/image\/","url":"https:\/\/dev2.prosono-hardwoods.com\/wp-content\/uploads\/2020\/08\/prosono-logo@2x.png","contentUrl":"https:\/\/dev2.prosono-hardwoods.com\/wp-content\/uploads\/2020\/08\/prosono-logo@2x.png","width":404,"height":90,"caption":"Prosono Hardwoods International"},"image":{"@id":"https:\/\/dev2.prosono-hardwoods.com\/#\/schema\/logo\/image\/"}}]}},"_links":{"self":[{"href":"https:\/\/dev2.prosono-hardwoods.com\/es\/wp-json\/wp\/v2\/pages\/1714"}],"collection":[{"href":"https:\/\/dev2.prosono-hardwoods.com\/es\/wp-json\/wp\/v2\/pages"}],"about":[{"href":"https:\/\/dev2.prosono-hardwoods.com\/es\/wp-json\/wp\/v2\/types\/page"}],"author":[{"embeddable":true,"href":"https:\/\/dev2.prosono-hardwoods.com\/es\/wp-json\/wp\/v2\/users\/4"}],"replies":[{"embeddable":true,"href":"https:\/\/dev2.prosono-hardwoods.com\/es\/wp-json\/wp\/v2\/comments?post=1714"}],"version-history":[{"count":5,"href":"https:\/\/dev2.prosono-hardwoods.com\/es\/wp-json\/wp\/v2\/pages\/1714\/revisions"}],"predecessor-version":[{"id":23955,"href":"https:\/\/dev2.prosono-hardwoods.com\/es\/wp-json\/wp\/v2\/pages\/1714\/revisions\/23955"}],"wp:attachment":[{"href":"https:\/\/dev2.prosono-hardwoods.com\/es\/wp-json\/wp\/v2\/media?parent=1714"}],"curies":[{"name":"wp","href":"https:\/\/api.w.org\/{rel}","templated":true}]}}