{"id":1720,"date":"2017-06-11T23:37:53","date_gmt":"2017-06-11T21:37:53","guid":{"rendered":"https:\/\/dev2.prosono-hardwoods.com\/exotic-wood-flooring\/"},"modified":"2024-01-12T16:00:32","modified_gmt":"2024-01-12T15:00:32","slug":"decoradores-del-interior","status":"publish","type":"page","link":"https:\/\/dev2.prosono-hardwoods.com\/es\/decoradores-del-interior\/","title":{"rendered":"Pisos exoticos"},"content":{"rendered":"<section class=\"wpb-content-wrapper\"><p>[vc_row][vc_column][vc_column_text]<strong>PISOS EX\u00d3TICOS<\/strong><\/p>\n<ul>\n<li><strong>PRESENTACI\u00d3N FASCINANTE<\/strong><\/li>\n<li><strong>HERMOSOS DISE\u00d1OS<\/strong><\/li>\n<li><strong>LA M\u00c1S ALTA FUNCIONALIDAD<\/strong><\/li>\n<\/ul>\n<p>Nuestro producto l\u00edder es el \u00e9bano de los faraones que ofrecemos con 25% a 100% de albura o sin albura, como se muestra a continuaci\u00f3n.[\/vc_column_text][vc_row_inner][vc_column_inner width=\u00bb1\/2&#8243;][vc_single_image image=\u00bb3929&#8243; img_size=\u00bb580&#215;380&#8243; alignment=\u00bbcenter\u00bb css=\u00bb.vc_custom_1497215722665{margin-bottom: 0px !important;padding-bottom: 0px !important;}\u00bb][vc_column_text]<\/p>\n<p style=\"text-align: center;\"><em>Suelo de \u00e9bano con albura 100% &#8211; Un espacioso comedor<\/em><\/p>\n<p>[\/vc_column_text][\/vc_column_inner][vc_column_inner width=\u00bb1\/2&#8243;][vc_single_image image=\u00bb4473&#8243; img_size=\u00bb580&#215;380&#8243; alignment=\u00bbcenter\u00bb css=\u00bb.vc_custom_1545899576134{margin-bottom: 0px !important;padding-bottom: 0px !important;}\u00bb][vc_column_text]<\/p>\n<p style=\"text-align: center;\">Ebano con 60% albura \u2013 sala de estar<\/p>\n<p>[\/vc_column_text][\/vc_column_inner][\/vc_row_inner][vc_row_inner][vc_column_inner width=\u00bb1\/2&#8243;][vc_single_image image=\u00bb3803&#8243; img_size=\u00bb580&#215;380&#8243; alignment=\u00bbcenter\u00bb css=\u00bb.vc_custom_1497215735849{margin-bottom: 0px !important;padding-bottom: 0px !important;}\u00bb][vc_column_text]<\/p>\n<p style=\"text-align: center;\"><em>\u00c9bano con 75% de albura &#8211; Una recepci\u00f3n<\/em><\/p>\n<p>[\/vc_column_text][\/vc_column_inner][vc_column_inner width=\u00bb1\/2&#8243;][vc_single_image image=\u00bb3809&#8243; img_size=\u00bb580&#215;380&#8243; alignment=\u00bbcenter\u00bb css=\u00bb.vc_custom_1497215740954{margin-bottom: 0px !important;padding-bottom: 0px !important;}\u00bb][vc_column_text]<\/p>\n<p style=\"text-align: center;\"><em>\u00c9bano sin albura. Acabado brillante. \u2013 Dormitorio<\/em><\/p>\n<p>[\/vc_column_text][\/vc_column_inner][\/vc_row_inner][vc_row_inner][vc_column_inner width=\u00bb1\/2&#8243;][vc_single_image image=\u00bb3818&#8243; img_size=\u00bb580&#215;380&#8243; alignment=\u00bbcenter\u00bb css=\u00bb.vc_custom_1497215849656{margin-bottom: 0px !important;padding-bottom: 0px !important;}\u00bb][vc_column_text]<\/p>\n<p style=\"text-align: center;\"><em>Contraste de \u00e9bano con &#8211; 25% y 75% de albura<\/em><\/p>\n<p>[\/vc_column_text][\/vc_column_inner][vc_column_inner width=\u00bb1\/2&#8243;][vc_single_image image=\u00bb3824&#8243; img_size=\u00bb580&#215;380&#8243; alignment=\u00bbcenter\u00bb css=\u00bb.vc_custom_1497215876382{margin-bottom: 0px !important;padding-bottom: 0px !important;}\u00bb][vc_column_text]<\/p>\n<p style=\"text-align: center;\"><em>\u00c9bano sin albura. Acabado brillante. &#8211; Tocador<\/em><\/p>\n<p>[\/vc_column_text][\/vc_column_inner][\/vc_row_inner][vc_row_inner][vc_column_inner width=\u00bb1\/2&#8243;][vc_single_image image=\u00bb3845&#8243; img_size=\u00bb580&#215;380&#8243; alignment=\u00bbcenter\u00bb css=\u00bb.vc_custom_1497215942203{margin-bottom: 0px !important;padding-bottom: 0px !important;}\u00bb][vc_column_text]<\/p>\n<p style=\"text-align: center;\"><em>Haddon Hall motivo de \u00e9bano y mopani. Vestidor<\/em><\/p>\n<p>[\/vc_column_text][\/vc_column_inner][vc_column_inner width=\u00bb1\/2&#8243;][vc_single_image image=\u00bb3788&#8243; img_size=\u00bb580&#215;380&#8243; alignment=\u00bbcenter\u00bb css=\u00bb.vc_custom_1497215975362{margin-bottom: 0px !important;padding-bottom: 0px !important;}\u00bb][vc_column_text]<\/p>\n<p style=\"text-align: center;\"><em>\u00c9bano sin albura. Acabado brillante. -C\u00f3moda y pasillo<\/em><\/p>\n<p>[\/vc_column_text][\/vc_column_inner][\/vc_row_inner][vc_row_inner][vc_column_inner width=\u00bb1\/2&#8243;][vc_column_text]Si nosotros no vendi\u00e9semos cantidades importantes de partes de calidad para instrumentos musicales, no nos ser\u00eda posible la fabricaci\u00f3n de pisos con las mismas maderas preciosas. En nuestro c\u00e1lculo de costo, la madera nos sale gratis.\u00a0\u00a0 De hecho, el costo de la madera lo acarrean los instrumentos musicales.<\/p>\n<p>Nuestras maderas seleccionadas y nuestros pisos tienen un aspecto extraordinario, son de muy larga duraci\u00f3n y de un valor irrefutable, cuando se compara con su costo. Nuestros pisos, sin duda, incrementan el valor de vuestro lujoso hogar.<\/p>\n<p>Nuestros pisos ex\u00f3ticos incluyen cuatro especies. La disponibilidad del marfil rojo y mopani es limitada, son maderas utilizadas principalmente para realizar dibujos de pisos elegantes.[\/vc_column_text][\/vc_column_inner][vc_column_inner width=\u00bb1\/2&#8243;][vc_single_image image=\u00bb3974&#8243; img_size=\u00bb580&#215;380&#8243; alignment=\u00bbcenter\u00bb css=\u00bb.vc_custom_1497216094930{margin-bottom: 0px !important;padding-bottom: 0px !important;}\u00bb][vc_column_text]<\/p>\n<p style=\"text-align: center;\"><em>(Piso de dise\u00f1o &#8211; \u00e9bano y mopani &#8211; Sala de m\u00fasica)<\/em><\/p>\n<p>[\/vc_column_text][\/vc_column_inner][\/vc_row_inner][vc_column_text]Otras maderas:[\/vc_column_text][vc_row_inner][vc_column_inner width=\u00bb1\/4&#8243;][vc_single_image image=\u00bb3980&#8243; img_size=\u00bbmedium\u00bb alignment=\u00bbcenter\u00bb css=\u00bb.vc_custom_1497216363370{margin-bottom: 0px !important;padding-bottom: 0px !important;}\u00bb][vc_column_text css=\u00bb.vc_custom_1511128994307{margin-top: 0px !important;padding-top: 0px !important;}\u00bb]<\/p>\n<p style=\"text-align: center;\"><em>Cocobolo africano. Se utiliza para crear un ambiente r\u00fastico.<\/em><\/p>\n<p>[\/vc_column_text][\/vc_column_inner][vc_column_inner width=\u00bb1\/4&#8243;][vc_single_image image=\u00bb3983&#8243; img_size=\u00bbmedium\u00bb alignment=\u00bbcenter\u00bb css=\u00bb.vc_custom_1497216367355{margin-bottom: 0px !important;padding-bottom: 0px !important;}\u00bb][vc_column_text]<\/p>\n<p style=\"text-align: center;\"><em>Ambiente rustico con y sin albura<\/em><\/p>\n<p>[\/vc_column_text][\/vc_column_inner][vc_column_inner width=\u00bb1\/4&#8243;][vc_single_image image=\u00bb3959&#8243; img_size=\u00bb280&#215;210&#8243; alignment=\u00bbcenter\u00bb css=\u00bb.vc_custom_1497216543728{margin-bottom: 0px !important;padding-bottom: 0px !important;}\u00bb][vc_column_text]<\/p>\n<p style=\"text-align: center;\"><em>Piso de mopani observe el color original cuando fue instalado.<\/em><\/p>\n<p>[\/vc_column_text][\/vc_column_inner][vc_column_inner width=\u00bb1\/4&#8243;][vc_single_image image=\u00bb3872&#8243; img_size=\u00bb280&#215;210&#8243; alignment=\u00bbcenter\u00bb css=\u00bb.vc_custom_1497216548858{margin-bottom: 0px !important;padding-bottom: 0px !important;}\u00bb][vc_column_text]<\/p>\n<p style=\"text-align: center;\"><em>El mismo piso despu\u00e9s de diez a\u00f1os, de color rojo oscuro.\u00a0\u00a0<\/em><\/p>\n<p>[\/vc_column_text][\/vc_column_inner][\/vc_row_inner][\/vc_column][\/vc_row][vc_row][vc_column][vc_column_text]Exotic woods and design motives[\/vc_column_text][vc_row_inner][vc_column_inner width=\u00bb1\/2&#8243;][vc_single_image image=\u00bb3848&#8243; img_size=\u00bbfull\u00bb][\/vc_column_inner][vc_column_inner width=\u00bb1\/2&#8243;][vc_single_image image=\u00bb4043&#8243; img_size=\u00bbfull\u00bb][\/vc_column_inner][\/vc_row_inner][vc_column_text]<strong>Tres maderas y trece dise\u00f1os est\u00e1ndares<\/strong><\/p>\n<p><strong><u>Especificaciones: <\/u><\/strong><\/p>\n<table border=\"0\" width=\"100%\" cellspacing=\"1\" cellpadding=\"2\" align=\"center\">\n<tbody>\n<tr style=\"background-color: #dcdad2;\">\n<td style=\"text-align: left;\">Nombre del producto<\/td>\n<td>Colores y Presentaci\u00f3n<\/td>\n<\/tr>\n<tr>\n<td style=\"text-align: left;\" width=\"318\">1.\u00a0\u00a0\u00a0\u00a0 Mopani<\/td>\n<td width=\"481\">Rojo oscuro<\/td>\n<\/tr>\n<tr>\n<td style=\"text-align: left;\" width=\"318\">2.\u00a0\u00a0\u00a0\u00a0 \u00c9bano<\/td>\n<td width=\"481\">Caf\u00e9 oscuro, vetas negras, aspecto negro<\/td>\n<\/tr>\n<tr>\n<td style=\"text-align: left;\" width=\"318\">3.\u00a0\u00a0\u00a0\u00a0 Marfil rojo<\/td>\n<td width=\"481\">Rojo oscuro hasta rojo, por lo que es famoso<\/td>\n<\/tr>\n<tr>\n<td style=\"text-align: left;\" width=\"318\">4.\u00a0\u00a0\u00a0\u00a0 Mopani con albura<\/td>\n<td width=\"481\">Rojo oscuro con albura rosada<\/td>\n<\/tr>\n<tr>\n<td style=\"text-align: left;\" width=\"318\">5.\u00a0\u00a0\u00a0\u00a0 \u00c9bano con albura<\/td>\n<td width=\"481\">Caf\u00e9 oscuro con albura amarilla<\/td>\n<\/tr>\n<tr>\n<td style=\"text-align: left;\" width=\"318\">6.\u00a0\u00a0\u00a0\u00a0 Dise\u00f1o ajedrez mopani y \u00e9bano<\/td>\n<td width=\"481\">Colores alternados del mopani y del \u00e9bano<\/td>\n<\/tr>\n<tr>\n<td style=\"text-align: left;\" width=\"318\">7.\u00a0\u00a0\u00a0\u00a0 Dise\u00f1o Haddon Hall \u2013 \u00e9bano, mopani, \u00e9bano<\/td>\n<td width=\"481\">Colores alternados en zigzag<\/td>\n<\/tr>\n<tr>\n<td style=\"text-align: left;\" width=\"318\">8.\u00a0\u00a0\u00a0\u00a0 Dise\u00f1o Haddon Hall \u2013 mopani, \u00e9bano,<\/td>\n<td width=\"481\">Colores alternados en zigzag<\/td>\n<\/tr>\n<tr>\n<td style=\"text-align: left;\" width=\"318\">9.\u00a0\u00a0\u00a0\u00a0 Marco de \u00e9bano y centro de mopani<\/td>\n<td width=\"481\">Marco caf\u00e9 oscuro, centro rojo oscuro<\/td>\n<\/tr>\n<tr>\n<td style=\"text-align: left;\" width=\"318\">10.\u00a0 Marco de mopani y centro de \u00e9bano<\/td>\n<td width=\"481\">Marco rojo oscuro, centro caf\u00e9 oscuro<\/td>\n<\/tr>\n<tr>\n<td style=\"text-align: left;\" width=\"318\">11.\u00a0 Cocobolo africano<\/td>\n<td width=\"481\">Caf\u00e9 con vetas bien marcadas, ambiente rustico<\/td>\n<\/tr>\n<tr>\n<td style=\"text-align: left;\" width=\"318\">12.\u00a0 Cocobolo africano con albura<\/td>\n<td width=\"481\">Caf\u00e9 con albura amarilla bien marcada, ambiente rustico<\/td>\n<\/tr>\n<tr>\n<td style=\"text-align: left;\" width=\"318\">13.\u00a0 Espinas de pez<\/td>\n<td width=\"481\">Disponible solamente para espacios grandes:<\/p>\n<p>Colores alternados en diagonal<\/td>\n<\/tr>\n<\/tbody>\n<\/table>\n<p>Las tablillas de parquet est\u00e1n formadas por dedos perfectamente lisos y cuidadosamente ensamblados a mano. Para facilitar su instalaci\u00f3n un papel adhesivo de la 3M \u00ae est\u00e1 adherido sobre las tablillas. Cuando la cola esta seca se quita el papel. De este modo garantizamos un contacto directo de la cola y de la madera y un pegamento \u00f3ptimo.<\/p>\n<p>Nuestros pisos s\u00f3lidos de madera estan hechos de madera dura de 8mm [5\/16\u201d] de espesor, secados con un contenido de humedad de 6-9%. Ofrecemos combinaciones de 25 y 30 dedos, en tablillas de 360 x 360 mm, 300 x 300 mm, 280 x 280 mm, y de 250 x 250 mm, para una instalaci\u00f3n f\u00e1cil. El tama\u00f1o de la pieza depende del motivo elegido.<\/p>\n<p><strong>No dude en contactarnos, para su propio dise\u00f1o, o emblema.<\/strong><\/p>\n<p>Los pisos hechos con estas maderas tienen muy alta resistencia a la abrasi\u00f3n, duran toda una vida, a\u00fan en \u00e1reas con mucho tr\u00e1fico. Es m\u00e1s, debido a su dureza nuestros pisos de 8 mm de espesor pueden ser pulidos muchas veces.<\/p>\n<p>Para aquellos que viven cerca, nuestra sala de exhibiciones est\u00e1 ubicada en Fourways, al Norte de Johannesburgo. Nuestros n\u00fameros en la oficina (011) 516.02.52. y el m\u00f3vil (082) 652.07.47.<\/p>\n<p>Hemos exportado nuestros pisos de madera a siete pa\u00edses, los EE.UU., Panam\u00e1 y M\u00e9xico en Am\u00e9rica Latina, B\u00e9lgica, Alemania, Suiza y Rusia, y dem\u00e1s tenemos varios clientes en Sud\u00e1frica. P\u00eddanos referencias<strong>.<\/strong>[\/vc_column_text][\/vc_column][\/vc_row][vc_row][vc_column][vc_separator][\/vc_column][\/vc_row][vc_row][vc_column width=\u00bb1\/4&#8243;][\/vc_column][vc_column width=\u00bb1\/2&#8243;][vc_column_text]<strong>Para mas informaci\u00f3n contactenos<\/strong>[\/vc_column_text]\n<div class=\"wpcf7 no-js\" id=\"wpcf7-f1700-o1\" lang=\"en-US\" dir=\"ltr\">\n<div class=\"screen-reader-response\"><p role=\"status\" aria-live=\"polite\" aria-atomic=\"true\"><\/p> <ul><\/ul><\/div>\n<form action=\"\/es\/wp-json\/wp\/v2\/pages\/1720#wpcf7-f1700-o1\" method=\"post\" class=\"wpcf7-form init\" aria-label=\"Contact form\" novalidate=\"novalidate\" data-status=\"init\">\n<div style=\"display: none;\">\n<input type=\"hidden\" name=\"_wpcf7\" value=\"1700\" \/>\n<input type=\"hidden\" name=\"_wpcf7_version\" value=\"5.8.3\" \/>\n<input type=\"hidden\" name=\"_wpcf7_locale\" value=\"en_US\" \/>\n<input type=\"hidden\" name=\"_wpcf7_unit_tag\" value=\"wpcf7-f1700-o1\" \/>\n<input type=\"hidden\" name=\"_wpcf7_container_post\" value=\"0\" \/>\n<input type=\"hidden\" name=\"_wpcf7_posted_data_hash\" value=\"\" \/>\n<\/div>\n<div class=\"column one-second\">\n\t<p><span class=\"wpcf7-form-control-wrap\" data-name=\"your-name\"><input size=\"40\" class=\"wpcf7-form-control wpcf7-text wpcf7-validates-as-required\" aria-required=\"true\" aria-invalid=\"false\" placeholder=\"Tu nombre:\" value=\"\" type=\"text\" name=\"your-name\" \/><\/span>\n\t<\/p>\n<\/div>\n<div class=\"column one-second\">\n\t<p><span class=\"wpcf7-form-control-wrap\" data-name=\"your-email\"><input size=\"40\" class=\"wpcf7-form-control wpcf7-email wpcf7-validates-as-required wpcf7-text wpcf7-validates-as-email\" aria-required=\"true\" aria-invalid=\"false\" placeholder=\"Tu correo electr\u00f3nico:\" value=\"\" type=\"email\" name=\"your-email\" \/><\/span>\n\t<\/p>\n<\/div>\n<div class=\"column one\">\n\t<p><span class=\"wpcf7-form-control-wrap\" data-name=\"your-subject\"><input size=\"40\" class=\"wpcf7-form-control wpcf7-text\" aria-invalid=\"false\" placeholder=\"El tema:\" value=\"\" type=\"text\" name=\"your-subject\" \/><\/span>\n\t<\/p>\n<\/div>\n<div class=\"column one\">\n\t<p><span class=\"wpcf7-form-control-wrap\" data-name=\"your-message\"><textarea cols=\"40\" rows=\"6\" class=\"wpcf7-form-control wpcf7-textarea\" aria-invalid=\"false\" placeholder=\"Tu asunto:\" name=\"your-message\"><\/textarea><\/span>\n\t<\/p>\n<\/div>\n<div class=\"column one\">\n\t<p><input class=\"wpcf7-form-control wpcf7-submit has-spinner\" type=\"submit\" value=\"MANDAR\" \/>\n\t<\/p>\n<\/div><p style=\"display: none !important;\"><label>&#916;<textarea name=\"_wpcf7_ak_hp_textarea\" cols=\"45\" rows=\"8\" maxlength=\"100\"><\/textarea><\/label><input type=\"hidden\" id=\"ak_js_1\" name=\"_wpcf7_ak_js\" value=\"42\"\/><script>document.getElementById( \"ak_js_1\" ).setAttribute( \"value\", ( new Date() ).getTime() );<\/script><\/p><div class=\"wpcf7-response-output\" aria-hidden=\"true\"><\/div>\n<\/form>\n<\/div>\n[\/vc_column][vc_column width=\u00bb1\/4&#8243;][\/vc_column][\/vc_row]<\/p>\n<\/section>","protected":false},"excerpt":{"rendered":"<p>[vc_row][vc_column][vc_column_text]PISOS EX\u00d3TICOS PRESENTACI\u00d3N FASCINANTE HERMOSOS DISE\u00d1OS LA M\u00c1S ALTA FUNCIONALIDAD Nuestro producto l\u00edder es el \u00e9bano de los faraones que ofrecemos con 25% a 100% de<span class=\"excerpt-hellip\"> [\u2026]<\/span><\/p>\n","protected":false},"author":4,"featured_media":0,"parent":0,"menu_order":0,"comment_status":"closed","ping_status":"closed","template":"","meta":{"_themeisle_gutenberg_block_has_review":false,"footnotes":""},"yoast_head":"<!-- This site is optimized with the Yoast SEO plugin v21.5 - https:\/\/yoast.com\/wordpress\/plugins\/seo\/ -->\n<title>Pisos de madera ex\u00f3tica en venta - Prosono international<\/title>\n<meta name=\"description\" content=\"Estamos orgullosos de ofrecer parquet, de madera maciza, hechos a mano con maderas \u00fanicas, \u00e9bano, mopani, marfil rosa. Para saber m\u00e1s.\" \/>\n<meta name=\"robots\" content=\"noindex, follow, max-snippet:-1, max-image-preview:large, max-video-preview:-1\" \/>\n<meta property=\"og:locale\" content=\"es_ES\" \/>\n<meta property=\"og:type\" content=\"article\" \/>\n<meta property=\"og:title\" content=\"Pisos de madera ex\u00f3tica en venta - Prosono international\" \/>\n<meta property=\"og:description\" content=\"Estamos orgullosos de ofrecer parquet, de madera maciza, hechos a mano con maderas \u00fanicas, \u00e9bano, mopani, marfil rosa. Para saber m\u00e1s.\" \/>\n<meta property=\"og:url\" content=\"https:\/\/dev2.prosono-hardwoods.com\/es\/decoradores-del-interior\/\" \/>\n<meta property=\"og:site_name\" content=\"Prosono international\" \/>\n<meta property=\"article:modified_time\" content=\"2024-01-12T15:00:32+00:00\" \/>\n<meta name=\"twitter:card\" content=\"summary_large_image\" \/>\n<meta name=\"twitter:label1\" content=\"Tiempo de lectura\" \/>\n\t<meta name=\"twitter:data1\" content=\"4 minutos\" \/>\n<script type=\"application\/ld+json\" class=\"yoast-schema-graph\">{\"@context\":\"https:\/\/schema.org\",\"@graph\":[{\"@type\":\"WebPage\",\"@id\":\"https:\/\/dev2.prosono-hardwoods.com\/es\/decoradores-del-interior\/\",\"url\":\"https:\/\/dev2.prosono-hardwoods.com\/es\/decoradores-del-interior\/\",\"name\":\"Pisos de madera ex\u00f3tica en venta - Prosono international\",\"isPartOf\":{\"@id\":\"https:\/\/dev2.prosono-hardwoods.com\/#website\"},\"datePublished\":\"2017-06-11T21:37:53+00:00\",\"dateModified\":\"2024-01-12T15:00:32+00:00\",\"description\":\"Estamos orgullosos de ofrecer parquet, de madera maciza, hechos a mano con maderas \u00fanicas, \u00e9bano, mopani, marfil rosa. Para saber m\u00e1s.\",\"breadcrumb\":{\"@id\":\"https:\/\/dev2.prosono-hardwoods.com\/es\/decoradores-del-interior\/#breadcrumb\"},\"inLanguage\":\"es\",\"potentialAction\":[{\"@type\":\"ReadAction\",\"target\":[\"https:\/\/dev2.prosono-hardwoods.com\/es\/decoradores-del-interior\/\"]}]},{\"@type\":\"BreadcrumbList\",\"@id\":\"https:\/\/dev2.prosono-hardwoods.com\/es\/decoradores-del-interior\/#breadcrumb\",\"itemListElement\":[{\"@type\":\"ListItem\",\"position\":1,\"name\":\"Accueil\",\"item\":\"https:\/\/dev2.prosono-hardwoods.com\/\"},{\"@type\":\"ListItem\",\"position\":2,\"name\":\"Pisos exoticos\"}]},{\"@type\":\"WebSite\",\"@id\":\"https:\/\/dev2.prosono-hardwoods.com\/#website\",\"url\":\"https:\/\/dev2.prosono-hardwoods.com\/\",\"name\":\"Prosono international\",\"description\":\"\",\"publisher\":{\"@id\":\"https:\/\/dev2.prosono-hardwoods.com\/#organization\"},\"potentialAction\":[{\"@type\":\"SearchAction\",\"target\":{\"@type\":\"EntryPoint\",\"urlTemplate\":\"https:\/\/dev2.prosono-hardwoods.com\/?s={search_term_string}\"},\"query-input\":\"required name=search_term_string\"}],\"inLanguage\":\"es\"},{\"@type\":\"Organization\",\"@id\":\"https:\/\/dev2.prosono-hardwoods.com\/#organization\",\"name\":\"Prosono Hardwoods International\",\"url\":\"https:\/\/dev2.prosono-hardwoods.com\/\",\"logo\":{\"@type\":\"ImageObject\",\"inLanguage\":\"es\",\"@id\":\"https:\/\/dev2.prosono-hardwoods.com\/#\/schema\/logo\/image\/\",\"url\":\"https:\/\/dev2.prosono-hardwoods.com\/wp-content\/uploads\/2020\/08\/prosono-logo@2x.png\",\"contentUrl\":\"https:\/\/dev2.prosono-hardwoods.com\/wp-content\/uploads\/2020\/08\/prosono-logo@2x.png\",\"width\":404,\"height\":90,\"caption\":\"Prosono Hardwoods International\"},\"image\":{\"@id\":\"https:\/\/dev2.prosono-hardwoods.com\/#\/schema\/logo\/image\/\"}}]}<\/script>\n<!-- \/ Yoast SEO plugin. -->","yoast_head_json":{"title":"Pisos de madera ex\u00f3tica en venta - Prosono international","description":"Estamos orgullosos de ofrecer parquet, de madera maciza, hechos a mano con maderas \u00fanicas, \u00e9bano, mopani, marfil rosa. Para saber m\u00e1s.","robots":{"index":"noindex","follow":"follow","max-snippet":"max-snippet:-1","max-image-preview":"max-image-preview:large","max-video-preview":"max-video-preview:-1"},"og_locale":"es_ES","og_type":"article","og_title":"Pisos de madera ex\u00f3tica en venta - Prosono international","og_description":"Estamos orgullosos de ofrecer parquet, de madera maciza, hechos a mano con maderas \u00fanicas, \u00e9bano, mopani, marfil rosa. Para saber m\u00e1s.","og_url":"https:\/\/dev2.prosono-hardwoods.com\/es\/decoradores-del-interior\/","og_site_name":"Prosono international","article_modified_time":"2024-01-12T15:00:32+00:00","twitter_card":"summary_large_image","twitter_misc":{"Tiempo de lectura":"4 minutos"},"schema":{"@context":"https:\/\/schema.org","@graph":[{"@type":"WebPage","@id":"https:\/\/dev2.prosono-hardwoods.com\/es\/decoradores-del-interior\/","url":"https:\/\/dev2.prosono-hardwoods.com\/es\/decoradores-del-interior\/","name":"Pisos de madera ex\u00f3tica en venta - Prosono international","isPartOf":{"@id":"https:\/\/dev2.prosono-hardwoods.com\/#website"},"datePublished":"2017-06-11T21:37:53+00:00","dateModified":"2024-01-12T15:00:32+00:00","description":"Estamos orgullosos de ofrecer parquet, de madera maciza, hechos a mano con maderas \u00fanicas, \u00e9bano, mopani, marfil rosa. Para saber m\u00e1s.","breadcrumb":{"@id":"https:\/\/dev2.prosono-hardwoods.com\/es\/decoradores-del-interior\/#breadcrumb"},"inLanguage":"es","potentialAction":[{"@type":"ReadAction","target":["https:\/\/dev2.prosono-hardwoods.com\/es\/decoradores-del-interior\/"]}]},{"@type":"BreadcrumbList","@id":"https:\/\/dev2.prosono-hardwoods.com\/es\/decoradores-del-interior\/#breadcrumb","itemListElement":[{"@type":"ListItem","position":1,"name":"Accueil","item":"https:\/\/dev2.prosono-hardwoods.com\/"},{"@type":"ListItem","position":2,"name":"Pisos exoticos"}]},{"@type":"WebSite","@id":"https:\/\/dev2.prosono-hardwoods.com\/#website","url":"https:\/\/dev2.prosono-hardwoods.com\/","name":"Prosono international","description":"","publisher":{"@id":"https:\/\/dev2.prosono-hardwoods.com\/#organization"},"potentialAction":[{"@type":"SearchAction","target":{"@type":"EntryPoint","urlTemplate":"https:\/\/dev2.prosono-hardwoods.com\/?s={search_term_string}"},"query-input":"required name=search_term_string"}],"inLanguage":"es"},{"@type":"Organization","@id":"https:\/\/dev2.prosono-hardwoods.com\/#organization","name":"Prosono Hardwoods International","url":"https:\/\/dev2.prosono-hardwoods.com\/","logo":{"@type":"ImageObject","inLanguage":"es","@id":"https:\/\/dev2.prosono-hardwoods.com\/#\/schema\/logo\/image\/","url":"https:\/\/dev2.prosono-hardwoods.com\/wp-content\/uploads\/2020\/08\/prosono-logo@2x.png","contentUrl":"https:\/\/dev2.prosono-hardwoods.com\/wp-content\/uploads\/2020\/08\/prosono-logo@2x.png","width":404,"height":90,"caption":"Prosono Hardwoods International"},"image":{"@id":"https:\/\/dev2.prosono-hardwoods.com\/#\/schema\/logo\/image\/"}}]}},"_links":{"self":[{"href":"https:\/\/dev2.prosono-hardwoods.com\/es\/wp-json\/wp\/v2\/pages\/1720"}],"collection":[{"href":"https:\/\/dev2.prosono-hardwoods.com\/es\/wp-json\/wp\/v2\/pages"}],"about":[{"href":"https:\/\/dev2.prosono-hardwoods.com\/es\/wp-json\/wp\/v2\/types\/page"}],"author":[{"embeddable":true,"href":"https:\/\/dev2.prosono-hardwoods.com\/es\/wp-json\/wp\/v2\/users\/4"}],"replies":[{"embeddable":true,"href":"https:\/\/dev2.prosono-hardwoods.com\/es\/wp-json\/wp\/v2\/comments?post=1720"}],"version-history":[{"count":13,"href":"https:\/\/dev2.prosono-hardwoods.com\/es\/wp-json\/wp\/v2\/pages\/1720\/revisions"}],"predecessor-version":[{"id":23912,"href":"https:\/\/dev2.prosono-hardwoods.com\/es\/wp-json\/wp\/v2\/pages\/1720\/revisions\/23912"}],"wp:attachment":[{"href":"https:\/\/dev2.prosono-hardwoods.com\/es\/wp-json\/wp\/v2\/media?parent=1720"}],"curies":[{"name":"wp","href":"https:\/\/api.w.org\/{rel}","templated":true}]}}