{"id":1733,"date":"2017-04-13T22:18:34","date_gmt":"2017-04-13T20:18:34","guid":{"rendered":"https:\/\/dev2.prosono-hardwoods.com\/tambotie\/"},"modified":"2024-01-12T15:47:48","modified_gmt":"2024-01-12T14:47:48","slug":"el-cocobolo-africano-spirostachys-africana","status":"publish","type":"page","link":"https:\/\/dev2.prosono-hardwoods.com\/es\/especies-maderas\/el-cocobolo-africano-spirostachys-africana\/","title":{"rendered":"Cocobolo Africano"},"content":{"rendered":"<section class=\"wpb-content-wrapper\"><p>[vc_row][vc_column width=\u00bb1\/2&#8243;][vc_column_text]<strong>TAMBOTIE tambi\u00e9n llamado Cocobolo africano y S\u00e1ndalo en Mozambique.<\/strong><\/p>\n<p>Esta madera es una de las nueve maderas preciosas de Mozambique. Tradicionalmente esta madera se ha utilizado para muebles porque tiene un buen acabado con un aspecto brillante. Tambi\u00e9n exude un olor agradable fuerte y duradero.<\/p>\n<p>Se debe usar una m\u00e1scara o protecci\u00f3n para los ojos cuando se sierra o tornea esta madera.<\/p>\n<p>Debido a que exude un l\u00e1tex t\u00f3xico no debe ser utilizada como le\u00f1a o para utensilios de cocina o instrumentos de viento de boca, ya que puede causar una reacci\u00f3n al\u00e9rgica grave.<\/p>\n<p>El duramen es pesado, de grano cerrado y muy durable.<br \/>\nOfrece un grano atractivo y dise\u00f1o \u00fanico aceptado para los fondos y aros de guitarras y los enlaces.<br \/>\nA los torneros les gusta para plumas y para aplicaciones m\u00e1s grandes como las ensaladeras y los mangos de armas.<\/p>\n<p>Esta madera <strong>no est\u00e1 relacionada con Santalum \u00e1lbum o s\u00e1ndalo que est\u00e1 en peligro de extinci\u00f3n y est\u00e1 protegida en la India, el Sudeste de Asia y Australia.<\/strong> Tambotie no tiene las mismas propiedades para la industria del perfume.[\/vc_column_text][\/vc_column][vc_column width=\u00bb1\/2&#8243;][vc_row_inner][vc_column_inner width=\u00bb2\/3&#8243;][vc_gallery interval=\u00bb3&#8243; images=\u00bb4022,5861,5935,5868&#8243; img_size=\u00bb330 \u00d7 330&#8243;][\/vc_column_inner][vc_column_inner width=\u00bb1\/3&#8243;][vc_single_image image=\u00bb2741&#8243; img_size=\u00bb175&#215;380&#8243;][\/vc_column_inner][\/vc_row_inner][\/vc_column][\/vc_row][vc_row][vc_column width=\u00bb1\/2&#8243;][vc_gallery interval=\u00bb3&#8243; images=\u00bb2672,5954&#8243; img_size=\u00bblarge\u00bb][\/vc_column][vc_column width=\u00bb1\/2&#8243;][vc_column_text]<\/p>\n<table>\n<tbody>\n<tr>\n<td width=\"177\">Nombre bot\u00e1nico<\/td>\n<td width=\"385\"><strong>Spirostachys africana<\/strong><\/td>\n<\/tr>\n<tr>\n<td width=\"177\">Familia<\/td>\n<td width=\"385\">Euphorbiaceae<\/td>\n<\/tr>\n<tr>\n<td width=\"177\">Nombre local<\/td>\n<td width=\"385\">Tamboti (SA), Sandalo (MOZ)<\/td>\n<\/tr>\n<tr>\n<td width=\"177\"><strong>Nombre espa\u00f1ol <\/strong><\/td>\n<td width=\"385\"><strong>Cocobolo africano<\/strong><\/td>\n<\/tr>\n<tr>\n<td width=\"177\">Distribuci\u00f3n<\/td>\n<td width=\"385\">Norte y Este de Sud\u00e1frica, Mozambique, tambi\u00e9n en el Este de \u00c1frica, Tanzania y Kenia.<\/td>\n<\/tr>\n<tr>\n<td width=\"177\">El \u00e1rbol<\/td>\n<td width=\"385\">\n<p>Crece en bosques, o en suelos pobres y \u00e1cidos, donde la especie es, a menudo, dominante. Tiene llamativas flores rojizas.<\/p>\n<p>&nbsp;<\/td>\n<\/tr>\n<tr>\n<td width=\"177\">La madera<\/td>\n<td width=\"385\">Es de color caf\u00e9 y caf\u00e9 oscuro, su albura es de amarillo brillante. Su textura va desde dura, a muy dura. Su peso espec\u00edfico es de 950 kg \/ m3, cuando esta secada al aire. La madera exude un agradable y persistente aroma.<\/td>\n<\/tr>\n<tr>\n<td width=\"177\">Secada<\/td>\n<td width=\"385\">Muy lenta, pero libre de contracci\u00f3n o distorsi\u00f3n.<\/td>\n<\/tr>\n<tr>\n<td width=\"177\">Manejabilidad<\/td>\n<td width=\"385\">Se tornea bien y con la fresadora. Dif\u00edcil para encolar debido a lo aceitoso de su albura. Cuando est\u00e1 reci\u00e9n cortada, libera un l\u00e1tex t\u00f3xico. Es esencial proteger los ojos y la nariz<\/td>\n<\/tr>\n<tr>\n<td width=\"177\">Uso<\/td>\n<td width=\"385\">En la manufactura de muebles y artesan\u00edas. Buena para el tallado, excelente pulido y un acabado brillante.<\/td>\n<\/tr>\n<\/tbody>\n<\/table>\n<p>[\/vc_column_text][\/vc_column][\/vc_row]<\/p>\n<\/section>","protected":false},"excerpt":{"rendered":"<p>[vc_row][vc_column width=\u00bb1\/2&#8243;][vc_column_text]TAMBOTIE tambi\u00e9n llamado Cocobolo africano y S\u00e1ndalo en Mozambique. Esta madera es una de las nueve maderas preciosas de Mozambique. Tradicionalmente esta madera se ha<span class=\"excerpt-hellip\"> [\u2026]<\/span><\/p>\n","protected":false},"author":4,"featured_media":0,"parent":1848,"menu_order":0,"comment_status":"closed","ping_status":"closed","template":"","meta":{"_themeisle_gutenberg_block_has_review":false,"footnotes":""},"yoast_head":"<!-- This site is optimized with the Yoast SEO plugin v21.5 - https:\/\/yoast.com\/wordpress\/plugins\/seo\/ -->\n<title>Cocobolo Africano - Madera en venta - Prosono international<\/title>\n<meta name=\"description\" content=\"ProSono es un proveedor l\u00edder de (cocobolo africano (tambotie) para tallar, tornear y fabricar muebles finos.\" \/>\n<meta name=\"robots\" content=\"noindex, follow, max-snippet:-1, max-image-preview:large, max-video-preview:-1\" \/>\n<meta property=\"og:locale\" content=\"es_ES\" \/>\n<meta property=\"og:type\" content=\"article\" \/>\n<meta property=\"og:title\" content=\"Cocobolo Africano - Madera en venta - Prosono international\" \/>\n<meta property=\"og:description\" content=\"ProSono es un proveedor l\u00edder de (cocobolo africano (tambotie) para tallar, tornear y fabricar muebles finos.\" \/>\n<meta property=\"og:url\" content=\"https:\/\/dev2.prosono-hardwoods.com\/es\/especies-maderas\/el-cocobolo-africano-spirostachys-africana\/\" \/>\n<meta property=\"og:site_name\" content=\"Prosono international\" \/>\n<meta property=\"article:modified_time\" content=\"2024-01-12T14:47:48+00:00\" \/>\n<meta name=\"twitter:card\" content=\"summary_large_image\" \/>\n<meta name=\"twitter:label1\" content=\"Tiempo de lectura\" \/>\n\t<meta name=\"twitter:data1\" content=\"2 minutos\" \/>\n<script type=\"application\/ld+json\" class=\"yoast-schema-graph\">{\"@context\":\"https:\/\/schema.org\",\"@graph\":[{\"@type\":\"WebPage\",\"@id\":\"https:\/\/dev2.prosono-hardwoods.com\/es\/especies-maderas\/el-cocobolo-africano-spirostachys-africana\/\",\"url\":\"https:\/\/dev2.prosono-hardwoods.com\/es\/especies-maderas\/el-cocobolo-africano-spirostachys-africana\/\",\"name\":\"Cocobolo Africano - Madera en venta - Prosono international\",\"isPartOf\":{\"@id\":\"https:\/\/dev2.prosono-hardwoods.com\/#website\"},\"datePublished\":\"2017-04-13T20:18:34+00:00\",\"dateModified\":\"2024-01-12T14:47:48+00:00\",\"description\":\"ProSono es un proveedor l\u00edder de (cocobolo africano (tambotie) para tallar, tornear y fabricar muebles finos.\",\"breadcrumb\":{\"@id\":\"https:\/\/dev2.prosono-hardwoods.com\/es\/especies-maderas\/el-cocobolo-africano-spirostachys-africana\/#breadcrumb\"},\"inLanguage\":\"es\",\"potentialAction\":[{\"@type\":\"ReadAction\",\"target\":[\"https:\/\/dev2.prosono-hardwoods.com\/es\/especies-maderas\/el-cocobolo-africano-spirostachys-africana\/\"]}]},{\"@type\":\"BreadcrumbList\",\"@id\":\"https:\/\/dev2.prosono-hardwoods.com\/es\/especies-maderas\/el-cocobolo-africano-spirostachys-africana\/#breadcrumb\",\"itemListElement\":[{\"@type\":\"ListItem\",\"position\":1,\"name\":\"Accueil\",\"item\":\"https:\/\/dev2.prosono-hardwoods.com\/\"},{\"@type\":\"ListItem\",\"position\":2,\"name\":\"ESPECIES DE MADERAS\",\"item\":\"https:\/\/dev2.prosono-hardwoods.com\/es\/especies-maderas\/\"},{\"@type\":\"ListItem\",\"position\":3,\"name\":\"Cocobolo Africano\"}]},{\"@type\":\"WebSite\",\"@id\":\"https:\/\/dev2.prosono-hardwoods.com\/#website\",\"url\":\"https:\/\/dev2.prosono-hardwoods.com\/\",\"name\":\"Prosono international\",\"description\":\"\",\"publisher\":{\"@id\":\"https:\/\/dev2.prosono-hardwoods.com\/#organization\"},\"potentialAction\":[{\"@type\":\"SearchAction\",\"target\":{\"@type\":\"EntryPoint\",\"urlTemplate\":\"https:\/\/dev2.prosono-hardwoods.com\/?s={search_term_string}\"},\"query-input\":\"required name=search_term_string\"}],\"inLanguage\":\"es\"},{\"@type\":\"Organization\",\"@id\":\"https:\/\/dev2.prosono-hardwoods.com\/#organization\",\"name\":\"Prosono Hardwoods International\",\"url\":\"https:\/\/dev2.prosono-hardwoods.com\/\",\"logo\":{\"@type\":\"ImageObject\",\"inLanguage\":\"es\",\"@id\":\"https:\/\/dev2.prosono-hardwoods.com\/#\/schema\/logo\/image\/\",\"url\":\"https:\/\/dev2.prosono-hardwoods.com\/wp-content\/uploads\/2020\/08\/prosono-logo@2x.png\",\"contentUrl\":\"https:\/\/dev2.prosono-hardwoods.com\/wp-content\/uploads\/2020\/08\/prosono-logo@2x.png\",\"width\":404,\"height\":90,\"caption\":\"Prosono Hardwoods International\"},\"image\":{\"@id\":\"https:\/\/dev2.prosono-hardwoods.com\/#\/schema\/logo\/image\/\"}}]}<\/script>\n<!-- \/ Yoast SEO plugin. -->","yoast_head_json":{"title":"Cocobolo Africano - Madera en venta - Prosono international","description":"ProSono es un proveedor l\u00edder de (cocobolo africano (tambotie) para tallar, tornear y fabricar muebles finos.","robots":{"index":"noindex","follow":"follow","max-snippet":"max-snippet:-1","max-image-preview":"max-image-preview:large","max-video-preview":"max-video-preview:-1"},"og_locale":"es_ES","og_type":"article","og_title":"Cocobolo Africano - Madera en venta - Prosono international","og_description":"ProSono es un proveedor l\u00edder de (cocobolo africano (tambotie) para tallar, tornear y fabricar muebles finos.","og_url":"https:\/\/dev2.prosono-hardwoods.com\/es\/especies-maderas\/el-cocobolo-africano-spirostachys-africana\/","og_site_name":"Prosono international","article_modified_time":"2024-01-12T14:47:48+00:00","twitter_card":"summary_large_image","twitter_misc":{"Tiempo de lectura":"2 minutos"},"schema":{"@context":"https:\/\/schema.org","@graph":[{"@type":"WebPage","@id":"https:\/\/dev2.prosono-hardwoods.com\/es\/especies-maderas\/el-cocobolo-africano-spirostachys-africana\/","url":"https:\/\/dev2.prosono-hardwoods.com\/es\/especies-maderas\/el-cocobolo-africano-spirostachys-africana\/","name":"Cocobolo Africano - Madera en venta - Prosono international","isPartOf":{"@id":"https:\/\/dev2.prosono-hardwoods.com\/#website"},"datePublished":"2017-04-13T20:18:34+00:00","dateModified":"2024-01-12T14:47:48+00:00","description":"ProSono es un proveedor l\u00edder de (cocobolo africano (tambotie) para tallar, tornear y fabricar muebles finos.","breadcrumb":{"@id":"https:\/\/dev2.prosono-hardwoods.com\/es\/especies-maderas\/el-cocobolo-africano-spirostachys-africana\/#breadcrumb"},"inLanguage":"es","potentialAction":[{"@type":"ReadAction","target":["https:\/\/dev2.prosono-hardwoods.com\/es\/especies-maderas\/el-cocobolo-africano-spirostachys-africana\/"]}]},{"@type":"BreadcrumbList","@id":"https:\/\/dev2.prosono-hardwoods.com\/es\/especies-maderas\/el-cocobolo-africano-spirostachys-africana\/#breadcrumb","itemListElement":[{"@type":"ListItem","position":1,"name":"Accueil","item":"https:\/\/dev2.prosono-hardwoods.com\/"},{"@type":"ListItem","position":2,"name":"ESPECIES DE MADERAS","item":"https:\/\/dev2.prosono-hardwoods.com\/es\/especies-maderas\/"},{"@type":"ListItem","position":3,"name":"Cocobolo Africano"}]},{"@type":"WebSite","@id":"https:\/\/dev2.prosono-hardwoods.com\/#website","url":"https:\/\/dev2.prosono-hardwoods.com\/","name":"Prosono international","description":"","publisher":{"@id":"https:\/\/dev2.prosono-hardwoods.com\/#organization"},"potentialAction":[{"@type":"SearchAction","target":{"@type":"EntryPoint","urlTemplate":"https:\/\/dev2.prosono-hardwoods.com\/?s={search_term_string}"},"query-input":"required name=search_term_string"}],"inLanguage":"es"},{"@type":"Organization","@id":"https:\/\/dev2.prosono-hardwoods.com\/#organization","name":"Prosono Hardwoods International","url":"https:\/\/dev2.prosono-hardwoods.com\/","logo":{"@type":"ImageObject","inLanguage":"es","@id":"https:\/\/dev2.prosono-hardwoods.com\/#\/schema\/logo\/image\/","url":"https:\/\/dev2.prosono-hardwoods.com\/wp-content\/uploads\/2020\/08\/prosono-logo@2x.png","contentUrl":"https:\/\/dev2.prosono-hardwoods.com\/wp-content\/uploads\/2020\/08\/prosono-logo@2x.png","width":404,"height":90,"caption":"Prosono Hardwoods International"},"image":{"@id":"https:\/\/dev2.prosono-hardwoods.com\/#\/schema\/logo\/image\/"}}]}},"_links":{"self":[{"href":"https:\/\/dev2.prosono-hardwoods.com\/es\/wp-json\/wp\/v2\/pages\/1733"}],"collection":[{"href":"https:\/\/dev2.prosono-hardwoods.com\/es\/wp-json\/wp\/v2\/pages"}],"about":[{"href":"https:\/\/dev2.prosono-hardwoods.com\/es\/wp-json\/wp\/v2\/types\/page"}],"author":[{"embeddable":true,"href":"https:\/\/dev2.prosono-hardwoods.com\/es\/wp-json\/wp\/v2\/users\/4"}],"replies":[{"embeddable":true,"href":"https:\/\/dev2.prosono-hardwoods.com\/es\/wp-json\/wp\/v2\/comments?post=1733"}],"version-history":[{"count":11,"href":"https:\/\/dev2.prosono-hardwoods.com\/es\/wp-json\/wp\/v2\/pages\/1733\/revisions"}],"predecessor-version":[{"id":1743,"href":"https:\/\/dev2.prosono-hardwoods.com\/es\/wp-json\/wp\/v2\/pages\/1733\/revisions\/1743"}],"up":[{"embeddable":true,"href":"https:\/\/dev2.prosono-hardwoods.com\/es\/wp-json\/wp\/v2\/pages\/1848"}],"wp:attachment":[{"href":"https:\/\/dev2.prosono-hardwoods.com\/es\/wp-json\/wp\/v2\/media?parent=1733"}],"curies":[{"name":"wp","href":"https:\/\/api.w.org\/{rel}","templated":true}]}}