{"id":1735,"date":"2017-02-13T21:17:21","date_gmt":"2017-02-13T20:17:21","guid":{"rendered":"https:\/\/dev2.prosono-hardwoods.com\/red-or-pink-ivory\/"},"modified":"2024-01-12T15:52:44","modified_gmt":"2024-01-12T14:52:44","slug":"marfil-rojo-berchimia-zeyheri","status":"publish","type":"page","link":"https:\/\/dev2.prosono-hardwoods.com\/es\/especies-maderas\/marfil-rojo-berchimia-zeyheri\/","title":{"rendered":"Marfil rojo"},"content":{"rendered":"<section class=\"wpb-content-wrapper\"><p>[vc_row][vc_column width=\u00bb1\/2&#8243;][vc_column_text]Madera exclusiva de Sud\u00e1frica, en el Reino Zul\u00fa s\u00f3lo el Rey podr\u00eda llevar adornos de marfil rojo.<\/p>\n<p>En nuestra capacidad de proveedor l\u00edder, mantenemos un exhaustivo stock de escuadras y bloques de torner\u00eda, para ensaladeras, caras de relojes, cu\u00f1as de billar, bastones, mangos de cuchillos, cuchiller\u00eda, armas de fuego, palos de golf y a veces tablones para marqueter\u00eda, carpinter\u00eda, piezas de ajedrez e incrustaciones.<\/p>\n<p>El suministro de esta madera es restringido y sujeto a concesi\u00f3n, permisos anuales de corte y de transporte. \u00a1 La disponibilidad es siempre peque\u00f1a y est\u00e1 disminuyendo cada a\u00f1o! Los \u00e1rboles son predominantemente peque\u00f1os e irregulares. La disponibilidad de \u00e1rboles viejos suficientemente grandes es esencial para muchas de las aplicaciones m\u00e1s populares.<\/p>\n<p><strong>Para los lutieres de cuerdas<\/strong> enfocados a las exclusivas guitarras ac\u00fasticas y cl\u00e1sicas, podemos suministrar bajo a demanda los fondos y aros de diferentes tama\u00f1os.\u00a0Una madera de color \u00fanico <strong>para los fabricantes de instrumentos de viento <\/strong>para la promoci\u00f3n de sus oboes, clarinetes y flautas.<\/p>\n<p>Para los fabricantes de <strong>tableros de ajedrez<\/strong> exclusivos, un valor peculiarmente \u00fanico.\u00a0La mayor manera de que sus pedidos lleguen antes de que estamos sin stock, como ocurre casi cada a\u00f1o es que nos envi\u00e9 sus pedidos con la mayor antelaci\u00f3n posible \u00a1 De hecho, esto nos permitir\u00e1 planificar nuestra producci\u00f3n para que cumplamos con los pedidos permanentes de nuestros distribuidores primero y piezas est\u00e1ndar en segundo lugar![\/vc_column_text][vc_column_text]Su duramen var\u00eda desde un color rosado suave a un rojo intenso. Su albura es de color amarillento.Su n\u00facleo es muy duro, y pesado, con una densidad de 1.1 ton \/ m3 cuando se seca al aire.<\/p>\n<h3>\u00a0<strong>Proceso de corta<\/strong><\/h3>\n<p>La madera es dura y por lo tanto cortada en etapas. En una primera etapa, los troncos se cortan en tablas con una cinta horizontal de sierra flexible. En una segunda etapa se corta en piezas con hojas con dientes de tungsteno. Las hojas tienden a obstruirse. Una buena limpieza de las hojas se obtiene en ba\u00f1os de jab\u00f3n de az\u00facar.<\/p>\n<h3><strong>La secada<\/strong><\/h3>\n<p>La madera se seca lentamente y no se agrieta f\u00e1cilmente. Esto es probablemente debido a su contenido aceitoso.[\/vc_column_text][vc_column_text]revisi\u00f3n :<\/p>\n<p><a href=\"https:\/\/www.facebook.com\/FlutesbyWindward\/videos\/vb.137003396391680\/863529987072347\/?type=2&amp;theater\" target=\"_blank\" rel=\"noopener noreferrer\">https:\/\/www.facebook.com\/FlutesbyWindward\/videos\/vb.137003396391680\/863529987072347\/?type=2&amp;theater<\/a>[\/vc_column_text][\/vc_column][vc_column width=\u00bb1\/2&#8243;][vc_gallery interval=\u00bb3&#8243; images=\u00bb3524,3500,3533,3503,3497,3518,3545&#8243; img_size=\u00bb345 \u00d7 464&#8243; onclick=\u00bb\u00bb][\/vc_column][\/vc_row][vc_row][vc_column][vc_gallery interval=\u00bb3&#8243; images=\u00bb3488,3485,2576,3491,3536,3494,3542,3548,3527,3515,3482,3509,3506,3530,3539,3512,2738&#8243; img_size=\u00bb540&#215;300&#8243; onclick=\u00bb\u00bb][\/vc_column][\/vc_row][vc_row][vc_column][vc_column_text]<\/p>\n<h2>Las partes est\u00e1ndares que nos esforzamos a tener en stock<\/h2>\n<p>[\/vc_column_text][\/vc_column][\/vc_row][vc_row][vc_column width=\u00bb1\/2&#8243;][vc_column_text]<\/p>\n<table width=\"107%\">\n<tbody>\n<tr style=\"background-color: #dcdad2;\">\n<td width=\"266\"><strong>Escuadras de torner\u00eda<\/strong><\/td>\n<td width=\"276\"><strong>en mm<\/strong><\/td>\n<\/tr>\n<tr>\n<td width=\"266\"><strong>3\/4 x 3\/4 x 6<\/strong><\/td>\n<td width=\"276\"><strong>20 x 20 x 152<\/strong><\/td>\n<\/tr>\n<tr>\n<td width=\"266\"><strong>1 x 1 x 6<\/strong><\/td>\n<td width=\"276\"><strong>26 x 26 x 150<\/strong><\/td>\n<\/tr>\n<tr>\n<td width=\"266\"><strong>11\/2 x 11\/2 x 3<\/strong><\/td>\n<td width=\"276\"><strong>38 x 38 x 75<\/strong><\/td>\n<\/tr>\n<tr>\n<td width=\"266\"><strong>11\/2 x 11\/2 x 6<\/strong><\/td>\n<td width=\"276\"><strong>38 x 38 x 150<\/strong><\/td>\n<\/tr>\n<tr>\n<td width=\"266\"><strong>11\/2 x 11\/2 x 12<\/strong><\/td>\n<td width=\"276\"><strong>38 x 38 x 310<\/strong><\/td>\n<\/tr>\n<tr>\n<td width=\"266\"><strong>11\/2 x 11\/2 x 16<\/strong><\/td>\n<td width=\"276\"><strong>38 x 38 x 410<\/strong><\/td>\n<\/tr>\n<tr>\n<td width=\"266\"><strong>11\/2 x 11\/2 x 18<\/strong><\/td>\n<td width=\"276\"><strong>38 x 38 x 457<\/strong><\/td>\n<\/tr>\n<tr>\n<td width=\"266\"><strong>2 x 2 x 4<\/strong><\/td>\n<td width=\"276\"><strong>51 x 51 x 100<\/strong><\/td>\n<\/tr>\n<tr>\n<td width=\"266\"><strong>2 x 2 x 6<\/strong><\/td>\n<td width=\"276\"><strong>51 x 51 x 150<\/strong><\/td>\n<\/tr>\n<tr>\n<td width=\"266\"><strong>2 x 2 x 8<\/strong><\/td>\n<td width=\"276\"><strong>51 x 51 x 205<\/strong><\/td>\n<\/tr>\n<tr>\n<td width=\"266\"><strong>3 x 3 x 12<\/strong><\/td>\n<td width=\"276\"><strong>76 x 76 x 300 <\/strong><\/td>\n<\/tr>\n<tr>\n<td width=\"266\"><strong>3 x 3 x 18<\/strong><\/td>\n<td width=\"276\"><strong>76 x 76 x 457<\/strong><\/td>\n<\/tr>\n<tr style=\"background-color: #dcdad2;\">\n<td width=\"266\"><strong>Bloques<\/strong><\/td>\n<td width=\"276\"><strong>\u00a0<\/strong><\/td>\n<\/tr>\n<tr>\n<td width=\"266\"><strong>4 x 4 x 2<\/strong><\/td>\n<td width=\"276\"><strong>100 x 100 x 50<\/strong><\/td>\n<\/tr>\n<tr>\n<td width=\"266\"><strong>5 x 5 x 2<\/strong><\/td>\n<td width=\"276\"><strong>125 x 125 x 50<\/strong><\/td>\n<\/tr>\n<tr>\n<td width=\"266\"><strong>6 x 6 x 2<\/strong><\/td>\n<td width=\"276\"><strong>150 x 150 x 50<\/strong><\/td>\n<\/tr>\n<\/tbody>\n<\/table>\n<p><a href=\"https:\/\/dev2.prosono-hardwoods.com\/es\/clientes\/aficionados-de-torneria\/\">Aficionados de tornaria <\/a>[\/vc_column_text][\/vc_column][vc_column width=\u00bb1\/2&#8243;][vc_column_text]<\/p>\n<table width=\"562\">\n<tbody>\n<tr>\n<td width=\"189\"><strong>Nombre bot\u00e1nico <\/strong><\/td>\n<td width=\"373\">Berchimia zeyheri.<\/td>\n<\/tr>\n<tr>\n<td width=\"189\">Familia<\/td>\n<td width=\"373\">Rhamnaceae<\/td>\n<\/tr>\n<tr>\n<td width=\"189\">Nombre local<\/td>\n<td width=\"373\">Rooi ivoor<\/td>\n<\/tr>\n<tr>\n<td width=\"189\">Nombre ingles<\/td>\n<td width=\"373\">Red ivory<\/td>\n<\/tr>\n<tr>\n<td width=\"189\"><strong>Nombre espa\u00f1ol<\/strong><\/td>\n<td width=\"373\"><strong>Marfil rojo<\/strong><\/td>\n<\/tr>\n<tr>\n<td width=\"189\">Distribuci\u00f3n<\/td>\n<td width=\"373\">Ind\u00edgena del Sur de \u00c1frica, se encuentra desde Zimbabue en el Norte hasta la Provincia del Cabo del Este en Sud\u00e1frica.<\/td>\n<\/tr>\n<tr>\n<td width=\"189\">El \u00e1rbol<\/td>\n<td width=\"373\">\u00c1rbol perenne, hasta 15 metros de altura, con una corona densa y redonda. Crece en \u00e1reas abiertas, en las faldas de colinas rocosas y a lo largo de las l\u00edneas de drenaje. Es resistente a la sequ\u00eda, y tambi\u00e9n puede tolerar heladas suaves. Es un \u00e1rbol protegido en Sud\u00e1frica. Se requiere permisos especiales para su tala.<\/td>\n<\/tr>\n<tr>\n<td width=\"189\">La madera<\/td>\n<td width=\"373\">Su n\u00facleo var\u00eda desde un color rosado suave a un rojo intenso.<\/p>\n<p>Su albura, es de color amarillento.<\/p>\n<p>Su n\u00facleo es muy duro, y pesado, con una densidad de<\/p>\n<p>1.1 ton \/ m<sup>3 <\/sup>cuando esta secado.<\/td>\n<\/tr>\n<tr>\n<td width=\"189\">Preparaci\u00f3n<\/td>\n<td width=\"373\">Se seca lentamente y no se agrieta f\u00e1cilmente debido a su contenido aceitoso<\/td>\n<\/tr>\n<tr>\n<td width=\"189\">Manejabilidad<\/td>\n<td width=\"373\">Se adapta bien al torno y a la fresadora.<\/td>\n<\/tr>\n<tr>\n<td width=\"189\">Uso<\/td>\n<td width=\"373\">Tiene colores atractivos que lo hacen ideal para tallar y tornear ensaladeras, cu\u00f1as de billar, bastones y a\u00fan palos de golf. Tambi\u00e9n es usado en instrumentos musicales por su valor decorativo en tambores, e instrumentos de viento y ornamentales.<\/td>\n<\/tr>\n<\/tbody>\n<\/table>\n<p>[\/vc_column_text][\/vc_column][\/vc_row]<\/p>\n<\/section>","protected":false},"excerpt":{"rendered":"<p>[vc_row][vc_column width=\u00bb1\/2&#8243;][vc_column_text]Madera exclusiva de Sud\u00e1frica, en el Reino Zul\u00fa s\u00f3lo el Rey podr\u00eda llevar adornos de marfil rojo. En nuestra capacidad de proveedor l\u00edder, mantenemos un<span class=\"excerpt-hellip\"> [\u2026]<\/span><\/p>\n","protected":false},"author":4,"featured_media":0,"parent":1848,"menu_order":0,"comment_status":"closed","ping_status":"closed","template":"","meta":{"_themeisle_gutenberg_block_has_review":false,"footnotes":""},"yoast_head":"<!-- This site is optimized with the Yoast SEO plugin v21.5 - https:\/\/yoast.com\/wordpress\/plugins\/seo\/ -->\n<title>Marfil rojo - Madera en venta - Prosono international<\/title>\n<meta name=\"description\" content=\"ProSono es el proveedor l\u00edder de madera de marfil rosa (pink ivory) para tallar, tornear e instrumentos musicales.\" \/>\n<meta name=\"robots\" content=\"noindex, follow, max-snippet:-1, max-image-preview:large, max-video-preview:-1\" \/>\n<meta property=\"og:locale\" content=\"es_ES\" \/>\n<meta property=\"og:type\" content=\"article\" \/>\n<meta property=\"og:title\" content=\"Marfil rojo - Madera en venta - Prosono international\" \/>\n<meta property=\"og:description\" content=\"ProSono es el proveedor l\u00edder de madera de marfil rosa (pink ivory) para tallar, tornear e instrumentos musicales.\" \/>\n<meta property=\"og:url\" content=\"https:\/\/dev2.prosono-hardwoods.com\/es\/especies-maderas\/marfil-rojo-berchimia-zeyheri\/\" \/>\n<meta property=\"og:site_name\" content=\"Prosono international\" \/>\n<meta property=\"article:modified_time\" content=\"2024-01-12T14:52:44+00:00\" \/>\n<meta name=\"twitter:card\" content=\"summary_large_image\" \/>\n<meta name=\"twitter:label1\" content=\"Tiempo de lectura\" \/>\n\t<meta name=\"twitter:data1\" content=\"4 minutos\" \/>\n<script type=\"application\/ld+json\" class=\"yoast-schema-graph\">{\"@context\":\"https:\/\/schema.org\",\"@graph\":[{\"@type\":\"WebPage\",\"@id\":\"https:\/\/dev2.prosono-hardwoods.com\/es\/especies-maderas\/marfil-rojo-berchimia-zeyheri\/\",\"url\":\"https:\/\/dev2.prosono-hardwoods.com\/es\/especies-maderas\/marfil-rojo-berchimia-zeyheri\/\",\"name\":\"Marfil rojo - Madera en venta - Prosono international\",\"isPartOf\":{\"@id\":\"https:\/\/dev2.prosono-hardwoods.com\/#website\"},\"datePublished\":\"2017-02-13T20:17:21+00:00\",\"dateModified\":\"2024-01-12T14:52:44+00:00\",\"description\":\"ProSono es el proveedor l\u00edder de madera de marfil rosa (pink ivory) para tallar, tornear e instrumentos musicales.\",\"breadcrumb\":{\"@id\":\"https:\/\/dev2.prosono-hardwoods.com\/es\/especies-maderas\/marfil-rojo-berchimia-zeyheri\/#breadcrumb\"},\"inLanguage\":\"es\",\"potentialAction\":[{\"@type\":\"ReadAction\",\"target\":[\"https:\/\/dev2.prosono-hardwoods.com\/es\/especies-maderas\/marfil-rojo-berchimia-zeyheri\/\"]}]},{\"@type\":\"BreadcrumbList\",\"@id\":\"https:\/\/dev2.prosono-hardwoods.com\/es\/especies-maderas\/marfil-rojo-berchimia-zeyheri\/#breadcrumb\",\"itemListElement\":[{\"@type\":\"ListItem\",\"position\":1,\"name\":\"Accueil\",\"item\":\"https:\/\/dev2.prosono-hardwoods.com\/\"},{\"@type\":\"ListItem\",\"position\":2,\"name\":\"ESPECIES DE MADERAS\",\"item\":\"https:\/\/dev2.prosono-hardwoods.com\/es\/especies-maderas\/\"},{\"@type\":\"ListItem\",\"position\":3,\"name\":\"Marfil rojo\"}]},{\"@type\":\"WebSite\",\"@id\":\"https:\/\/dev2.prosono-hardwoods.com\/#website\",\"url\":\"https:\/\/dev2.prosono-hardwoods.com\/\",\"name\":\"Prosono international\",\"description\":\"\",\"publisher\":{\"@id\":\"https:\/\/dev2.prosono-hardwoods.com\/#organization\"},\"potentialAction\":[{\"@type\":\"SearchAction\",\"target\":{\"@type\":\"EntryPoint\",\"urlTemplate\":\"https:\/\/dev2.prosono-hardwoods.com\/?s={search_term_string}\"},\"query-input\":\"required name=search_term_string\"}],\"inLanguage\":\"es\"},{\"@type\":\"Organization\",\"@id\":\"https:\/\/dev2.prosono-hardwoods.com\/#organization\",\"name\":\"Prosono Hardwoods International\",\"url\":\"https:\/\/dev2.prosono-hardwoods.com\/\",\"logo\":{\"@type\":\"ImageObject\",\"inLanguage\":\"es\",\"@id\":\"https:\/\/dev2.prosono-hardwoods.com\/#\/schema\/logo\/image\/\",\"url\":\"https:\/\/dev2.prosono-hardwoods.com\/wp-content\/uploads\/2020\/08\/prosono-logo@2x.png\",\"contentUrl\":\"https:\/\/dev2.prosono-hardwoods.com\/wp-content\/uploads\/2020\/08\/prosono-logo@2x.png\",\"width\":404,\"height\":90,\"caption\":\"Prosono Hardwoods International\"},\"image\":{\"@id\":\"https:\/\/dev2.prosono-hardwoods.com\/#\/schema\/logo\/image\/\"}}]}<\/script>\n<!-- \/ Yoast SEO plugin. -->","yoast_head_json":{"title":"Marfil rojo - Madera en venta - Prosono international","description":"ProSono es el proveedor l\u00edder de madera de marfil rosa (pink ivory) para tallar, tornear e instrumentos musicales.","robots":{"index":"noindex","follow":"follow","max-snippet":"max-snippet:-1","max-image-preview":"max-image-preview:large","max-video-preview":"max-video-preview:-1"},"og_locale":"es_ES","og_type":"article","og_title":"Marfil rojo - Madera en venta - Prosono international","og_description":"ProSono es el proveedor l\u00edder de madera de marfil rosa (pink ivory) para tallar, tornear e instrumentos musicales.","og_url":"https:\/\/dev2.prosono-hardwoods.com\/es\/especies-maderas\/marfil-rojo-berchimia-zeyheri\/","og_site_name":"Prosono international","article_modified_time":"2024-01-12T14:52:44+00:00","twitter_card":"summary_large_image","twitter_misc":{"Tiempo de lectura":"4 minutos"},"schema":{"@context":"https:\/\/schema.org","@graph":[{"@type":"WebPage","@id":"https:\/\/dev2.prosono-hardwoods.com\/es\/especies-maderas\/marfil-rojo-berchimia-zeyheri\/","url":"https:\/\/dev2.prosono-hardwoods.com\/es\/especies-maderas\/marfil-rojo-berchimia-zeyheri\/","name":"Marfil rojo - Madera en venta - Prosono international","isPartOf":{"@id":"https:\/\/dev2.prosono-hardwoods.com\/#website"},"datePublished":"2017-02-13T20:17:21+00:00","dateModified":"2024-01-12T14:52:44+00:00","description":"ProSono es el proveedor l\u00edder de madera de marfil rosa (pink ivory) para tallar, tornear e instrumentos musicales.","breadcrumb":{"@id":"https:\/\/dev2.prosono-hardwoods.com\/es\/especies-maderas\/marfil-rojo-berchimia-zeyheri\/#breadcrumb"},"inLanguage":"es","potentialAction":[{"@type":"ReadAction","target":["https:\/\/dev2.prosono-hardwoods.com\/es\/especies-maderas\/marfil-rojo-berchimia-zeyheri\/"]}]},{"@type":"BreadcrumbList","@id":"https:\/\/dev2.prosono-hardwoods.com\/es\/especies-maderas\/marfil-rojo-berchimia-zeyheri\/#breadcrumb","itemListElement":[{"@type":"ListItem","position":1,"name":"Accueil","item":"https:\/\/dev2.prosono-hardwoods.com\/"},{"@type":"ListItem","position":2,"name":"ESPECIES DE MADERAS","item":"https:\/\/dev2.prosono-hardwoods.com\/es\/especies-maderas\/"},{"@type":"ListItem","position":3,"name":"Marfil rojo"}]},{"@type":"WebSite","@id":"https:\/\/dev2.prosono-hardwoods.com\/#website","url":"https:\/\/dev2.prosono-hardwoods.com\/","name":"Prosono international","description":"","publisher":{"@id":"https:\/\/dev2.prosono-hardwoods.com\/#organization"},"potentialAction":[{"@type":"SearchAction","target":{"@type":"EntryPoint","urlTemplate":"https:\/\/dev2.prosono-hardwoods.com\/?s={search_term_string}"},"query-input":"required name=search_term_string"}],"inLanguage":"es"},{"@type":"Organization","@id":"https:\/\/dev2.prosono-hardwoods.com\/#organization","name":"Prosono Hardwoods International","url":"https:\/\/dev2.prosono-hardwoods.com\/","logo":{"@type":"ImageObject","inLanguage":"es","@id":"https:\/\/dev2.prosono-hardwoods.com\/#\/schema\/logo\/image\/","url":"https:\/\/dev2.prosono-hardwoods.com\/wp-content\/uploads\/2020\/08\/prosono-logo@2x.png","contentUrl":"https:\/\/dev2.prosono-hardwoods.com\/wp-content\/uploads\/2020\/08\/prosono-logo@2x.png","width":404,"height":90,"caption":"Prosono Hardwoods International"},"image":{"@id":"https:\/\/dev2.prosono-hardwoods.com\/#\/schema\/logo\/image\/"}}]}},"_links":{"self":[{"href":"https:\/\/dev2.prosono-hardwoods.com\/es\/wp-json\/wp\/v2\/pages\/1735"}],"collection":[{"href":"https:\/\/dev2.prosono-hardwoods.com\/es\/wp-json\/wp\/v2\/pages"}],"about":[{"href":"https:\/\/dev2.prosono-hardwoods.com\/es\/wp-json\/wp\/v2\/types\/page"}],"author":[{"embeddable":true,"href":"https:\/\/dev2.prosono-hardwoods.com\/es\/wp-json\/wp\/v2\/users\/4"}],"replies":[{"embeddable":true,"href":"https:\/\/dev2.prosono-hardwoods.com\/es\/wp-json\/wp\/v2\/comments?post=1735"}],"version-history":[{"count":7,"href":"https:\/\/dev2.prosono-hardwoods.com\/es\/wp-json\/wp\/v2\/pages\/1735\/revisions"}],"predecessor-version":[{"id":23911,"href":"https:\/\/dev2.prosono-hardwoods.com\/es\/wp-json\/wp\/v2\/pages\/1735\/revisions\/23911"}],"up":[{"embeddable":true,"href":"https:\/\/dev2.prosono-hardwoods.com\/es\/wp-json\/wp\/v2\/pages\/1848"}],"wp:attachment":[{"href":"https:\/\/dev2.prosono-hardwoods.com\/es\/wp-json\/wp\/v2\/media?parent=1735"}],"curies":[{"name":"wp","href":"https:\/\/api.w.org\/{rel}","templated":true}]}}