{"id":1736,"date":"2017-02-13T21:17:16","date_gmt":"2017-02-13T20:17:16","guid":{"rendered":"https:\/\/dev2.prosono-hardwoods.com\/mopane\/"},"modified":"2024-01-12T15:50:09","modified_gmt":"2024-01-12T14:50:09","slug":"mopani","status":"publish","type":"page","link":"https:\/\/dev2.prosono-hardwoods.com\/es\/especies-maderas\/mopani\/","title":{"rendered":"Mopani"},"content":{"rendered":"<section class=\"wpb-content-wrapper\"><p>[vc_row][vc_column][vc_column_text]<strong>El mopani es la soluci\u00f3n para los fabricantes de instrumentos de viento, que quieren resolver el problema de las ventas de instrumentos a trav\u00e9s de fronteras y para los instrumentistas preocupados por el cruce de fronteras<\/strong> con instrumentos de madera como el granadillo africano y el cocobolo que han sido catalogados como especies en peligro de extinci\u00f3n.[\/vc_column_text][vc_column_text]<strong>Su sonoridad<\/strong> es perfecta y su est\u00e9tica un punto fuerte al ser significativamente menos propenso a grietas y hendiduras,\u00a0<strong>Comentarios de nuestros clientes<\/strong>: cuando tornean piezas de mopani los artesanos observan que <strong>se producen muy pocos o ning\u00fan defecto<\/strong>, <strong>la madera sigue siendo muy estable, la estabilidad es mejor que la del granadillo africano.<\/strong>\u00a0\u00a0El mopani es la madera elegida para la elaboraci\u00f3n de clarinetes, clarinetes bajos, oboes y gaitas, sin mencionar los fondos y aros para las guitarras ac\u00fasticas.<\/p>\n<p>Los que se aprovecharon de la oportunidad de hacer uso del mopani est\u00e1n ahora por delante de la competencia.<\/p>\n<p>\u00a1Cuatro fabricantes industriales de clarinetes y tres artesanos fabricantes de oboes han comprado cada vez m\u00e1s conjuntos de mopani, uno de ellos durante los \u00faltimos cinco a\u00f1os!<\/p>\n<p>Revisi\u00f3n :<br \/>\n<a href=\"https:\/\/www.facebook.com\/FlutesbyWindward\/videos\/vb.137003396391680\/510383775720305\/?type=2&amp;theater\" target=\"_blank\" rel=\"noopener noreferrer\">https:\/\/www.facebook.com\/FlutesbyWindward\/videos\/vb.137003396391680\/510383775720305\/?type=2&amp;theater<\/a>[\/vc_column_text][\/vc_column][\/vc_row][vc_row][vc_column width=\u00bb1\/2&#8243;][vc_column_text]<\/p>\n<h2><strong>Caracter\u00edsticas t\u00e9cnicas<\/strong><\/h2>\n<ul>\n<li>La madera tiene una densidad de 1,3 kg \/ dm3 \/ 77 lb\/pie c\u00fabico, es decir, 96% del Dalbergia melanoxylon<\/li>\n<li>Poca o ninguna porosidad.<\/li>\n<li><strong>En el torno el mopani produce casi ninguna imperfecci\u00f3n. <\/strong><strong>La madera permanece muy estable y por lo tanto el mopani es significativamente m\u00e1s f\u00e1cil de trabajar que el granadillo africano.<\/strong><\/li>\n<li>\u00c9l duramen es de color marr\u00f3n rojizo con rayas muy oscuras. Los anillos de crecimiento producen un dise\u00f1o muy distinto.<\/li>\n<\/ul>\n<p>[\/vc_column_text][vc_column_text]<\/p>\n<h2><strong>Actuaciones musicales \u00a0<\/strong><\/h2>\n<p>Fabricantes bien conocidos de clarinetes describen sus actuaciones sonoras como un arranque prematuro y una tonalidad m\u00e1s dulce, t\u00edpica de los clarinetes de Schreiber, el l\u00edder alem\u00e1n en instrumentos musicales.<\/p>\n<p>El sonido es caliente, rico y redondo con un equilibrio excepcional entre los agudos y los bajos. \u00a1El instrumento de mopani no s\u00f3lo ofrece una mayor variedad de sonidos, sino que tambi\u00e9n es impresionante visualmente!<\/p>\n<p><a href=\"https:\/\/dev2.prosono-hardwoods.com\/es\/clientes\/fabricantes-de-instrumentos-de-viento\/\">Fabricantes de instrumentos de viento<\/a><\/p>\n<h2><strong>Conjuntos y piezas para instrumentos de viento<br \/>\nLas partes que nos esforzamos por mantener en stock<br \/>\n<\/strong><\/h2>\n<p>[\/vc_column_text][\/vc_column][vc_column width=\u00bb1\/2&#8243;][vc_gallery interval=\u00bb3&#8243; images=\u00bb4145,4148,4151,5339,3629,3437,3446,5778,3470,5946,3476,5851,5991,5927&#8243; img_size=\u00bb580&#215;440&#8243;][\/vc_column][\/vc_row][vc_row][vc_column width=\u00bb1\/2&#8243;][vc_column_text]<\/p>\n<table width=\"100%\">\n<tbody>\n<tr style=\"background-color: #dcdad2;\">\n<td colspan=\"2\"><strong>Instrumentos de viento <\/strong><\/td>\n<\/tr>\n<tr>\n<td width=\"274\"><strong>Conjuntos para clarinetes <\/strong><\/td>\n<td width=\"274\"><strong>Campanas<\/strong><br \/>\n85\/85 x 45\/45 x 130<strong>Junta baja:<\/strong><br \/>\n36 x 36 x 320 or 36 x 36 x 285Junta alta:<br \/>\n36 x 36 x 245 or 36 x 36 x 230<br \/>\n<strong>Barril:<\/strong><strong><br \/>\n<\/strong>51 x 51 x 80 or 47 x 47 x 80 or still 40 x 40 x 80<\/td>\n<\/tr>\n<tr>\n<td width=\"274\"><strong>Conjunto para clarinetes bajos y altos<\/strong><\/td>\n<td width=\"274\">47 x 47 x 760 y 47 x 47 x 460 o<br \/>\n47 x 47 x 700 y 47x 47 x 550<br \/>\n40 x 40 x 410<\/td>\n<\/tr>\n<tr>\n<td width=\"274\"><strong>Oboes<\/strong><\/td>\n<td width=\"274\"><strong>Campana<\/strong><br \/>\n65 x 65 x 150 o 60 X 60 x 140<br \/>\n<strong>Junta<\/strong><strong><br \/>\n<\/strong>40 x 40 x 285 o 36 x 36 x 270 o m\u00e1s 32 x 32 x 265<\/td>\n<\/tr>\n<tr>\n<td width=\"274\"><strong>Corno Ingl\u00e9s<\/strong><\/td>\n<td width=\"274\"><strong>Campana<\/strong><br \/>\n70 x 70 x 140<br \/>\n<strong>Junta<\/strong><br \/>\n40 x 40 x 400<\/td>\n<\/tr>\n<tr>\n<td width=\"274\"><strong>Flautas y piccolos<\/strong><\/td>\n<td width=\"274\">33 x 33 x 380<br \/>\n33 x 33 x 330<br \/>\n33 x 33 x 265<br \/>\n30 x 30 x 510<br \/>\n30 x 30 x 410<br \/>\n30 x 30 x 325<br \/>\n30 x 30 x 300<br \/>\n30 x 30 x 150<br \/>\n30x30x137<br \/>\n30x30x70<br \/>\n28 x 28 x 400<br \/>\n28 x 28 x305<br \/>\n28 x 28 x 285<br \/>\n28 x 28 x 27<\/td>\n<\/tr>\n<tr>\n<td width=\"274\"><strong>Gaitas gallegas<\/strong><\/td>\n<td width=\"274\">12 piezas de 10 tama\u00f1os diferentes totalizando:\u00a0 4.302 dm3<br \/>\n1 x 65 x 65 x 115<br \/>\n1 x 50 x 50 x 350<br \/>\n2 x 40 x 40 x 320<br \/>\n2 x 40 x 40 x 230<br \/>\n1 x 40 x 40 x 190<br \/>\n1 x 36 x 36 x 175<br \/>\n1 x 36 x 36 x 140<br \/>\n1 x 36 x 36 x 120<br \/>\n1 x 36 x 36 x 110<br \/>\n<span style=\"font-family: inherit; font-size: inherit;\">1 x 40 x 40 x 90<\/span><\/td>\n<\/tr>\n<tr>\n<td width=\"274\">\n<p>Para las gaitas escocesas, irlandesas, inglesas, francesas la parte de nuestro sitio sobre los <a href=\"https:\/\/dev2.prosono-hardwoods.com\/es\/clientes\/makers-of-pipes-folkloriclos-fabricantes-de-gaitas-y-otros-instrumentos-folkloricos-instruments\/\"><u>instrumentos folkloricos<\/u><\/a> da las dimensiones exactas<\/p>\n<p>&nbsp;<\/td>\n<td width=\"274\"><\/td>\n<\/tr>\n<tr>\n<td width=\"274\">\n<p><strong>Para las guitarras ac\u00fasticas y cl\u00e1sicas:<\/strong><\/p>\n<p><strong>Modelos:<\/strong><\/td>\n<td width=\"274\"><strong>Fondo y aros:\u00a0 <\/strong><\/td>\n<\/tr>\n<tr>\n<td width=\"274\">Acustica<\/td>\n<td width=\"274\">Fondo: 2 X 560 x 210 x 5 + Aros: 2 X 830 x 130 x 4<\/td>\n<\/tr>\n<tr>\n<td width=\"274\">Cl\u00e1sica<\/td>\n<td width=\"274\">Fondo: 2 X 530 x 190 x 5 + Aros: 2 X 760 x 110 x 4<\/td>\n<\/tr>\n<tr>\n<td width=\"274\">Moderna<\/td>\n<td width=\"274\">Fondo: 4 X 530 x 95 x 5 + Aros: 2 X 760 x 110 x 4<\/td>\n<\/tr>\n<\/tbody>\n<\/table>\n<p>[\/vc_column_text][\/vc_column][vc_column width=\u00bb1\/2&#8243;][vc_column_text]ProSono ha implementado estrictos procesos de calidad, de los cuales nos sentimos orgullosos.<\/p>\n<p>En ProSono la calidad comienza en la operaci\u00f3n forestal y no a la llegada de la materia prima a la f\u00e1brica.<\/p>\n<p>Nuestra presencia en el terreno y una supervisi\u00f3n continua por personal id\u00f3neo, capacitado y motivado es la \u00fanica manera de lograr resultados consistentes bajo las condiciones del terreno en \u00c1frica.<\/p>\n<p>En nuestro aserradero el proceso de producci\u00f3n es analizado, verificado para resultado, y modificado, si es necesario. Las piezas de madera procesada son escrudi\u00f1adas al almacenarlas, y una vez m\u00e1s, cuando son embaladas.<\/p>\n<p><strong>El precio est\u00e1 en funci\u00f3n de la cantidad y composici\u00f3n de la orden. Ciertamente, nosotros incluimos en el precio el factor de recuperaci\u00f3n de madera. <\/strong>Como resultado, somos los m\u00e1s competitivos cuando recibimos una orden de composici\u00f3n bien equilibrada, incluyendo partes peque\u00f1as y grandes, respectivamente dentro de conjuntos completos.<\/p>\n<p><a href=\"https:\/\/dev2.prosono-hardwoods.com\/es\/proceso-y-garantia-de-calidad\/\">Proceso y garant\u00eda de calidad<\/a>[\/vc_column_text][vc_gallery interval=\u00bb3&#8243; images=\u00bb3398,3416,3419,3425,5764,6026&#8243; img_size=\u00bb480 \u00d7 640&#8243;][\/vc_column][\/vc_row][vc_row][vc_column][vc_column_text]<\/p>\n<table width=\"100%\">\n<tbody>\n<tr>\n<td rowspan=\"10\" width=\"130\"><img loading=\"lazy\" decoding=\"async\" class=\"alignnone size-full wp-image-393\" src=\"https:\/\/dev2.prosono-hardwoods.com\/wp-content\/uploads\/2017\/02\/mopane.jpg\" alt=\"\" width=\"200\" height=\"137\" srcset=\"https:\/\/dev2.prosono-hardwoods.com\/wp-content\/uploads\/2017\/02\/mopane.jpg 200w, https:\/\/dev2.prosono-hardwoods.com\/wp-content\/uploads\/2017\/02\/mopane-50x34.jpg 50w, https:\/\/dev2.prosono-hardwoods.com\/wp-content\/uploads\/2017\/02\/mopane-109x75.jpg 109w\" sizes=\"(max-width:767px) 200px, 200px\" \/><img loading=\"lazy\" decoding=\"async\" class=\"alignnone size-full wp-image-396\" src=\"https:\/\/dev2.prosono-hardwoods.com\/wp-content\/uploads\/2017\/02\/mopane3.jpg\" alt=\"\" width=\"200\" height=\"132\" srcset=\"https:\/\/dev2.prosono-hardwoods.com\/wp-content\/uploads\/2017\/02\/mopane3.jpg 200w, https:\/\/dev2.prosono-hardwoods.com\/wp-content\/uploads\/2017\/02\/mopane3-50x33.jpg 50w, https:\/\/dev2.prosono-hardwoods.com\/wp-content\/uploads\/2017\/02\/mopane3-114x75.jpg 114w\" sizes=\"(max-width:767px) 200px, 200px\" \/><\/td>\n<td width=\"130\">Nombre bot\u00e1nico<\/td>\n<td width=\"534\"><strong>Colophospermum mopane<\/strong><\/td>\n<\/tr>\n<tr>\n<td width=\"130\">Familia<\/td>\n<td width=\"534\"><strong>Fabaceae<\/strong><\/td>\n<\/tr>\n<tr>\n<td width=\"130\">Nombre Local<\/td>\n<td width=\"534\"><strong>Mopani<\/strong><\/td>\n<\/tr>\n<tr>\n<td width=\"130\">Nombre espa\u00f1ol<\/td>\n<td width=\"534\"><strong>Mopan<\/strong><\/td>\n<\/tr>\n<tr>\n<td width=\"130\">Distribuci\u00f3n<\/td>\n<td width=\"534\">Malawi, Zambia, Zimbabue y Limpopo, la Provincia m\u00e1s al norte de Sud\u00e1frica.<\/td>\n<\/tr>\n<tr>\n<td width=\"130\">El \u00e1rbol<\/td>\n<td width=\"534\">Se encuentra en las regiones m\u00e1s h\u00famedas y semi-h\u00fameda. El crece hasta llegar a 30 metros de altura y un di\u00e1metro de 90 cm en las regiones mas h\u00famedas.<\/td>\n<\/tr>\n<tr>\n<td width=\"130\">La madera<\/td>\n<td width=\"534\">Su n\u00facleo es caf\u00e9 rojizo, la escasa albura, es de color amarillo a caf\u00e9 claro.<br \/>\nLa madera es muy dura y pesada, resistente a las termitas. Densidad secada al aire 1.3 t \/m3 (77 lb\/ cu ft)<\/td>\n<\/tr>\n<tr>\n<td width=\"130\">Preparaci\u00f3n<\/td>\n<td width=\"534\">El secado es lento. El contenido de aceite de la madera no permite que se raje o se parta f\u00e1cilmente, lo que explica esta caracter\u00edstica.<\/td>\n<\/tr>\n<tr>\n<td width=\"130\">Manejabilidad<\/td>\n<td width=\"534\">Se trabaja bien con las herramientas adecuadas. Se encola muy bien.<\/td>\n<\/tr>\n<tr>\n<td width=\"130\">Uso<\/td>\n<td width=\"534\">Para mobiliario de alta calidad, y incrustaciones en maderas de colores claros. Durante muchos a\u00f1os ha sido usada para flautas, piccolos y otros instrumentos musicales tradicionales. Su tono es tan rico como el del granadillo africano, fuerte pero un poco m\u00e1s c\u00e1lido. Se asemeja al tono del cocobolo, una madera extinta comercialmente. Su alta densidad y buena manejabilidad, la hacen una atractiva alternativa al granadillo africano, especialmente en pa\u00edses muy secos y h\u00famedos, donde el granadillo africano tiene la tendencia rajarse.<\/td>\n<\/tr>\n<\/tbody>\n<\/table>\n<p>[\/vc_column_text][\/vc_column][\/vc_row]<\/p>\n<\/section>","protected":false},"excerpt":{"rendered":"<p>[vc_row][vc_column][vc_column_text]El mopani es la soluci\u00f3n para los fabricantes de instrumentos de viento, que quieren resolver el problema de las ventas de instrumentos a trav\u00e9s de fronteras<span class=\"excerpt-hellip\"> [\u2026]<\/span><\/p>\n","protected":false},"author":4,"featured_media":0,"parent":1848,"menu_order":0,"comment_status":"closed","ping_status":"closed","template":"","meta":{"_themeisle_gutenberg_block_has_review":false,"footnotes":""},"yoast_head":"<!-- This site is optimized with the Yoast SEO plugin v21.5 - https:\/\/yoast.com\/wordpress\/plugins\/seo\/ -->\n<title>Mopani - Madera en venta - Prosono international<\/title>\n<meta name=\"description\" content=\"ProSono Hardwoods es el proveedor l\u00edder de madera de mopane (mopani) para instrumentos musicales, clarinetes, oboes, cuernos ingles, gaitas, flautas y mas. Saber m\u00e1s.\" \/>\n<meta name=\"robots\" content=\"noindex, follow, max-snippet:-1, max-image-preview:large, max-video-preview:-1\" \/>\n<meta property=\"og:locale\" content=\"es_ES\" \/>\n<meta property=\"og:type\" content=\"article\" \/>\n<meta property=\"og:title\" content=\"Mopani - Madera en venta - Prosono international\" \/>\n<meta property=\"og:description\" content=\"ProSono Hardwoods es el proveedor l\u00edder de madera de mopane (mopani) para instrumentos musicales, clarinetes, oboes, cuernos ingles, gaitas, flautas y mas. Saber m\u00e1s.\" \/>\n<meta property=\"og:url\" content=\"https:\/\/dev2.prosono-hardwoods.com\/es\/especies-maderas\/mopani\/\" \/>\n<meta property=\"og:site_name\" content=\"Prosono international\" \/>\n<meta property=\"article:modified_time\" content=\"2024-01-12T14:50:09+00:00\" \/>\n<meta property=\"og:image\" content=\"https:\/\/dev2.prosono-hardwoods.com\/wp-content\/uploads\/2017\/02\/mopane.jpg\" \/>\n<meta name=\"twitter:card\" content=\"summary_large_image\" \/>\n<meta name=\"twitter:label1\" content=\"Tiempo de lectura\" \/>\n\t<meta name=\"twitter:data1\" content=\"6 minutos\" \/>\n<script type=\"application\/ld+json\" class=\"yoast-schema-graph\">{\"@context\":\"https:\/\/schema.org\",\"@graph\":[{\"@type\":\"WebPage\",\"@id\":\"https:\/\/dev2.prosono-hardwoods.com\/es\/especies-maderas\/mopani\/\",\"url\":\"https:\/\/dev2.prosono-hardwoods.com\/es\/especies-maderas\/mopani\/\",\"name\":\"Mopani - Madera en venta - Prosono international\",\"isPartOf\":{\"@id\":\"https:\/\/dev2.prosono-hardwoods.com\/#website\"},\"datePublished\":\"2017-02-13T20:17:16+00:00\",\"dateModified\":\"2024-01-12T14:50:09+00:00\",\"description\":\"ProSono Hardwoods es el proveedor l\u00edder de madera de mopane (mopani) para instrumentos musicales, clarinetes, oboes, cuernos ingles, gaitas, flautas y mas. Saber m\u00e1s.\",\"breadcrumb\":{\"@id\":\"https:\/\/dev2.prosono-hardwoods.com\/es\/especies-maderas\/mopani\/#breadcrumb\"},\"inLanguage\":\"es\",\"potentialAction\":[{\"@type\":\"ReadAction\",\"target\":[\"https:\/\/dev2.prosono-hardwoods.com\/es\/especies-maderas\/mopani\/\"]}]},{\"@type\":\"BreadcrumbList\",\"@id\":\"https:\/\/dev2.prosono-hardwoods.com\/es\/especies-maderas\/mopani\/#breadcrumb\",\"itemListElement\":[{\"@type\":\"ListItem\",\"position\":1,\"name\":\"Accueil\",\"item\":\"https:\/\/dev2.prosono-hardwoods.com\/\"},{\"@type\":\"ListItem\",\"position\":2,\"name\":\"ESPECIES DE MADERAS\",\"item\":\"https:\/\/dev2.prosono-hardwoods.com\/es\/especies-maderas\/\"},{\"@type\":\"ListItem\",\"position\":3,\"name\":\"Mopani\"}]},{\"@type\":\"WebSite\",\"@id\":\"https:\/\/dev2.prosono-hardwoods.com\/#website\",\"url\":\"https:\/\/dev2.prosono-hardwoods.com\/\",\"name\":\"Prosono international\",\"description\":\"\",\"publisher\":{\"@id\":\"https:\/\/dev2.prosono-hardwoods.com\/#organization\"},\"potentialAction\":[{\"@type\":\"SearchAction\",\"target\":{\"@type\":\"EntryPoint\",\"urlTemplate\":\"https:\/\/dev2.prosono-hardwoods.com\/?s={search_term_string}\"},\"query-input\":\"required name=search_term_string\"}],\"inLanguage\":\"es\"},{\"@type\":\"Organization\",\"@id\":\"https:\/\/dev2.prosono-hardwoods.com\/#organization\",\"name\":\"Prosono Hardwoods International\",\"url\":\"https:\/\/dev2.prosono-hardwoods.com\/\",\"logo\":{\"@type\":\"ImageObject\",\"inLanguage\":\"es\",\"@id\":\"https:\/\/dev2.prosono-hardwoods.com\/#\/schema\/logo\/image\/\",\"url\":\"https:\/\/dev2.prosono-hardwoods.com\/wp-content\/uploads\/2020\/08\/prosono-logo@2x.png\",\"contentUrl\":\"https:\/\/dev2.prosono-hardwoods.com\/wp-content\/uploads\/2020\/08\/prosono-logo@2x.png\",\"width\":404,\"height\":90,\"caption\":\"Prosono Hardwoods International\"},\"image\":{\"@id\":\"https:\/\/dev2.prosono-hardwoods.com\/#\/schema\/logo\/image\/\"}}]}<\/script>\n<!-- \/ Yoast SEO plugin. -->","yoast_head_json":{"title":"Mopani - Madera en venta - Prosono international","description":"ProSono Hardwoods es el proveedor l\u00edder de madera de mopane (mopani) para instrumentos musicales, clarinetes, oboes, cuernos ingles, gaitas, flautas y mas. Saber m\u00e1s.","robots":{"index":"noindex","follow":"follow","max-snippet":"max-snippet:-1","max-image-preview":"max-image-preview:large","max-video-preview":"max-video-preview:-1"},"og_locale":"es_ES","og_type":"article","og_title":"Mopani - Madera en venta - Prosono international","og_description":"ProSono Hardwoods es el proveedor l\u00edder de madera de mopane (mopani) para instrumentos musicales, clarinetes, oboes, cuernos ingles, gaitas, flautas y mas. Saber m\u00e1s.","og_url":"https:\/\/dev2.prosono-hardwoods.com\/es\/especies-maderas\/mopani\/","og_site_name":"Prosono international","article_modified_time":"2024-01-12T14:50:09+00:00","og_image":[{"url":"https:\/\/dev2.prosono-hardwoods.com\/wp-content\/uploads\/2017\/02\/mopane.jpg"}],"twitter_card":"summary_large_image","twitter_misc":{"Tiempo de lectura":"6 minutos"},"schema":{"@context":"https:\/\/schema.org","@graph":[{"@type":"WebPage","@id":"https:\/\/dev2.prosono-hardwoods.com\/es\/especies-maderas\/mopani\/","url":"https:\/\/dev2.prosono-hardwoods.com\/es\/especies-maderas\/mopani\/","name":"Mopani - Madera en venta - Prosono international","isPartOf":{"@id":"https:\/\/dev2.prosono-hardwoods.com\/#website"},"datePublished":"2017-02-13T20:17:16+00:00","dateModified":"2024-01-12T14:50:09+00:00","description":"ProSono Hardwoods es el proveedor l\u00edder de madera de mopane (mopani) para instrumentos musicales, clarinetes, oboes, cuernos ingles, gaitas, flautas y mas. Saber m\u00e1s.","breadcrumb":{"@id":"https:\/\/dev2.prosono-hardwoods.com\/es\/especies-maderas\/mopani\/#breadcrumb"},"inLanguage":"es","potentialAction":[{"@type":"ReadAction","target":["https:\/\/dev2.prosono-hardwoods.com\/es\/especies-maderas\/mopani\/"]}]},{"@type":"BreadcrumbList","@id":"https:\/\/dev2.prosono-hardwoods.com\/es\/especies-maderas\/mopani\/#breadcrumb","itemListElement":[{"@type":"ListItem","position":1,"name":"Accueil","item":"https:\/\/dev2.prosono-hardwoods.com\/"},{"@type":"ListItem","position":2,"name":"ESPECIES DE MADERAS","item":"https:\/\/dev2.prosono-hardwoods.com\/es\/especies-maderas\/"},{"@type":"ListItem","position":3,"name":"Mopani"}]},{"@type":"WebSite","@id":"https:\/\/dev2.prosono-hardwoods.com\/#website","url":"https:\/\/dev2.prosono-hardwoods.com\/","name":"Prosono international","description":"","publisher":{"@id":"https:\/\/dev2.prosono-hardwoods.com\/#organization"},"potentialAction":[{"@type":"SearchAction","target":{"@type":"EntryPoint","urlTemplate":"https:\/\/dev2.prosono-hardwoods.com\/?s={search_term_string}"},"query-input":"required name=search_term_string"}],"inLanguage":"es"},{"@type":"Organization","@id":"https:\/\/dev2.prosono-hardwoods.com\/#organization","name":"Prosono Hardwoods International","url":"https:\/\/dev2.prosono-hardwoods.com\/","logo":{"@type":"ImageObject","inLanguage":"es","@id":"https:\/\/dev2.prosono-hardwoods.com\/#\/schema\/logo\/image\/","url":"https:\/\/dev2.prosono-hardwoods.com\/wp-content\/uploads\/2020\/08\/prosono-logo@2x.png","contentUrl":"https:\/\/dev2.prosono-hardwoods.com\/wp-content\/uploads\/2020\/08\/prosono-logo@2x.png","width":404,"height":90,"caption":"Prosono Hardwoods International"},"image":{"@id":"https:\/\/dev2.prosono-hardwoods.com\/#\/schema\/logo\/image\/"}}]}},"_links":{"self":[{"href":"https:\/\/dev2.prosono-hardwoods.com\/es\/wp-json\/wp\/v2\/pages\/1736"}],"collection":[{"href":"https:\/\/dev2.prosono-hardwoods.com\/es\/wp-json\/wp\/v2\/pages"}],"about":[{"href":"https:\/\/dev2.prosono-hardwoods.com\/es\/wp-json\/wp\/v2\/types\/page"}],"author":[{"embeddable":true,"href":"https:\/\/dev2.prosono-hardwoods.com\/es\/wp-json\/wp\/v2\/users\/4"}],"replies":[{"embeddable":true,"href":"https:\/\/dev2.prosono-hardwoods.com\/es\/wp-json\/wp\/v2\/comments?post=1736"}],"version-history":[{"count":19,"href":"https:\/\/dev2.prosono-hardwoods.com\/es\/wp-json\/wp\/v2\/pages\/1736\/revisions"}],"predecessor-version":[{"id":23909,"href":"https:\/\/dev2.prosono-hardwoods.com\/es\/wp-json\/wp\/v2\/pages\/1736\/revisions\/23909"}],"up":[{"embeddable":true,"href":"https:\/\/dev2.prosono-hardwoods.com\/es\/wp-json\/wp\/v2\/pages\/1848"}],"wp:attachment":[{"href":"https:\/\/dev2.prosono-hardwoods.com\/es\/wp-json\/wp\/v2\/media?parent=1736"}],"curies":[{"name":"wp","href":"https:\/\/api.w.org\/{rel}","templated":true}]}}