{"id":1738,"date":"2017-02-13T21:17:56","date_gmt":"2017-02-13T20:17:56","guid":{"rendered":"https:\/\/dev2.prosono-hardwoods.com\/leadwood\/"},"modified":"2024-01-12T15:48:33","modified_gmt":"2024-01-12T14:48:33","slug":"el-monzo-combretum-imberbe","status":"publish","type":"page","link":"https:\/\/dev2.prosono-hardwoods.com\/es\/especies-maderas\/el-monzo-combretum-imberbe\/","title":{"rendered":"Monzo"},"content":{"rendered":"<section class=\"wpb-content-wrapper\"><p>[vc_row][vc_column width=\u00bb1\/2&#8243;][vc_column_text]Esta madera fue introducida inicialmente por nuestro distribuidor americano seguido de nuestro distribuidor brit\u00e1nico y finalmente consigui\u00f3 una aceptaci\u00f3n m\u00e1s amplia.<\/p>\n<p>La madera de plomo ha encontrado aceptaciones de peque\u00f1o tama\u00f1o como mangos de cuchillos, tacos de billar, pipas para fumar y de una manera limitada limitada para fondos y aros de guitarras ac\u00fasticas y para gaitas.<br \/>\nComo esta madera se tornea bien, tiene un grano fino y proporciona un acabado brillante, se utiliza para ensaladeras y adornos.[\/vc_column_text][vc_column_text]<\/p>\n<h2><strong>Duramen <\/strong><\/h2>\n<p>La madera va desde el gris al negro oscuro. La albura es distintivamente amarilla. La madera es muy dura y pesada y de poca porosidad.<\/p>\n<h3><strong>Proceso de corta<\/strong><\/h3>\n<p>La madera es dura y por lo tanto cortada en etapas. En una primera etapa, los troncos se cortan en tablas con una cinta horizontal de sierra flexible. En una segunda etapa se corta en piezas con hojas con dientes de tungsteno. Las hojas tienden a obstruirse. Las herramientas se desafilian r\u00e1pidamente porque la s\u00edlice est\u00e1 presente en la madera de plomo.<\/p>\n<p>El secado<strong>\u00a0<\/strong>bastante bien y r\u00e1pidamente a 1,2 t por m3 que es alto y explica su aceptaci\u00f3n para instrumentos musicales como fondos y aros de guitarras y para gaitas.[\/vc_column_text][\/vc_column][vc_column width=\u00bb1\/2&#8243;][vc_single_image image=\u00bb5785&#8243; img_size=\u00bbfull\u00bb][\/vc_column][\/vc_row][vc_row][vc_column][vc_column_text]<\/p>\n<h3><strong>Las partes que nos esforzamos por mantener en stock<\/strong><\/h3>\n<p>[\/vc_column_text][\/vc_column][\/vc_row][vc_row][vc_column width=\u00bb1\/2&#8243;][vc_column_text]<\/p>\n<table width=\"109%\">\n<tbody>\n<tr style=\"background-color: #dcdad2;\">\n<td width=\"33%\"><strong>Escuadras de torner\u00eda\u00a0\u00a0 <\/strong><\/td>\n<td width=\"33%\"><strong>en mm<\/strong><\/td>\n<\/tr>\n<tr>\n<td width=\"33%\"><strong>3\/4 x 3\/4 x 6<\/strong><\/td>\n<td width=\"33%\"><strong>20 x 20 x 152<\/strong><\/td>\n<\/tr>\n<tr>\n<td width=\"33%\"><strong>1 x 1 x 6<\/strong><\/td>\n<td width=\"33%\"><strong>26 x 26 x 150<\/strong><\/td>\n<\/tr>\n<tr>\n<td width=\"33%\"><strong>11\/2 x 11\/2 x 3<\/strong><\/td>\n<td width=\"33%\"><strong>38 x 38 x 75<\/strong><\/td>\n<\/tr>\n<tr>\n<td width=\"33%\"><strong>11\/2 x 11\/2 x 6<\/strong><\/td>\n<td width=\"33%\"><strong>38 x 38 x 150<\/strong><\/td>\n<\/tr>\n<tr>\n<td width=\"33%\"><strong>11\/2 x 11\/2 x 12<\/strong><\/td>\n<td width=\"33%\"><strong>38 x 38 x 310<\/strong><\/td>\n<\/tr>\n<tr>\n<td width=\"33%\"><strong>11\/2 x 11\/2 x 16<\/strong><\/td>\n<td width=\"33%\"><strong>38 x 38 x 410<\/strong><\/td>\n<\/tr>\n<tr>\n<td width=\"33%\"><strong>11\/2 x 11\/2 x 18<\/strong><\/td>\n<td width=\"33%\"><strong>38 x 38 x 457<\/strong><\/td>\n<\/tr>\n<tr>\n<td width=\"33%\"><strong>2 x 2 x 4<\/strong><\/td>\n<td width=\"33%\"><strong>51 x 51 x 100<\/strong><\/td>\n<\/tr>\n<tr>\n<td width=\"33%\"><strong>2 x 2 x 6<\/strong><\/td>\n<td width=\"33%\"><strong>51 x 51 x 150<\/strong><\/td>\n<\/tr>\n<tr>\n<td width=\"33%\"><strong>2 x 2 x 8<\/strong><\/td>\n<td width=\"33%\"><strong>51 x 51 x 205<\/strong><\/td>\n<\/tr>\n<tr>\n<td width=\"33%\"><strong>3 x 3 x 12<\/strong><\/td>\n<td width=\"33%\"><strong>76 x 76 x 300 <\/strong><\/td>\n<\/tr>\n<tr>\n<td width=\"33%\"><strong>3 x 3 x 18<\/strong><\/td>\n<td width=\"33%\"><strong>76 x 76 x 457<\/strong><\/td>\n<\/tr>\n<tr style=\"background-color: #dcdad2;\">\n<td width=\"33%\"><strong>Bloques<\/strong><\/td>\n<td width=\"33%\"><strong>\u00a0<\/strong><\/td>\n<\/tr>\n<tr>\n<td width=\"33%\"><strong>4 x 4 x 2<\/strong><\/td>\n<td width=\"33%\"><strong>100 x 100 x 50<\/strong><\/td>\n<\/tr>\n<tr>\n<td width=\"33%\"><strong>5 x 5 x 2<\/strong><\/td>\n<td width=\"33%\"><strong>125 x 125 x 50<\/strong><\/td>\n<\/tr>\n<tr>\n<td width=\"33%\"><strong>6 x 6 x 2<\/strong><\/td>\n<td width=\"33%\"><strong>150 x 150 x 50<\/strong><\/td>\n<\/tr>\n<tr>\n<td width=\"33%\"><strong>8 x 8 x 2<\/strong><\/td>\n<td width=\"33%\"><strong>200 x 200 x 50<\/strong><\/td>\n<\/tr>\n<tr>\n<td width=\"33%\"><strong>8 x 8 x 3<\/strong><\/td>\n<td width=\"33%\"><strong>200 x 200 x 100<\/strong><\/td>\n<\/tr>\n<\/tbody>\n<\/table>\n<p><a href=\"https:\/\/dev2.prosono-hardwoods.com\/en\/turners_carvers.shtml\"><br \/>\n<\/a>[\/vc_column_text][\/vc_column][vc_column width=\u00bb1\/2&#8243;][vc_gallery interval=\u00bb3&#8243; images=\u00bb5152,5799&#8243; img_size=\u00bb1380 \u00d7 972&#8243; onclick=\u00bb\u00bb][vc_gallery interval=\u00bb3&#8243; images=\u00bb2696,5920&#8243; img_size=\u00bb1280\u00d7 716&#8243; onclick=\u00bb\u00bb][\/vc_column][\/vc_row][vc_row][vc_column width=\u00bb1\/2&#8243;][vc_single_image image=\u00bb5752&#8243; img_size=\u00bbfull\u00bb][\/vc_column][vc_column width=\u00bb1\/2&#8243;][vc_column_text]<\/p>\n<table>\n<tbody>\n<tr style=\"background-color: #dcdad2;\">\n<td width=\"200\">Nombre bot\u00e1nico<\/td>\n<td width=\"338\">Combretum imberbe<\/td>\n<\/tr>\n<tr>\n<td width=\"200\">Familia<\/td>\n<td width=\"338\">Combretaceae<\/td>\n<\/tr>\n<tr>\n<td width=\"200\">Nombre local<\/td>\n<td width=\"338\">Hardekool<\/td>\n<\/tr>\n<tr>\n<td width=\"200\">Nombre ingles<\/td>\n<td width=\"338\">Leadwood<\/td>\n<\/tr>\n<tr>\n<td width=\"200\"><strong>Nombre portugu\u00e9s y espa\u00f1ol<\/strong><\/td>\n<td width=\"338\">\n<p><strong>Monzo<\/strong><\/p>\n<p><strong>\u00a0<\/strong><\/td>\n<\/tr>\n<tr>\n<td width=\"200\">\n<p>Distribuci\u00f3n<\/p>\n<p><strong>\u00a0<\/strong><\/p>\n<p><strong>\u00a0<\/strong><\/td>\n<td width=\"338\">De Tanzania en el Norte a KwaZulu-Natal en el Sur<\/td>\n<\/tr>\n<tr>\n<td width=\"200\">\n<p>El \u00e1rbol<\/p>\n<p>&nbsp;<\/p>\n<p>&nbsp;<\/p>\n<p><strong>\u00a0<\/strong><\/td>\n<td width=\"338\">\n<p>\u00c1rbol semi-deciduo, 7-15 metros de altura, a veces en arbusto. Crece en bosques abiertos de todo tipo. La corteza es gris-p\u00e1lida, est\u00e1 agrietada en formas rectangulares. Es una especie protegida en Sud\u00e1frica. La tala est\u00e1 sujeta a la obtenci\u00f3n de permisos.<\/p>\n<p>&nbsp;<\/td>\n<\/tr>\n<tr>\n<td width=\"200\">\n<p>La madera<\/p>\n<p><strong>\u00a0<\/strong><\/td>\n<td width=\"338\">\n<p>La madera es dura, pesada, gris\u00e1cea a negra, la albura es amarilla. La densidad es 1,2 t \/ m3 cuando se seca al aire.<\/p>\n<p>&nbsp;<\/td>\n<\/tr>\n<tr>\n<td width=\"200\">\n<p>Preparaci\u00f3n<\/p>\n<p><strong>\u00a0<\/strong><\/td>\n<td width=\"338\">La madera se seca bastante r\u00e1pidamente, si se apila adecuadamente aproximadamente durante 4 meses.<\/td>\n<\/tr>\n<tr>\n<td width=\"200\">\n<p>Manejabilidad<\/p>\n<p><strong>\u00a0<\/strong><\/td>\n<td width=\"338\">La madera es estable. Es dif\u00edcil de serrar debido a su contenido de s\u00edlice. Se tornea bien. Es de grano fino y cuando esta pulido proporciona una superficie similar al vidrio.<\/td>\n<\/tr>\n<tr>\n<td width=\"200\">\n<p>Uso<\/p>\n<p><strong>\u00a0<\/strong><\/td>\n<td width=\"338\">Se ha utilizado extensivamente para instrumentos agr\u00edcolas, postes de granjas, traviesas de ferrocarril y apoyo en las minas. Se ha cosechado extensamente para le\u00f1a lo que explica su estado protegido. Es popular en torner\u00eda y para los artesanos fabricantes de cuchillos. Debido a su estabilidad y facilidad de tornear ha encontrado aplicaciones para gaitas y fondos y aros de guitarras ac\u00fasticas.<\/td>\n<\/tr>\n<\/tbody>\n<\/table>\n<p>[\/vc_column_text][\/vc_column][\/vc_row]<\/p>\n<\/section>","protected":false},"excerpt":{"rendered":"<p>[vc_row][vc_column width=\u00bb1\/2&#8243;][vc_column_text]Esta madera fue introducida inicialmente por nuestro distribuidor americano seguido de nuestro distribuidor brit\u00e1nico y finalmente consigui\u00f3 una aceptaci\u00f3n m\u00e1s amplia. La madera de plomo<span class=\"excerpt-hellip\"> [\u2026]<\/span><\/p>\n","protected":false},"author":4,"featured_media":0,"parent":1848,"menu_order":0,"comment_status":"closed","ping_status":"closed","template":"","meta":{"_themeisle_gutenberg_block_has_review":false,"footnotes":""},"yoast_head":"<!-- This site is optimized with the Yoast SEO plugin v21.5 - https:\/\/yoast.com\/wordpress\/plugins\/seo\/ -->\n<title>Monzo - Madera en venta - Prosono international<\/title>\n<meta name=\"description\" content=\"ProSono suministra monzo, madera de alta densidad y calidad para instrumentos musicales, instrumentos de viento, clarinetes, dulzainas, flautas, gaitas y mas.\" \/>\n<meta name=\"robots\" content=\"noindex, follow, max-snippet:-1, max-image-preview:large, max-video-preview:-1\" \/>\n<meta property=\"og:locale\" content=\"es_ES\" \/>\n<meta property=\"og:type\" content=\"article\" \/>\n<meta property=\"og:title\" content=\"Monzo - Madera en venta - Prosono international\" \/>\n<meta property=\"og:description\" content=\"ProSono suministra monzo, madera de alta densidad y calidad para instrumentos musicales, instrumentos de viento, clarinetes, dulzainas, flautas, gaitas y mas.\" \/>\n<meta property=\"og:url\" content=\"https:\/\/dev2.prosono-hardwoods.com\/es\/especies-maderas\/el-monzo-combretum-imberbe\/\" \/>\n<meta property=\"og:site_name\" content=\"Prosono international\" \/>\n<meta property=\"article:modified_time\" content=\"2024-01-12T14:48:33+00:00\" \/>\n<meta name=\"twitter:card\" content=\"summary_large_image\" \/>\n<meta name=\"twitter:label1\" content=\"Tiempo de lectura\" \/>\n\t<meta name=\"twitter:data1\" content=\"3 minutos\" \/>\n<script type=\"application\/ld+json\" class=\"yoast-schema-graph\">{\"@context\":\"https:\/\/schema.org\",\"@graph\":[{\"@type\":\"WebPage\",\"@id\":\"https:\/\/dev2.prosono-hardwoods.com\/es\/especies-maderas\/el-monzo-combretum-imberbe\/\",\"url\":\"https:\/\/dev2.prosono-hardwoods.com\/es\/especies-maderas\/el-monzo-combretum-imberbe\/\",\"name\":\"Monzo - Madera en venta - Prosono international\",\"isPartOf\":{\"@id\":\"https:\/\/dev2.prosono-hardwoods.com\/#website\"},\"datePublished\":\"2017-02-13T20:17:56+00:00\",\"dateModified\":\"2024-01-12T14:48:33+00:00\",\"description\":\"ProSono suministra monzo, madera de alta densidad y calidad para instrumentos musicales, instrumentos de viento, clarinetes, dulzainas, flautas, gaitas y mas.\",\"breadcrumb\":{\"@id\":\"https:\/\/dev2.prosono-hardwoods.com\/es\/especies-maderas\/el-monzo-combretum-imberbe\/#breadcrumb\"},\"inLanguage\":\"es\",\"potentialAction\":[{\"@type\":\"ReadAction\",\"target\":[\"https:\/\/dev2.prosono-hardwoods.com\/es\/especies-maderas\/el-monzo-combretum-imberbe\/\"]}]},{\"@type\":\"BreadcrumbList\",\"@id\":\"https:\/\/dev2.prosono-hardwoods.com\/es\/especies-maderas\/el-monzo-combretum-imberbe\/#breadcrumb\",\"itemListElement\":[{\"@type\":\"ListItem\",\"position\":1,\"name\":\"Accueil\",\"item\":\"https:\/\/dev2.prosono-hardwoods.com\/\"},{\"@type\":\"ListItem\",\"position\":2,\"name\":\"ESPECIES DE MADERAS\",\"item\":\"https:\/\/dev2.prosono-hardwoods.com\/es\/especies-maderas\/\"},{\"@type\":\"ListItem\",\"position\":3,\"name\":\"Monzo\"}]},{\"@type\":\"WebSite\",\"@id\":\"https:\/\/dev2.prosono-hardwoods.com\/#website\",\"url\":\"https:\/\/dev2.prosono-hardwoods.com\/\",\"name\":\"Prosono international\",\"description\":\"\",\"publisher\":{\"@id\":\"https:\/\/dev2.prosono-hardwoods.com\/#organization\"},\"potentialAction\":[{\"@type\":\"SearchAction\",\"target\":{\"@type\":\"EntryPoint\",\"urlTemplate\":\"https:\/\/dev2.prosono-hardwoods.com\/?s={search_term_string}\"},\"query-input\":\"required name=search_term_string\"}],\"inLanguage\":\"es\"},{\"@type\":\"Organization\",\"@id\":\"https:\/\/dev2.prosono-hardwoods.com\/#organization\",\"name\":\"Prosono Hardwoods International\",\"url\":\"https:\/\/dev2.prosono-hardwoods.com\/\",\"logo\":{\"@type\":\"ImageObject\",\"inLanguage\":\"es\",\"@id\":\"https:\/\/dev2.prosono-hardwoods.com\/#\/schema\/logo\/image\/\",\"url\":\"https:\/\/dev2.prosono-hardwoods.com\/wp-content\/uploads\/2020\/08\/prosono-logo@2x.png\",\"contentUrl\":\"https:\/\/dev2.prosono-hardwoods.com\/wp-content\/uploads\/2020\/08\/prosono-logo@2x.png\",\"width\":404,\"height\":90,\"caption\":\"Prosono Hardwoods International\"},\"image\":{\"@id\":\"https:\/\/dev2.prosono-hardwoods.com\/#\/schema\/logo\/image\/\"}}]}<\/script>\n<!-- \/ Yoast SEO plugin. -->","yoast_head_json":{"title":"Monzo - Madera en venta - Prosono international","description":"ProSono suministra monzo, madera de alta densidad y calidad para instrumentos musicales, instrumentos de viento, clarinetes, dulzainas, flautas, gaitas y mas.","robots":{"index":"noindex","follow":"follow","max-snippet":"max-snippet:-1","max-image-preview":"max-image-preview:large","max-video-preview":"max-video-preview:-1"},"og_locale":"es_ES","og_type":"article","og_title":"Monzo - Madera en venta - Prosono international","og_description":"ProSono suministra monzo, madera de alta densidad y calidad para instrumentos musicales, instrumentos de viento, clarinetes, dulzainas, flautas, gaitas y mas.","og_url":"https:\/\/dev2.prosono-hardwoods.com\/es\/especies-maderas\/el-monzo-combretum-imberbe\/","og_site_name":"Prosono international","article_modified_time":"2024-01-12T14:48:33+00:00","twitter_card":"summary_large_image","twitter_misc":{"Tiempo de lectura":"3 minutos"},"schema":{"@context":"https:\/\/schema.org","@graph":[{"@type":"WebPage","@id":"https:\/\/dev2.prosono-hardwoods.com\/es\/especies-maderas\/el-monzo-combretum-imberbe\/","url":"https:\/\/dev2.prosono-hardwoods.com\/es\/especies-maderas\/el-monzo-combretum-imberbe\/","name":"Monzo - Madera en venta - Prosono international","isPartOf":{"@id":"https:\/\/dev2.prosono-hardwoods.com\/#website"},"datePublished":"2017-02-13T20:17:56+00:00","dateModified":"2024-01-12T14:48:33+00:00","description":"ProSono suministra monzo, madera de alta densidad y calidad para instrumentos musicales, instrumentos de viento, clarinetes, dulzainas, flautas, gaitas y mas.","breadcrumb":{"@id":"https:\/\/dev2.prosono-hardwoods.com\/es\/especies-maderas\/el-monzo-combretum-imberbe\/#breadcrumb"},"inLanguage":"es","potentialAction":[{"@type":"ReadAction","target":["https:\/\/dev2.prosono-hardwoods.com\/es\/especies-maderas\/el-monzo-combretum-imberbe\/"]}]},{"@type":"BreadcrumbList","@id":"https:\/\/dev2.prosono-hardwoods.com\/es\/especies-maderas\/el-monzo-combretum-imberbe\/#breadcrumb","itemListElement":[{"@type":"ListItem","position":1,"name":"Accueil","item":"https:\/\/dev2.prosono-hardwoods.com\/"},{"@type":"ListItem","position":2,"name":"ESPECIES DE MADERAS","item":"https:\/\/dev2.prosono-hardwoods.com\/es\/especies-maderas\/"},{"@type":"ListItem","position":3,"name":"Monzo"}]},{"@type":"WebSite","@id":"https:\/\/dev2.prosono-hardwoods.com\/#website","url":"https:\/\/dev2.prosono-hardwoods.com\/","name":"Prosono international","description":"","publisher":{"@id":"https:\/\/dev2.prosono-hardwoods.com\/#organization"},"potentialAction":[{"@type":"SearchAction","target":{"@type":"EntryPoint","urlTemplate":"https:\/\/dev2.prosono-hardwoods.com\/?s={search_term_string}"},"query-input":"required name=search_term_string"}],"inLanguage":"es"},{"@type":"Organization","@id":"https:\/\/dev2.prosono-hardwoods.com\/#organization","name":"Prosono Hardwoods International","url":"https:\/\/dev2.prosono-hardwoods.com\/","logo":{"@type":"ImageObject","inLanguage":"es","@id":"https:\/\/dev2.prosono-hardwoods.com\/#\/schema\/logo\/image\/","url":"https:\/\/dev2.prosono-hardwoods.com\/wp-content\/uploads\/2020\/08\/prosono-logo@2x.png","contentUrl":"https:\/\/dev2.prosono-hardwoods.com\/wp-content\/uploads\/2020\/08\/prosono-logo@2x.png","width":404,"height":90,"caption":"Prosono Hardwoods International"},"image":{"@id":"https:\/\/dev2.prosono-hardwoods.com\/#\/schema\/logo\/image\/"}}]}},"_links":{"self":[{"href":"https:\/\/dev2.prosono-hardwoods.com\/es\/wp-json\/wp\/v2\/pages\/1738"}],"collection":[{"href":"https:\/\/dev2.prosono-hardwoods.com\/es\/wp-json\/wp\/v2\/pages"}],"about":[{"href":"https:\/\/dev2.prosono-hardwoods.com\/es\/wp-json\/wp\/v2\/types\/page"}],"author":[{"embeddable":true,"href":"https:\/\/dev2.prosono-hardwoods.com\/es\/wp-json\/wp\/v2\/users\/4"}],"replies":[{"embeddable":true,"href":"https:\/\/dev2.prosono-hardwoods.com\/es\/wp-json\/wp\/v2\/comments?post=1738"}],"version-history":[{"count":11,"href":"https:\/\/dev2.prosono-hardwoods.com\/es\/wp-json\/wp\/v2\/pages\/1738\/revisions"}],"predecessor-version":[{"id":23905,"href":"https:\/\/dev2.prosono-hardwoods.com\/es\/wp-json\/wp\/v2\/pages\/1738\/revisions\/23905"}],"up":[{"embeddable":true,"href":"https:\/\/dev2.prosono-hardwoods.com\/es\/wp-json\/wp\/v2\/pages\/1848"}],"wp:attachment":[{"href":"https:\/\/dev2.prosono-hardwoods.com\/es\/wp-json\/wp\/v2\/media?parent=1738"}],"curies":[{"name":"wp","href":"https:\/\/api.w.org\/{rel}","templated":true}]}}