{"id":1739,"date":"2017-02-13T21:17:41","date_gmt":"2017-02-13T20:17:41","guid":{"rendered":"https:\/\/dev2.prosono-hardwoods.com\/camel-thorn\/"},"modified":"2024-01-12T15:49:44","modified_gmt":"2024-01-12T14:49:44","slug":"la-espina-de-camello-acacia-erioloba","status":"publish","type":"page","link":"https:\/\/dev2.prosono-hardwoods.com\/es\/especies-maderas\/la-espina-de-camello-acacia-erioloba\/","title":{"rendered":"Espina de camello"},"content":{"rendered":"<section class=\"wpb-content-wrapper\"><p>[vc_row][vc_column width=\u00bb1\/2&#8243;][vc_column_text]Esta especie reci\u00e9n introducida ha sido bien aceptada por nuestro distribuidor alem\u00e1n, el ingl\u00e9s y el estadounidense. Es popular entre los artesanos fabricantes de cuchillos en Sud\u00e1frica. Otras aplicaciones se aprovechan el hermoso color rojizo a purpura de la madera y su facilidad de tornear.[\/vc_column_text][vc_column_text]<\/p>\n<table>\n<tbody>\n<tr>\n<td width=\"184\">Nombre bot\u00e1nico<\/td>\n<td width=\"362\">Acacia erioloba<\/td>\n<\/tr>\n<tr>\n<td width=\"184\">Familia<\/td>\n<td width=\"362\">Pod-bearing (Fabaceae)<\/td>\n<\/tr>\n<tr>\n<td width=\"184\">Nombre Local<\/td>\n<td width=\"362\">Kameeldoring<\/td>\n<\/tr>\n<tr>\n<td width=\"184\">Nombre ingles<\/td>\n<td width=\"362\">Camel thorn<\/td>\n<\/tr>\n<tr>\n<td width=\"184\"><strong>Nombre espa\u00f1ol<\/strong><\/td>\n<td width=\"362\"><strong>Espina de camello<\/strong><\/td>\n<\/tr>\n<tr>\n<td width=\"184\">\n<p>Distribuci\u00f3n<\/p>\n<p>&nbsp;<\/td>\n<td width=\"362\">Gran \u00e1mbito, desde Angola y Zambia en el Norte, y en el Sur hasta el Cabo de Buena Esperanza.<\/td>\n<\/tr>\n<tr>\n<td width=\"184\">\n<p>El \u00e1rbol<\/p>\n<p>&nbsp;<\/p>\n<p>&nbsp;<\/p>\n<p>&nbsp;<\/td>\n<td width=\"362\">\u00c1rbol semi-caduco de un peque\u00f1o arbusto a un \u00e1rbol de 20 metros de altura. Crece desde el bosque seco a los suelos \u00e1ridos y pedregosos o arenosos. La corteza es gris p\u00e1lida y profundamente surcada. Espinas impresionantes y peligrosas. Es una especie protegida en Sud\u00e1frica.<\/td>\n<\/tr>\n<tr>\n<td width=\"184\">La madera<\/td>\n<td width=\"362\">La madera es dura y pesada. El color es rojizo oscuro a p\u00farpura. La albura es de color amarillo p\u00e1lido a ros\u00e1ceo. La densidad es de 1,15 t \/ m3 cuando se seca al aire<\/td>\n<\/tr>\n<tr>\n<td width=\"184\">Preparaci\u00f3n<\/td>\n<td width=\"362\">\n<p>La madera se seca bastante r\u00e1pidamente cuando se corta en secciones lo suficientemente peque\u00f1as.<\/p>\n<p>&nbsp;<\/p>\n<p>&nbsp;<\/td>\n<\/tr>\n<tr>\n<td width=\"184\">Manejabilidad<\/td>\n<td width=\"362\">\n<p>La madera es dif\u00edcil de cerrar. Es bastante estable. Se tornea bien. Ofrece un atractivo color y acabado brillante<\/p>\n<p>&nbsp;<\/p>\n<p>&nbsp;<\/td>\n<\/tr>\n<tr>\n<td width=\"184\">Uso<\/td>\n<td width=\"362\">Ofrece algo de sombra valiosa para el ganado. Se ha sobreexplotado como le\u00f1a de calidad. Es demasiado pesada para los muebles. Se ha utilizado extensamente para objetos ornamentales peque\u00f1os, como mangos de cuchillo, platos peque\u00f1os, utensilios de cocina, herramientas. En el pasado fue utilizado para postes de las grancas, los apoyos de la explotaci\u00f3n minera y cojinetes de m\u00e1quinas.<\/td>\n<\/tr>\n<\/tbody>\n<\/table>\n<p>[\/vc_column_text][\/vc_column][vc_column width=\u00bb1\/2&#8243;][vc_gallery interval=\u00bb3&#8243; images=\u00bb5961&#8243; img_size=\u00bb1379 \u00d7 867&#8243;][vc_gallery interval=\u00bb3&#8243; images=\u00bb5942,2711&#8243; img_size=\u00bb1379 \u00d7 867&#8243;][\/vc_column][\/vc_row]<\/p>\n<\/section>","protected":false},"excerpt":{"rendered":"<p>[vc_row][vc_column width=\u00bb1\/2&#8243;][vc_column_text]Esta especie reci\u00e9n introducida ha sido bien aceptada por nuestro distribuidor alem\u00e1n, el ingl\u00e9s y el estadounidense. Es popular entre los artesanos fabricantes de cuchillos<span class=\"excerpt-hellip\"> [\u2026]<\/span><\/p>\n","protected":false},"author":4,"featured_media":0,"parent":1848,"menu_order":0,"comment_status":"closed","ping_status":"closed","template":"","meta":{"_themeisle_gutenberg_block_has_review":false,"footnotes":""},"yoast_head":"<!-- This site is optimized with the Yoast SEO plugin v21.5 - https:\/\/yoast.com\/wordpress\/plugins\/seo\/ -->\n<title>Espina de camello - Madera en venta - Prosono international<\/title>\n<meta name=\"description\" content=\"ProSono suministra de madera espina de camello (Acacia erioloba), una madera hermosa para aplicaciones de torneado de madera y mangos de cuchillos.\" \/>\n<meta name=\"robots\" content=\"noindex, follow, max-snippet:-1, max-image-preview:large, max-video-preview:-1\" \/>\n<meta property=\"og:locale\" content=\"es_ES\" \/>\n<meta property=\"og:type\" content=\"article\" \/>\n<meta property=\"og:title\" content=\"Espina de camello - Madera en venta - Prosono international\" \/>\n<meta property=\"og:description\" content=\"ProSono suministra de madera espina de camello (Acacia erioloba), una madera hermosa para aplicaciones de torneado de madera y mangos de cuchillos.\" \/>\n<meta property=\"og:url\" content=\"https:\/\/dev2.prosono-hardwoods.com\/es\/especies-maderas\/la-espina-de-camello-acacia-erioloba\/\" \/>\n<meta property=\"og:site_name\" content=\"Prosono international\" \/>\n<meta property=\"article:modified_time\" content=\"2024-01-12T14:49:44+00:00\" \/>\n<meta name=\"twitter:card\" content=\"summary_large_image\" \/>\n<meta name=\"twitter:label1\" content=\"Tiempo de lectura\" \/>\n\t<meta name=\"twitter:data1\" content=\"2 minutos\" \/>\n<script type=\"application\/ld+json\" class=\"yoast-schema-graph\">{\"@context\":\"https:\/\/schema.org\",\"@graph\":[{\"@type\":\"WebPage\",\"@id\":\"https:\/\/dev2.prosono-hardwoods.com\/es\/especies-maderas\/la-espina-de-camello-acacia-erioloba\/\",\"url\":\"https:\/\/dev2.prosono-hardwoods.com\/es\/especies-maderas\/la-espina-de-camello-acacia-erioloba\/\",\"name\":\"Espina de camello - Madera en venta - Prosono international\",\"isPartOf\":{\"@id\":\"https:\/\/dev2.prosono-hardwoods.com\/#website\"},\"datePublished\":\"2017-02-13T20:17:41+00:00\",\"dateModified\":\"2024-01-12T14:49:44+00:00\",\"description\":\"ProSono suministra de madera espina de camello (Acacia erioloba), una madera hermosa para aplicaciones de torneado de madera y mangos de cuchillos.\",\"breadcrumb\":{\"@id\":\"https:\/\/dev2.prosono-hardwoods.com\/es\/especies-maderas\/la-espina-de-camello-acacia-erioloba\/#breadcrumb\"},\"inLanguage\":\"es\",\"potentialAction\":[{\"@type\":\"ReadAction\",\"target\":[\"https:\/\/dev2.prosono-hardwoods.com\/es\/especies-maderas\/la-espina-de-camello-acacia-erioloba\/\"]}]},{\"@type\":\"BreadcrumbList\",\"@id\":\"https:\/\/dev2.prosono-hardwoods.com\/es\/especies-maderas\/la-espina-de-camello-acacia-erioloba\/#breadcrumb\",\"itemListElement\":[{\"@type\":\"ListItem\",\"position\":1,\"name\":\"Accueil\",\"item\":\"https:\/\/dev2.prosono-hardwoods.com\/\"},{\"@type\":\"ListItem\",\"position\":2,\"name\":\"ESPECIES DE MADERAS\",\"item\":\"https:\/\/dev2.prosono-hardwoods.com\/es\/especies-maderas\/\"},{\"@type\":\"ListItem\",\"position\":3,\"name\":\"Espina de camello\"}]},{\"@type\":\"WebSite\",\"@id\":\"https:\/\/dev2.prosono-hardwoods.com\/#website\",\"url\":\"https:\/\/dev2.prosono-hardwoods.com\/\",\"name\":\"Prosono international\",\"description\":\"\",\"publisher\":{\"@id\":\"https:\/\/dev2.prosono-hardwoods.com\/#organization\"},\"potentialAction\":[{\"@type\":\"SearchAction\",\"target\":{\"@type\":\"EntryPoint\",\"urlTemplate\":\"https:\/\/dev2.prosono-hardwoods.com\/?s={search_term_string}\"},\"query-input\":\"required name=search_term_string\"}],\"inLanguage\":\"es\"},{\"@type\":\"Organization\",\"@id\":\"https:\/\/dev2.prosono-hardwoods.com\/#organization\",\"name\":\"Prosono Hardwoods International\",\"url\":\"https:\/\/dev2.prosono-hardwoods.com\/\",\"logo\":{\"@type\":\"ImageObject\",\"inLanguage\":\"es\",\"@id\":\"https:\/\/dev2.prosono-hardwoods.com\/#\/schema\/logo\/image\/\",\"url\":\"https:\/\/dev2.prosono-hardwoods.com\/wp-content\/uploads\/2020\/08\/prosono-logo@2x.png\",\"contentUrl\":\"https:\/\/dev2.prosono-hardwoods.com\/wp-content\/uploads\/2020\/08\/prosono-logo@2x.png\",\"width\":404,\"height\":90,\"caption\":\"Prosono Hardwoods International\"},\"image\":{\"@id\":\"https:\/\/dev2.prosono-hardwoods.com\/#\/schema\/logo\/image\/\"}}]}<\/script>\n<!-- \/ Yoast SEO plugin. -->","yoast_head_json":{"title":"Espina de camello - Madera en venta - Prosono international","description":"ProSono suministra de madera espina de camello (Acacia erioloba), una madera hermosa para aplicaciones de torneado de madera y mangos de cuchillos.","robots":{"index":"noindex","follow":"follow","max-snippet":"max-snippet:-1","max-image-preview":"max-image-preview:large","max-video-preview":"max-video-preview:-1"},"og_locale":"es_ES","og_type":"article","og_title":"Espina de camello - Madera en venta - Prosono international","og_description":"ProSono suministra de madera espina de camello (Acacia erioloba), una madera hermosa para aplicaciones de torneado de madera y mangos de cuchillos.","og_url":"https:\/\/dev2.prosono-hardwoods.com\/es\/especies-maderas\/la-espina-de-camello-acacia-erioloba\/","og_site_name":"Prosono international","article_modified_time":"2024-01-12T14:49:44+00:00","twitter_card":"summary_large_image","twitter_misc":{"Tiempo de lectura":"2 minutos"},"schema":{"@context":"https:\/\/schema.org","@graph":[{"@type":"WebPage","@id":"https:\/\/dev2.prosono-hardwoods.com\/es\/especies-maderas\/la-espina-de-camello-acacia-erioloba\/","url":"https:\/\/dev2.prosono-hardwoods.com\/es\/especies-maderas\/la-espina-de-camello-acacia-erioloba\/","name":"Espina de camello - Madera en venta - Prosono international","isPartOf":{"@id":"https:\/\/dev2.prosono-hardwoods.com\/#website"},"datePublished":"2017-02-13T20:17:41+00:00","dateModified":"2024-01-12T14:49:44+00:00","description":"ProSono suministra de madera espina de camello (Acacia erioloba), una madera hermosa para aplicaciones de torneado de madera y mangos de cuchillos.","breadcrumb":{"@id":"https:\/\/dev2.prosono-hardwoods.com\/es\/especies-maderas\/la-espina-de-camello-acacia-erioloba\/#breadcrumb"},"inLanguage":"es","potentialAction":[{"@type":"ReadAction","target":["https:\/\/dev2.prosono-hardwoods.com\/es\/especies-maderas\/la-espina-de-camello-acacia-erioloba\/"]}]},{"@type":"BreadcrumbList","@id":"https:\/\/dev2.prosono-hardwoods.com\/es\/especies-maderas\/la-espina-de-camello-acacia-erioloba\/#breadcrumb","itemListElement":[{"@type":"ListItem","position":1,"name":"Accueil","item":"https:\/\/dev2.prosono-hardwoods.com\/"},{"@type":"ListItem","position":2,"name":"ESPECIES DE MADERAS","item":"https:\/\/dev2.prosono-hardwoods.com\/es\/especies-maderas\/"},{"@type":"ListItem","position":3,"name":"Espina de camello"}]},{"@type":"WebSite","@id":"https:\/\/dev2.prosono-hardwoods.com\/#website","url":"https:\/\/dev2.prosono-hardwoods.com\/","name":"Prosono international","description":"","publisher":{"@id":"https:\/\/dev2.prosono-hardwoods.com\/#organization"},"potentialAction":[{"@type":"SearchAction","target":{"@type":"EntryPoint","urlTemplate":"https:\/\/dev2.prosono-hardwoods.com\/?s={search_term_string}"},"query-input":"required name=search_term_string"}],"inLanguage":"es"},{"@type":"Organization","@id":"https:\/\/dev2.prosono-hardwoods.com\/#organization","name":"Prosono Hardwoods International","url":"https:\/\/dev2.prosono-hardwoods.com\/","logo":{"@type":"ImageObject","inLanguage":"es","@id":"https:\/\/dev2.prosono-hardwoods.com\/#\/schema\/logo\/image\/","url":"https:\/\/dev2.prosono-hardwoods.com\/wp-content\/uploads\/2020\/08\/prosono-logo@2x.png","contentUrl":"https:\/\/dev2.prosono-hardwoods.com\/wp-content\/uploads\/2020\/08\/prosono-logo@2x.png","width":404,"height":90,"caption":"Prosono Hardwoods International"},"image":{"@id":"https:\/\/dev2.prosono-hardwoods.com\/#\/schema\/logo\/image\/"}}]}},"_links":{"self":[{"href":"https:\/\/dev2.prosono-hardwoods.com\/es\/wp-json\/wp\/v2\/pages\/1739"}],"collection":[{"href":"https:\/\/dev2.prosono-hardwoods.com\/es\/wp-json\/wp\/v2\/pages"}],"about":[{"href":"https:\/\/dev2.prosono-hardwoods.com\/es\/wp-json\/wp\/v2\/types\/page"}],"author":[{"embeddable":true,"href":"https:\/\/dev2.prosono-hardwoods.com\/es\/wp-json\/wp\/v2\/users\/4"}],"replies":[{"embeddable":true,"href":"https:\/\/dev2.prosono-hardwoods.com\/es\/wp-json\/wp\/v2\/comments?post=1739"}],"version-history":[{"count":5,"href":"https:\/\/dev2.prosono-hardwoods.com\/es\/wp-json\/wp\/v2\/pages\/1739\/revisions"}],"predecessor-version":[{"id":23907,"href":"https:\/\/dev2.prosono-hardwoods.com\/es\/wp-json\/wp\/v2\/pages\/1739\/revisions\/23907"}],"up":[{"embeddable":true,"href":"https:\/\/dev2.prosono-hardwoods.com\/es\/wp-json\/wp\/v2\/pages\/1848"}],"wp:attachment":[{"href":"https:\/\/dev2.prosono-hardwoods.com\/es\/wp-json\/wp\/v2\/media?parent=1739"}],"curies":[{"name":"wp","href":"https:\/\/api.w.org\/{rel}","templated":true}]}}