{"id":1740,"date":"2017-02-13T21:18:08","date_gmt":"2017-02-13T20:18:08","guid":{"rendered":"https:\/\/dev2.prosono-hardwoods.com\/black-chacate\/"},"modified":"2024-01-12T15:52:35","modified_gmt":"2024-01-12T14:52:35","slug":"chacate-negro-guibourtia-conjugata","status":"publish","type":"page","link":"https:\/\/dev2.prosono-hardwoods.com\/es\/especies-maderas\/chacate-negro-guibourtia-conjugata\/","title":{"rendered":"Chacate negro"},"content":{"rendered":"<section class=\"wpb-content-wrapper\"><p>[vc_row][vc_column width=\u00bb2\/3&#8243;][vc_column_text]<\/p>\n<h3>Chacate negro tambi\u00e9n identificado como Peque\u00f1o Falso Mopani.<\/h3>\n<p>Esta madera es una de las nueve maderas preciosas de Mozambique. Tambi\u00e9n se encuentra en las regiones lim\u00edtrofes de Zambia, as\u00ed como en el noroeste de Zimbabue. El chacate negro, Guibourtia conjugata se confunde a veces con el m\u00e1s com\u00fan de Guibourtia coleosperma.<\/p>\n<p>\u00a1Sus troncos grandes y rectos y de alta densidad son \u00fanicos! Permiten la producci\u00f3n de grandes campanas, clarinetes bajos y flautas de gran tama\u00f1o que son dif\u00edciles de obtener con otras maderas duras como el granadillo africano y mopani.[\/vc_column_text][vc_column_text]<\/p>\n<h3>Proceso de corta<\/h3>\n<p>La madera es dura y por lo tanto cortada en etapas. En una primera etapa, los troncos se cortan en tablas con una cinta horizontal de sierra flexible. En una segunda etapa se corta en piezas con hojas con dientes de tungsteno. Las hojas tienden a obstruirse. Una buena limpieza de las hojas se obtiene mediante ba\u00f1os con jab\u00f3n de az\u00facar.<\/p>\n<h3>Secada<\/h3>\n<p>La madera se seca lentamente y requiere protecci\u00f3n contra hendiduras y grietas.[\/vc_column_text][vc_column_text]<a href=\"https:\/\/www.facebook.com\/pg\/FlutesbyWindward\/videos\/?ref=page_internal\"><strong><u>Revisi\u00f3n de la empresa Windward flutes<\/u><\/strong><\/a><\/p>\n<p><a href=\"https:\/\/www.facebook.com\/FlutesbyWindward\/videos\/vb.137003396391680\/1310304275728247\/?type=2&amp;amp;theater\"><strong><u>Chelsea Knox toca una flauta de chacate negro<\/u><\/strong><\/a>[\/vc_column_text][\/vc_column][vc_column width=\u00bb1\/3&#8243;][vc_gallery interval=\u00bb3&#8243; images=\u00bb5135,2654,5803,2648,5880&#8243; img_size=\u00bb768 \u00d7 1024&#8243;][\/vc_column][\/vc_row][vc_row][vc_column width=\u00bb1\/2&#8243;][vc_gallery interval=\u00bb3&#8243; images=\u00bb5910,5768,5903&#8243; img_size=\u00bb640 \u00d7 480&#8243;][\/vc_column][vc_column width=\u00bb1\/2&#8243;][\/vc_column][\/vc_row][vc_row][vc_column width=\u00bb1\/2&#8243;][vc_column_text]<strong>Las partes que nos esforzamos por mantener en stock<\/strong><\/p>\n<table width=\"107%\">\n<tbody>\n<tr style=\"background-color: #dcdad2;\">\n<td width=\"266\"><strong>Escuadras de torner\u00eda\u00a0\u00a0 <\/strong><\/td>\n<td width=\"276\"><strong>en mm<\/strong><\/td>\n<\/tr>\n<tr>\n<td width=\"266\"><strong>3\/4 x 3\/4 x 6<\/strong><\/td>\n<td width=\"276\"><strong>20 x 20 x 152<\/strong><\/td>\n<\/tr>\n<tr>\n<td width=\"266\"><strong>1 x 1 x 6<\/strong><\/td>\n<td width=\"276\"><strong>26 x 26 x 150<\/strong><\/td>\n<\/tr>\n<tr>\n<td width=\"266\"><strong>11\/2 x 11\/2 x 3<\/strong><\/td>\n<td width=\"276\"><strong>38 x 38 x 75<\/strong><\/td>\n<\/tr>\n<tr>\n<td width=\"266\"><strong>11\/2 x 11\/2 x 6<\/strong><\/td>\n<td width=\"276\"><strong>38 x 38 x 150<\/strong><\/td>\n<\/tr>\n<tr>\n<td width=\"266\"><strong>11\/2 x 11\/2 x 12<\/strong><\/td>\n<td width=\"276\"><strong>38 x 38 x 310<\/strong><\/td>\n<\/tr>\n<tr>\n<td width=\"266\"><strong>11\/2 x 11\/2 x 16<\/strong><\/td>\n<td width=\"276\"><strong>38 x 38 x 410<\/strong><\/td>\n<\/tr>\n<tr>\n<td width=\"266\"><strong>11\/2 x 11\/2 x 18<\/strong><\/td>\n<td width=\"276\"><strong>38 x 38 x 457<\/strong><\/td>\n<\/tr>\n<tr>\n<td width=\"266\"><strong>11\/2 x 11\/2 x 24<\/strong><\/td>\n<td width=\"276\"><strong>38 x 38 x 600<\/strong><\/td>\n<\/tr>\n<tr>\n<td width=\"266\"><strong>2 x 2 x 4<\/strong><\/td>\n<td width=\"276\"><strong>51 x 51 x 100<\/strong><\/td>\n<\/tr>\n<tr>\n<td width=\"266\"><strong>2 x 2 x 6<\/strong><\/td>\n<td width=\"276\"><strong>51 x 51 x 150<\/strong><\/td>\n<\/tr>\n<tr>\n<td width=\"266\"><strong>2 x 2 x 8<\/strong><\/td>\n<td width=\"276\"><strong>51 x 51 x 205<\/strong><\/td>\n<\/tr>\n<tr>\n<td width=\"266\"><strong>2 x 2 x 12<\/strong><\/td>\n<td width=\"276\"><strong>51 x 51 x 300<\/strong><\/td>\n<\/tr>\n<tr>\n<td width=\"266\"><strong>2 x 2 x 24<\/strong><\/td>\n<td width=\"276\"><strong>51 x 51 x 600<\/strong><\/td>\n<\/tr>\n<tr>\n<td width=\"266\"><strong>3 x 3 x 12<\/strong><\/td>\n<td width=\"276\"><strong>76 x 76 x 300 <\/strong><\/td>\n<\/tr>\n<tr>\n<td width=\"266\"><strong>3 x 3 x 18<\/strong><\/td>\n<td width=\"276\"><strong>76 x 76 x 457<\/strong><\/td>\n<\/tr>\n<tr style=\"background-color: #dcdad2;\">\n<td width=\"266\"><strong>Bloques<\/strong><\/td>\n<td width=\"276\"><strong>\u00a0<\/strong><\/td>\n<\/tr>\n<tr>\n<td width=\"266\"><strong>4 x 4 x 2<\/strong><\/td>\n<td width=\"276\"><strong>100 x 100 x 50<\/strong><\/td>\n<\/tr>\n<tr>\n<td width=\"266\"><strong>5 x 5 x 2<\/strong><\/td>\n<td width=\"276\"><strong>125 x 125 x 50<\/strong><\/td>\n<\/tr>\n<tr>\n<td width=\"266\"><strong>6 x 6 x 2<\/strong><\/td>\n<td width=\"276\"><strong>150 x 150 x 50<\/strong><\/td>\n<\/tr>\n<tr>\n<td width=\"266\"><strong>6 x 6 x 3<\/strong><\/td>\n<td width=\"276\"><strong>150\u00a0x 150 x 75<\/strong><\/td>\n<\/tr>\n<tr>\n<td width=\"266\"><strong>8 x 8 x 2 <\/strong><\/td>\n<td width=\"276\"><strong>200 x 200 x 50<\/strong><\/td>\n<\/tr>\n<tr>\n<td width=\"266\"><strong>8 x 8 x 3<\/strong><\/td>\n<td width=\"276\"><strong>200 x 200 x 75<\/strong><\/td>\n<\/tr>\n<tr>\n<td width=\"266\"><strong>10 x 10 x 2 <\/strong><\/td>\n<td width=\"276\"><strong>250 x 250 x 50<\/strong><\/td>\n<\/tr>\n<tr>\n<td width=\"266\"><strong>10 x 10 x 3<\/strong><\/td>\n<td width=\"276\"><strong>250 x 250 x 75<\/strong><\/td>\n<\/tr>\n<\/tbody>\n<\/table>\n<p><a href=\"https:\/\/dev2.prosono-hardwoods.com\/es\/clientes\/aficionados-de-torneria\/\">Aficionados de torneria\/<\/a>[\/vc_column_text][\/vc_column][vc_column width=\u00bb1\/2&#8243;][vc_column_text]<\/p>\n<table>\n<tbody>\n<tr>\n<td width=\"239\">Nombre bot\u00e1nico<\/td>\n<td width=\"344\">\n<p>Guibourtia conjugata<\/p>\n<p>&nbsp;<\/td>\n<\/tr>\n<tr>\n<td width=\"239\">Familia<\/td>\n<td width=\"344\">\n<p>Fabacea<\/p>\n<p>&nbsp;<\/td>\n<\/tr>\n<tr>\n<td width=\"239\">Nombre Local<\/td>\n<td width=\"344\">\n<p>Chacate preto<\/p>\n<p>&nbsp;<\/td>\n<\/tr>\n<tr>\n<td width=\"239\"><strong>Nombre espa\u00f1ol<\/strong><\/td>\n<td width=\"344\">\n<p><strong>Chacate negro <\/strong><\/p>\n<p><strong>\u00a0<\/strong><\/p>\n<p><strong>\u00a0<\/strong><\/td>\n<\/tr>\n<tr>\n<td width=\"239\">Distribuci\u00f3n<\/td>\n<td width=\"344\">\n<p>Regiones bajas de Mozambique Zambia y Zimbabue<\/p>\n<p>&nbsp;<\/td>\n<\/tr>\n<tr>\n<td width=\"239\">El \u00e1rbol<\/td>\n<td width=\"344\">\u00c1rbol de hoja perenne, de tama\u00f1o peque\u00f1o a medio. Se encuentra en el suelo arenoso y cerca de los r\u00edos, as\u00ed como en bosques de poca densidad. Corteza blanquecina gris y lisa. Flores amarillo cremoso. Las hojas son de un verde brillante con 2 fol\u00edolos ovalados.<\/td>\n<\/tr>\n<tr>\n<td width=\"239\">La madera<\/td>\n<td width=\"344\">La albura es de color amarillo p\u00e1lido. La madera es dura y pesada. Es atractiva ya que tiene raya negruzca. Secada al aire a una densidad de 1,0 t \/ m. La madera oscurece en un color distintivo verdoso o marr\u00f3n con la edad.<\/td>\n<\/tr>\n<tr>\n<td width=\"239\">Preparaci\u00f3n<\/td>\n<td width=\"344\">Se seca r\u00e1pidamente en peque\u00f1as dimensiones, lentamente en grandes.<\/td>\n<\/tr>\n<tr>\n<td width=\"239\">Manejabilidad<\/td>\n<td width=\"344\">Se trabaja bien en el torno y con el cincel.<\/td>\n<\/tr>\n<tr>\n<td width=\"239\">Uso<\/td>\n<td width=\"344\">Una madera popular para tornear y tallar. Ha encontrado la aceptaci\u00f3n para instrumentos musicales como campanas de grandes tama\u00f1os, flautas y fondos y aros de guitarras. El distintivo aspecto verdoso recuerda a los artesanos al lignum vitae de Am\u00e9rica del Sur.<\/td>\n<\/tr>\n<\/tbody>\n<\/table>\n<p>[\/vc_column_text][\/vc_column][\/vc_row]<\/p>\n<\/section>","protected":false},"excerpt":{"rendered":"<p>[vc_row][vc_column width=\u00bb2\/3&#8243;][vc_column_text] Chacate negro tambi\u00e9n identificado como Peque\u00f1o Falso Mopani. Esta madera es una de las nueve maderas preciosas de Mozambique. Tambi\u00e9n se encuentra en las<span class=\"excerpt-hellip\"> [\u2026]<\/span><\/p>\n","protected":false},"author":4,"featured_media":0,"parent":1848,"menu_order":0,"comment_status":"closed","ping_status":"closed","template":"","meta":{"_themeisle_gutenberg_block_has_review":false,"footnotes":""},"yoast_head":"<!-- This site is optimized with the Yoast SEO plugin v21.5 - https:\/\/yoast.com\/wordpress\/plugins\/seo\/ -->\n<title>Chacate negro - Madera en venta - Prosono international<\/title>\n<meta name=\"robots\" content=\"noindex, follow, max-snippet:-1, max-image-preview:large, max-video-preview:-1\" \/>\n<meta property=\"og:locale\" content=\"es_ES\" \/>\n<meta property=\"og:type\" content=\"article\" \/>\n<meta property=\"og:title\" content=\"Chacate negro - Madera en venta - Prosono international\" \/>\n<meta property=\"og:description\" content=\"[vc_row][vc_column width=\u00bb2\/3&#8243;][vc_column_text] Chacate negro tambi\u00e9n identificado como Peque\u00f1o Falso Mopani. Esta madera es una de las nueve maderas preciosas de Mozambique. Tambi\u00e9n se encuentra en las [\u2026]\" \/>\n<meta property=\"og:url\" content=\"https:\/\/dev2.prosono-hardwoods.com\/es\/especies-maderas\/chacate-negro-guibourtia-conjugata\/\" \/>\n<meta property=\"og:site_name\" content=\"Prosono international\" \/>\n<meta property=\"article:modified_time\" content=\"2024-01-12T14:52:35+00:00\" \/>\n<meta name=\"twitter:card\" content=\"summary_large_image\" \/>\n<meta name=\"twitter:label1\" content=\"Tiempo de lectura\" \/>\n\t<meta name=\"twitter:data1\" content=\"3 minutos\" \/>\n<script type=\"application\/ld+json\" class=\"yoast-schema-graph\">{\"@context\":\"https:\/\/schema.org\",\"@graph\":[{\"@type\":\"WebPage\",\"@id\":\"https:\/\/dev2.prosono-hardwoods.com\/es\/especies-maderas\/chacate-negro-guibourtia-conjugata\/\",\"url\":\"https:\/\/dev2.prosono-hardwoods.com\/es\/especies-maderas\/chacate-negro-guibourtia-conjugata\/\",\"name\":\"Chacate negro - Madera en venta - Prosono international\",\"isPartOf\":{\"@id\":\"https:\/\/dev2.prosono-hardwoods.com\/#website\"},\"datePublished\":\"2017-02-13T20:18:08+00:00\",\"dateModified\":\"2024-01-12T14:52:35+00:00\",\"breadcrumb\":{\"@id\":\"https:\/\/dev2.prosono-hardwoods.com\/es\/especies-maderas\/chacate-negro-guibourtia-conjugata\/#breadcrumb\"},\"inLanguage\":\"es\",\"potentialAction\":[{\"@type\":\"ReadAction\",\"target\":[\"https:\/\/dev2.prosono-hardwoods.com\/es\/especies-maderas\/chacate-negro-guibourtia-conjugata\/\"]}]},{\"@type\":\"BreadcrumbList\",\"@id\":\"https:\/\/dev2.prosono-hardwoods.com\/es\/especies-maderas\/chacate-negro-guibourtia-conjugata\/#breadcrumb\",\"itemListElement\":[{\"@type\":\"ListItem\",\"position\":1,\"name\":\"Accueil\",\"item\":\"https:\/\/dev2.prosono-hardwoods.com\/\"},{\"@type\":\"ListItem\",\"position\":2,\"name\":\"ESPECIES DE MADERAS\",\"item\":\"https:\/\/dev2.prosono-hardwoods.com\/es\/especies-maderas\/\"},{\"@type\":\"ListItem\",\"position\":3,\"name\":\"Chacate negro\"}]},{\"@type\":\"WebSite\",\"@id\":\"https:\/\/dev2.prosono-hardwoods.com\/#website\",\"url\":\"https:\/\/dev2.prosono-hardwoods.com\/\",\"name\":\"Prosono international\",\"description\":\"\",\"publisher\":{\"@id\":\"https:\/\/dev2.prosono-hardwoods.com\/#organization\"},\"potentialAction\":[{\"@type\":\"SearchAction\",\"target\":{\"@type\":\"EntryPoint\",\"urlTemplate\":\"https:\/\/dev2.prosono-hardwoods.com\/?s={search_term_string}\"},\"query-input\":\"required name=search_term_string\"}],\"inLanguage\":\"es\"},{\"@type\":\"Organization\",\"@id\":\"https:\/\/dev2.prosono-hardwoods.com\/#organization\",\"name\":\"Prosono Hardwoods International\",\"url\":\"https:\/\/dev2.prosono-hardwoods.com\/\",\"logo\":{\"@type\":\"ImageObject\",\"inLanguage\":\"es\",\"@id\":\"https:\/\/dev2.prosono-hardwoods.com\/#\/schema\/logo\/image\/\",\"url\":\"https:\/\/dev2.prosono-hardwoods.com\/wp-content\/uploads\/2020\/08\/prosono-logo@2x.png\",\"contentUrl\":\"https:\/\/dev2.prosono-hardwoods.com\/wp-content\/uploads\/2020\/08\/prosono-logo@2x.png\",\"width\":404,\"height\":90,\"caption\":\"Prosono Hardwoods International\"},\"image\":{\"@id\":\"https:\/\/dev2.prosono-hardwoods.com\/#\/schema\/logo\/image\/\"}}]}<\/script>\n<!-- \/ Yoast SEO plugin. -->","yoast_head_json":{"title":"Chacate negro - Madera en venta - Prosono international","robots":{"index":"noindex","follow":"follow","max-snippet":"max-snippet:-1","max-image-preview":"max-image-preview:large","max-video-preview":"max-video-preview:-1"},"og_locale":"es_ES","og_type":"article","og_title":"Chacate negro - Madera en venta - Prosono international","og_description":"[vc_row][vc_column width=\u00bb2\/3&#8243;][vc_column_text] Chacate negro tambi\u00e9n identificado como Peque\u00f1o Falso Mopani. Esta madera es una de las nueve maderas preciosas de Mozambique. Tambi\u00e9n se encuentra en las [\u2026]","og_url":"https:\/\/dev2.prosono-hardwoods.com\/es\/especies-maderas\/chacate-negro-guibourtia-conjugata\/","og_site_name":"Prosono international","article_modified_time":"2024-01-12T14:52:35+00:00","twitter_card":"summary_large_image","twitter_misc":{"Tiempo de lectura":"3 minutos"},"schema":{"@context":"https:\/\/schema.org","@graph":[{"@type":"WebPage","@id":"https:\/\/dev2.prosono-hardwoods.com\/es\/especies-maderas\/chacate-negro-guibourtia-conjugata\/","url":"https:\/\/dev2.prosono-hardwoods.com\/es\/especies-maderas\/chacate-negro-guibourtia-conjugata\/","name":"Chacate negro - Madera en venta - Prosono international","isPartOf":{"@id":"https:\/\/dev2.prosono-hardwoods.com\/#website"},"datePublished":"2017-02-13T20:18:08+00:00","dateModified":"2024-01-12T14:52:35+00:00","breadcrumb":{"@id":"https:\/\/dev2.prosono-hardwoods.com\/es\/especies-maderas\/chacate-negro-guibourtia-conjugata\/#breadcrumb"},"inLanguage":"es","potentialAction":[{"@type":"ReadAction","target":["https:\/\/dev2.prosono-hardwoods.com\/es\/especies-maderas\/chacate-negro-guibourtia-conjugata\/"]}]},{"@type":"BreadcrumbList","@id":"https:\/\/dev2.prosono-hardwoods.com\/es\/especies-maderas\/chacate-negro-guibourtia-conjugata\/#breadcrumb","itemListElement":[{"@type":"ListItem","position":1,"name":"Accueil","item":"https:\/\/dev2.prosono-hardwoods.com\/"},{"@type":"ListItem","position":2,"name":"ESPECIES DE MADERAS","item":"https:\/\/dev2.prosono-hardwoods.com\/es\/especies-maderas\/"},{"@type":"ListItem","position":3,"name":"Chacate negro"}]},{"@type":"WebSite","@id":"https:\/\/dev2.prosono-hardwoods.com\/#website","url":"https:\/\/dev2.prosono-hardwoods.com\/","name":"Prosono international","description":"","publisher":{"@id":"https:\/\/dev2.prosono-hardwoods.com\/#organization"},"potentialAction":[{"@type":"SearchAction","target":{"@type":"EntryPoint","urlTemplate":"https:\/\/dev2.prosono-hardwoods.com\/?s={search_term_string}"},"query-input":"required name=search_term_string"}],"inLanguage":"es"},{"@type":"Organization","@id":"https:\/\/dev2.prosono-hardwoods.com\/#organization","name":"Prosono Hardwoods International","url":"https:\/\/dev2.prosono-hardwoods.com\/","logo":{"@type":"ImageObject","inLanguage":"es","@id":"https:\/\/dev2.prosono-hardwoods.com\/#\/schema\/logo\/image\/","url":"https:\/\/dev2.prosono-hardwoods.com\/wp-content\/uploads\/2020\/08\/prosono-logo@2x.png","contentUrl":"https:\/\/dev2.prosono-hardwoods.com\/wp-content\/uploads\/2020\/08\/prosono-logo@2x.png","width":404,"height":90,"caption":"Prosono Hardwoods International"},"image":{"@id":"https:\/\/dev2.prosono-hardwoods.com\/#\/schema\/logo\/image\/"}}]}},"_links":{"self":[{"href":"https:\/\/dev2.prosono-hardwoods.com\/es\/wp-json\/wp\/v2\/pages\/1740"}],"collection":[{"href":"https:\/\/dev2.prosono-hardwoods.com\/es\/wp-json\/wp\/v2\/pages"}],"about":[{"href":"https:\/\/dev2.prosono-hardwoods.com\/es\/wp-json\/wp\/v2\/types\/page"}],"author":[{"embeddable":true,"href":"https:\/\/dev2.prosono-hardwoods.com\/es\/wp-json\/wp\/v2\/users\/4"}],"replies":[{"embeddable":true,"href":"https:\/\/dev2.prosono-hardwoods.com\/es\/wp-json\/wp\/v2\/comments?post=1740"}],"version-history":[{"count":16,"href":"https:\/\/dev2.prosono-hardwoods.com\/es\/wp-json\/wp\/v2\/pages\/1740\/revisions"}],"predecessor-version":[{"id":23910,"href":"https:\/\/dev2.prosono-hardwoods.com\/es\/wp-json\/wp\/v2\/pages\/1740\/revisions\/23910"}],"up":[{"embeddable":true,"href":"https:\/\/dev2.prosono-hardwoods.com\/es\/wp-json\/wp\/v2\/pages\/1848"}],"wp:attachment":[{"href":"https:\/\/dev2.prosono-hardwoods.com\/es\/wp-json\/wp\/v2\/media?parent=1740"}],"curies":[{"name":"wp","href":"https:\/\/api.w.org\/{rel}","templated":true}]}}