{"id":1741,"date":"2017-02-13T21:17:27","date_gmt":"2017-02-13T20:17:27","guid":{"rendered":"https:\/\/dev2.prosono-hardwoods.com\/wild-or-african-olive\/"},"modified":"2024-01-12T15:49:56","modified_gmt":"2024-01-12T14:49:56","slug":"olivo-silvestre-u-olivo-africano-olea-africana","status":"publish","type":"page","link":"https:\/\/dev2.prosono-hardwoods.com\/es\/especies-maderas\/olivo-silvestre-u-olivo-africano-olea-africana\/","title":{"rendered":"Olivo silvestre"},"content":{"rendered":"<section class=\"wpb-content-wrapper\"><p>[vc_row][vc_column width=\u00bb1\/2&#8243;][vc_empty_space height=\u00bb20px\u00bb][vc_column_text]Esta madera dura es t\u00edpica del altiplano sudafricano. Puede llegar al gigantesco tama\u00f1o de 18 metros de altura y 40 metros de ancho de follaje. Sin embargo, la mayor\u00eda de los \u00e1rboles son de tama\u00f1o medio y peque\u00f1o. La estructura de los \u00e1rboles es a menudo extremadamente irregular. (Ver fotos)<\/p>\n<p>Un personal bien capacitado y destreza es necesario para permitir la recuperaci\u00f3n de planchas suficientemente grandes.\u00a0\u00a0El duramen es de color amarillento a rojizo con l\u00edneas oscuras marcadas que la convierten en una madera muy atractiva. Es popular para la fabricaci\u00f3n de muebles, tallado, torner\u00eda y se encuentran aplicaciones en la industria musical para flautas e instrumentos antiguos y barrocos.<\/p>\n<p>Las aplicaciones de torner\u00eda m\u00e1s populares incluyen cajas de cigarros y joyas, cuencos, mangos de cuchillos, bol\u00edgrafos y piezas de ajedrez.<\/p>\n<p>El suministro de esta madera est\u00e1 sujeto a concesi\u00f3n, permisos anuales de corte y permiso de transporte.[\/vc_column_text][vc_column_text]Revisi\u00f3n :<\/p>\n<p><a href=\"https:\/\/www.facebook.com\/FlutesbyWindward\/videos\/vb.137003396391680\/2527725680648\/?type=3&amp;theater\" target=\"_blank\" rel=\"noopener noreferrer\">https:\/\/www.facebook.com\/FlutesbyWindward\/videos\/vb.137003396391680\/2527725680648\/?type=3&amp;theater<\/a>[\/vc_column_text][\/vc_column][vc_column width=\u00bb1\/2&#8243;][vc_gallery interval=\u00bb3&#8243; images=\u00bb3365,3389,3386,3353,3368,3347,3350,3383,3380&#8243; img_size=\u00bb580&#215;440&#8243; onclick=\u00bb\u00bb][\/vc_column][\/vc_row][vc_row][vc_column width=\u00bb1\/2&#8243;][vc_empty_space][vc_column_text]<\/p>\n<h3><strong>El duramen<\/strong><\/h3>\n<p>La madera es dura, pesada y con muy poca porosidad. La corteza es de color gris a marr\u00f3n negro. La albura es blanquecina. El duramen es marr\u00f3n rojizo con grano oscuro fuertemente marcado. Es est\u00e9ticamente agradable lo que explica sus numerosas aplicaciones.<\/p>\n<h3><strong>Proceso de corta<\/strong><\/h3>\n<p>La madera es dura y por lo tanto cortada en varias etapas. En una primera etapa, los troncos se cortan en tablas con una cinta horizontal de sierra flexible. En una segunda etapa se cortan en piezas con hojas con dientes de tungsteno. Las hojas tienden a obstruirse. Una buena limpieza de las hojas se obtiene mediante ba\u00f1os con jab\u00f3n de az\u00facar.<\/p>\n<h3><strong>\u00a0<\/strong><strong>Secada<\/strong><\/h3>\n<p>Se seca lentamente. Las planchas deben descansar varios a\u00f1os antes de que puedan ser aserradas en partes delgadas sin deformaci\u00f3n.[\/vc_column_text][\/vc_column][vc_column width=\u00bb1\/2&#8243;][vc_gallery interval=\u00bb3&#8243; images=\u00bb3377,3362,3371,3392,3359,3206,3356,3374,3002&#8243; img_size=\u00bb580&#215;440&#8243; onclick=\u00bb\u00bb][\/vc_column][\/vc_row][vc_row][vc_column][vc_column_text]<\/p>\n<h2><strong>Las partes que nos esforzamos por mantener en stock<\/strong><\/h2>\n<p>[\/vc_column_text][\/vc_column][\/vc_row][vc_row][vc_column width=\u00bb1\/2&#8243;][vc_column_text]<\/p>\n<table width=\"107%\">\n<tbody>\n<tr style=\"background-color: #dcdad2;\">\n<td width=\"266\"><strong>Escuadras de torner\u00eda<\/strong><\/td>\n<td width=\"276\"><strong>en mm<\/strong><\/td>\n<\/tr>\n<tr>\n<td width=\"266\"><strong>3\/4 x 3\/4 x 6<\/strong><\/td>\n<td width=\"276\"><strong>20 x 20 x 152<\/strong><\/td>\n<\/tr>\n<tr>\n<td width=\"266\"><strong>1 x 1 x 6<\/strong><\/td>\n<td width=\"276\"><strong>26 x 26 x 150<\/strong><\/td>\n<\/tr>\n<tr>\n<td width=\"266\"><strong>11\/2 x 11\/2 x 3<\/strong><\/td>\n<td width=\"276\"><strong>38 x 38 x 75<\/strong><\/td>\n<\/tr>\n<tr>\n<td width=\"266\"><strong>11\/2 x 11\/2 x 6<\/strong><\/td>\n<td width=\"276\"><strong>38 x 38 x 150<\/strong><\/td>\n<\/tr>\n<tr>\n<td width=\"266\"><strong>11\/2 x 11\/2 x 12<\/strong><\/td>\n<td width=\"276\"><strong>38 x 38 x 310<\/strong><\/td>\n<\/tr>\n<tr>\n<td width=\"266\"><strong>11\/2 x 11\/2 x 16<\/strong><\/td>\n<td width=\"276\"><strong>38 x 38 x 410<\/strong><\/td>\n<\/tr>\n<tr>\n<td width=\"266\"><strong>11\/2 x 11\/2 x 18<\/strong><\/td>\n<td width=\"276\"><strong>38 x 38 x 457<\/strong><\/td>\n<\/tr>\n<tr>\n<td width=\"266\"><strong>11\/2 x 11\/2 x 24<\/strong><\/td>\n<td width=\"276\"><strong>38 x 38 x 600<\/strong><\/td>\n<\/tr>\n<tr>\n<td width=\"266\"><strong>2 x 2 x 4<\/strong><\/td>\n<td width=\"276\"><strong>51 x 51 x 100<\/strong><\/td>\n<\/tr>\n<tr>\n<td width=\"266\"><strong>2 x 2 x 6<\/strong><\/td>\n<td width=\"276\"><strong>51 x 51 x 150<\/strong><\/td>\n<\/tr>\n<tr>\n<td width=\"266\"><strong>2 x 2 x 8<\/strong><\/td>\n<td width=\"276\"><strong>51 x 51 x 205<\/strong><\/td>\n<\/tr>\n<tr>\n<td width=\"266\"><strong>2 x 2 x 12<\/strong><\/td>\n<td width=\"276\"><strong>51 x 51 x 300<\/strong><\/td>\n<\/tr>\n<tr>\n<td width=\"266\"><strong>2 x 2 x 24<\/strong><\/td>\n<td width=\"276\"><strong>51 x 51 x 600<\/strong><\/td>\n<\/tr>\n<tr>\n<td width=\"266\"><strong>3 x 3 x 12<\/strong><\/td>\n<td width=\"276\"><strong>76 x 76 x 300 <\/strong><\/td>\n<\/tr>\n<tr>\n<td width=\"266\"><strong>3 x 3 x 18<\/strong><\/td>\n<td width=\"276\"><strong>76 x 76 x 457<\/strong><\/td>\n<\/tr>\n<tr style=\"background-color: #dcdad2;\">\n<td width=\"266\"><strong><u>Bloques<\/u><\/strong><\/td>\n<td width=\"276\"><strong>\u00a0<\/strong><\/td>\n<\/tr>\n<tr>\n<td width=\"266\"><strong>4 x 4 x 2<\/strong><\/td>\n<td width=\"276\"><strong>100 x 100 x 50<\/strong><\/td>\n<\/tr>\n<tr>\n<td width=\"266\"><strong>5 x 5 x 2<\/strong><\/td>\n<td width=\"276\"><strong>125 x 125 x 50<\/strong><\/td>\n<\/tr>\n<tr>\n<td width=\"266\"><strong>6 x 6 x 2<\/strong><\/td>\n<td width=\"276\"><strong>150 x 150 x 50<\/strong><\/td>\n<\/tr>\n<tr>\n<td width=\"266\"><strong>6 x 6 x 3<\/strong><\/td>\n<td width=\"276\"><strong>150\u00a0x 150 x 75<\/strong><\/td>\n<\/tr>\n<tr>\n<td width=\"266\"><strong>8 x 8 x 2 <\/strong><\/td>\n<td width=\"276\"><strong>200 x 200 x 50<\/strong><\/td>\n<\/tr>\n<tr>\n<td width=\"266\"><strong>8 x 8 x 3<\/strong><\/td>\n<td width=\"276\"><strong>200 x 200 x 75<\/strong><\/td>\n<\/tr>\n<tr>\n<td width=\"266\"><strong>10 x 10 x 2 <\/strong><\/td>\n<td width=\"276\"><strong>250 x 250 x 50<\/strong><\/td>\n<\/tr>\n<tr>\n<td width=\"266\"><strong>10 x 10 x 3<\/strong><\/td>\n<td width=\"276\"><strong>250 x 250 x 75<\/strong><\/td>\n<\/tr>\n<\/tbody>\n<\/table>\n<p><a href=\"https:\/\/dev2.prosono-hardwoods.com\/en\/turners_carvers.shtml\"><br \/>\n<\/a><a href=\"https:\/\/dev2.prosono-hardwoods.com\/es\/clientes\/aficionados-de-torneria\/\">Aficionados de torner\u00eda<\/a>[\/vc_column_text][\/vc_column][vc_column width=\u00bb1\/2&#8243;][vc_column_text]<\/p>\n<table>\n<tbody>\n<tr style=\"background-color: #dcdad2;\">\n<td width=\"144\">Nombre bot\u00e1nico<\/td>\n<td width=\"374\">Olea europea, sub-especie africana.<\/td>\n<\/tr>\n<tr>\n<td width=\"144\">Familia<\/td>\n<td width=\"374\">Oleaceae<\/td>\n<\/tr>\n<tr>\n<td width=\"144\">Nombre local<\/td>\n<td width=\"374\">Olienhout<\/td>\n<\/tr>\n<tr>\n<td width=\"144\">Nombre ingles<\/td>\n<td width=\"374\">Wild olive<\/td>\n<\/tr>\n<tr>\n<td width=\"144\"><strong>Nombre espa\u00f1ol <\/strong><\/td>\n<td width=\"374\"><strong>Olivo silvestre<\/strong><\/td>\n<\/tr>\n<tr>\n<td width=\"144\">Distribuci\u00f3n<\/td>\n<td width=\"374\">Ampliamente diseminado en \u00c1frica, Arabia, y de India a China.<\/td>\n<\/tr>\n<tr>\n<td width=\"144\">El \u00e1rbol<\/td>\n<td width=\"374\">Perenne, alcanza una altura de hasta 14 m.<\/td>\n<\/tr>\n<tr>\n<td width=\"144\">La madera<\/td>\n<td width=\"374\">De color oscuro, caf\u00e9 gris\u00e1ceo y resistente, crece en todo tipo de h\u00e1bitat, especialmente en bosques,<\/td>\n<\/tr>\n<tr>\n<td width=\"144\">Preparaci\u00f3n<\/td>\n<td width=\"374\">Textura de color caf\u00e9-claro, y n\u00facleo caf\u00e9 rojizo oscuro a caf\u00e9 oscuro, atractivo aspecto de color negro claro, firme, muy dura y pesada [secado al ambiente 1.10 ton \/ m\u00b3. El color de la madera oscurece con el paso del tiempo.<\/td>\n<\/tr>\n<tr>\n<td width=\"144\">Manejabilidad<\/td>\n<td width=\"374\">Se seca r\u00e1pidamente cuando tiene dimensiones peque\u00f1as, y m\u00e1s lentamente en dimensiones mayores.<\/td>\n<\/tr>\n<tr>\n<td width=\"144\">Uso<\/td>\n<td width=\"374\">Funciona bien en el torno y con la fresadora.<\/p>\n<p>&nbsp;<\/p>\n<p>&nbsp;<\/td>\n<\/tr>\n<\/tbody>\n<\/table>\n<p>[\/vc_column_text][\/vc_column][\/vc_row]<\/p>\n<\/section>","protected":false},"excerpt":{"rendered":"<p>[vc_row][vc_column width=\u00bb1\/2&#8243;][vc_empty_space height=\u00bb20px\u00bb][vc_column_text]Esta madera dura es t\u00edpica del altiplano sudafricano. Puede llegar al gigantesco tama\u00f1o de 18 metros de altura y 40 metros de ancho de<span class=\"excerpt-hellip\"> [\u2026]<\/span><\/p>\n","protected":false},"author":4,"featured_media":0,"parent":1848,"menu_order":0,"comment_status":"closed","ping_status":"closed","template":"","meta":{"_themeisle_gutenberg_block_has_review":false,"footnotes":""},"yoast_head":"<!-- This site is optimized with the Yoast SEO plugin v21.5 - https:\/\/yoast.com\/wordpress\/plugins\/seo\/ -->\n<title>Olivo silvestre - Madera en venta - Prosono international<\/title>\n<meta name=\"description\" content=\"ProSono suministra madera de olivo silvestre cortada a las dimensiones requeridas para instrumentos musicales, tazones, mangos de cuchillos y m\u00e1s.\" \/>\n<meta name=\"robots\" content=\"noindex, follow, max-snippet:-1, max-image-preview:large, max-video-preview:-1\" \/>\n<meta property=\"og:locale\" content=\"es_ES\" \/>\n<meta property=\"og:type\" content=\"article\" \/>\n<meta property=\"og:title\" content=\"Olivo silvestre - Madera en venta - Prosono international\" \/>\n<meta property=\"og:description\" content=\"ProSono suministra madera de olivo silvestre cortada a las dimensiones requeridas para instrumentos musicales, tazones, mangos de cuchillos y m\u00e1s.\" \/>\n<meta property=\"og:url\" content=\"https:\/\/dev2.prosono-hardwoods.com\/es\/especies-maderas\/olivo-silvestre-u-olivo-africano-olea-africana\/\" \/>\n<meta property=\"og:site_name\" content=\"Prosono international\" \/>\n<meta property=\"article:modified_time\" content=\"2024-01-12T14:49:56+00:00\" \/>\n<meta name=\"twitter:card\" content=\"summary_large_image\" \/>\n<meta name=\"twitter:label1\" content=\"Tiempo de lectura\" \/>\n\t<meta name=\"twitter:data1\" content=\"3 minutos\" \/>\n<script type=\"application\/ld+json\" class=\"yoast-schema-graph\">{\"@context\":\"https:\/\/schema.org\",\"@graph\":[{\"@type\":\"WebPage\",\"@id\":\"https:\/\/dev2.prosono-hardwoods.com\/es\/especies-maderas\/olivo-silvestre-u-olivo-africano-olea-africana\/\",\"url\":\"https:\/\/dev2.prosono-hardwoods.com\/es\/especies-maderas\/olivo-silvestre-u-olivo-africano-olea-africana\/\",\"name\":\"Olivo silvestre - Madera en venta - Prosono international\",\"isPartOf\":{\"@id\":\"https:\/\/dev2.prosono-hardwoods.com\/#website\"},\"datePublished\":\"2017-02-13T20:17:27+00:00\",\"dateModified\":\"2024-01-12T14:49:56+00:00\",\"description\":\"ProSono suministra madera de olivo silvestre cortada a las dimensiones requeridas para instrumentos musicales, tazones, mangos de cuchillos y m\u00e1s.\",\"breadcrumb\":{\"@id\":\"https:\/\/dev2.prosono-hardwoods.com\/es\/especies-maderas\/olivo-silvestre-u-olivo-africano-olea-africana\/#breadcrumb\"},\"inLanguage\":\"es\",\"potentialAction\":[{\"@type\":\"ReadAction\",\"target\":[\"https:\/\/dev2.prosono-hardwoods.com\/es\/especies-maderas\/olivo-silvestre-u-olivo-africano-olea-africana\/\"]}]},{\"@type\":\"BreadcrumbList\",\"@id\":\"https:\/\/dev2.prosono-hardwoods.com\/es\/especies-maderas\/olivo-silvestre-u-olivo-africano-olea-africana\/#breadcrumb\",\"itemListElement\":[{\"@type\":\"ListItem\",\"position\":1,\"name\":\"Accueil\",\"item\":\"https:\/\/dev2.prosono-hardwoods.com\/\"},{\"@type\":\"ListItem\",\"position\":2,\"name\":\"ESPECIES DE MADERAS\",\"item\":\"https:\/\/dev2.prosono-hardwoods.com\/es\/especies-maderas\/\"},{\"@type\":\"ListItem\",\"position\":3,\"name\":\"Olivo silvestre\"}]},{\"@type\":\"WebSite\",\"@id\":\"https:\/\/dev2.prosono-hardwoods.com\/#website\",\"url\":\"https:\/\/dev2.prosono-hardwoods.com\/\",\"name\":\"Prosono international\",\"description\":\"\",\"publisher\":{\"@id\":\"https:\/\/dev2.prosono-hardwoods.com\/#organization\"},\"potentialAction\":[{\"@type\":\"SearchAction\",\"target\":{\"@type\":\"EntryPoint\",\"urlTemplate\":\"https:\/\/dev2.prosono-hardwoods.com\/?s={search_term_string}\"},\"query-input\":\"required name=search_term_string\"}],\"inLanguage\":\"es\"},{\"@type\":\"Organization\",\"@id\":\"https:\/\/dev2.prosono-hardwoods.com\/#organization\",\"name\":\"Prosono Hardwoods International\",\"url\":\"https:\/\/dev2.prosono-hardwoods.com\/\",\"logo\":{\"@type\":\"ImageObject\",\"inLanguage\":\"es\",\"@id\":\"https:\/\/dev2.prosono-hardwoods.com\/#\/schema\/logo\/image\/\",\"url\":\"https:\/\/dev2.prosono-hardwoods.com\/wp-content\/uploads\/2020\/08\/prosono-logo@2x.png\",\"contentUrl\":\"https:\/\/dev2.prosono-hardwoods.com\/wp-content\/uploads\/2020\/08\/prosono-logo@2x.png\",\"width\":404,\"height\":90,\"caption\":\"Prosono Hardwoods International\"},\"image\":{\"@id\":\"https:\/\/dev2.prosono-hardwoods.com\/#\/schema\/logo\/image\/\"}}]}<\/script>\n<!-- \/ Yoast SEO plugin. -->","yoast_head_json":{"title":"Olivo silvestre - Madera en venta - Prosono international","description":"ProSono suministra madera de olivo silvestre cortada a las dimensiones requeridas para instrumentos musicales, tazones, mangos de cuchillos y m\u00e1s.","robots":{"index":"noindex","follow":"follow","max-snippet":"max-snippet:-1","max-image-preview":"max-image-preview:large","max-video-preview":"max-video-preview:-1"},"og_locale":"es_ES","og_type":"article","og_title":"Olivo silvestre - Madera en venta - Prosono international","og_description":"ProSono suministra madera de olivo silvestre cortada a las dimensiones requeridas para instrumentos musicales, tazones, mangos de cuchillos y m\u00e1s.","og_url":"https:\/\/dev2.prosono-hardwoods.com\/es\/especies-maderas\/olivo-silvestre-u-olivo-africano-olea-africana\/","og_site_name":"Prosono international","article_modified_time":"2024-01-12T14:49:56+00:00","twitter_card":"summary_large_image","twitter_misc":{"Tiempo de lectura":"3 minutos"},"schema":{"@context":"https:\/\/schema.org","@graph":[{"@type":"WebPage","@id":"https:\/\/dev2.prosono-hardwoods.com\/es\/especies-maderas\/olivo-silvestre-u-olivo-africano-olea-africana\/","url":"https:\/\/dev2.prosono-hardwoods.com\/es\/especies-maderas\/olivo-silvestre-u-olivo-africano-olea-africana\/","name":"Olivo silvestre - Madera en venta - Prosono international","isPartOf":{"@id":"https:\/\/dev2.prosono-hardwoods.com\/#website"},"datePublished":"2017-02-13T20:17:27+00:00","dateModified":"2024-01-12T14:49:56+00:00","description":"ProSono suministra madera de olivo silvestre cortada a las dimensiones requeridas para instrumentos musicales, tazones, mangos de cuchillos y m\u00e1s.","breadcrumb":{"@id":"https:\/\/dev2.prosono-hardwoods.com\/es\/especies-maderas\/olivo-silvestre-u-olivo-africano-olea-africana\/#breadcrumb"},"inLanguage":"es","potentialAction":[{"@type":"ReadAction","target":["https:\/\/dev2.prosono-hardwoods.com\/es\/especies-maderas\/olivo-silvestre-u-olivo-africano-olea-africana\/"]}]},{"@type":"BreadcrumbList","@id":"https:\/\/dev2.prosono-hardwoods.com\/es\/especies-maderas\/olivo-silvestre-u-olivo-africano-olea-africana\/#breadcrumb","itemListElement":[{"@type":"ListItem","position":1,"name":"Accueil","item":"https:\/\/dev2.prosono-hardwoods.com\/"},{"@type":"ListItem","position":2,"name":"ESPECIES DE MADERAS","item":"https:\/\/dev2.prosono-hardwoods.com\/es\/especies-maderas\/"},{"@type":"ListItem","position":3,"name":"Olivo silvestre"}]},{"@type":"WebSite","@id":"https:\/\/dev2.prosono-hardwoods.com\/#website","url":"https:\/\/dev2.prosono-hardwoods.com\/","name":"Prosono international","description":"","publisher":{"@id":"https:\/\/dev2.prosono-hardwoods.com\/#organization"},"potentialAction":[{"@type":"SearchAction","target":{"@type":"EntryPoint","urlTemplate":"https:\/\/dev2.prosono-hardwoods.com\/?s={search_term_string}"},"query-input":"required name=search_term_string"}],"inLanguage":"es"},{"@type":"Organization","@id":"https:\/\/dev2.prosono-hardwoods.com\/#organization","name":"Prosono Hardwoods International","url":"https:\/\/dev2.prosono-hardwoods.com\/","logo":{"@type":"ImageObject","inLanguage":"es","@id":"https:\/\/dev2.prosono-hardwoods.com\/#\/schema\/logo\/image\/","url":"https:\/\/dev2.prosono-hardwoods.com\/wp-content\/uploads\/2020\/08\/prosono-logo@2x.png","contentUrl":"https:\/\/dev2.prosono-hardwoods.com\/wp-content\/uploads\/2020\/08\/prosono-logo@2x.png","width":404,"height":90,"caption":"Prosono Hardwoods International"},"image":{"@id":"https:\/\/dev2.prosono-hardwoods.com\/#\/schema\/logo\/image\/"}}]}},"_links":{"self":[{"href":"https:\/\/dev2.prosono-hardwoods.com\/es\/wp-json\/wp\/v2\/pages\/1741"}],"collection":[{"href":"https:\/\/dev2.prosono-hardwoods.com\/es\/wp-json\/wp\/v2\/pages"}],"about":[{"href":"https:\/\/dev2.prosono-hardwoods.com\/es\/wp-json\/wp\/v2\/types\/page"}],"author":[{"embeddable":true,"href":"https:\/\/dev2.prosono-hardwoods.com\/es\/wp-json\/wp\/v2\/users\/4"}],"replies":[{"embeddable":true,"href":"https:\/\/dev2.prosono-hardwoods.com\/es\/wp-json\/wp\/v2\/comments?post=1741"}],"version-history":[{"count":7,"href":"https:\/\/dev2.prosono-hardwoods.com\/es\/wp-json\/wp\/v2\/pages\/1741\/revisions"}],"predecessor-version":[{"id":23908,"href":"https:\/\/dev2.prosono-hardwoods.com\/es\/wp-json\/wp\/v2\/pages\/1741\/revisions\/23908"}],"up":[{"embeddable":true,"href":"https:\/\/dev2.prosono-hardwoods.com\/es\/wp-json\/wp\/v2\/pages\/1848"}],"wp:attachment":[{"href":"https:\/\/dev2.prosono-hardwoods.com\/es\/wp-json\/wp\/v2\/media?parent=1741"}],"curies":[{"name":"wp","href":"https:\/\/api.w.org\/{rel}","templated":true}]}}