{"id":1742,"date":"2017-02-13T21:18:22","date_gmt":"2017-02-13T20:18:22","guid":{"rendered":"https:\/\/dev2.prosono-hardwoods.com\/african-blackwood\/"},"modified":"2024-01-12T15:49:09","modified_gmt":"2024-01-12T14:49:09","slug":"granadillo-africano-dalbergia-melanoxylon-2","status":"publish","type":"page","link":"https:\/\/dev2.prosono-hardwoods.com\/es\/especies-maderas\/granadillo-africano-dalbergia-melanoxylon-2\/","title":{"rendered":"Granadillo africano"},"content":{"rendered":"<section class=\"wpb-content-wrapper\"><p>[vc_row][vc_column][vc_gallery interval=\u00bb3&#8243; images=\u00bb6062,6057,6053,6049&#8243; img_size=\u00bb1632 \u00d7 679&#8243; onclick=\u00bb\u00bb css=\u00bb.vc_custom_1616760915605{margin-bottom: 0px !important;padding-bottom: 0px !important;}\u00bb][vc_row_inner][vc_column_inner width=\u00bb4\/6&#8243;][vc_column_text]Desde la decisi\u00f3n de CITES de incluir el Dalbergia melanoxylon en su lista de especies en peligro, nuestro suministro de madera legalizada es restringido y por lo tanto significativamente menor que en el pasado. Nos esforzaremos por almacenar las piezas m\u00e1s usadas por los fabricantes de instrumentos. \u00a1Ser\u00e1 dif\u00edcil mantener el stock de partes curadas porque la demanda excede nuestra capacidad!<\/p>\n<p><a href=\"https:\/\/dev2.prosono-hardwoods.com\/es\/certificados-de-cites\/\"><u>Certificados de CITES<\/u><\/a><\/p>\n<p>Powell Flute, uno de los principales fabricantes de flautas estadounidenses, ha comentado:\u00a0\u00ab\u00a1El mejor Granadillo africano que recibimos desde 1956, cuando empezamos a mantener un control del stock!<\/p>\n<p><strong>\u00a1Algunos l\u00edderes en el mercado de fabricaci\u00f3n de instrumentos, se han lamentado de tener hasta un 50% de rechazos en entregas de granadillo africano recibidos de proveedores fiables y establecidos desde hace ya mucho tiempo!<\/strong><\/p>\n<p>Esto se debe, sin lugar a dudas, a la falta de control en el terreno, al suministro de madera de segunda calidad, o, a veces durante la mala manipulaci\u00f3n de madera de primera calidad durante el transporte en el terreno; o por almacenamiento al aire libre en puertos y durante el transporte mar\u00edtimo a larga distancia.<\/p>\n<p><strong>\u00a1En \u00c1frica el pasado se olvida r\u00e1pidamente, y cada d\u00eda hay un nuevo desaf\u00edo que vencer!<\/strong>[\/vc_column_text][\/vc_column_inner][vc_column_inner width=\u00bb1\/6&#8243;][vc_single_image image=\u00bb2729&#8243; img_size=\u00bb175&#215;385&#8243; alignment=\u00bbcenter\u00bb css=\u00bb.vc_custom_1495482541425{margin-bottom: 0px !important;padding-bottom: 0px !important;}\u00bb][\/vc_column_inner][vc_column_inner width=\u00bb1\/6&#8243;][vc_single_image image=\u00bb3299&#8243; img_size=\u00bb175&#215;385&#8243; alignment=\u00bbcenter\u00bb css=\u00bb.vc_custom_1495482552145{margin-bottom: 0px !important;padding-bottom: 0px !important;}\u00bb][\/vc_column_inner][\/vc_row_inner][\/vc_column][\/vc_row][vc_row][vc_column width=\u00bb1\/2&#8243;][vc_column_text]<\/p>\n<h3><strong>Selecci\u00f3n de proveedores: <\/strong><\/h3>\n<p>Las condiciones del bosque tropical son una carga tanto para el hombre, como para la maquinaria. Nuestra empresa, por lo tanto, conf\u00eda en <strong>una cooperaci\u00f3n estrecha con madereros locales, <\/strong>para proporcionar troncos de alta calidad.<\/p>\n<p><strong>Formaci\u00f3n del personal de los proveedores<\/strong><\/p>\n<p>Se da preferencia a los operadores con los que se puede desarrollar una relaci\u00f3n de suministro estable. Cada a\u00f1o, nuestro personal de campo entrena a nuestros socios en la selecci\u00f3n y el corte de \u00e1rboles, el transporte y las t\u00e9cnicas de protecci\u00f3n.<\/p>\n<p>Se presta especial atenci\u00f3n a la selecci\u00f3n de los \u00e1rboles correctos desde un punto de vista ecol\u00f3gico y econ\u00f3mico. La protecci\u00f3n de la madera inmediatamente despu\u00e9s del corte y antes del transporte forma parte de nuestros criterios de calidad requeridos por nuestro personal de campo.<\/p>\n<p><strong>Nuestra presencia sobre el terreno y la supervisi\u00f3n cualificada es la \u00fanica manera por la que se puede lograr la coherencia de los resultados.<\/strong><\/p>\n<p><a href=\"https:\/\/dev2.prosono-hardwoods.com\/es\/clientes\/proceso-y-garantia-de-calidad\/\"><u>Proceso de calidad <\/u><\/a><\/p>\n<p><a href=\"https:\/\/dev2.prosono-hardwoods.com\/es\/clientes\/fabricantes-de-instrumentos-de-viento\/\"><u>Fabricantes de instrumentos de viento<\/u><\/a><\/p>\n<p><strong>Nuestras partes musicales seleccionadas<\/strong> sin nudos, sin albura, sin marcas de insectos, sin descoloraci\u00f3n, sin pudrici\u00f3n y evidentemente sin grietas o fisuras.<\/p>\n<p>Las piezas son cerradas con cera sin burbujas garantiza piezas sin grietas incluso en ambos extremos. Las piezas son cortadas con precisi\u00f3n de 1mm por metro.<\/p>\n<p>\u00a1Nuestra empresa distingue claramente entre las piezas de grado de torner\u00eda y las partes de calidad musical! \u00a0\u00a1Muchos proveedores de madera y la mayor\u00eda de los distribuidores no mencionan esta diferencia esencial y los artesanos y muchos profesionales de la industria son enga\u00f1ados!\u00a0Podemos no ser los m\u00e1s baratos, pero nuestra calidad se destaca.\u00a0Nuestros clientes en todo el mundo hablan de la calidad de ProSono.[\/vc_column_text][\/vc_column][vc_column width=\u00bb1\/2&#8243;][vc_gallery interval=\u00bb3&#8243; images=\u00bb4088,4091,4094,4097&#8243; img_size=\u00bb480 x560&#8243; onclick=\u00bb\u00bb][\/vc_column][\/vc_row][vc_row][vc_column width=\u00bb1\/2&#8243;][vc_gallery interval=\u00bb3&#8243; images=\u00bb4100,4103,4106,4109,4112,4115,4118,4121,4124,4127,4133&#8243; img_size=\u00bb640 \u00d7 480&#8243; onclick=\u00bb\u00bb][\/vc_column][vc_column width=\u00bb1\/2&#8243;][vc_gallery interval=\u00bb3&#8243; images=\u00bb4130,4136,4139,4142&#8243; img_size=\u00bb640 \u00d7 480&#8243; onclick=\u00bb\u00bb][\/vc_column][\/vc_row][vc_row][vc_column][vc_column_text]<\/p>\n<h2><strong>Las partes de grado musical que nos esforzamos por mantener en stock<\/strong><\/h2>\n<p>[\/vc_column_text][\/vc_column][\/vc_row][vc_row][vc_column width=\u00bb1\/2&#8243;][vc_column_text]<\/p>\n<table width=\"100%\">\n<tbody>\n<tr style=\"background-color: #dcdad2;\">\n<td colspan=\"2\"><strong>Para los instrumentos de viento <\/strong><\/td>\n<\/tr>\n<tr>\n<td><strong>Conjuntos para clarinetes<\/strong><\/td>\n<td><strong>Campana<\/strong><br \/>\n85\/85 x 45\/45 x 125<br \/>\n<strong>Junta baja<\/strong><br \/>\n36 x 36 x 320 or 36 x 36 x 285<br \/>\n<strong>Junta alta\u00a0<\/strong><br \/>\n36 x 36 x 245 or 36 x 36 x 230<br \/>\n<strong>Barril<\/strong>51 x 51 x 80 or 47 x 47 x 80 or still 40 x 40 x 80<\/td>\n<\/tr>\n<tr>\n<td><strong>Clarinetes bajos<\/strong><\/td>\n<td>\n<p style=\"text-align: center;\">47 x 47 x 760 and 47 x 47 x 460 or<\/p>\n<p style=\"text-align: center;\">47 x 47 x 700 and 47 x 47 x 550<\/p>\n<\/td>\n<\/tr>\n<tr>\n<td>\n<p><strong>Clarinetes<\/strong><\/p>\n<p><strong>altos<\/strong><\/td>\n<td>40 x 40 x 410<\/td>\n<\/tr>\n<tr>\n<td><strong>Oboes<\/strong><\/td>\n<td><strong>Campana<\/strong><br \/>\n65 x 65 x 150 or 60 X 60 x 140<br \/>\n<strong>Junta<\/strong>40 x 40 x 285 or 36 x 36 x 270 or still 32 x 32 x 265<\/td>\n<\/tr>\n<tr>\n<td>\n<p><strong>Corno<\/strong><\/p>\n<p><strong>Ingles<\/strong><\/td>\n<td><strong>Campana<\/strong><br \/>\n70 x 70 x 140<br \/>\n<strong>Junta<\/strong><br \/>\n40 x 40 x 400<\/td>\n<\/tr>\n<tr>\n<td><strong>Flautas<\/strong><\/td>\n<td>\n<p>33 x 33 x 380 or 33 x 33 x 330 or still 33 x 33 x 265<\/p>\n<p>30 x 30 x 510 or 30 x 30 x 410 or still 30 x 30 x 325 and 30 x 30 x 300<\/p>\n<p>28 x 28 x 400 or 28 x 28 x 285 or still 28 x 28 x 270<\/td>\n<\/tr>\n<tr>\n<td><strong>Piccolo<\/strong><\/td>\n<td>28 x 28 x 250 + 30 x 30 x 150<\/td>\n<\/tr>\n<tr>\n<td><strong>Gaitas escocesas<\/strong><\/td>\n<td>\n<p>14 partes de 11 tama\u00f1os diferentes, totalizando 6.555 dm3<\/p>\n<p>1 X 54 x 54 x 305 + 2 X 51 x 51 x 205 + 1 X 40 x 40 x 385 + 1 X 47 x 47 x 310 + 1 X 47 x 47 x 195 + 2 X 47 x 47 x 160 + 1 X 47 x 47 x 125 + 1 X 47 x 47 x 115 + 1 X 40 x 40 x 310 + 2 X 40 x 40 x 245 + 1 X 40 x 40 x 220<\/td>\n<\/tr>\n<tr style=\"background-color: #dcdad2;\">\n<td colspan=\"2\">Para las gaitas espa\u00f1oles, irlandesas, inglesas y francesas la secci\u00f3n de nuestro sitio sobre <a href=\"https:\/\/dev2.prosono-hardwoods.com\/es\/clientes\/makers-of-pipes-folkloriclos-fabricantes-de-gaitas-y-otros-instrumentos-folkloricos-instruments\/\">los instrumentos folkloricos<\/a> muestra las dimensiones exactas<\/td>\n<\/tr>\n<tr style=\"background-color: #dcdad2;\">\n<td colspan=\"2\"><strong>Para los instrumentos de cuerda<\/strong><\/td>\n<\/tr>\n<tr>\n<td><strong>Ac\u00fastica<\/strong><\/td>\n<td><u>Fondo<\/u>: 2 X 560 x 210 x 5 +\u00a0<u>Aros<\/u>: 2 X 830 x 130 x 4<\/td>\n<\/tr>\n<tr>\n<td><strong>Cl\u00e1sica<\/strong><\/td>\n<td><u>Fondo<\/u>: 2 X 530 x 190 x 5 + <u>Aros<\/u>:\u00a0 2 X 760 x 110 x 4<\/td>\n<\/tr>\n<tr>\n<td><strong>Moderna<\/strong><\/td>\n<td><u>Fondo<\/u>: 4 X 530 x 95 x 5 +\u00a0<u>Aros<\/u>: 2 X 760 x 110 x 4<\/td>\n<\/tr>\n<\/tbody>\n<\/table>\n<p>[\/vc_column_text][\/vc_column][vc_column width=\u00bb1\/2&#8243;][vc_column_text]<\/p>\n<table>\n<tbody>\n<tr>\n<td width=\"281\"><strong>Nombre bot\u00e1nico<\/strong><\/td>\n<td width=\"281\"><strong>Dalbergia melanoxylon<\/strong><\/td>\n<\/tr>\n<tr>\n<td width=\"281\">Familia<\/td>\n<td width=\"281\">Leguminosas<\/td>\n<\/tr>\n<tr>\n<td width=\"281\">Nombre local<\/td>\n<td width=\"281\">Mpingo, Pau Preto<\/td>\n<\/tr>\n<tr>\n<td width=\"281\">Nombre ingles<\/td>\n<td width=\"281\">African Blackwood<\/td>\n<\/tr>\n<tr>\n<td width=\"281\"><strong>Nombre com\u00fan espa\u00f1ol <\/strong><\/td>\n<td width=\"281\">Granadillo africano<\/td>\n<\/tr>\n<tr>\n<td width=\"281\">Distribuci\u00f3n<\/td>\n<td width=\"281\">Este \u00e1rbol se encuentra ampliamente diseminado en el tri\u00e1ngulo ubicado entre el Sur de Sud\u00e1n, Angola y el Transkey en South Africa.<\/td>\n<\/tr>\n<tr>\n<td width=\"281\">El \u00e1rbol<\/td>\n<td width=\"281\">Crece como un arbusto en la mayor\u00eda de los lugares. Como \u00e1rbol, se encuentra s\u00f3lo en pocas regiones. Llega a medir hasta 9 metros (30 ft.) de altura, y con un di\u00e1metro de 30 cent\u00edmetros (12 in.)<\/td>\n<\/tr>\n<tr>\n<td width=\"281\">La madera<\/td>\n<td width=\"281\">Su n\u00facleo es de color caf\u00e9 oscuro, con vetas negras, las cuales usualmente predominan, de tal modo que su aspecto general es casi negro.<\/td>\n<\/tr>\n<tr>\n<td width=\"281\">Preparaci\u00f3n<\/td>\n<td width=\"281\">Su albura es de color amarillo claro y muy bien definido. Es excepcionalmente dura y pesada. Tiene una densidad de 1.35 ton\/m3, [79 lb. \/pie3]. La textura es fina y homog\u00e9nea.<\/td>\n<\/tr>\n<tr>\n<td width=\"281\">Manejabilidad<\/td>\n<td width=\"281\">Se seca muy lentamente y tiende a partirse durante el secado, especialmente cuando est\u00e1 en la forma de madera en tronco.<\/td>\n<\/tr>\n<tr>\n<td width=\"281\">Uso<\/td>\n<td width=\"281\">\n<p>El granadillo africano es extremamente estable, denso y r\u00edgido, incluso en condiciones clim\u00e1ticas extremas. Es libre de porosidad y perfectamente negro despu\u00e9s de pulir.<\/p>\n<p>Se utiliza con \u00e9xito para tacos de billar, bastones, tiradores y manijas de puertas, mangos para cuchillos y para armas de fuego y puntas, incrustaciones y marqueter\u00eda, rosarios y art\u00edculos eclesi\u00e1sticos, tallas y esculturas, instrumentos de viento, etc.<\/td>\n<\/tr>\n<\/tbody>\n<\/table>\n<p>[\/vc_column_text][\/vc_column][\/vc_row]<\/p>\n<\/section>","protected":false},"excerpt":{"rendered":"<p>[vc_row][vc_column][vc_gallery interval=\u00bb3&#8243; images=\u00bb6062,6057,6053,6049&#8243; img_size=\u00bb1632 \u00d7 679&#8243; onclick=\u00bb\u00bb css=\u00bb.vc_custom_1616760915605{margin-bottom: 0px !important;padding-bottom: 0px !important;}\u00bb][vc_row_inner][vc_column_inner width=\u00bb4\/6&#8243;][vc_column_text]Desde la decisi\u00f3n de CITES de incluir el Dalbergia melanoxylon en su lista de<span class=\"excerpt-hellip\"> [\u2026]<\/span><\/p>\n","protected":false},"author":4,"featured_media":0,"parent":1848,"menu_order":0,"comment_status":"closed","ping_status":"closed","template":"","meta":{"_themeisle_gutenberg_block_has_review":false,"footnotes":""},"yoast_head":"<!-- This site is optimized with the Yoast SEO plugin v21.5 - https:\/\/yoast.com\/wordpress\/plugins\/seo\/ -->\n<title>Granadillo africano - Madera en venta - Prosono international<\/title>\n<meta name=\"description\" content=\"Granadillo Africano. El blackwood africano se utiliza para instrumentos musicales (guitarras, clarinetes, oboes, etc.), incrustaciones, talla, mangos de herramientas y otros objetos torneados.\" \/>\n<meta name=\"robots\" content=\"noindex, follow, max-snippet:-1, max-image-preview:large, max-video-preview:-1\" \/>\n<meta property=\"og:locale\" content=\"es_ES\" \/>\n<meta property=\"og:type\" content=\"article\" \/>\n<meta property=\"og:title\" content=\"Granadillo africano - Madera en venta - Prosono international\" \/>\n<meta property=\"og:description\" content=\"Granadillo Africano. El blackwood africano se utiliza para instrumentos musicales (guitarras, clarinetes, oboes, etc.), incrustaciones, talla, mangos de herramientas y otros objetos torneados.\" \/>\n<meta property=\"og:url\" content=\"https:\/\/dev2.prosono-hardwoods.com\/es\/especies-maderas\/granadillo-africano-dalbergia-melanoxylon-2\/\" \/>\n<meta property=\"og:site_name\" content=\"Prosono international\" \/>\n<meta property=\"article:modified_time\" content=\"2024-01-12T14:49:09+00:00\" \/>\n<meta name=\"twitter:card\" content=\"summary_large_image\" \/>\n<meta name=\"twitter:label1\" content=\"Tiempo de lectura\" \/>\n\t<meta name=\"twitter:data1\" content=\"6 minutos\" \/>\n<script type=\"application\/ld+json\" class=\"yoast-schema-graph\">{\"@context\":\"https:\/\/schema.org\",\"@graph\":[{\"@type\":\"WebPage\",\"@id\":\"https:\/\/dev2.prosono-hardwoods.com\/es\/especies-maderas\/granadillo-africano-dalbergia-melanoxylon-2\/\",\"url\":\"https:\/\/dev2.prosono-hardwoods.com\/es\/especies-maderas\/granadillo-africano-dalbergia-melanoxylon-2\/\",\"name\":\"Granadillo africano - Madera en venta - Prosono international\",\"isPartOf\":{\"@id\":\"https:\/\/dev2.prosono-hardwoods.com\/#website\"},\"datePublished\":\"2017-02-13T20:18:22+00:00\",\"dateModified\":\"2024-01-12T14:49:09+00:00\",\"description\":\"Granadillo Africano. El blackwood africano se utiliza para instrumentos musicales (guitarras, clarinetes, oboes, etc.), incrustaciones, talla, mangos de herramientas y otros objetos torneados.\",\"breadcrumb\":{\"@id\":\"https:\/\/dev2.prosono-hardwoods.com\/es\/especies-maderas\/granadillo-africano-dalbergia-melanoxylon-2\/#breadcrumb\"},\"inLanguage\":\"es\",\"potentialAction\":[{\"@type\":\"ReadAction\",\"target\":[\"https:\/\/dev2.prosono-hardwoods.com\/es\/especies-maderas\/granadillo-africano-dalbergia-melanoxylon-2\/\"]}]},{\"@type\":\"BreadcrumbList\",\"@id\":\"https:\/\/dev2.prosono-hardwoods.com\/es\/especies-maderas\/granadillo-africano-dalbergia-melanoxylon-2\/#breadcrumb\",\"itemListElement\":[{\"@type\":\"ListItem\",\"position\":1,\"name\":\"Accueil\",\"item\":\"https:\/\/dev2.prosono-hardwoods.com\/\"},{\"@type\":\"ListItem\",\"position\":2,\"name\":\"ESPECIES DE MADERAS\",\"item\":\"https:\/\/dev2.prosono-hardwoods.com\/es\/especies-maderas\/\"},{\"@type\":\"ListItem\",\"position\":3,\"name\":\"Granadillo africano\"}]},{\"@type\":\"WebSite\",\"@id\":\"https:\/\/dev2.prosono-hardwoods.com\/#website\",\"url\":\"https:\/\/dev2.prosono-hardwoods.com\/\",\"name\":\"Prosono international\",\"description\":\"\",\"publisher\":{\"@id\":\"https:\/\/dev2.prosono-hardwoods.com\/#organization\"},\"potentialAction\":[{\"@type\":\"SearchAction\",\"target\":{\"@type\":\"EntryPoint\",\"urlTemplate\":\"https:\/\/dev2.prosono-hardwoods.com\/?s={search_term_string}\"},\"query-input\":\"required name=search_term_string\"}],\"inLanguage\":\"es\"},{\"@type\":\"Organization\",\"@id\":\"https:\/\/dev2.prosono-hardwoods.com\/#organization\",\"name\":\"Prosono Hardwoods International\",\"url\":\"https:\/\/dev2.prosono-hardwoods.com\/\",\"logo\":{\"@type\":\"ImageObject\",\"inLanguage\":\"es\",\"@id\":\"https:\/\/dev2.prosono-hardwoods.com\/#\/schema\/logo\/image\/\",\"url\":\"https:\/\/dev2.prosono-hardwoods.com\/wp-content\/uploads\/2020\/08\/prosono-logo@2x.png\",\"contentUrl\":\"https:\/\/dev2.prosono-hardwoods.com\/wp-content\/uploads\/2020\/08\/prosono-logo@2x.png\",\"width\":404,\"height\":90,\"caption\":\"Prosono Hardwoods International\"},\"image\":{\"@id\":\"https:\/\/dev2.prosono-hardwoods.com\/#\/schema\/logo\/image\/\"}}]}<\/script>\n<!-- \/ Yoast SEO plugin. -->","yoast_head_json":{"title":"Granadillo africano - Madera en venta - Prosono international","description":"Granadillo Africano. El blackwood africano se utiliza para instrumentos musicales (guitarras, clarinetes, oboes, etc.), incrustaciones, talla, mangos de herramientas y otros objetos torneados.","robots":{"index":"noindex","follow":"follow","max-snippet":"max-snippet:-1","max-image-preview":"max-image-preview:large","max-video-preview":"max-video-preview:-1"},"og_locale":"es_ES","og_type":"article","og_title":"Granadillo africano - Madera en venta - Prosono international","og_description":"Granadillo Africano. El blackwood africano se utiliza para instrumentos musicales (guitarras, clarinetes, oboes, etc.), incrustaciones, talla, mangos de herramientas y otros objetos torneados.","og_url":"https:\/\/dev2.prosono-hardwoods.com\/es\/especies-maderas\/granadillo-africano-dalbergia-melanoxylon-2\/","og_site_name":"Prosono international","article_modified_time":"2024-01-12T14:49:09+00:00","twitter_card":"summary_large_image","twitter_misc":{"Tiempo de lectura":"6 minutos"},"schema":{"@context":"https:\/\/schema.org","@graph":[{"@type":"WebPage","@id":"https:\/\/dev2.prosono-hardwoods.com\/es\/especies-maderas\/granadillo-africano-dalbergia-melanoxylon-2\/","url":"https:\/\/dev2.prosono-hardwoods.com\/es\/especies-maderas\/granadillo-africano-dalbergia-melanoxylon-2\/","name":"Granadillo africano - Madera en venta - Prosono international","isPartOf":{"@id":"https:\/\/dev2.prosono-hardwoods.com\/#website"},"datePublished":"2017-02-13T20:18:22+00:00","dateModified":"2024-01-12T14:49:09+00:00","description":"Granadillo Africano. El blackwood africano se utiliza para instrumentos musicales (guitarras, clarinetes, oboes, etc.), incrustaciones, talla, mangos de herramientas y otros objetos torneados.","breadcrumb":{"@id":"https:\/\/dev2.prosono-hardwoods.com\/es\/especies-maderas\/granadillo-africano-dalbergia-melanoxylon-2\/#breadcrumb"},"inLanguage":"es","potentialAction":[{"@type":"ReadAction","target":["https:\/\/dev2.prosono-hardwoods.com\/es\/especies-maderas\/granadillo-africano-dalbergia-melanoxylon-2\/"]}]},{"@type":"BreadcrumbList","@id":"https:\/\/dev2.prosono-hardwoods.com\/es\/especies-maderas\/granadillo-africano-dalbergia-melanoxylon-2\/#breadcrumb","itemListElement":[{"@type":"ListItem","position":1,"name":"Accueil","item":"https:\/\/dev2.prosono-hardwoods.com\/"},{"@type":"ListItem","position":2,"name":"ESPECIES DE MADERAS","item":"https:\/\/dev2.prosono-hardwoods.com\/es\/especies-maderas\/"},{"@type":"ListItem","position":3,"name":"Granadillo africano"}]},{"@type":"WebSite","@id":"https:\/\/dev2.prosono-hardwoods.com\/#website","url":"https:\/\/dev2.prosono-hardwoods.com\/","name":"Prosono international","description":"","publisher":{"@id":"https:\/\/dev2.prosono-hardwoods.com\/#organization"},"potentialAction":[{"@type":"SearchAction","target":{"@type":"EntryPoint","urlTemplate":"https:\/\/dev2.prosono-hardwoods.com\/?s={search_term_string}"},"query-input":"required name=search_term_string"}],"inLanguage":"es"},{"@type":"Organization","@id":"https:\/\/dev2.prosono-hardwoods.com\/#organization","name":"Prosono Hardwoods International","url":"https:\/\/dev2.prosono-hardwoods.com\/","logo":{"@type":"ImageObject","inLanguage":"es","@id":"https:\/\/dev2.prosono-hardwoods.com\/#\/schema\/logo\/image\/","url":"https:\/\/dev2.prosono-hardwoods.com\/wp-content\/uploads\/2020\/08\/prosono-logo@2x.png","contentUrl":"https:\/\/dev2.prosono-hardwoods.com\/wp-content\/uploads\/2020\/08\/prosono-logo@2x.png","width":404,"height":90,"caption":"Prosono Hardwoods International"},"image":{"@id":"https:\/\/dev2.prosono-hardwoods.com\/#\/schema\/logo\/image\/"}}]}},"_links":{"self":[{"href":"https:\/\/dev2.prosono-hardwoods.com\/es\/wp-json\/wp\/v2\/pages\/1742"}],"collection":[{"href":"https:\/\/dev2.prosono-hardwoods.com\/es\/wp-json\/wp\/v2\/pages"}],"about":[{"href":"https:\/\/dev2.prosono-hardwoods.com\/es\/wp-json\/wp\/v2\/types\/page"}],"author":[{"embeddable":true,"href":"https:\/\/dev2.prosono-hardwoods.com\/es\/wp-json\/wp\/v2\/users\/4"}],"replies":[{"embeddable":true,"href":"https:\/\/dev2.prosono-hardwoods.com\/es\/wp-json\/wp\/v2\/comments?post=1742"}],"version-history":[{"count":13,"href":"https:\/\/dev2.prosono-hardwoods.com\/es\/wp-json\/wp\/v2\/pages\/1742\/revisions"}],"predecessor-version":[{"id":23906,"href":"https:\/\/dev2.prosono-hardwoods.com\/es\/wp-json\/wp\/v2\/pages\/1742\/revisions\/23906"}],"up":[{"embeddable":true,"href":"https:\/\/dev2.prosono-hardwoods.com\/es\/wp-json\/wp\/v2\/pages\/1848"}],"wp:attachment":[{"href":"https:\/\/dev2.prosono-hardwoods.com\/es\/wp-json\/wp\/v2\/media?parent=1742"}],"curies":[{"name":"wp","href":"https:\/\/api.w.org\/{rel}","templated":true}]}}