{"id":1770,"date":"2017-05-19T00:47:35","date_gmt":"2017-05-18T22:47:35","guid":{"rendered":"https:\/\/dev2.prosono-hardwoods.com\/certifications\/"},"modified":"2017-11-28T15:40:09","modified_gmt":"2017-11-28T14:40:09","slug":"certificados-de-cites","status":"publish","type":"page","link":"https:\/\/dev2.prosono-hardwoods.com\/es\/certificados-de-cites\/","title":{"rendered":"Certificados de : CITES"},"content":{"rendered":"<section class=\"wpb-content-wrapper\"><p>[vc_row][vc_column width=\u00bb1\/2&#8243;][vc_column_text]ProSono totalmente se adhiere a los principios de <a href=\"http:\/\/www.cites.org\">www.cites.org<\/a> sobre la protecci\u00f3n de especies en peligro de extinci\u00f3n. Nos preocupamos por el mejor valor a\u00f1adido y por lo tanto no vamos a exportar troncos o maderas cualesquiera no procesadas de Sud\u00e1frica.<\/p>\n<p><strong>El granadillo africano:<\/strong><\/p>\n<p><strong>\u00a0<\/strong>Entre las especies que buscamos, seleccionamos y procesamos, el granadillo africano es la \u00fanica especie que se encuentra desde el comienzo de 2017 en la lista CITES, sometida a permisos y comercio restringido.\u00a0Aunque esta medida puede ser disputada, la leva se incluy\u00f3 a la restricci\u00f3n general de no menos de 60 especies del g\u00e9nero Dalbergia, que crecen en diferentes continentes. Por lo tanto, est\u00e1n sujetos a desaf\u00edos humanos y ecol\u00f3gicos totalmente diferente, la decisi\u00f3n est\u00e1 aqu\u00ed permanente y nosotros cumplimos con ella.<\/p>\n<p>Nuestra empresa siempre ha solicitado a nuestros proveedores sus permisos de corta y ha obtenido los certificados de origen y fitosanitario para todas las especies. Conocemos el origen de las maderas procesadas en nuestros aserraderos. Hacemos la gesti\u00f3n en cadena desde la fuente de la madera, y su procesamiento hasta la exportaci\u00f3n a nuestros clientes.<\/p>\n<p>En el caso del granadillo africano importado de Mozambique, nuestra \u00faltima importaci\u00f3n en 2012 fue anterior \u00e0 la prohibici\u00f3n de la exportaci\u00f3n de troncos de este pa\u00eds.<\/p>\n<p>Nuestro amplio stock de piezas ha sido totalmente legalizado por DAFF (Departamento de \u00c1frica del Sur de Agricultura, Agua y Silvicultura)[\/vc_column_text][\/vc_column][vc_column width=\u00bb1\/2&#8243;][vc_column_text]Desde entonces dos otras fuentes de granadillo africano al Norte de nuestro pa\u00eds han sido identificado. Nuestros proveedores tienen las concesiones necesarias y los permisos anuales de corta de sus autoridades nacionales, provinciales o locales, as\u00ed como de la CITES seg\u00fan el caso.<\/p>\n<p>Otras especies y contexto: Alentamos y apoyamos a nuestros proveedores en el desarrollo de viveros para volver plantar lo que se extrae del ecosistema. En este contexto, debe quedar claro que \u00e9l vivero es la parte f\u00e1cil del programa. \u00a1Significativamente m\u00e1s desaf\u00edos se encuentran en el campo para que la planta joven e inmadura sobreviva y crezca en un ambiente donde la flora y la fauna son una gran amenaza!<\/p>\n<p>Como le indicamos anteriormente, siempre ha sido un requisito para nuestros proveedores cumplir con sus regulaciones locales en primer lugar y cumplir con sus oficiales agr\u00edcolas locales para calificar como uno de nuestros proveedores. Con cada entrega a nuestros aserraderos solicitamos y actualizamos los permisos.<\/p>\n<p>Granadillo africano: retos ecol\u00f3gicos y humanos: En nuestros 17 a\u00f1os de b\u00fasqueda y selecci\u00f3n de esta especie, la hemos encontrado en no menos de 8 pa\u00edses al sur del ecuador.La especie est\u00e1 presente en todas partes y crece como una mala hierba a menudo incontrolable.<\/p>\n<p>Busca los mont\u00edculos de termitas y afloramientos rocosos y encontr\u00f3 el granadillo.\u00a0Calificar la especie como en peligro de extinci\u00f3n no es bien correcto, el problema es la falta de \u00e1rboles de tama\u00f1os adecuados. Al crecer como un arbusto se limita el tama\u00f1o y raramente crecen hasta a un tama\u00f1o econ\u00f3mico para el corte.[\/vc_column_text][\/vc_column][\/vc_row]<\/p>\n<\/section>","protected":false},"excerpt":{"rendered":"<p>[vc_row][vc_column width=\u00bb1\/2&#8243;][vc_column_text]ProSono totalmente se adhiere a los principios de www.cites.org sobre la protecci\u00f3n de especies en peligro de extinci\u00f3n. Nos preocupamos por el mejor valor a\u00f1adido<span class=\"excerpt-hellip\"> [\u2026]<\/span><\/p>\n","protected":false},"author":4,"featured_media":0,"parent":0,"menu_order":0,"comment_status":"closed","ping_status":"closed","template":"","meta":{"_themeisle_gutenberg_block_has_review":false,"footnotes":""},"yoast_head":"<!-- This site is optimized with the Yoast SEO plugin v21.5 - https:\/\/yoast.com\/wordpress\/plugins\/seo\/ -->\n<title>Certificados de : CITES - Prosono international<\/title>\n<meta name=\"description\" content=\"ProSono se adhiere completamente a los principios de www.cites.org sobre la protecci\u00f3n de especies en peligro de extinci\u00f3n. Saber m\u00e1s.\" \/>\n<meta name=\"robots\" content=\"noindex, follow, max-snippet:-1, max-image-preview:large, max-video-preview:-1\" \/>\n<meta property=\"og:locale\" content=\"es_ES\" \/>\n<meta property=\"og:type\" content=\"article\" \/>\n<meta property=\"og:title\" content=\"Certificados de : CITES - Prosono international\" \/>\n<meta property=\"og:description\" content=\"ProSono se adhiere completamente a los principios de www.cites.org sobre la protecci\u00f3n de especies en peligro de extinci\u00f3n. Saber m\u00e1s.\" \/>\n<meta property=\"og:url\" content=\"https:\/\/dev2.prosono-hardwoods.com\/es\/certificados-de-cites\/\" \/>\n<meta property=\"og:site_name\" content=\"Prosono international\" \/>\n<meta property=\"article:modified_time\" content=\"2017-11-28T14:40:09+00:00\" \/>\n<meta name=\"twitter:card\" content=\"summary_large_image\" \/>\n<meta name=\"twitter:label1\" content=\"Tiempo de lectura\" \/>\n\t<meta name=\"twitter:data1\" content=\"3 minutos\" \/>\n<script type=\"application\/ld+json\" class=\"yoast-schema-graph\">{\"@context\":\"https:\/\/schema.org\",\"@graph\":[{\"@type\":\"WebPage\",\"@id\":\"https:\/\/dev2.prosono-hardwoods.com\/es\/certificados-de-cites\/\",\"url\":\"https:\/\/dev2.prosono-hardwoods.com\/es\/certificados-de-cites\/\",\"name\":\"Certificados de : CITES - Prosono international\",\"isPartOf\":{\"@id\":\"https:\/\/dev2.prosono-hardwoods.com\/#website\"},\"datePublished\":\"2017-05-18T22:47:35+00:00\",\"dateModified\":\"2017-11-28T14:40:09+00:00\",\"description\":\"ProSono se adhiere completamente a los principios de www.cites.org sobre la protecci\u00f3n de especies en peligro de extinci\u00f3n. Saber m\u00e1s.\",\"breadcrumb\":{\"@id\":\"https:\/\/dev2.prosono-hardwoods.com\/es\/certificados-de-cites\/#breadcrumb\"},\"inLanguage\":\"es\",\"potentialAction\":[{\"@type\":\"ReadAction\",\"target\":[\"https:\/\/dev2.prosono-hardwoods.com\/es\/certificados-de-cites\/\"]}]},{\"@type\":\"BreadcrumbList\",\"@id\":\"https:\/\/dev2.prosono-hardwoods.com\/es\/certificados-de-cites\/#breadcrumb\",\"itemListElement\":[{\"@type\":\"ListItem\",\"position\":1,\"name\":\"Accueil\",\"item\":\"https:\/\/dev2.prosono-hardwoods.com\/\"},{\"@type\":\"ListItem\",\"position\":2,\"name\":\"Certificados de : CITES\"}]},{\"@type\":\"WebSite\",\"@id\":\"https:\/\/dev2.prosono-hardwoods.com\/#website\",\"url\":\"https:\/\/dev2.prosono-hardwoods.com\/\",\"name\":\"Prosono international\",\"description\":\"\",\"publisher\":{\"@id\":\"https:\/\/dev2.prosono-hardwoods.com\/#organization\"},\"potentialAction\":[{\"@type\":\"SearchAction\",\"target\":{\"@type\":\"EntryPoint\",\"urlTemplate\":\"https:\/\/dev2.prosono-hardwoods.com\/?s={search_term_string}\"},\"query-input\":\"required name=search_term_string\"}],\"inLanguage\":\"es\"},{\"@type\":\"Organization\",\"@id\":\"https:\/\/dev2.prosono-hardwoods.com\/#organization\",\"name\":\"Prosono Hardwoods International\",\"url\":\"https:\/\/dev2.prosono-hardwoods.com\/\",\"logo\":{\"@type\":\"ImageObject\",\"inLanguage\":\"es\",\"@id\":\"https:\/\/dev2.prosono-hardwoods.com\/#\/schema\/logo\/image\/\",\"url\":\"https:\/\/dev2.prosono-hardwoods.com\/wp-content\/uploads\/2020\/08\/prosono-logo@2x.png\",\"contentUrl\":\"https:\/\/dev2.prosono-hardwoods.com\/wp-content\/uploads\/2020\/08\/prosono-logo@2x.png\",\"width\":404,\"height\":90,\"caption\":\"Prosono Hardwoods International\"},\"image\":{\"@id\":\"https:\/\/dev2.prosono-hardwoods.com\/#\/schema\/logo\/image\/\"}}]}<\/script>\n<!-- \/ Yoast SEO plugin. -->","yoast_head_json":{"title":"Certificados de : CITES - Prosono international","description":"ProSono se adhiere completamente a los principios de www.cites.org sobre la protecci\u00f3n de especies en peligro de extinci\u00f3n. Saber m\u00e1s.","robots":{"index":"noindex","follow":"follow","max-snippet":"max-snippet:-1","max-image-preview":"max-image-preview:large","max-video-preview":"max-video-preview:-1"},"og_locale":"es_ES","og_type":"article","og_title":"Certificados de : CITES - Prosono international","og_description":"ProSono se adhiere completamente a los principios de www.cites.org sobre la protecci\u00f3n de especies en peligro de extinci\u00f3n. Saber m\u00e1s.","og_url":"https:\/\/dev2.prosono-hardwoods.com\/es\/certificados-de-cites\/","og_site_name":"Prosono international","article_modified_time":"2017-11-28T14:40:09+00:00","twitter_card":"summary_large_image","twitter_misc":{"Tiempo de lectura":"3 minutos"},"schema":{"@context":"https:\/\/schema.org","@graph":[{"@type":"WebPage","@id":"https:\/\/dev2.prosono-hardwoods.com\/es\/certificados-de-cites\/","url":"https:\/\/dev2.prosono-hardwoods.com\/es\/certificados-de-cites\/","name":"Certificados de : CITES - Prosono international","isPartOf":{"@id":"https:\/\/dev2.prosono-hardwoods.com\/#website"},"datePublished":"2017-05-18T22:47:35+00:00","dateModified":"2017-11-28T14:40:09+00:00","description":"ProSono se adhiere completamente a los principios de www.cites.org sobre la protecci\u00f3n de especies en peligro de extinci\u00f3n. Saber m\u00e1s.","breadcrumb":{"@id":"https:\/\/dev2.prosono-hardwoods.com\/es\/certificados-de-cites\/#breadcrumb"},"inLanguage":"es","potentialAction":[{"@type":"ReadAction","target":["https:\/\/dev2.prosono-hardwoods.com\/es\/certificados-de-cites\/"]}]},{"@type":"BreadcrumbList","@id":"https:\/\/dev2.prosono-hardwoods.com\/es\/certificados-de-cites\/#breadcrumb","itemListElement":[{"@type":"ListItem","position":1,"name":"Accueil","item":"https:\/\/dev2.prosono-hardwoods.com\/"},{"@type":"ListItem","position":2,"name":"Certificados de : CITES"}]},{"@type":"WebSite","@id":"https:\/\/dev2.prosono-hardwoods.com\/#website","url":"https:\/\/dev2.prosono-hardwoods.com\/","name":"Prosono international","description":"","publisher":{"@id":"https:\/\/dev2.prosono-hardwoods.com\/#organization"},"potentialAction":[{"@type":"SearchAction","target":{"@type":"EntryPoint","urlTemplate":"https:\/\/dev2.prosono-hardwoods.com\/?s={search_term_string}"},"query-input":"required name=search_term_string"}],"inLanguage":"es"},{"@type":"Organization","@id":"https:\/\/dev2.prosono-hardwoods.com\/#organization","name":"Prosono Hardwoods International","url":"https:\/\/dev2.prosono-hardwoods.com\/","logo":{"@type":"ImageObject","inLanguage":"es","@id":"https:\/\/dev2.prosono-hardwoods.com\/#\/schema\/logo\/image\/","url":"https:\/\/dev2.prosono-hardwoods.com\/wp-content\/uploads\/2020\/08\/prosono-logo@2x.png","contentUrl":"https:\/\/dev2.prosono-hardwoods.com\/wp-content\/uploads\/2020\/08\/prosono-logo@2x.png","width":404,"height":90,"caption":"Prosono Hardwoods International"},"image":{"@id":"https:\/\/dev2.prosono-hardwoods.com\/#\/schema\/logo\/image\/"}}]}},"_links":{"self":[{"href":"https:\/\/dev2.prosono-hardwoods.com\/es\/wp-json\/wp\/v2\/pages\/1770"}],"collection":[{"href":"https:\/\/dev2.prosono-hardwoods.com\/es\/wp-json\/wp\/v2\/pages"}],"about":[{"href":"https:\/\/dev2.prosono-hardwoods.com\/es\/wp-json\/wp\/v2\/types\/page"}],"author":[{"embeddable":true,"href":"https:\/\/dev2.prosono-hardwoods.com\/es\/wp-json\/wp\/v2\/users\/4"}],"replies":[{"embeddable":true,"href":"https:\/\/dev2.prosono-hardwoods.com\/es\/wp-json\/wp\/v2\/comments?post=1770"}],"version-history":[{"count":4,"href":"https:\/\/dev2.prosono-hardwoods.com\/es\/wp-json\/wp\/v2\/pages\/1770\/revisions"}],"predecessor-version":[{"id":4264,"href":"https:\/\/dev2.prosono-hardwoods.com\/es\/wp-json\/wp\/v2\/pages\/1770\/revisions\/4264"}],"wp:attachment":[{"href":"https:\/\/dev2.prosono-hardwoods.com\/es\/wp-json\/wp\/v2\/media?parent=1770"}],"curies":[{"name":"wp","href":"https:\/\/api.w.org\/{rel}","templated":true}]}}