{"id":1772,"date":"2017-02-13T21:14:40","date_gmt":"2017-02-13T20:14:40","guid":{"rendered":"https:\/\/dev2.prosono-hardwoods.com\/joiners-and-furniture-makers\/"},"modified":"2024-01-12T13:55:25","modified_gmt":"2024-01-12T12:55:25","slug":"carpinteros-talladores-mueblistas-y-ebanistas","status":"publish","type":"page","link":"https:\/\/dev2.prosono-hardwoods.com\/es\/clientes\/carpinteros-talladores-mueblistas-y-ebanistas\/","title":{"rendered":"Carpinteros, talladores, mueblistas y ebanistas"},"content":{"rendered":"<section class=\"wpb-content-wrapper\"><p>[vc_row css=\u00bb.vc_custom_1497864480113{padding-top: 60px !important;padding-bottom: 60px !important;}\u00bb][vc_column width=\u00bb1\/2&#8243;][vc_column_text]Nuestras maderas ex\u00f3ticas son de alta densidad. Se extraen de troncos relativamente peque\u00f1os y de forma irregular. \u00a1Por lo tanto, son de inter\u00e9s limitado para los fabricantes de muebles ordinarios en busca de tablones anchos y largos como un elemento est\u00e1ndar para su trabajo!<\/p>\n<p><strong>Nuestras aplicaciones son:<\/strong><strong>\u00a0<\/strong><strong>Madera para proyectos:<\/strong>\u00a0Esta aplicaci\u00f3n com\u00fanmente conocida por nuestros distribuidores norteamericano y japon\u00e9s satisface la demanda de los artesanos y de los aficionados que buscan madera de mejor calidad en tablones:<\/p>\n<p>Anchuras de 60, 80, 100, 120 mm,\u00b7\u00a0\u00a0\u00a0\u00a0\u00a0\u00a0 Grosores de 28, 38, 51 y 75 mm\u00b7\u00a0\u00a0\u00a0\u00a0\u00a0\u00a0 Longitudes de 400, 600, 800, 1.200 y 1.400 mm<br \/>\nEste duramen de la madera se exporta en grandes cajas hechas a medida para reducir el costo de transporte. El marfil rojo , el olivo silvestre y el mopani son las maderas m\u00e1s populares para esta aplicaci\u00f3n.<\/p>\n<p><strong>Machihembrado: <\/strong><\/p>\n<p>Esta aplicaci\u00f3n es popular entre los fabricantes de muebles que han seleccionado el granadillo africano y el marfil rojo para enriquecer sus muebles con un color subyacente \u00fanico.<\/p>\n<p><strong>Para talladores: <\/strong>\u00a0Los talladores nos presentan un desaf\u00edo especial. Buscan una variedad de piezas \u00fanicas a menudo por sus caracter\u00edsticas y posibles defectos y al precio m\u00e1s bajo. Nuestra mejor oferta adaptada se encuentra en los paquetes combo que son en realidad partes non est\u00e1ndar, de ocho especies, embaladas juntas en cajas de cart\u00f3n de 10 y 20 kilos envasado en cajas de 100, 200 o 500 kilos.<\/p>\n<p><strong>Aficionados de piso de madera:<\/strong>\u00a0Hacemos piso de madera en mosaico tradicional de las mismas especies de madera ex\u00f3tica. Los azulejos est\u00e1n hechos de filetes de 8 mm de espesor, perfectamente planeados y cuidadosamente montados a mano. Cada baldos\u00edn lleva encima una l\u00e1mina de papel 3M que se despega despu\u00e9s de colocarlo en su lugar y que hace la colocaci\u00f3n f\u00e1cil y r\u00e1pida.<\/p>\n<p>Para m\u00e1s informaci\u00f3n: v\u00e9ase: \u00a0<a href=\"https:\/\/dev2.prosono-hardwoods.com\/es\/decoradores-del-interior\/\">decoradores del interior<\/a>[\/vc_column_text][\/vc_column][vc_column width=\u00bb1\/2&#8243;][vc_gallery interval=\u00bb3&#8243; images=\u00bb3032,5723,3035,5841,5789,5972,5676&#8243; img_size=\u00bb490&#215;570&#8243;][\/vc_column][\/vc_row]<\/p>\n<\/section>","protected":false},"excerpt":{"rendered":"<p>[vc_row css=\u00bb.vc_custom_1497864480113{padding-top: 60px !important;padding-bottom: 60px !important;}\u00bb][vc_column width=\u00bb1\/2&#8243;][vc_column_text]Nuestras maderas ex\u00f3ticas son de alta densidad. Se extraen de troncos relativamente peque\u00f1os y de forma irregular. \u00a1Por lo tanto,<span class=\"excerpt-hellip\"> [\u2026]<\/span><\/p>\n","protected":false},"author":4,"featured_media":0,"parent":1990,"menu_order":0,"comment_status":"closed","ping_status":"closed","template":"","meta":{"_themeisle_gutenberg_block_has_review":false,"footnotes":""},"yoast_head":"<!-- This site is optimized with the Yoast SEO plugin v21.5 - https:\/\/yoast.com\/wordpress\/plugins\/seo\/ -->\n<title>Madera para carpinteros, tallistas, ebanistas y fabricantes de muebles - Prosono international<\/title>\n<meta name=\"description\" content=\"Ofrecemos maderas tropicales de alta densidad y calidad procesada para los carpinteros, talladores y fabricantes de muebles de todo el mundo. Saber m\u00e1s.\" \/>\n<meta name=\"robots\" content=\"noindex, follow, max-snippet:-1, max-image-preview:large, max-video-preview:-1\" \/>\n<meta property=\"og:locale\" content=\"es_ES\" \/>\n<meta property=\"og:type\" content=\"article\" \/>\n<meta property=\"og:title\" content=\"Madera para carpinteros, tallistas, ebanistas y fabricantes de muebles - Prosono international\" \/>\n<meta property=\"og:description\" content=\"Ofrecemos maderas tropicales de alta densidad y calidad procesada para los carpinteros, talladores y fabricantes de muebles de todo el mundo. Saber m\u00e1s.\" \/>\n<meta property=\"og:url\" content=\"https:\/\/dev2.prosono-hardwoods.com\/es\/clientes\/carpinteros-talladores-mueblistas-y-ebanistas\/\" \/>\n<meta property=\"og:site_name\" content=\"Prosono international\" \/>\n<meta property=\"article:modified_time\" content=\"2024-01-12T12:55:25+00:00\" \/>\n<meta name=\"twitter:card\" content=\"summary_large_image\" \/>\n<meta name=\"twitter:label1\" content=\"Tiempo de lectura\" \/>\n\t<meta name=\"twitter:data1\" content=\"2 minutos\" \/>\n<script type=\"application\/ld+json\" class=\"yoast-schema-graph\">{\"@context\":\"https:\/\/schema.org\",\"@graph\":[{\"@type\":\"WebPage\",\"@id\":\"https:\/\/dev2.prosono-hardwoods.com\/es\/clientes\/carpinteros-talladores-mueblistas-y-ebanistas\/\",\"url\":\"https:\/\/dev2.prosono-hardwoods.com\/es\/clientes\/carpinteros-talladores-mueblistas-y-ebanistas\/\",\"name\":\"Madera para carpinteros, tallistas, ebanistas y fabricantes de muebles - Prosono international\",\"isPartOf\":{\"@id\":\"https:\/\/dev2.prosono-hardwoods.com\/#website\"},\"datePublished\":\"2017-02-13T20:14:40+00:00\",\"dateModified\":\"2024-01-12T12:55:25+00:00\",\"description\":\"Ofrecemos maderas tropicales de alta densidad y calidad procesada para los carpinteros, talladores y fabricantes de muebles de todo el mundo. Saber m\u00e1s.\",\"breadcrumb\":{\"@id\":\"https:\/\/dev2.prosono-hardwoods.com\/es\/clientes\/carpinteros-talladores-mueblistas-y-ebanistas\/#breadcrumb\"},\"inLanguage\":\"es\",\"potentialAction\":[{\"@type\":\"ReadAction\",\"target\":[\"https:\/\/dev2.prosono-hardwoods.com\/es\/clientes\/carpinteros-talladores-mueblistas-y-ebanistas\/\"]}]},{\"@type\":\"BreadcrumbList\",\"@id\":\"https:\/\/dev2.prosono-hardwoods.com\/es\/clientes\/carpinteros-talladores-mueblistas-y-ebanistas\/#breadcrumb\",\"itemListElement\":[{\"@type\":\"ListItem\",\"position\":1,\"name\":\"Accueil\",\"item\":\"https:\/\/dev2.prosono-hardwoods.com\/\"},{\"@type\":\"ListItem\",\"position\":2,\"name\":\"CLIENTES\",\"item\":\"https:\/\/dev2.prosono-hardwoods.com\/es\/clientes\/\"},{\"@type\":\"ListItem\",\"position\":3,\"name\":\"Carpinteros, talladores, mueblistas y ebanistas\"}]},{\"@type\":\"WebSite\",\"@id\":\"https:\/\/dev2.prosono-hardwoods.com\/#website\",\"url\":\"https:\/\/dev2.prosono-hardwoods.com\/\",\"name\":\"Prosono international\",\"description\":\"\",\"publisher\":{\"@id\":\"https:\/\/dev2.prosono-hardwoods.com\/#organization\"},\"potentialAction\":[{\"@type\":\"SearchAction\",\"target\":{\"@type\":\"EntryPoint\",\"urlTemplate\":\"https:\/\/dev2.prosono-hardwoods.com\/?s={search_term_string}\"},\"query-input\":\"required name=search_term_string\"}],\"inLanguage\":\"es\"},{\"@type\":\"Organization\",\"@id\":\"https:\/\/dev2.prosono-hardwoods.com\/#organization\",\"name\":\"Prosono Hardwoods International\",\"url\":\"https:\/\/dev2.prosono-hardwoods.com\/\",\"logo\":{\"@type\":\"ImageObject\",\"inLanguage\":\"es\",\"@id\":\"https:\/\/dev2.prosono-hardwoods.com\/#\/schema\/logo\/image\/\",\"url\":\"https:\/\/dev2.prosono-hardwoods.com\/wp-content\/uploads\/2020\/08\/prosono-logo@2x.png\",\"contentUrl\":\"https:\/\/dev2.prosono-hardwoods.com\/wp-content\/uploads\/2020\/08\/prosono-logo@2x.png\",\"width\":404,\"height\":90,\"caption\":\"Prosono Hardwoods International\"},\"image\":{\"@id\":\"https:\/\/dev2.prosono-hardwoods.com\/#\/schema\/logo\/image\/\"}}]}<\/script>\n<!-- \/ Yoast SEO plugin. -->","yoast_head_json":{"title":"Madera para carpinteros, tallistas, ebanistas y fabricantes de muebles - Prosono international","description":"Ofrecemos maderas tropicales de alta densidad y calidad procesada para los carpinteros, talladores y fabricantes de muebles de todo el mundo. Saber m\u00e1s.","robots":{"index":"noindex","follow":"follow","max-snippet":"max-snippet:-1","max-image-preview":"max-image-preview:large","max-video-preview":"max-video-preview:-1"},"og_locale":"es_ES","og_type":"article","og_title":"Madera para carpinteros, tallistas, ebanistas y fabricantes de muebles - Prosono international","og_description":"Ofrecemos maderas tropicales de alta densidad y calidad procesada para los carpinteros, talladores y fabricantes de muebles de todo el mundo. Saber m\u00e1s.","og_url":"https:\/\/dev2.prosono-hardwoods.com\/es\/clientes\/carpinteros-talladores-mueblistas-y-ebanistas\/","og_site_name":"Prosono international","article_modified_time":"2024-01-12T12:55:25+00:00","twitter_card":"summary_large_image","twitter_misc":{"Tiempo de lectura":"2 minutos"},"schema":{"@context":"https:\/\/schema.org","@graph":[{"@type":"WebPage","@id":"https:\/\/dev2.prosono-hardwoods.com\/es\/clientes\/carpinteros-talladores-mueblistas-y-ebanistas\/","url":"https:\/\/dev2.prosono-hardwoods.com\/es\/clientes\/carpinteros-talladores-mueblistas-y-ebanistas\/","name":"Madera para carpinteros, tallistas, ebanistas y fabricantes de muebles - Prosono international","isPartOf":{"@id":"https:\/\/dev2.prosono-hardwoods.com\/#website"},"datePublished":"2017-02-13T20:14:40+00:00","dateModified":"2024-01-12T12:55:25+00:00","description":"Ofrecemos maderas tropicales de alta densidad y calidad procesada para los carpinteros, talladores y fabricantes de muebles de todo el mundo. Saber m\u00e1s.","breadcrumb":{"@id":"https:\/\/dev2.prosono-hardwoods.com\/es\/clientes\/carpinteros-talladores-mueblistas-y-ebanistas\/#breadcrumb"},"inLanguage":"es","potentialAction":[{"@type":"ReadAction","target":["https:\/\/dev2.prosono-hardwoods.com\/es\/clientes\/carpinteros-talladores-mueblistas-y-ebanistas\/"]}]},{"@type":"BreadcrumbList","@id":"https:\/\/dev2.prosono-hardwoods.com\/es\/clientes\/carpinteros-talladores-mueblistas-y-ebanistas\/#breadcrumb","itemListElement":[{"@type":"ListItem","position":1,"name":"Accueil","item":"https:\/\/dev2.prosono-hardwoods.com\/"},{"@type":"ListItem","position":2,"name":"CLIENTES","item":"https:\/\/dev2.prosono-hardwoods.com\/es\/clientes\/"},{"@type":"ListItem","position":3,"name":"Carpinteros, talladores, mueblistas y ebanistas"}]},{"@type":"WebSite","@id":"https:\/\/dev2.prosono-hardwoods.com\/#website","url":"https:\/\/dev2.prosono-hardwoods.com\/","name":"Prosono international","description":"","publisher":{"@id":"https:\/\/dev2.prosono-hardwoods.com\/#organization"},"potentialAction":[{"@type":"SearchAction","target":{"@type":"EntryPoint","urlTemplate":"https:\/\/dev2.prosono-hardwoods.com\/?s={search_term_string}"},"query-input":"required name=search_term_string"}],"inLanguage":"es"},{"@type":"Organization","@id":"https:\/\/dev2.prosono-hardwoods.com\/#organization","name":"Prosono Hardwoods International","url":"https:\/\/dev2.prosono-hardwoods.com\/","logo":{"@type":"ImageObject","inLanguage":"es","@id":"https:\/\/dev2.prosono-hardwoods.com\/#\/schema\/logo\/image\/","url":"https:\/\/dev2.prosono-hardwoods.com\/wp-content\/uploads\/2020\/08\/prosono-logo@2x.png","contentUrl":"https:\/\/dev2.prosono-hardwoods.com\/wp-content\/uploads\/2020\/08\/prosono-logo@2x.png","width":404,"height":90,"caption":"Prosono Hardwoods International"},"image":{"@id":"https:\/\/dev2.prosono-hardwoods.com\/#\/schema\/logo\/image\/"}}]}},"_links":{"self":[{"href":"https:\/\/dev2.prosono-hardwoods.com\/es\/wp-json\/wp\/v2\/pages\/1772"}],"collection":[{"href":"https:\/\/dev2.prosono-hardwoods.com\/es\/wp-json\/wp\/v2\/pages"}],"about":[{"href":"https:\/\/dev2.prosono-hardwoods.com\/es\/wp-json\/wp\/v2\/types\/page"}],"author":[{"embeddable":true,"href":"https:\/\/dev2.prosono-hardwoods.com\/es\/wp-json\/wp\/v2\/users\/4"}],"replies":[{"embeddable":true,"href":"https:\/\/dev2.prosono-hardwoods.com\/es\/wp-json\/wp\/v2\/comments?post=1772"}],"version-history":[{"count":10,"href":"https:\/\/dev2.prosono-hardwoods.com\/es\/wp-json\/wp\/v2\/pages\/1772\/revisions"}],"predecessor-version":[{"id":23903,"href":"https:\/\/dev2.prosono-hardwoods.com\/es\/wp-json\/wp\/v2\/pages\/1772\/revisions\/23903"}],"up":[{"embeddable":true,"href":"https:\/\/dev2.prosono-hardwoods.com\/es\/wp-json\/wp\/v2\/pages\/1990"}],"wp:attachment":[{"href":"https:\/\/dev2.prosono-hardwoods.com\/es\/wp-json\/wp\/v2\/media?parent=1772"}],"curies":[{"name":"wp","href":"https:\/\/api.w.org\/{rel}","templated":true}]}}