{"id":1773,"date":"2017-02-13T21:14:07","date_gmt":"2017-02-13T20:14:07","guid":{"rendered":"https:\/\/dev2.prosono-hardwoods.com\/turners\/"},"modified":"2024-01-12T13:29:31","modified_gmt":"2024-01-12T12:29:31","slug":"aficionados-de-torneria","status":"publish","type":"page","link":"https:\/\/dev2.prosono-hardwoods.com\/es\/aficionados-de-torneria\/","title":{"rendered":"Aficionados de torner\u00eda"},"content":{"rendered":"<section class=\"wpb-content-wrapper\"><p>[vc_row][vc_column][vc_column_text]Nuestros 10 a\u00f1os de estrecha cooperaci\u00f3n con importadores y distribuidores en Estados Unidos, Reino Unido, Alemania, Jap\u00f3n y Espa\u00f1a ha permitido la selecci\u00f3n de 12 especies de madera dura para tornear.<\/p>\n<p><strong>En cuanto a los mercados europeos, asi\u00e1ticos y el australiano, estamos abiertos a socios adicionales, capaces de introducir y promover estas preciosas y raras maderas duras con los numerosos artesanos, torneadores, talladores, carpinteros, artistas, decoradores de interior y con empresas de relevancia.<\/strong>[\/vc_column_text][vc_row_inner][vc_column_inner width=\u00bb1\/2&#8243;][vc_column_text]<strong>Nuestra oferta de escuadras y bloques incluye las siguientes especies:\u00a0<\/strong><\/p>\n<ol>\n<li>Marfil rojo \/ Berchimia zeyheri<\/li>\n<li>Olivo silvestre \/ Olea europea, sub-especie africana<\/li>\n<li>Cocobolo africano \/ Spirostachys africana<\/li>\n<li>Granadillo africano \/ Dalbergia melanoxylon<\/li>\n<li>Mopani \/ Colophospermum mopani<\/li>\n<li>Chacate negro \/ Guibourtia conjugata<\/li>\n<li>Monzo \/ Combretum imberbe<\/li>\n<li>Espina de Camello \/ Acacia erioloba<\/li>\n<\/ol>\n<p>[\/vc_column_text][vc_gallery interval=\u00bb3&#8243; images=\u00bb3218,3221,3203,3206,3212&#8243; img_size=\u00bb630&#215;445&#8243; onclick=\u00bb\u00bb css=\u00bb.vc_custom_1511943628511{margin-bottom: 0px !important;padding-bottom: 0px !important;}\u00bb][\/vc_column_inner][vc_column_inner width=\u00bb1\/2&#8243;][vc_gallery interval=\u00bb3&#8243; images=\u00bb3191,3188,3236,5890&#8243; img_size=\u00bb480 \u00d7 640&#8243; onclick=\u00bb\u00bb css=\u00bb.vc_custom_1616749095198{margin-bottom: 0px !important;padding-bottom: 0px !important;}\u00bb][\/vc_column_inner][\/vc_row_inner][vc_row_inner][vc_column_inner width=\u00bb1\/2&#8243;][vc_column_text]La investigaci\u00f3n de nuevas especies es un proceso lento y escalonado que debe tener en cuenta varios factores limitativos, a saber:<\/p>\n<ul>\n<li>La disponibilidad de permisos de corte de las autoridades pertinentes,<\/li>\n<li>La disponibilidad de madera cualitativamente y cuantitativamente suficiente,<\/li>\n<li>La opini\u00f3n positiva expresada por nuestros principales socios sobre el potencial de estas especies en sus mercados nacionales.<\/li>\n<\/ul>\n<p>En la actualidad est\u00e1n bajo investigaci\u00f3n:<\/p>\n<ol>\n<li>Snake bean\u00a0\/ Bobgunnia Madagascariensis<\/li>\n<li>Matumi \/ Breonadia salicina<\/li>\n<li>Sauce llor\u00f3n rojo (Red bushwillow) \/ Combretum apicolatum<\/li>\n<li>Chacal-baya \/ Diospyros mespiliformis<\/li>\n<\/ol>\n<p>Nuestra gama de maderas ex\u00f3ticas raras permite una combinaci\u00f3n de colores, una ventaja a\u00f1adida. Los residentes de Sud\u00e1frica pueden visitar nuestro showroom, donde se exhibe una amplia gama de maderas ex\u00f3ticas en cuadradas y bloques.<\/p>\n<p>De izquierda a derecha: Espina de camello, Monzo, Matumi, Snake bean.[\/vc_column_text][\/vc_column_inner][vc_column_inner width=\u00bb1\/2&#8243;][vc_empty_space][\/vc_column_inner][\/vc_row_inner][\/vc_column][\/vc_row][vc_row full_width=\u00bbstretch_row_content_no_spaces\u00bb][vc_column][vc_single_image image=\u00bb3209&#8243; img_size=\u00bbfull\u00bb][\/vc_column][\/vc_row][vc_row][vc_column][vc_row_inner][vc_column_inner width=\u00bb2\/3&#8243;][vc_column_text]<\/p>\n<h2>Caracter\u00edsticas y usos de nuestras maderas ex\u00f3ticas y raras<\/h2>\n<p>[\/vc_column_text][\/vc_column_inner][vc_column_inner width=\u00bb1\/3&#8243;][\/vc_column_inner][\/vc_row_inner][vc_row_inner][vc_column_inner width=\u00bb1\/2&#8243;][vc_single_image image=\u00bb3230&#8243; img_size=\u00bb580&#215;390&#8243; css=\u00bb.vc_custom_1495405038020{margin-bottom: 0px !important;padding-bottom: 0px !important;}\u00bb][vc_column_text]<strong>Marfil rojo<\/strong>, tambi\u00e9n conocido como marfil rojo, ofrece tonos distintivos de color rojo que gustan y son buscados por los aficionados de torner\u00eda de todo el mundo, ya que abre muchas oportunidades de negocio en la decoraci\u00f3n, joyer\u00eda, incrustaciones y marqueter\u00eda, bol\u00edgrafos, bastones, ca\u00f1as de golf, cu\u00f1as de billar, cajas de joyas, cajas de m\u00fasica y cigarros, frutas decorativas, ensaladeras, molinos de pimienta, mangos de cuchillo, etc.[\/vc_column_text][\/vc_column_inner][vc_column_inner width=\u00bb1\/2&#8243;][vc_single_image image=\u00bb2546&#8243; img_size=\u00bb580&#215;390&#8243; css=\u00bb.vc_custom_1511943897561{margin-bottom: 0px !important;padding-bottom: 0px !important;}\u00bb][vc_column_text]<strong>El olivo silvestre<\/strong>, tambi\u00e9n llamado olivo africano, se caracteriza por su grano oscuro, fuertemente marcado y tortuoso. Es una madera ideal para los tallados modernos y antiguos, el torneado de bol\u00edgrafos, abrecartas, candelabros, pipas para fumar, posabotellas y posavasos, cajas para joyas y para cigarros y para caras de relojes antiguos.[\/vc_column_text][\/vc_column_inner][\/vc_row_inner][vc_row_inner][vc_column_inner width=\u00bb1\/2&#8243;][vc_single_image image=\u00bb4025&#8243; img_size=\u00bb580 \u00d7 390&#8243; css=\u00bb.vc_custom_1511943921870{margin-bottom: 0px !important;padding-bottom: 0px !important;}\u00bb][vc_column_text]<strong>El Tambotie<\/strong>, tambi\u00e9n llamado cocobolo africano, tiene un color marr\u00f3n oscuro muy distintivo, y un olor agradable duradero. Se aprecia por su acabado brillante despu\u00e9s del pulido. Esta madera se utiliza para muebles peque\u00f1os, marcos para pintura y fotos, mangos de cuchillos y frutas decorativas.[\/vc_column_text][\/vc_column_inner][vc_column_inner width=\u00bb1\/2&#8243;][vc_single_image image=\u00bb3224&#8243; img_size=\u00bb580&#215;390&#8243; css=\u00bb.vc_custom_1495405042761{margin-bottom: 0px !important;padding-bottom: 0px !important;}\u00bb][vc_column_text]<strong>El granadillo africano es extremamente estable, denso y r\u00edgido, incluso en condiciones clim\u00e1ticas extremas. Es libre de porosidad y perfectamente negro despu\u00e9s de pulir.<\/strong> Se utiliza con \u00e9xito para tacos de billar, bastones, tiradores y manijas de puertas, mangos para cuchillos y para armas de fuego y puntas, incrustaciones y marqueter\u00eda, rosarios y art\u00edculos eclesi\u00e1sticos, tallas y esculturas, instrumentos de viento, etc.[\/vc_column_text][\/vc_column_inner][\/vc_row_inner][vc_row_inner][vc_column_inner width=\u00bb1\/2&#8243;][vc_single_image image=\u00bb3227&#8243; img_size=\u00bb580&#215;390&#8243; css=\u00bb.vc_custom_1495405048777{margin-bottom: 0px !important;padding-bottom: 0px !important;}\u00bb][vc_column_text]<strong>El mopani est\u00e1 disponible en grandes escuadras y bloques<\/strong>. Tiene una alta densidad excelente estabilidad y, lo que lo hace muy adecuado para pies de mesa, balaustradas, bastones ovejeros, vasijas, platos, fruteros y frutas decorativas e instrumentos de viento cl\u00e1sicos y folkl\u00f3ricos.[\/vc_column_text][\/vc_column_inner][vc_column_inner width=\u00bb1\/2&#8243;][vc_single_image image=\u00bb2648&#8243; img_size=\u00bb580&#215;390&#8243; css=\u00bb.vc_custom_1495405053516{margin-bottom: 0px !important;padding-bottom: 0px !important;}\u00bb][vc_column_text]<strong>Chacate negro<\/strong> tambi\u00e9n identificado como peque\u00f1o falso mopani lo tenemos en cuadradas y bloques de gran tama\u00f1o. Permite la producci\u00f3n de campanas de gran tama\u00f1o para instrumentos de viento y flautas. Tambi\u00e9n cortamos conjuntos de fondos y aros para guitarras ac\u00fasticas. El aspecto verdoso con raya negruzca es atractivo para los trabajos de torner\u00eda. El distinto aspecto recuerda al Paolo Santo (Lignum vitae) de Am\u00e9rica del Sur.[\/vc_column_text][\/vc_column_inner][\/vc_row_inner][vc_row_inner][vc_column_inner width=\u00bb1\/2&#8243;][vc_single_image image=\u00bb3215&#8243; img_size=\u00bb580&#215;390&#8243; css=\u00bb.vc_custom_1495405058992{margin-bottom: 0px !important;padding-bottom: 0px !important;}\u00bb][vc_column_text]<strong>El monzo<\/strong> lo tenemos en cuadradas y bloques de gran tama\u00f1o. Su alta densidad, estabilidad, color gris distinto y su acabado lustroso lo hace popular para los pies de mesa, balaustradas, platos, mangos de cuchillo, pipas y mangos de cubiertos.[\/vc_column_text][\/vc_column_inner][vc_column_inner width=\u00bb1\/2&#8243;][vc_single_image image=\u00bb2780&#8243; img_size=\u00bb580&#215;390&#8243; css=\u00bb.vc_custom_1495405063944{margin-bottom: 0px !important;padding-bottom: 0px !important;}\u00bb][vc_column_text]<strong>La espina de camello<\/strong> es una hermosa madera. El color rojo claro distintivo se aprecia para vasijas y platos, mangos para cuchillos, bol\u00edgrafos y estilos, as\u00ed como para cajas de joyer\u00eda.[\/vc_column_text][\/vc_column_inner][\/vc_row_inner][vc_row_inner][vc_column_inner width=\u00bb1\/2&#8243;][vc_single_image image=\u00bb2786&#8243; img_size=\u00bb580&#215;390&#8243; css=\u00bb.vc_custom_1495405076192{margin-bottom: 0px !important;padding-bottom: 0px !important;}\u00bb][vc_column_text]<strong>Snake bean<\/strong> se tornea y encola bien. Se utiliza ampliamente en trabajos de torner\u00eda y carpinter\u00eda. Puede ser barnizada con alto brillo.[\/vc_column_text][\/vc_column_inner][vc_column_inner width=\u00bb1\/2&#8243;][vc_single_image image=\u00bb2783&#8243; img_size=\u00bb580&#215;390&#8243; css=\u00bb.vc_custom_1495405070300{margin-bottom: 0px !important;padding-bottom: 0px !important;}\u00bb][vc_column_text]<strong>El matumi, m\u00e1s ligero que las especies de maderas mencionadas anteriormente<\/strong>. Est\u00e1 disponible en grandes escuadras y bloques. Su principal uso es la fabricaci\u00f3n de muebles y herramientas.[\/vc_column_text][\/vc_column_inner][\/vc_row_inner][vc_row_inner][vc_column_inner][vc_column_text]<strong>DIMENSIONES EST\u00c1NDARES DISPONIBLES COMO CUADRADAS Y BLOQUES<\/strong><\/p>\n<p>La siguiente tabla debe ser de inter\u00e9s para importadores-mayoristas y maestros de torner\u00eda. En ella se destacan los tama\u00f1os y usos m\u00e1s populares de los mismos.<\/p>\n<p>Si se desea, adjuntaremos una hoja de c\u00e1lculo Excel que simula la orden de nuestros clientes por especies, dimensiones, vol\u00famenes, precios y valores.<\/p>\n<p>&nbsp;<\/p>\n<table>\n<tbody>\n<tr style=\"background-color: #dcdad2;\">\n<td><strong>Escuadras para torner\u00eda<\/strong><\/td>\n<td><b>en mm<\/b><\/td>\n<td><b>en dm3<\/b><\/td>\n<td><strong>Aplicaciones de torner\u00eda que hemos encontrado<\/strong><\/td>\n<\/tr>\n<tr>\n<td><b>3\/4 x 3\/4 x 6<\/b><\/td>\n<td><b>20 x 20 x 152<\/b><\/td>\n<td><b>0.062<\/b><\/td>\n<td>Bol\u00edgrafos, clavijas de viol\u00edn y viola, machihembrado<\/td>\n<\/tr>\n<tr>\n<td><b>1 x 1 x 6<\/b><\/td>\n<td><b>26 x 26 x 150<\/b><\/td>\n<td><b>0.098<\/b><\/td>\n<td>Piezas de ajedrez<\/td>\n<\/tr>\n<tr>\n<td><b>1 x 1 x 12<\/b><\/td>\n<td><b>26 x 26 x 305<\/b><\/td>\n<td><b>0.197<\/b><\/td>\n<td>Reglas, machihembrado, agujas para tejer<\/td>\n<\/tr>\n<tr>\n<td><b>11\/2 x 11\/2 x 3<\/b><\/td>\n<td><b>38 x 38 x 75<\/b><\/td>\n<td><b>0.108<\/b><\/td>\n<td>Mangos para cuchillos, clavijas para viola y cello, piezas de ajedrez<\/td>\n<\/tr>\n<tr>\n<td><b>11\/2 x 11\/2 x 6<\/b><\/td>\n<td><b>38 x 38 x 150<\/b><\/td>\n<td><b>0.217<\/b><\/td>\n<td>Candelabros<\/td>\n<\/tr>\n<tr>\n<td><b>11\/2 x 11\/2 x 12<\/b><\/td>\n<td><b>38 x 38 x 310<\/b><\/td>\n<td><b>0.442<\/b><\/td>\n<td>Candelabros de iglesia<\/td>\n<\/tr>\n<tr>\n<td>11\/2 x 11\/2 x 15<\/td>\n<td>38 x 38 x 385<\/td>\n<td>0.556<\/td>\n<td>Bordones de instrumentos de viento*<\/td>\n<\/tr>\n<tr>\n<td><b>11\/2 x 11\/2 x 16<\/b><\/td>\n<td><b>38 x 38 x 410<\/b><\/td>\n<td><b>0.590<\/b><\/td>\n<td>Pie de l\u00e1mparas<\/td>\n<\/tr>\n<tr>\n<td><b>11\/2 x 11\/2 x 18<\/b><\/td>\n<td><b>38 x 38 x 457<\/b><\/td>\n<td><b>0.660<\/b><\/td>\n<td>Tacos de billar europeo y americano<\/td>\n<\/tr>\n<tr>\n<td><b>11\/2 x 11\/2 x 24<\/b><\/td>\n<td><b>38 x 38 x 610<\/b><\/td>\n<td><b>0.881<\/b><\/td>\n<td>Tacos de billar ruso, marcos de pinturas<\/td>\n<\/tr>\n<tr>\n<td>2 x 2 x 4<\/td>\n<td>51 x 51 x 100<\/td>\n<td>0.262<\/td>\n<td>Manillas de puerta, anillos para servilleta, clavijas para contrabajos<\/td>\n<\/tr>\n<tr>\n<td><b>2 x 2 x 6<\/b><\/td>\n<td><b>51 x 51 x 150<\/b><\/td>\n<td><b>0.393<\/b><\/td>\n<td>Manillas para puertas, piezas de ajedrez, pimenteros<\/td>\n<\/tr>\n<tr>\n<td>2 x 2 x 8<\/td>\n<td>51 x 51 x 205<\/td>\n<td>0.513<\/td>\n<td>Piezas de ajedrez<\/td>\n<\/tr>\n<tr>\n<td><b>2 x 2 x 12<\/b><\/td>\n<td><b>51 x 51 x 310<\/b><\/td>\n<td><b>0.775<\/b><\/td>\n<td>Pies de l\u00e1mparas<\/td>\n<\/tr>\n<tr>\n<td><b>2 x 2 x 18<\/b><\/td>\n<td><b>51 x 51 x 457<\/b><\/td>\n<td><b>1.143<\/b><\/td>\n<td>Pies de l\u00e1mparas<\/td>\n<\/tr>\n<tr>\n<td><b>3 x 3 x 12<\/b><\/td>\n<td><b>76 x 76 x 300 <\/b><\/td>\n<td><b>1.770<\/b><\/td>\n<td>Patas para taburetes<\/td>\n<\/tr>\n<tr>\n<td><b>3 x 3 x 18<\/b><\/td>\n<td><b>76 x 76 x 457<\/b><\/td>\n<td><b>2.640<\/b><\/td>\n<td>Patas de mesa<\/td>\n<\/tr>\n<tr>\n<td>4 x 4 x 12<\/td>\n<td>100 x 100 x 300<\/td>\n<td>3.150<\/td>\n<td>Pimenteros grandes<\/td>\n<\/tr>\n<tr>\n<td>4 x 4 x 18<\/td>\n<td>100 x 100 x 457<\/td>\n<td>4.57<\/td>\n<td>Patas de mesa<\/td>\n<\/tr>\n<tr style=\"background-color: #dcdad2;\">\n<td>Bloques<\/td>\n<td><\/td>\n<td><\/td>\n<td><\/td>\n<\/tr>\n<tr>\n<td><b>4 x 4 x 2<\/b><\/td>\n<td><b>100 x 100 x 50<\/b><\/td>\n<td><b>0.500<\/b><\/td>\n<td>Posabotellas<\/td>\n<\/tr>\n<tr>\n<td><b>5 x 5 x 2<\/b><\/td>\n<td><b>125 x 125 x 50<\/b><\/td>\n<td><b>0.819<\/b><\/td>\n<td>Posabotellas<\/td>\n<\/tr>\n<tr>\n<td>5 x 5 x 3<\/td>\n<td>125 x 125 x 75<\/td>\n<td>1.229<\/td>\n<td>Ensaladeras<\/td>\n<\/tr>\n<tr>\n<td><b>6 x 6 x 2<\/b><\/td>\n<td><b>150 x 150 x 50<\/b><\/td>\n<td><b>1.180<\/b><\/td>\n<td>Ensaladeras, pies de l\u00e1mpara<\/td>\n<\/tr>\n<tr>\n<td>6 x 6 x 3<\/td>\n<td>150 x 150 x 76<\/td>\n<td>1.770<\/td>\n<td>Ensaladeras, pipas para fumar<\/td>\n<\/tr>\n<tr>\n<td>8 x 8 x 2<\/td>\n<td>200 x 200 x 50<\/td>\n<td>2.098<\/td>\n<td>Cajas para joyas o puros<\/td>\n<\/tr>\n<tr>\n<td>8 x 8 x 3<\/td>\n<td>200 x 200 x 76<\/td>\n<td>3.146<\/td>\n<td>Cajas musicales, fruteros<\/td>\n<\/tr>\n<tr>\n<td>10 x 10 x 2<\/td>\n<td>250 x 250 x 50<\/td>\n<td>3.125<\/td>\n<td>Caras de relojes antiguos, fruteros<\/td>\n<\/tr>\n<\/tbody>\n<\/table>\n<p>\u00a1<strong>Nuestra empresa distingue claramente entre las piezas de calidad para torner\u00eda y las partes de calidad musical!<\/strong> Nuestras piezas de torner\u00eda pueden tener nudos y albura que se excluyen de las partes de calidad musical que est\u00e1n almacenadas durante un m\u00ednimo de doce meses.\u00a0Sabemos que algunos de nuestros clientes han utilizado partes de torner\u00eda como partes musicales. Esta es una demostraci\u00f3n de la calidad de nuestras piezas de torner\u00eda. Sin embargo, no est\u00e1n curadas y no est\u00e1n libres de los defectos mencionados y por lo tanto, hay un descuento en el precio en comparaci\u00f3n con partes de calidad musical.[\/vc_column_text][\/vc_column_inner][\/vc_row_inner][\/vc_column][\/vc_row]<\/p>\n<\/section>","protected":false},"excerpt":{"rendered":"<p>[vc_row][vc_column][vc_column_text]Nuestros 10 a\u00f1os de estrecha cooperaci\u00f3n con importadores y distribuidores en Estados Unidos, Reino Unido, Alemania, Jap\u00f3n y Espa\u00f1a ha permitido la selecci\u00f3n de 12 especies<span class=\"excerpt-hellip\"> [\u2026]<\/span><\/p>\n","protected":false},"author":4,"featured_media":0,"parent":0,"menu_order":0,"comment_status":"closed","ping_status":"closed","template":"","meta":{"_themeisle_gutenberg_block_has_review":false,"footnotes":""},"yoast_head":"<!-- This site is optimized with the Yoast SEO plugin v21.5 - https:\/\/yoast.com\/wordpress\/plugins\/seo\/ -->\n<title>Maderas ex\u00f3ticas para torneros - Prosono international<\/title>\n<meta name=\"description\" content=\"ProSono Hardwoods International suministra maderas duras africanas de alta calidad y piezas en bruto para torneros. Descubra m\u00e1s ahora.\" \/>\n<meta name=\"robots\" content=\"noindex, follow, max-snippet:-1, max-image-preview:large, max-video-preview:-1\" \/>\n<meta property=\"og:locale\" content=\"es_ES\" \/>\n<meta property=\"og:type\" content=\"article\" \/>\n<meta property=\"og:title\" content=\"Maderas ex\u00f3ticas para torneros - Prosono international\" \/>\n<meta property=\"og:description\" content=\"ProSono Hardwoods International suministra maderas duras africanas de alta calidad y piezas en bruto para torneros. Descubra m\u00e1s ahora.\" \/>\n<meta property=\"og:url\" content=\"https:\/\/dev2.prosono-hardwoods.com\/es\/aficionados-de-torneria\/\" \/>\n<meta property=\"og:site_name\" content=\"Prosono international\" \/>\n<meta property=\"article:modified_time\" content=\"2024-01-12T12:29:31+00:00\" \/>\n<meta name=\"twitter:card\" content=\"summary_large_image\" \/>\n<meta name=\"twitter:label1\" content=\"Tiempo de lectura\" \/>\n\t<meta name=\"twitter:data1\" content=\"7 minutos\" \/>\n<script type=\"application\/ld+json\" class=\"yoast-schema-graph\">{\"@context\":\"https:\/\/schema.org\",\"@graph\":[{\"@type\":\"WebPage\",\"@id\":\"https:\/\/dev2.prosono-hardwoods.com\/es\/aficionados-de-torneria\/\",\"url\":\"https:\/\/dev2.prosono-hardwoods.com\/es\/aficionados-de-torneria\/\",\"name\":\"Maderas ex\u00f3ticas para torneros - Prosono international\",\"isPartOf\":{\"@id\":\"https:\/\/dev2.prosono-hardwoods.com\/#website\"},\"datePublished\":\"2017-02-13T20:14:07+00:00\",\"dateModified\":\"2024-01-12T12:29:31+00:00\",\"description\":\"ProSono Hardwoods International suministra maderas duras africanas de alta calidad y piezas en bruto para torneros. Descubra m\u00e1s ahora.\",\"breadcrumb\":{\"@id\":\"https:\/\/dev2.prosono-hardwoods.com\/es\/aficionados-de-torneria\/#breadcrumb\"},\"inLanguage\":\"es\",\"potentialAction\":[{\"@type\":\"ReadAction\",\"target\":[\"https:\/\/dev2.prosono-hardwoods.com\/es\/aficionados-de-torneria\/\"]}]},{\"@type\":\"BreadcrumbList\",\"@id\":\"https:\/\/dev2.prosono-hardwoods.com\/es\/aficionados-de-torneria\/#breadcrumb\",\"itemListElement\":[{\"@type\":\"ListItem\",\"position\":1,\"name\":\"Accueil\",\"item\":\"https:\/\/dev2.prosono-hardwoods.com\/\"},{\"@type\":\"ListItem\",\"position\":2,\"name\":\"Aficionados de torner\u00eda\"}]},{\"@type\":\"WebSite\",\"@id\":\"https:\/\/dev2.prosono-hardwoods.com\/#website\",\"url\":\"https:\/\/dev2.prosono-hardwoods.com\/\",\"name\":\"Prosono international\",\"description\":\"\",\"publisher\":{\"@id\":\"https:\/\/dev2.prosono-hardwoods.com\/#organization\"},\"potentialAction\":[{\"@type\":\"SearchAction\",\"target\":{\"@type\":\"EntryPoint\",\"urlTemplate\":\"https:\/\/dev2.prosono-hardwoods.com\/?s={search_term_string}\"},\"query-input\":\"required name=search_term_string\"}],\"inLanguage\":\"es\"},{\"@type\":\"Organization\",\"@id\":\"https:\/\/dev2.prosono-hardwoods.com\/#organization\",\"name\":\"Prosono Hardwoods International\",\"url\":\"https:\/\/dev2.prosono-hardwoods.com\/\",\"logo\":{\"@type\":\"ImageObject\",\"inLanguage\":\"es\",\"@id\":\"https:\/\/dev2.prosono-hardwoods.com\/#\/schema\/logo\/image\/\",\"url\":\"https:\/\/dev2.prosono-hardwoods.com\/wp-content\/uploads\/2020\/08\/prosono-logo@2x.png\",\"contentUrl\":\"https:\/\/dev2.prosono-hardwoods.com\/wp-content\/uploads\/2020\/08\/prosono-logo@2x.png\",\"width\":404,\"height\":90,\"caption\":\"Prosono Hardwoods International\"},\"image\":{\"@id\":\"https:\/\/dev2.prosono-hardwoods.com\/#\/schema\/logo\/image\/\"}}]}<\/script>\n<!-- \/ Yoast SEO plugin. -->","yoast_head_json":{"title":"Maderas ex\u00f3ticas para torneros - Prosono international","description":"ProSono Hardwoods International suministra maderas duras africanas de alta calidad y piezas en bruto para torneros. Descubra m\u00e1s ahora.","robots":{"index":"noindex","follow":"follow","max-snippet":"max-snippet:-1","max-image-preview":"max-image-preview:large","max-video-preview":"max-video-preview:-1"},"og_locale":"es_ES","og_type":"article","og_title":"Maderas ex\u00f3ticas para torneros - Prosono international","og_description":"ProSono Hardwoods International suministra maderas duras africanas de alta calidad y piezas en bruto para torneros. Descubra m\u00e1s ahora.","og_url":"https:\/\/dev2.prosono-hardwoods.com\/es\/aficionados-de-torneria\/","og_site_name":"Prosono international","article_modified_time":"2024-01-12T12:29:31+00:00","twitter_card":"summary_large_image","twitter_misc":{"Tiempo de lectura":"7 minutos"},"schema":{"@context":"https:\/\/schema.org","@graph":[{"@type":"WebPage","@id":"https:\/\/dev2.prosono-hardwoods.com\/es\/aficionados-de-torneria\/","url":"https:\/\/dev2.prosono-hardwoods.com\/es\/aficionados-de-torneria\/","name":"Maderas ex\u00f3ticas para torneros - Prosono international","isPartOf":{"@id":"https:\/\/dev2.prosono-hardwoods.com\/#website"},"datePublished":"2017-02-13T20:14:07+00:00","dateModified":"2024-01-12T12:29:31+00:00","description":"ProSono Hardwoods International suministra maderas duras africanas de alta calidad y piezas en bruto para torneros. Descubra m\u00e1s ahora.","breadcrumb":{"@id":"https:\/\/dev2.prosono-hardwoods.com\/es\/aficionados-de-torneria\/#breadcrumb"},"inLanguage":"es","potentialAction":[{"@type":"ReadAction","target":["https:\/\/dev2.prosono-hardwoods.com\/es\/aficionados-de-torneria\/"]}]},{"@type":"BreadcrumbList","@id":"https:\/\/dev2.prosono-hardwoods.com\/es\/aficionados-de-torneria\/#breadcrumb","itemListElement":[{"@type":"ListItem","position":1,"name":"Accueil","item":"https:\/\/dev2.prosono-hardwoods.com\/"},{"@type":"ListItem","position":2,"name":"Aficionados de torner\u00eda"}]},{"@type":"WebSite","@id":"https:\/\/dev2.prosono-hardwoods.com\/#website","url":"https:\/\/dev2.prosono-hardwoods.com\/","name":"Prosono international","description":"","publisher":{"@id":"https:\/\/dev2.prosono-hardwoods.com\/#organization"},"potentialAction":[{"@type":"SearchAction","target":{"@type":"EntryPoint","urlTemplate":"https:\/\/dev2.prosono-hardwoods.com\/?s={search_term_string}"},"query-input":"required name=search_term_string"}],"inLanguage":"es"},{"@type":"Organization","@id":"https:\/\/dev2.prosono-hardwoods.com\/#organization","name":"Prosono Hardwoods International","url":"https:\/\/dev2.prosono-hardwoods.com\/","logo":{"@type":"ImageObject","inLanguage":"es","@id":"https:\/\/dev2.prosono-hardwoods.com\/#\/schema\/logo\/image\/","url":"https:\/\/dev2.prosono-hardwoods.com\/wp-content\/uploads\/2020\/08\/prosono-logo@2x.png","contentUrl":"https:\/\/dev2.prosono-hardwoods.com\/wp-content\/uploads\/2020\/08\/prosono-logo@2x.png","width":404,"height":90,"caption":"Prosono Hardwoods International"},"image":{"@id":"https:\/\/dev2.prosono-hardwoods.com\/#\/schema\/logo\/image\/"}}]}},"_links":{"self":[{"href":"https:\/\/dev2.prosono-hardwoods.com\/es\/wp-json\/wp\/v2\/pages\/1773"}],"collection":[{"href":"https:\/\/dev2.prosono-hardwoods.com\/es\/wp-json\/wp\/v2\/pages"}],"about":[{"href":"https:\/\/dev2.prosono-hardwoods.com\/es\/wp-json\/wp\/v2\/types\/page"}],"author":[{"embeddable":true,"href":"https:\/\/dev2.prosono-hardwoods.com\/es\/wp-json\/wp\/v2\/users\/4"}],"replies":[{"embeddable":true,"href":"https:\/\/dev2.prosono-hardwoods.com\/es\/wp-json\/wp\/v2\/comments?post=1773"}],"version-history":[{"count":10,"href":"https:\/\/dev2.prosono-hardwoods.com\/es\/wp-json\/wp\/v2\/pages\/1773\/revisions"}],"predecessor-version":[{"id":23885,"href":"https:\/\/dev2.prosono-hardwoods.com\/es\/wp-json\/wp\/v2\/pages\/1773\/revisions\/23885"}],"wp:attachment":[{"href":"https:\/\/dev2.prosono-hardwoods.com\/es\/wp-json\/wp\/v2\/media?parent=1773"}],"curies":[{"name":"wp","href":"https:\/\/api.w.org\/{rel}","templated":true}]}}