{"id":1775,"date":"2017-02-13T21:13:19","date_gmt":"2017-02-13T20:13:19","guid":{"rendered":"https:\/\/dev2.prosono-hardwoods.com\/stringed-instrument-luthiers\/"},"modified":"2024-01-12T13:53:01","modified_gmt":"2024-01-12T12:53:01","slug":"fabricantes-de-instrumentos-de-cuerda","status":"publish","type":"page","link":"https:\/\/dev2.prosono-hardwoods.com\/es\/clientes\/fabricantes-de-instrumentos-de-cuerda\/","title":{"rendered":"Fabricantes de instrumentos de cuerda"},"content":{"rendered":"<section class=\"wpb-content-wrapper\"><p>[vc_row][vc_column width=\u00bb1\/2&#8243;][vc_column_text]Suministramos una selecci\u00f3n de fondos y aros de primera calidad en cuatro especies, <strong>el granadillo africano y el marfil rojo\u00a0<\/strong>principalmente para talleres profesionales que venden sus guitarras a los m\u00fasicos o los coleccionistas; el <strong>chacate negro y el mopani<\/strong> son soluciones de calidad econ\u00f3mica, m\u00e1s f\u00e1cil de trabajar, que est\u00e1n destinados a los fabricantes de guitarras para aficionados con mayor o menor experiencia.<\/p>\n<p>\u00a1Es un hecho bien conocido, pero a menudo no respetado, que la primera condici\u00f3n para hacer una guitarra ac\u00fastica de calidad <strong>es usar una madera perfectamente seca!<\/strong><strong>\u00a0<\/strong><\/p>\n<p><strong>Nuestra estrategia<\/strong> es disponer siempre de planchas de calidad secando se. \u00a1Antes de cortar cualesquiera especies de madera la mantenemos en planchas por un m\u00ednimo de 18 meses! A menos que se respete este tiempo de descanso, los fondos y aros no se podr\u00e1n aserrar correctamente y las partes cortadas se deformar\u00e1n.<\/p>\n<p>En la mayor\u00eda de los casos, esta estrategia nos permite realizar pedidos en cuesti\u00f3n de semanas. Mantenemos una lista de espera de hasta seis meses. Satisfacemos los pedidos seg\u00fan el principio de que el primero en el llegar es el primero en ser servido.<\/p>\n<p><strong>Los clientes solicitando reciben por correo electr\u00f3nico fotograf\u00edas de los conjuntos completos, dos fondos y dos aros gemelos.<\/strong><\/p>\n<p>\u00a1Algunos de nuestros competidores s\u00f3lo muestran uno de los aros! Con mucho los aros son las partes m\u00e1s dif\u00edciles de conseguir limpias y sin defectos. Curiosamente, hemos tenido numerosas consultas para los aros s\u00f3lo.<\/p>\n<p>\u00a1El granadillo africano se describe como la mejor madera para la elaboraci\u00f3n de guitarras ac\u00fasticas, equivalente a la mejor de la mejor madera brasile\u00f1a, que es menos disponible cada vez!<\/p>\n<p>Comentario de Marc Maingard: <a href=\"http:\/\/guitarsafrica.co.za\/\">http:\/\/guitarsafrica.co.za\/<\/a>[\/vc_column_text][\/vc_column][vc_column width=\u00bb1\/2&#8243;][vc_gallery interval=\u00bb3&#8243; images=\u00bb3125,3122,3119,3152&#8243; img_size=\u00bb448 \u00d7 336&#8243; css=\u00bb.vc_custom_1511943409068{margin-bottom: 0px !important;padding-bottom: 0px !important;}\u00bb][\/vc_column][\/vc_row][vc_row css=\u00bb.vc_custom_1495450622337{padding-top: 40px !important;}\u00bb][vc_column width=\u00bb1\/3&#8243;][vc_column_text]<\/p>\n<p style=\"text-align: left;\"><strong>Los fondos y aros de marfil rojo\u00a0<\/strong>ofrecen caracter\u00edsticas \u00fanicas mejor descritas como:<\/p>\n<ul>\n<li>Est\u00e9tica llamativa y hermos\u00edsima<\/li>\n<li>Una voz singular e inherentemente dulce.<\/li>\n<li>Un toque incre\u00edblemente fino.<\/li>\n<\/ul>\n<p>[\/vc_column_text][\/vc_column][vc_column width=\u00bb1\/3&#8243;][vc_column_text]<strong>La guitarra de mopani<\/strong> ofrece caracter\u00edsticas de sonido perfecto, a saber:<\/p>\n<ul>\n<li>Tono m\u00e1s c\u00e1lido, rico y redondo<\/li>\n<li>Equilibrio excepcional entre agudos y graves<\/li>\n<li>Mantenimiento sostenido<\/li>\n<\/ul>\n<p>[\/vc_column_text][\/vc_column][vc_column width=\u00bb1\/3&#8243;][vc_column_text]<strong>La guitarra de chacate negro<\/strong> ofrece:<\/p>\n<ul>\n<li>Un tono que a unos pocos artesanos les recuerda la caoba y a otros de nuestros clientes, el arce moteado.<\/li>\n<li>Se esperan con inter\u00e9s m\u00e1s comentarios de nuestros clientes<\/li>\n<\/ul>\n<p>[\/vc_column_text][\/vc_column][\/vc_row][vc_row][vc_column][vc_empty_space height=\u00bb20px\u00bb][\/vc_column][\/vc_row][vc_row][vc_column width=\u00bb1\/2&#8243;][vc_gallery interval=\u00bb3&#8243; images=\u00bb3182,3179,3176,3185,3170,3173,3167,3164,3146,3161,3155,3158&#8243; img_size=\u00bb470 \u00d7 620&#8243; onclick=\u00bb\u00bb][\/vc_column][vc_column width=\u00bb1\/2&#8243;][vc_column_text]Nuestra experiencia en los \u00faltimos 15 a\u00f1os ha sido que las principales marcas de guitarras no quieren usar estas especies de madera porque tardan demasiado tiempo en secarse y por lo tanto bloquean un gran capital.<\/p>\n<p>\u00a1Prefieren madera m\u00e1s ligera que se seca r\u00e1pidamente y puede ser producida en masa y vendida r\u00e1pidamente!\u00a1Las llamadas marcas l\u00edderes no aprecian el hecho de que sus proveedores no procesan su materia prima correctamente! \u00a1Ellos compran material de calidad inferior que ellos mismos no quieren secar!<\/p>\n<p>\u00a1Para los artesanos expertos dispuestos a esperar el tiempo, el marfil rojo , el granadillo africano, el mopani y el chacate negro son las especies de madera en las que pueden confiar siempre que se suministren despu\u00e9s de un descanso y secado adecuado![\/vc_column_text][vc_column_text]Fondos y aros de guitarras<\/p>\n<table>\n<tbody>\n<tr style=\"background-color: #dcdad2;\">\n<td><strong>Modelos<\/strong><\/td>\n<td>\n<p><strong>Fondos<\/strong><\/p>\n<p><strong>dimensiones m\u00ednimas en mm.<\/strong><\/td>\n<td>\n<p><strong>Aros<\/strong><\/p>\n<p><strong>Dimensiones m\u00ednimas en mm<\/strong><\/td>\n<\/tr>\n<tr>\n<td>Ac\u00fastico (fondo en dos partes)<\/td>\n<td>2 x 580x210x4<\/td>\n<td>2 x 830x130x4<\/td>\n<\/tr>\n<tr>\n<td>Ac\u00fastico (fondo en tres partes)<\/td>\n<td>2 X 580x150x4 +<br \/>\n1 X 580x115x4<\/td>\n<td>2 X 830x130x4<\/td>\n<\/tr>\n<tr>\n<td>Cl\u00e1sico (fondo en dos partes)<\/td>\n<td>2 x 550x190x4<\/td>\n<td>2 x 780x110x4<\/td>\n<\/tr>\n<tr>\n<td>Cl\u00e1sico (fondo en tres partes)<\/td>\n<td>2 X 550x140x4 +<br \/>\n1 X 550x100x4<\/td>\n<td>2 X 780x110x4<\/td>\n<\/tr>\n<tr>\n<td>Moderno (fondo en cuatro partes)<\/td>\n<td>4 x 550x95x4<\/td>\n<td>2 x 780x110x4<\/td>\n<\/tr>\n<\/tbody>\n<\/table>\n<p><strong>Tama\u00f1os <\/strong><\/p>\n<table>\n<tbody>\n<tr style=\"background-color: #dcdad2;\">\n<td><strong>Laud<\/strong><\/td>\n<td><strong>Conjuntos de granadillo africano \/ mopani \/ marfil rojo<\/strong><\/td>\n<td><b> 12 x 700 x 60 x 4<\/b><\/td>\n<\/tr>\n<tr>\n<td><b>Ukulele<\/b><\/td>\n<td><strong>Conjuntos de granadillo africano \/ mopani \/ marfil rojo<\/strong><br \/>\nSoparano:<br \/>\nConcert<br \/>\nBaritone<\/td>\n<td>\n<p>&nbsp;<\/p>\n<p>2 X 115x310x4 + 2 X 70x410x4<br \/>\n2 X 115x345x4 + 2 X 80x460x4<br \/>\n2 X 140x385x4 + 2 X 90x560x5<\/td>\n<\/tr>\n<\/tbody>\n<\/table>\n<p>[\/vc_column_text][\/vc_column][\/vc_row][vc_row][vc_column][vc_empty_space height=\u00bb20px\u00bb][\/vc_column][\/vc_row][vc_row][vc_column width=\u00bb1\/2&#8243;][vc_column_text]<strong>ENV\u00cdO<\/strong><\/p>\n<p>Para pedidos al por menor, en todo el mundo: hemos tenido una experiencia positiva con paquetes asegurados enviados por v\u00eda a\u00e9rea, a trav\u00e9s del Servicio Postal Internacional (EMS), que entrega los paquetes a las oficinas postales m\u00e1s cercanas a nuestros clientes.\u00a0 Esto se aplica a \u00f3rdenes de cuatro conjuntos m\u00e1ximo. Las \u00f3rdenes m\u00e1s grandes se env\u00edan por el flete a\u00e9reo que es m\u00e1s barato, aunque nuestro cliente debe recoger sus cajas en el aeropuerto internacional m\u00e1s cercano o hacer las recoger por un tercero.<\/p>\n<p>&nbsp;<\/p>\n<table>\n<tbody>\n<tr style=\"background-color: #dcdad2;\">\n<td rowspan=\"2\"><strong>Diapasones, Placas de cabezas, Enlaces, Puentes, M\u00e1stiles, Tal\u00f3n de m\u00e1stiles <\/strong><\/td>\n<td><strong>Los tama\u00f1os en mm son indicativos<\/strong><\/td>\n<\/tr>\n<tr style=\"background-color: #dcdad2;\">\n<td>Cuando sea posible, consideraremos los requisitos de nuestros clientes.<\/td>\n<\/tr>\n<tr>\n<td>Diapasones<\/td>\n<td>\u00a0550x75x9<\/td>\n<\/tr>\n<tr>\n<td>Placas de cabezas<\/td>\n<td>200x100x3<\/td>\n<\/tr>\n<tr>\n<td>Enlaces<\/td>\n<td>830x40x3<\/td>\n<\/tr>\n<tr>\n<td>Puentes<\/td>\n<td>170x40x12<\/td>\n<\/tr>\n<tr>\n<td>M\u00e1stiles<\/td>\n<td>700x70x35<\/td>\n<\/tr>\n<tr>\n<td>Tal\u00f3n de m\u00e1stiles<\/td>\n<td>130x130x75<\/td>\n<\/tr>\n<\/tbody>\n<\/table>\n<p>[\/vc_column_text][\/vc_column][vc_column width=\u00bb1\/2&#8243;][vc_gallery interval=\u00bb3&#8243; images=\u00bb5813,6002,6006,6010,6014,6018&#8243; img_size=\u00bb580&#215;600&#8243;][\/vc_column][\/vc_row][vc_row][vc_column][vc_separator][\/vc_column][\/vc_row][vc_row][vc_column width=\u00bb1\/4&#8243;][\/vc_column][vc_column width=\u00bb1\/2&#8243;][vc_column_text]<strong>Para mas informaci\u00f3n contactenos<\/strong>[\/vc_column_text]\n<div class=\"wpcf7 no-js\" id=\"wpcf7-f1700-o1\" lang=\"en-US\" dir=\"ltr\">\n<div class=\"screen-reader-response\"><p role=\"status\" aria-live=\"polite\" aria-atomic=\"true\"><\/p> <ul><\/ul><\/div>\n<form action=\"\/es\/wp-json\/wp\/v2\/pages\/1775#wpcf7-f1700-o1\" method=\"post\" class=\"wpcf7-form init\" aria-label=\"Contact form\" novalidate=\"novalidate\" data-status=\"init\">\n<div style=\"display: none;\">\n<input type=\"hidden\" name=\"_wpcf7\" value=\"1700\" \/>\n<input type=\"hidden\" name=\"_wpcf7_version\" value=\"5.8.3\" \/>\n<input type=\"hidden\" name=\"_wpcf7_locale\" value=\"en_US\" \/>\n<input type=\"hidden\" name=\"_wpcf7_unit_tag\" value=\"wpcf7-f1700-o1\" \/>\n<input type=\"hidden\" name=\"_wpcf7_container_post\" value=\"0\" \/>\n<input type=\"hidden\" name=\"_wpcf7_posted_data_hash\" value=\"\" \/>\n<\/div>\n<div class=\"column one-second\">\n\t<p><span class=\"wpcf7-form-control-wrap\" data-name=\"your-name\"><input size=\"40\" class=\"wpcf7-form-control wpcf7-text wpcf7-validates-as-required\" aria-required=\"true\" aria-invalid=\"false\" placeholder=\"Tu nombre:\" value=\"\" type=\"text\" name=\"your-name\" \/><\/span>\n\t<\/p>\n<\/div>\n<div class=\"column one-second\">\n\t<p><span class=\"wpcf7-form-control-wrap\" data-name=\"your-email\"><input size=\"40\" class=\"wpcf7-form-control wpcf7-email wpcf7-validates-as-required wpcf7-text wpcf7-validates-as-email\" aria-required=\"true\" aria-invalid=\"false\" placeholder=\"Tu correo electr\u00f3nico:\" value=\"\" type=\"email\" name=\"your-email\" \/><\/span>\n\t<\/p>\n<\/div>\n<div class=\"column one\">\n\t<p><span class=\"wpcf7-form-control-wrap\" data-name=\"your-subject\"><input size=\"40\" class=\"wpcf7-form-control wpcf7-text\" aria-invalid=\"false\" placeholder=\"El tema:\" value=\"\" type=\"text\" name=\"your-subject\" \/><\/span>\n\t<\/p>\n<\/div>\n<div class=\"column one\">\n\t<p><span class=\"wpcf7-form-control-wrap\" data-name=\"your-message\"><textarea cols=\"40\" rows=\"6\" class=\"wpcf7-form-control wpcf7-textarea\" aria-invalid=\"false\" placeholder=\"Tu asunto:\" name=\"your-message\"><\/textarea><\/span>\n\t<\/p>\n<\/div>\n<div class=\"column one\">\n\t<p><input class=\"wpcf7-form-control wpcf7-submit has-spinner\" type=\"submit\" value=\"MANDAR\" \/>\n\t<\/p>\n<\/div><p style=\"display: none !important;\"><label>&#916;<textarea name=\"_wpcf7_ak_hp_textarea\" cols=\"45\" rows=\"8\" maxlength=\"100\"><\/textarea><\/label><input type=\"hidden\" id=\"ak_js_1\" name=\"_wpcf7_ak_js\" value=\"58\"\/><script>document.getElementById( \"ak_js_1\" ).setAttribute( \"value\", ( new Date() ).getTime() );<\/script><\/p><div class=\"wpcf7-response-output\" aria-hidden=\"true\"><\/div>\n<\/form>\n<\/div>\n[\/vc_column][vc_column width=\u00bb1\/4&#8243;][\/vc_column][\/vc_row]<\/p>\n<\/section>","protected":false},"excerpt":{"rendered":"<p>[vc_row][vc_column width=\u00bb1\/2&#8243;][vc_column_text]Suministramos una selecci\u00f3n de fondos y aros de primera calidad en cuatro especies, el granadillo africano y el marfil rojo\u00a0principalmente para talleres profesionales que venden<span class=\"excerpt-hellip\"> [\u2026]<\/span><\/p>\n","protected":false},"author":4,"featured_media":0,"parent":1990,"menu_order":0,"comment_status":"closed","ping_status":"closed","template":"","meta":{"_themeisle_gutenberg_block_has_review":false,"footnotes":""},"yoast_head":"<!-- This site is optimized with the Yoast SEO plugin v21.5 - https:\/\/yoast.com\/wordpress\/plugins\/seo\/ -->\n<title>Madera para fabricantes de instrumentos de cuerda - Prosono international<\/title>\n<meta name=\"description\" content=\"ProSono ofrece maderas duras, cuidadamente procesada para los fabricantes de guitarras ac\u00fasticas de todo el mundo. Saber m\u00e1s.\" \/>\n<meta name=\"robots\" content=\"noindex, follow, max-snippet:-1, max-image-preview:large, max-video-preview:-1\" \/>\n<meta property=\"og:locale\" content=\"es_ES\" \/>\n<meta property=\"og:type\" content=\"article\" \/>\n<meta property=\"og:title\" content=\"Madera para fabricantes de instrumentos de cuerda - Prosono international\" \/>\n<meta property=\"og:description\" content=\"ProSono ofrece maderas duras, cuidadamente procesada para los fabricantes de guitarras ac\u00fasticas de todo el mundo. Saber m\u00e1s.\" \/>\n<meta property=\"og:url\" content=\"https:\/\/dev2.prosono-hardwoods.com\/es\/clientes\/fabricantes-de-instrumentos-de-cuerda\/\" \/>\n<meta property=\"og:site_name\" content=\"Prosono international\" \/>\n<meta property=\"article:modified_time\" content=\"2024-01-12T12:53:01+00:00\" \/>\n<meta name=\"twitter:card\" content=\"summary_large_image\" \/>\n<meta name=\"twitter:label1\" content=\"Tiempo de lectura\" \/>\n\t<meta name=\"twitter:data1\" content=\"4 minutos\" \/>\n<script type=\"application\/ld+json\" class=\"yoast-schema-graph\">{\"@context\":\"https:\/\/schema.org\",\"@graph\":[{\"@type\":\"WebPage\",\"@id\":\"https:\/\/dev2.prosono-hardwoods.com\/es\/clientes\/fabricantes-de-instrumentos-de-cuerda\/\",\"url\":\"https:\/\/dev2.prosono-hardwoods.com\/es\/clientes\/fabricantes-de-instrumentos-de-cuerda\/\",\"name\":\"Madera para fabricantes de instrumentos de cuerda - Prosono international\",\"isPartOf\":{\"@id\":\"https:\/\/dev2.prosono-hardwoods.com\/#website\"},\"datePublished\":\"2017-02-13T20:13:19+00:00\",\"dateModified\":\"2024-01-12T12:53:01+00:00\",\"description\":\"ProSono ofrece maderas duras, cuidadamente procesada para los fabricantes de guitarras ac\u00fasticas de todo el mundo. Saber m\u00e1s.\",\"breadcrumb\":{\"@id\":\"https:\/\/dev2.prosono-hardwoods.com\/es\/clientes\/fabricantes-de-instrumentos-de-cuerda\/#breadcrumb\"},\"inLanguage\":\"es\",\"potentialAction\":[{\"@type\":\"ReadAction\",\"target\":[\"https:\/\/dev2.prosono-hardwoods.com\/es\/clientes\/fabricantes-de-instrumentos-de-cuerda\/\"]}]},{\"@type\":\"BreadcrumbList\",\"@id\":\"https:\/\/dev2.prosono-hardwoods.com\/es\/clientes\/fabricantes-de-instrumentos-de-cuerda\/#breadcrumb\",\"itemListElement\":[{\"@type\":\"ListItem\",\"position\":1,\"name\":\"Accueil\",\"item\":\"https:\/\/dev2.prosono-hardwoods.com\/\"},{\"@type\":\"ListItem\",\"position\":2,\"name\":\"CLIENTES\",\"item\":\"https:\/\/dev2.prosono-hardwoods.com\/es\/clientes\/\"},{\"@type\":\"ListItem\",\"position\":3,\"name\":\"Fabricantes de instrumentos de cuerda\"}]},{\"@type\":\"WebSite\",\"@id\":\"https:\/\/dev2.prosono-hardwoods.com\/#website\",\"url\":\"https:\/\/dev2.prosono-hardwoods.com\/\",\"name\":\"Prosono international\",\"description\":\"\",\"publisher\":{\"@id\":\"https:\/\/dev2.prosono-hardwoods.com\/#organization\"},\"potentialAction\":[{\"@type\":\"SearchAction\",\"target\":{\"@type\":\"EntryPoint\",\"urlTemplate\":\"https:\/\/dev2.prosono-hardwoods.com\/?s={search_term_string}\"},\"query-input\":\"required name=search_term_string\"}],\"inLanguage\":\"es\"},{\"@type\":\"Organization\",\"@id\":\"https:\/\/dev2.prosono-hardwoods.com\/#organization\",\"name\":\"Prosono Hardwoods International\",\"url\":\"https:\/\/dev2.prosono-hardwoods.com\/\",\"logo\":{\"@type\":\"ImageObject\",\"inLanguage\":\"es\",\"@id\":\"https:\/\/dev2.prosono-hardwoods.com\/#\/schema\/logo\/image\/\",\"url\":\"https:\/\/dev2.prosono-hardwoods.com\/wp-content\/uploads\/2020\/08\/prosono-logo@2x.png\",\"contentUrl\":\"https:\/\/dev2.prosono-hardwoods.com\/wp-content\/uploads\/2020\/08\/prosono-logo@2x.png\",\"width\":404,\"height\":90,\"caption\":\"Prosono Hardwoods International\"},\"image\":{\"@id\":\"https:\/\/dev2.prosono-hardwoods.com\/#\/schema\/logo\/image\/\"}}]}<\/script>\n<!-- \/ Yoast SEO plugin. -->","yoast_head_json":{"title":"Madera para fabricantes de instrumentos de cuerda - Prosono international","description":"ProSono ofrece maderas duras, cuidadamente procesada para los fabricantes de guitarras ac\u00fasticas de todo el mundo. Saber m\u00e1s.","robots":{"index":"noindex","follow":"follow","max-snippet":"max-snippet:-1","max-image-preview":"max-image-preview:large","max-video-preview":"max-video-preview:-1"},"og_locale":"es_ES","og_type":"article","og_title":"Madera para fabricantes de instrumentos de cuerda - Prosono international","og_description":"ProSono ofrece maderas duras, cuidadamente procesada para los fabricantes de guitarras ac\u00fasticas de todo el mundo. Saber m\u00e1s.","og_url":"https:\/\/dev2.prosono-hardwoods.com\/es\/clientes\/fabricantes-de-instrumentos-de-cuerda\/","og_site_name":"Prosono international","article_modified_time":"2024-01-12T12:53:01+00:00","twitter_card":"summary_large_image","twitter_misc":{"Tiempo de lectura":"4 minutos"},"schema":{"@context":"https:\/\/schema.org","@graph":[{"@type":"WebPage","@id":"https:\/\/dev2.prosono-hardwoods.com\/es\/clientes\/fabricantes-de-instrumentos-de-cuerda\/","url":"https:\/\/dev2.prosono-hardwoods.com\/es\/clientes\/fabricantes-de-instrumentos-de-cuerda\/","name":"Madera para fabricantes de instrumentos de cuerda - Prosono international","isPartOf":{"@id":"https:\/\/dev2.prosono-hardwoods.com\/#website"},"datePublished":"2017-02-13T20:13:19+00:00","dateModified":"2024-01-12T12:53:01+00:00","description":"ProSono ofrece maderas duras, cuidadamente procesada para los fabricantes de guitarras ac\u00fasticas de todo el mundo. Saber m\u00e1s.","breadcrumb":{"@id":"https:\/\/dev2.prosono-hardwoods.com\/es\/clientes\/fabricantes-de-instrumentos-de-cuerda\/#breadcrumb"},"inLanguage":"es","potentialAction":[{"@type":"ReadAction","target":["https:\/\/dev2.prosono-hardwoods.com\/es\/clientes\/fabricantes-de-instrumentos-de-cuerda\/"]}]},{"@type":"BreadcrumbList","@id":"https:\/\/dev2.prosono-hardwoods.com\/es\/clientes\/fabricantes-de-instrumentos-de-cuerda\/#breadcrumb","itemListElement":[{"@type":"ListItem","position":1,"name":"Accueil","item":"https:\/\/dev2.prosono-hardwoods.com\/"},{"@type":"ListItem","position":2,"name":"CLIENTES","item":"https:\/\/dev2.prosono-hardwoods.com\/es\/clientes\/"},{"@type":"ListItem","position":3,"name":"Fabricantes de instrumentos de cuerda"}]},{"@type":"WebSite","@id":"https:\/\/dev2.prosono-hardwoods.com\/#website","url":"https:\/\/dev2.prosono-hardwoods.com\/","name":"Prosono international","description":"","publisher":{"@id":"https:\/\/dev2.prosono-hardwoods.com\/#organization"},"potentialAction":[{"@type":"SearchAction","target":{"@type":"EntryPoint","urlTemplate":"https:\/\/dev2.prosono-hardwoods.com\/?s={search_term_string}"},"query-input":"required name=search_term_string"}],"inLanguage":"es"},{"@type":"Organization","@id":"https:\/\/dev2.prosono-hardwoods.com\/#organization","name":"Prosono Hardwoods International","url":"https:\/\/dev2.prosono-hardwoods.com\/","logo":{"@type":"ImageObject","inLanguage":"es","@id":"https:\/\/dev2.prosono-hardwoods.com\/#\/schema\/logo\/image\/","url":"https:\/\/dev2.prosono-hardwoods.com\/wp-content\/uploads\/2020\/08\/prosono-logo@2x.png","contentUrl":"https:\/\/dev2.prosono-hardwoods.com\/wp-content\/uploads\/2020\/08\/prosono-logo@2x.png","width":404,"height":90,"caption":"Prosono Hardwoods International"},"image":{"@id":"https:\/\/dev2.prosono-hardwoods.com\/#\/schema\/logo\/image\/"}}]}},"_links":{"self":[{"href":"https:\/\/dev2.prosono-hardwoods.com\/es\/wp-json\/wp\/v2\/pages\/1775"}],"collection":[{"href":"https:\/\/dev2.prosono-hardwoods.com\/es\/wp-json\/wp\/v2\/pages"}],"about":[{"href":"https:\/\/dev2.prosono-hardwoods.com\/es\/wp-json\/wp\/v2\/types\/page"}],"author":[{"embeddable":true,"href":"https:\/\/dev2.prosono-hardwoods.com\/es\/wp-json\/wp\/v2\/users\/4"}],"replies":[{"embeddable":true,"href":"https:\/\/dev2.prosono-hardwoods.com\/es\/wp-json\/wp\/v2\/comments?post=1775"}],"version-history":[{"count":10,"href":"https:\/\/dev2.prosono-hardwoods.com\/es\/wp-json\/wp\/v2\/pages\/1775\/revisions"}],"predecessor-version":[{"id":23900,"href":"https:\/\/dev2.prosono-hardwoods.com\/es\/wp-json\/wp\/v2\/pages\/1775\/revisions\/23900"}],"up":[{"embeddable":true,"href":"https:\/\/dev2.prosono-hardwoods.com\/es\/wp-json\/wp\/v2\/pages\/1990"}],"wp:attachment":[{"href":"https:\/\/dev2.prosono-hardwoods.com\/es\/wp-json\/wp\/v2\/media?parent=1775"}],"curies":[{"name":"wp","href":"https:\/\/api.w.org\/{rel}","templated":true}]}}