{"id":1776,"date":"2017-02-13T21:12:41","date_gmt":"2017-02-13T20:12:41","guid":{"rendered":"https:\/\/dev2.prosono-hardwoods.com\/makers-of-pipes-folkloric-instruments\/"},"modified":"2024-01-12T13:54:35","modified_gmt":"2024-01-12T12:54:35","slug":"makers-of-pipes-folkloriclos-fabricantes-de-gaitas-y-otros-instrumentos-folkloricos-instruments","status":"publish","type":"page","link":"https:\/\/dev2.prosono-hardwoods.com\/es\/clientes\/makers-of-pipes-folkloriclos-fabricantes-de-gaitas-y-otros-instrumentos-folkloricos-instruments\/","title":{"rendered":"Fabricantes de gaitas e instrumentos folkl\u00f3ricos"},"content":{"rendered":"<section class=\"wpb-content-wrapper\"><p>[vc_row][vc_column width=\u00bb1\/2&#8243;][vc_column_text]Tanto si se trata de una gaita gallega o asturiana o escocesa, o una dulzaina o la bombarda francesa es esencial el uso de piezas de grandes tama\u00f1os sin defectos, especialmente para tornear los bordones, cantoras de base y otras.<\/p>\n<p><strong>\u00a1Instrumentos de viento hechos de maderas porosas, como \u00e9bano (Diospyros spp) resultar\u00e1n en instrumentos cr\u00edticamente defectuosos, ya que la saliva humana es \u00e1cida y las partes del instrumento expuestas a ella se agrietar\u00e1n!\u00a0\u00a0\u00a0\u00a0<\/strong><\/p>\n<p><strong>Al seleccionar las mejores especies de madera<\/strong>, consideramos en primer lugar la norma vigente del granadillo africano y tambi\u00e9n sustitutos buenos por su est\u00e9tica, calidad de sonido, estabilidad y facilidad de trabajo.[\/vc_column_text][\/vc_column][vc_column width=\u00bb1\/2&#8243;][vc_gallery interval=\u00bb3&#8243; images=\u00bb3062,2963,2966,2978,2945,2984,2981,3338,3071&#8243; img_size=\u00bb590&#215;320&#8243; onclick=\u00bb\u00bb][\/vc_column][\/vc_row][vc_row][vc_column width=\u00bb1\/3&#8243;][vc_column_text]<strong>Mopani Colophospermum<\/strong><\/p>\n<p>La est\u00e9tica de la madera es un atributo importante. El duramen es de color marr\u00f3n rojizo con vetas muy oscuras, figura notable producida por los anillos de crecimiento.<\/p>\n<p>La calidad del sonido es casi perfecta. Se describe por los fabricantes de clarinetes como un arranque temprano, con un tono ligeramente dulce, que algunos encuentran t\u00edpico de los clarinetes hechos por Schreiber, el l\u00edder alem\u00e1n en instrumentos musicales. Esta madera: tiene una densidad de 1,3 kg \/ dm3, 77 libras por pie c\u00fabico, aproximadamente el 96% de granadillo africano, el est\u00e1ndar de madera para instrumentos de viento.<\/p>\n<p><strong>\u00a0<\/strong><strong>Significativamente el mopani es menos propenso a las hendiduras y grietas que otras maderas de mayor densidad<\/strong>. Es considerado por algunos que se han torneado piezas de mopani que es m\u00e1s estable que el granadillo africano.[\/vc_column_text][vc_gallery interval=\u00bb3&#8243; images=\u00bb2975,2969,2972,2921,2957&#8243; img_size=\u00bb370 \u00d7 600&#8243; onclick=\u00bb\u00bb][\/vc_column][vc_column width=\u00bb2\/3&#8243;][vc_column_text]<\/p>\n<table width=\"983\">\n<tbody>\n<tr style=\"background-color: #dcdad2;\">\n<td><strong>Instrumentos de viento, componentes relacionados y accesorios <\/strong><strong>\u00a0<\/strong><\/td>\n<td><strong>Maderas que trabajamos<\/strong><\/p>\n<p><strong>Mopani = Colophospermum<br \/>\nMarfil rojo = Berchimia zeyheri<br \/>\nChacate negro = Guibourtia conjugata<br \/>\nGranadillo africano =Dalbergia melanoxylon<\/strong><\/td>\n<td><strong>Tama\u00f1os est\u00e1ndar en mm<\/strong><strong>La secci\u00f3n de las piezas se indica en primer lugar, la longitud en segundo lugar.<\/strong><strong>\u00a0<\/strong><\/td>\n<\/tr>\n<tr>\n<td><strong>Instrumentos<\/strong><\/td>\n<td><\/td>\n<td><\/td>\n<\/tr>\n<tr>\n<td><strong>Gaitas escocesas<\/strong><\/td>\n<td><strong>Conjuntos de granadillo africano y mopani \/ escuadras sueltas<\/strong><\/td>\n<td><strong>14 piezas, 11 tama\u00f1os diferentes, totalizando 6.555 dm3<\/strong><br \/>\n<strong>1 x 54 x 54 x 305<\/strong><br \/>\n<strong>2 x 51 x 51 x 205<\/strong><br \/>\n<strong>1 x 40 x 40 x 385<\/strong><br \/>\n<strong>1 x 47 x 47 x 310<\/strong><br \/>\n<strong>1 x 47 x 47 x 195<\/strong><br \/>\n<strong>2 x 47 x 47 x 160<\/strong><br \/>\n<strong>1 x 47 x 47 x 125<\/strong><br \/>\n<strong>1 x 47 x 47 x 115<\/strong><br \/>\n<strong>1 x 40 x 40 x 310<\/strong><br \/>\n<strong>2 x 40 x 40 x 245<\/strong><br \/>\n<strong>1 x 40 x 40 x 220<\/strong><\/td>\n<\/tr>\n<tr>\n<td><strong>Gaitas gallegas<\/strong><\/td>\n<td><strong>Conjuntos de granadillo africano y mopani \/ escuadras sueltas<\/strong><\/td>\n<td><strong>12 piezas de 10 tama\u00f1os diferentes totalizando: \u00a04.302 dm3<\/strong><br \/>\n<strong>1 x 65 x 65 x 115<\/strong><br \/>\n<strong>1 x 50 x 50 x 350<\/strong><br \/>\n<strong>2 x 40 x 40 x 320\u00a0<\/strong><br \/>\n<strong>2 x 40 x 40 x 230<\/strong><br \/>\n<strong>1 x 40 x 40 x 190<\/strong><br \/>\n<strong>1 x 36 x 36 x 175<\/strong><br \/>\n<strong>1 x 36 x 36 x 140<\/strong><br \/>\n<strong>1 x 36 x 36 x 120<\/strong><br \/>\n<strong>1 x 36 x 36 x 110<br \/>\n<\/strong><strong>1 x 40 x 40 x 90<\/strong><\/td>\n<\/tr>\n<tr>\n<td><strong>Gaitas irlandesas <\/strong><\/p>\n<p><strong>(Uilleann pipes) <\/strong><\/td>\n<td><strong>Conjuntos de granadillo africano y mopani \/ escuadras sueltas<\/strong><\/td>\n<td><strong>5 piezas de 30&#215;30 mm totalizando: \u00a00.640 dm3<\/strong><br \/>\n<strong>1 x 30 x 30 x 325<\/strong><br \/>\n<strong>1 x 30 x 30 x 175<\/strong><br \/>\n<strong>1 x 30 x 30 x 136<\/strong><br \/>\n<strong>1 x 30 x 30 x 75<\/strong><\/td>\n<\/tr>\n<tr>\n<td>Gaitas inglesas<\/td>\n<td><strong>Conjuntos de granadillo africano y mopani \/ escuadras sueltas<\/strong><\/td>\n<td><strong>8 piezas de 36&#215;36 mm totalizando: 2.62 dm3<\/strong><br \/>\n<strong>1 x 36 x 36 x 380<\/strong><br \/>\n<strong>2 x 36 x 36 x 310<\/strong><br \/>\n<strong>1 x 36 x 36 x 260<\/strong><br \/>\n<strong>3 x 36 x 36 x 200<\/strong><br \/>\n<strong>1 x 36 x 36 x 160<\/strong><\/td>\n<\/tr>\n<tr>\n<td><strong>Bombardas<\/strong><\/td>\n<td><strong>Conjuntos de granadillo africano y mopani \/ escuadras sueltas<\/strong><\/td>\n<td><strong>5 piezas de diferentes secciones, totalizando: \u00a00.722 dm3\u00a0<\/strong><br \/>\n<strong>1 x 80 x 80 x 50<\/strong><br \/>\n<strong>1 x 30 x 30 x 300<\/strong><br \/>\n<strong>1 x 30 x 30 x 280<\/strong><br \/>\n<strong>1 x 20 x 20 x 180<\/strong><br \/>\n<strong>1 x 20 x 20 x 150<\/strong><\/td>\n<\/tr>\n<tr>\n<td><strong>Palillos para tambor<\/strong><\/td>\n<td><strong>Piezas de granadillo africano y chacate negro <\/strong><\/td>\n<td><strong>2 X 28x28x490<\/strong><\/td>\n<\/tr>\n<\/tbody>\n<\/table>\n<p>[\/vc_column_text][\/vc_column][\/vc_row][vc_row][vc_column][vc_separator][\/vc_column][\/vc_row][vc_row][vc_column width=\u00bb1\/4&#8243;][\/vc_column][vc_column width=\u00bb1\/2&#8243;][vc_column_text]<strong>Para mas informaci\u00f3n contactenos<\/strong>[\/vc_column_text]\n<div class=\"wpcf7 no-js\" id=\"wpcf7-f1700-o1\" lang=\"en-US\" dir=\"ltr\">\n<div class=\"screen-reader-response\"><p role=\"status\" aria-live=\"polite\" aria-atomic=\"true\"><\/p> <ul><\/ul><\/div>\n<form action=\"\/es\/wp-json\/wp\/v2\/pages\/1776#wpcf7-f1700-o1\" method=\"post\" class=\"wpcf7-form init\" aria-label=\"Contact form\" novalidate=\"novalidate\" data-status=\"init\">\n<div style=\"display: none;\">\n<input type=\"hidden\" name=\"_wpcf7\" value=\"1700\" \/>\n<input type=\"hidden\" name=\"_wpcf7_version\" value=\"5.8.3\" \/>\n<input type=\"hidden\" name=\"_wpcf7_locale\" value=\"en_US\" \/>\n<input type=\"hidden\" name=\"_wpcf7_unit_tag\" value=\"wpcf7-f1700-o1\" \/>\n<input type=\"hidden\" name=\"_wpcf7_container_post\" value=\"0\" \/>\n<input type=\"hidden\" name=\"_wpcf7_posted_data_hash\" value=\"\" \/>\n<\/div>\n<div class=\"column one-second\">\n\t<p><span class=\"wpcf7-form-control-wrap\" data-name=\"your-name\"><input size=\"40\" class=\"wpcf7-form-control wpcf7-text wpcf7-validates-as-required\" aria-required=\"true\" aria-invalid=\"false\" placeholder=\"Tu nombre:\" value=\"\" type=\"text\" name=\"your-name\" \/><\/span>\n\t<\/p>\n<\/div>\n<div class=\"column one-second\">\n\t<p><span class=\"wpcf7-form-control-wrap\" data-name=\"your-email\"><input size=\"40\" class=\"wpcf7-form-control wpcf7-email wpcf7-validates-as-required wpcf7-text wpcf7-validates-as-email\" aria-required=\"true\" aria-invalid=\"false\" placeholder=\"Tu correo electr\u00f3nico:\" value=\"\" type=\"email\" name=\"your-email\" \/><\/span>\n\t<\/p>\n<\/div>\n<div class=\"column one\">\n\t<p><span class=\"wpcf7-form-control-wrap\" data-name=\"your-subject\"><input size=\"40\" class=\"wpcf7-form-control wpcf7-text\" aria-invalid=\"false\" placeholder=\"El tema:\" value=\"\" type=\"text\" name=\"your-subject\" \/><\/span>\n\t<\/p>\n<\/div>\n<div class=\"column one\">\n\t<p><span class=\"wpcf7-form-control-wrap\" data-name=\"your-message\"><textarea cols=\"40\" rows=\"6\" class=\"wpcf7-form-control wpcf7-textarea\" aria-invalid=\"false\" placeholder=\"Tu asunto:\" name=\"your-message\"><\/textarea><\/span>\n\t<\/p>\n<\/div>\n<div class=\"column one\">\n\t<p><input class=\"wpcf7-form-control wpcf7-submit has-spinner\" type=\"submit\" value=\"MANDAR\" \/>\n\t<\/p>\n<\/div><p style=\"display: none !important;\"><label>&#916;<textarea name=\"_wpcf7_ak_hp_textarea\" cols=\"45\" rows=\"8\" maxlength=\"100\"><\/textarea><\/label><input type=\"hidden\" id=\"ak_js_1\" name=\"_wpcf7_ak_js\" value=\"33\"\/><script>document.getElementById( \"ak_js_1\" ).setAttribute( \"value\", ( new Date() ).getTime() );<\/script><\/p><div class=\"wpcf7-response-output\" aria-hidden=\"true\"><\/div>\n<\/form>\n<\/div>\n[\/vc_column][vc_column width=\u00bb1\/4&#8243;][\/vc_column][\/vc_row]<\/p>\n<\/section>","protected":false},"excerpt":{"rendered":"<p>[vc_row][vc_column width=\u00bb1\/2&#8243;][vc_column_text]Tanto si se trata de una gaita gallega o asturiana o escocesa, o una dulzaina o la bombarda francesa es esencial el uso de piezas<span class=\"excerpt-hellip\"> [\u2026]<\/span><\/p>\n","protected":false},"author":4,"featured_media":0,"parent":1990,"menu_order":0,"comment_status":"closed","ping_status":"closed","template":"","meta":{"_themeisle_gutenberg_block_has_review":false,"footnotes":""},"yoast_head":"<!-- This site is optimized with the Yoast SEO plugin v21.5 - https:\/\/yoast.com\/wordpress\/plugins\/seo\/ -->\n<title>Madera para fabricantes de gaitas e instrumentos folcl\u00f3ricos - Prosono international<\/title>\n<meta name=\"description\" content=\"ProSono ofrece las mejores especies de maderas, sierrada a las dimensiones requeridas, para gaitas e instrumentos folcl\u00f3ricos.\" \/>\n<meta name=\"robots\" content=\"noindex, follow, max-snippet:-1, max-image-preview:large, max-video-preview:-1\" \/>\n<meta property=\"og:locale\" content=\"es_ES\" \/>\n<meta property=\"og:type\" content=\"article\" \/>\n<meta property=\"og:title\" content=\"Madera para fabricantes de gaitas e instrumentos folcl\u00f3ricos - Prosono international\" \/>\n<meta property=\"og:description\" content=\"ProSono ofrece las mejores especies de maderas, sierrada a las dimensiones requeridas, para gaitas e instrumentos folcl\u00f3ricos.\" \/>\n<meta property=\"og:url\" content=\"https:\/\/dev2.prosono-hardwoods.com\/es\/clientes\/makers-of-pipes-folkloriclos-fabricantes-de-gaitas-y-otros-instrumentos-folkloricos-instruments\/\" \/>\n<meta property=\"og:site_name\" content=\"Prosono international\" \/>\n<meta property=\"article:modified_time\" content=\"2024-01-12T12:54:35+00:00\" \/>\n<meta name=\"twitter:card\" content=\"summary_large_image\" \/>\n<meta name=\"twitter:label1\" content=\"Tiempo de lectura\" \/>\n\t<meta name=\"twitter:data1\" content=\"3 minutos\" \/>\n<script type=\"application\/ld+json\" class=\"yoast-schema-graph\">{\"@context\":\"https:\/\/schema.org\",\"@graph\":[{\"@type\":\"WebPage\",\"@id\":\"https:\/\/dev2.prosono-hardwoods.com\/es\/clientes\/makers-of-pipes-folkloriclos-fabricantes-de-gaitas-y-otros-instrumentos-folkloricos-instruments\/\",\"url\":\"https:\/\/dev2.prosono-hardwoods.com\/es\/clientes\/makers-of-pipes-folkloriclos-fabricantes-de-gaitas-y-otros-instrumentos-folkloricos-instruments\/\",\"name\":\"Madera para fabricantes de gaitas e instrumentos folcl\u00f3ricos - Prosono international\",\"isPartOf\":{\"@id\":\"https:\/\/dev2.prosono-hardwoods.com\/#website\"},\"datePublished\":\"2017-02-13T20:12:41+00:00\",\"dateModified\":\"2024-01-12T12:54:35+00:00\",\"description\":\"ProSono ofrece las mejores especies de maderas, sierrada a las dimensiones requeridas, para gaitas e instrumentos folcl\u00f3ricos.\",\"breadcrumb\":{\"@id\":\"https:\/\/dev2.prosono-hardwoods.com\/es\/clientes\/makers-of-pipes-folkloriclos-fabricantes-de-gaitas-y-otros-instrumentos-folkloricos-instruments\/#breadcrumb\"},\"inLanguage\":\"es\",\"potentialAction\":[{\"@type\":\"ReadAction\",\"target\":[\"https:\/\/dev2.prosono-hardwoods.com\/es\/clientes\/makers-of-pipes-folkloriclos-fabricantes-de-gaitas-y-otros-instrumentos-folkloricos-instruments\/\"]}]},{\"@type\":\"BreadcrumbList\",\"@id\":\"https:\/\/dev2.prosono-hardwoods.com\/es\/clientes\/makers-of-pipes-folkloriclos-fabricantes-de-gaitas-y-otros-instrumentos-folkloricos-instruments\/#breadcrumb\",\"itemListElement\":[{\"@type\":\"ListItem\",\"position\":1,\"name\":\"Accueil\",\"item\":\"https:\/\/dev2.prosono-hardwoods.com\/\"},{\"@type\":\"ListItem\",\"position\":2,\"name\":\"CLIENTES\",\"item\":\"https:\/\/dev2.prosono-hardwoods.com\/es\/clientes\/\"},{\"@type\":\"ListItem\",\"position\":3,\"name\":\"Fabricantes de gaitas e instrumentos folkl\u00f3ricos\"}]},{\"@type\":\"WebSite\",\"@id\":\"https:\/\/dev2.prosono-hardwoods.com\/#website\",\"url\":\"https:\/\/dev2.prosono-hardwoods.com\/\",\"name\":\"Prosono international\",\"description\":\"\",\"publisher\":{\"@id\":\"https:\/\/dev2.prosono-hardwoods.com\/#organization\"},\"potentialAction\":[{\"@type\":\"SearchAction\",\"target\":{\"@type\":\"EntryPoint\",\"urlTemplate\":\"https:\/\/dev2.prosono-hardwoods.com\/?s={search_term_string}\"},\"query-input\":\"required name=search_term_string\"}],\"inLanguage\":\"es\"},{\"@type\":\"Organization\",\"@id\":\"https:\/\/dev2.prosono-hardwoods.com\/#organization\",\"name\":\"Prosono Hardwoods International\",\"url\":\"https:\/\/dev2.prosono-hardwoods.com\/\",\"logo\":{\"@type\":\"ImageObject\",\"inLanguage\":\"es\",\"@id\":\"https:\/\/dev2.prosono-hardwoods.com\/#\/schema\/logo\/image\/\",\"url\":\"https:\/\/dev2.prosono-hardwoods.com\/wp-content\/uploads\/2020\/08\/prosono-logo@2x.png\",\"contentUrl\":\"https:\/\/dev2.prosono-hardwoods.com\/wp-content\/uploads\/2020\/08\/prosono-logo@2x.png\",\"width\":404,\"height\":90,\"caption\":\"Prosono Hardwoods International\"},\"image\":{\"@id\":\"https:\/\/dev2.prosono-hardwoods.com\/#\/schema\/logo\/image\/\"}}]}<\/script>\n<!-- \/ Yoast SEO plugin. -->","yoast_head_json":{"title":"Madera para fabricantes de gaitas e instrumentos folcl\u00f3ricos - Prosono international","description":"ProSono ofrece las mejores especies de maderas, sierrada a las dimensiones requeridas, para gaitas e instrumentos folcl\u00f3ricos.","robots":{"index":"noindex","follow":"follow","max-snippet":"max-snippet:-1","max-image-preview":"max-image-preview:large","max-video-preview":"max-video-preview:-1"},"og_locale":"es_ES","og_type":"article","og_title":"Madera para fabricantes de gaitas e instrumentos folcl\u00f3ricos - Prosono international","og_description":"ProSono ofrece las mejores especies de maderas, sierrada a las dimensiones requeridas, para gaitas e instrumentos folcl\u00f3ricos.","og_url":"https:\/\/dev2.prosono-hardwoods.com\/es\/clientes\/makers-of-pipes-folkloriclos-fabricantes-de-gaitas-y-otros-instrumentos-folkloricos-instruments\/","og_site_name":"Prosono international","article_modified_time":"2024-01-12T12:54:35+00:00","twitter_card":"summary_large_image","twitter_misc":{"Tiempo de lectura":"3 minutos"},"schema":{"@context":"https:\/\/schema.org","@graph":[{"@type":"WebPage","@id":"https:\/\/dev2.prosono-hardwoods.com\/es\/clientes\/makers-of-pipes-folkloriclos-fabricantes-de-gaitas-y-otros-instrumentos-folkloricos-instruments\/","url":"https:\/\/dev2.prosono-hardwoods.com\/es\/clientes\/makers-of-pipes-folkloriclos-fabricantes-de-gaitas-y-otros-instrumentos-folkloricos-instruments\/","name":"Madera para fabricantes de gaitas e instrumentos folcl\u00f3ricos - Prosono international","isPartOf":{"@id":"https:\/\/dev2.prosono-hardwoods.com\/#website"},"datePublished":"2017-02-13T20:12:41+00:00","dateModified":"2024-01-12T12:54:35+00:00","description":"ProSono ofrece las mejores especies de maderas, sierrada a las dimensiones requeridas, para gaitas e instrumentos folcl\u00f3ricos.","breadcrumb":{"@id":"https:\/\/dev2.prosono-hardwoods.com\/es\/clientes\/makers-of-pipes-folkloriclos-fabricantes-de-gaitas-y-otros-instrumentos-folkloricos-instruments\/#breadcrumb"},"inLanguage":"es","potentialAction":[{"@type":"ReadAction","target":["https:\/\/dev2.prosono-hardwoods.com\/es\/clientes\/makers-of-pipes-folkloriclos-fabricantes-de-gaitas-y-otros-instrumentos-folkloricos-instruments\/"]}]},{"@type":"BreadcrumbList","@id":"https:\/\/dev2.prosono-hardwoods.com\/es\/clientes\/makers-of-pipes-folkloriclos-fabricantes-de-gaitas-y-otros-instrumentos-folkloricos-instruments\/#breadcrumb","itemListElement":[{"@type":"ListItem","position":1,"name":"Accueil","item":"https:\/\/dev2.prosono-hardwoods.com\/"},{"@type":"ListItem","position":2,"name":"CLIENTES","item":"https:\/\/dev2.prosono-hardwoods.com\/es\/clientes\/"},{"@type":"ListItem","position":3,"name":"Fabricantes de gaitas e instrumentos folkl\u00f3ricos"}]},{"@type":"WebSite","@id":"https:\/\/dev2.prosono-hardwoods.com\/#website","url":"https:\/\/dev2.prosono-hardwoods.com\/","name":"Prosono international","description":"","publisher":{"@id":"https:\/\/dev2.prosono-hardwoods.com\/#organization"},"potentialAction":[{"@type":"SearchAction","target":{"@type":"EntryPoint","urlTemplate":"https:\/\/dev2.prosono-hardwoods.com\/?s={search_term_string}"},"query-input":"required name=search_term_string"}],"inLanguage":"es"},{"@type":"Organization","@id":"https:\/\/dev2.prosono-hardwoods.com\/#organization","name":"Prosono Hardwoods International","url":"https:\/\/dev2.prosono-hardwoods.com\/","logo":{"@type":"ImageObject","inLanguage":"es","@id":"https:\/\/dev2.prosono-hardwoods.com\/#\/schema\/logo\/image\/","url":"https:\/\/dev2.prosono-hardwoods.com\/wp-content\/uploads\/2020\/08\/prosono-logo@2x.png","contentUrl":"https:\/\/dev2.prosono-hardwoods.com\/wp-content\/uploads\/2020\/08\/prosono-logo@2x.png","width":404,"height":90,"caption":"Prosono Hardwoods International"},"image":{"@id":"https:\/\/dev2.prosono-hardwoods.com\/#\/schema\/logo\/image\/"}}]}},"_links":{"self":[{"href":"https:\/\/dev2.prosono-hardwoods.com\/es\/wp-json\/wp\/v2\/pages\/1776"}],"collection":[{"href":"https:\/\/dev2.prosono-hardwoods.com\/es\/wp-json\/wp\/v2\/pages"}],"about":[{"href":"https:\/\/dev2.prosono-hardwoods.com\/es\/wp-json\/wp\/v2\/types\/page"}],"author":[{"embeddable":true,"href":"https:\/\/dev2.prosono-hardwoods.com\/es\/wp-json\/wp\/v2\/users\/4"}],"replies":[{"embeddable":true,"href":"https:\/\/dev2.prosono-hardwoods.com\/es\/wp-json\/wp\/v2\/comments?post=1776"}],"version-history":[{"count":8,"href":"https:\/\/dev2.prosono-hardwoods.com\/es\/wp-json\/wp\/v2\/pages\/1776\/revisions"}],"predecessor-version":[{"id":23902,"href":"https:\/\/dev2.prosono-hardwoods.com\/es\/wp-json\/wp\/v2\/pages\/1776\/revisions\/23902"}],"up":[{"embeddable":true,"href":"https:\/\/dev2.prosono-hardwoods.com\/es\/wp-json\/wp\/v2\/pages\/1990"}],"wp:attachment":[{"href":"https:\/\/dev2.prosono-hardwoods.com\/es\/wp-json\/wp\/v2\/media?parent=1776"}],"curies":[{"name":"wp","href":"https:\/\/api.w.org\/{rel}","templated":true}]}}