{"id":1777,"date":"2017-02-13T21:12:24","date_gmt":"2017-02-13T20:12:24","guid":{"rendered":"https:\/\/dev2.prosono-hardwoods.com\/makers-of-woodwind-instruments\/"},"modified":"2024-01-12T13:53:45","modified_gmt":"2024-01-12T12:53:45","slug":"fabricantes-de-instrumentos-de-viento-2","status":"publish","type":"page","link":"https:\/\/dev2.prosono-hardwoods.com\/es\/clientes\/fabricantes-de-instrumentos-de-viento-2\/","title":{"rendered":"Fabricantes de instrumentos de viento"},"content":{"rendered":"<section class=\"wpb-content-wrapper\"><p>[vc_row css=\u00bb.vc_custom_1495449692455{padding-top: 40px !important;}\u00bb][vc_column width=\u00bb1\/2&#8243;][vc_column_text]\u00a1Como todos los proveedores que operan legalmente la inclusi\u00f3n en el anexo 2 de CITES del Dalbergia melanoxylon (Granadillo africano), limitar\u00e1n nuestra disponibilidad de la especie!<\/p>\n<p>En este contexto, estamos animando a nuestros clientes a evaluar la introducci\u00f3n <strong>del Mopani<\/strong> como la especie alternativa porque es lo correcto t\u00e9cnicamente y para la protecci\u00f3n de la flora.<\/p>\n<p><strong>Comentarios de nuestros clientes<\/strong>: cuando tornean piezas de mopani los artesanos observan que muy pocos o <strong>ning\u00fan defecto se producen<\/strong>, la madera sigue siendo muy estable, <strong>la estabilidad es mejor que la del granadillo africano.<\/strong><\/p>\n<p><strong>El sonido <\/strong>es caliente, rico y redondo con un equilibrio excepcional entre los agudos y los bajos. \u00a1El instrumento de mopani no s\u00f3lo ofrece una mayor variedad de sonidos, sino que tambi\u00e9n es impresionante visualmente!\u00a0\u00a0Ofrecemos dos opciones m\u00e1s, t\u00e9cnicamente correctas, a los fabricantes de instrumentos de viento, el marfil rojo y el chacate negro ambas especies tienen una densidad en exceso o igual a 1.0, una baja porosidad y son particularmente hermosas.\u00a0En lo que respecta al granadillo africano, ofrecemos a nuestros clientes el certificado de cumplimiento CITES del pa\u00eds de origen de la madera y el certificado de DAFF (Departamento de Agricultura, Silvicultura y Pesca de Sud\u00e1frica) para nuestras exportaciones.<\/p>\n<p>ProSono siempre ha cumplido con la legislaci\u00f3n del pa\u00eds donde operamos. Desde la inclusi\u00f3n del granadillo africano en CITES 2 hemos obtenido la legalizaci\u00f3n de nuestro stock actual de piezas y conjuntos musicales y piezas para tornear.[\/vc_column_text][vc_column_text]<a href=\"https:\/\/www.facebook.com\/FlutesbyWindward\/videos\/vb.137003396391680\/1310304275728247\/?type=2&amp;amp;theater\" target=\"_blank\" rel=\"noopener noreferrer\"><strong><u>Chelsea Knox toca una flauta de chacate negro<\/u><\/strong><strong>\u00a0<\/strong><\/a><\/p>\n<p><a href=\"https:\/\/www.facebook.com\/pg\/FlutesbyWindward\/videos\/?ref=page_internal\" target=\"_blank\" rel=\"noopener noreferrer\"><strong>Revisi\u00f3n de la empresa <u>Windward flutes.<\/u><\/strong><\/a>[\/vc_column_text][\/vc_column][vc_column width=\u00bb1\/2&#8243;][vc_gallery interval=\u00bb3&#8243; images=\u00bb4040,4037,2930,2924,3065,2939,5144,4878&#8243; img_size=\u00bb580&#215;460&#8243; onclick=\u00bb\u00bb][\/vc_column][\/vc_row][vc_row][vc_column width=\u00bb1\/2&#8243;][vc_gallery interval=\u00bb3&#8243; images=\u00bb5927,2951,5711,2921,5161&#8243; img_size=\u00bbfull\u00bb onclick=\u00bb\u00bb][\/vc_column][vc_column width=\u00bb1\/2&#8243;][vc_column_text]<\/p>\n<table width=\"100%\">\n<tbody>\n<tr>\n<td><strong>Instrumentos de viento y componentes relacionados y accesorios <\/strong><strong>\u00a0<\/strong><\/td>\n<td>\n<p><strong>Maderas que trabajamos<\/strong><\/p>\n<p><strong>Mopani = colophospermum mopane<br \/>\nMarfil rojo = berchimia zeyheri<br \/>\nChacate negro = Guibourtia conjugata<br \/>\nGranadillo africano =Dalbergia melanoxylon<\/strong><\/td>\n<td><strong>Tama\u00f1os est\u00e1ndar en mm<\/strong><strong>La secci\u00f3n de las piezas se indica en primer lugar, la longitud en segundo lugar.<\/strong><strong>\u00a0<\/strong><\/td>\n<\/tr>\n<tr style=\"background-color: #dcdad2;\">\n<td><strong>Instrumentos cl\u00e1sicos<\/strong><\/td>\n<td><\/td>\n<td><\/td>\n<\/tr>\n<tr>\n<td><strong>Conjuntos para clarinetes <\/strong><\/td>\n<td>\n<p><strong>Campanas de chacate negro \/ mopani \/ marfil rojo \/ granadillo africano <\/strong><\/p>\n<p><strong>\u00a0<\/strong><\/td>\n<td><strong>Campanas: 85\/85\u00d745\/45\u00d7125<\/strong><strong><br \/>\nJunta baja: 36x36x320<br \/>\n36x36x285<br \/>\n36x36x270<br \/>\nJunta alta: 36x36x245<br \/>\n36x36x230<br \/>\nBarril: 51x51x80<br \/>\n47x47x80<br \/>\n40x40x90<\/strong><\/td>\n<\/tr>\n<tr>\n<td><strong>Conjunto para clarinetes bajos y altos<\/strong><\/td>\n<td><strong>Escuadras de mopani \/ chacate negro \/ marfil rojo<\/strong><\/td>\n<td><strong>47x47x760<\/strong><strong><br \/>\n47x47x700<br \/>\n47x47x550<br \/>\n47x47x460<br \/>\n40x40x410<\/strong><\/td>\n<\/tr>\n<tr>\n<td><strong>Oboes<\/strong><\/td>\n<td><strong>Conjunto de mopani y chacate negro <\/strong><\/td>\n<td><strong>Campanas: 65x65x150<\/strong><strong> 60x60x140<br \/>\nJuntas: 38x38x285<br \/>\n36x36x270<br \/>\n32x32x265 <\/strong><\/td>\n<\/tr>\n<tr>\n<td><strong>Corno Ingl\u00e9s<\/strong><\/td>\n<td><strong>Conjunto de mopani y chacate negro<\/strong><\/td>\n<td><strong>Campanas: 75x75x140 <\/strong><strong><br \/>\nJuntas: 40x40x400<\/strong><\/td>\n<\/tr>\n<tr>\n<td><strong>Flautas y piccolos<\/strong><\/td>\n<td><\/td>\n<td><strong>33x33x380<\/strong><strong><br \/>\n33x33x330<br \/>\n33x33x265<br \/>\n30x30x510<br \/>\n30x30x460<br \/>\n30x30x410<br \/>\n30x30x325<br \/>\n30x30x300<br \/>\n30x30x150<br \/>\n30x30x137<br \/>\n30x30x70<br \/>\n28x28x400<br \/>\n28x28x305<br \/>\n28x28x285<br \/>\n28x28x270<\/strong><\/td>\n<\/tr>\n<\/tbody>\n<\/table>\n<p>[\/vc_column_text][\/vc_column][\/vc_row][vc_row][vc_column][vc_separator][\/vc_column][\/vc_row][vc_row][vc_column width=\u00bb1\/6&#8243;][\/vc_column][vc_column width=\u00bb2\/3&#8243;][vc_column_text]<strong>Para mas informaci\u00f3n contactenos<\/strong>[\/vc_column_text]\n<div class=\"wpcf7 no-js\" id=\"wpcf7-f1700-o1\" lang=\"en-US\" dir=\"ltr\">\n<div class=\"screen-reader-response\"><p role=\"status\" aria-live=\"polite\" aria-atomic=\"true\"><\/p> <ul><\/ul><\/div>\n<form action=\"\/es\/wp-json\/wp\/v2\/pages\/1777#wpcf7-f1700-o1\" method=\"post\" class=\"wpcf7-form init\" aria-label=\"Contact form\" novalidate=\"novalidate\" data-status=\"init\">\n<div style=\"display: none;\">\n<input type=\"hidden\" name=\"_wpcf7\" value=\"1700\" \/>\n<input type=\"hidden\" name=\"_wpcf7_version\" value=\"5.8.3\" \/>\n<input type=\"hidden\" name=\"_wpcf7_locale\" value=\"en_US\" \/>\n<input type=\"hidden\" name=\"_wpcf7_unit_tag\" value=\"wpcf7-f1700-o1\" \/>\n<input type=\"hidden\" name=\"_wpcf7_container_post\" value=\"0\" \/>\n<input type=\"hidden\" name=\"_wpcf7_posted_data_hash\" value=\"\" \/>\n<\/div>\n<div class=\"column one-second\">\n\t<p><span class=\"wpcf7-form-control-wrap\" data-name=\"your-name\"><input size=\"40\" class=\"wpcf7-form-control wpcf7-text wpcf7-validates-as-required\" aria-required=\"true\" aria-invalid=\"false\" placeholder=\"Tu nombre:\" value=\"\" type=\"text\" name=\"your-name\" \/><\/span>\n\t<\/p>\n<\/div>\n<div class=\"column one-second\">\n\t<p><span class=\"wpcf7-form-control-wrap\" data-name=\"your-email\"><input size=\"40\" class=\"wpcf7-form-control wpcf7-email wpcf7-validates-as-required wpcf7-text wpcf7-validates-as-email\" aria-required=\"true\" aria-invalid=\"false\" placeholder=\"Tu correo electr\u00f3nico:\" value=\"\" type=\"email\" name=\"your-email\" \/><\/span>\n\t<\/p>\n<\/div>\n<div class=\"column one\">\n\t<p><span class=\"wpcf7-form-control-wrap\" data-name=\"your-subject\"><input size=\"40\" class=\"wpcf7-form-control wpcf7-text\" aria-invalid=\"false\" placeholder=\"El tema:\" value=\"\" type=\"text\" name=\"your-subject\" \/><\/span>\n\t<\/p>\n<\/div>\n<div class=\"column one\">\n\t<p><span class=\"wpcf7-form-control-wrap\" data-name=\"your-message\"><textarea cols=\"40\" rows=\"6\" class=\"wpcf7-form-control wpcf7-textarea\" aria-invalid=\"false\" placeholder=\"Tu asunto:\" name=\"your-message\"><\/textarea><\/span>\n\t<\/p>\n<\/div>\n<div class=\"column one\">\n\t<p><input class=\"wpcf7-form-control wpcf7-submit has-spinner\" type=\"submit\" value=\"MANDAR\" \/>\n\t<\/p>\n<\/div><p style=\"display: none !important;\"><label>&#916;<textarea name=\"_wpcf7_ak_hp_textarea\" cols=\"45\" rows=\"8\" maxlength=\"100\"><\/textarea><\/label><input type=\"hidden\" id=\"ak_js_1\" name=\"_wpcf7_ak_js\" value=\"90\"\/><script>document.getElementById( \"ak_js_1\" ).setAttribute( \"value\", ( new Date() ).getTime() );<\/script><\/p><div class=\"wpcf7-response-output\" aria-hidden=\"true\"><\/div>\n<\/form>\n<\/div>\n[\/vc_column][vc_column width=\u00bb1\/6&#8243;][\/vc_column][\/vc_row]<\/p>\n<\/section>","protected":false},"excerpt":{"rendered":"<p>[vc_row css=\u00bb.vc_custom_1495449692455{padding-top: 40px !important;}\u00bb][vc_column width=\u00bb1\/2&#8243;][vc_column_text]\u00a1Como todos los proveedores que operan legalmente la inclusi\u00f3n en el anexo 2 de CITES del Dalbergia melanoxylon (Granadillo africano), limitar\u00e1n nuestra<span class=\"excerpt-hellip\"> [\u2026]<\/span><\/p>\n","protected":false},"author":4,"featured_media":0,"parent":1990,"menu_order":0,"comment_status":"closed","ping_status":"closed","template":"","meta":{"_themeisle_gutenberg_block_has_review":false,"footnotes":""},"yoast_head":"<!-- This site is optimized with the Yoast SEO plugin v21.5 - https:\/\/yoast.com\/wordpress\/plugins\/seo\/ -->\n<title>Madera para fabricantes de instrumentos de viento - Prosono international<\/title>\n<meta name=\"description\" content=\"ProSono ofrece maderas de alta densidad y poca porosidad, cuidadamente sierrada para los fabricantes de instrumentos de viento de todo el mundo.\" \/>\n<meta name=\"robots\" content=\"noindex, follow, max-snippet:-1, max-image-preview:large, max-video-preview:-1\" \/>\n<meta property=\"og:locale\" content=\"es_ES\" \/>\n<meta property=\"og:type\" content=\"article\" \/>\n<meta property=\"og:title\" content=\"Madera para fabricantes de instrumentos de viento - Prosono international\" \/>\n<meta property=\"og:description\" content=\"ProSono ofrece maderas de alta densidad y poca porosidad, cuidadamente sierrada para los fabricantes de instrumentos de viento de todo el mundo.\" \/>\n<meta property=\"og:url\" content=\"https:\/\/dev2.prosono-hardwoods.com\/es\/clientes\/fabricantes-de-instrumentos-de-viento-2\/\" \/>\n<meta property=\"og:site_name\" content=\"Prosono international\" \/>\n<meta property=\"article:modified_time\" content=\"2024-01-12T12:53:45+00:00\" \/>\n<meta name=\"twitter:card\" content=\"summary_large_image\" \/>\n<meta name=\"twitter:label1\" content=\"Tiempo de lectura\" \/>\n\t<meta name=\"twitter:data1\" content=\"2 minutos\" \/>\n<script type=\"application\/ld+json\" class=\"yoast-schema-graph\">{\"@context\":\"https:\/\/schema.org\",\"@graph\":[{\"@type\":\"WebPage\",\"@id\":\"https:\/\/dev2.prosono-hardwoods.com\/es\/clientes\/fabricantes-de-instrumentos-de-viento-2\/\",\"url\":\"https:\/\/dev2.prosono-hardwoods.com\/es\/clientes\/fabricantes-de-instrumentos-de-viento-2\/\",\"name\":\"Madera para fabricantes de instrumentos de viento - Prosono international\",\"isPartOf\":{\"@id\":\"https:\/\/dev2.prosono-hardwoods.com\/#website\"},\"datePublished\":\"2017-02-13T20:12:24+00:00\",\"dateModified\":\"2024-01-12T12:53:45+00:00\",\"description\":\"ProSono ofrece maderas de alta densidad y poca porosidad, cuidadamente sierrada para los fabricantes de instrumentos de viento de todo el mundo.\",\"breadcrumb\":{\"@id\":\"https:\/\/dev2.prosono-hardwoods.com\/es\/clientes\/fabricantes-de-instrumentos-de-viento-2\/#breadcrumb\"},\"inLanguage\":\"es\",\"potentialAction\":[{\"@type\":\"ReadAction\",\"target\":[\"https:\/\/dev2.prosono-hardwoods.com\/es\/clientes\/fabricantes-de-instrumentos-de-viento-2\/\"]}]},{\"@type\":\"BreadcrumbList\",\"@id\":\"https:\/\/dev2.prosono-hardwoods.com\/es\/clientes\/fabricantes-de-instrumentos-de-viento-2\/#breadcrumb\",\"itemListElement\":[{\"@type\":\"ListItem\",\"position\":1,\"name\":\"Accueil\",\"item\":\"https:\/\/dev2.prosono-hardwoods.com\/\"},{\"@type\":\"ListItem\",\"position\":2,\"name\":\"CLIENTES\",\"item\":\"https:\/\/dev2.prosono-hardwoods.com\/es\/clientes\/\"},{\"@type\":\"ListItem\",\"position\":3,\"name\":\"Fabricantes de instrumentos de viento\"}]},{\"@type\":\"WebSite\",\"@id\":\"https:\/\/dev2.prosono-hardwoods.com\/#website\",\"url\":\"https:\/\/dev2.prosono-hardwoods.com\/\",\"name\":\"Prosono international\",\"description\":\"\",\"publisher\":{\"@id\":\"https:\/\/dev2.prosono-hardwoods.com\/#organization\"},\"potentialAction\":[{\"@type\":\"SearchAction\",\"target\":{\"@type\":\"EntryPoint\",\"urlTemplate\":\"https:\/\/dev2.prosono-hardwoods.com\/?s={search_term_string}\"},\"query-input\":\"required name=search_term_string\"}],\"inLanguage\":\"es\"},{\"@type\":\"Organization\",\"@id\":\"https:\/\/dev2.prosono-hardwoods.com\/#organization\",\"name\":\"Prosono Hardwoods International\",\"url\":\"https:\/\/dev2.prosono-hardwoods.com\/\",\"logo\":{\"@type\":\"ImageObject\",\"inLanguage\":\"es\",\"@id\":\"https:\/\/dev2.prosono-hardwoods.com\/#\/schema\/logo\/image\/\",\"url\":\"https:\/\/dev2.prosono-hardwoods.com\/wp-content\/uploads\/2020\/08\/prosono-logo@2x.png\",\"contentUrl\":\"https:\/\/dev2.prosono-hardwoods.com\/wp-content\/uploads\/2020\/08\/prosono-logo@2x.png\",\"width\":404,\"height\":90,\"caption\":\"Prosono Hardwoods International\"},\"image\":{\"@id\":\"https:\/\/dev2.prosono-hardwoods.com\/#\/schema\/logo\/image\/\"}}]}<\/script>\n<!-- \/ Yoast SEO plugin. -->","yoast_head_json":{"title":"Madera para fabricantes de instrumentos de viento - Prosono international","description":"ProSono ofrece maderas de alta densidad y poca porosidad, cuidadamente sierrada para los fabricantes de instrumentos de viento de todo el mundo.","robots":{"index":"noindex","follow":"follow","max-snippet":"max-snippet:-1","max-image-preview":"max-image-preview:large","max-video-preview":"max-video-preview:-1"},"og_locale":"es_ES","og_type":"article","og_title":"Madera para fabricantes de instrumentos de viento - Prosono international","og_description":"ProSono ofrece maderas de alta densidad y poca porosidad, cuidadamente sierrada para los fabricantes de instrumentos de viento de todo el mundo.","og_url":"https:\/\/dev2.prosono-hardwoods.com\/es\/clientes\/fabricantes-de-instrumentos-de-viento-2\/","og_site_name":"Prosono international","article_modified_time":"2024-01-12T12:53:45+00:00","twitter_card":"summary_large_image","twitter_misc":{"Tiempo de lectura":"2 minutos"},"schema":{"@context":"https:\/\/schema.org","@graph":[{"@type":"WebPage","@id":"https:\/\/dev2.prosono-hardwoods.com\/es\/clientes\/fabricantes-de-instrumentos-de-viento-2\/","url":"https:\/\/dev2.prosono-hardwoods.com\/es\/clientes\/fabricantes-de-instrumentos-de-viento-2\/","name":"Madera para fabricantes de instrumentos de viento - Prosono international","isPartOf":{"@id":"https:\/\/dev2.prosono-hardwoods.com\/#website"},"datePublished":"2017-02-13T20:12:24+00:00","dateModified":"2024-01-12T12:53:45+00:00","description":"ProSono ofrece maderas de alta densidad y poca porosidad, cuidadamente sierrada para los fabricantes de instrumentos de viento de todo el mundo.","breadcrumb":{"@id":"https:\/\/dev2.prosono-hardwoods.com\/es\/clientes\/fabricantes-de-instrumentos-de-viento-2\/#breadcrumb"},"inLanguage":"es","potentialAction":[{"@type":"ReadAction","target":["https:\/\/dev2.prosono-hardwoods.com\/es\/clientes\/fabricantes-de-instrumentos-de-viento-2\/"]}]},{"@type":"BreadcrumbList","@id":"https:\/\/dev2.prosono-hardwoods.com\/es\/clientes\/fabricantes-de-instrumentos-de-viento-2\/#breadcrumb","itemListElement":[{"@type":"ListItem","position":1,"name":"Accueil","item":"https:\/\/dev2.prosono-hardwoods.com\/"},{"@type":"ListItem","position":2,"name":"CLIENTES","item":"https:\/\/dev2.prosono-hardwoods.com\/es\/clientes\/"},{"@type":"ListItem","position":3,"name":"Fabricantes de instrumentos de viento"}]},{"@type":"WebSite","@id":"https:\/\/dev2.prosono-hardwoods.com\/#website","url":"https:\/\/dev2.prosono-hardwoods.com\/","name":"Prosono international","description":"","publisher":{"@id":"https:\/\/dev2.prosono-hardwoods.com\/#organization"},"potentialAction":[{"@type":"SearchAction","target":{"@type":"EntryPoint","urlTemplate":"https:\/\/dev2.prosono-hardwoods.com\/?s={search_term_string}"},"query-input":"required name=search_term_string"}],"inLanguage":"es"},{"@type":"Organization","@id":"https:\/\/dev2.prosono-hardwoods.com\/#organization","name":"Prosono Hardwoods International","url":"https:\/\/dev2.prosono-hardwoods.com\/","logo":{"@type":"ImageObject","inLanguage":"es","@id":"https:\/\/dev2.prosono-hardwoods.com\/#\/schema\/logo\/image\/","url":"https:\/\/dev2.prosono-hardwoods.com\/wp-content\/uploads\/2020\/08\/prosono-logo@2x.png","contentUrl":"https:\/\/dev2.prosono-hardwoods.com\/wp-content\/uploads\/2020\/08\/prosono-logo@2x.png","width":404,"height":90,"caption":"Prosono Hardwoods International"},"image":{"@id":"https:\/\/dev2.prosono-hardwoods.com\/#\/schema\/logo\/image\/"}}]}},"_links":{"self":[{"href":"https:\/\/dev2.prosono-hardwoods.com\/es\/wp-json\/wp\/v2\/pages\/1777"}],"collection":[{"href":"https:\/\/dev2.prosono-hardwoods.com\/es\/wp-json\/wp\/v2\/pages"}],"about":[{"href":"https:\/\/dev2.prosono-hardwoods.com\/es\/wp-json\/wp\/v2\/types\/page"}],"author":[{"embeddable":true,"href":"https:\/\/dev2.prosono-hardwoods.com\/es\/wp-json\/wp\/v2\/users\/4"}],"replies":[{"embeddable":true,"href":"https:\/\/dev2.prosono-hardwoods.com\/es\/wp-json\/wp\/v2\/comments?post=1777"}],"version-history":[{"count":17,"href":"https:\/\/dev2.prosono-hardwoods.com\/es\/wp-json\/wp\/v2\/pages\/1777\/revisions"}],"predecessor-version":[{"id":23901,"href":"https:\/\/dev2.prosono-hardwoods.com\/es\/wp-json\/wp\/v2\/pages\/1777\/revisions\/23901"}],"up":[{"embeddable":true,"href":"https:\/\/dev2.prosono-hardwoods.com\/es\/wp-json\/wp\/v2\/pages\/1990"}],"wp:attachment":[{"href":"https:\/\/dev2.prosono-hardwoods.com\/es\/wp-json\/wp\/v2\/media?parent=1777"}],"curies":[{"name":"wp","href":"https:\/\/api.w.org\/{rel}","templated":true}]}}