{"id":1780,"date":"2017-02-13T21:11:08","date_gmt":"2017-02-13T20:11:08","guid":{"rendered":"https:\/\/dev2.prosono-hardwoods.com\/who-we-are\/"},"modified":"2024-01-26T09:38:51","modified_gmt":"2024-01-26T08:38:51","slug":"quienes-somos","status":"publish","type":"page","link":"https:\/\/dev2.prosono-hardwoods.com\/es\/sobre-nosotros\/quienes-somos\/","title":{"rendered":"Quienes somos"},"content":{"rendered":"<section class=\"wpb-content-wrapper\"><p>[vc_row][vc_column width=\u00bb1\/2&#8243;][vc_column_text]Nuestra compa\u00f1\u00eda fue fundada en 1994 con el prop\u00f3sito de valorizar la exportaci\u00f3n de especies de maderas nativas del Sur de \u00c1frica. Actualmente empleamos un equipo de Tecn\u00f3logos en madera, Economistas, y operadores de m\u00e1quinas para procesar maderas en Sud\u00e1frica.<\/p>\n<p>Nuestras actividades y suministros se extienden a Sud\u00e1frica, Zimbabue, Zambia y Mozambique. Otros pa\u00edses de \u00c1frica Meridional y Central son investigados para oportunidades. Nuestro aserradero est\u00e1 ubicado en 270 <a href=\"https:\/\/goo.gl\/maps\/5wvQKd6XuV32\"><strong>Summit Road (R 562), West of Midrand, Gauteng Province, South Africa<\/strong><\/a><strong>.<\/strong><\/p>\n<p>Estamos totalmente dedicados a la conservaci\u00f3n de la naturaleza, a la explotaci\u00f3n sostenible de la madera y de su proceso para el beneficio de las comunidades locales, en el sentido de la creaci\u00f3n de trabajo, capacitaci\u00f3n y el desarrollo socioecon\u00f3mico.<\/p>\n<p>ProSono se adhiere plenamente a los principios de www.cites.org sobre la protecci\u00f3n de especies en peligro de extinci\u00f3n. Nos preocupamos por el mejor valor a\u00f1adido y por lo tanto no exportamos troncos o madera no procesada fuera del \u00c1frica meridional.<\/p>\n<p><a href=\"https:\/\/dev2.prosono-hardwoods.com\/es\/certificados-de-cites\/\"><u>Certificados: CITES <\/u><\/a>[\/vc_column_text][vc_empty_space height=\u00bb50px\u00bb][\/vc_column][vc_column width=\u00bb1\/2&#8243;][vc_gallery interval=\u00bb3&#8243; images=\u00bb2900,2903,2897&#8243; img_size=\u00bb454 \u00d7 340&#8243; onclick=\u00bb\u00bb][\/vc_column][\/vc_row][vc_row][vc_column width=\u00bb1\/3&#8243;][vc_gallery interval=\u00bb5&#8243; images=\u00bb2894,3083&#8243; img_size=\u00bb 480 \u00d7 640&#8243; onclick=\u00bb\u00bb][\/vc_column][vc_column width=\u00bb2\/3&#8243;][vc_column_text]Durante m\u00e1s de diez a\u00f1os hemos estado cooperando estrechamente con cinco distribuidores nacionales en Estados Unidos, Reino Unido, Alemania, Jap\u00f3n y Espa\u00f1a. Nuestra cooperaci\u00f3n ha incluido entre otros, la ampliaci\u00f3n de nuestra gama de productos, la optimizaci\u00f3n de nuestra capacidad de almacenamiento para responder a la demanda en la forma m\u00e1s breve posible y el ajuste de nuestros precios para ser competitivos.<\/p>\n<p>Los propietarios y la fuerza motriz detr\u00e1s de la empresa:<\/p>\n<p><strong>Philippe Monbaron: Lic. HEC y MBA &#8211; IMD.<\/strong>El fundador de la compa\u00f1\u00eda es originario de la parte francesa de Suiza. \u00a1Despu\u00e9s de 20 a\u00f1os de experiencia con empresas multinacionales en Europa y \u00c1frica en productos farmac\u00e9uticos, agroqu\u00edmicos y servicios bancarios, comenz\u00f3 ProSono y nunca se arrepinti\u00f3! Philippe tiene 35 a\u00f1os de experiencia en comercio internacional, finanzas, marketing y venta. \u00c9l domina cuatro idiomas.<\/p>\n<p><strong>Etienne Du Plooy: Tecn\u00f3logo de la madera &#8211; SAASVELD &#8211; Facultad de silvicultura.<\/strong>Se uni\u00f3 a Philippe hace 17 a\u00f1os. Es un experto en todos los aspectos de la industria maderera, silvicultura y manejo de aserraderos de equipos peque\u00f1os y grandes en un contexto multi-racial. \u00c9l est\u00e1 especialmente dotado en la selecci\u00f3n de madera, procesamiento y venta a la comunidad sudafricana. Es el motor de los cuchillos de Caracal. Trabaja estrechamente con CITES y DAFF para la conservaci\u00f3n de la naturaleza y permisos.[\/vc_column_text][\/vc_column][\/vc_row][vc_row css=\u00bb.vc_custom_1495449110099{padding-top: 40px !important;padding-bottom: 60px !important;}\u00bb][vc_column width=\u00bb1\/3&#8243;][vc_column_text]Hemos centrado nuestras actividades en doce especies de madera dura que potencialmente proporcionan el mejor valor agregado y con el m\u00e1s reducido impacto ambiental.<\/p>\n<ul>\n<li>Granadillo africano (Dalbergia melanoxylon)<\/li>\n<li>Olivo silvestre (Oliva africana)<\/li>\n<li>Chacate preto (Guibourtia conjugata)<\/li>\n<li>Chacal-baya (Diospyros mespiliformis)<\/li>\n<li>Espino de camello (Acacia erioloba)<\/li>\n<li>Monzo (Combretum imberbe)<\/li>\n<li>Matumi (Breonadia silicina)<\/li>\n<li>Mopani (Colophospermum)<\/li>\n<li>Sauce llor\u00f3n rojo (Combretum apicolatum)<\/li>\n<li>Marfil rojo (Berchimia zeyheri)<\/li>\n<li>Snake bean (Bobgunnia madagascariensis)<\/li>\n<li>Cocobolo africano (Spirostachys africana )<\/li>\n<\/ul>\n<p><strong>ProSono valora los comentarios de clientes por su experiencia sobre las especies de madera que comercializamos. <\/strong>En los \u00faltimos a\u00f1os se han identificado nuevas aplicaciones en la industria musical, especialmente para los conjuntos para clarinetes y oboes y fondos y aros de guitaras, y en joyer\u00eda.[\/vc_column_text][\/vc_column][vc_column width=\u00bb2\/3&#8243;][vc_column_text]<\/p>\n<table width=\"982\">\n<tbody>\n<tr style=\"background-color: #dcdad2;\">\n<td width=\"272\"><strong>Clasificaci\u00f3n de las maderas <\/strong><\/p>\n<p><strong>de mayor uso: X<\/strong><\/p>\n<p><strong>de uso limitado: O <\/strong><\/td>\n<td width=\"171\"><strong>para instrumentos de viento<\/strong><\/td>\n<td><strong>para instrumentos de cuerda<\/strong><\/td>\n<td><strong>para tornear y tallar<\/strong><\/td>\n<td><strong>para pisos de madera <\/strong><\/td>\n<\/tr>\n<tr>\n<td width=\"272\"><strong>Granadillo africano<\/strong><\/td>\n<td width=\"171\">\n<p style=\"text-align: center;\"><strong>X<\/strong><\/p>\n<\/td>\n<td>\n<p style=\"text-align: center;\"><strong>O<\/strong><\/p>\n<\/td>\n<td>\n<p style=\"text-align: center;\"><strong>X<\/strong><\/p>\n<\/td>\n<td>\n<p style=\"text-align: center;\"><strong>X<\/strong><\/p>\n<\/td>\n<\/tr>\n<tr>\n<td width=\"272\"><strong>Olivo silvestre<\/strong><\/td>\n<td width=\"171\">\n<p style=\"text-align: center;\"><strong>O<\/strong><\/p>\n<\/td>\n<td><\/td>\n<td>\n<p style=\"text-align: center;\"><strong>X<\/strong><\/p>\n<\/td>\n<td><\/td>\n<\/tr>\n<tr>\n<td width=\"272\"><strong>Chacate negro<\/strong><\/td>\n<td width=\"171\">\n<p style=\"text-align: center;\">\u00a0<strong>X<\/strong><\/p>\n<\/td>\n<td>\n<p style=\"text-align: center;\">\u00a0<strong>X<\/strong><\/p>\n<\/td>\n<td>\n<p style=\"text-align: center;\"><strong>X<\/strong><\/p>\n<\/td>\n<td><\/td>\n<\/tr>\n<tr>\n<td width=\"272\"><strong>Chacal-baya<\/strong><\/td>\n<td width=\"171\"><\/td>\n<td>\n<p style=\"text-align: center;\"><strong>X<\/strong><\/p>\n<\/td>\n<td>\n<p style=\"text-align: center;\"><strong>X<\/strong><\/p>\n<\/td>\n<td><\/td>\n<\/tr>\n<tr>\n<td width=\"272\"><strong>Espina de camello<\/strong><\/td>\n<td width=\"171\"><\/td>\n<td><\/td>\n<td>\n<p style=\"text-align: center;\"><strong>X<\/strong><\/p>\n<\/td>\n<td><\/td>\n<\/tr>\n<tr>\n<td width=\"272\"><strong>Monzo<\/strong><\/td>\n<td width=\"171\">\n<p style=\"text-align: center;\">\u00a0<strong>X<\/strong><\/p>\n<\/td>\n<td>\n<p style=\"text-align: center;\">\u00a0<strong>X<\/strong><\/p>\n<\/td>\n<td>\n<p style=\"text-align: center;\"><strong>X<\/strong><\/p>\n<\/td>\n<td><\/td>\n<\/tr>\n<tr>\n<td width=\"272\"><strong>Matumi<\/strong><\/td>\n<td width=\"171\"><\/td>\n<td><\/td>\n<td>\n<p style=\"text-align: center;\"><strong>X<\/strong><\/p>\n<\/td>\n<td><\/td>\n<\/tr>\n<tr>\n<td width=\"272\"><strong>Mopani<\/strong><\/td>\n<td width=\"171\">\n<p style=\"text-align: center;\"><strong>X<\/strong><\/p>\n<\/td>\n<td>\n<p style=\"text-align: center;\"><strong>X<\/strong><\/p>\n<\/td>\n<td>\n<p style=\"text-align: center;\"><strong>X<\/strong><\/p>\n<\/td>\n<td>\n<p style=\"text-align: center;\"><strong>X<\/strong><\/p>\n<\/td>\n<\/tr>\n<tr>\n<td width=\"272\"><strong>Sauce llor\u00f3n rojo<\/strong><\/td>\n<td width=\"171\"><\/td>\n<td>\n<p style=\"text-align: center;\"><strong>X<\/strong><\/p>\n<\/td>\n<td>\n<p style=\"text-align: center;\"><strong>X<\/strong><\/p>\n<\/td>\n<td><\/td>\n<\/tr>\n<tr>\n<td width=\"272\"><strong>Marfil rojo<\/strong><\/td>\n<td width=\"171\">\n<p style=\"text-align: center;\"><strong>\u00a0O<\/strong><\/p>\n<\/td>\n<td>\n<p style=\"text-align: center;\"><strong>X<\/strong><\/p>\n<\/td>\n<td>\n<p style=\"text-align: center;\"><strong>X<\/strong><\/p>\n<\/td>\n<td>\n<p style=\"text-align: center;\"><strong>\u00a0O<\/strong><\/p>\n<\/td>\n<\/tr>\n<tr>\n<td width=\"272\"><strong>Snake Bean<\/strong><\/td>\n<td width=\"171\"><\/td>\n<td><\/td>\n<td>\n<p style=\"text-align: center;\"><strong>X<\/strong><\/p>\n<\/td>\n<td><\/td>\n<\/tr>\n<tr>\n<td width=\"272\"><strong>Cocobolo africano<\/strong><\/td>\n<td width=\"171\"><strong>\u00a0<\/strong><\/td>\n<td>\n<p style=\"text-align: center;\"><strong>X<\/strong><\/p>\n<\/td>\n<td>\n<p style=\"text-align: center;\"><strong>X<\/strong><\/p>\n<\/td>\n<td>\n<p style=\"text-align: center;\"><strong>X<\/strong><\/p>\n<\/td>\n<\/tr>\n<\/tbody>\n<\/table>\n<p>[\/vc_column_text][\/vc_column][\/vc_row]<\/p>\n<\/section>","protected":false},"excerpt":{"rendered":"<p>[vc_row][vc_column width=\u00bb1\/2&#8243;][vc_column_text]Nuestra compa\u00f1\u00eda fue fundada en 1994 con el prop\u00f3sito de valorizar la exportaci\u00f3n de especies de maderas nativas del Sur de \u00c1frica. Actualmente empleamos un<span class=\"excerpt-hellip\"> [\u2026]<\/span><\/p>\n","protected":false},"author":4,"featured_media":0,"parent":1988,"menu_order":0,"comment_status":"closed","ping_status":"closed","template":"","meta":{"_themeisle_gutenberg_block_has_review":false,"footnotes":""},"yoast_head":"<!-- This site is optimized with the Yoast SEO plugin v21.5 - https:\/\/yoast.com\/wordpress\/plugins\/seo\/ -->\n<title>Quienes somos - Prosono international<\/title>\n<meta name=\"description\" content=\"Fundada en 1999, ProSono exporta maderas duras aut\u00f3ctonas del sur de \u00c1frica a los mercados internacionales.\" \/>\n<meta name=\"robots\" content=\"noindex, follow, max-snippet:-1, max-image-preview:large, max-video-preview:-1\" \/>\n<meta property=\"og:locale\" content=\"es_ES\" \/>\n<meta property=\"og:type\" content=\"article\" \/>\n<meta property=\"og:title\" content=\"Quienes somos - Prosono international\" \/>\n<meta property=\"og:description\" content=\"Fundada en 1999, ProSono exporta maderas duras aut\u00f3ctonas del sur de \u00c1frica a los mercados internacionales.\" \/>\n<meta property=\"og:url\" content=\"https:\/\/dev2.prosono-hardwoods.com\/about-us\/who-we-are\/\" \/>\n<meta property=\"og:site_name\" content=\"Prosono international\" \/>\n<meta property=\"article:modified_time\" content=\"2024-01-26T08:38:51+00:00\" \/>\n<meta name=\"twitter:card\" content=\"summary_large_image\" \/>\n<meta name=\"twitter:label1\" content=\"Tiempo de lectura\" \/>\n\t<meta name=\"twitter:data1\" content=\"4 minutos\" \/>\n<script type=\"application\/ld+json\" class=\"yoast-schema-graph\">{\"@context\":\"https:\/\/schema.org\",\"@graph\":[{\"@type\":\"WebPage\",\"@id\":\"https:\/\/dev2.prosono-hardwoods.com\/about-us\/who-we-are\/\",\"url\":\"https:\/\/dev2.prosono-hardwoods.com\/about-us\/who-we-are\/\",\"name\":\"Quienes somos - Prosono international\",\"isPartOf\":{\"@id\":\"https:\/\/dev2.prosono-hardwoods.com\/#website\"},\"datePublished\":\"2017-02-13T20:11:08+00:00\",\"dateModified\":\"2024-01-26T08:38:51+00:00\",\"description\":\"Fundada en 1999, ProSono exporta maderas duras aut\u00f3ctonas del sur de \u00c1frica a los mercados internacionales.\",\"breadcrumb\":{\"@id\":\"https:\/\/dev2.prosono-hardwoods.com\/about-us\/who-we-are\/#breadcrumb\"},\"inLanguage\":\"es\",\"potentialAction\":[{\"@type\":\"ReadAction\",\"target\":[\"https:\/\/dev2.prosono-hardwoods.com\/about-us\/who-we-are\/\"]}]},{\"@type\":\"BreadcrumbList\",\"@id\":\"https:\/\/dev2.prosono-hardwoods.com\/about-us\/who-we-are\/#breadcrumb\",\"itemListElement\":[{\"@type\":\"ListItem\",\"position\":1,\"name\":\"Accueil\",\"item\":\"https:\/\/dev2.prosono-hardwoods.com\/\"},{\"@type\":\"ListItem\",\"position\":2,\"name\":\"SOBRE NOSOTROS\",\"item\":\"https:\/\/dev2.prosono-hardwoods.com\/es\/sobre-nosotros\/\"},{\"@type\":\"ListItem\",\"position\":3,\"name\":\"Quienes somos\"}]},{\"@type\":\"WebSite\",\"@id\":\"https:\/\/dev2.prosono-hardwoods.com\/#website\",\"url\":\"https:\/\/dev2.prosono-hardwoods.com\/\",\"name\":\"Prosono international\",\"description\":\"\",\"publisher\":{\"@id\":\"https:\/\/dev2.prosono-hardwoods.com\/#organization\"},\"potentialAction\":[{\"@type\":\"SearchAction\",\"target\":{\"@type\":\"EntryPoint\",\"urlTemplate\":\"https:\/\/dev2.prosono-hardwoods.com\/?s={search_term_string}\"},\"query-input\":\"required name=search_term_string\"}],\"inLanguage\":\"es\"},{\"@type\":\"Organization\",\"@id\":\"https:\/\/dev2.prosono-hardwoods.com\/#organization\",\"name\":\"Prosono Hardwoods International\",\"url\":\"https:\/\/dev2.prosono-hardwoods.com\/\",\"logo\":{\"@type\":\"ImageObject\",\"inLanguage\":\"es\",\"@id\":\"https:\/\/dev2.prosono-hardwoods.com\/#\/schema\/logo\/image\/\",\"url\":\"https:\/\/dev2.prosono-hardwoods.com\/wp-content\/uploads\/2020\/08\/prosono-logo@2x.png\",\"contentUrl\":\"https:\/\/dev2.prosono-hardwoods.com\/wp-content\/uploads\/2020\/08\/prosono-logo@2x.png\",\"width\":404,\"height\":90,\"caption\":\"Prosono Hardwoods International\"},\"image\":{\"@id\":\"https:\/\/dev2.prosono-hardwoods.com\/#\/schema\/logo\/image\/\"}}]}<\/script>\n<!-- \/ Yoast SEO plugin. -->","yoast_head_json":{"title":"Quienes somos - Prosono international","description":"Fundada en 1999, ProSono exporta maderas duras aut\u00f3ctonas del sur de \u00c1frica a los mercados internacionales.","robots":{"index":"noindex","follow":"follow","max-snippet":"max-snippet:-1","max-image-preview":"max-image-preview:large","max-video-preview":"max-video-preview:-1"},"og_locale":"es_ES","og_type":"article","og_title":"Quienes somos - Prosono international","og_description":"Fundada en 1999, ProSono exporta maderas duras aut\u00f3ctonas del sur de \u00c1frica a los mercados internacionales.","og_url":"https:\/\/dev2.prosono-hardwoods.com\/about-us\/who-we-are\/","og_site_name":"Prosono international","article_modified_time":"2024-01-26T08:38:51+00:00","twitter_card":"summary_large_image","twitter_misc":{"Tiempo de lectura":"4 minutos"},"schema":{"@context":"https:\/\/schema.org","@graph":[{"@type":"WebPage","@id":"https:\/\/dev2.prosono-hardwoods.com\/about-us\/who-we-are\/","url":"https:\/\/dev2.prosono-hardwoods.com\/about-us\/who-we-are\/","name":"Quienes somos - Prosono international","isPartOf":{"@id":"https:\/\/dev2.prosono-hardwoods.com\/#website"},"datePublished":"2017-02-13T20:11:08+00:00","dateModified":"2024-01-26T08:38:51+00:00","description":"Fundada en 1999, ProSono exporta maderas duras aut\u00f3ctonas del sur de \u00c1frica a los mercados internacionales.","breadcrumb":{"@id":"https:\/\/dev2.prosono-hardwoods.com\/about-us\/who-we-are\/#breadcrumb"},"inLanguage":"es","potentialAction":[{"@type":"ReadAction","target":["https:\/\/dev2.prosono-hardwoods.com\/about-us\/who-we-are\/"]}]},{"@type":"BreadcrumbList","@id":"https:\/\/dev2.prosono-hardwoods.com\/about-us\/who-we-are\/#breadcrumb","itemListElement":[{"@type":"ListItem","position":1,"name":"Accueil","item":"https:\/\/dev2.prosono-hardwoods.com\/"},{"@type":"ListItem","position":2,"name":"SOBRE NOSOTROS","item":"https:\/\/dev2.prosono-hardwoods.com\/es\/sobre-nosotros\/"},{"@type":"ListItem","position":3,"name":"Quienes somos"}]},{"@type":"WebSite","@id":"https:\/\/dev2.prosono-hardwoods.com\/#website","url":"https:\/\/dev2.prosono-hardwoods.com\/","name":"Prosono international","description":"","publisher":{"@id":"https:\/\/dev2.prosono-hardwoods.com\/#organization"},"potentialAction":[{"@type":"SearchAction","target":{"@type":"EntryPoint","urlTemplate":"https:\/\/dev2.prosono-hardwoods.com\/?s={search_term_string}"},"query-input":"required name=search_term_string"}],"inLanguage":"es"},{"@type":"Organization","@id":"https:\/\/dev2.prosono-hardwoods.com\/#organization","name":"Prosono Hardwoods International","url":"https:\/\/dev2.prosono-hardwoods.com\/","logo":{"@type":"ImageObject","inLanguage":"es","@id":"https:\/\/dev2.prosono-hardwoods.com\/#\/schema\/logo\/image\/","url":"https:\/\/dev2.prosono-hardwoods.com\/wp-content\/uploads\/2020\/08\/prosono-logo@2x.png","contentUrl":"https:\/\/dev2.prosono-hardwoods.com\/wp-content\/uploads\/2020\/08\/prosono-logo@2x.png","width":404,"height":90,"caption":"Prosono Hardwoods International"},"image":{"@id":"https:\/\/dev2.prosono-hardwoods.com\/#\/schema\/logo\/image\/"}}]}},"_links":{"self":[{"href":"https:\/\/dev2.prosono-hardwoods.com\/es\/wp-json\/wp\/v2\/pages\/1780"}],"collection":[{"href":"https:\/\/dev2.prosono-hardwoods.com\/es\/wp-json\/wp\/v2\/pages"}],"about":[{"href":"https:\/\/dev2.prosono-hardwoods.com\/es\/wp-json\/wp\/v2\/types\/page"}],"author":[{"embeddable":true,"href":"https:\/\/dev2.prosono-hardwoods.com\/es\/wp-json\/wp\/v2\/users\/4"}],"replies":[{"embeddable":true,"href":"https:\/\/dev2.prosono-hardwoods.com\/es\/wp-json\/wp\/v2\/comments?post=1780"}],"version-history":[{"count":9,"href":"https:\/\/dev2.prosono-hardwoods.com\/es\/wp-json\/wp\/v2\/pages\/1780\/revisions"}],"predecessor-version":[{"id":23936,"href":"https:\/\/dev2.prosono-hardwoods.com\/es\/wp-json\/wp\/v2\/pages\/1780\/revisions\/23936"}],"up":[{"embeddable":true,"href":"https:\/\/dev2.prosono-hardwoods.com\/es\/wp-json\/wp\/v2\/pages\/1988"}],"wp:attachment":[{"href":"https:\/\/dev2.prosono-hardwoods.com\/es\/wp-json\/wp\/v2\/media?parent=1780"}],"curies":[{"name":"wp","href":"https:\/\/api.w.org\/{rel}","templated":true}]}}