{"id":1781,"date":"2017-02-13T21:10:44","date_gmt":"2017-02-13T20:10:44","guid":{"rendered":"https:\/\/dev2.prosono-hardwoods.com\/what-we-stand-for\/"},"modified":"2023-06-13T17:08:17","modified_gmt":"2023-06-13T15:08:17","slug":"que-proponemos","status":"publish","type":"page","link":"https:\/\/dev2.prosono-hardwoods.com\/es\/sobre-nosotros\/que-proponemos\/","title":{"rendered":"Qu\u00e9 proponemos"},"content":{"rendered":"<section class=\"wpb-content-wrapper\"><p>[vc_row css=\u00bb.vc_custom_1495442908004{padding-top: 40px !important;}\u00bb][vc_column width=\u00bb1\/2&#8243;][vc_column_text]<\/p>\n<h2>ProSono le ofrece los siguientes beneficios:<\/h2>\n<p>(1) <strong>Partes musicales seleccionadas<\/strong> sin nudos, sin albura, sin marcas de insectos, sin descoloraci\u00f3n, sin pudrici\u00f3n y evidentemente sin grietas o fisuras.<\/p>\n<p>Las piezas son cerradas con cera sin burbujas garant\u00eda de piezas sin grietas hasta los extremos de las piezas. Las piezas son cortadas con precisi\u00f3n de menos 1mm cada metro.<\/p>\n<p>Las partes de grado musical descansan durante un m\u00ednimo de 12 meses antes de calificar como partes de grado musical. \u00a1Esto reduce el riesgo de grietas debido a las tensiones presentes en la madera fresca! El mopani, el marfil rojo, el chacate negro, el monzo, el olivo silvestre y el granadillo africano son nuestras especies m\u00e1s dominantes para esta industria.<\/p>\n<p>(2) \u00a0<strong>La madera de mopani<\/strong> es la verdadera soluci\u00f3n para los fabricantes de instrumentos despu\u00e9s de la inclusi\u00f3n del granadillo africano en las listas CITES 2 de especies en peligro.<\/p>\n<p>Los aficionados de torner\u00eda, cuando tornean piezas de mopani, notan que se producen muy pocos o ningunos defectos, la madera sigue siendo muy estable, la estabilidad es mejor que la del granadillo africano.<\/p>\n<p>La calidad del sonido es c\u00e1lida, rica y redonda con un equilibrio excepcional entre los agudos y los bajos. \u00a1El mopani no s\u00f3lo suena genial, pero tambi\u00e9n se ve impresionante! Las aplicaciones acertadas incluyen los clarinetes, las dulzainas, los oboes, los cornos ingleses, las grandes gaitas escocesas, las gaitas gallegas y asturianas, y otros instrumentos folkl\u00f3ricos.<\/p>\n<p>(3) <strong>Granadillo africano<\/strong> para la industria musical y para los torneros. Los suministros son limitados y siempre est\u00e1n condicionados a la disponibilidad de permisos CITES.<\/p>\n<p>4) <strong>Diez especies de madera dura altamente calificadas que han sido seleccionadas por su calidad en el torno<\/strong> y efectos visuales excepcionales, a saber: el olivo silvestre, el chacate negro, la espina de camelo (Camel Thorn), el chacal-baya (Jackalberry), el monzo, el matumi, el marfil rojo, el sauce llor\u00f3n rojo (Red bushwillow) el Pau ferro (Snake bean) y el cocobolo africano.<\/p>\n<p>5) La proximidad a las fuentes de madera dura, as\u00ed como la disposici\u00f3n industrial de Sud\u00e1frica, esencial para la garant\u00eda de trabajos de calidad, nos permiten <strong>ofrecer piezas y conjuntos cortados a precios competitivos.<\/strong> Podemos proporcionar referencias de clientes satisfechos en m\u00e1s de 50 pa\u00edses, en todo el mundo.<\/p>\n<p>6) <strong>Una log\u00edstica flexible<\/strong> nos permite hacer embarques en contenedores mar\u00edtimos, ello agregado a tarifas competitivas. Los clientes pueden ser atendidos en <strong>cualquier lugar del mundo entre 6 a 8 semanas. <\/strong><\/p>\n<p><strong>7)<\/strong> <strong>Cuchillos exclusivos<\/strong> para cazadores, agricultores y pescadores a un precio competitivo.<\/p>\n<p><strong>8) Fondos y aros de guitarra de calidad superior,<\/strong> de Granadillo, Marfil rojo, Chacate neg\u00f3 y Mopani.<\/p>\n<p><strong>9) Pisos ex\u00f3ticos, macizos<\/strong> para crear una atm\u00f3sfera de clase alta en \u00e1reas de recepci\u00f3n, salas de directorio, restaurantes, comedores y ambientes africanos.[\/vc_column_text][\/vc_column][vc_column width=\u00bb1\/2&#8243;][vc_empty_space height=\u00bb20px\u00bb][vc_gallery interval=\u00bb3&#8243; images=\u00bb652,650,649,647,645&#8243; img_size=\u00bb600&#215;690&#8243; onclick=\u00bb\u00bb][\/vc_column][\/vc_row][vc_row css=\u00bb.vc_custom_1495447967067{padding-top: 30px !important;padding-bottom: 60px !important;}\u00bb][vc_column width=\u00bb1\/2&#8243;][vc_column_text]<\/p>\n<h2><strong>CRITERIO DE CALIDAD <\/strong><\/h2>\n<p>ProSono ha implementado estrictos procesos de calidad, de los cuales nos sentimos orgullosos.<\/p>\n<p>En ProSono la calidad comienza en la operaci\u00f3n forestal y no a la llegada de la materia prima a la f\u00e1brica.<\/p>\n<p>Nuestra presencia en el terreno y una supervisi\u00f3n continua por personal id\u00f3neo, capacitado y motivado es la \u00fanica manera de lograr resultados consistentes bajo las condiciones del terreno en \u00c1frica.<\/p>\n<p>En nuestro aserradero el proceso de producci\u00f3n es analizado, verificado para resultado, y modificado, si es as\u00ed necesario.<\/p>\n<p>Las piezas de madera procesada son escrudi\u00f1adas al almacenarlas, y una vez m\u00e1s, cuando ellas son embaladas.<\/p>\n<p>Las partes rechazadas incluyen aquellas con fisuras, grietas, descomposici\u00f3n, decoloraci\u00f3n, desperfectos ocasionados por ataques de insectos, u otros defectos naturales<\/p>\n<p>La albura si es aceptada, s\u00f3lo lo es en los \u00e1ngulos de las piezas de madera, fuera del c\u00edrculo de torneado.<\/p>\n<p>Se toma especial cuidado en que las partes con cera est\u00e9n libres de burbujas de aire.<\/p>\n<h2><strong>CONSTRUIR UNA RELACI\u00d3N \/ CRITERIO DE PRECIO<\/strong><\/h2>\n<p>La m\u00e1xima de ProSono no es maximizar los precios, sino desarrollar una relacion que pueda maximizar los beneficios para ambos partes, en t\u00e9rminos de calidad, confiabilidad y valor creado.<\/p>\n<p>El precio esta en funci\u00f3n de la cantidad y composici\u00f3n de la orden. <strong>Ciertamente, nosotros incluimos en el precio el factor de recuperaci\u00f3n de madera<\/strong>. Como resultado, somos los m\u00e1s competitivos cuando recibimos una orden de composici\u00f3n bien equilibrada, incluyendo partes peque\u00f1as y grandes, respectivamente dentro de conjuntos completos.[\/vc_column_text][\/vc_column][vc_column width=\u00bb1\/2&#8243;][vc_empty_space height=\u00bb5px\u00bb][vc_gallery interval=\u00bb3&#8243; images=\u00bb656,657,655,654,653,651,5875,646&#8243; img_size=\u00bb600&#215;400&#8243; onclick=\u00bb\u00bb][\/vc_column][\/vc_row]<\/p>\n<\/section>","protected":false},"excerpt":{"rendered":"<p>[vc_row css=\u00bb.vc_custom_1495442908004{padding-top: 40px !important;}\u00bb][vc_column width=\u00bb1\/2&#8243;][vc_column_text] ProSono le ofrece los siguientes beneficios: (1) Partes musicales seleccionadas sin nudos, sin albura, sin marcas de insectos, sin descoloraci\u00f3n, sin<span class=\"excerpt-hellip\"> [\u2026]<\/span><\/p>\n","protected":false},"author":4,"featured_media":0,"parent":1988,"menu_order":0,"comment_status":"closed","ping_status":"closed","template":"","meta":{"_themeisle_gutenberg_block_has_review":false,"footnotes":""},"yoast_head":"<!-- This site is optimized with the Yoast SEO plugin v21.5 - https:\/\/yoast.com\/wordpress\/plugins\/seo\/ -->\n<title>Qu\u00e9 proponemos - Prosono international<\/title>\n<meta name=\"description\" content=\"Nuestras piezas y conjuntos de grado musical, tienen un grano recto, son sin nudo, sin marca de insecto, sin discoloracion, cortadas con precision, cerradas en el fin con cera.\" \/>\n<meta name=\"robots\" content=\"noindex, follow, max-snippet:-1, max-image-preview:large, max-video-preview:-1\" \/>\n<meta property=\"og:locale\" content=\"es_ES\" \/>\n<meta property=\"og:type\" content=\"article\" \/>\n<meta property=\"og:title\" content=\"Qu\u00e9 proponemos - Prosono international\" \/>\n<meta property=\"og:description\" content=\"Nuestras piezas y conjuntos de grado musical, tienen un grano recto, son sin nudo, sin marca de insecto, sin discoloracion, cortadas con precision, cerradas en el fin con cera.\" \/>\n<meta property=\"og:url\" content=\"https:\/\/dev2.prosono-hardwoods.com\/es\/sobre-nosotros\/que-proponemos\/\" \/>\n<meta property=\"og:site_name\" content=\"Prosono international\" \/>\n<meta property=\"article:modified_time\" content=\"2023-06-13T15:08:17+00:00\" \/>\n<meta name=\"twitter:card\" content=\"summary_large_image\" \/>\n<meta name=\"twitter:label1\" content=\"Tiempo de lectura\" \/>\n\t<meta name=\"twitter:data1\" content=\"4 minutos\" \/>\n<script type=\"application\/ld+json\" class=\"yoast-schema-graph\">{\"@context\":\"https:\/\/schema.org\",\"@graph\":[{\"@type\":\"WebPage\",\"@id\":\"https:\/\/dev2.prosono-hardwoods.com\/es\/sobre-nosotros\/que-proponemos\/\",\"url\":\"https:\/\/dev2.prosono-hardwoods.com\/es\/sobre-nosotros\/que-proponemos\/\",\"name\":\"Qu\u00e9 proponemos - Prosono international\",\"isPartOf\":{\"@id\":\"https:\/\/dev2.prosono-hardwoods.com\/#website\"},\"datePublished\":\"2017-02-13T20:10:44+00:00\",\"dateModified\":\"2023-06-13T15:08:17+00:00\",\"description\":\"Nuestras piezas y conjuntos de grado musical, tienen un grano recto, son sin nudo, sin marca de insecto, sin discoloracion, cortadas con precision, cerradas en el fin con cera.\",\"breadcrumb\":{\"@id\":\"https:\/\/dev2.prosono-hardwoods.com\/es\/sobre-nosotros\/que-proponemos\/#breadcrumb\"},\"inLanguage\":\"es\",\"potentialAction\":[{\"@type\":\"ReadAction\",\"target\":[\"https:\/\/dev2.prosono-hardwoods.com\/es\/sobre-nosotros\/que-proponemos\/\"]}]},{\"@type\":\"BreadcrumbList\",\"@id\":\"https:\/\/dev2.prosono-hardwoods.com\/es\/sobre-nosotros\/que-proponemos\/#breadcrumb\",\"itemListElement\":[{\"@type\":\"ListItem\",\"position\":1,\"name\":\"Accueil\",\"item\":\"https:\/\/dev2.prosono-hardwoods.com\/\"},{\"@type\":\"ListItem\",\"position\":2,\"name\":\"SOBRE NOSOTROS\",\"item\":\"https:\/\/dev2.prosono-hardwoods.com\/es\/sobre-nosotros\/\"},{\"@type\":\"ListItem\",\"position\":3,\"name\":\"Qu\u00e9 proponemos\"}]},{\"@type\":\"WebSite\",\"@id\":\"https:\/\/dev2.prosono-hardwoods.com\/#website\",\"url\":\"https:\/\/dev2.prosono-hardwoods.com\/\",\"name\":\"Prosono international\",\"description\":\"\",\"publisher\":{\"@id\":\"https:\/\/dev2.prosono-hardwoods.com\/#organization\"},\"potentialAction\":[{\"@type\":\"SearchAction\",\"target\":{\"@type\":\"EntryPoint\",\"urlTemplate\":\"https:\/\/dev2.prosono-hardwoods.com\/?s={search_term_string}\"},\"query-input\":\"required name=search_term_string\"}],\"inLanguage\":\"es\"},{\"@type\":\"Organization\",\"@id\":\"https:\/\/dev2.prosono-hardwoods.com\/#organization\",\"name\":\"Prosono Hardwoods International\",\"url\":\"https:\/\/dev2.prosono-hardwoods.com\/\",\"logo\":{\"@type\":\"ImageObject\",\"inLanguage\":\"es\",\"@id\":\"https:\/\/dev2.prosono-hardwoods.com\/#\/schema\/logo\/image\/\",\"url\":\"https:\/\/dev2.prosono-hardwoods.com\/wp-content\/uploads\/2020\/08\/prosono-logo@2x.png\",\"contentUrl\":\"https:\/\/dev2.prosono-hardwoods.com\/wp-content\/uploads\/2020\/08\/prosono-logo@2x.png\",\"width\":404,\"height\":90,\"caption\":\"Prosono Hardwoods International\"},\"image\":{\"@id\":\"https:\/\/dev2.prosono-hardwoods.com\/#\/schema\/logo\/image\/\"}}]}<\/script>\n<!-- \/ Yoast SEO plugin. -->","yoast_head_json":{"title":"Qu\u00e9 proponemos - Prosono international","description":"Nuestras piezas y conjuntos de grado musical, tienen un grano recto, son sin nudo, sin marca de insecto, sin discoloracion, cortadas con precision, cerradas en el fin con cera.","robots":{"index":"noindex","follow":"follow","max-snippet":"max-snippet:-1","max-image-preview":"max-image-preview:large","max-video-preview":"max-video-preview:-1"},"og_locale":"es_ES","og_type":"article","og_title":"Qu\u00e9 proponemos - Prosono international","og_description":"Nuestras piezas y conjuntos de grado musical, tienen un grano recto, son sin nudo, sin marca de insecto, sin discoloracion, cortadas con precision, cerradas en el fin con cera.","og_url":"https:\/\/dev2.prosono-hardwoods.com\/es\/sobre-nosotros\/que-proponemos\/","og_site_name":"Prosono international","article_modified_time":"2023-06-13T15:08:17+00:00","twitter_card":"summary_large_image","twitter_misc":{"Tiempo de lectura":"4 minutos"},"schema":{"@context":"https:\/\/schema.org","@graph":[{"@type":"WebPage","@id":"https:\/\/dev2.prosono-hardwoods.com\/es\/sobre-nosotros\/que-proponemos\/","url":"https:\/\/dev2.prosono-hardwoods.com\/es\/sobre-nosotros\/que-proponemos\/","name":"Qu\u00e9 proponemos - Prosono international","isPartOf":{"@id":"https:\/\/dev2.prosono-hardwoods.com\/#website"},"datePublished":"2017-02-13T20:10:44+00:00","dateModified":"2023-06-13T15:08:17+00:00","description":"Nuestras piezas y conjuntos de grado musical, tienen un grano recto, son sin nudo, sin marca de insecto, sin discoloracion, cortadas con precision, cerradas en el fin con cera.","breadcrumb":{"@id":"https:\/\/dev2.prosono-hardwoods.com\/es\/sobre-nosotros\/que-proponemos\/#breadcrumb"},"inLanguage":"es","potentialAction":[{"@type":"ReadAction","target":["https:\/\/dev2.prosono-hardwoods.com\/es\/sobre-nosotros\/que-proponemos\/"]}]},{"@type":"BreadcrumbList","@id":"https:\/\/dev2.prosono-hardwoods.com\/es\/sobre-nosotros\/que-proponemos\/#breadcrumb","itemListElement":[{"@type":"ListItem","position":1,"name":"Accueil","item":"https:\/\/dev2.prosono-hardwoods.com\/"},{"@type":"ListItem","position":2,"name":"SOBRE NOSOTROS","item":"https:\/\/dev2.prosono-hardwoods.com\/es\/sobre-nosotros\/"},{"@type":"ListItem","position":3,"name":"Qu\u00e9 proponemos"}]},{"@type":"WebSite","@id":"https:\/\/dev2.prosono-hardwoods.com\/#website","url":"https:\/\/dev2.prosono-hardwoods.com\/","name":"Prosono international","description":"","publisher":{"@id":"https:\/\/dev2.prosono-hardwoods.com\/#organization"},"potentialAction":[{"@type":"SearchAction","target":{"@type":"EntryPoint","urlTemplate":"https:\/\/dev2.prosono-hardwoods.com\/?s={search_term_string}"},"query-input":"required name=search_term_string"}],"inLanguage":"es"},{"@type":"Organization","@id":"https:\/\/dev2.prosono-hardwoods.com\/#organization","name":"Prosono Hardwoods International","url":"https:\/\/dev2.prosono-hardwoods.com\/","logo":{"@type":"ImageObject","inLanguage":"es","@id":"https:\/\/dev2.prosono-hardwoods.com\/#\/schema\/logo\/image\/","url":"https:\/\/dev2.prosono-hardwoods.com\/wp-content\/uploads\/2020\/08\/prosono-logo@2x.png","contentUrl":"https:\/\/dev2.prosono-hardwoods.com\/wp-content\/uploads\/2020\/08\/prosono-logo@2x.png","width":404,"height":90,"caption":"Prosono Hardwoods International"},"image":{"@id":"https:\/\/dev2.prosono-hardwoods.com\/#\/schema\/logo\/image\/"}}]}},"_links":{"self":[{"href":"https:\/\/dev2.prosono-hardwoods.com\/es\/wp-json\/wp\/v2\/pages\/1781"}],"collection":[{"href":"https:\/\/dev2.prosono-hardwoods.com\/es\/wp-json\/wp\/v2\/pages"}],"about":[{"href":"https:\/\/dev2.prosono-hardwoods.com\/es\/wp-json\/wp\/v2\/types\/page"}],"author":[{"embeddable":true,"href":"https:\/\/dev2.prosono-hardwoods.com\/es\/wp-json\/wp\/v2\/users\/4"}],"replies":[{"embeddable":true,"href":"https:\/\/dev2.prosono-hardwoods.com\/es\/wp-json\/wp\/v2\/comments?post=1781"}],"version-history":[{"count":8,"href":"https:\/\/dev2.prosono-hardwoods.com\/es\/wp-json\/wp\/v2\/pages\/1781\/revisions"}],"predecessor-version":[{"id":19597,"href":"https:\/\/dev2.prosono-hardwoods.com\/es\/wp-json\/wp\/v2\/pages\/1781\/revisions\/19597"}],"up":[{"embeddable":true,"href":"https:\/\/dev2.prosono-hardwoods.com\/es\/wp-json\/wp\/v2\/pages\/1988"}],"wp:attachment":[{"href":"https:\/\/dev2.prosono-hardwoods.com\/es\/wp-json\/wp\/v2\/media?parent=1781"}],"curies":[{"name":"wp","href":"https:\/\/api.w.org\/{rel}","templated":true}]}}