{"id":1848,"date":"2017-02-13T21:16:00","date_gmt":"2017-02-13T20:16:00","guid":{"rendered":"https:\/\/dev2.prosono-hardwoods.com\/hartholzarten\/"},"modified":"2024-01-12T15:55:02","modified_gmt":"2024-01-12T14:55:02","slug":"especies-maderas","status":"publish","type":"page","link":"https:\/\/dev2.prosono-hardwoods.com\/es\/especies-maderas\/","title":{"rendered":"ESPECIES DE MADERAS"},"content":{"rendered":"<section class=\"wpb-content-wrapper\"><p>[vc_row css=\u00bb.vc_custom_1516193787467{padding-bottom: 60px !important;}\u00bb][vc_column width=\u00bb1\/2&#8243;][vc_single_image image=\u00bb4067&#8243; img_size=\u00bb595*395&#8243;][vc_column_text]<\/p>\n<h2>MOPANI<\/h2>\n<p>El mopani es la soluci\u00f3n para los fabricantes de instrumentos de viento, que quieren resolver el problema de las ventas de instrumentos a trav\u00e9s de fronteras y para los instrumentistas preocupados[\/vc_column_text][vc_column_text]<a href=\"https:\/\/dev2.prosono-hardwoods.com\/es\/especies-maderas\/mopani\/\"><strong>Lee mas<\/strong><\/a>[\/vc_column_text][\/vc_column][vc_column width=\u00bb1\/2&#8243;][vc_single_image image=\u00bb3527&#8243; img_size=\u00bb595*395&#8243;][vc_column_text]<\/p>\n<h2>MARFIL ROJO<\/h2>\n<p>Madera exclusiva de Sud\u00e1frica, en el Reino Zul\u00fa s\u00f3lo el Rey podr\u00eda llevar adornos de marfil rojo. En nuestra capacidad de proveedor l\u00edder[\/vc_column_text][vc_column_text]<a href=\"https:\/\/dev2.prosono-hardwoods.com\/es\/especies-maderas\/marfil-rojo-berchimia-zeyheri\/\"><strong>Lee mas<\/strong><\/a><\/p>\n<p>[\/vc_column_text][\/vc_column][\/vc_row][vc_row css=\u00bb.vc_custom_1516193787467{padding-bottom: 60px !important;}\u00bb][vc_column width=\u00bb1\/2&#8243;][vc_single_image image=\u00bb3002&#8243; img_size=\u00bb595*395&#8243;][vc_column_text]<\/p>\n<h2>OLIVO SILVESTRE<\/h2>\n<p>Esta madera dura es t\u00edpica del altiplano sudafricano. Puede llegar al gigantesco tama\u00f1o de 18 metros de altura y 40 metros de ancho de follaje.[\/vc_column_text][vc_column_text]<a href=\"https:\/\/dev2.prosono-hardwoods.com\/es\/especies-maderas\/olivo-silvestre-u-olivo-africano-olea-africana\/\"><strong>Lee mas<\/strong><\/a>[\/vc_column_text][\/vc_column][vc_column width=\u00bb1\/2&#8243;][vc_single_image image=\u00bb4325&#8243; img_size=\u00bb595*395&#8243;][vc_column_text]<\/p>\n<h2>ESPINA DE CAMELLO<\/h2>\n<p>Esta especie reci\u00e9n introducida ha sido bien aceptada por nuestro distribuidor alem\u00e1n, el ingl\u00e9s y el estadounidense. Es popular entre los artesanos fabricantes de cuchillos en Sud\u00e1frica.[\/vc_column_text][vc_column_text]<a href=\"https:\/\/dev2.prosono-hardwoods.com\/es\/especies-maderas\/la-espina-de-camello-acacia-erioloba\/\"><strong>Lee mas<\/strong><\/a>[\/vc_column_text][\/vc_column][\/vc_row][vc_row css=\u00bb.vc_custom_1516193787467{padding-bottom: 60px !important;}\u00bb][vc_column width=\u00bb1\/2&#8243;][vc_single_image image=\u00bb3215&#8243; img_size=\u00bb595*395&#8243;][vc_column_text]<\/p>\n<h2>MONZO<\/h2>\n<p>Esta madera fue introducida inicialmente por nuestro distribuidor americano seguido de nuestro distribuidor brit\u00e1nico y finalmente consigui\u00f3 una aceptaci\u00f3n m\u00e1s amplia.[\/vc_column_text][vc_column_text]<a href=\"https:\/\/dev2.prosono-hardwoods.com\/es\/especies-maderas\/el-monzo-combretum-imberbe\/\"><strong>Lee mas<\/strong><\/a>[\/vc_column_text][\/vc_column][vc_column width=\u00bb1\/2&#8243;][vc_single_image image=\u00bb2822&#8243; img_size=\u00bb595*395&#8243;][vc_column_text]<\/p>\n<h2>CHACATE NEGRO<\/h2>\n<p>Esta madera es una de las nueve maderas preciosas de Mozambique. Tambi\u00e9n se encuentra en las regiones lim\u00edtrofes de Zambia, as\u00ed como en el noroeste de Zimbabue. [\/vc_column_text][vc_column_text]<a href=\"https:\/\/dev2.prosono-hardwoods.com\/es\/especies-maderas\/chacate-negro-guibourtia-conjugata\/\"><strong>Lee mas<\/strong><\/a>[\/vc_column_text][\/vc_column][\/vc_row][vc_row css=\u00bb.vc_custom_1516193787467{padding-bottom: 60px !important;}\u00bb][vc_column width=\u00bb1\/2&#8243;][vc_single_image image=\u00bb2672&#8243; img_size=\u00bb595*395&#8243;][vc_column_text]<\/p>\n<h2>COCOBOLO AFRICANO<\/h2>\n<p>Esta madera es una de las nueve maderas preciosas de Mozambique. Tradicionalmente esta madera se ha utilizado para muebles porque tiene un buen acabado con un aspecto brillante. Tambi\u00e9n exude un olor agradable fuerte y duradero.[\/vc_column_text][vc_column_text]<a href=\"https:\/\/dev2.prosono-hardwoods.com\/es\/el-cocobolo-africano-spirostachys-africana\/\"><strong>Lee mas<\/strong><\/a>[\/vc_column_text][\/vc_column][vc_column width=\u00bb1\/2&#8243;][vc_single_image image=\u00bb4133&#8243; img_size=\u00bb595*395&#8243;][vc_column_text]<\/p>\n<h2>GRANADILLO<\/h2>\n<p>Desde la decisi\u00f3n de CITES de incluir el Dalbergia melanoxylon en su lista de especies en peligro, nuestro suministro de madera legalizada es restringido y por lo tanto significativamente menor que en el pasado.[\/vc_column_text][vc_column_text]<a href=\"https:\/\/dev2.prosono-hardwoods.com\/es\/especies-maderas\/granadillo-africano-dalbergia-melanoxylon\/\"><strong>Lee mas<\/strong><\/a>[\/vc_column_text][\/vc_column][\/vc_row][vc_row css=\u00bb.vc_custom_1516193787467{padding-bottom: 60px !important;}\u00bb][vc_column width=\u00bb1\/2&#8243;][vc_single_image image=\u00bb2714&#8243; img_size=\u00bb595*395&#8243;][vc_column_text]<\/p>\n<h2>SNAKE BEAN<\/h2>\n<p>Hemo introducido esta hermosa madera con nuestros distribuidores ingleses y alemanes. La madera es dura de alta densidad y ofrece un color y un grano \u00fanicos.[\/vc_column_text][vc_column_text]<a href=\"https:\/\/dev2.prosono-hardwoods.com\/es\/especies-maderas\/pau-ferro-swartzia-madagascariensis\/\"><strong>Lee mas<\/strong><\/a>[\/vc_column_text][\/vc_column][vc_column width=\u00bb1\/2&#8243;][vc_single_image image=\u00bb2717&#8243; img_size=\u00bb595*395&#8243;][vc_column_text]<\/p>\n<h2>MATUMI<\/h2>\n<p>Recientemente hemos introducido esta especie de madera en nuestra gama de productos. Es popular en Sud\u00e1frica para los fabricantes de cuchillos y cuencos[\/vc_column_text][vc_column_text]<a href=\"https:\/\/dev2.prosono-hardwoods.com\/es\/especies-maderas\/el-matumi-breonadia-salicina\/\"><strong>Lee mas<\/strong><\/a>[\/vc_column_text][\/vc_column][\/vc_row]<\/p>\n<\/section>","protected":false},"excerpt":{"rendered":"<p>[vc_row css=\u00bb.vc_custom_1516193787467{padding-bottom: 60px !important;}\u00bb][vc_column width=\u00bb1\/2&#8243;][vc_single_image image=\u00bb4067&#8243; img_size=\u00bb595*395&#8243;][vc_column_text] MOPANI El mopani es la soluci\u00f3n para los fabricantes de instrumentos de viento, que quieren resolver el problema de<span class=\"excerpt-hellip\"> [\u2026]<\/span><\/p>\n","protected":false},"author":4,"featured_media":0,"parent":0,"menu_order":0,"comment_status":"closed","ping_status":"closed","template":"","meta":{"_themeisle_gutenberg_block_has_review":false,"footnotes":""},"yoast_head":"<!-- This site is optimized with the Yoast SEO plugin v21.5 - https:\/\/yoast.com\/wordpress\/plugins\/seo\/ -->\n<title>Especies de madera ex\u00f3tica en venta - Prosono international<\/title>\n<meta name=\"description\" content=\"ProSono selecciona, trabaja y exporta especies de maderas tropicales, seg\u00fan criterios de alta calidad. Cumplimos plenamente con los principios de CITES. Para saber m\u00e1s.\" \/>\n<meta name=\"robots\" content=\"noindex, follow, max-snippet:-1, max-image-preview:large, max-video-preview:-1\" \/>\n<meta property=\"og:locale\" content=\"es_ES\" \/>\n<meta property=\"og:type\" content=\"article\" \/>\n<meta property=\"og:title\" content=\"Especies de madera ex\u00f3tica en venta - Prosono international\" \/>\n<meta property=\"og:description\" content=\"ProSono selecciona, trabaja y exporta especies de maderas tropicales, seg\u00fan criterios de alta calidad. Cumplimos plenamente con los principios de CITES. Para saber m\u00e1s.\" \/>\n<meta property=\"og:url\" content=\"https:\/\/dev2.prosono-hardwoods.com\/es\/especies-maderas\/\" \/>\n<meta property=\"og:site_name\" content=\"Prosono international\" \/>\n<meta property=\"article:modified_time\" content=\"2024-01-12T14:55:02+00:00\" \/>\n<meta name=\"twitter:card\" content=\"summary_large_image\" \/>\n<meta name=\"twitter:label1\" content=\"Tiempo de lectura\" \/>\n\t<meta name=\"twitter:data1\" content=\"2 minutos\" \/>\n<script type=\"application\/ld+json\" class=\"yoast-schema-graph\">{\"@context\":\"https:\/\/schema.org\",\"@graph\":[{\"@type\":\"WebPage\",\"@id\":\"https:\/\/dev2.prosono-hardwoods.com\/es\/especies-maderas\/\",\"url\":\"https:\/\/dev2.prosono-hardwoods.com\/es\/especies-maderas\/\",\"name\":\"Especies de madera ex\u00f3tica en venta - Prosono international\",\"isPartOf\":{\"@id\":\"https:\/\/dev2.prosono-hardwoods.com\/#website\"},\"datePublished\":\"2017-02-13T20:16:00+00:00\",\"dateModified\":\"2024-01-12T14:55:02+00:00\",\"description\":\"ProSono selecciona, trabaja y exporta especies de maderas tropicales, seg\u00fan criterios de alta calidad. Cumplimos plenamente con los principios de CITES. Para saber m\u00e1s.\",\"breadcrumb\":{\"@id\":\"https:\/\/dev2.prosono-hardwoods.com\/es\/especies-maderas\/#breadcrumb\"},\"inLanguage\":\"es\",\"potentialAction\":[{\"@type\":\"ReadAction\",\"target\":[\"https:\/\/dev2.prosono-hardwoods.com\/es\/especies-maderas\/\"]}]},{\"@type\":\"BreadcrumbList\",\"@id\":\"https:\/\/dev2.prosono-hardwoods.com\/es\/especies-maderas\/#breadcrumb\",\"itemListElement\":[{\"@type\":\"ListItem\",\"position\":1,\"name\":\"Accueil\",\"item\":\"https:\/\/dev2.prosono-hardwoods.com\/\"},{\"@type\":\"ListItem\",\"position\":2,\"name\":\"ESPECIES DE MADERAS\"}]},{\"@type\":\"WebSite\",\"@id\":\"https:\/\/dev2.prosono-hardwoods.com\/#website\",\"url\":\"https:\/\/dev2.prosono-hardwoods.com\/\",\"name\":\"Prosono international\",\"description\":\"\",\"publisher\":{\"@id\":\"https:\/\/dev2.prosono-hardwoods.com\/#organization\"},\"potentialAction\":[{\"@type\":\"SearchAction\",\"target\":{\"@type\":\"EntryPoint\",\"urlTemplate\":\"https:\/\/dev2.prosono-hardwoods.com\/?s={search_term_string}\"},\"query-input\":\"required name=search_term_string\"}],\"inLanguage\":\"es\"},{\"@type\":\"Organization\",\"@id\":\"https:\/\/dev2.prosono-hardwoods.com\/#organization\",\"name\":\"Prosono Hardwoods International\",\"url\":\"https:\/\/dev2.prosono-hardwoods.com\/\",\"logo\":{\"@type\":\"ImageObject\",\"inLanguage\":\"es\",\"@id\":\"https:\/\/dev2.prosono-hardwoods.com\/#\/schema\/logo\/image\/\",\"url\":\"https:\/\/dev2.prosono-hardwoods.com\/wp-content\/uploads\/2020\/08\/prosono-logo@2x.png\",\"contentUrl\":\"https:\/\/dev2.prosono-hardwoods.com\/wp-content\/uploads\/2020\/08\/prosono-logo@2x.png\",\"width\":404,\"height\":90,\"caption\":\"Prosono Hardwoods International\"},\"image\":{\"@id\":\"https:\/\/dev2.prosono-hardwoods.com\/#\/schema\/logo\/image\/\"}}]}<\/script>\n<!-- \/ Yoast SEO plugin. -->","yoast_head_json":{"title":"Especies de madera ex\u00f3tica en venta - Prosono international","description":"ProSono selecciona, trabaja y exporta especies de maderas tropicales, seg\u00fan criterios de alta calidad. Cumplimos plenamente con los principios de CITES. Para saber m\u00e1s.","robots":{"index":"noindex","follow":"follow","max-snippet":"max-snippet:-1","max-image-preview":"max-image-preview:large","max-video-preview":"max-video-preview:-1"},"og_locale":"es_ES","og_type":"article","og_title":"Especies de madera ex\u00f3tica en venta - Prosono international","og_description":"ProSono selecciona, trabaja y exporta especies de maderas tropicales, seg\u00fan criterios de alta calidad. Cumplimos plenamente con los principios de CITES. Para saber m\u00e1s.","og_url":"https:\/\/dev2.prosono-hardwoods.com\/es\/especies-maderas\/","og_site_name":"Prosono international","article_modified_time":"2024-01-12T14:55:02+00:00","twitter_card":"summary_large_image","twitter_misc":{"Tiempo de lectura":"2 minutos"},"schema":{"@context":"https:\/\/schema.org","@graph":[{"@type":"WebPage","@id":"https:\/\/dev2.prosono-hardwoods.com\/es\/especies-maderas\/","url":"https:\/\/dev2.prosono-hardwoods.com\/es\/especies-maderas\/","name":"Especies de madera ex\u00f3tica en venta - Prosono international","isPartOf":{"@id":"https:\/\/dev2.prosono-hardwoods.com\/#website"},"datePublished":"2017-02-13T20:16:00+00:00","dateModified":"2024-01-12T14:55:02+00:00","description":"ProSono selecciona, trabaja y exporta especies de maderas tropicales, seg\u00fan criterios de alta calidad. Cumplimos plenamente con los principios de CITES. Para saber m\u00e1s.","breadcrumb":{"@id":"https:\/\/dev2.prosono-hardwoods.com\/es\/especies-maderas\/#breadcrumb"},"inLanguage":"es","potentialAction":[{"@type":"ReadAction","target":["https:\/\/dev2.prosono-hardwoods.com\/es\/especies-maderas\/"]}]},{"@type":"BreadcrumbList","@id":"https:\/\/dev2.prosono-hardwoods.com\/es\/especies-maderas\/#breadcrumb","itemListElement":[{"@type":"ListItem","position":1,"name":"Accueil","item":"https:\/\/dev2.prosono-hardwoods.com\/"},{"@type":"ListItem","position":2,"name":"ESPECIES DE MADERAS"}]},{"@type":"WebSite","@id":"https:\/\/dev2.prosono-hardwoods.com\/#website","url":"https:\/\/dev2.prosono-hardwoods.com\/","name":"Prosono international","description":"","publisher":{"@id":"https:\/\/dev2.prosono-hardwoods.com\/#organization"},"potentialAction":[{"@type":"SearchAction","target":{"@type":"EntryPoint","urlTemplate":"https:\/\/dev2.prosono-hardwoods.com\/?s={search_term_string}"},"query-input":"required name=search_term_string"}],"inLanguage":"es"},{"@type":"Organization","@id":"https:\/\/dev2.prosono-hardwoods.com\/#organization","name":"Prosono Hardwoods International","url":"https:\/\/dev2.prosono-hardwoods.com\/","logo":{"@type":"ImageObject","inLanguage":"es","@id":"https:\/\/dev2.prosono-hardwoods.com\/#\/schema\/logo\/image\/","url":"https:\/\/dev2.prosono-hardwoods.com\/wp-content\/uploads\/2020\/08\/prosono-logo@2x.png","contentUrl":"https:\/\/dev2.prosono-hardwoods.com\/wp-content\/uploads\/2020\/08\/prosono-logo@2x.png","width":404,"height":90,"caption":"Prosono Hardwoods International"},"image":{"@id":"https:\/\/dev2.prosono-hardwoods.com\/#\/schema\/logo\/image\/"}}]}},"_links":{"self":[{"href":"https:\/\/dev2.prosono-hardwoods.com\/es\/wp-json\/wp\/v2\/pages\/1848"}],"collection":[{"href":"https:\/\/dev2.prosono-hardwoods.com\/es\/wp-json\/wp\/v2\/pages"}],"about":[{"href":"https:\/\/dev2.prosono-hardwoods.com\/es\/wp-json\/wp\/v2\/types\/page"}],"author":[{"embeddable":true,"href":"https:\/\/dev2.prosono-hardwoods.com\/es\/wp-json\/wp\/v2\/users\/4"}],"replies":[{"embeddable":true,"href":"https:\/\/dev2.prosono-hardwoods.com\/es\/wp-json\/wp\/v2\/comments?post=1848"}],"version-history":[{"count":8,"href":"https:\/\/dev2.prosono-hardwoods.com\/es\/wp-json\/wp\/v2\/pages\/1848\/revisions"}],"predecessor-version":[{"id":4331,"href":"https:\/\/dev2.prosono-hardwoods.com\/es\/wp-json\/wp\/v2\/pages\/1848\/revisions\/4331"}],"wp:attachment":[{"href":"https:\/\/dev2.prosono-hardwoods.com\/es\/wp-json\/wp\/v2\/media?parent=1848"}],"curies":[{"name":"wp","href":"https:\/\/api.w.org\/{rel}","templated":true}]}}