{"id":1166,"date":"2017-08-20T17:09:39","date_gmt":"2017-08-20T15:09:39","guid":{"rendered":"https:\/\/dev2.prosono-hardwoods.com\/a-propos\/nos-prestations\/"},"modified":"2024-01-26T09:38:50","modified_gmt":"2024-01-26T08:38:50","slug":"nos-prestations","status":"publish","type":"page","link":"https:\/\/dev2.prosono-hardwoods.com\/fr\/a-propos\/nos-prestations\/","title":{"rendered":"Nos prestations"},"content":{"rendered":"<section class=\"wpb-content-wrapper\"><p>[vc_row][vc_column][vc_single_image image=\u00a0\u00bb7510&Prime; img_size=\u00a0\u00bbfull\u00a0\u00bb alignment=\u00a0\u00bbright\u00a0\u00bb style=\u00a0\u00bbvc_box_shadow_3d\u00a0\u00bb][\/vc_column][\/vc_row][vc_row gap=\u00a0\u00bb20&Prime; css=\u00a0\u00bb.vc_custom_1626773006245{margin-top: 0px !important;margin-right: 0px !important;margin-left: 0px !important;border-top-width: 0px !important;border-left-width: 4px !important;padding-top: 0px !important;padding-right: 0px !important;padding-left: 10px !important;border-left-color: #ae3307 !important;border-left-style: dotted !important;border-top-color: #ae3307 !important;border-top-style: dotted !important;}\u00a0\u00bb][vc_column width=\u00a0\u00bb2\/3&Prime; css=\u00a0\u00bb.vc_custom_1599654008285{margin-top: 0px !important;margin-bottom: 0px !important;padding-top: 0px !important;padding-bottom: 0px !important;}\u00a0\u00bb][vc_column_text css=\u00a0\u00bb.vc_custom_1631785831278{margin-bottom: 0px !important;border-bottom-width: 0px !important;padding-right: 10px !important;padding-bottom: 0px !important;}\u00a0\u00bb]Chez ProSono, nous avons une approche pratique, assumant la responsabilit\u00e9 de\u00a0:<\/p>\n<ul>\n<li>r\u00e9colte durable et protection des esp\u00e8ces menac\u00e9es<\/li>\n<li>une transformation qui profite aux collectivit\u00e9s locales<\/li>\n<li>la qualit\u00e9 des bois et des d\u00e9coupes que nous fournissons<\/li>\n<li>des prix comp\u00e9titifs.<\/li>\n<\/ul>\n<h2>Conservation et durabilit\u00e9<\/h2>\n<p>ProSono s&rsquo;engage \u00e0 prot\u00e9ger les ressources en bois de l&rsquo;Afrique australe. Nous respectons pleinement les principes de CITES sur la protection des essences menac\u00e9es.<\/p>\n<p>Nous connaissons l&rsquo;origine de tous les bois que nous transformons et avons mis en place le contr\u00f4le de notre chaine d\u00b4approvisionnement. Nos fournisseurs sont tenus de nous fournir concessions et permis de coupe \u00e0 jour pour toutes les essences exploit\u00e9es. Nous assurons une supervision pratique sur le terrain et des formations pour les dirigeants de nos fournisseurs. Nous encourageons et soutenons \u00e9galement les programmes de replantation.<\/p>\n<p>Toutes nos essences n\u00e9cessitent des concessions et des permis de r\u00e9colte annuels. La grenadille d\u00b4Afrique est le seul bois que nous travaillons qui soit sur les listes de CITES. <strong>Depuis plus d\u00b4une d\u00e9cennie, nous avons recherch\u00e9, d\u00e9couvert, et test\u00e9 avec succ\u00e8s deux essences qui remplacent ce bois tout en gardant qualit\u00e9 du son et de l\u00b4esth\u00e9tique.<\/strong><\/p>\n<p>La diversit\u00e9 qui en r\u00e9sulte soulage un seul type de bois de la pression et montre que les sons musicaux n&rsquo;ont pas besoin d&rsquo;\u00eatre uniformes \u2013 <strong>nous consid\u00e9rons cela comme un mandat, ProSono veut aider \u00e0 promouvoir la diversit\u00e9 tonale et botanique\u00a0!<\/strong><\/p>\n<p>D\u00e9couvrez les deux essences qui ont \u00e9t\u00e9 test\u00e9es et introduites avec succ\u00e8s sur une large gamme d\u00b4instruments \u00e0 vent. Ces deux essences revendiquent des qualit\u00e9s sonores et esth\u00e9tiques \u00e9quivalentes et m\u00eame sup\u00e9rieure sur des points bien pr\u00e9cis de tonalit\u00e9 et d\u00b4usinage\u00a0:<\/p>\n<p><strong>Mopani\u00a0:<\/strong> un bois de densit\u00e9 \u00e9quivalente, unique par sa capacit\u00e9 aux notes aigues de la musique moderne et au jazz.<\/p>\n<p><strong>Le bois \u00e9l\u00e9gant <span lang=\"FR-CH\">(bois de plomb)<\/span> :<\/strong> un bois qui offre des tonalit\u00e9s bien sp\u00e9cifiques qui diff\u00e8rent aussi bien de la grenadille que du mopani. Apr\u00e8s polissage, huilage et cirage, un fini brillant parfait indistingable de la grenadille d\u00b4Afrique.<\/p>\n<p><strong>Plusieurs clients de longue date, fabricants de clarinettes, hautbois, fl\u00fbtes et cornemuses ont command\u00e9s r\u00e9guli\u00e8rement un nombre grandissant de jeux qu\u00b4ils stockent pr\u00e9cieusement.<\/strong> <strong>Ils sont conscients de la disparition de l\u00b4\u00e9b\u00e8ne de Mozambique et de l&rsquo;importance de la diversit\u00e9 de leurs stocks pour la p\u00e9rennit\u00e9 de leurs entreprises. <\/strong><\/p>\n<h2>B\u00e9n\u00e9fice pour les communaut\u00e9s locales<\/h2>\n<p>ProSono n&rsquo;exporte pas de grumes ou de bois non transform\u00e9. Nous ajoutons de la valeur aux bois africains que nous fournissons gr\u00e2ce \u00e0 un traitement expert.<\/p>\n<p>Cela nous aide \u00e0 soutenir les communaut\u00e9s locales par la cr\u00e9ation d&#8217;emplois, la formation et le d\u00e9veloppement socio-\u00e9conomique.<\/p>\n<h2>Qualit\u00e9<\/h2>\n<p>Nous sommes fiers de notre <span lang=\"FR-CH\">\u00a0processus de qualit\u00e9.\u00a0<\/span><span lang=\"FR-CH\">C\u2019est<\/span>\u00a0ce qui nous a valu tant d&rsquo;avis positifs de clients du monde entier.<\/p>\n<p>Notre contr\u00f4le qualit\u00e9 commence d\u00e8s les op\u00e9rations foresti\u00e8res, plut\u00f4t qu&rsquo;\u00e0 l&rsquo;entr\u00e9e de notre usine. Sur le terrain, la pr\u00e9sence sur place et la supervision continue par un personnel comp\u00e9tent, form\u00e9 et motiv\u00e9 sont les seuls moyens d&rsquo;obtenir des r\u00e9sultats coh\u00e9rents.<\/p>\n<p>Nous avons cr\u00e9\u00e9 des modules de formations pour les dirigeants de nos partenaires, fournisseurs locaux.<\/p>\n<p>En usine, notre processus de fabrication est analys\u00e9, v\u00e9rifi\u00e9 pour les r\u00e9sultats et modifi\u00e9 si n\u00e9cessaire. Nos d\u00e9coupes de bois dur, de haute densit\u00e9 et faible porosit\u00e9, sont soigneusement tri\u00e9es, v\u00e9rifi\u00e9es pour la qualit\u00e9 lors du stockage, s\u00e9ch\u00e9es de mani\u00e8re experte, puis v\u00e9rifi\u00e9es \u00e0 nouveau au moment de l&#8217;emballage.<\/p>\n<p>Notre processus de s\u00e9lection et d&rsquo;approbation des pi\u00e8ces de qualit\u00e9 musicale est particuli\u00e8rement rigoureux.<\/p>\n<p>Ces pi\u00e8ces sont m\u00e9ticuleusement s\u00e9lectionn\u00e9es, repos\u00e9es 12 mois minimum, et rev\u00e9rifi\u00e9es sur 8 crit\u00e8res* avant exp\u00e9dition.<\/p>\n<p>(*Fil droit, pas de petit n\u0153ud, pas d&rsquo;aubier, pas de piq\u00fbre d&rsquo;insecte, pas de d\u00e9coloration, pas de fente ni de fissure, dimensions correctes, cire de qualit\u00e9 sans bulles.)<\/p>\n<h2>Prix<\/h2>\n<p>Notre proximit\u00e9 aux ressources en bois pr\u00e9cieux, notre implantation industrielle en Afrique du Sud, nous permettent de proposer des pi\u00e8ces et des jeux en bois de lutherie \u00e0 des prix comp\u00e9titifs.<\/p>\n<p>Plut\u00f4t que de maximiser nos prix, nous visons \u00e0 d\u00e9velopper des relations mutuellement b\u00e9n\u00e9fiques en termes de qualit\u00e9, de fiabilit\u00e9 et de valeur cr\u00e9\u00e9e.<\/p>\n<p>Nos tarifs d\u00e9pendent de la taille et de la composition de chaque commande.<\/p>\n<p>Nous prenons en compte le pourcentage de r\u00e9cup\u00e9ration obtenu \u00e0 partir de chaque commande. En cons\u00e9quence, les prix de nos d\u00e9coupes sont les plus comp\u00e9titifs pour les commandes comprenant des pi\u00e8ces de petites, moyennes et grandes dimensions, constituant respectivement des jeux complets pour instruments \u00e0 vent.[\/vc_column_text][\/vc_column][vc_column width=\u00a0\u00bb1\/3&Prime; css=\u00a0\u00bb.vc_custom_1626772854471{margin-top: 0px !important;margin-right: 0px !important;border-right-width: 0px !important;padding-top: 0px !important;padding-right: 0px !important;padding-bottom: -30px !important;padding-left: 20px !important;}\u00a0\u00bb offset=\u00a0\u00bbvc_hidden-xs\u00a0\u00bb][vc_single_image image=\u00a0\u00bb6769&Prime; img_size=\u00a0\u00bbfull\u00a0\u00bb style=\u00a0\u00bbvc_box_shadow_3d\u00a0\u00bb][vc_single_image image=\u00a0\u00bb6773&Prime; img_size=\u00a0\u00bbfull\u00a0\u00bb style=\u00a0\u00bbvc_box_shadow_3d\u00a0\u00bb css=\u00a0\u00bb.vc_custom_1626769254906{margin-top: -30px !important;}\u00a0\u00bb][vc_single_image image=\u00a0\u00bb6777&Prime; img_size=\u00a0\u00bbfull\u00a0\u00bb style=\u00a0\u00bbvc_box_shadow_3d\u00a0\u00bb css=\u00a0\u00bb.vc_custom_1626769265775{margin-top: -30px !important;padding-top: 0px !important;}\u00a0\u00bb][vc_single_image image=\u00a0\u00bb7035&Prime; img_size=\u00a0\u00bbfull\u00a0\u00bb style=\u00a0\u00bbvc_box_shadow_3d\u00a0\u00bb css=\u00a0\u00bb.vc_custom_1631695890322{margin-top: -30px !important;padding-top: 0px !important;}\u00a0\u00bb][\/vc_column][\/vc_row][vc_row][vc_column css=\u00a0\u00bb.vc_custom_1615897223399{padding-top: 50px !important;}\u00a0\u00bb][vc_text_separator title=\u00a0\u00bbENVOYEZ-NOUS UN MESSAGE\u00a0\u00bb color=\u00a0\u00bbcustom\u00a0\u00bb border_width=\u00a0\u00bb4&Prime; el_width=\u00a0\u00bb60&Prime; css=\u00a0\u00bb.vc_custom_1631785845676{margin-top: 10px !important;}\u00a0\u00bb accent_color=\u00a0\u00bb#b53a2c\u00a0\u00bb][\/vc_column][\/vc_row][vc_row][vc_column]\n<div class=\"wpcf7 no-js\" id=\"wpcf7-f1193-o1\" lang=\"en-US\" dir=\"ltr\">\n<div class=\"screen-reader-response\"><p role=\"status\" aria-live=\"polite\" aria-atomic=\"true\"><\/p> <ul><\/ul><\/div>\n<form action=\"\/fr\/wp-json\/wp\/v2\/pages\/1166#wpcf7-f1193-o1\" method=\"post\" class=\"wpcf7-form init\" aria-label=\"Contact form\" novalidate=\"novalidate\" data-status=\"init\">\n<div style=\"display: none;\">\n<input type=\"hidden\" name=\"_wpcf7\" value=\"1193\" \/>\n<input type=\"hidden\" name=\"_wpcf7_version\" value=\"5.8.3\" \/>\n<input type=\"hidden\" name=\"_wpcf7_locale\" value=\"en_US\" \/>\n<input type=\"hidden\" name=\"_wpcf7_unit_tag\" value=\"wpcf7-f1193-o1\" \/>\n<input type=\"hidden\" name=\"_wpcf7_container_post\" value=\"0\" \/>\n<input type=\"hidden\" name=\"_wpcf7_posted_data_hash\" value=\"\" \/>\n<\/div>\n<div class=\"column one-second\">\n\t<p><span class=\"wpcf7-form-control-wrap\" data-name=\"your-name\"><input size=\"40\" class=\"wpcf7-form-control wpcf7-text wpcf7-validates-as-required\" aria-required=\"true\" aria-invalid=\"false\" placeholder=\"Votre nom\" value=\"\" type=\"text\" name=\"your-name\" \/><\/span>\n\t<\/p>\n<\/div>\n<div class=\"column one-second\">\n\t<p><span class=\"wpcf7-form-control-wrap\" data-name=\"your-email\"><input size=\"40\" class=\"wpcf7-form-control wpcf7-email wpcf7-validates-as-required wpcf7-text wpcf7-validates-as-email\" aria-required=\"true\" aria-invalid=\"false\" placeholder=\"Votre adresse \u00e9lectronique\" value=\"\" type=\"email\" name=\"your-email\" \/><\/span>\n\t<\/p>\n<\/div>\n<div class=\"column one\">\n\t<p><span class=\"wpcf7-form-control-wrap\" data-name=\"your-subject\"><input size=\"40\" class=\"wpcf7-form-control wpcf7-text\" aria-invalid=\"false\" placeholder=\"Sujet\" value=\"\" type=\"text\" name=\"your-subject\" \/><\/span>\n\t<\/p>\n<\/div>\n<div class=\"column one\">\n\t<p><span class=\"wpcf7-form-control-wrap\" data-name=\"your-message\"><textarea cols=\"40\" rows=\"6\" class=\"wpcf7-form-control wpcf7-textarea\" aria-invalid=\"false\" placeholder=\"Votre Message\" name=\"your-message\"><\/textarea><\/span>\n\t<\/p>\n<\/div>\n<div class=\"column one\">\n\t<p><input class=\"wpcf7-form-control wpcf7-submit has-spinner\" type=\"submit\" value=\"ENVOYER\" \/>\n\t<\/p>\n<\/div><p style=\"display: none !important;\"><label>&#916;<textarea name=\"_wpcf7_ak_hp_textarea\" cols=\"45\" rows=\"8\" maxlength=\"100\"><\/textarea><\/label><input type=\"hidden\" id=\"ak_js_1\" name=\"_wpcf7_ak_js\" value=\"185\"\/><script>document.getElementById( \"ak_js_1\" ).setAttribute( \"value\", ( new Date() ).getTime() );<\/script><\/p><div class=\"wpcf7-response-output\" aria-hidden=\"true\"><\/div>\n<\/form>\n<\/div>\n[\/vc_column][\/vc_row]<\/p>\n<\/section>","protected":false},"excerpt":{"rendered":"<p>[vc_row][vc_column][vc_single_image image=\u00a0\u00bb7510&Prime; img_size=\u00a0\u00bbfull\u00a0\u00bb alignment=\u00a0\u00bbright\u00a0\u00bb style=\u00a0\u00bbvc_box_shadow_3d\u00a0\u00bb][\/vc_column][\/vc_row][vc_row gap=\u00a0\u00bb20&Prime; css=\u00a0\u00bb.vc_custom_1626773006245{margin-top: 0px !important;margin-right: 0px !important;margin-left: 0px !important;border-top-width: 0px !important;border-left-width: 4px !important;padding-top: 0px !important;padding-right: 0px !important;padding-left: 10px !important;border-left-color: #ae3307 !important;border-left-style: dotted<span class=\"excerpt-hellip\"> [\u2026]<\/span><\/p>\n","protected":false},"author":4,"featured_media":0,"parent":1165,"menu_order":0,"comment_status":"closed","ping_status":"closed","template":"","meta":{"_themeisle_gutenberg_block_has_review":false,"footnotes":""},"yoast_head":"<!-- This site is optimized with the Yoast SEO plugin v21.5 - https:\/\/yoast.com\/wordpress\/plugins\/seo\/ -->\n<title>Nos prestations - Prosono international<\/title>\n<meta name=\"description\" content=\"Evaluez nos prestations : qualit\u00e9, prix, respect de l\u2019environnement et d\u00e9veloppement des communaut\u00e9s locales\" \/>\n<meta name=\"robots\" content=\"noindex, follow, max-snippet:-1, max-image-preview:large, max-video-preview:-1\" \/>\n<meta property=\"og:locale\" content=\"fr_FR\" \/>\n<meta property=\"og:type\" content=\"article\" \/>\n<meta property=\"og:title\" content=\"Nos prestations - Prosono international\" \/>\n<meta property=\"og:description\" content=\"Evaluez nos prestations : qualit\u00e9, prix, respect de l\u2019environnement et d\u00e9veloppement des communaut\u00e9s locales\" \/>\n<meta property=\"og:url\" content=\"https:\/\/dev2.prosono-hardwoods.com\/about-us\/what-we-stand-for\/\" \/>\n<meta property=\"og:site_name\" content=\"Prosono international\" \/>\n<meta property=\"article:modified_time\" content=\"2024-01-26T08:38:50+00:00\" \/>\n<meta property=\"og:image\" content=\"https:\/\/dev2.prosono-hardwoods.com\/wp-content\/uploads\/2021\/07\/stand-for-feature.jpg\" \/>\n<meta name=\"twitter:card\" content=\"summary_large_image\" \/>\n<meta name=\"twitter:label1\" content=\"Dur\u00e9e de lecture estim\u00e9e\" \/>\n\t<meta name=\"twitter:data1\" content=\"5 minutes\" \/>\n<script type=\"application\/ld+json\" class=\"yoast-schema-graph\">{\"@context\":\"https:\/\/schema.org\",\"@graph\":[{\"@type\":\"WebPage\",\"@id\":\"https:\/\/dev2.prosono-hardwoods.com\/about-us\/what-we-stand-for\/\",\"url\":\"https:\/\/dev2.prosono-hardwoods.com\/about-us\/what-we-stand-for\/\",\"name\":\"Nos prestations - Prosono international\",\"isPartOf\":{\"@id\":\"https:\/\/dev2.prosono-hardwoods.com\/#website\"},\"datePublished\":\"2017-08-20T15:09:39+00:00\",\"dateModified\":\"2024-01-26T08:38:50+00:00\",\"description\":\"Evaluez nos prestations : qualit\u00e9, prix, respect de l\u2019environnement et d\u00e9veloppement des communaut\u00e9s locales\",\"breadcrumb\":{\"@id\":\"https:\/\/dev2.prosono-hardwoods.com\/about-us\/what-we-stand-for\/#breadcrumb\"},\"inLanguage\":\"fr-FR\",\"potentialAction\":[{\"@type\":\"ReadAction\",\"target\":[\"https:\/\/dev2.prosono-hardwoods.com\/about-us\/what-we-stand-for\/\"]}]},{\"@type\":\"BreadcrumbList\",\"@id\":\"https:\/\/dev2.prosono-hardwoods.com\/about-us\/what-we-stand-for\/#breadcrumb\",\"itemListElement\":[{\"@type\":\"ListItem\",\"position\":1,\"name\":\"Accueil\",\"item\":\"https:\/\/dev2.prosono-hardwoods.com\/\"},{\"@type\":\"ListItem\",\"position\":2,\"name\":\"A PROPOS\",\"item\":\"https:\/\/dev2.prosono-hardwoods.com\/fr\/a-propos\/\"},{\"@type\":\"ListItem\",\"position\":3,\"name\":\"Nos prestations\"}]},{\"@type\":\"WebSite\",\"@id\":\"https:\/\/dev2.prosono-hardwoods.com\/#website\",\"url\":\"https:\/\/dev2.prosono-hardwoods.com\/\",\"name\":\"Prosono international\",\"description\":\"\",\"publisher\":{\"@id\":\"https:\/\/dev2.prosono-hardwoods.com\/#organization\"},\"potentialAction\":[{\"@type\":\"SearchAction\",\"target\":{\"@type\":\"EntryPoint\",\"urlTemplate\":\"https:\/\/dev2.prosono-hardwoods.com\/?s={search_term_string}\"},\"query-input\":\"required name=search_term_string\"}],\"inLanguage\":\"fr-FR\"},{\"@type\":\"Organization\",\"@id\":\"https:\/\/dev2.prosono-hardwoods.com\/#organization\",\"name\":\"Prosono Hardwoods International\",\"url\":\"https:\/\/dev2.prosono-hardwoods.com\/\",\"logo\":{\"@type\":\"ImageObject\",\"inLanguage\":\"fr-FR\",\"@id\":\"https:\/\/dev2.prosono-hardwoods.com\/#\/schema\/logo\/image\/\",\"url\":\"https:\/\/dev2.prosono-hardwoods.com\/wp-content\/uploads\/2020\/08\/prosono-logo@2x.png\",\"contentUrl\":\"https:\/\/dev2.prosono-hardwoods.com\/wp-content\/uploads\/2020\/08\/prosono-logo@2x.png\",\"width\":404,\"height\":90,\"caption\":\"Prosono Hardwoods International\"},\"image\":{\"@id\":\"https:\/\/dev2.prosono-hardwoods.com\/#\/schema\/logo\/image\/\"}}]}<\/script>\n<!-- \/ Yoast SEO plugin. -->","yoast_head_json":{"title":"Nos prestations - Prosono international","description":"Evaluez nos prestations : qualit\u00e9, prix, respect de l\u2019environnement et d\u00e9veloppement des communaut\u00e9s locales","robots":{"index":"noindex","follow":"follow","max-snippet":"max-snippet:-1","max-image-preview":"max-image-preview:large","max-video-preview":"max-video-preview:-1"},"og_locale":"fr_FR","og_type":"article","og_title":"Nos prestations - Prosono international","og_description":"Evaluez nos prestations : qualit\u00e9, prix, respect de l\u2019environnement et d\u00e9veloppement des communaut\u00e9s locales","og_url":"https:\/\/dev2.prosono-hardwoods.com\/about-us\/what-we-stand-for\/","og_site_name":"Prosono international","article_modified_time":"2024-01-26T08:38:50+00:00","og_image":[{"url":"https:\/\/dev2.prosono-hardwoods.com\/wp-content\/uploads\/2021\/07\/stand-for-feature.jpg"}],"twitter_card":"summary_large_image","twitter_misc":{"Dur\u00e9e de lecture estim\u00e9e":"5 minutes"},"schema":{"@context":"https:\/\/schema.org","@graph":[{"@type":"WebPage","@id":"https:\/\/dev2.prosono-hardwoods.com\/about-us\/what-we-stand-for\/","url":"https:\/\/dev2.prosono-hardwoods.com\/about-us\/what-we-stand-for\/","name":"Nos prestations - Prosono international","isPartOf":{"@id":"https:\/\/dev2.prosono-hardwoods.com\/#website"},"datePublished":"2017-08-20T15:09:39+00:00","dateModified":"2024-01-26T08:38:50+00:00","description":"Evaluez nos prestations : qualit\u00e9, prix, respect de l\u2019environnement et d\u00e9veloppement des communaut\u00e9s locales","breadcrumb":{"@id":"https:\/\/dev2.prosono-hardwoods.com\/about-us\/what-we-stand-for\/#breadcrumb"},"inLanguage":"fr-FR","potentialAction":[{"@type":"ReadAction","target":["https:\/\/dev2.prosono-hardwoods.com\/about-us\/what-we-stand-for\/"]}]},{"@type":"BreadcrumbList","@id":"https:\/\/dev2.prosono-hardwoods.com\/about-us\/what-we-stand-for\/#breadcrumb","itemListElement":[{"@type":"ListItem","position":1,"name":"Accueil","item":"https:\/\/dev2.prosono-hardwoods.com\/"},{"@type":"ListItem","position":2,"name":"A PROPOS","item":"https:\/\/dev2.prosono-hardwoods.com\/fr\/a-propos\/"},{"@type":"ListItem","position":3,"name":"Nos prestations"}]},{"@type":"WebSite","@id":"https:\/\/dev2.prosono-hardwoods.com\/#website","url":"https:\/\/dev2.prosono-hardwoods.com\/","name":"Prosono international","description":"","publisher":{"@id":"https:\/\/dev2.prosono-hardwoods.com\/#organization"},"potentialAction":[{"@type":"SearchAction","target":{"@type":"EntryPoint","urlTemplate":"https:\/\/dev2.prosono-hardwoods.com\/?s={search_term_string}"},"query-input":"required name=search_term_string"}],"inLanguage":"fr-FR"},{"@type":"Organization","@id":"https:\/\/dev2.prosono-hardwoods.com\/#organization","name":"Prosono Hardwoods International","url":"https:\/\/dev2.prosono-hardwoods.com\/","logo":{"@type":"ImageObject","inLanguage":"fr-FR","@id":"https:\/\/dev2.prosono-hardwoods.com\/#\/schema\/logo\/image\/","url":"https:\/\/dev2.prosono-hardwoods.com\/wp-content\/uploads\/2020\/08\/prosono-logo@2x.png","contentUrl":"https:\/\/dev2.prosono-hardwoods.com\/wp-content\/uploads\/2020\/08\/prosono-logo@2x.png","width":404,"height":90,"caption":"Prosono Hardwoods International"},"image":{"@id":"https:\/\/dev2.prosono-hardwoods.com\/#\/schema\/logo\/image\/"}}]}},"_links":{"self":[{"href":"https:\/\/dev2.prosono-hardwoods.com\/fr\/wp-json\/wp\/v2\/pages\/1166"}],"collection":[{"href":"https:\/\/dev2.prosono-hardwoods.com\/fr\/wp-json\/wp\/v2\/pages"}],"about":[{"href":"https:\/\/dev2.prosono-hardwoods.com\/fr\/wp-json\/wp\/v2\/types\/page"}],"author":[{"embeddable":true,"href":"https:\/\/dev2.prosono-hardwoods.com\/fr\/wp-json\/wp\/v2\/users\/4"}],"replies":[{"embeddable":true,"href":"https:\/\/dev2.prosono-hardwoods.com\/fr\/wp-json\/wp\/v2\/comments?post=1166"}],"version-history":[{"count":12,"href":"https:\/\/dev2.prosono-hardwoods.com\/fr\/wp-json\/wp\/v2\/pages\/1166\/revisions"}],"predecessor-version":[{"id":23934,"href":"https:\/\/dev2.prosono-hardwoods.com\/fr\/wp-json\/wp\/v2\/pages\/1166\/revisions\/23934"}],"up":[{"embeddable":true,"href":"https:\/\/dev2.prosono-hardwoods.com\/fr\/wp-json\/wp\/v2\/pages\/1165"}],"wp:attachment":[{"href":"https:\/\/dev2.prosono-hardwoods.com\/fr\/wp-json\/wp\/v2\/media?parent=1166"}],"curies":[{"name":"wp","href":"https:\/\/api.w.org\/{rel}","templated":true}]}}