{"id":1171,"date":"2017-08-20T17:20:36","date_gmt":"2017-08-20T15:20:36","guid":{"rendered":"https:\/\/dev2.prosono-hardwoods.com\/a-propos\/credo\/"},"modified":"2024-01-26T09:38:51","modified_gmt":"2024-01-26T08:38:51","slug":"qui-nous-sommes","status":"publish","type":"page","link":"https:\/\/dev2.prosono-hardwoods.com\/fr\/a-propos\/qui-nous-sommes\/","title":{"rendered":"Qui nous sommes"},"content":{"rendered":"<section class=\"wpb-content-wrapper\"><p>[vc_row][vc_column][vc_single_image image=\u00a0\u00bb7463&Prime; img_size=\u00a0\u00bbfull\u00a0\u00bb alignment=\u00a0\u00bbright\u00a0\u00bb style=\u00a0\u00bbvc_box_shadow_3d\u00a0\u00bb][\/vc_column][\/vc_row][vc_row css=\u00a0\u00bb.vc_custom_1626774335945{margin-top: 0px !important;margin-right: 0px !important;margin-left: 0px !important;border-top-width: 0px !important;border-left-width: 4px !important;padding-top: 0px !important;padding-right: 0px !important;padding-left: 30px !important;border-left-color: #ae3307 !important;border-left-style: dotted !important;border-top-color: #ae3307 !important;border-top-style: dotted !important;}\u00a0\u00bb][vc_column width=\u00a0\u00bb1\/2&Prime; css=\u00a0\u00bb.vc_custom_1599654008285{margin-top: 0px !important;margin-bottom: 0px !important;padding-top: 0px !important;padding-bottom: 0px !important;}\u00a0\u00bb][vc_column_text css=\u00a0\u00bb.vc_custom_1631873403406{margin-bottom: 0px !important;border-bottom-width: 0px !important;padding-right: 10px !important;padding-bottom: 0px !important;}\u00a0\u00bb]Fond\u00e9e en 1999, ProSono transforme des bois pr\u00e9cieux indig\u00e8nes d&rsquo;Afrique australe pour les vendre localement et pour l&rsquo;exportation.<\/p>\n<p>ProSono adh\u00e8re pleinement aux principes de CITES et se consacre \u00e0 la conservation de la nature et \u00e0 l&rsquo;exploitation p\u00e9renne. Pour plus de d\u00e9tails \u00e0 ce sujet et sur nos autres principes cl\u00e9s, veuillez consulter <a href=\"https:\/\/dev2.prosono-hardwoods.com\/fr\/a-propos\/nos-prestations\/\"><u>nos prestations.<\/u><\/a><\/p>\n<p>\u00c0 l&rsquo;heure actuelle, nous employons une \u00e9quipe de technologues du bois, d&rsquo;\u00e9conomistes et de machinistes du bois en Afrique du Sud.<\/p>\n<p>Nos activit\u00e9s et nos approvisionnements s&rsquo;\u00e9tendent au Zimbabwe, \u00e0 la Zambie, au Mozambique et \u00e0 l\u00b4Afrique du Sud. Nous \u00e9tudions \u00e9galement les opportunit\u00e9s de r\u00e9colte durable dans d&rsquo;autres pays d&rsquo;Afrique australe et centrale.<\/p>\n<p>Notre scierie principale est situ\u00e9e \u00e0 Summit\u00a0Road (R 562), Gauteng, Afrique du Sud.[\/vc_column_text][\/vc_column][vc_column width=\u00a0\u00bb1\/2&Prime; css=\u00a0\u00bb.vc_custom_1626769571978{margin-top: 0px !important;margin-right: 0px !important;margin-bottom: -40px !important;border-right-width: 0px !important;padding-top: 0px !important;padding-right: 0px !important;padding-bottom: -30px !important;padding-left: 20px !important;}\u00a0\u00bb offset=\u00a0\u00bbvc_hidden-xs\u00a0\u00bb][vc_single_image image=\u00a0\u00bb6801&Prime; img_size=\u00a0\u00bbfull\u00a0\u00bb style=\u00a0\u00bbvc_box_shadow_3d\u00a0\u00bb][\/vc_column][\/vc_row][vc_row][vc_column][vc_empty_space][vc_row_inner css=\u00a0\u00bb.vc_custom_1626878274136{margin-top: -10px !important;}\u00a0\u00bb][vc_column_inner width=\u00a0\u00bb1\/2&Prime; css=\u00a0\u00bb.vc_custom_1626879043020{margin-bottom: -30px !important;}\u00a0\u00bb][vc_text_separator title=\u00a0\u00bbPARTENARIATS AVEC NOS CLIENTS\u00a0\u00bb color=\u00a0\u00bbcustom\u00a0\u00bb border_width=\u00a0\u00bb4&Prime; css=\u00a0\u00bb.vc_custom_1631785085558{margin-top: 10px !important;}\u00a0\u00bb accent_color=\u00a0\u00bb#b53a2c\u00a0\u00bb][vc_column_text]Depuis plus de dix ans, nous coop\u00e9rons \u00e9troitement avec des distributeurs nationaux aux \u00c9tats-Unis, au Royaume-Uni, en Allemagne, au Japon et en Espagne. Plus r\u00e9cemment, nous avons ajout\u00e9 deux distributeurs nationaux, en Su\u00e8de et en Suisse.<\/p>\n<p>Cette coop\u00e9ration a conduit \u00e0 l&rsquo;extension de notre gamme de produits, l&rsquo;optimisation de notre capacit\u00e9 de stockage pour r\u00e9pondre \u00e0 la demande dans les plus brefs d\u00e9lais, et affiner nos tarifs.[\/vc_column_text][\/vc_column_inner][vc_column_inner width=\u00a0\u00bb1\/2&Prime; css=\u00a0\u00bb.vc_custom_1626776227902{margin-right: 40px !important;}\u00a0\u00bb][vc_text_separator title=\u00a0\u00bbPARTENARIATS AVEC NOS FOURNISSEURS\u00a0\u00bb color=\u00a0\u00bbcustom\u00a0\u00bb border_width=\u00a0\u00bb4&Prime; css=\u00a0\u00bb.vc_custom_1631785293568{margin-top: 10px !important;}\u00a0\u00bb accent_color=\u00a0\u00bb#b53a2c\u00a0\u00bb][vc_column_text]Depuis toujours nous avons d\u00e9velopp\u00e9s des collaborations \u00e9troites avec des forestiers et scieries ext\u00e9rieures \u00e0 l\u00b4Afrique du Sud.<\/p>\n<p>Nous avons d\u00e9velopp\u00e9 des formations modul\u00e9es selon le besoin et le niveau de nos partenaires locaux.[\/vc_column_text][\/vc_column_inner][\/vc_row_inner][vc_row_inner][vc_column_inner width=\u00a0\u00bb1\/4&Prime;][vc_single_image image=\u00a0\u00bb6810&Prime; img_size=\u00a0\u00bbmedium\u00a0\u00bb][\/vc_column_inner][vc_column_inner width=\u00a0\u00bb1\/4&Prime;][vc_single_image image=\u00a0\u00bb6814&Prime; img_size=\u00a0\u00bbmedium\u00a0\u00bb][\/vc_column_inner][vc_column_inner width=\u00a0\u00bb1\/4&Prime;][vc_single_image image=\u00a0\u00bb6818&Prime; img_size=\u00a0\u00bbmedium\u00a0\u00bb][\/vc_column_inner][vc_column_inner width=\u00a0\u00bb1\/4&Prime;][vc_single_image image=\u00a0\u00bb6822&Prime; img_size=\u00a0\u00bbmedium\u00a0\u00bb][\/vc_column_inner][\/vc_row_inner][\/vc_column][\/vc_row][vc_row][vc_column][vc_text_separator title=\u00a0\u00bbPROPRI\u00c9TAIRES DE PROSONO\u00a0\u00bb color=\u00a0\u00bbcustom\u00a0\u00bb border_width=\u00a0\u00bb4&Prime; css=\u00a0\u00bb.vc_custom_1631785344742{margin-top: 10px !important;}\u00a0\u00bb accent_color=\u00a0\u00bb#b53a2c\u00a0\u00bb][vc_column_text css=\u00a0\u00bb.vc_custom_1631785355774{margin-top: -20px !important;}\u00a0\u00bb]<\/p>\n<h4 style=\"text-align: center;\">Les propri\u00e9taires sont la force motrice de l&rsquo;entreprise :<\/h4>\n<p>[\/vc_column_text][vc_row_inner gap=\u00a0\u00bb10&Prime;][vc_column_inner width=\u00a0\u00bb1\/2&Prime;][vc_column_text css=\u00a0\u00bb.vc_custom_1631785582599{margin-bottom: 30px !important;padding-top: 30px !important;padding-right: 30px !important;padding-bottom: 30px !important;padding-left: 30px !important;background-color: #f6f5f1 !important;border-radius: 10px !important;}\u00a0\u00bb]<strong>Philippe Monbaron : Lic. HEC et MBA \u2013 IMD.<\/strong><\/p>\n<p>Le fondateur de l&rsquo;entreprise, Philippe Monbaron, est originaire de Suisse romande.<\/p>\n<p>Apr\u00e8s deux d\u00e9cennies d&rsquo;exp\u00e9rience avec des soci\u00e9t\u00e9s multinationales en Europe et en Afrique (dans les secteurs pharmaceutique, agrochimique et bancaire), Philippe a fond\u00e9 ProSono \u2013 et n&rsquo;a jamais regrett\u00e9 !<\/p>\n<p>Philippe a 40 ans d&rsquo;exp\u00e9rience dans le commerce international, la finance, le marketing et les ventes.<\/p>\n<p>Il parle couramment quatre langues.[\/vc_column_text][\/vc_column_inner][vc_column_inner width=\u00a0\u00bb1\/2&Prime;][vc_column_text css=\u00a0\u00bb.vc_custom_1631873510257{padding-top: 30px !important;padding-right: 30px !important;padding-bottom: 30px !important;padding-left: 30px !important;background-color: #f6f5f1 !important;border-radius: 10px !important;}\u00a0\u00bb]<strong>Etienne Du Plooy : Technologue du bois \u2013 SAASVELD \u2013 Facult\u00e9 de foresterie.<\/strong><\/p>\n<p>Etienne Du Plooy a rejoint ProSono il y a 20 ans. Etienne maitrise les divers aspects de l&rsquo;industrie du bois, y compris la foresterie, la gestion de scierie, et la gestion de petites et grandes \u00e9quipes dans un contexte multiracial.<\/p>\n<p>Il est particuli\u00e8rement dou\u00e9 pour la s\u00e9lection, la transformation et la vente de bois \u00e0 la communaut\u00e9 sud-africaine. Il g\u00e8re depuis toujours l\u00b4activit\u00e9 Caracal sp\u00e9cialis\u00e9e manches de couteaux, activit\u00e9 en forte expansion.<\/p>\n<p>Etienne travaille en \u00e9troite collaboration avec CITES et le minist\u00e8re sud-africain de l&rsquo;agriculture, des for\u00eats et des p\u00eaches (DAFF) pour l\u00b4obtention d\u00b4exploitation et la\u00a0conservation de la nature.[\/vc_column_text][\/vc_column_inner][\/vc_row_inner][vc_row_inner gap=\u00a0\u00bb10&Prime;][vc_column_inner width=\u00a0\u00bb1\/3&Prime;][vc_single_image image=\u00a0\u00bb6838&Prime; img_size=\u00a0\u00bbfull\u00a0\u00bb alignment=\u00a0\u00bbright\u00a0\u00bb][\/vc_column_inner][vc_column_inner width=\u00a0\u00bb1\/3&Prime;][vc_single_image image=\u00a0\u00bb6830&Prime; img_size=\u00a0\u00bbfull\u00a0\u00bb alignment=\u00a0\u00bbright\u00a0\u00bb][\/vc_column_inner][vc_column_inner width=\u00a0\u00bb1\/3&Prime;][vc_single_image image=\u00a0\u00bb6834&Prime; img_size=\u00a0\u00bbfull\u00a0\u00bb alignment=\u00a0\u00bbright\u00a0\u00bb][\/vc_column_inner][\/vc_row_inner][\/vc_column][\/vc_row][vc_row][vc_column width=\u00a0\u00bb2\/2&Prime;][vc_text_separator title=\u00a0\u00bbNOTRE SELECTION D&rsquo;ESSENCES DE BOIS NOBLES\u00a0\u00bb color=\u00a0\u00bbcustom\u00a0\u00bb border_width=\u00a0\u00bb4&Prime; css=\u00a0\u00bb.vc_custom_1631873531791{margin-top: 10px !important;}\u00a0\u00bb accent_color=\u00a0\u00bb#b53a2c\u00a0\u00bb][vc_row_inner css=\u00a0\u00bb.vc_custom_1626878406939{margin-top: -10px !important;}\u00a0\u00bb][vc_column_inner width=\u00a0\u00bb1\/2&Prime;][vc_column_text css=\u00a0\u00bb.vc_custom_1632123714288{margin-right: 30px !important;margin-left: 30px !important;}\u00a0\u00bb]ProSono concentre son activit\u00e9 sur des essences nobles qui permettent :<\/p>\n<ul>\n<li>la meilleure valeur ajout\u00e9e.<\/li>\n<li>Un impact r\u00e9duit sur la nature.<\/li>\n<\/ul>\n<p>Nous appr\u00e9cions les commentaires de nos\u00a0clients sur leurs\u00a0applications et exp\u00e9riences avec les essences que nous proposons.<\/p>\n<p>Cela contribue \u00e0 nos enqu\u00eates en cours pour am\u00e9liorer notre gamme d\u2019essences.[\/vc_column_text][\/vc_column_inner][vc_column_inner width=\u00a0\u00bb1\/2&Prime;][vc_single_image image=\u00a0\u00bb6843&Prime; img_size=\u00a0\u00bb1024&#215;550&Prime; alignment=\u00a0\u00bbcenter\u00a0\u00bb][\/vc_column_inner][\/vc_row_inner][\/vc_column][\/vc_row][vc_row][vc_column css=\u00a0\u00bb.vc_custom_1615897223399{padding-top: 50px !important;}\u00a0\u00bb][vc_text_separator title=\u00a0\u00bbENVOYEZ-NOUS UN MESSAGE\u00a0\u00bb color=\u00a0\u00bbcustom\u00a0\u00bb border_width=\u00a0\u00bb4&Prime; el_width=\u00a0\u00bb60&Prime; css=\u00a0\u00bb.vc_custom_1631785418638{margin-top: 10px !important;}\u00a0\u00bb accent_color=\u00a0\u00bb#b53a2c\u00a0\u00bb][\/vc_column][\/vc_row][vc_row][vc_column]\n<div class=\"wpcf7 no-js\" id=\"wpcf7-f1193-o1\" lang=\"en-US\" dir=\"ltr\">\n<div class=\"screen-reader-response\"><p role=\"status\" aria-live=\"polite\" aria-atomic=\"true\"><\/p> <ul><\/ul><\/div>\n<form action=\"\/fr\/wp-json\/wp\/v2\/pages\/1171#wpcf7-f1193-o1\" method=\"post\" class=\"wpcf7-form init\" aria-label=\"Contact form\" novalidate=\"novalidate\" data-status=\"init\">\n<div style=\"display: none;\">\n<input type=\"hidden\" name=\"_wpcf7\" value=\"1193\" \/>\n<input type=\"hidden\" name=\"_wpcf7_version\" value=\"5.8.3\" \/>\n<input type=\"hidden\" name=\"_wpcf7_locale\" value=\"en_US\" \/>\n<input type=\"hidden\" name=\"_wpcf7_unit_tag\" value=\"wpcf7-f1193-o1\" \/>\n<input type=\"hidden\" name=\"_wpcf7_container_post\" value=\"0\" \/>\n<input type=\"hidden\" name=\"_wpcf7_posted_data_hash\" value=\"\" \/>\n<\/div>\n<div class=\"column one-second\">\n\t<p><span class=\"wpcf7-form-control-wrap\" data-name=\"your-name\"><input size=\"40\" class=\"wpcf7-form-control wpcf7-text wpcf7-validates-as-required\" aria-required=\"true\" aria-invalid=\"false\" placeholder=\"Votre nom\" value=\"\" type=\"text\" name=\"your-name\" \/><\/span>\n\t<\/p>\n<\/div>\n<div class=\"column one-second\">\n\t<p><span class=\"wpcf7-form-control-wrap\" data-name=\"your-email\"><input size=\"40\" class=\"wpcf7-form-control wpcf7-email wpcf7-validates-as-required wpcf7-text wpcf7-validates-as-email\" aria-required=\"true\" aria-invalid=\"false\" placeholder=\"Votre adresse \u00e9lectronique\" value=\"\" type=\"email\" name=\"your-email\" \/><\/span>\n\t<\/p>\n<\/div>\n<div class=\"column one\">\n\t<p><span class=\"wpcf7-form-control-wrap\" data-name=\"your-subject\"><input size=\"40\" class=\"wpcf7-form-control wpcf7-text\" aria-invalid=\"false\" placeholder=\"Sujet\" value=\"\" type=\"text\" name=\"your-subject\" \/><\/span>\n\t<\/p>\n<\/div>\n<div class=\"column one\">\n\t<p><span class=\"wpcf7-form-control-wrap\" data-name=\"your-message\"><textarea cols=\"40\" rows=\"6\" class=\"wpcf7-form-control wpcf7-textarea\" aria-invalid=\"false\" placeholder=\"Votre Message\" name=\"your-message\"><\/textarea><\/span>\n\t<\/p>\n<\/div>\n<div class=\"column one\">\n\t<p><input class=\"wpcf7-form-control wpcf7-submit has-spinner\" type=\"submit\" value=\"ENVOYER\" \/>\n\t<\/p>\n<\/div><p style=\"display: none !important;\"><label>&#916;<textarea name=\"_wpcf7_ak_hp_textarea\" cols=\"45\" rows=\"8\" maxlength=\"100\"><\/textarea><\/label><input type=\"hidden\" id=\"ak_js_1\" name=\"_wpcf7_ak_js\" value=\"239\"\/><script>document.getElementById( \"ak_js_1\" ).setAttribute( \"value\", ( new Date() ).getTime() );<\/script><\/p><div class=\"wpcf7-response-output\" aria-hidden=\"true\"><\/div>\n<\/form>\n<\/div>\n[\/vc_column][\/vc_row]<\/p>\n<\/section>","protected":false},"excerpt":{"rendered":"<p>[vc_row][vc_column][vc_single_image image=\u00a0\u00bb7463&Prime; img_size=\u00a0\u00bbfull\u00a0\u00bb alignment=\u00a0\u00bbright\u00a0\u00bb style=\u00a0\u00bbvc_box_shadow_3d\u00a0\u00bb][\/vc_column][\/vc_row][vc_row css=\u00a0\u00bb.vc_custom_1626774335945{margin-top: 0px !important;margin-right: 0px !important;margin-left: 0px !important;border-top-width: 0px !important;border-left-width: 4px !important;padding-top: 0px !important;padding-right: 0px !important;padding-left: 30px !important;border-left-color: #ae3307 !important;border-left-style: dotted !important;border-top-color:<span class=\"excerpt-hellip\"> [\u2026]<\/span><\/p>\n","protected":false},"author":4,"featured_media":0,"parent":1165,"menu_order":0,"comment_status":"closed","ping_status":"closed","template":"","meta":{"_themeisle_gutenberg_block_has_review":false,"footnotes":""},"yoast_head":"<!-- This site is optimized with the Yoast SEO plugin v21.5 - https:\/\/yoast.com\/wordpress\/plugins\/seo\/ -->\n<title>Qui nous sommes - Prosono international<\/title>\n<meta name=\"description\" content=\"Les propri\u00e9taires et moteurs de notre Soci\u00e9t\u00e9 sont inchang\u00e9s depuis plus de vingt ans, nos distributeurs nationaux et fournisseurs eux aussi sont tous de longues dur\u00e9e.\" \/>\n<meta name=\"robots\" content=\"noindex, follow, max-snippet:-1, max-image-preview:large, max-video-preview:-1\" \/>\n<meta property=\"og:locale\" content=\"fr_FR\" \/>\n<meta property=\"og:type\" content=\"article\" \/>\n<meta property=\"og:title\" content=\"Qui nous sommes - Prosono international\" \/>\n<meta property=\"og:description\" content=\"Les propri\u00e9taires et moteurs de notre Soci\u00e9t\u00e9 sont inchang\u00e9s depuis plus de vingt ans, nos distributeurs nationaux et fournisseurs eux aussi sont tous de longues dur\u00e9e.\" \/>\n<meta property=\"og:url\" content=\"https:\/\/dev2.prosono-hardwoods.com\/about-us\/who-we-are\/\" \/>\n<meta property=\"og:site_name\" content=\"Prosono international\" \/>\n<meta property=\"article:modified_time\" content=\"2024-01-26T08:38:51+00:00\" \/>\n<meta name=\"twitter:card\" content=\"summary_large_image\" \/>\n<meta name=\"twitter:label1\" content=\"Dur\u00e9e de lecture estim\u00e9e\" \/>\n\t<meta name=\"twitter:data1\" content=\"6 minutes\" \/>\n<script type=\"application\/ld+json\" class=\"yoast-schema-graph\">{\"@context\":\"https:\/\/schema.org\",\"@graph\":[{\"@type\":\"WebPage\",\"@id\":\"https:\/\/dev2.prosono-hardwoods.com\/about-us\/who-we-are\/\",\"url\":\"https:\/\/dev2.prosono-hardwoods.com\/about-us\/who-we-are\/\",\"name\":\"Qui nous sommes - Prosono international\",\"isPartOf\":{\"@id\":\"https:\/\/dev2.prosono-hardwoods.com\/#website\"},\"datePublished\":\"2017-08-20T15:20:36+00:00\",\"dateModified\":\"2024-01-26T08:38:51+00:00\",\"description\":\"Les propri\u00e9taires et moteurs de notre Soci\u00e9t\u00e9 sont inchang\u00e9s depuis plus de vingt ans, nos distributeurs nationaux et fournisseurs eux aussi sont tous de longues dur\u00e9e.\",\"breadcrumb\":{\"@id\":\"https:\/\/dev2.prosono-hardwoods.com\/about-us\/who-we-are\/#breadcrumb\"},\"inLanguage\":\"fr-FR\",\"potentialAction\":[{\"@type\":\"ReadAction\",\"target\":[\"https:\/\/dev2.prosono-hardwoods.com\/about-us\/who-we-are\/\"]}]},{\"@type\":\"BreadcrumbList\",\"@id\":\"https:\/\/dev2.prosono-hardwoods.com\/about-us\/who-we-are\/#breadcrumb\",\"itemListElement\":[{\"@type\":\"ListItem\",\"position\":1,\"name\":\"Accueil\",\"item\":\"https:\/\/dev2.prosono-hardwoods.com\/\"},{\"@type\":\"ListItem\",\"position\":2,\"name\":\"A PROPOS\",\"item\":\"https:\/\/dev2.prosono-hardwoods.com\/fr\/a-propos\/\"},{\"@type\":\"ListItem\",\"position\":3,\"name\":\"Qui nous sommes\"}]},{\"@type\":\"WebSite\",\"@id\":\"https:\/\/dev2.prosono-hardwoods.com\/#website\",\"url\":\"https:\/\/dev2.prosono-hardwoods.com\/\",\"name\":\"Prosono international\",\"description\":\"\",\"publisher\":{\"@id\":\"https:\/\/dev2.prosono-hardwoods.com\/#organization\"},\"potentialAction\":[{\"@type\":\"SearchAction\",\"target\":{\"@type\":\"EntryPoint\",\"urlTemplate\":\"https:\/\/dev2.prosono-hardwoods.com\/?s={search_term_string}\"},\"query-input\":\"required name=search_term_string\"}],\"inLanguage\":\"fr-FR\"},{\"@type\":\"Organization\",\"@id\":\"https:\/\/dev2.prosono-hardwoods.com\/#organization\",\"name\":\"Prosono Hardwoods International\",\"url\":\"https:\/\/dev2.prosono-hardwoods.com\/\",\"logo\":{\"@type\":\"ImageObject\",\"inLanguage\":\"fr-FR\",\"@id\":\"https:\/\/dev2.prosono-hardwoods.com\/#\/schema\/logo\/image\/\",\"url\":\"https:\/\/dev2.prosono-hardwoods.com\/wp-content\/uploads\/2020\/08\/prosono-logo@2x.png\",\"contentUrl\":\"https:\/\/dev2.prosono-hardwoods.com\/wp-content\/uploads\/2020\/08\/prosono-logo@2x.png\",\"width\":404,\"height\":90,\"caption\":\"Prosono Hardwoods International\"},\"image\":{\"@id\":\"https:\/\/dev2.prosono-hardwoods.com\/#\/schema\/logo\/image\/\"}}]}<\/script>\n<!-- \/ Yoast SEO plugin. -->","yoast_head_json":{"title":"Qui nous sommes - Prosono international","description":"Les propri\u00e9taires et moteurs de notre Soci\u00e9t\u00e9 sont inchang\u00e9s depuis plus de vingt ans, nos distributeurs nationaux et fournisseurs eux aussi sont tous de longues dur\u00e9e.","robots":{"index":"noindex","follow":"follow","max-snippet":"max-snippet:-1","max-image-preview":"max-image-preview:large","max-video-preview":"max-video-preview:-1"},"og_locale":"fr_FR","og_type":"article","og_title":"Qui nous sommes - Prosono international","og_description":"Les propri\u00e9taires et moteurs de notre Soci\u00e9t\u00e9 sont inchang\u00e9s depuis plus de vingt ans, nos distributeurs nationaux et fournisseurs eux aussi sont tous de longues dur\u00e9e.","og_url":"https:\/\/dev2.prosono-hardwoods.com\/about-us\/who-we-are\/","og_site_name":"Prosono international","article_modified_time":"2024-01-26T08:38:51+00:00","twitter_card":"summary_large_image","twitter_misc":{"Dur\u00e9e de lecture estim\u00e9e":"6 minutes"},"schema":{"@context":"https:\/\/schema.org","@graph":[{"@type":"WebPage","@id":"https:\/\/dev2.prosono-hardwoods.com\/about-us\/who-we-are\/","url":"https:\/\/dev2.prosono-hardwoods.com\/about-us\/who-we-are\/","name":"Qui nous sommes - Prosono international","isPartOf":{"@id":"https:\/\/dev2.prosono-hardwoods.com\/#website"},"datePublished":"2017-08-20T15:20:36+00:00","dateModified":"2024-01-26T08:38:51+00:00","description":"Les propri\u00e9taires et moteurs de notre Soci\u00e9t\u00e9 sont inchang\u00e9s depuis plus de vingt ans, nos distributeurs nationaux et fournisseurs eux aussi sont tous de longues dur\u00e9e.","breadcrumb":{"@id":"https:\/\/dev2.prosono-hardwoods.com\/about-us\/who-we-are\/#breadcrumb"},"inLanguage":"fr-FR","potentialAction":[{"@type":"ReadAction","target":["https:\/\/dev2.prosono-hardwoods.com\/about-us\/who-we-are\/"]}]},{"@type":"BreadcrumbList","@id":"https:\/\/dev2.prosono-hardwoods.com\/about-us\/who-we-are\/#breadcrumb","itemListElement":[{"@type":"ListItem","position":1,"name":"Accueil","item":"https:\/\/dev2.prosono-hardwoods.com\/"},{"@type":"ListItem","position":2,"name":"A PROPOS","item":"https:\/\/dev2.prosono-hardwoods.com\/fr\/a-propos\/"},{"@type":"ListItem","position":3,"name":"Qui nous sommes"}]},{"@type":"WebSite","@id":"https:\/\/dev2.prosono-hardwoods.com\/#website","url":"https:\/\/dev2.prosono-hardwoods.com\/","name":"Prosono international","description":"","publisher":{"@id":"https:\/\/dev2.prosono-hardwoods.com\/#organization"},"potentialAction":[{"@type":"SearchAction","target":{"@type":"EntryPoint","urlTemplate":"https:\/\/dev2.prosono-hardwoods.com\/?s={search_term_string}"},"query-input":"required name=search_term_string"}],"inLanguage":"fr-FR"},{"@type":"Organization","@id":"https:\/\/dev2.prosono-hardwoods.com\/#organization","name":"Prosono Hardwoods International","url":"https:\/\/dev2.prosono-hardwoods.com\/","logo":{"@type":"ImageObject","inLanguage":"fr-FR","@id":"https:\/\/dev2.prosono-hardwoods.com\/#\/schema\/logo\/image\/","url":"https:\/\/dev2.prosono-hardwoods.com\/wp-content\/uploads\/2020\/08\/prosono-logo@2x.png","contentUrl":"https:\/\/dev2.prosono-hardwoods.com\/wp-content\/uploads\/2020\/08\/prosono-logo@2x.png","width":404,"height":90,"caption":"Prosono Hardwoods International"},"image":{"@id":"https:\/\/dev2.prosono-hardwoods.com\/#\/schema\/logo\/image\/"}}]}},"_links":{"self":[{"href":"https:\/\/dev2.prosono-hardwoods.com\/fr\/wp-json\/wp\/v2\/pages\/1171"}],"collection":[{"href":"https:\/\/dev2.prosono-hardwoods.com\/fr\/wp-json\/wp\/v2\/pages"}],"about":[{"href":"https:\/\/dev2.prosono-hardwoods.com\/fr\/wp-json\/wp\/v2\/types\/page"}],"author":[{"embeddable":true,"href":"https:\/\/dev2.prosono-hardwoods.com\/fr\/wp-json\/wp\/v2\/users\/4"}],"replies":[{"embeddable":true,"href":"https:\/\/dev2.prosono-hardwoods.com\/fr\/wp-json\/wp\/v2\/comments?post=1171"}],"version-history":[{"count":22,"href":"https:\/\/dev2.prosono-hardwoods.com\/fr\/wp-json\/wp\/v2\/pages\/1171\/revisions"}],"predecessor-version":[{"id":23935,"href":"https:\/\/dev2.prosono-hardwoods.com\/fr\/wp-json\/wp\/v2\/pages\/1171\/revisions\/23935"}],"up":[{"embeddable":true,"href":"https:\/\/dev2.prosono-hardwoods.com\/fr\/wp-json\/wp\/v2\/pages\/1165"}],"wp:attachment":[{"href":"https:\/\/dev2.prosono-hardwoods.com\/fr\/wp-json\/wp\/v2\/media?parent=1171"}],"curies":[{"name":"wp","href":"https:\/\/api.w.org\/{rel}","templated":true}]}}