{"id":1185,"date":"2017-08-20T17:57:42","date_gmt":"2017-08-20T15:57:42","guid":{"rendered":"https:\/\/dev2.prosono-hardwoods.com\/certificats-dorigine-cites-fsc\/"},"modified":"2024-01-16T15:25:11","modified_gmt":"2024-01-16T14:25:11","slug":"certificats-dorigine-cites","status":"publish","type":"page","link":"https:\/\/dev2.prosono-hardwoods.com\/fr\/certificats-dorigine-cites\/","title":{"rendered":"Certificats d&rsquo;origine : CITES"},"content":{"rendered":"<section class=\"wpb-content-wrapper\"><p>[vc_row][vc_column width=\u00a0\u00bb1\/2&Prime;][vc_column_text]<strong>ProSono adh\u00e8re sans restriction aux principes de <\/strong><a href=\"http:\/\/www.cities.org\"><strong>www.cities.org<\/strong><\/a><strong> en ce qui concerne la protection des essences en danger. Nous veillons \u00e0 obtenir toujours la valeur ajout\u00e9e la meilleure possible, raison aussi pour laquelle nous n\u2019exportons aucun bois pr\u00e9cieux non travaill\u00e9. <\/strong><\/p>\n<p><strong>Dalbergia melanoxylon\u00a0:<\/strong><\/p>\n<p>Parmi les essences que nous travaillons, l\u2019\u00e9b\u00e8ne du Mozambique est la seule class\u00e9e CITES 2, essence prot\u00e9g\u00e9e dont l\u2019exploitation et le commerce sont soumis \u00e0 des autorisations et permis d\u00e8s 2017. Malgr\u00e9 que cette d\u00e9cision fut prise <strong>d\u2019une mani\u00e8re arbitraire frappant pas moins de 60 essences qui croissent dans des \u00e9cosyst\u00e8mes et continents diff\u00e9rents diff\u00e9rent<\/strong>, soumis \u00e0 des pressions \u00e9cologiques\u00b0 fort diff\u00e9rentes, la d\u00e9cision a \u00e9t\u00e9 prise et nous nous y conformons.<\/p>\n<p>D\u00e8s son origine notre Soci\u00e9t\u00e9 a exig\u00e9 et a obtenu de nos fournisseurs, les permis de coupes et obtenus les certificats d\u2019origine ainsi que les certificats phytosanitaires des essences travaill\u00e9es et en particulier de l\u2019\u00e9b\u00e8ne du Mozambique.<\/p>\n<p>Nous connaissons parfaitement nos essences de la coupe au transport \u00e0 notre scierie.<\/p>\n<p>En ce qui concerne l\u2019\u00e9b\u00e8ne du Mozambique import\u00e9 de ce pays, notre derni\u00e8re importation date de 2012, plus de cinq ans avant l\u2019interdiction d\u2019exportation de grumes de ce pays.<\/p>\n<p>Nos stocks encore substantiels ont \u00e9t\u00e9 l\u00e9galis\u00e9s par DAFF (D\u00e9partement sudafricain, de l\u2019agriculture, des eaux et for\u00eats)<\/p>\n<p>[\/vc_column_text][\/vc_column][vc_column width=\u00a0\u00bb1\/2&Prime;][vc_column_text]Depuis lors deux sources parfaitement l\u00e9gales ont \u00e9t\u00e9 identifi\u00e9es dans les pays au Nord de l\u2019Afrique du Sud. Nos fournisseurs obtiennent les concessions et permis de coupes de leur autorit\u00e9s Nationale et Provinciales et le Certificat de CITES.<\/p>\n<p>Nous encourageons nos fournisseurs de d\u00e9velopper des nurseries afin de remplacer les plantes exploit\u00e9es. Pratiquement il faut souligner que la nurserie est la partie facile de l\u2019entreprise. Les difficult\u00e9s sont nettement sup\u00e9rieures dans le terrain pour permettre aux plantes immatures de survivre et se d\u00e9velopper dans un \u00e9cosyst\u00e8me naturel agress\u00e9 par la faune et la flore.<\/p>\n<p>Comme nous l\u2019indiquons ci-dessus nos exigeons de nos fournisseurs de respecter tout d\u2019abord les r\u00e8glements de leur D\u00e9partement de l\u2019Agriculture et de l\u2019officier responsable de superviser l\u2019application des r\u00e8glements localement. Avec chaque livraison \u00e0 notre scierie nous exigeons une mise \u00e0 jour des permis et autorisations requises.<\/p>\n<ul>\n<li>\u00c9b\u00e8ne du Mozambique\u00a0menac\u00e9s \u00e9cologiquement\u00a0: lors des derni\u00e8res 17 ann\u00e9es de recherche de cette essence nous l\u2019avons identifi\u00e9es dans pas moins de 8 pays au sud de l\u2019\u00e9quateur. Cette essence est fortement repr\u00e9sent\u00e9e et se d\u00e9veloppe souvent comme un buisson dominant. La pr\u00e9sence de rocaille et de termiti\u00e8re et on trouve quasiment toujours des pouces de Dalbergia melanoxylon. Du point de vue de la flore cette essence est difficilement identifiable comme une essence menac\u00e9e, le point critique est la faible densit\u00e9 d\u2019arbres de dimension respectables. Cette essence croissant comme un buisson les pouces se limitent, la croissance n\u2019atteint que rarement une dimension suffisante \u00e0 la coupe.<\/li>\n<\/ul>\n<p>[\/vc_column_text][\/vc_column][\/vc_row]<\/p>\n<\/section>","protected":false},"excerpt":{"rendered":"<p>[vc_row][vc_column width=\u00a0\u00bb1\/2&Prime;][vc_column_text]ProSono adh\u00e8re sans restriction aux principes de www.cities.org en ce qui concerne la protection des essences en danger. Nous veillons \u00e0 obtenir toujours la valeur<span class=\"excerpt-hellip\"> [\u2026]<\/span><\/p>\n","protected":false},"author":4,"featured_media":0,"parent":0,"menu_order":0,"comment_status":"closed","ping_status":"closed","template":"","meta":{"_themeisle_gutenberg_block_has_review":false,"footnotes":""},"yoast_head":"<!-- This site is optimized with the Yoast SEO plugin v21.5 - https:\/\/yoast.com\/wordpress\/plugins\/seo\/ -->\n<title>Certificats d&#039;origine : CITES - Prosono international<\/title>\n<meta name=\"description\" content=\"ProSono adh\u00e8re pleinement aux principes de sur la protection des esp\u00e8ces menac\u00e9es. www.cites.org. Pour en savoir plus.\" \/>\n<meta name=\"robots\" content=\"noindex, follow, max-snippet:-1, max-image-preview:large, max-video-preview:-1\" \/>\n<meta property=\"og:locale\" content=\"fr_FR\" \/>\n<meta property=\"og:type\" content=\"article\" \/>\n<meta property=\"og:title\" content=\"Certificats d&#039;origine : CITES - Prosono international\" \/>\n<meta property=\"og:description\" content=\"ProSono adh\u00e8re pleinement aux principes de sur la protection des esp\u00e8ces menac\u00e9es. www.cites.org. Pour en savoir plus.\" \/>\n<meta property=\"og:url\" content=\"https:\/\/dev2.prosono-hardwoods.com\/certifications\/\" \/>\n<meta property=\"og:site_name\" content=\"Prosono international\" \/>\n<meta property=\"article:modified_time\" content=\"2024-01-16T14:25:11+00:00\" \/>\n<meta name=\"twitter:card\" content=\"summary_large_image\" \/>\n<meta name=\"twitter:label1\" content=\"Dur\u00e9e de lecture estim\u00e9e\" \/>\n\t<meta name=\"twitter:data1\" content=\"3 minutes\" \/>\n<script type=\"application\/ld+json\" class=\"yoast-schema-graph\">{\"@context\":\"https:\/\/schema.org\",\"@graph\":[{\"@type\":\"WebPage\",\"@id\":\"https:\/\/dev2.prosono-hardwoods.com\/certifications\/\",\"url\":\"https:\/\/dev2.prosono-hardwoods.com\/certifications\/\",\"name\":\"Certificats d'origine : CITES - Prosono international\",\"isPartOf\":{\"@id\":\"https:\/\/dev2.prosono-hardwoods.com\/#website\"},\"datePublished\":\"2017-08-20T15:57:42+00:00\",\"dateModified\":\"2024-01-16T14:25:11+00:00\",\"description\":\"ProSono adh\u00e8re pleinement aux principes de sur la protection des esp\u00e8ces menac\u00e9es. www.cites.org. Pour en savoir plus.\",\"breadcrumb\":{\"@id\":\"https:\/\/dev2.prosono-hardwoods.com\/certifications\/#breadcrumb\"},\"inLanguage\":\"fr-FR\",\"potentialAction\":[{\"@type\":\"ReadAction\",\"target\":[\"https:\/\/dev2.prosono-hardwoods.com\/certifications\/\"]}]},{\"@type\":\"BreadcrumbList\",\"@id\":\"https:\/\/dev2.prosono-hardwoods.com\/certifications\/#breadcrumb\",\"itemListElement\":[{\"@type\":\"ListItem\",\"position\":1,\"name\":\"Accueil\",\"item\":\"https:\/\/dev2.prosono-hardwoods.com\/\"},{\"@type\":\"ListItem\",\"position\":2,\"name\":\"Certificats d&#8217;origine : CITES\"}]},{\"@type\":\"WebSite\",\"@id\":\"https:\/\/dev2.prosono-hardwoods.com\/#website\",\"url\":\"https:\/\/dev2.prosono-hardwoods.com\/\",\"name\":\"Prosono international\",\"description\":\"\",\"publisher\":{\"@id\":\"https:\/\/dev2.prosono-hardwoods.com\/#organization\"},\"potentialAction\":[{\"@type\":\"SearchAction\",\"target\":{\"@type\":\"EntryPoint\",\"urlTemplate\":\"https:\/\/dev2.prosono-hardwoods.com\/?s={search_term_string}\"},\"query-input\":\"required name=search_term_string\"}],\"inLanguage\":\"fr-FR\"},{\"@type\":\"Organization\",\"@id\":\"https:\/\/dev2.prosono-hardwoods.com\/#organization\",\"name\":\"Prosono Hardwoods International\",\"url\":\"https:\/\/dev2.prosono-hardwoods.com\/\",\"logo\":{\"@type\":\"ImageObject\",\"inLanguage\":\"fr-FR\",\"@id\":\"https:\/\/dev2.prosono-hardwoods.com\/#\/schema\/logo\/image\/\",\"url\":\"https:\/\/dev2.prosono-hardwoods.com\/wp-content\/uploads\/2020\/08\/prosono-logo@2x.png\",\"contentUrl\":\"https:\/\/dev2.prosono-hardwoods.com\/wp-content\/uploads\/2020\/08\/prosono-logo@2x.png\",\"width\":404,\"height\":90,\"caption\":\"Prosono Hardwoods International\"},\"image\":{\"@id\":\"https:\/\/dev2.prosono-hardwoods.com\/#\/schema\/logo\/image\/\"}}]}<\/script>\n<!-- \/ Yoast SEO plugin. -->","yoast_head_json":{"title":"Certificats d'origine : CITES - Prosono international","description":"ProSono adh\u00e8re pleinement aux principes de sur la protection des esp\u00e8ces menac\u00e9es. www.cites.org. Pour en savoir plus.","robots":{"index":"noindex","follow":"follow","max-snippet":"max-snippet:-1","max-image-preview":"max-image-preview:large","max-video-preview":"max-video-preview:-1"},"og_locale":"fr_FR","og_type":"article","og_title":"Certificats d'origine : CITES - Prosono international","og_description":"ProSono adh\u00e8re pleinement aux principes de sur la protection des esp\u00e8ces menac\u00e9es. www.cites.org. Pour en savoir plus.","og_url":"https:\/\/dev2.prosono-hardwoods.com\/certifications\/","og_site_name":"Prosono international","article_modified_time":"2024-01-16T14:25:11+00:00","twitter_card":"summary_large_image","twitter_misc":{"Dur\u00e9e de lecture estim\u00e9e":"3 minutes"},"schema":{"@context":"https:\/\/schema.org","@graph":[{"@type":"WebPage","@id":"https:\/\/dev2.prosono-hardwoods.com\/certifications\/","url":"https:\/\/dev2.prosono-hardwoods.com\/certifications\/","name":"Certificats d'origine : CITES - Prosono international","isPartOf":{"@id":"https:\/\/dev2.prosono-hardwoods.com\/#website"},"datePublished":"2017-08-20T15:57:42+00:00","dateModified":"2024-01-16T14:25:11+00:00","description":"ProSono adh\u00e8re pleinement aux principes de sur la protection des esp\u00e8ces menac\u00e9es. www.cites.org. Pour en savoir plus.","breadcrumb":{"@id":"https:\/\/dev2.prosono-hardwoods.com\/certifications\/#breadcrumb"},"inLanguage":"fr-FR","potentialAction":[{"@type":"ReadAction","target":["https:\/\/dev2.prosono-hardwoods.com\/certifications\/"]}]},{"@type":"BreadcrumbList","@id":"https:\/\/dev2.prosono-hardwoods.com\/certifications\/#breadcrumb","itemListElement":[{"@type":"ListItem","position":1,"name":"Accueil","item":"https:\/\/dev2.prosono-hardwoods.com\/"},{"@type":"ListItem","position":2,"name":"Certificats d&#8217;origine : CITES"}]},{"@type":"WebSite","@id":"https:\/\/dev2.prosono-hardwoods.com\/#website","url":"https:\/\/dev2.prosono-hardwoods.com\/","name":"Prosono international","description":"","publisher":{"@id":"https:\/\/dev2.prosono-hardwoods.com\/#organization"},"potentialAction":[{"@type":"SearchAction","target":{"@type":"EntryPoint","urlTemplate":"https:\/\/dev2.prosono-hardwoods.com\/?s={search_term_string}"},"query-input":"required name=search_term_string"}],"inLanguage":"fr-FR"},{"@type":"Organization","@id":"https:\/\/dev2.prosono-hardwoods.com\/#organization","name":"Prosono Hardwoods International","url":"https:\/\/dev2.prosono-hardwoods.com\/","logo":{"@type":"ImageObject","inLanguage":"fr-FR","@id":"https:\/\/dev2.prosono-hardwoods.com\/#\/schema\/logo\/image\/","url":"https:\/\/dev2.prosono-hardwoods.com\/wp-content\/uploads\/2020\/08\/prosono-logo@2x.png","contentUrl":"https:\/\/dev2.prosono-hardwoods.com\/wp-content\/uploads\/2020\/08\/prosono-logo@2x.png","width":404,"height":90,"caption":"Prosono Hardwoods International"},"image":{"@id":"https:\/\/dev2.prosono-hardwoods.com\/#\/schema\/logo\/image\/"}}]}},"_links":{"self":[{"href":"https:\/\/dev2.prosono-hardwoods.com\/fr\/wp-json\/wp\/v2\/pages\/1185"}],"collection":[{"href":"https:\/\/dev2.prosono-hardwoods.com\/fr\/wp-json\/wp\/v2\/pages"}],"about":[{"href":"https:\/\/dev2.prosono-hardwoods.com\/fr\/wp-json\/wp\/v2\/types\/page"}],"author":[{"embeddable":true,"href":"https:\/\/dev2.prosono-hardwoods.com\/fr\/wp-json\/wp\/v2\/users\/4"}],"replies":[{"embeddable":true,"href":"https:\/\/dev2.prosono-hardwoods.com\/fr\/wp-json\/wp\/v2\/comments?post=1185"}],"version-history":[{"count":6,"href":"https:\/\/dev2.prosono-hardwoods.com\/fr\/wp-json\/wp\/v2\/pages\/1185\/revisions"}],"predecessor-version":[{"id":23948,"href":"https:\/\/dev2.prosono-hardwoods.com\/fr\/wp-json\/wp\/v2\/pages\/1185\/revisions\/23948"}],"wp:attachment":[{"href":"https:\/\/dev2.prosono-hardwoods.com\/fr\/wp-json\/wp\/v2\/media?parent=1185"}],"curies":[{"name":"wp","href":"https:\/\/api.w.org\/{rel}","templated":true}]}}