{"id":1190,"date":"2017-08-20T18:03:44","date_gmt":"2017-08-20T16:03:44","guid":{"rendered":"https:\/\/dev2.prosono-hardwoods.com\/offres-et-cotations\/"},"modified":"2024-01-16T15:23:41","modified_gmt":"2024-01-16T14:23:41","slug":"offres-et-cotations","status":"publish","type":"page","link":"https:\/\/dev2.prosono-hardwoods.com\/fr\/offres-et-cotations\/","title":{"rendered":"Offres et cotations"},"content":{"rendered":"<section class=\"wpb-content-wrapper\"><p>[vc_row css=\u00a0\u00bb.vc_custom_1495449399028{padding-top: 40px !important;}\u00a0\u00bb][vc_column width=\u00a0\u00bb1\/2&Prime;][vc_gallery interval=\u00a0\u00bb3&Prime; images=\u00a0\u00bb3087,3084,3090,2952,7615&Prime; img_size=\u00a0\u00bb640 \u00d7 480&Prime; onclick=\u00a0\u00bb\u00a0\u00bb][\/vc_column][vc_column width=\u00a0\u00bb1\/2&Prime;][vc_column_text]We take pleasure in submitting quotations to the members of the musical industry, artisans, importers and distributors as well as private individuals.<\/p>\n<p style=\"font-weight: 400;\"><strong>Interior decorators and hardwood floor installers:\u00a0<\/strong>Please specify your interest in terms of wood species (ebony, ebony with sapwood, mopane or red ivory); estimated surface of interest in square metres or square feet; and location.<\/p>\n<p><b>Private individuals and artisans:<\/b> retail orders are sent by registered mail the world over, either surface mail or EMS air mail depending on urgency and cost. Our professionally wrapped parcels are delivered to your nearest post office which is a cost-efficient solution. In rare cases, we use UPS \u00ae courier. In South Africa, our parcels are entrusted to The Courier Guys \u00ae<\/p>\n<p><b>Importers and distributors: <\/b>for ten years and more we have been co-operating closely with the same five national distributors located in the USA, UK, Germany, Japan and Spain. Provided your country offers sufficient potential we are open to the possibility of appointing further distributors especially for turners\u2019 wood sawn to measure.<\/p>\n<p><b>Members of the musical industry:<\/b> we deal directly with instrument makers big and small and over the years have obtained more than 100 customers from clarinet and oboe makers, to artisans, makers of Highland bagpipes, gaitas, flutes and historic instruments not to forget the luthiers, who craft acoustic guitars by hand.<\/p>\n<p><b>Intended for turners,<\/b> we have worked-out a self-pricing worksheet that calculate the cost of the order, get the exact volume and price break-down, by species and dimensions.[\/vc_column_text][\/vc_column][\/vc_row][vc_row][vc_column width=\u00a0\u00bb1\/2&Prime;][vc_column_text]<\/p>\n<p><strong>The forwarding cost shall be indicated separately. Sea and air freight to you nearest international harbour or international airport is calculated based on<\/strong><b> the volume\/weight of the consignment.\u00a0<\/b><\/p>\n<p>We shall select the most economical mode of transport. Retail orders are subjected to a minimum purchase that depends on the complexity of the order and the administrative work required by the destination.<\/p>\n<p>We answer all inquiries. Your comments on the following points make our response quicker and enable us to indicate the forwarding cost.<\/p>\n<ol>\n<li>Your physical address,<\/li>\n<li>Your telephone number, essential for all registered and insured dispatches,<\/li>\n<li>Your web site, if any,<\/li>\n<li>The botanical name of the species or the most common name.<\/li>\n<li>The use of the parts either for musical instruments or for turnery purpose or for another purpose<\/li>\n<li>The dimensions or number of parts, either squares or bowl blanks or still pen blanks or inlays.<\/li>\n<\/ol>\n<p>We remind those interested in musical grade parts, that they get better conditions when ordering sets, respectively for those ordering turnery parts that they get better conditions when ordering combinations of small, medium and large parts.<\/p>\n<p>[\/vc_column_text][\/vc_column][vc_column width=\u00a0\u00bb1\/2&Prime;]\n<div class=\"wpcf7 no-js\" id=\"wpcf7-f79-o1\" lang=\"en-US\" dir=\"ltr\">\n<div class=\"screen-reader-response\"><p role=\"status\" aria-live=\"polite\" aria-atomic=\"true\"><\/p> <ul><\/ul><\/div>\n<form action=\"\/fr\/wp-json\/wp\/v2\/pages\/1190#wpcf7-f79-o1\" method=\"post\" class=\"wpcf7-form init\" aria-label=\"Contact form\" novalidate=\"novalidate\" data-status=\"init\">\n<div style=\"display: none;\">\n<input type=\"hidden\" name=\"_wpcf7\" value=\"79\" \/>\n<input type=\"hidden\" name=\"_wpcf7_version\" value=\"5.8.3\" \/>\n<input type=\"hidden\" name=\"_wpcf7_locale\" value=\"en_US\" \/>\n<input type=\"hidden\" name=\"_wpcf7_unit_tag\" value=\"wpcf7-f79-o1\" \/>\n<input type=\"hidden\" name=\"_wpcf7_container_post\" value=\"0\" \/>\n<input type=\"hidden\" name=\"_wpcf7_posted_data_hash\" value=\"\" \/>\n<\/div>\n<div class=\"column one-second\">\n\t<p><span class=\"wpcf7-form-control-wrap\" data-name=\"your-name\"><input size=\"40\" class=\"wpcf7-form-control wpcf7-text wpcf7-validates-as-required\" aria-required=\"true\" aria-invalid=\"false\" placeholder=\"Your name\" value=\"\" type=\"text\" name=\"your-name\" \/><\/span>\n\t<\/p>\n<\/div>\n<div class=\"column one-second\">\n\t<p><span class=\"wpcf7-form-control-wrap\" data-name=\"your-email\"><input size=\"40\" class=\"wpcf7-form-control wpcf7-email wpcf7-validates-as-required wpcf7-text wpcf7-validates-as-email\" aria-required=\"true\" aria-invalid=\"false\" placeholder=\"Your e-mail\" value=\"\" type=\"email\" name=\"your-email\" \/><\/span>\n\t<\/p>\n<\/div>\n<div class=\"column one\">\n\t<p><span class=\"wpcf7-form-control-wrap\" data-name=\"your-subject\"><input size=\"40\" class=\"wpcf7-form-control wpcf7-text\" aria-invalid=\"false\" placeholder=\"Subject\" value=\"\" type=\"text\" name=\"your-subject\" \/><\/span>\n\t<\/p>\n<\/div>\n<div class=\"column one\">\n\t<p><span class=\"wpcf7-form-control-wrap\" data-name=\"your-message\"><textarea cols=\"40\" rows=\"6\" class=\"wpcf7-form-control wpcf7-textarea\" aria-invalid=\"false\" placeholder=\"Message\" name=\"your-message\"><\/textarea><\/span>\n\t<\/p>\n<\/div>\n<div class=\"column one\">\n\t<p><input class=\"wpcf7-form-control wpcf7-submit has-spinner\" type=\"submit\" value=\"SEND A MESSAGE\" \/>\n\t<\/p>\n<\/div><p style=\"display: none !important;\"><label>&#916;<textarea name=\"_wpcf7_ak_hp_textarea\" cols=\"45\" rows=\"8\" maxlength=\"100\"><\/textarea><\/label><input type=\"hidden\" id=\"ak_js_1\" name=\"_wpcf7_ak_js\" value=\"49\"\/><script>document.getElementById( \"ak_js_1\" ).setAttribute( \"value\", ( new Date() ).getTime() );<\/script><\/p><div class=\"wpcf7-response-output\" aria-hidden=\"true\"><\/div>\n<\/form>\n<\/div>\n[\/vc_column][\/vc_row][vc_row][vc_column][vc_empty_space][\/vc_column][\/vc_row]<\/p>\n<\/section>","protected":false},"excerpt":{"rendered":"<p>[vc_row css=\u00a0\u00bb.vc_custom_1495449399028{padding-top: 40px !important;}\u00a0\u00bb][vc_column width=\u00a0\u00bb1\/2&Prime;][vc_gallery interval=\u00a0\u00bb3&Prime; images=\u00a0\u00bb3087,3084,3090,2952,7615&Prime; img_size=\u00a0\u00bb640 \u00d7 480&Prime; onclick=\u00a0\u00bb\u00a0\u00bb][\/vc_column][vc_column width=\u00a0\u00bb1\/2&Prime;][vc_column_text]We take pleasure in submitting quotations to the members of the musical industry, artisans, importers<span class=\"excerpt-hellip\"> [\u2026]<\/span><\/p>\n","protected":false},"author":4,"featured_media":0,"parent":0,"menu_order":0,"comment_status":"closed","ping_status":"closed","template":"","meta":{"_themeisle_gutenberg_block_has_review":false,"footnotes":""},"yoast_head":"<!-- This site is optimized with the Yoast SEO plugin v21.5 - https:\/\/yoast.com\/wordpress\/plugins\/seo\/ -->\n<title>Offres et cotations - Prosono international<\/title>\n<meta name=\"description\" content=\"Nous avons \u00e0 c\u0153ur d&#039;offrir des devis d\u00e9taill\u00e9s, avec photos, r\u00e9f\u00e9rences, prix adapt\u00e9s aux pariculiers, artisans, importateurs, distributeurs et membre de l&#039;industrie des instruments de music.\" \/>\n<meta name=\"robots\" content=\"noindex, follow, max-snippet:-1, max-image-preview:large, max-video-preview:-1\" \/>\n<meta property=\"og:locale\" content=\"fr_FR\" \/>\n<meta property=\"og:type\" content=\"article\" \/>\n<meta property=\"og:title\" content=\"Offres et cotations - Prosono international\" \/>\n<meta property=\"og:description\" content=\"Nous avons \u00e0 c\u0153ur d&#039;offrir des devis d\u00e9taill\u00e9s, avec photos, r\u00e9f\u00e9rences, prix adapt\u00e9s aux pariculiers, artisans, importateurs, distributeurs et membre de l&#039;industrie des instruments de music.\" \/>\n<meta property=\"og:url\" content=\"https:\/\/dev2.prosono-hardwoods.com\/request-for-quotation\/\" \/>\n<meta property=\"og:site_name\" content=\"Prosono international\" \/>\n<meta property=\"article:modified_time\" content=\"2024-01-16T14:23:41+00:00\" \/>\n<meta name=\"twitter:card\" content=\"summary_large_image\" \/>\n<meta name=\"twitter:label1\" content=\"Dur\u00e9e de lecture estim\u00e9e\" \/>\n\t<meta name=\"twitter:data1\" content=\"2 minutes\" \/>\n<script type=\"application\/ld+json\" class=\"yoast-schema-graph\">{\"@context\":\"https:\/\/schema.org\",\"@graph\":[{\"@type\":\"WebPage\",\"@id\":\"https:\/\/dev2.prosono-hardwoods.com\/request-for-quotation\/\",\"url\":\"https:\/\/dev2.prosono-hardwoods.com\/request-for-quotation\/\",\"name\":\"Offres et cotations - Prosono international\",\"isPartOf\":{\"@id\":\"https:\/\/dev2.prosono-hardwoods.com\/#website\"},\"datePublished\":\"2017-08-20T16:03:44+00:00\",\"dateModified\":\"2024-01-16T14:23:41+00:00\",\"description\":\"Nous avons \u00e0 c\u0153ur d'offrir des devis d\u00e9taill\u00e9s, avec photos, r\u00e9f\u00e9rences, prix adapt\u00e9s aux pariculiers, artisans, importateurs, distributeurs et membre de l'industrie des instruments de music.\",\"breadcrumb\":{\"@id\":\"https:\/\/dev2.prosono-hardwoods.com\/request-for-quotation\/#breadcrumb\"},\"inLanguage\":\"fr-FR\",\"potentialAction\":[{\"@type\":\"ReadAction\",\"target\":[\"https:\/\/dev2.prosono-hardwoods.com\/request-for-quotation\/\"]}]},{\"@type\":\"BreadcrumbList\",\"@id\":\"https:\/\/dev2.prosono-hardwoods.com\/request-for-quotation\/#breadcrumb\",\"itemListElement\":[{\"@type\":\"ListItem\",\"position\":1,\"name\":\"Accueil\",\"item\":\"https:\/\/dev2.prosono-hardwoods.com\/\"},{\"@type\":\"ListItem\",\"position\":2,\"name\":\"Offres et cotations\"}]},{\"@type\":\"WebSite\",\"@id\":\"https:\/\/dev2.prosono-hardwoods.com\/#website\",\"url\":\"https:\/\/dev2.prosono-hardwoods.com\/\",\"name\":\"Prosono international\",\"description\":\"\",\"publisher\":{\"@id\":\"https:\/\/dev2.prosono-hardwoods.com\/#organization\"},\"potentialAction\":[{\"@type\":\"SearchAction\",\"target\":{\"@type\":\"EntryPoint\",\"urlTemplate\":\"https:\/\/dev2.prosono-hardwoods.com\/?s={search_term_string}\"},\"query-input\":\"required name=search_term_string\"}],\"inLanguage\":\"fr-FR\"},{\"@type\":\"Organization\",\"@id\":\"https:\/\/dev2.prosono-hardwoods.com\/#organization\",\"name\":\"Prosono Hardwoods International\",\"url\":\"https:\/\/dev2.prosono-hardwoods.com\/\",\"logo\":{\"@type\":\"ImageObject\",\"inLanguage\":\"fr-FR\",\"@id\":\"https:\/\/dev2.prosono-hardwoods.com\/#\/schema\/logo\/image\/\",\"url\":\"https:\/\/dev2.prosono-hardwoods.com\/wp-content\/uploads\/2020\/08\/prosono-logo@2x.png\",\"contentUrl\":\"https:\/\/dev2.prosono-hardwoods.com\/wp-content\/uploads\/2020\/08\/prosono-logo@2x.png\",\"width\":404,\"height\":90,\"caption\":\"Prosono Hardwoods International\"},\"image\":{\"@id\":\"https:\/\/dev2.prosono-hardwoods.com\/#\/schema\/logo\/image\/\"}}]}<\/script>\n<!-- \/ Yoast SEO plugin. -->","yoast_head_json":{"title":"Offres et cotations - Prosono international","description":"Nous avons \u00e0 c\u0153ur d'offrir des devis d\u00e9taill\u00e9s, avec photos, r\u00e9f\u00e9rences, prix adapt\u00e9s aux pariculiers, artisans, importateurs, distributeurs et membre de l'industrie des instruments de music.","robots":{"index":"noindex","follow":"follow","max-snippet":"max-snippet:-1","max-image-preview":"max-image-preview:large","max-video-preview":"max-video-preview:-1"},"og_locale":"fr_FR","og_type":"article","og_title":"Offres et cotations - Prosono international","og_description":"Nous avons \u00e0 c\u0153ur d'offrir des devis d\u00e9taill\u00e9s, avec photos, r\u00e9f\u00e9rences, prix adapt\u00e9s aux pariculiers, artisans, importateurs, distributeurs et membre de l'industrie des instruments de music.","og_url":"https:\/\/dev2.prosono-hardwoods.com\/request-for-quotation\/","og_site_name":"Prosono international","article_modified_time":"2024-01-16T14:23:41+00:00","twitter_card":"summary_large_image","twitter_misc":{"Dur\u00e9e de lecture estim\u00e9e":"2 minutes"},"schema":{"@context":"https:\/\/schema.org","@graph":[{"@type":"WebPage","@id":"https:\/\/dev2.prosono-hardwoods.com\/request-for-quotation\/","url":"https:\/\/dev2.prosono-hardwoods.com\/request-for-quotation\/","name":"Offres et cotations - Prosono international","isPartOf":{"@id":"https:\/\/dev2.prosono-hardwoods.com\/#website"},"datePublished":"2017-08-20T16:03:44+00:00","dateModified":"2024-01-16T14:23:41+00:00","description":"Nous avons \u00e0 c\u0153ur d'offrir des devis d\u00e9taill\u00e9s, avec photos, r\u00e9f\u00e9rences, prix adapt\u00e9s aux pariculiers, artisans, importateurs, distributeurs et membre de l'industrie des instruments de music.","breadcrumb":{"@id":"https:\/\/dev2.prosono-hardwoods.com\/request-for-quotation\/#breadcrumb"},"inLanguage":"fr-FR","potentialAction":[{"@type":"ReadAction","target":["https:\/\/dev2.prosono-hardwoods.com\/request-for-quotation\/"]}]},{"@type":"BreadcrumbList","@id":"https:\/\/dev2.prosono-hardwoods.com\/request-for-quotation\/#breadcrumb","itemListElement":[{"@type":"ListItem","position":1,"name":"Accueil","item":"https:\/\/dev2.prosono-hardwoods.com\/"},{"@type":"ListItem","position":2,"name":"Offres et cotations"}]},{"@type":"WebSite","@id":"https:\/\/dev2.prosono-hardwoods.com\/#website","url":"https:\/\/dev2.prosono-hardwoods.com\/","name":"Prosono international","description":"","publisher":{"@id":"https:\/\/dev2.prosono-hardwoods.com\/#organization"},"potentialAction":[{"@type":"SearchAction","target":{"@type":"EntryPoint","urlTemplate":"https:\/\/dev2.prosono-hardwoods.com\/?s={search_term_string}"},"query-input":"required name=search_term_string"}],"inLanguage":"fr-FR"},{"@type":"Organization","@id":"https:\/\/dev2.prosono-hardwoods.com\/#organization","name":"Prosono Hardwoods International","url":"https:\/\/dev2.prosono-hardwoods.com\/","logo":{"@type":"ImageObject","inLanguage":"fr-FR","@id":"https:\/\/dev2.prosono-hardwoods.com\/#\/schema\/logo\/image\/","url":"https:\/\/dev2.prosono-hardwoods.com\/wp-content\/uploads\/2020\/08\/prosono-logo@2x.png","contentUrl":"https:\/\/dev2.prosono-hardwoods.com\/wp-content\/uploads\/2020\/08\/prosono-logo@2x.png","width":404,"height":90,"caption":"Prosono Hardwoods International"},"image":{"@id":"https:\/\/dev2.prosono-hardwoods.com\/#\/schema\/logo\/image\/"}}]}},"_links":{"self":[{"href":"https:\/\/dev2.prosono-hardwoods.com\/fr\/wp-json\/wp\/v2\/pages\/1190"}],"collection":[{"href":"https:\/\/dev2.prosono-hardwoods.com\/fr\/wp-json\/wp\/v2\/pages"}],"about":[{"href":"https:\/\/dev2.prosono-hardwoods.com\/fr\/wp-json\/wp\/v2\/types\/page"}],"author":[{"embeddable":true,"href":"https:\/\/dev2.prosono-hardwoods.com\/fr\/wp-json\/wp\/v2\/users\/4"}],"replies":[{"embeddable":true,"href":"https:\/\/dev2.prosono-hardwoods.com\/fr\/wp-json\/wp\/v2\/comments?post=1190"}],"version-history":[{"count":9,"href":"https:\/\/dev2.prosono-hardwoods.com\/fr\/wp-json\/wp\/v2\/pages\/1190\/revisions"}],"predecessor-version":[{"id":23946,"href":"https:\/\/dev2.prosono-hardwoods.com\/fr\/wp-json\/wp\/v2\/pages\/1190\/revisions\/23946"}],"wp:attachment":[{"href":"https:\/\/dev2.prosono-hardwoods.com\/fr\/wp-json\/wp\/v2\/media?parent=1190"}],"curies":[{"name":"wp","href":"https:\/\/api.w.org\/{rel}","templated":true}]}}