{"id":1197,"date":"2017-08-20T18:08:56","date_gmt":"2017-08-20T16:08:56","guid":{"rendered":"https:\/\/dev2.prosono-hardwoods.com\/camel-thorn-acacia-erioloba\/"},"modified":"2024-01-16T15:26:41","modified_gmt":"2024-01-16T14:26:41","slug":"acacia-a-girafe-arbre-a-chameaux","status":"publish","type":"page","link":"https:\/\/dev2.prosono-hardwoods.com\/fr\/essences-de-bois\/acacia-a-girafe-arbre-a-chameaux\/","title":{"rendered":"Acacia \u00e0 girafe \u2013 arbre \u00e0 chameaux"},"content":{"rendered":"<section class=\"wpb-content-wrapper\"><p>[vc_row css=\u00a0\u00bb.vc_custom_1599017901485{margin-bottom: 0px !important;border-bottom-width: 0px !important;padding-bottom: 0px !important;}\u00a0\u00bb][vc_column css=\u00a0\u00bb.vc_custom_1597895212651{margin-top: 0px !important;padding-top: 0px !important;}\u00a0\u00bb][vc_single_image image=\u00a0\u00bb4984&Prime; img_size=\u00a0\u00bbfull\u00a0\u00bb alignment=\u00a0\u00bbcenter\u00a0\u00bb style=\u00a0\u00bbvc_box_shadow_3d\u00a0\u00bb css=\u00a0\u00bb.vc_custom_1606225452495{margin-bottom: 40px !important;}\u00a0\u00bb][vc_row_inner css=\u00a0\u00bb.vc_custom_1599017932185{margin-right: 30px !important;margin-bottom: 0px !important;margin-left: 0px !important;border-bottom-width: 0px !important;border-left-width: 4px !important;padding-bottom: 0px !important;}\u00a0\u00bb][vc_column_inner width=\u00a0\u00bb2\/3&Prime; css=\u00a0\u00bb.vc_custom_1598441879942{margin-top: 0px !important;margin-right: 0px !important;margin-left: 0px !important;border-top-width: 0px !important;border-left-width: 4px !important;padding-top: 0px !important;padding-right: 30px !important;padding-left: 30px !important;border-left-color: #ae3307 !important;border-left-style: dotted !important;border-top-color: #ae3307 !important;border-top-style: dotted !important;}\u00a0\u00bb][vc_column_text]<\/p>\n<h2><strong>High-quality camel thorn wood for sale<\/strong><\/h2>\n<p>Camel thorn, known locally as kameeldoring, is a dense hardwood with a beautiful reddish to purple colour.<\/p>\n<p>The wood is very strong and easy to turn. It is popular with knife makers in South Africa, and has been well accepted by our international distributors for a range of wood turning applications.<\/p>\n<p>ProSono offers camel thorn blocks and scales cut to required dimensions.<\/p>\n<p>This includes camel thorn knife handle blanks and scales, and camel thorn turning squares for wooden ornaments, bowls, pens and other unique, crafted wooden items.[\/vc_column_text][\/vc_column_inner][vc_column_inner el_class=\u00a0\u00bbshadow-block\u00a0\u00bb width=\u00a0\u00bb1\/3&Prime; css=\u00a0\u00bb.vc_custom_1599031484416{margin-right: -30px !important;margin-left: 30px !important;background-color: #f6f5f1 !important;border-radius: 10px !important;}\u00a0\u00bb][vc_column_text css=\u00a0\u00bb.vc_custom_1606290620820{padding-right: 18px !important;padding-left: 18px !important;}\u00a0\u00bb]<\/p>\n<h2><strong>Camel thorn characteristics<\/strong><\/h2>\n<ul>\n<li>Family: Fabaceae<\/li>\n<li>Alternative names: kameeldoring, giraffe thorn<\/li>\n<li>Average dry weight: 74 lbs\/ft<sup>3<\/sup> (imperial); 1,185 kg\/m<sup>3<\/sup> (metric)<\/li>\n<li>Camel thorn hardness: 3,680 lbf (16,370 N) on the Janka scale<\/li>\n<li>uniform medium texture<\/li>\n<\/ul>\n<p>[\/vc_column_text][\/vc_column_inner][\/vc_row_inner][vc_empty_space][vc_text_separator title=\u00a0\u00bbApplications\u00a0\u00bb color=\u00a0\u00bbcustom\u00a0\u00bb border_width=\u00a0\u00bb4&Prime; el_width=\u00a0\u00bb60&Prime; accent_color=\u00a0\u00bb#b53a2c\u00a0\u00bb css=\u00a0\u00bb.vc_custom_1599018837797{margin-top: 10px !important;}\u00a0\u00bb][vc_row_inner gap=\u00a0\u00bb10&Prime; css=\u00a0\u00bb.vc_custom_1599018212541{margin-top: 0px !important;border-top-width: 0px !important;padding-top: 0px !important;}\u00a0\u00bb][vc_column_inner width=\u00a0\u00bb1\/5&Prime;][vc_single_image image=\u00a0\u00bb5289&Prime; img_size=\u00a0\u00bb320&#215;320&Prime; alignment=\u00a0\u00bbcenter\u00a0\u00bb style=\u00a0\u00bbvc_box_circle_2&Prime; onclick=\u00a0\u00bbcustom_link\u00a0\u00bb link=\u00a0\u00bbhttps:\/\/dev2.prosono-hardwoods.com\/customers\/makers-of-woodwind-instruments\/\u00a0\u00bb][vc_column_text css=\u00a0\u00bb.vc_custom_1629110262996{margin-top: -10px !important;}\u00a0\u00bb]<\/p>\n<h4 style=\"text-align: center;\"><a href=\"https:\/\/dev2.prosono-hardwoods.com\/customers\/makers-of-woodwind-instruments\/\"><span style=\"color: #000000;\"><strong>Woodwind instruments<\/strong><\/span><\/a><\/h4>\n<p>[\/vc_column_text][\/vc_column_inner][vc_column_inner width=\u00a0\u00bb1\/5&Prime;][vc_single_image image=\u00a0\u00bb5327&Prime; img_size=\u00a0\u00bb320&#215;320&Prime; alignment=\u00a0\u00bbcenter\u00a0\u00bb style=\u00a0\u00bbvc_box_shadow_circle_2&Prime; onclick=\u00a0\u00bbcustom_link\u00a0\u00bb link=\u00a0\u00bbhttps:\/\/dev2.prosono-hardwoods.com\/customers\/acoustic-guitar-wood-suppliers\/\u00a0\u00bb][vc_column_text css=\u00a0\u00bb.vc_custom_1629110323955{margin-top: -10px !important;}\u00a0\u00bb]<\/p>\n<h4 style=\"text-align: center;\"><a href=\"https:\/\/dev2.prosono-hardwoods.com\/customers\/acoustic-guitar-wood-suppliers\/\"><span style=\"color: #000000;\"><strong>Stringed instruments<\/strong><\/span><\/a><\/h4>\n<p>[\/vc_column_text][\/vc_column_inner][vc_column_inner width=\u00a0\u00bb1\/5&Prime;][vc_single_image image=\u00a0\u00bb5294&Prime; img_size=\u00a0\u00bb320&#215;320&Prime; alignment=\u00a0\u00bbcenter\u00a0\u00bb style=\u00a0\u00bbvc_box_shadow_circle_2&Prime; onclick=\u00a0\u00bbcustom_link\u00a0\u00bb link=\u00a0\u00bbhttps:\/\/dev2.prosono-hardwoods.com\/customers\/joiners-and-furniture-makers\/\u00a0\u00bb][vc_column_text css=\u00a0\u00bb.vc_custom_1629110430874{margin-top: -10px !important;}\u00a0\u00bb]<\/p>\n<h4 style=\"text-align: center;\"><a href=\"https:\/\/dev2.prosono-hardwoods.com\/customers\/joiners-and-furniture-makers\/\"><span style=\"color: #000000;\"><strong>Fine joinery<\/strong><\/span><\/a><\/h4>\n<p>[\/vc_column_text][\/vc_column_inner][vc_column_inner width=\u00a0\u00bb1\/5&Prime;][vc_single_image image=\u00a0\u00bb5284&Prime; img_size=\u00a0\u00bb320&#215;320&Prime; alignment=\u00a0\u00bbcenter\u00a0\u00bb style=\u00a0\u00bbvc_box_shadow_circle_2&Prime; onclick=\u00a0\u00bbcustom_link\u00a0\u00bb link=\u00a0\u00bbhttps:\/\/dev2.prosono-hardwoods.com\/customers\/knife-makers\/\u00a0\u00bb][vc_column_text css=\u00a0\u00bb.vc_custom_1629110504075{margin-top: -10px !important;}\u00a0\u00bb]<\/p>\n<h4 style=\"text-align: center;\"><a href=\"https:\/\/dev2.prosono-hardwoods.com\/customers\/knife-makers\/\"><span style=\"color: #000000;\"><strong>Knife handles<\/strong><\/span><\/a><\/h4>\n<p>[\/vc_column_text][\/vc_column_inner][vc_column_inner width=\u00a0\u00bb1\/5&Prime;][vc_single_image image=\u00a0\u00bb5321&Prime; img_size=\u00a0\u00bb320&#215;320&Prime; alignment=\u00a0\u00bbcenter\u00a0\u00bb style=\u00a0\u00bbvc_box_shadow_circle_2&Prime; onclick=\u00a0\u00bbcustom_link\u00a0\u00bb link=\u00a0\u00bbhttps:\/\/dev2.prosono-hardwoods.com\/customers\/turners\/\u00a0\u00bb][vc_column_text css=\u00a0\u00bb.vc_custom_1629110606262{margin-top: -10px !important;}\u00a0\u00bb]<\/p>\n<h4 style=\"text-align: center;\"><a href=\"https:\/\/dev2.prosono-hardwoods.com\/customers\/turners\/\"><span style=\"color: #000000;\"><strong>Turners<\/strong><\/span><\/a><\/h4>\n<p>[\/vc_column_text][\/vc_column_inner][\/vc_row_inner][vc_row_inner css=\u00a0\u00bb.vc_custom_1598452637432{margin-top: 0px !important;margin-bottom: 0px !important;border-top-width: 0px !important;border-bottom-width: 0px !important;padding-top: 0px !important;padding-bottom: 0px !important;}\u00a0\u00bb][vc_column_inner css=\u00a0\u00bb.vc_custom_1599017960709{margin-top: 0px !important;margin-bottom: 0px !important;border-top-width: 0px !important;border-bottom-width: 0px !important;padding-top: 0px !important;padding-bottom: 0px !important;}\u00a0\u00bb][vc_column_text css=\u00a0\u00bb.vc_custom_1601994501550{margin-bottom: 50px !important;padding-top: 30px !important;padding-right: 30px !important;padding-bottom: 30px !important;padding-left: 30px !important;background-color: #77654d !important;}\u00a0\u00bb]<\/p>\n<h3 style=\"text-align: center;\"><span style=\"color: #ffffff;\"><em>\u201cI received through my friend the turning blanks. Let me tell you that the quality is outstanding! I look forward to do additional business with your company.\u201d<\/em><\/span><\/h3>\n<h6 style=\"text-align: center;\"><span style=\"color: #ffffff;\"><strong>~ Pedro Jorge, Portugal<\/strong><\/span><\/h6>\n<p>[\/vc_column_text][vc_btn title=\u00a0\u00bbContact us\u00a0\u00bb style=\u00a0\u00bbflat\u00a0\u00bb shape=\u00a0\u00bbsquare\u00a0\u00bb color=\u00a0\u00bbdanger\u00a0\u00bb size=\u00a0\u00bblg\u00a0\u00bb align=\u00a0\u00bbcenter\u00a0\u00bb css=\u00a0\u00bb.vc_custom_1606290699552{margin-bottom: 20px !important;border-bottom-width: 0px !important;padding-bottom: 0px !important;}\u00a0\u00bb link=\u00a0\u00bburl:%23form|\u00a0\u00bb][\/vc_column_inner][\/vc_row_inner][\/vc_column][\/vc_row][vc_row][vc_column width=\u00a0\u00bb1\/6&Prime;][\/vc_column][vc_column width=\u00a0\u00bb2\/3&Prime;][vc_column_text css=\u00a0\u00bb.vc_custom_1606290753979{margin-bottom: 20px !important;border-bottom-width: 0px !important;padding-bottom: 0px !important;}\u00a0\u00bb]<\/p>\n<h4 style=\"text-align: left;\"><strong>About camel thorn (kameeldoring) wood<\/strong><\/h4>\n<p>[\/vc_column_text][vc_column_text]<\/p>\n<table width=\"100%\">\n<tbody>\n<tr>\n<td style=\"text-align: left;\" width=\"130\"><strong>Botanical name<\/strong><\/td>\n<td style=\"text-align: left;\" width=\"534\"><em>Acacia erioloba<\/em><\/td>\n<\/tr>\n<tr>\n<td style=\"text-align: left;\" width=\"130\"><strong>Family<\/strong><\/td>\n<td style=\"text-align: left;\" width=\"534\">Fabaceae (pod bearing)<\/td>\n<\/tr>\n<tr>\n<td style=\"text-align: left;\" width=\"130\"><strong>Local name<\/strong><\/td>\n<td style=\"text-align: left;\" width=\"534\">Kameeldoring<\/td>\n<\/tr>\n<tr>\n<td style=\"text-align: left;\" width=\"130\"><strong>English name<\/strong><\/td>\n<td style=\"text-align: left;\" width=\"534\">Camel Thorn<\/td>\n<\/tr>\n<tr>\n<td style=\"text-align: left;\" width=\"130\"><strong>Distribution<\/strong><\/td>\n<td style=\"text-align: left;\" width=\"534\">Great range, from Angola and Zambia in the north to the Northern Cape in South Africa.<\/td>\n<\/tr>\n<tr>\n<td style=\"text-align: left;\" width=\"130\"><strong>The tree<\/strong><\/td>\n<td style=\"text-align: left;\" width=\"534\">Semi-deciduous tree, ranging in size from a small shrub to a 20-meter tall tree. It grows in dry woodland to arid and stony or sandy soils.\u00a0The bark is grey, pale and deeply furrowed. The tree has impressive, dangerous thorns. It is a protected species in South Africa and may be harvested only with an appropriate permit.<\/td>\n<\/tr>\n<tr>\n<td style=\"text-align: left;\" width=\"130\"><strong>The wood<\/strong><\/td>\n<td style=\"text-align: left;\" width=\"534\">Camel thorn wood is hard and heavy. Its colour is dark reddish to purple, with sapwood that ranges from pale yellow to pinkish. Camel thorn (kameeldoring) density is 1.15 t\/m3 when air-dried.<\/td>\n<\/tr>\n<tr>\n<td style=\"text-align: left;\" width=\"130\"><strong>Seasoning<\/strong><\/td>\n<td style=\"text-align: left;\" width=\"534\">The wood dries fairly quickly when cut in small enough sections.<\/td>\n<\/tr>\n<tr>\n<td style=\"text-align: left;\" width=\"130\"><strong>Workability<\/strong><\/td>\n<td style=\"text-align: left;\" width=\"534\">The wood is hard to saw but fairly stable and it turns well. It offers an attractive colour and shiny finish.<\/td>\n<\/tr>\n<tr>\n<td style=\"text-align: left;\" width=\"130\"><strong>Use<\/strong><\/td>\n<td style=\"text-align: left;\" width=\"534\">The tree offers valuable shade to livestock. Its wood has been overharvested as quality firewood. In the past, it was used for fence posts, mining props and machine bearings. It is too heavy for furniture but is extensively used for small ornamental objects like knife handles, small dishes, kitchen utensils and tools.<\/td>\n<\/tr>\n<\/tbody>\n<\/table>\n<p>[\/vc_column_text][\/vc_column][vc_column width=\u00a0\u00bb1\/6&Prime;][\/vc_column][\/vc_row][vc_row][vc_column][vc_text_separator title=\u00a0\u00bbGet in touch\u00a0\u00bb color=\u00a0\u00bbcustom\u00a0\u00bb border_width=\u00a0\u00bb4&Prime; el_width=\u00a0\u00bb60&Prime; accent_color=\u00a0\u00bb#b53a2c\u00a0\u00bb css=\u00a0\u00bb.vc_custom_1599019031255{margin-top: 20px !important;}\u00a0\u00bb][\/vc_column][\/vc_row][vc_row el_id=\u00a0\u00bbform\u00a0\u00bb][vc_column]\n<div class=\"wpcf7 no-js\" id=\"wpcf7-f79-o1\" lang=\"en-US\" dir=\"ltr\">\n<div class=\"screen-reader-response\"><p role=\"status\" aria-live=\"polite\" aria-atomic=\"true\"><\/p> <ul><\/ul><\/div>\n<form action=\"\/fr\/wp-json\/wp\/v2\/pages\/1197#wpcf7-f79-o1\" method=\"post\" class=\"wpcf7-form init\" aria-label=\"Contact form\" novalidate=\"novalidate\" data-status=\"init\">\n<div style=\"display: none;\">\n<input type=\"hidden\" name=\"_wpcf7\" value=\"79\" \/>\n<input type=\"hidden\" name=\"_wpcf7_version\" value=\"5.8.3\" \/>\n<input type=\"hidden\" name=\"_wpcf7_locale\" value=\"en_US\" \/>\n<input type=\"hidden\" name=\"_wpcf7_unit_tag\" value=\"wpcf7-f79-o1\" \/>\n<input type=\"hidden\" name=\"_wpcf7_container_post\" value=\"0\" \/>\n<input type=\"hidden\" name=\"_wpcf7_posted_data_hash\" value=\"\" \/>\n<\/div>\n<div class=\"column one-second\">\n\t<p><span class=\"wpcf7-form-control-wrap\" data-name=\"your-name\"><input size=\"40\" class=\"wpcf7-form-control wpcf7-text wpcf7-validates-as-required\" aria-required=\"true\" aria-invalid=\"false\" placeholder=\"Your name\" value=\"\" type=\"text\" name=\"your-name\" \/><\/span>\n\t<\/p>\n<\/div>\n<div class=\"column one-second\">\n\t<p><span class=\"wpcf7-form-control-wrap\" data-name=\"your-email\"><input size=\"40\" class=\"wpcf7-form-control wpcf7-email wpcf7-validates-as-required wpcf7-text wpcf7-validates-as-email\" aria-required=\"true\" aria-invalid=\"false\" placeholder=\"Your e-mail\" value=\"\" type=\"email\" name=\"your-email\" \/><\/span>\n\t<\/p>\n<\/div>\n<div class=\"column one\">\n\t<p><span class=\"wpcf7-form-control-wrap\" data-name=\"your-subject\"><input size=\"40\" class=\"wpcf7-form-control wpcf7-text\" aria-invalid=\"false\" placeholder=\"Subject\" value=\"\" type=\"text\" name=\"your-subject\" \/><\/span>\n\t<\/p>\n<\/div>\n<div class=\"column one\">\n\t<p><span class=\"wpcf7-form-control-wrap\" data-name=\"your-message\"><textarea cols=\"40\" rows=\"6\" class=\"wpcf7-form-control wpcf7-textarea\" aria-invalid=\"false\" placeholder=\"Message\" name=\"your-message\"><\/textarea><\/span>\n\t<\/p>\n<\/div>\n<div class=\"column one\">\n\t<p><input class=\"wpcf7-form-control wpcf7-submit has-spinner\" type=\"submit\" value=\"SEND A MESSAGE\" \/>\n\t<\/p>\n<\/div><p style=\"display: none !important;\"><label>&#916;<textarea name=\"_wpcf7_ak_hp_textarea\" cols=\"45\" rows=\"8\" maxlength=\"100\"><\/textarea><\/label><input type=\"hidden\" id=\"ak_js_1\" name=\"_wpcf7_ak_js\" value=\"75\"\/><script>document.getElementById( \"ak_js_1\" ).setAttribute( \"value\", ( new Date() ).getTime() );<\/script><\/p><div class=\"wpcf7-response-output\" aria-hidden=\"true\"><\/div>\n<\/form>\n<\/div>\n[\/vc_column][\/vc_row]<\/p>\n<\/section>","protected":false},"excerpt":{"rendered":"<p>[vc_row css=\u00a0\u00bb.vc_custom_1599017901485{margin-bottom: 0px !important;border-bottom-width: 0px !important;padding-bottom: 0px !important;}\u00a0\u00bb][vc_column css=\u00a0\u00bb.vc_custom_1597895212651{margin-top: 0px !important;padding-top: 0px !important;}\u00a0\u00bb][vc_single_image image=\u00a0\u00bb4984&Prime; img_size=\u00a0\u00bbfull\u00a0\u00bb alignment=\u00a0\u00bbcenter\u00a0\u00bb style=\u00a0\u00bbvc_box_shadow_3d\u00a0\u00bb css=\u00a0\u00bb.vc_custom_1606225452495{margin-bottom: 40px !important;}\u00a0\u00bb][vc_row_inner css=\u00a0\u00bb.vc_custom_1599017932185{margin-right: 30px !important;margin-bottom: 0px !important;margin-left: 0px<span class=\"excerpt-hellip\"> [\u2026]<\/span><\/p>\n","protected":false},"author":4,"featured_media":0,"parent":1843,"menu_order":0,"comment_status":"closed","ping_status":"closed","template":"","meta":{"_themeisle_gutenberg_block_has_review":false,"footnotes":""},"yoast_head":"<!-- This site is optimized with the Yoast SEO plugin v21.5 - https:\/\/yoast.com\/wordpress\/plugins\/seo\/ -->\n<title>Acacia \u00e0 girafe \u2013 arbre \u00e0 chameaux - Bois \u00e0 vendre - Prosono international<\/title>\n<meta name=\"description\" content=\"Nous proposons des d\u00e9coupes de haute qualit\u00e9 de bois de fer, un bois dur, tr\u00e8s dense, de couleur orange-rouge pour le tournage d\u2019objets artisanaux.\" \/>\n<meta name=\"robots\" content=\"noindex, follow, max-snippet:-1, max-image-preview:large, max-video-preview:-1\" \/>\n<meta property=\"og:locale\" content=\"fr_FR\" \/>\n<meta property=\"og:type\" content=\"article\" \/>\n<meta property=\"og:title\" content=\"Acacia \u00e0 girafe \u2013 arbre \u00e0 chameaux - Bois \u00e0 vendre - Prosono international\" \/>\n<meta property=\"og:description\" content=\"Nous proposons des d\u00e9coupes de haute qualit\u00e9 de bois de fer, un bois dur, tr\u00e8s dense, de couleur orange-rouge pour le tournage d\u2019objets artisanaux.\" \/>\n<meta property=\"og:url\" content=\"https:\/\/dev2.prosono-hardwoods.com\/hardwood-species\/camel-thorn\/\" \/>\n<meta property=\"og:site_name\" content=\"Prosono international\" \/>\n<meta property=\"article:modified_time\" content=\"2024-01-16T14:26:41+00:00\" \/>\n<meta name=\"twitter:card\" content=\"summary_large_image\" \/>\n<meta name=\"twitter:label1\" content=\"Dur\u00e9e de lecture estim\u00e9e\" \/>\n\t<meta name=\"twitter:data1\" content=\"4 minutes\" \/>\n<script type=\"application\/ld+json\" class=\"yoast-schema-graph\">{\"@context\":\"https:\/\/schema.org\",\"@graph\":[{\"@type\":\"WebPage\",\"@id\":\"https:\/\/dev2.prosono-hardwoods.com\/hardwood-species\/camel-thorn\/\",\"url\":\"https:\/\/dev2.prosono-hardwoods.com\/hardwood-species\/camel-thorn\/\",\"name\":\"Acacia \u00e0 girafe \u2013 arbre \u00e0 chameaux - Bois \u00e0 vendre - Prosono international\",\"isPartOf\":{\"@id\":\"https:\/\/dev2.prosono-hardwoods.com\/#website\"},\"datePublished\":\"2017-08-20T16:08:56+00:00\",\"dateModified\":\"2024-01-16T14:26:41+00:00\",\"description\":\"Nous proposons des d\u00e9coupes de haute qualit\u00e9 de bois de fer, un bois dur, tr\u00e8s dense, de couleur orange-rouge pour le tournage d\u2019objets artisanaux.\",\"breadcrumb\":{\"@id\":\"https:\/\/dev2.prosono-hardwoods.com\/hardwood-species\/camel-thorn\/#breadcrumb\"},\"inLanguage\":\"fr-FR\",\"potentialAction\":[{\"@type\":\"ReadAction\",\"target\":[\"https:\/\/dev2.prosono-hardwoods.com\/hardwood-species\/camel-thorn\/\"]}]},{\"@type\":\"BreadcrumbList\",\"@id\":\"https:\/\/dev2.prosono-hardwoods.com\/hardwood-species\/camel-thorn\/#breadcrumb\",\"itemListElement\":[{\"@type\":\"ListItem\",\"position\":1,\"name\":\"Accueil\",\"item\":\"https:\/\/dev2.prosono-hardwoods.com\/\"},{\"@type\":\"ListItem\",\"position\":2,\"name\":\"ESSENCES DE BOIS\",\"item\":\"https:\/\/dev2.prosono-hardwoods.com\/fr\/essences-de-bois\/\"},{\"@type\":\"ListItem\",\"position\":3,\"name\":\"Acacia \u00e0 girafe \u2013 arbre \u00e0 chameaux\"}]},{\"@type\":\"WebSite\",\"@id\":\"https:\/\/dev2.prosono-hardwoods.com\/#website\",\"url\":\"https:\/\/dev2.prosono-hardwoods.com\/\",\"name\":\"Prosono international\",\"description\":\"\",\"publisher\":{\"@id\":\"https:\/\/dev2.prosono-hardwoods.com\/#organization\"},\"potentialAction\":[{\"@type\":\"SearchAction\",\"target\":{\"@type\":\"EntryPoint\",\"urlTemplate\":\"https:\/\/dev2.prosono-hardwoods.com\/?s={search_term_string}\"},\"query-input\":\"required name=search_term_string\"}],\"inLanguage\":\"fr-FR\"},{\"@type\":\"Organization\",\"@id\":\"https:\/\/dev2.prosono-hardwoods.com\/#organization\",\"name\":\"Prosono Hardwoods International\",\"url\":\"https:\/\/dev2.prosono-hardwoods.com\/\",\"logo\":{\"@type\":\"ImageObject\",\"inLanguage\":\"fr-FR\",\"@id\":\"https:\/\/dev2.prosono-hardwoods.com\/#\/schema\/logo\/image\/\",\"url\":\"https:\/\/dev2.prosono-hardwoods.com\/wp-content\/uploads\/2020\/08\/prosono-logo@2x.png\",\"contentUrl\":\"https:\/\/dev2.prosono-hardwoods.com\/wp-content\/uploads\/2020\/08\/prosono-logo@2x.png\",\"width\":404,\"height\":90,\"caption\":\"Prosono Hardwoods International\"},\"image\":{\"@id\":\"https:\/\/dev2.prosono-hardwoods.com\/#\/schema\/logo\/image\/\"}}]}<\/script>\n<!-- \/ Yoast SEO plugin. -->","yoast_head_json":{"title":"Acacia \u00e0 girafe \u2013 arbre \u00e0 chameaux - Bois \u00e0 vendre - Prosono international","description":"Nous proposons des d\u00e9coupes de haute qualit\u00e9 de bois de fer, un bois dur, tr\u00e8s dense, de couleur orange-rouge pour le tournage d\u2019objets artisanaux.","robots":{"index":"noindex","follow":"follow","max-snippet":"max-snippet:-1","max-image-preview":"max-image-preview:large","max-video-preview":"max-video-preview:-1"},"og_locale":"fr_FR","og_type":"article","og_title":"Acacia \u00e0 girafe \u2013 arbre \u00e0 chameaux - Bois \u00e0 vendre - Prosono international","og_description":"Nous proposons des d\u00e9coupes de haute qualit\u00e9 de bois de fer, un bois dur, tr\u00e8s dense, de couleur orange-rouge pour le tournage d\u2019objets artisanaux.","og_url":"https:\/\/dev2.prosono-hardwoods.com\/hardwood-species\/camel-thorn\/","og_site_name":"Prosono international","article_modified_time":"2024-01-16T14:26:41+00:00","twitter_card":"summary_large_image","twitter_misc":{"Dur\u00e9e de lecture estim\u00e9e":"4 minutes"},"schema":{"@context":"https:\/\/schema.org","@graph":[{"@type":"WebPage","@id":"https:\/\/dev2.prosono-hardwoods.com\/hardwood-species\/camel-thorn\/","url":"https:\/\/dev2.prosono-hardwoods.com\/hardwood-species\/camel-thorn\/","name":"Acacia \u00e0 girafe \u2013 arbre \u00e0 chameaux - Bois \u00e0 vendre - Prosono international","isPartOf":{"@id":"https:\/\/dev2.prosono-hardwoods.com\/#website"},"datePublished":"2017-08-20T16:08:56+00:00","dateModified":"2024-01-16T14:26:41+00:00","description":"Nous proposons des d\u00e9coupes de haute qualit\u00e9 de bois de fer, un bois dur, tr\u00e8s dense, de couleur orange-rouge pour le tournage d\u2019objets artisanaux.","breadcrumb":{"@id":"https:\/\/dev2.prosono-hardwoods.com\/hardwood-species\/camel-thorn\/#breadcrumb"},"inLanguage":"fr-FR","potentialAction":[{"@type":"ReadAction","target":["https:\/\/dev2.prosono-hardwoods.com\/hardwood-species\/camel-thorn\/"]}]},{"@type":"BreadcrumbList","@id":"https:\/\/dev2.prosono-hardwoods.com\/hardwood-species\/camel-thorn\/#breadcrumb","itemListElement":[{"@type":"ListItem","position":1,"name":"Accueil","item":"https:\/\/dev2.prosono-hardwoods.com\/"},{"@type":"ListItem","position":2,"name":"ESSENCES DE BOIS","item":"https:\/\/dev2.prosono-hardwoods.com\/fr\/essences-de-bois\/"},{"@type":"ListItem","position":3,"name":"Acacia \u00e0 girafe \u2013 arbre \u00e0 chameaux"}]},{"@type":"WebSite","@id":"https:\/\/dev2.prosono-hardwoods.com\/#website","url":"https:\/\/dev2.prosono-hardwoods.com\/","name":"Prosono international","description":"","publisher":{"@id":"https:\/\/dev2.prosono-hardwoods.com\/#organization"},"potentialAction":[{"@type":"SearchAction","target":{"@type":"EntryPoint","urlTemplate":"https:\/\/dev2.prosono-hardwoods.com\/?s={search_term_string}"},"query-input":"required name=search_term_string"}],"inLanguage":"fr-FR"},{"@type":"Organization","@id":"https:\/\/dev2.prosono-hardwoods.com\/#organization","name":"Prosono Hardwoods International","url":"https:\/\/dev2.prosono-hardwoods.com\/","logo":{"@type":"ImageObject","inLanguage":"fr-FR","@id":"https:\/\/dev2.prosono-hardwoods.com\/#\/schema\/logo\/image\/","url":"https:\/\/dev2.prosono-hardwoods.com\/wp-content\/uploads\/2020\/08\/prosono-logo@2x.png","contentUrl":"https:\/\/dev2.prosono-hardwoods.com\/wp-content\/uploads\/2020\/08\/prosono-logo@2x.png","width":404,"height":90,"caption":"Prosono Hardwoods International"},"image":{"@id":"https:\/\/dev2.prosono-hardwoods.com\/#\/schema\/logo\/image\/"}}]}},"_links":{"self":[{"href":"https:\/\/dev2.prosono-hardwoods.com\/fr\/wp-json\/wp\/v2\/pages\/1197"}],"collection":[{"href":"https:\/\/dev2.prosono-hardwoods.com\/fr\/wp-json\/wp\/v2\/pages"}],"about":[{"href":"https:\/\/dev2.prosono-hardwoods.com\/fr\/wp-json\/wp\/v2\/types\/page"}],"author":[{"embeddable":true,"href":"https:\/\/dev2.prosono-hardwoods.com\/fr\/wp-json\/wp\/v2\/users\/4"}],"replies":[{"embeddable":true,"href":"https:\/\/dev2.prosono-hardwoods.com\/fr\/wp-json\/wp\/v2\/comments?post=1197"}],"version-history":[{"count":16,"href":"https:\/\/dev2.prosono-hardwoods.com\/fr\/wp-json\/wp\/v2\/pages\/1197\/revisions"}],"predecessor-version":[{"id":23988,"href":"https:\/\/dev2.prosono-hardwoods.com\/fr\/wp-json\/wp\/v2\/pages\/1197\/revisions\/23988"}],"up":[{"embeddable":true,"href":"https:\/\/dev2.prosono-hardwoods.com\/fr\/wp-json\/wp\/v2\/pages\/1843"}],"wp:attachment":[{"href":"https:\/\/dev2.prosono-hardwoods.com\/fr\/wp-json\/wp\/v2\/media?parent=1197"}],"curies":[{"name":"wp","href":"https:\/\/api.w.org\/{rel}","templated":true}]}}