{"id":1203,"date":"2017-08-20T18:11:58","date_gmt":"2017-08-20T16:11:58","guid":{"rendered":"https:\/\/dev2.prosono-hardwoods.com\/le-snake-bean-le-bois-du-serpent-haricot\/"},"modified":"2024-01-16T15:26:42","modified_gmt":"2024-01-16T14:26:42","slug":"bois-de-fer","status":"publish","type":"page","link":"https:\/\/dev2.prosono-hardwoods.com\/fr\/essences-de-bois\/bois-de-fer\/","title":{"rendered":"Bois de fer"},"content":{"rendered":"<section class=\"wpb-content-wrapper\"><p>[vc_row css=\u00a0\u00bb.vc_custom_1599017901485{margin-bottom: 0px !important;border-bottom-width: 0px !important;padding-bottom: 0px !important;}\u00a0\u00bb][vc_column css=\u00a0\u00bb.vc_custom_1597895212651{margin-top: 0px !important;padding-top: 0px !important;}\u00a0\u00bb][vc_single_image image=\u00a0\u00bb5466&Prime; img_size=\u00a0\u00bbfull\u00a0\u00bb alignment=\u00a0\u00bbcenter\u00a0\u00bb style=\u00a0\u00bbvc_box_shadow_3d\u00a0\u00bb css=\u00a0\u00bb.vc_custom_1613115073375{margin-bottom: 40px !important;}\u00a0\u00bb][vc_row_inner css=\u00a0\u00bb.vc_custom_1599017932185{margin-right: 30px !important;margin-bottom: 0px !important;margin-left: 0px !important;border-bottom-width: 0px !important;border-left-width: 4px !important;padding-bottom: 0px !important;}\u00a0\u00bb][vc_column_inner width=\u00a0\u00bb2\/3&Prime; css=\u00a0\u00bb.vc_custom_1598441879942{margin-top: 0px !important;margin-right: 0px !important;margin-left: 0px !important;border-top-width: 0px !important;border-left-width: 4px !important;padding-top: 0px !important;padding-right: 30px !important;padding-left: 30px !important;border-left-color: #ae3307 !important;border-left-style: dotted !important;border-top-color: #ae3307 !important;border-top-style: dotted !important;}\u00a0\u00bb][vc_column_text]<\/p>\n<h2><strong>High-quality ironwood for sale<\/strong><\/h2>\n<p>Ironwood is a strong and very dense African hardwood. Contrast between its reddish-orange heartwood, dark grain and white to yellow sapwood can result in pleasing, unusual patterns.<\/p>\n<p>The wood has fairly coarse grain but works well and polishes to a lustrous finish.<\/p>\n<p>ProSono Hardwoods is a supplier of ironwood for furniture making and joinery, as well as specialty wooden objects like jewellery boxes, toys, carvings and pipes. We also supply ironwood for musical instruments, for its decorative value.<\/p>\n<p>[\/vc_column_text][\/vc_column_inner][vc_column_inner el_class=\u00a0\u00bbshadow-block\u00a0\u00bb width=\u00a0\u00bb1\/3&Prime; css=\u00a0\u00bb.vc_custom_1599031484416{margin-right: -30px !important;margin-left: 30px !important;background-color: #f6f5f1 !important;border-radius: 10px !important;}\u00a0\u00bb][vc_column_text css=\u00a0\u00bb.vc_custom_1637740743048{padding-right: 18px !important;padding-left: 18px !important;}\u00a0\u00bb]<\/p>\n<h2><strong>Ironwood characteristics<\/strong><\/h2>\n<ul>\n<li>Botanical name: <em>Bobgunnia madagascariensis or Swartzia madagascariensis<\/em><\/li>\n<li>Alternative names: ndale, pau ferro, pau rosa and many others<\/li>\n<li>Average dry weight: 64 lb\/ft3 (imperial); 995 kg\/m<sup>3<\/sup> (metric)<\/li>\n<li>Snake bean density: 2,940 lbf (13,080 N) on the Janka scale<\/li>\n<li>Distinct, often wavy grain pattern<\/li>\n<\/ul>\n<p>[\/vc_column_text][\/vc_column_inner][\/vc_row_inner][vc_empty_space][vc_text_separator title=\u00a0\u00bbApplications\u00a0\u00bb color=\u00a0\u00bbcustom\u00a0\u00bb border_width=\u00a0\u00bb4&Prime; el_width=\u00a0\u00bb60&Prime; accent_color=\u00a0\u00bb#b53a2c\u00a0\u00bb css=\u00a0\u00bb.vc_custom_1599018837797{margin-top: 10px !important;}\u00a0\u00bb][vc_row_inner gap=\u00a0\u00bb10&Prime; css=\u00a0\u00bb.vc_custom_1599018212541{margin-top: 0px !important;border-top-width: 0px !important;padding-top: 0px !important;}\u00a0\u00bb][vc_column_inner width=\u00a0\u00bb1\/5&Prime;][vc_single_image image=\u00a0\u00bb5289&Prime; img_size=\u00a0\u00bb320&#215;320&Prime; alignment=\u00a0\u00bbcenter\u00a0\u00bb style=\u00a0\u00bbvc_box_circle_2&Prime; onclick=\u00a0\u00bbcustom_link\u00a0\u00bb link=\u00a0\u00bbhttps:\/\/dev2.prosono-hardwoods.com\/customers\/makers-of-woodwind-instruments\/\u00a0\u00bb][vc_column_text css=\u00a0\u00bb.vc_custom_1629110262996{margin-top: -10px !important;}\u00a0\u00bb]<\/p>\n<h4 style=\"text-align: center;\"><a href=\"https:\/\/dev2.prosono-hardwoods.com\/customers\/makers-of-woodwind-instruments\/\"><span style=\"color: #000000;\"><strong>Woodwind instruments<\/strong><\/span><\/a><\/h4>\n<p>[\/vc_column_text][\/vc_column_inner][vc_column_inner width=\u00a0\u00bb1\/5&Prime;][vc_single_image image=\u00a0\u00bb5327&Prime; img_size=\u00a0\u00bb320&#215;320&Prime; alignment=\u00a0\u00bbcenter\u00a0\u00bb style=\u00a0\u00bbvc_box_shadow_circle_2&Prime; onclick=\u00a0\u00bbcustom_link\u00a0\u00bb link=\u00a0\u00bbhttps:\/\/dev2.prosono-hardwoods.com\/customers\/acoustic-guitar-wood-suppliers\/\u00a0\u00bb][vc_column_text css=\u00a0\u00bb.vc_custom_1629110323955{margin-top: -10px !important;}\u00a0\u00bb]<\/p>\n<h4 style=\"text-align: center;\"><a href=\"https:\/\/dev2.prosono-hardwoods.com\/customers\/acoustic-guitar-wood-suppliers\/\"><span style=\"color: #000000;\"><strong>Stringed instruments<\/strong><\/span><\/a><\/h4>\n<p>[\/vc_column_text][\/vc_column_inner][vc_column_inner width=\u00a0\u00bb1\/5&Prime;][vc_single_image image=\u00a0\u00bb5294&Prime; img_size=\u00a0\u00bb320&#215;320&Prime; alignment=\u00a0\u00bbcenter\u00a0\u00bb style=\u00a0\u00bbvc_box_shadow_circle_2&Prime; onclick=\u00a0\u00bbcustom_link\u00a0\u00bb link=\u00a0\u00bbhttps:\/\/dev2.prosono-hardwoods.com\/customers\/joiners-and-furniture-makers\/\u00a0\u00bb][vc_column_text css=\u00a0\u00bb.vc_custom_1629110430874{margin-top: -10px !important;}\u00a0\u00bb]<\/p>\n<h4 style=\"text-align: center;\"><a href=\"https:\/\/dev2.prosono-hardwoods.com\/customers\/joiners-and-furniture-makers\/\"><span style=\"color: #000000;\"><strong>Fine joinery<\/strong><\/span><\/a><\/h4>\n<p>[\/vc_column_text][\/vc_column_inner][vc_column_inner width=\u00a0\u00bb1\/5&Prime;][vc_single_image image=\u00a0\u00bb5284&Prime; img_size=\u00a0\u00bb320&#215;320&Prime; alignment=\u00a0\u00bbcenter\u00a0\u00bb style=\u00a0\u00bbvc_box_shadow_circle_2&Prime; onclick=\u00a0\u00bbcustom_link\u00a0\u00bb link=\u00a0\u00bbhttps:\/\/dev2.prosono-hardwoods.com\/customers\/knife-makers\/\u00a0\u00bb][vc_column_text css=\u00a0\u00bb.vc_custom_1629110504075{margin-top: -10px !important;}\u00a0\u00bb]<\/p>\n<h4 style=\"text-align: center;\"><a href=\"https:\/\/dev2.prosono-hardwoods.com\/customers\/knife-makers\/\"><span style=\"color: #000000;\"><strong>Knife handles<\/strong><\/span><\/a><\/h4>\n<p>[\/vc_column_text][\/vc_column_inner][vc_column_inner width=\u00a0\u00bb1\/5&Prime;][vc_single_image image=\u00a0\u00bb5321&Prime; img_size=\u00a0\u00bb320&#215;320&Prime; alignment=\u00a0\u00bbcenter\u00a0\u00bb style=\u00a0\u00bbvc_box_shadow_circle_2&Prime; onclick=\u00a0\u00bbcustom_link\u00a0\u00bb link=\u00a0\u00bbhttps:\/\/dev2.prosono-hardwoods.com\/customers\/turners\/\u00a0\u00bb][vc_column_text css=\u00a0\u00bb.vc_custom_1629110606262{margin-top: -10px !important;}\u00a0\u00bb]<\/p>\n<h4 style=\"text-align: center;\"><a href=\"https:\/\/dev2.prosono-hardwoods.com\/customers\/turners\/\"><span style=\"color: #000000;\"><strong>Turners<\/strong><\/span><\/a><\/h4>\n<p>[\/vc_column_text][\/vc_column_inner][\/vc_row_inner][vc_row_inner css=\u00a0\u00bb.vc_custom_1598452637432{margin-top: 0px !important;margin-bottom: 0px !important;border-top-width: 0px !important;border-bottom-width: 0px !important;padding-top: 0px !important;padding-bottom: 0px !important;}\u00a0\u00bb][vc_column_inner css=\u00a0\u00bb.vc_custom_1599017960709{margin-top: 0px !important;margin-bottom: 0px !important;border-top-width: 0px !important;border-bottom-width: 0px !important;padding-top: 0px !important;padding-bottom: 0px !important;}\u00a0\u00bb][vc_column_text css=\u00a0\u00bb.vc_custom_1637740763826{margin-bottom: 50px !important;padding-top: 30px !important;padding-right: 30px !important;padding-bottom: 30px !important;padding-left: 30px !important;background-color: #77654d !important;}\u00a0\u00bb]<\/p>\n<h3 style=\"text-align: center;\"><span style=\"color: #ffffff;\"><em>\u201cI have just picked up the package from Kommetjie post office. The wood is in perfect condition, beautiful, and was extremely well packaged. I am very happy with it. a look forward to doing business with you again.\u201d<\/em><\/span><\/h3>\n<h6 style=\"text-align: center;\"><span style=\"color: #ffffff;\"><strong>~ Christopher Garland<\/strong><\/span><\/h6>\n<p>[\/vc_column_text][vc_btn title=\u00a0\u00bbContact us\u00a0\u00bb style=\u00a0\u00bbflat\u00a0\u00bb shape=\u00a0\u00bbsquare\u00a0\u00bb color=\u00a0\u00bbdanger\u00a0\u00bb size=\u00a0\u00bblg\u00a0\u00bb align=\u00a0\u00bbcenter\u00a0\u00bb css=\u00a0\u00bb.vc_custom_1606290699552{margin-bottom: 20px !important;border-bottom-width: 0px !important;padding-bottom: 0px !important;}\u00a0\u00bb link=\u00a0\u00bburl:%23form|\u00a0\u00bb][\/vc_column_inner][\/vc_row_inner][\/vc_column][\/vc_row][vc_row][vc_column width=\u00a0\u00bb1\/6&Prime;][\/vc_column][vc_column width=\u00a0\u00bb2\/3&Prime;][vc_column_text css=\u00a0\u00bb.vc_custom_1637740783819{margin-bottom: 20px !important;border-bottom-width: 0px !important;padding-bottom: 0px !important;}\u00a0\u00bb]<\/p>\n<h4 style=\"text-align: left;\"><strong>About Ironwood<\/strong><\/h4>\n<p>[\/vc_column_text][vc_column_text]<\/p>\n<table width=\"100%\">\n<tbody>\n<tr>\n<td style=\"text-align: left;\" width=\"130\"><strong>Botanical name<\/strong><\/td>\n<td style=\"text-align: left;\" width=\"534\"><em>Bobgunnia and Swartzia madagascariensis<\/em><\/td>\n<\/tr>\n<tr>\n<td style=\"text-align: left;\" width=\"130\"><strong>Family<\/strong><\/td>\n<td style=\"text-align: left;\" width=\"534\">Fabaceae (Caesalpinioideaea)<\/td>\n<\/tr>\n<tr>\n<td style=\"text-align: left;\" width=\"130\"><strong>Local name<\/strong><\/td>\n<td style=\"text-align: left;\" width=\"534\">Ndale<\/td>\n<\/tr>\n<tr>\n<td style=\"text-align: left;\" width=\"130\"><strong>English name<\/strong><\/td>\n<td style=\"text-align: left;\" width=\"534\">Ironwood<\/td>\n<\/tr>\n<tr>\n<td style=\"text-align: left;\" width=\"130\"><strong>Distribution<\/strong><\/td>\n<td style=\"text-align: left;\" width=\"534\">Common in southern Zimbabwe in the north of Zambia and North Mozambique<\/td>\n<\/tr>\n<tr>\n<td style=\"text-align: left;\" width=\"130\"><strong>The tree<\/strong><\/td>\n<td style=\"text-align: left;\" width=\"534\">The ironwood tree is a medium to large tree. Most trees reach 3 to 4 metres but they can grow to 15 metres under favourable conditions. Found in low to medium altitudes.<\/td>\n<\/tr>\n<tr>\n<td style=\"text-align: left;\" width=\"130\"><strong>The wood<\/strong><\/td>\n<td style=\"text-align: left;\" width=\"534\">Red\/orange colour with marked darkish wavy grain. The sapwood is well demarcated and white to yellow. Ironwood is heavy but not oily. It has a density of 1.0 t\/m<sup>3<\/sup> when air dried.<\/td>\n<\/tr>\n<tr>\n<td style=\"text-align: left;\" width=\"130\"><strong>Seasoning<\/strong><\/td>\n<td style=\"text-align: left;\" width=\"534\">It dries well when stacked properly.<\/td>\n<\/tr>\n<tr>\n<td style=\"text-align: left;\" width=\"130\"><strong>Workability<\/strong><\/td>\n<td style=\"text-align: left;\" width=\"534\">Ironwood is hard and heavy. It is difficult to saw and must be prebored if screwing or nailing. It is more stable when quarter sawn. It turns, planes and polishes well.<\/td>\n<\/tr>\n<tr>\n<td style=\"text-align: left;\" width=\"130\"><strong>Uses<\/strong><\/td>\n<td style=\"text-align: left;\" width=\"534\">This wood has numerous applications, from furniture to joinery, jewellery boxes, toys, carvings and even musical instruments, for its decorative value.<\/td>\n<\/tr>\n<\/tbody>\n<\/table>\n<p>[\/vc_column_text][\/vc_column][vc_column width=\u00a0\u00bb1\/6&Prime;][\/vc_column][\/vc_row][vc_row][vc_column][vc_text_separator title=\u00a0\u00bbGet in touch\u00a0\u00bb color=\u00a0\u00bbcustom\u00a0\u00bb border_width=\u00a0\u00bb4&Prime; el_width=\u00a0\u00bb60&Prime; accent_color=\u00a0\u00bb#b53a2c\u00a0\u00bb css=\u00a0\u00bb.vc_custom_1599019031255{margin-top: 20px !important;}\u00a0\u00bb][\/vc_column][\/vc_row][vc_row el_id=\u00a0\u00bbform\u00a0\u00bb][vc_column]\n<div class=\"wpcf7 no-js\" id=\"wpcf7-f79-o1\" lang=\"en-US\" dir=\"ltr\">\n<div class=\"screen-reader-response\"><p role=\"status\" aria-live=\"polite\" aria-atomic=\"true\"><\/p> <ul><\/ul><\/div>\n<form action=\"\/fr\/wp-json\/wp\/v2\/pages\/1203#wpcf7-f79-o1\" method=\"post\" class=\"wpcf7-form init\" aria-label=\"Contact form\" novalidate=\"novalidate\" data-status=\"init\">\n<div style=\"display: none;\">\n<input type=\"hidden\" name=\"_wpcf7\" value=\"79\" \/>\n<input type=\"hidden\" name=\"_wpcf7_version\" value=\"5.8.3\" \/>\n<input type=\"hidden\" name=\"_wpcf7_locale\" value=\"en_US\" \/>\n<input type=\"hidden\" name=\"_wpcf7_unit_tag\" value=\"wpcf7-f79-o1\" \/>\n<input type=\"hidden\" name=\"_wpcf7_container_post\" value=\"0\" \/>\n<input type=\"hidden\" name=\"_wpcf7_posted_data_hash\" value=\"\" \/>\n<\/div>\n<div class=\"column one-second\">\n\t<p><span class=\"wpcf7-form-control-wrap\" data-name=\"your-name\"><input size=\"40\" class=\"wpcf7-form-control wpcf7-text wpcf7-validates-as-required\" aria-required=\"true\" aria-invalid=\"false\" placeholder=\"Your name\" value=\"\" type=\"text\" name=\"your-name\" \/><\/span>\n\t<\/p>\n<\/div>\n<div class=\"column one-second\">\n\t<p><span class=\"wpcf7-form-control-wrap\" data-name=\"your-email\"><input size=\"40\" class=\"wpcf7-form-control wpcf7-email wpcf7-validates-as-required wpcf7-text wpcf7-validates-as-email\" aria-required=\"true\" aria-invalid=\"false\" placeholder=\"Your e-mail\" value=\"\" type=\"email\" name=\"your-email\" \/><\/span>\n\t<\/p>\n<\/div>\n<div class=\"column one\">\n\t<p><span class=\"wpcf7-form-control-wrap\" data-name=\"your-subject\"><input size=\"40\" class=\"wpcf7-form-control wpcf7-text\" aria-invalid=\"false\" placeholder=\"Subject\" value=\"\" type=\"text\" name=\"your-subject\" \/><\/span>\n\t<\/p>\n<\/div>\n<div class=\"column one\">\n\t<p><span class=\"wpcf7-form-control-wrap\" data-name=\"your-message\"><textarea cols=\"40\" rows=\"6\" class=\"wpcf7-form-control wpcf7-textarea\" aria-invalid=\"false\" placeholder=\"Message\" name=\"your-message\"><\/textarea><\/span>\n\t<\/p>\n<\/div>\n<div class=\"column one\">\n\t<p><input class=\"wpcf7-form-control wpcf7-submit has-spinner\" type=\"submit\" value=\"SEND A MESSAGE\" \/>\n\t<\/p>\n<\/div><p style=\"display: none !important;\"><label>&#916;<textarea name=\"_wpcf7_ak_hp_textarea\" cols=\"45\" rows=\"8\" maxlength=\"100\"><\/textarea><\/label><input type=\"hidden\" id=\"ak_js_1\" name=\"_wpcf7_ak_js\" value=\"197\"\/><script>document.getElementById( \"ak_js_1\" ).setAttribute( \"value\", ( new Date() ).getTime() );<\/script><\/p><div class=\"wpcf7-response-output\" aria-hidden=\"true\"><\/div>\n<\/form>\n<\/div>\n[\/vc_column][\/vc_row]<\/p>\n<\/section>","protected":false},"excerpt":{"rendered":"<p>[vc_row css=\u00a0\u00bb.vc_custom_1599017901485{margin-bottom: 0px !important;border-bottom-width: 0px !important;padding-bottom: 0px !important;}\u00a0\u00bb][vc_column css=\u00a0\u00bb.vc_custom_1597895212651{margin-top: 0px !important;padding-top: 0px !important;}\u00a0\u00bb][vc_single_image image=\u00a0\u00bb5466&Prime; img_size=\u00a0\u00bbfull\u00a0\u00bb alignment=\u00a0\u00bbcenter\u00a0\u00bb style=\u00a0\u00bbvc_box_shadow_3d\u00a0\u00bb css=\u00a0\u00bb.vc_custom_1613115073375{margin-bottom: 40px !important;}\u00a0\u00bb][vc_row_inner css=\u00a0\u00bb.vc_custom_1599017932185{margin-right: 30px !important;margin-bottom: 0px !important;margin-left: 0px<span class=\"excerpt-hellip\"> [\u2026]<\/span><\/p>\n","protected":false},"author":4,"featured_media":0,"parent":1843,"menu_order":0,"comment_status":"closed","ping_status":"closed","template":"","meta":{"_themeisle_gutenberg_block_has_review":false,"footnotes":""},"yoast_head":"<!-- This site is optimized with the Yoast SEO plugin v21.5 - https:\/\/yoast.com\/wordpress\/plugins\/seo\/ -->\n<title>Bois de fer - Bois \u00e0 vendre - Prosono international<\/title>\n<meta name=\"description\" content=\"ProSono offre le bois de fer en d\u00e9coupes sans d\u00e9faut, plots, carrelets, \u00e9cailles pour manches de couteaux et autres articles artisanaux\" \/>\n<meta name=\"robots\" content=\"noindex, follow, max-snippet:-1, max-image-preview:large, max-video-preview:-1\" \/>\n<meta property=\"og:locale\" content=\"fr_FR\" \/>\n<meta property=\"og:type\" content=\"article\" \/>\n<meta property=\"og:title\" content=\"Bois de fer - Bois \u00e0 vendre - Prosono international\" \/>\n<meta property=\"og:description\" content=\"ProSono offre le bois de fer en d\u00e9coupes sans d\u00e9faut, plots, carrelets, \u00e9cailles pour manches de couteaux et autres articles artisanaux\" \/>\n<meta property=\"og:url\" content=\"https:\/\/dev2.prosono-hardwoods.com\/hardwood-species\/ironwood\/\" \/>\n<meta property=\"og:site_name\" content=\"Prosono international\" \/>\n<meta property=\"article:modified_time\" content=\"2024-01-16T14:26:42+00:00\" \/>\n<meta name=\"twitter:card\" content=\"summary_large_image\" \/>\n<meta name=\"twitter:label1\" content=\"Dur\u00e9e de lecture estim\u00e9e\" \/>\n\t<meta name=\"twitter:data1\" content=\"3 minutes\" \/>\n<script type=\"application\/ld+json\" class=\"yoast-schema-graph\">{\"@context\":\"https:\/\/schema.org\",\"@graph\":[{\"@type\":\"WebPage\",\"@id\":\"https:\/\/dev2.prosono-hardwoods.com\/hardwood-species\/ironwood\/\",\"url\":\"https:\/\/dev2.prosono-hardwoods.com\/hardwood-species\/ironwood\/\",\"name\":\"Bois de fer - Bois \u00e0 vendre - Prosono international\",\"isPartOf\":{\"@id\":\"https:\/\/dev2.prosono-hardwoods.com\/#website\"},\"datePublished\":\"2017-08-20T16:11:58+00:00\",\"dateModified\":\"2024-01-16T14:26:42+00:00\",\"description\":\"ProSono offre le bois de fer en d\u00e9coupes sans d\u00e9faut, plots, carrelets, \u00e9cailles pour manches de couteaux et autres articles artisanaux\",\"breadcrumb\":{\"@id\":\"https:\/\/dev2.prosono-hardwoods.com\/hardwood-species\/ironwood\/#breadcrumb\"},\"inLanguage\":\"fr-FR\",\"potentialAction\":[{\"@type\":\"ReadAction\",\"target\":[\"https:\/\/dev2.prosono-hardwoods.com\/hardwood-species\/ironwood\/\"]}]},{\"@type\":\"BreadcrumbList\",\"@id\":\"https:\/\/dev2.prosono-hardwoods.com\/hardwood-species\/ironwood\/#breadcrumb\",\"itemListElement\":[{\"@type\":\"ListItem\",\"position\":1,\"name\":\"Accueil\",\"item\":\"https:\/\/dev2.prosono-hardwoods.com\/\"},{\"@type\":\"ListItem\",\"position\":2,\"name\":\"ESSENCES DE BOIS\",\"item\":\"https:\/\/dev2.prosono-hardwoods.com\/fr\/essences-de-bois\/\"},{\"@type\":\"ListItem\",\"position\":3,\"name\":\"Bois de fer\"}]},{\"@type\":\"WebSite\",\"@id\":\"https:\/\/dev2.prosono-hardwoods.com\/#website\",\"url\":\"https:\/\/dev2.prosono-hardwoods.com\/\",\"name\":\"Prosono international\",\"description\":\"\",\"publisher\":{\"@id\":\"https:\/\/dev2.prosono-hardwoods.com\/#organization\"},\"potentialAction\":[{\"@type\":\"SearchAction\",\"target\":{\"@type\":\"EntryPoint\",\"urlTemplate\":\"https:\/\/dev2.prosono-hardwoods.com\/?s={search_term_string}\"},\"query-input\":\"required name=search_term_string\"}],\"inLanguage\":\"fr-FR\"},{\"@type\":\"Organization\",\"@id\":\"https:\/\/dev2.prosono-hardwoods.com\/#organization\",\"name\":\"Prosono Hardwoods International\",\"url\":\"https:\/\/dev2.prosono-hardwoods.com\/\",\"logo\":{\"@type\":\"ImageObject\",\"inLanguage\":\"fr-FR\",\"@id\":\"https:\/\/dev2.prosono-hardwoods.com\/#\/schema\/logo\/image\/\",\"url\":\"https:\/\/dev2.prosono-hardwoods.com\/wp-content\/uploads\/2020\/08\/prosono-logo@2x.png\",\"contentUrl\":\"https:\/\/dev2.prosono-hardwoods.com\/wp-content\/uploads\/2020\/08\/prosono-logo@2x.png\",\"width\":404,\"height\":90,\"caption\":\"Prosono Hardwoods International\"},\"image\":{\"@id\":\"https:\/\/dev2.prosono-hardwoods.com\/#\/schema\/logo\/image\/\"}}]}<\/script>\n<!-- \/ Yoast SEO plugin. -->","yoast_head_json":{"title":"Bois de fer - Bois \u00e0 vendre - Prosono international","description":"ProSono offre le bois de fer en d\u00e9coupes sans d\u00e9faut, plots, carrelets, \u00e9cailles pour manches de couteaux et autres articles artisanaux","robots":{"index":"noindex","follow":"follow","max-snippet":"max-snippet:-1","max-image-preview":"max-image-preview:large","max-video-preview":"max-video-preview:-1"},"og_locale":"fr_FR","og_type":"article","og_title":"Bois de fer - Bois \u00e0 vendre - Prosono international","og_description":"ProSono offre le bois de fer en d\u00e9coupes sans d\u00e9faut, plots, carrelets, \u00e9cailles pour manches de couteaux et autres articles artisanaux","og_url":"https:\/\/dev2.prosono-hardwoods.com\/hardwood-species\/ironwood\/","og_site_name":"Prosono international","article_modified_time":"2024-01-16T14:26:42+00:00","twitter_card":"summary_large_image","twitter_misc":{"Dur\u00e9e de lecture estim\u00e9e":"3 minutes"},"schema":{"@context":"https:\/\/schema.org","@graph":[{"@type":"WebPage","@id":"https:\/\/dev2.prosono-hardwoods.com\/hardwood-species\/ironwood\/","url":"https:\/\/dev2.prosono-hardwoods.com\/hardwood-species\/ironwood\/","name":"Bois de fer - Bois \u00e0 vendre - Prosono international","isPartOf":{"@id":"https:\/\/dev2.prosono-hardwoods.com\/#website"},"datePublished":"2017-08-20T16:11:58+00:00","dateModified":"2024-01-16T14:26:42+00:00","description":"ProSono offre le bois de fer en d\u00e9coupes sans d\u00e9faut, plots, carrelets, \u00e9cailles pour manches de couteaux et autres articles artisanaux","breadcrumb":{"@id":"https:\/\/dev2.prosono-hardwoods.com\/hardwood-species\/ironwood\/#breadcrumb"},"inLanguage":"fr-FR","potentialAction":[{"@type":"ReadAction","target":["https:\/\/dev2.prosono-hardwoods.com\/hardwood-species\/ironwood\/"]}]},{"@type":"BreadcrumbList","@id":"https:\/\/dev2.prosono-hardwoods.com\/hardwood-species\/ironwood\/#breadcrumb","itemListElement":[{"@type":"ListItem","position":1,"name":"Accueil","item":"https:\/\/dev2.prosono-hardwoods.com\/"},{"@type":"ListItem","position":2,"name":"ESSENCES DE BOIS","item":"https:\/\/dev2.prosono-hardwoods.com\/fr\/essences-de-bois\/"},{"@type":"ListItem","position":3,"name":"Bois de fer"}]},{"@type":"WebSite","@id":"https:\/\/dev2.prosono-hardwoods.com\/#website","url":"https:\/\/dev2.prosono-hardwoods.com\/","name":"Prosono international","description":"","publisher":{"@id":"https:\/\/dev2.prosono-hardwoods.com\/#organization"},"potentialAction":[{"@type":"SearchAction","target":{"@type":"EntryPoint","urlTemplate":"https:\/\/dev2.prosono-hardwoods.com\/?s={search_term_string}"},"query-input":"required name=search_term_string"}],"inLanguage":"fr-FR"},{"@type":"Organization","@id":"https:\/\/dev2.prosono-hardwoods.com\/#organization","name":"Prosono Hardwoods International","url":"https:\/\/dev2.prosono-hardwoods.com\/","logo":{"@type":"ImageObject","inLanguage":"fr-FR","@id":"https:\/\/dev2.prosono-hardwoods.com\/#\/schema\/logo\/image\/","url":"https:\/\/dev2.prosono-hardwoods.com\/wp-content\/uploads\/2020\/08\/prosono-logo@2x.png","contentUrl":"https:\/\/dev2.prosono-hardwoods.com\/wp-content\/uploads\/2020\/08\/prosono-logo@2x.png","width":404,"height":90,"caption":"Prosono Hardwoods International"},"image":{"@id":"https:\/\/dev2.prosono-hardwoods.com\/#\/schema\/logo\/image\/"}}]}},"_links":{"self":[{"href":"https:\/\/dev2.prosono-hardwoods.com\/fr\/wp-json\/wp\/v2\/pages\/1203"}],"collection":[{"href":"https:\/\/dev2.prosono-hardwoods.com\/fr\/wp-json\/wp\/v2\/pages"}],"about":[{"href":"https:\/\/dev2.prosono-hardwoods.com\/fr\/wp-json\/wp\/v2\/types\/page"}],"author":[{"embeddable":true,"href":"https:\/\/dev2.prosono-hardwoods.com\/fr\/wp-json\/wp\/v2\/users\/4"}],"replies":[{"embeddable":true,"href":"https:\/\/dev2.prosono-hardwoods.com\/fr\/wp-json\/wp\/v2\/comments?post=1203"}],"version-history":[{"count":16,"href":"https:\/\/dev2.prosono-hardwoods.com\/fr\/wp-json\/wp\/v2\/pages\/1203\/revisions"}],"predecessor-version":[{"id":23991,"href":"https:\/\/dev2.prosono-hardwoods.com\/fr\/wp-json\/wp\/v2\/pages\/1203\/revisions\/23991"}],"up":[{"embeddable":true,"href":"https:\/\/dev2.prosono-hardwoods.com\/fr\/wp-json\/wp\/v2\/pages\/1843"}],"wp:attachment":[{"href":"https:\/\/dev2.prosono-hardwoods.com\/fr\/wp-json\/wp\/v2\/media?parent=1203"}],"curies":[{"name":"wp","href":"https:\/\/api.w.org\/{rel}","templated":true}]}}