{"id":1217,"date":"2017-08-20T18:32:57","date_gmt":"2017-08-20T16:32:57","guid":{"rendered":"https:\/\/dev2.prosono-hardwoods.com\/ebenistes-et-fabricants-de-meubles-fait-a-la-main\/"},"modified":"2022-09-23T12:25:07","modified_gmt":"2022-09-23T10:25:07","slug":"bois-pour-ebenistes-sculpteur-menuisier","status":"publish","type":"page","link":"https:\/\/dev2.prosono-hardwoods.com\/fr\/bois-pour-ebenistes-sculpteur-menuisier\/","title":{"rendered":"D\u00e9coupes pour menuisiers, \u00e9b\u00e9nistes et sculpteurs"},"content":{"rendered":"<section class=\"wpb-content-wrapper\"><p>[vc_row][vc_column][vc_single_image image=\u00a0\u00bb7490&Prime; img_size=\u00a0\u00bbfull\u00a0\u00bb alignment=\u00a0\u00bbright\u00a0\u00bb style=\u00a0\u00bbvc_box_shadow_3d\u00a0\u00bb][\/vc_column][\/vc_row][vc_row css=\u00a0\u00bb.vc_custom_1599654516246{margin-top: 0px !important;margin-right: 0px !important;margin-left: 0px !important;border-top-width: 0px !important;border-left-width: 4px !important;padding-top: 0px !important;padding-right: 0px !important;padding-left: 30px !important;border-left-color: #ae3307 !important;border-left-style: dotted !important;border-top-color: #ae3307 !important;border-top-style: dotted !important;}\u00a0\u00bb][vc_column width=\u00a0\u00bb2\/3&Prime; css=\u00a0\u00bb.vc_custom_1599654008285{margin-top: 0px !important;margin-bottom: 0px !important;padding-top: 0px !important;padding-bottom: 0px !important;}\u00a0\u00bb][vc_column_text css=\u00a0\u00bb.vc_custom_1631523414046{margin-bottom: 20px !important;}\u00a0\u00bb]<\/p>\n<h2><strong>Bois tropicaux de haute densit\u00e9 et faible porosit\u00e9 pour \u00e9b\u00e9nistes, menuisiers et sculpteurs<\/strong><\/h2>\n<p>[\/vc_column_text][vc_column_text css=\u00a0\u00bb.vc_custom_1631536112976{margin-bottom: 0px !important;border-bottom-width: 0px !important;padding-bottom: 0px !important;}\u00a0\u00bb]ProSono propose une gamme de bois lourds, r\u00e9sistants et pr\u00e9cieux qui sont adapt\u00e9s \u00e0 la menuiserie\u00a0fine, le tournage et la sculpture.<\/p>\n<p>Nous fournissons :<\/p>\n<ul>\n<li>bois pour meubles sur mesures et marqueterie<\/li>\n<li>bois de menuiserie fine<\/li>\n<li>parquets massifs en bois exotique<\/li>\n<li>bois pour projets et bricolage<\/li>\n<li>bois pour sculpteurs sur bois.<\/li>\n<\/ul>\n<p>Nos bois d\u2019Afrique, de haute densit\u00e9 proviennent de grumes relativement petites et de forme irr\u00e9guli\u00e8re.<\/p>\n<p>Ils sont r\u00e9colt\u00e9s de mani\u00e8re responsable et p\u00e9renne, s\u00e9ch\u00e9s \u00e0 l\u00b4air libre et sci\u00e9s aux dimensions requises.<\/p>\n<p>Ils sont stock\u00e9s, pour chaque commande individuelle ils sont soigneusement emball\u00e9s et exp\u00e9di\u00e9s \u00e0 nos distributeurs et clients \u00e0 travers le monde.[\/vc_column_text][\/vc_column][vc_column width=\u00a0\u00bb1\/3&Prime; css=\u00a0\u00bb.vc_custom_1599654454226{margin-top: 0px !important;margin-right: 0px !important;margin-bottom: 0px !important;border-right-width: 0px !important;padding-top: 0px !important;padding-right: 0px !important;padding-bottom: 0px !important;padding-left: 20px !important;}\u00a0\u00bb][vc_column_text css=\u00a0\u00bb.vc_custom_1631523509181{margin-top: 0px !important;margin-bottom: 20px !important;border-top-width: 0px !important;padding-top: 0px !important;}\u00a0\u00bb]<\/p>\n<h2><strong>Bois d\u2019Afrique de haute densit\u00e9 :<\/strong><\/h2>\n<p>[\/vc_column_text][vc_column_text css=\u00a0\u00bb.vc_custom_1643372939671{margin-right: 0px !important;margin-bottom: 30px !important;border-right-width: 0px !important;padding-top: 18px !important;padding-right: 18px !important;padding-bottom: 18px !important;padding-left: 18px !important;background-color: #f6f5f1 !important;border-radius: 10px !important;}\u00a0\u00bb]<\/p>\n<ul>\n<li><a href=\"https:\/\/dev2.prosono-hardwoods.com\/fr\/essences-de-bois\/ebene-du-mozambique\/\">Grenadille d\u2019Afrique (\u00e9b\u00e8ne de Mozambique)<\/a><\/li>\n<li><a href=\"https:\/\/dev2.prosono-hardwoods.com\/fr\/essences-de-bois\/olivier-d-afrique-olivier-sauvage\/\">Olivier africain (olivier sauvage)<\/a><\/li>\n<li><a href=\"https:\/\/dev2.prosono-hardwoods.com\/fr\/essences-de-bois\/chacate-noire-guibourtia-conjugata\/\">Chacate noire<\/a><\/li>\n<li><a href=\"https:\/\/dev2.prosono-hardwoods.com\/fr\/essences-de-bois\/acacia-a-girafe-arbre-a-chameaux\/\">L\u2019acacia \u00e0 chameau (camel thorn)<\/a><\/li>\n<li><a href=\"https:\/\/dev2.prosono-hardwoods.com\/fr\/essences-de-bois\/bois-de-plomb\/\">Bois de plomb (bois \u00e9l\u00e9gant)<\/a><\/li>\n<li><a href=\"https:\/\/dev2.prosono-hardwoods.com\/fr\/essences-de-bois\/mopani\/\">Mopani<\/a><\/li>\n<li><a href=\"https:\/\/dev2.prosono-hardwoods.com\/fr\/essences-de-bois\/ivoire-rose\/\">Ivoire rouge ou rose<\/a><\/li>\n<li><a href=\"https:\/\/dev2.prosono-hardwoods.com\/fr\/essences-de-bois\/bois-de-fer\/\">Bois de fer (snake bean)<\/a><\/li>\n<li><a href=\"https:\/\/dev2.prosono-hardwoods.com\/fr\/essences-de-bois\/cocobolo-d-afrique-tambotie\/\">Tambotie (cocobolo africain)<\/a><\/li>\n<\/ul>\n<p>[\/vc_column_text][\/vc_column][\/vc_row][vc_row][vc_column][vc_images_carousel images=\u00a0\u00bb5673,5525,5677,5681,5517,5689&Prime; img_size=\u00a0\u00bbmedium\u00a0\u00bb slides_per_view=\u00a0\u00bb6&Prime; hide_pagination_control=\u00a0\u00bbyes\u00a0\u00bb hide_prev_next_buttons=\u00a0\u00bbyes\u00a0\u00bb][vc_row_inner css=\u00a0\u00bb.vc_custom_1599543358749{margin-top: 0px !important;margin-bottom: 0px !important;border-top-width: 0px !important;border-bottom-width: 0px !important;padding-top: 0px !important;padding-bottom: 0px !important;}\u00a0\u00bb][vc_column_inner][vc_column_text css=\u00a0\u00bb.vc_custom_1631523542788{margin-bottom: 50px !important;padding-top: 30px !important;padding-right: 30px !important;padding-bottom: 30px !important;padding-left: 30px !important;background-color: #77654d !important;}\u00a0\u00bb]<\/p>\n<h3 style=\"text-align: center;\"><span style=\"color: #ffffff;\"><em>\u201cJe viens de r\u00e9cup\u00e9rer le colis au bureau de poste. Le bois est en parfait \u00e9tat, magnifique et extr\u00eamement bien emball\u00e9. J&rsquo;en suis tr\u00e8s content et j&rsquo;ai h\u00e2te de repasser commande.\u201d<\/em><\/span><\/h3>\n<h6 style=\"text-align: center;\"><span style=\"color: #ffffff;\"><strong>~ Christophe Guirlande<\/strong><\/span><\/h6>\n<p>[\/vc_column_text][vc_btn title=\u00a0\u00bbNous contacter\u00a0\u00bb style=\u00a0\u00bbflat\u00a0\u00bb shape=\u00a0\u00bbsquare\u00a0\u00bb color=\u00a0\u00bbdanger\u00a0\u00bb size=\u00a0\u00bblg\u00a0\u00bb align=\u00a0\u00bbcenter\u00a0\u00bb css=\u00a0\u00bb.vc_custom_1631523560771{margin-bottom: 20px !important;border-bottom-width: 0px !important;padding-bottom: 0px !important;}\u00a0\u00bb link=\u00a0\u00bburl:%23form\u00a0\u00bb][\/vc_column_inner][\/vc_row_inner][\/vc_column][\/vc_row][vc_row css=\u00a0\u00bb.vc_custom_1599551732879{padding-top: 50px !important;}\u00a0\u00bb][vc_column][vc_text_separator title=\u00a0\u00bbBois pr\u00e9cieux pour \u00e9b\u00e9nistes, menuisiers et sculpteurs.\u00a0\u00bb color=\u00a0\u00bbcustom\u00a0\u00bb border_width=\u00a0\u00bb4&Prime; el_width=\u00a0\u00bb80&Prime; css=\u00a0\u00bb.vc_custom_1634029590866{margin-top: 10px !important;}\u00a0\u00bb accent_color=\u00a0\u00bb#b53a2c\u00a0\u00bb][\/vc_column][\/vc_row][vc_row equal_height=\u00a0\u00bbyes\u00a0\u00bb][vc_column width=\u00a0\u00bb1\/2&Prime;][vc_column_text css=\u00a0\u00bb.vc_custom_1634029697927{margin-bottom: 30px !important;padding-top: 30px !important;padding-right: 30px !important;padding-bottom: 30px !important;padding-left: 30px !important;background-color: #f6f5f1 !important;border-radius: 10px !important;}\u00a0\u00bb]<\/p>\n<h3>Bois lourds, r\u00e9sistant et pr\u00e9cieux pour la fabrication de meubles sur mesures et marqueterie.<\/h3>\n<p>ProSono propose du bois de haute qualit\u00e9 pour les fabricants de meubles sur mesures.<\/p>\n<p>Nos clients appr\u00e9cient la grenadille d\u00b4Afrique ou l&rsquo;ivoire rose pour les incrustations et travaux de marqueterie.<\/p>\n<p>Ceux-ci enrichissent leurs meubles avec de belles colorations et lustre de ces bois pr\u00e9cieux.<\/p>\n<h3>Bois de menuiserie.<\/h3>\n<p>Les bois rares et pr\u00e9cieux que nous proposons sont parfaitement adapt\u00e9s pour des applications de menuiserie fine, la d\u00e9coration d\u00b4int\u00e9rieur, les escaliers et balustrades, et les panneaux de d\u00e9coration.<\/p>\n<h3>Parquets massifs<\/h3>\n<p>Nos planchers en bois pr\u00e9cieux et r\u00e9sistants ajoutent une valeur unique \u00e0 votre int\u00e9rieur, ils sont susceptibles de durer toute une vie ou plus.<\/p>\n<p>Nous proposons des parquets uniques. Il s&rsquo;agit de d\u00e9coupes rectangulaires, constitu\u00e9es de filets de 8 mm d&rsquo;\u00e9paisseur, parfaitement rabot\u00e9s et assembl\u00e9s \u00e0 la main. Ces plaques \u00e0 coller sont livr\u00e9es sur feuilles de papier 3M amovibles pour installation rapide et facile.<\/p>\n<p>Les essences pris\u00e9es pour cette application sont l&rsquo;\u00e9b\u00e8ne des pharaons, (grenadille d\u00b4Afrique) maintenant de plus en plus rare, le mopani, l&rsquo;ivoire rose et le cocobolo africain.<\/p>\n<h3>D\u00e9coupes pour projet et bricolage<\/h3>\n<p>Nous fournissons des d\u00e9coupes de bois pour projet cela pour satisfaire \u00e0 la demande des artisans et des amateurs de bois de qualit\u00e9. Nous offrons \u00e0 chaque commande une palette de dimensions, \u00e9paisseurs, longueurs et \u00e9paisseurs.<\/p>\n<p>Ces planchettes sont export\u00e9es en caisse sp\u00e9cialement con\u00e7ues pour r\u00e9duire le co\u00fbt du transport.<\/p>\n<p>Les essences de bois\u00a0: ivoire rose, olivier sauvage, et cocobolo africain (tambotie) sont les plus appr\u00e9ci\u00e9es de nos clients.<\/p>\n<p>Jeux de dimensions typiques :<\/p>\n<ul>\n<li>largeurs : 60, 80, 100 ou 120 mm<\/li>\n<li>\u00e9paisseurs : 28, 38, 51 ou 75 mm<\/li>\n<li>longueurs : 600, 900, 1\u00a0200, 1\u00a0500, 1.800 mm.<\/li>\n<\/ul>\n<h3>Bois dur pour sculpteurs\u00a0:<\/h3>\n<p>Les sculpteurs sur bois recherchent g\u00e9n\u00e9ralement la vari\u00e9t\u00e9, les pi\u00e8ces uniques, souvent s\u00e9lectionn\u00e9es pour leur caract\u00e8re, et des prix abordables.<\/p>\n<p>Un nous offrons des caisses ou des cartons de pi\u00e8ces aux sculpteurs<\/p>\n<p>Ceux-ci contiennent des pi\u00e8ces de huit essences de bois dur, de dimension non-standard, que nous consid\u00e9rons d&rsquo;une valeur esth\u00e9tique pour les articles sculpt\u00e9s ou tourn\u00e9s.<\/p>\n<p>Les pi\u00e8ces sont emball\u00e9es dans des bo\u00eetes carton renforc\u00e9 de 10 ou 20 kilos et mises en caisses en envois de 100, 200 ou 500 kilos.[\/vc_column_text][\/vc_column][vc_column width=\u00a0\u00bb1\/2&Prime;][vc_single_image image=\u00a0\u00bb5541&Prime; img_size=\u00a0\u00bb1024&#215;600&Prime; alignment=\u00a0\u00bbcenter\u00a0\u00bb style=\u00a0\u00bbvc_box_shadow_3d\u00a0\u00bb css=\u00a0\u00bb.vc_custom_1631524882635{margin-top: 3px !important;margin-bottom: 0px !important;padding-bottom: 0px !important;}\u00a0\u00bb][vc_single_image image=\u00a0\u00bb5685&Prime; img_size=\u00a0\u00bb1024&#215;525&Prime; alignment=\u00a0\u00bbcenter\u00a0\u00bb style=\u00a0\u00bbvc_box_shadow_3d\u00a0\u00bb css=\u00a0\u00bb.vc_custom_1631524923381{margin-bottom: 0px !important;padding-bottom: 0px !important;}\u00a0\u00bb][vc_single_image image=\u00a0\u00bb5545&Prime; img_size=\u00a0\u00bb1024&#215;550&Prime; alignment=\u00a0\u00bbcenter\u00a0\u00bb style=\u00a0\u00bbvc_box_shadow_3d\u00a0\u00bb css=\u00a0\u00bb.vc_custom_1631524831377{margin-bottom: 0px !important;padding-bottom: 0px !important;}\u00a0\u00bb][vc_single_image image=\u00a0\u00bb6999&Prime; img_size=\u00a0\u00bbfull\u00a0\u00bb alignment=\u00a0\u00bbcenter\u00a0\u00bb style=\u00a0\u00bbvc_box_shadow_3d\u00a0\u00bb][\/vc_column][\/vc_row][vc_row][vc_column css=\u00a0\u00bb.vc_custom_1615897175485{padding-top: 50px !important;}\u00a0\u00bb el_id=\u00a0\u00bbform\u00a0\u00bb][vc_text_separator title=\u00a0\u00bbENVOYEZ-NOUS UN MESSAGE\u00a0\u00bb color=\u00a0\u00bbcustom\u00a0\u00bb border_width=\u00a0\u00bb4&Prime; el_width=\u00a0\u00bb60&Prime; css=\u00a0\u00bb.vc_custom_1631536238524{margin-top: 10px !important;}\u00a0\u00bb accent_color=\u00a0\u00bb#b53a2c\u00a0\u00bb][\/vc_column][\/vc_row][vc_row][vc_column]\n<div class=\"wpcf7 no-js\" id=\"wpcf7-f1193-o1\" lang=\"en-US\" dir=\"ltr\">\n<div class=\"screen-reader-response\"><p role=\"status\" aria-live=\"polite\" aria-atomic=\"true\"><\/p> <ul><\/ul><\/div>\n<form action=\"\/fr\/wp-json\/wp\/v2\/pages\/1217#wpcf7-f1193-o1\" method=\"post\" class=\"wpcf7-form init\" aria-label=\"Contact form\" novalidate=\"novalidate\" data-status=\"init\">\n<div style=\"display: none;\">\n<input type=\"hidden\" name=\"_wpcf7\" value=\"1193\" \/>\n<input type=\"hidden\" name=\"_wpcf7_version\" value=\"5.8.3\" \/>\n<input type=\"hidden\" name=\"_wpcf7_locale\" value=\"en_US\" \/>\n<input type=\"hidden\" name=\"_wpcf7_unit_tag\" value=\"wpcf7-f1193-o1\" \/>\n<input type=\"hidden\" name=\"_wpcf7_container_post\" value=\"0\" \/>\n<input type=\"hidden\" name=\"_wpcf7_posted_data_hash\" value=\"\" \/>\n<\/div>\n<div class=\"column one-second\">\n\t<p><span class=\"wpcf7-form-control-wrap\" data-name=\"your-name\"><input size=\"40\" class=\"wpcf7-form-control wpcf7-text wpcf7-validates-as-required\" aria-required=\"true\" aria-invalid=\"false\" placeholder=\"Votre nom\" value=\"\" type=\"text\" name=\"your-name\" \/><\/span>\n\t<\/p>\n<\/div>\n<div class=\"column one-second\">\n\t<p><span class=\"wpcf7-form-control-wrap\" data-name=\"your-email\"><input size=\"40\" class=\"wpcf7-form-control wpcf7-email wpcf7-validates-as-required wpcf7-text wpcf7-validates-as-email\" aria-required=\"true\" aria-invalid=\"false\" placeholder=\"Votre adresse \u00e9lectronique\" value=\"\" type=\"email\" name=\"your-email\" \/><\/span>\n\t<\/p>\n<\/div>\n<div class=\"column one\">\n\t<p><span class=\"wpcf7-form-control-wrap\" data-name=\"your-subject\"><input size=\"40\" class=\"wpcf7-form-control wpcf7-text\" aria-invalid=\"false\" placeholder=\"Sujet\" value=\"\" type=\"text\" name=\"your-subject\" \/><\/span>\n\t<\/p>\n<\/div>\n<div class=\"column one\">\n\t<p><span class=\"wpcf7-form-control-wrap\" data-name=\"your-message\"><textarea cols=\"40\" rows=\"6\" class=\"wpcf7-form-control wpcf7-textarea\" aria-invalid=\"false\" placeholder=\"Votre Message\" name=\"your-message\"><\/textarea><\/span>\n\t<\/p>\n<\/div>\n<div class=\"column one\">\n\t<p><input class=\"wpcf7-form-control wpcf7-submit has-spinner\" type=\"submit\" value=\"ENVOYER\" \/>\n\t<\/p>\n<\/div><p style=\"display: none !important;\"><label>&#916;<textarea name=\"_wpcf7_ak_hp_textarea\" cols=\"45\" rows=\"8\" maxlength=\"100\"><\/textarea><\/label><input type=\"hidden\" id=\"ak_js_1\" name=\"_wpcf7_ak_js\" value=\"75\"\/><script>document.getElementById( \"ak_js_1\" ).setAttribute( \"value\", ( new Date() ).getTime() );<\/script><\/p><div class=\"wpcf7-response-output\" aria-hidden=\"true\"><\/div>\n<\/form>\n<\/div>\n[\/vc_column][\/vc_row]<\/p>\n<\/section>","protected":false},"excerpt":{"rendered":"<p>[vc_row][vc_column][vc_single_image image=\u00a0\u00bb7490&Prime; img_size=\u00a0\u00bbfull\u00a0\u00bb alignment=\u00a0\u00bbright\u00a0\u00bb style=\u00a0\u00bbvc_box_shadow_3d\u00a0\u00bb][\/vc_column][\/vc_row][vc_row css=\u00a0\u00bb.vc_custom_1599654516246{margin-top: 0px !important;margin-right: 0px !important;margin-left: 0px !important;border-top-width: 0px !important;border-left-width: 4px !important;padding-top: 0px !important;padding-right: 0px !important;padding-left: 30px !important;border-left-color: #ae3307 !important;border-left-style: dotted !important;border-top-color:<span class=\"excerpt-hellip\"> [\u2026]<\/span><\/p>\n","protected":false},"author":4,"featured_media":0,"parent":0,"menu_order":0,"comment_status":"closed","ping_status":"closed","template":"","meta":{"_themeisle_gutenberg_block_has_review":false,"footnotes":""},"yoast_head":"<!-- This site is optimized with the Yoast SEO plugin v21.5 - https:\/\/yoast.com\/wordpress\/plugins\/seo\/ -->\n<title>D\u00e9coupes pour menuisiers, \u00e9b\u00e9nistes et sculpteurs - Prosono international<\/title>\n<meta name=\"description\" content=\"ProSono propose des sciages de bois pr\u00e9cieux aux \u00e9b\u00e9nistes, menuisiers et sculpteurs du monde entier.\" \/>\n<meta name=\"robots\" content=\"noindex, follow, max-snippet:-1, max-image-preview:large, max-video-preview:-1\" \/>\n<meta property=\"og:locale\" content=\"fr_FR\" \/>\n<meta property=\"og:type\" content=\"article\" \/>\n<meta property=\"og:title\" content=\"D\u00e9coupes pour menuisiers, \u00e9b\u00e9nistes et sculpteurs - Prosono international\" \/>\n<meta property=\"og:description\" content=\"ProSono propose des sciages de bois pr\u00e9cieux aux \u00e9b\u00e9nistes, menuisiers et sculpteurs du monde entier.\" \/>\n<meta property=\"og:url\" content=\"https:\/\/dev2.prosono-hardwoods.com\/fr\/bois-pour-ebenistes-sculpteur-menuisier\/\" \/>\n<meta property=\"og:site_name\" content=\"Prosono international\" \/>\n<meta property=\"article:modified_time\" content=\"2022-09-23T10:25:07+00:00\" \/>\n<meta name=\"twitter:card\" content=\"summary_large_image\" \/>\n<meta name=\"twitter:label1\" content=\"Dur\u00e9e de lecture estim\u00e9e\" \/>\n\t<meta name=\"twitter:data1\" content=\"6 minutes\" \/>\n<script type=\"application\/ld+json\" class=\"yoast-schema-graph\">{\"@context\":\"https:\/\/schema.org\",\"@graph\":[{\"@type\":\"WebPage\",\"@id\":\"https:\/\/dev2.prosono-hardwoods.com\/fr\/bois-pour-ebenistes-sculpteur-menuisier\/\",\"url\":\"https:\/\/dev2.prosono-hardwoods.com\/fr\/bois-pour-ebenistes-sculpteur-menuisier\/\",\"name\":\"D\u00e9coupes pour menuisiers, \u00e9b\u00e9nistes et sculpteurs - Prosono international\",\"isPartOf\":{\"@id\":\"https:\/\/dev2.prosono-hardwoods.com\/#website\"},\"datePublished\":\"2017-08-20T16:32:57+00:00\",\"dateModified\":\"2022-09-23T10:25:07+00:00\",\"description\":\"ProSono propose des sciages de bois pr\u00e9cieux aux \u00e9b\u00e9nistes, menuisiers et sculpteurs du monde entier.\",\"breadcrumb\":{\"@id\":\"https:\/\/dev2.prosono-hardwoods.com\/fr\/bois-pour-ebenistes-sculpteur-menuisier\/#breadcrumb\"},\"inLanguage\":\"fr-FR\",\"potentialAction\":[{\"@type\":\"ReadAction\",\"target\":[\"https:\/\/dev2.prosono-hardwoods.com\/fr\/bois-pour-ebenistes-sculpteur-menuisier\/\"]}]},{\"@type\":\"BreadcrumbList\",\"@id\":\"https:\/\/dev2.prosono-hardwoods.com\/fr\/bois-pour-ebenistes-sculpteur-menuisier\/#breadcrumb\",\"itemListElement\":[{\"@type\":\"ListItem\",\"position\":1,\"name\":\"Accueil\",\"item\":\"https:\/\/dev2.prosono-hardwoods.com\/\"},{\"@type\":\"ListItem\",\"position\":2,\"name\":\"D\u00e9coupes pour menuisiers, \u00e9b\u00e9nistes et sculpteurs\"}]},{\"@type\":\"WebSite\",\"@id\":\"https:\/\/dev2.prosono-hardwoods.com\/#website\",\"url\":\"https:\/\/dev2.prosono-hardwoods.com\/\",\"name\":\"Prosono international\",\"description\":\"\",\"publisher\":{\"@id\":\"https:\/\/dev2.prosono-hardwoods.com\/#organization\"},\"potentialAction\":[{\"@type\":\"SearchAction\",\"target\":{\"@type\":\"EntryPoint\",\"urlTemplate\":\"https:\/\/dev2.prosono-hardwoods.com\/?s={search_term_string}\"},\"query-input\":\"required name=search_term_string\"}],\"inLanguage\":\"fr-FR\"},{\"@type\":\"Organization\",\"@id\":\"https:\/\/dev2.prosono-hardwoods.com\/#organization\",\"name\":\"Prosono Hardwoods International\",\"url\":\"https:\/\/dev2.prosono-hardwoods.com\/\",\"logo\":{\"@type\":\"ImageObject\",\"inLanguage\":\"fr-FR\",\"@id\":\"https:\/\/dev2.prosono-hardwoods.com\/#\/schema\/logo\/image\/\",\"url\":\"https:\/\/dev2.prosono-hardwoods.com\/wp-content\/uploads\/2020\/08\/prosono-logo@2x.png\",\"contentUrl\":\"https:\/\/dev2.prosono-hardwoods.com\/wp-content\/uploads\/2020\/08\/prosono-logo@2x.png\",\"width\":404,\"height\":90,\"caption\":\"Prosono Hardwoods International\"},\"image\":{\"@id\":\"https:\/\/dev2.prosono-hardwoods.com\/#\/schema\/logo\/image\/\"}}]}<\/script>\n<!-- \/ Yoast SEO plugin. -->","yoast_head_json":{"title":"D\u00e9coupes pour menuisiers, \u00e9b\u00e9nistes et sculpteurs - Prosono international","description":"ProSono propose des sciages de bois pr\u00e9cieux aux \u00e9b\u00e9nistes, menuisiers et sculpteurs du monde entier.","robots":{"index":"noindex","follow":"follow","max-snippet":"max-snippet:-1","max-image-preview":"max-image-preview:large","max-video-preview":"max-video-preview:-1"},"og_locale":"fr_FR","og_type":"article","og_title":"D\u00e9coupes pour menuisiers, \u00e9b\u00e9nistes et sculpteurs - Prosono international","og_description":"ProSono propose des sciages de bois pr\u00e9cieux aux \u00e9b\u00e9nistes, menuisiers et sculpteurs du monde entier.","og_url":"https:\/\/dev2.prosono-hardwoods.com\/fr\/bois-pour-ebenistes-sculpteur-menuisier\/","og_site_name":"Prosono international","article_modified_time":"2022-09-23T10:25:07+00:00","twitter_card":"summary_large_image","twitter_misc":{"Dur\u00e9e de lecture estim\u00e9e":"6 minutes"},"schema":{"@context":"https:\/\/schema.org","@graph":[{"@type":"WebPage","@id":"https:\/\/dev2.prosono-hardwoods.com\/fr\/bois-pour-ebenistes-sculpteur-menuisier\/","url":"https:\/\/dev2.prosono-hardwoods.com\/fr\/bois-pour-ebenistes-sculpteur-menuisier\/","name":"D\u00e9coupes pour menuisiers, \u00e9b\u00e9nistes et sculpteurs - Prosono international","isPartOf":{"@id":"https:\/\/dev2.prosono-hardwoods.com\/#website"},"datePublished":"2017-08-20T16:32:57+00:00","dateModified":"2022-09-23T10:25:07+00:00","description":"ProSono propose des sciages de bois pr\u00e9cieux aux \u00e9b\u00e9nistes, menuisiers et sculpteurs du monde entier.","breadcrumb":{"@id":"https:\/\/dev2.prosono-hardwoods.com\/fr\/bois-pour-ebenistes-sculpteur-menuisier\/#breadcrumb"},"inLanguage":"fr-FR","potentialAction":[{"@type":"ReadAction","target":["https:\/\/dev2.prosono-hardwoods.com\/fr\/bois-pour-ebenistes-sculpteur-menuisier\/"]}]},{"@type":"BreadcrumbList","@id":"https:\/\/dev2.prosono-hardwoods.com\/fr\/bois-pour-ebenistes-sculpteur-menuisier\/#breadcrumb","itemListElement":[{"@type":"ListItem","position":1,"name":"Accueil","item":"https:\/\/dev2.prosono-hardwoods.com\/"},{"@type":"ListItem","position":2,"name":"D\u00e9coupes pour menuisiers, \u00e9b\u00e9nistes et sculpteurs"}]},{"@type":"WebSite","@id":"https:\/\/dev2.prosono-hardwoods.com\/#website","url":"https:\/\/dev2.prosono-hardwoods.com\/","name":"Prosono international","description":"","publisher":{"@id":"https:\/\/dev2.prosono-hardwoods.com\/#organization"},"potentialAction":[{"@type":"SearchAction","target":{"@type":"EntryPoint","urlTemplate":"https:\/\/dev2.prosono-hardwoods.com\/?s={search_term_string}"},"query-input":"required name=search_term_string"}],"inLanguage":"fr-FR"},{"@type":"Organization","@id":"https:\/\/dev2.prosono-hardwoods.com\/#organization","name":"Prosono Hardwoods International","url":"https:\/\/dev2.prosono-hardwoods.com\/","logo":{"@type":"ImageObject","inLanguage":"fr-FR","@id":"https:\/\/dev2.prosono-hardwoods.com\/#\/schema\/logo\/image\/","url":"https:\/\/dev2.prosono-hardwoods.com\/wp-content\/uploads\/2020\/08\/prosono-logo@2x.png","contentUrl":"https:\/\/dev2.prosono-hardwoods.com\/wp-content\/uploads\/2020\/08\/prosono-logo@2x.png","width":404,"height":90,"caption":"Prosono Hardwoods International"},"image":{"@id":"https:\/\/dev2.prosono-hardwoods.com\/#\/schema\/logo\/image\/"}}]}},"_links":{"self":[{"href":"https:\/\/dev2.prosono-hardwoods.com\/fr\/wp-json\/wp\/v2\/pages\/1217"}],"collection":[{"href":"https:\/\/dev2.prosono-hardwoods.com\/fr\/wp-json\/wp\/v2\/pages"}],"about":[{"href":"https:\/\/dev2.prosono-hardwoods.com\/fr\/wp-json\/wp\/v2\/types\/page"}],"author":[{"embeddable":true,"href":"https:\/\/dev2.prosono-hardwoods.com\/fr\/wp-json\/wp\/v2\/users\/4"}],"replies":[{"embeddable":true,"href":"https:\/\/dev2.prosono-hardwoods.com\/fr\/wp-json\/wp\/v2\/comments?post=1217"}],"version-history":[{"count":21,"href":"https:\/\/dev2.prosono-hardwoods.com\/fr\/wp-json\/wp\/v2\/pages\/1217\/revisions"}],"predecessor-version":[{"id":13542,"href":"https:\/\/dev2.prosono-hardwoods.com\/fr\/wp-json\/wp\/v2\/pages\/1217\/revisions\/13542"}],"wp:attachment":[{"href":"https:\/\/dev2.prosono-hardwoods.com\/fr\/wp-json\/wp\/v2\/media?parent=1217"}],"curies":[{"name":"wp","href":"https:\/\/api.w.org\/{rel}","templated":true}]}}