{"id":1222,"date":"2017-08-20T19:35:24","date_gmt":"2017-08-20T17:35:24","guid":{"rendered":"https:\/\/dev2.prosono-hardwoods.com\/fabricants-de-couteaux\/"},"modified":"2022-09-23T12:22:59","modified_gmt":"2022-09-23T10:22:59","slug":"bois-pour-manches-de-couteaux","status":"publish","type":"page","link":"https:\/\/dev2.prosono-hardwoods.com\/fr\/bois-pour-manches-de-couteaux\/","title":{"rendered":"Manches de couteaux d\u2019art et de petite s\u00e9rie"},"content":{"rendered":"<section class=\"wpb-content-wrapper\"><p>[vc_row][vc_column][vc_single_image image=\u00a0\u00bb5572&Prime; img_size=\u00a0\u00bbfull\u00a0\u00bb alignment=\u00a0\u00bbright\u00a0\u00bb style=\u00a0\u00bbvc_box_shadow_3d\u00a0\u00bb][\/vc_column][\/vc_row][vc_row css=\u00a0\u00bb.vc_custom_1615888165941{margin-top: 0px !important;margin-right: 0px !important;margin-left: 0px !important;border-top-width: 0px !important;border-left-width: 4px !important;padding-top: 0px !important;padding-right: 0px !important;padding-left: 30px !important;border-left-color: #ae3307 !important;border-left-style: dotted !important;border-top-color: #ae3307 !important;border-top-style: dotted !important;}\u00a0\u00bb][vc_column width=\u00a0\u00bb2\/3&Prime; css=\u00a0\u00bb.vc_custom_1599654008285{margin-top: 0px !important;margin-bottom: 0px !important;padding-top: 0px !important;padding-bottom: 0px !important;}\u00a0\u00bb][vc_column_text]<\/p>\n<h2><strong>Bois durs pour coutellier, coutellerie de petite s\u00e9rie et joaillerie<\/strong><\/h2>\n<p>[\/vc_column_text][vc_column_text css=\u00a0\u00bb.vc_custom_1631517073287{margin-bottom: 0px !important;border-bottom-width: 0px !important;padding-right: 10px !important;padding-bottom: 0px !important;}\u00a0\u00bb]ProSono propose des blocs et pi\u00e8ces jumelles pour couteaux. Nous offrons une gamme de bois d\u2019Afrique durs r\u00e9sistants et de faible porosit\u00e9. Ils sont adapt\u00e9s \u00e0 la fabrication de manches de couteaux uniques, pour les couverts de petite s\u00e9rie et couteaux de collection.<\/p>\n<p>Notre stock permanent d&rsquo;\u00e9bauches de manche de couteau se sp\u00e9cialise sur huit essences de bois pr\u00e9cieux, en quatre dimensions.<\/p>\n<p>Notre directeur de scierie s\u00e9lectionne personnellement les pi\u00e8ces pour manches de couteaux, afin de r\u00e9pondre aux exigences sp\u00e9cifiques de nos clients.<\/p>\n<p>Le bois dur que nous fournissons est r\u00e9colt\u00e9 de mani\u00e8re responsable, S\u00e9ch\u00e9 \u00e0 l\u2019air libre et sci\u00e9s aux dimensions requises.<\/p>\n<p>Les pi\u00e8ces s\u00e9lectionn\u00e9es pour la coutellerie sont soigneusement s\u00e9ch\u00e9es, emball\u00e9es et exp\u00e9di\u00e9es \u00e0 nos distributeurs et clients du monde entier.[\/vc_column_text][\/vc_column][vc_column width=\u00a0\u00bb1\/3&Prime; css=\u00a0\u00bb.vc_custom_1599654454226{margin-top: 0px !important;margin-right: 0px !important;margin-bottom: 0px !important;border-right-width: 0px !important;padding-top: 0px !important;padding-right: 0px !important;padding-bottom: 0px !important;padding-left: 20px !important;}\u00a0\u00bb][vc_column_text]<\/p>\n<h2><strong>Essences de bois<\/strong><\/h2>\n<p>[\/vc_column_text][vc_column_text css=\u00a0\u00bb.vc_custom_1643372310236{margin-right: 0px !important;border-right-width: 0px !important;padding-top: 18px !important;padding-right: 18px !important;padding-bottom: 18px !important;padding-left: 18px !important;background-color: #f6f5f1 !important;border-radius: 10px !important;}\u00a0\u00bb]<\/p>\n<ul>\n<li><a href=\"https:\/\/dev2.prosono-hardwoods.com\/fr\/essences-de-bois\/ebene-du-mozambique\/\">Grenadille d\u2019Afrique (\u00e9b\u00e8ne de Mozambique)<\/a><\/li>\n<li><a href=\"https:\/\/dev2.prosono-hardwoods.com\/fr\/essences-de-bois\/olivier-d-afrique-olivier-sauvage\/\">Olivier africain (olivier sauvage)<\/a><\/li>\n<li><a href=\"https:\/\/dev2.prosono-hardwoods.com\/fr\/essences-de-bois\/chacate-noire-guibourtia-conjugata\/\">Chacate noire<\/a><\/li>\n<li><a href=\"https:\/\/dev2.prosono-hardwoods.com\/fr\/essences-de-bois\/acacia-a-girafe-arbre-a-chameaux\/\">Acacia \u00e0 girafe (camel thorn)<\/a><\/li>\n<li><a href=\"https:\/\/dev2.prosono-hardwoods.com\/fr\/essences-de-bois\/bois-de-plomb\/\">Bois de plomb (bois \u00e9l\u00e9gant)<\/a><\/li>\n<li><a href=\"https:\/\/dev2.prosono-hardwoods.com\/fr\/essences-de-bois\/mopani\/\">Mopani<\/a><\/li>\n<li><a href=\"https:\/\/dev2.prosono-hardwoods.com\/fr\/essences-de-bois\/ivoire-rose\/\">Ivoire rouge ou rose<\/a><\/li>\n<li><a href=\"https:\/\/dev2.prosono-hardwoods.com\/fr\/essences-de-bois\/bois-de-fer\/\">Bois de fer (snake bean)<\/a><\/li>\n<li><a href=\"https:\/\/dev2.prosono-hardwoods.com\/fr\/essences-de-bois\/cocobolo-d-afrique-tambotie\/\">Tambotie (cocobolo africain)<\/a><\/li>\n<li>D\u2019autres esp\u00e8ces de bois tropicaux sont souvent disponibles.<\/li>\n<\/ul>\n<p>[\/vc_column_text][\/vc_column][\/vc_row][vc_row][vc_column offset=\u00a0\u00bbvc_hidden-sm vc_col-xs-12 vc_hidden-xs\u00a0\u00bb][vc_images_carousel images=\u00a0\u00bb5577,5585,5589,5605,5694,5698&Prime; img_size=\u00a0\u00bbmedium\u00a0\u00bb slides_per_view=\u00a0\u00bb6&Prime; hide_pagination_control=\u00a0\u00bbyes\u00a0\u00bb hide_prev_next_buttons=\u00a0\u00bbyes\u00a0\u00bb][vc_row_inner css=\u00a0\u00bb.vc_custom_1599543358749{margin-top: 0px !important;margin-bottom: 0px !important;border-top-width: 0px !important;border-bottom-width: 0px !important;padding-top: 0px !important;padding-bottom: 0px !important;}\u00a0\u00bb][vc_column_inner][vc_column_text css=\u00a0\u00bb.vc_custom_1631273817568{margin-bottom: 50px !important;padding-top: 30px !important;padding-right: 30px !important;padding-bottom: 30px !important;padding-left: 30px !important;background-color: #77654d !important;}\u00a0\u00bb]<\/p>\n<h3 style=\"text-align: center;\"><span style=\"color: #ffffff;\"><em>\u201cColis bien re\u00e7u ce jour \u00e0 mon domicile en parfait \u00e9tat. Ce bois est absolument magnifique, et c\u2019est bien d\u2019en avoir pris un bon nombre. En effet la teinte un peu variable et cela laisse un joli choix pour bricoler ! Je peux ainsi panacher pour mes amis. Il y a un morceau \u201cond\u00e9\u201d, quelle merveille ! Parfait pour tout, un achat que je ne regrette vraiment pas du tout ! Je vous recommanderai\u201d<\/em><\/span><\/h3>\n<h6 style=\"text-align: center;\"><span style=\"color: #ffffff;\"><strong>~ Christophe PICOD<\/strong><\/span><\/h6>\n<p>[\/vc_column_text][vc_btn title=\u00a0\u00bbNous contacter\u00a0\u00bb style=\u00a0\u00bbflat\u00a0\u00bb shape=\u00a0\u00bbsquare\u00a0\u00bb color=\u00a0\u00bbdanger\u00a0\u00bb size=\u00a0\u00bblg\u00a0\u00bb align=\u00a0\u00bbcenter\u00a0\u00bb css=\u00a0\u00bb.vc_custom_1631273865405{margin-bottom: 20px !important;border-bottom-width: 0px !important;padding-bottom: 0px !important;}\u00a0\u00bb link=\u00a0\u00bburl:%23form\u00a0\u00bb][\/vc_column_inner][\/vc_row_inner][\/vc_column][\/vc_row][vc_row css=\u00a0\u00bb.vc_custom_1615892396587{padding-top: 50px !important;}\u00a0\u00bb el_id=\u00a0\u00bbdimensions\u00a0\u00bb][vc_column][vc_text_separator title=\u00a0\u00bbPIECES DE BOIS SECS QUE NOUS STOCKONS PRECIEUSEMENT\u00a0\u00bb color=\u00a0\u00bbcustom\u00a0\u00bb border_width=\u00a0\u00bb4&Prime; css=\u00a0\u00bb.vc_custom_1631273941145{margin-top: 10px !important;}\u00a0\u00bb accent_color=\u00a0\u00bb#b53a2c\u00a0\u00bb][\/vc_column][\/vc_row][vc_row][vc_column][vc_column_text]<\/p>\n<table>\n<tbody>\n<tr style=\"background-color: #dcdad2;\">\n<th colspan=\"3\"><strong>Dimensions standards pour manches de couteaux<\/strong><\/th>\n<\/tr>\n<tr>\n<td><b>Mesures anglo-saxonnes<\/b><\/td>\n<td><strong>en mm<\/strong><\/td>\n<td><strong>en dm<sup>3<\/sup><\/strong><\/td>\n<\/tr>\n<tr>\n<td>2\u2033 x 1\u2033 x 6\u2033<\/td>\n<td>51 x 28 x 155<\/td>\n<td>0.221<\/td>\n<\/tr>\n<tr>\n<td>2\u2033 x 1\u2033 x 5\u2033<\/td>\n<td>51 x 28 x 130<\/td>\n<td>0.186<\/td>\n<\/tr>\n<tr>\n<td>1.5\u2033x 1 \u201cx 5\u201d<\/td>\n<td>38 x 28 x 130<\/td>\n<td>0.138<\/td>\n<\/tr>\n<tr>\n<td>1.5\u2033 x 1\u2033 x 4\u2033<\/td>\n<td>38 x 28 x 105<\/td>\n<td>0.112<\/td>\n<\/tr>\n<\/tbody>\n<\/table>\n<p>[\/vc_column_text][\/vc_column][\/vc_row][vc_row css=\u00a0\u00bb.vc_custom_1599551732879{padding-top: 50px !important;}\u00a0\u00bb][vc_column][vc_text_separator title=\u00a0\u00bbECAILLES ET BLOCS POUR MANCHES DE COUTEAUX\u00a0\u00bb color=\u00a0\u00bbcustom\u00a0\u00bb border_width=\u00a0\u00bb4&Prime; css=\u00a0\u00bb.vc_custom_1631520548038{margin-top: 10px !important;}\u00a0\u00bb accent_color=\u00a0\u00bb#b53a2c\u00a0\u00bb][\/vc_column][\/vc_row][vc_row][vc_column width=\u00a0\u00bb1\/2&Prime;][vc_column_text css=\u00a0\u00bb.vc_custom_1631517399529{margin-bottom: 30px !important;padding-top: 30px !important;padding-right: 30px !important;padding-bottom: 30px !important;padding-left: 30px !important;background-color: #f6f5f1 !important;border-radius: 10px !important;}\u00a0\u00bb]<\/p>\n<h3>Vente march\u00e9 sudafricain<\/h3>\n<p>Depuis 2009 nous participons aux expositions des confr\u00e9ries de couteliers et foires sp\u00e9cialis\u00e9es de Johannesburg, Pretoria, Ville du Cap et Durban.<\/p>\n<p>Le bouche \u00e0 oreille a fortement augment\u00e9 notre client\u00e8le d\u00e8s les premiers jours.<\/p>\n<p>Depuis lors, les couteliers et les joailliers visitent quasiment journellement notre scierie o\u00f9 ils peuvent choisir les pi\u00e8ces satisfaisant leurs besoins techniques et pr\u00e9f\u00e9rences esth\u00e9tiques.<\/p>\n<p>Nos stocks de pi\u00e8ces pour la coutellerie sont organis\u00e9s par essences, dimensions et dur\u00e9e de s\u00e9chage.<\/p>\n<h3>Exportation et distributeurs \u00e9trangers<\/h3>\n<p>Nous avons export\u00e9 nos manches de couteaux vers les USA, le Canada, la France, la Finlande, l\u2019Arabie Saoudite, l\u2019Australie et plus r\u00e9cemment la Suisse.<\/p>\n<p>Nous encourageons les fabricants de pi\u00e8ces personnalis\u00e9es et de petites s\u00e9ries de nous demander des photos pour leur s\u00e9lection.<\/p>\n<p>Dans ce contexte, il est utile que notre client\u00e8le sp\u00e9cifie leurs pr\u00e9f\u00e9rences, par exemple\u00a0:<\/p>\n<ul>\n<li>Couleur et ombrage uniforme<\/li>\n<li>Veinure fortement ou faiblement visible<\/li>\n<li>Pi\u00e8ces \u00e0 veinure ond\u00e9e ou pointill\u00e9e ou ou n\u0153uds dits yeux d\u2019oiseau<\/li>\n<\/ul>\n<p>Notre directeur de scierie se fait un plaisir de s\u00e9lectionner des pi\u00e8ces uniques selon les d\u00e9sirs de notre client\u00e8le.<\/p>\n<p>Il est probablement utile d\u00b4initialement s\u00e9lectionner une large vari\u00e9t\u00e9 de bois cela pour se rendre compte au touch\u00e9 des essences les mieux adapt\u00e9es.[\/vc_column_text][\/vc_column][vc_column width=\u00a0\u00bb1\/2&Prime;][vc_single_image image=\u00a0\u00bb5702&Prime; img_size=\u00a0\u00bb1024&#215;640&Prime; alignment=\u00a0\u00bbcenter\u00a0\u00bb style=\u00a0\u00bbvc_box_shadow_3d\u00a0\u00bb css=\u00a0\u00bb.vc_custom_1617010321727{margin-top: 3px !important;}\u00a0\u00bb][vc_single_image image=\u00a0\u00bb5629&Prime; img_size=\u00a0\u00bb1024&#215;600&Prime; alignment=\u00a0\u00bbcenter\u00a0\u00bb style=\u00a0\u00bbvc_box_shadow_3d\u00a0\u00bb css=\u00a0\u00bb.vc_custom_1616571626029{margin-top: -30px !important;border-top-width: 0px !important;border-bottom-width: 5px !important;padding-top: 0px !important;}\u00a0\u00bb][\/vc_column][\/vc_row][vc_row][vc_column css=\u00a0\u00bb.vc_custom_1615897223399{padding-top: 50px !important;}\u00a0\u00bb el_id=\u00a0\u00bbform\u00a0\u00bb][vc_text_separator title=\u00a0\u00bbENVOYER UN MESSAGE\u00a0\u00bb color=\u00a0\u00bbcustom\u00a0\u00bb border_width=\u00a0\u00bb4&Prime; el_width=\u00a0\u00bb60&Prime; css=\u00a0\u00bb.vc_custom_1631274263044{margin-top: 10px !important;}\u00a0\u00bb accent_color=\u00a0\u00bb#b53a2c\u00a0\u00bb][\/vc_column][\/vc_row][vc_row][vc_column]\n<div class=\"wpcf7 no-js\" id=\"wpcf7-f1193-o1\" lang=\"en-US\" dir=\"ltr\">\n<div class=\"screen-reader-response\"><p role=\"status\" aria-live=\"polite\" aria-atomic=\"true\"><\/p> <ul><\/ul><\/div>\n<form action=\"\/fr\/wp-json\/wp\/v2\/pages\/1222#wpcf7-f1193-o1\" method=\"post\" class=\"wpcf7-form init\" aria-label=\"Contact form\" novalidate=\"novalidate\" data-status=\"init\">\n<div style=\"display: none;\">\n<input type=\"hidden\" name=\"_wpcf7\" value=\"1193\" \/>\n<input type=\"hidden\" name=\"_wpcf7_version\" value=\"5.8.3\" \/>\n<input type=\"hidden\" name=\"_wpcf7_locale\" value=\"en_US\" \/>\n<input type=\"hidden\" name=\"_wpcf7_unit_tag\" value=\"wpcf7-f1193-o1\" \/>\n<input type=\"hidden\" name=\"_wpcf7_container_post\" value=\"0\" \/>\n<input type=\"hidden\" name=\"_wpcf7_posted_data_hash\" value=\"\" \/>\n<\/div>\n<div class=\"column one-second\">\n\t<p><span class=\"wpcf7-form-control-wrap\" data-name=\"your-name\"><input size=\"40\" class=\"wpcf7-form-control wpcf7-text wpcf7-validates-as-required\" aria-required=\"true\" aria-invalid=\"false\" placeholder=\"Votre nom\" value=\"\" type=\"text\" name=\"your-name\" \/><\/span>\n\t<\/p>\n<\/div>\n<div class=\"column one-second\">\n\t<p><span class=\"wpcf7-form-control-wrap\" data-name=\"your-email\"><input size=\"40\" class=\"wpcf7-form-control wpcf7-email wpcf7-validates-as-required wpcf7-text wpcf7-validates-as-email\" aria-required=\"true\" aria-invalid=\"false\" placeholder=\"Votre adresse \u00e9lectronique\" value=\"\" type=\"email\" name=\"your-email\" \/><\/span>\n\t<\/p>\n<\/div>\n<div class=\"column one\">\n\t<p><span class=\"wpcf7-form-control-wrap\" data-name=\"your-subject\"><input size=\"40\" class=\"wpcf7-form-control wpcf7-text\" aria-invalid=\"false\" placeholder=\"Sujet\" value=\"\" type=\"text\" name=\"your-subject\" \/><\/span>\n\t<\/p>\n<\/div>\n<div class=\"column one\">\n\t<p><span class=\"wpcf7-form-control-wrap\" data-name=\"your-message\"><textarea cols=\"40\" rows=\"6\" class=\"wpcf7-form-control wpcf7-textarea\" aria-invalid=\"false\" placeholder=\"Votre Message\" name=\"your-message\"><\/textarea><\/span>\n\t<\/p>\n<\/div>\n<div class=\"column one\">\n\t<p><input class=\"wpcf7-form-control wpcf7-submit has-spinner\" type=\"submit\" value=\"ENVOYER\" \/>\n\t<\/p>\n<\/div><p style=\"display: none !important;\"><label>&#916;<textarea name=\"_wpcf7_ak_hp_textarea\" cols=\"45\" rows=\"8\" maxlength=\"100\"><\/textarea><\/label><input type=\"hidden\" id=\"ak_js_1\" name=\"_wpcf7_ak_js\" value=\"48\"\/><script>document.getElementById( \"ak_js_1\" ).setAttribute( \"value\", ( new Date() ).getTime() );<\/script><\/p><div class=\"wpcf7-response-output\" aria-hidden=\"true\"><\/div>\n<\/form>\n<\/div>\n[\/vc_column][\/vc_row]<\/p>\n<\/section>","protected":false},"excerpt":{"rendered":"<p>[vc_row][vc_column][vc_single_image image=\u00a0\u00bb5572&Prime; img_size=\u00a0\u00bbfull\u00a0\u00bb alignment=\u00a0\u00bbright\u00a0\u00bb style=\u00a0\u00bbvc_box_shadow_3d\u00a0\u00bb][\/vc_column][\/vc_row][vc_row css=\u00a0\u00bb.vc_custom_1615888165941{margin-top: 0px !important;margin-right: 0px !important;margin-left: 0px !important;border-top-width: 0px !important;border-left-width: 4px !important;padding-top: 0px !important;padding-right: 0px !important;padding-left: 30px !important;border-left-color: #ae3307 !important;border-left-style: dotted !important;border-top-color:<span class=\"excerpt-hellip\"> [\u2026]<\/span><\/p>\n","protected":false},"author":4,"featured_media":0,"parent":0,"menu_order":0,"comment_status":"closed","ping_status":"closed","template":"","meta":{"_themeisle_gutenberg_block_has_review":false,"footnotes":""},"yoast_head":"<!-- This site is optimized with the Yoast SEO plugin v21.5 - https:\/\/yoast.com\/wordpress\/plugins\/seo\/ -->\n<title>Manches de couteaux d\u2019art et de petite s\u00e9rie - Prosono international<\/title>\n<meta name=\"description\" content=\"ProSono propose des bois pr\u00e9cieux pour couteaux, blocs et pi\u00e8ces jumelles pour coutelliers, fabricants de couteaux personnalis\u00e9s, coutellerie d\u00b4art, couteaux de chasse, ou de petite s\u00e9rie.\" \/>\n<meta name=\"robots\" content=\"noindex, follow, max-snippet:-1, max-image-preview:large, max-video-preview:-1\" \/>\n<meta property=\"og:locale\" content=\"fr_FR\" \/>\n<meta property=\"og:type\" content=\"article\" \/>\n<meta property=\"og:title\" content=\"Manches de couteaux d\u2019art et de petite s\u00e9rie - Prosono international\" \/>\n<meta property=\"og:description\" content=\"ProSono propose des bois pr\u00e9cieux pour couteaux, blocs et pi\u00e8ces jumelles pour coutelliers, fabricants de couteaux personnalis\u00e9s, coutellerie d\u00b4art, couteaux de chasse, ou de petite s\u00e9rie.\" \/>\n<meta property=\"og:url\" content=\"https:\/\/dev2.prosono-hardwoods.com\/fr\/bois-pour-manches-de-couteaux\/\" \/>\n<meta property=\"og:site_name\" content=\"Prosono international\" \/>\n<meta property=\"article:modified_time\" content=\"2022-09-23T10:22:59+00:00\" \/>\n<meta name=\"twitter:card\" content=\"summary_large_image\" \/>\n<meta name=\"twitter:label1\" content=\"Dur\u00e9e de lecture estim\u00e9e\" \/>\n\t<meta name=\"twitter:data1\" content=\"5 minutes\" \/>\n<script type=\"application\/ld+json\" class=\"yoast-schema-graph\">{\"@context\":\"https:\/\/schema.org\",\"@graph\":[{\"@type\":\"WebPage\",\"@id\":\"https:\/\/dev2.prosono-hardwoods.com\/fr\/bois-pour-manches-de-couteaux\/\",\"url\":\"https:\/\/dev2.prosono-hardwoods.com\/fr\/bois-pour-manches-de-couteaux\/\",\"name\":\"Manches de couteaux d\u2019art et de petite s\u00e9rie - Prosono international\",\"isPartOf\":{\"@id\":\"https:\/\/dev2.prosono-hardwoods.com\/#website\"},\"datePublished\":\"2017-08-20T17:35:24+00:00\",\"dateModified\":\"2022-09-23T10:22:59+00:00\",\"description\":\"ProSono propose des bois pr\u00e9cieux pour couteaux, blocs et pi\u00e8ces jumelles pour coutelliers, fabricants de couteaux personnalis\u00e9s, coutellerie d\u00b4art, couteaux de chasse, ou de petite s\u00e9rie.\",\"breadcrumb\":{\"@id\":\"https:\/\/dev2.prosono-hardwoods.com\/fr\/bois-pour-manches-de-couteaux\/#breadcrumb\"},\"inLanguage\":\"fr-FR\",\"potentialAction\":[{\"@type\":\"ReadAction\",\"target\":[\"https:\/\/dev2.prosono-hardwoods.com\/fr\/bois-pour-manches-de-couteaux\/\"]}]},{\"@type\":\"BreadcrumbList\",\"@id\":\"https:\/\/dev2.prosono-hardwoods.com\/fr\/bois-pour-manches-de-couteaux\/#breadcrumb\",\"itemListElement\":[{\"@type\":\"ListItem\",\"position\":1,\"name\":\"Accueil\",\"item\":\"https:\/\/dev2.prosono-hardwoods.com\/\"},{\"@type\":\"ListItem\",\"position\":2,\"name\":\"Manches de couteaux d\u2019art et de petite s\u00e9rie\"}]},{\"@type\":\"WebSite\",\"@id\":\"https:\/\/dev2.prosono-hardwoods.com\/#website\",\"url\":\"https:\/\/dev2.prosono-hardwoods.com\/\",\"name\":\"Prosono international\",\"description\":\"\",\"publisher\":{\"@id\":\"https:\/\/dev2.prosono-hardwoods.com\/#organization\"},\"potentialAction\":[{\"@type\":\"SearchAction\",\"target\":{\"@type\":\"EntryPoint\",\"urlTemplate\":\"https:\/\/dev2.prosono-hardwoods.com\/?s={search_term_string}\"},\"query-input\":\"required name=search_term_string\"}],\"inLanguage\":\"fr-FR\"},{\"@type\":\"Organization\",\"@id\":\"https:\/\/dev2.prosono-hardwoods.com\/#organization\",\"name\":\"Prosono Hardwoods International\",\"url\":\"https:\/\/dev2.prosono-hardwoods.com\/\",\"logo\":{\"@type\":\"ImageObject\",\"inLanguage\":\"fr-FR\",\"@id\":\"https:\/\/dev2.prosono-hardwoods.com\/#\/schema\/logo\/image\/\",\"url\":\"https:\/\/dev2.prosono-hardwoods.com\/wp-content\/uploads\/2020\/08\/prosono-logo@2x.png\",\"contentUrl\":\"https:\/\/dev2.prosono-hardwoods.com\/wp-content\/uploads\/2020\/08\/prosono-logo@2x.png\",\"width\":404,\"height\":90,\"caption\":\"Prosono Hardwoods International\"},\"image\":{\"@id\":\"https:\/\/dev2.prosono-hardwoods.com\/#\/schema\/logo\/image\/\"}}]}<\/script>\n<!-- \/ Yoast SEO plugin. -->","yoast_head_json":{"title":"Manches de couteaux d\u2019art et de petite s\u00e9rie - Prosono international","description":"ProSono propose des bois pr\u00e9cieux pour couteaux, blocs et pi\u00e8ces jumelles pour coutelliers, fabricants de couteaux personnalis\u00e9s, coutellerie d\u00b4art, couteaux de chasse, ou de petite s\u00e9rie.","robots":{"index":"noindex","follow":"follow","max-snippet":"max-snippet:-1","max-image-preview":"max-image-preview:large","max-video-preview":"max-video-preview:-1"},"og_locale":"fr_FR","og_type":"article","og_title":"Manches de couteaux d\u2019art et de petite s\u00e9rie - Prosono international","og_description":"ProSono propose des bois pr\u00e9cieux pour couteaux, blocs et pi\u00e8ces jumelles pour coutelliers, fabricants de couteaux personnalis\u00e9s, coutellerie d\u00b4art, couteaux de chasse, ou de petite s\u00e9rie.","og_url":"https:\/\/dev2.prosono-hardwoods.com\/fr\/bois-pour-manches-de-couteaux\/","og_site_name":"Prosono international","article_modified_time":"2022-09-23T10:22:59+00:00","twitter_card":"summary_large_image","twitter_misc":{"Dur\u00e9e de lecture estim\u00e9e":"5 minutes"},"schema":{"@context":"https:\/\/schema.org","@graph":[{"@type":"WebPage","@id":"https:\/\/dev2.prosono-hardwoods.com\/fr\/bois-pour-manches-de-couteaux\/","url":"https:\/\/dev2.prosono-hardwoods.com\/fr\/bois-pour-manches-de-couteaux\/","name":"Manches de couteaux d\u2019art et de petite s\u00e9rie - Prosono international","isPartOf":{"@id":"https:\/\/dev2.prosono-hardwoods.com\/#website"},"datePublished":"2017-08-20T17:35:24+00:00","dateModified":"2022-09-23T10:22:59+00:00","description":"ProSono propose des bois pr\u00e9cieux pour couteaux, blocs et pi\u00e8ces jumelles pour coutelliers, fabricants de couteaux personnalis\u00e9s, coutellerie d\u00b4art, couteaux de chasse, ou de petite s\u00e9rie.","breadcrumb":{"@id":"https:\/\/dev2.prosono-hardwoods.com\/fr\/bois-pour-manches-de-couteaux\/#breadcrumb"},"inLanguage":"fr-FR","potentialAction":[{"@type":"ReadAction","target":["https:\/\/dev2.prosono-hardwoods.com\/fr\/bois-pour-manches-de-couteaux\/"]}]},{"@type":"BreadcrumbList","@id":"https:\/\/dev2.prosono-hardwoods.com\/fr\/bois-pour-manches-de-couteaux\/#breadcrumb","itemListElement":[{"@type":"ListItem","position":1,"name":"Accueil","item":"https:\/\/dev2.prosono-hardwoods.com\/"},{"@type":"ListItem","position":2,"name":"Manches de couteaux d\u2019art et de petite s\u00e9rie"}]},{"@type":"WebSite","@id":"https:\/\/dev2.prosono-hardwoods.com\/#website","url":"https:\/\/dev2.prosono-hardwoods.com\/","name":"Prosono international","description":"","publisher":{"@id":"https:\/\/dev2.prosono-hardwoods.com\/#organization"},"potentialAction":[{"@type":"SearchAction","target":{"@type":"EntryPoint","urlTemplate":"https:\/\/dev2.prosono-hardwoods.com\/?s={search_term_string}"},"query-input":"required name=search_term_string"}],"inLanguage":"fr-FR"},{"@type":"Organization","@id":"https:\/\/dev2.prosono-hardwoods.com\/#organization","name":"Prosono Hardwoods International","url":"https:\/\/dev2.prosono-hardwoods.com\/","logo":{"@type":"ImageObject","inLanguage":"fr-FR","@id":"https:\/\/dev2.prosono-hardwoods.com\/#\/schema\/logo\/image\/","url":"https:\/\/dev2.prosono-hardwoods.com\/wp-content\/uploads\/2020\/08\/prosono-logo@2x.png","contentUrl":"https:\/\/dev2.prosono-hardwoods.com\/wp-content\/uploads\/2020\/08\/prosono-logo@2x.png","width":404,"height":90,"caption":"Prosono Hardwoods International"},"image":{"@id":"https:\/\/dev2.prosono-hardwoods.com\/#\/schema\/logo\/image\/"}}]}},"_links":{"self":[{"href":"https:\/\/dev2.prosono-hardwoods.com\/fr\/wp-json\/wp\/v2\/pages\/1222"}],"collection":[{"href":"https:\/\/dev2.prosono-hardwoods.com\/fr\/wp-json\/wp\/v2\/pages"}],"about":[{"href":"https:\/\/dev2.prosono-hardwoods.com\/fr\/wp-json\/wp\/v2\/types\/page"}],"author":[{"embeddable":true,"href":"https:\/\/dev2.prosono-hardwoods.com\/fr\/wp-json\/wp\/v2\/users\/4"}],"replies":[{"embeddable":true,"href":"https:\/\/dev2.prosono-hardwoods.com\/fr\/wp-json\/wp\/v2\/comments?post=1222"}],"version-history":[{"count":15,"href":"https:\/\/dev2.prosono-hardwoods.com\/fr\/wp-json\/wp\/v2\/pages\/1222\/revisions"}],"predecessor-version":[{"id":13541,"href":"https:\/\/dev2.prosono-hardwoods.com\/fr\/wp-json\/wp\/v2\/pages\/1222\/revisions\/13541"}],"wp:attachment":[{"href":"https:\/\/dev2.prosono-hardwoods.com\/fr\/wp-json\/wp\/v2\/media?parent=1222"}],"curies":[{"name":"wp","href":"https:\/\/api.w.org\/{rel}","templated":true}]}}