{"id":1252,"date":"2017-08-20T22:15:14","date_gmt":"2017-08-20T20:15:14","guid":{"rendered":"https:\/\/dev2.prosono-hardwoods.com\/les-clients\/fabricants-de-cornemuses-et-dautres-instruments-folkloriques\/"},"modified":"2023-06-13T16:59:01","modified_gmt":"2023-06-13T14:59:01","slug":"pour-cornemuses-et-instruments-folkloriques","status":"publish","type":"page","link":"https:\/\/dev2.prosono-hardwoods.com\/fr\/bois-de-lutherie\/pour-cornemuses-et-instruments-folkloriques\/","title":{"rendered":"Bois pour cornemuses, flutes, et instruments folkloriques"},"content":{"rendered":"<section class=\"wpb-content-wrapper\"><p>[vc_row][vc_column][vc_single_image image=\u00a0\u00bb7457&Prime; img_size=\u00a0\u00bbfull\u00a0\u00bb alignment=\u00a0\u00bbright\u00a0\u00bb style=\u00a0\u00bbvc_box_shadow_3d\u00a0\u00bb][\/vc_column][\/vc_row][vc_row css=\u00a0\u00bb.vc_custom_1615888165941{margin-top: 0px !important;margin-right: 0px !important;margin-left: 0px !important;border-top-width: 0px !important;border-left-width: 4px !important;padding-top: 0px !important;padding-right: 0px !important;padding-left: 30px !important;border-left-color: #ae3307 !important;border-left-style: dotted !important;border-top-color: #ae3307 !important;border-top-style: dotted !important;}\u00a0\u00bb][vc_column width=\u00a0\u00bb2\/3&Prime; css=\u00a0\u00bb.vc_custom_1599654008285{margin-top: 0px !important;margin-bottom: 0px !important;padding-top: 0px !important;padding-bottom: 0px !important;}\u00a0\u00bb][vc_column_text]<\/p>\n<h2><strong>D\u00e9coupes de bois de qualit\u00e9 pour cornemuses et instruments folkloriques.<\/strong><\/h2>\n<p>[\/vc_column_text][vc_column_text css=\u00a0\u00bb.vc_custom_1631104809219{margin-bottom: 0px !important;border-bottom-width: 0px !important;padding-right: 10px !important;padding-bottom: 0px !important;}\u00a0\u00bb]ProSono propose :<\/p>\n<ul>\n<li>Jeux de bois de lutherie de haute densit\u00e9 et faible porosit\u00e9 pour biniou, bombarde, cornemuses \u00e9cossaises, anglaises, irlandaises, espagnoles (galiciennes, asturiennes) et autres.<\/li>\n<li>Carrelets de bois de lutherie pour les instruments folkloriques de la flute de pan roumaine, au kaval bulgare ou encore au t\u00e1rogat\u00f3 hongrois<\/li>\n<li>Carrelets pour baguettes de tambour.<\/li>\n<\/ul>\n<p>Nous sommes m\u00e9ticuleux dans la s\u00e9lection, la coupe, le repos des d\u00e9coupes et l&rsquo;exp\u00e9dition des bois de lutherie. Ceci est essentiel pour que nos clients puissent fabriquer des instruments de qualit\u00e9 avec un minimum de d\u00e9chets.<\/p>\n<p>Ci-dessous, nos commentaires sur les meilleurs bois pour cornemuses et instruments \u00e0 vent traditionnels.[\/vc_column_text][\/vc_column][vc_column width=\u00a0\u00bb1\/3&Prime; css=\u00a0\u00bb.vc_custom_1599654454226{margin-top: 0px !important;margin-right: 0px !important;margin-bottom: 0px !important;border-right-width: 0px !important;padding-top: 0px !important;padding-right: 0px !important;padding-bottom: 0px !important;padding-left: 20px !important;}\u00a0\u00bb][vc_column_text css=\u00a0\u00bb.vc_custom_1643371652788{margin-right: 0px !important;border-right-width: 0px !important;padding-top: 18px !important;padding-right: 18px !important;padding-bottom: 18px !important;padding-left: 18px !important;background-color: #f6f5f1 !important;border-radius: 10px !important;}\u00a0\u00bb]<\/p>\n<ul>\n<li><a href=\"https:\/\/dev2.prosono-hardwoods.com\/fr\/essences-de-bois\/mopani\/\">Mopani<\/a><\/li>\n<li><a href=\"https:\/\/dev2.prosono-hardwoods.com\/fr\/essences-de-bois\/bois-de-plomb\/\">Bois de plomb (bois \u00e9l\u00e9gant)<\/a><\/li>\n<li><a href=\"https:\/\/dev2.prosono-hardwoods.com\/fr\/essences-de-bois\/chacate-noire-guibourtia-conjugata\/\">Chacate noire<\/a><\/li>\n<li><a href=\"https:\/\/dev2.prosono-hardwoods.com\/fr\/essences-de-bois\/ebene-du-mozambique\/\">Eb\u00e8ne de Mozambique (Grenadille d\u2019Afrique)<\/a><\/li>\n<li><a href=\"https:\/\/dev2.prosono-hardwoods.com\/fr\/essences-de-bois\/olivier-d-afrique-olivier-sauvage\/\">Autres essences\u00a0: olivier, ivoire rose sur demande.<\/a><\/li>\n<\/ul>\n<p>[\/vc_column_text][\/vc_column][\/vc_row][vc_row][vc_column][vc_images_carousel images=\u00a0\u00bb6974,6163,6175,6155,6183,6179&Prime; img_size=\u00a0\u00bbmedium\u00a0\u00bb slides_per_view=\u00a0\u00bb6&Prime; hide_pagination_control=\u00a0\u00bbyes\u00a0\u00bb hide_prev_next_buttons=\u00a0\u00bbyes\u00a0\u00bb][vc_row_inner css=\u00a0\u00bb.vc_custom_1599543358749{margin-top: 0px !important;margin-bottom: 0px !important;border-top-width: 0px !important;border-bottom-width: 0px !important;padding-top: 0px !important;padding-bottom: 0px !important;}\u00a0\u00bb][vc_column_inner][vc_column_text css=\u00a0\u00bb.vc_custom_1631104992752{margin-bottom: 50px !important;padding-top: 30px !important;padding-right: 30px !important;padding-bottom: 30px !important;padding-left: 30px !important;background-color: #77654d !important;}\u00a0\u00bb]<\/p>\n<h3 style=\"text-align: center;\"><span style=\"color: #ffffff;\"><em>\u00ab\u00a0Ce que j&rsquo;ai re\u00e7u de ProSono est le meilleur bois que j&rsquo;aie achet\u00e9. Toutes les pi\u00e8ces \u00e9taient en effet de qualit\u00e9 musicale.<br \/>\nJe n&rsquo;ai jamais eu un rendement de 100 % auparavant.\u00a0\u00bb<\/em><\/span><\/h3>\n<h6 style=\"text-align: center;\"><span style=\"color: #ffffff;\"><strong>~ Ron Peeler, Peeler Fifes<\/strong><\/span><\/h6>\n<p>[\/vc_column_text][vc_btn title=\u00a0\u00bbNous contacter\u00a0\u00bb style=\u00a0\u00bbflat\u00a0\u00bb shape=\u00a0\u00bbsquare\u00a0\u00bb color=\u00a0\u00bbdanger\u00a0\u00bb size=\u00a0\u00bblg\u00a0\u00bb align=\u00a0\u00bbcenter\u00a0\u00bb css=\u00a0\u00bb.vc_custom_1631105031826{margin-bottom: 20px !important;border-bottom-width: 0px !important;padding-bottom: 0px !important;}\u00a0\u00bb link=\u00a0\u00bburl:%23form\u00a0\u00bb][\/vc_column_inner][\/vc_row_inner][\/vc_column][\/vc_row][vc_row css=\u00a0\u00bb.vc_custom_1615892396587{padding-top: 50px !important;}\u00a0\u00bb el_id=\u00a0\u00bbdimensions\u00a0\u00bb][vc_column][vc_text_separator title=\u00a0\u00bbBOIS DE LUTHERIE POUR INSTRUMENTS FOLKLORIQUES &amp; CORNEMUSES\u00a0\u00bb color=\u00a0\u00bbcustom\u00a0\u00bb border_width=\u00a0\u00bb4&Prime; css=\u00a0\u00bb.vc_custom_1631105175858{margin-top: 10px !important;}\u00a0\u00bb accent_color=\u00a0\u00bb#b53a2c\u00a0\u00bb][\/vc_column][\/vc_row][vc_row][vc_column width=\u00a0\u00bb1\/6&Prime;][\/vc_column][vc_column width=\u00a0\u00bb2\/3&Prime;][vc_column_text]<\/p>\n<table width=\"100%\">\n<tbody>\n<tr style=\"background-color: #dcdad2;\">\n<td colspan=\"2\" width=\"616\">\n<p style=\"text-align: center;\"><strong>ENSEMBLES DE PI\u00c8CES STANDARDS<\/strong><strong> QUE NOUS DETENONS EN STOCK<\/strong><\/p>\n<p style=\"text-align: center;\">(Dimensions en mm)<\/p>\n<\/td>\n<\/tr>\n<tr>\n<td><strong>Jeux pour cornemuses du centre de la France<\/strong> en mopani (Colophospermum mopanie) et bois \u00e9l\u00e9gant (Combretum imberbe) 10 pi\u00e8ces, 6 pi\u00e8ces de dimensions diff\u00e9rentes, volume total 8.200 dm3.<\/td>\n<td width=\"308\">\n<p style=\"text-align: center;\">1x51x51x125<br \/>\n1x36x36x460<br \/>\n3x30x30x310<br \/>\n1x30x30x155<br \/>\n2x28x28x255<br \/>\n2x28x28x125<\/p>\n<\/td>\n<\/tr>\n<tr>\n<td><strong>Jeux pour cornemuses \u00e9cossaises<\/strong> en mopani (Colophospermum mopanie) et bois \u00e9l\u00e9gant (Combretum imberbe) 14 pi\u00e8ces, 11 pi\u00e8ces de dimensions diff\u00e9rentes, volume total 6.755 dm3.<br \/>\nBourdons suppl\u00e9mentaires disponibles sur demande.<\/td>\n<td width=\"308\">\n<p style=\"text-align: center;\">1x54x54x305<br \/>\n2x51x51x225<br \/>\n1x43x43x385<br \/>\n1x47x47x310<br \/>\n1x47x47x195<br \/>\n2x47x47x160<br \/>\n1x47x47x125<br \/>\n1x47x47x115<br \/>\n1x40x40x310<br \/>\n2x40x40x245<br \/>\n1x40x40x220<\/p>\n<\/td>\n<\/tr>\n<tr>\n<td><strong>Jeux pour cornemuses irlandaises<\/strong> en mopani et bois \u00e9l\u00e9gant. 4 pi\u00e8ces, section de 30 mm, totalisant 0.640 dm3.<\/td>\n<td width=\"308\">\n<p style=\"text-align: center;\">1x30x30x325<br \/>\n1x30x30x175<br \/>\n1x30x30x136<br \/>\n1x30x30x75<\/p>\n<\/td>\n<\/tr>\n<tr>\n<td><strong>Jeux pour cornemuses anglaises<\/strong> en mopani et bois \u00e9l\u00e9gant. 8 pi\u00e8ces, section de 36 mm, totalisant 2.63 dm3.<\/td>\n<td width=\"308\">\n<p style=\"text-align: center;\">1x36x36x380<br \/>\n2x36x36x310<br \/>\n1x36x36x260<br \/>\n3x36x36x200<br \/>\n1x36x36x160<\/p>\n<\/td>\n<\/tr>\n<tr>\n<td><strong>Jeux pour cornemuses espagnoles (gaitas)<\/strong> en mopani en bois \u00e9l\u00e9gant. Jeux de mopane 12 pi\u00e8ces de diff\u00e9rentes sections et longueur, totalisant 4.302 dm3<\/td>\n<td width=\"308\">\n<p style=\"text-align: center;\">1x65x65x115<br \/>\n1x51x51x360<br \/>\n2x40x40x320<br \/>\n2x40x40x230<br \/>\n1x40x40x190<br \/>\n1x36x38x175<br \/>\n1x36x36x140<br \/>\n1x36x36x120<br \/>\n1x36x36x110<br \/>\n1x40x40x90<\/p>\n<\/td>\n<\/tr>\n<tr>\n<td><strong>Bois de lutherie pour bombarde<\/strong><br \/>\nJeux de mopane et de bois \u00e9l\u00e9gant de trois diff\u00e9rentes sections, totalisant 0,974 dm3<\/td>\n<td width=\"308\">\n<p style=\"text-align: center;\">1x80x80x50<br \/>\n1x30x30x300<br \/>\n1x30x30x280<br \/>\n1x20x20x180<br \/>\n1x20x20x150<\/p>\n<\/td>\n<\/tr>\n<tr>\n<td><strong>Bois pour baguettes de tambour<\/strong> en bois de plomb et chacate noir<\/td>\n<td style=\"text-align: center;\" width=\"308\">2x28x28x490<\/td>\n<td style=\"text-align: center;\"><\/td>\n<\/tr>\n<\/tbody>\n<\/table>\n<p>[\/vc_column_text][\/vc_column][vc_column width=\u00a0\u00bb1\/6&Prime;][\/vc_column][\/vc_row][vc_row css=\u00a0\u00bb.vc_custom_1599551732879{padding-top: 50px !important;}\u00a0\u00bb][vc_column el_id=\u00a0\u00bbbagpipes\u00a0\u00bb][vc_text_separator title=\u00a0\u00bbLes meilleurs bois pour biniou, bombarde et cornemuse\u00a0\u00bb color=\u00a0\u00bbcustom\u00a0\u00bb border_width=\u00a0\u00bb4&Prime; css=\u00a0\u00bb.vc_custom_1631175248920{margin-top: 10px !important;}\u00a0\u00bb accent_color=\u00a0\u00bb#b53a2c\u00a0\u00bb][\/vc_column][\/vc_row][vc_row][vc_column width=\u00a0\u00bb1\/2&Prime;][vc_column_text css=\u00a0\u00bb.vc_custom_1631175284407{margin-bottom: 30px !important;padding-top: 30px !important;padding-right: 30px !important;padding-bottom: 30px !important;padding-left: 30px !important;background-color: #f6f5f1 !important;border-radius: 10px !important;}\u00a0\u00bb]L\u00b4utilisation de bois impeccables, sans d\u00e9faut est indispensable surtout pour les chalumeaux, les bourdons basses et t\u00e9nors.<\/p>\n<p>Pour les cornemuses et autres instruments \u00e0 vent, les bois doivent \u00eatre de faible porosit\u00e9. Les bois poreux, tel que l&rsquo;\u00e9b\u00e8ne, laissent p\u00e9n\u00e9trer la salive, qui est acide, ce qui fissure les pi\u00e8ces.<\/p>\n<p>Lors de la s\u00e9lection des types de bois, nous tenons compte de la qualit\u00e9 sonore du bois, de son esth\u00e9tique, de sa facilit\u00e9 au tournage, de sa stabilit\u00e9 au per\u00e7age, de son lustre au polissage.<\/p>\n<p>L&rsquo;utilisation de la grenadille d\u00b4Afrique a \u00e9t\u00e9 une norme dominante pour les cornemuses &#8211; mais cette essence est maintenant r\u00e9pertori\u00e9e comme en voie de disparition et les bois de qualit\u00e9 font d\u00e9faut\u00a0!<\/p>\n<p>Nous obtenons de petite quantit\u00e9 de grenadille d\u00b4Afrique uniquement de fournisseur ayant les concessions, permis de coupes et l\u00b4approbation de CITES. Les quantit\u00e9s disponibles annuellement sont fortement r\u00e9duites.<\/p>\n<p>Le mopani (mopane) et le bois \u00e9l\u00e9gant (bois de plomb) se confirment comme le choix pr\u00e9f\u00e9r\u00e9 de notre client\u00e8le pour instruments folkloriques et cornemuses.[\/vc_column_text][\/vc_column][vc_column width=\u00a0\u00bb1\/2&Prime;][vc_single_image image=\u00a0\u00bb6187&Prime; img_size=\u00a0\u00bb1024&#215;800&Prime; alignment=\u00a0\u00bbcenter\u00a0\u00bb style=\u00a0\u00bbvc_box_shadow_3d\u00a0\u00bb css=\u00a0\u00bb.vc_custom_1631175389638{margin-top: 3px !important;}\u00a0\u00bb][\/vc_column][\/vc_row][vc_row][vc_column css=\u00a0\u00bb.vc_custom_1615897223399{padding-top: 50px !important;}\u00a0\u00bb el_id=\u00a0\u00bbform\u00a0\u00bb][vc_text_separator title=\u00a0\u00bbENVOYER UN MESSAGE\u00a0\u00bb color=\u00a0\u00bbcustom\u00a0\u00bb border_width=\u00a0\u00bb4&Prime; el_width=\u00a0\u00bb60&Prime; css=\u00a0\u00bb.vc_custom_1631175327270{margin-top: 10px !important;}\u00a0\u00bb accent_color=\u00a0\u00bb#b53a2c\u00a0\u00bb][\/vc_column][\/vc_row][vc_row][vc_column]\n<div class=\"wpcf7 no-js\" id=\"wpcf7-f1193-o1\" lang=\"en-US\" dir=\"ltr\">\n<div class=\"screen-reader-response\"><p role=\"status\" aria-live=\"polite\" aria-atomic=\"true\"><\/p> <ul><\/ul><\/div>\n<form action=\"\/fr\/wp-json\/wp\/v2\/pages\/1252#wpcf7-f1193-o1\" method=\"post\" class=\"wpcf7-form init\" aria-label=\"Contact form\" novalidate=\"novalidate\" data-status=\"init\">\n<div style=\"display: none;\">\n<input type=\"hidden\" name=\"_wpcf7\" value=\"1193\" \/>\n<input type=\"hidden\" name=\"_wpcf7_version\" value=\"5.8.3\" \/>\n<input type=\"hidden\" name=\"_wpcf7_locale\" value=\"en_US\" \/>\n<input type=\"hidden\" name=\"_wpcf7_unit_tag\" value=\"wpcf7-f1193-o1\" \/>\n<input type=\"hidden\" name=\"_wpcf7_container_post\" value=\"0\" \/>\n<input type=\"hidden\" name=\"_wpcf7_posted_data_hash\" value=\"\" \/>\n<\/div>\n<div class=\"column one-second\">\n\t<p><span class=\"wpcf7-form-control-wrap\" data-name=\"your-name\"><input size=\"40\" class=\"wpcf7-form-control wpcf7-text wpcf7-validates-as-required\" aria-required=\"true\" aria-invalid=\"false\" placeholder=\"Votre nom\" value=\"\" type=\"text\" name=\"your-name\" \/><\/span>\n\t<\/p>\n<\/div>\n<div class=\"column one-second\">\n\t<p><span class=\"wpcf7-form-control-wrap\" data-name=\"your-email\"><input size=\"40\" class=\"wpcf7-form-control wpcf7-email wpcf7-validates-as-required wpcf7-text wpcf7-validates-as-email\" aria-required=\"true\" aria-invalid=\"false\" placeholder=\"Votre adresse \u00e9lectronique\" value=\"\" type=\"email\" name=\"your-email\" \/><\/span>\n\t<\/p>\n<\/div>\n<div class=\"column one\">\n\t<p><span class=\"wpcf7-form-control-wrap\" data-name=\"your-subject\"><input size=\"40\" class=\"wpcf7-form-control wpcf7-text\" aria-invalid=\"false\" placeholder=\"Sujet\" value=\"\" type=\"text\" name=\"your-subject\" \/><\/span>\n\t<\/p>\n<\/div>\n<div class=\"column one\">\n\t<p><span class=\"wpcf7-form-control-wrap\" data-name=\"your-message\"><textarea cols=\"40\" rows=\"6\" class=\"wpcf7-form-control wpcf7-textarea\" aria-invalid=\"false\" placeholder=\"Votre Message\" name=\"your-message\"><\/textarea><\/span>\n\t<\/p>\n<\/div>\n<div class=\"column one\">\n\t<p><input class=\"wpcf7-form-control wpcf7-submit has-spinner\" type=\"submit\" value=\"ENVOYER\" \/>\n\t<\/p>\n<\/div><p style=\"display: none !important;\"><label>&#916;<textarea name=\"_wpcf7_ak_hp_textarea\" cols=\"45\" rows=\"8\" maxlength=\"100\"><\/textarea><\/label><input type=\"hidden\" id=\"ak_js_1\" name=\"_wpcf7_ak_js\" value=\"124\"\/><script>document.getElementById( \"ak_js_1\" ).setAttribute( \"value\", ( new Date() ).getTime() );<\/script><\/p><div class=\"wpcf7-response-output\" aria-hidden=\"true\"><\/div>\n<\/form>\n<\/div>\n[\/vc_column][\/vc_row]<\/p>\n<\/section>","protected":false},"excerpt":{"rendered":"<p>[vc_row][vc_column][vc_single_image image=\u00a0\u00bb7457&Prime; img_size=\u00a0\u00bbfull\u00a0\u00bb alignment=\u00a0\u00bbright\u00a0\u00bb style=\u00a0\u00bbvc_box_shadow_3d\u00a0\u00bb][\/vc_column][\/vc_row][vc_row css=\u00a0\u00bb.vc_custom_1615888165941{margin-top: 0px !important;margin-right: 0px !important;margin-left: 0px !important;border-top-width: 0px !important;border-left-width: 4px !important;padding-top: 0px !important;padding-right: 0px !important;padding-left: 30px !important;border-left-color: #ae3307 !important;border-left-style: dotted !important;border-top-color:<span class=\"excerpt-hellip\"> [\u2026]<\/span><\/p>\n","protected":false},"author":4,"featured_media":0,"parent":1241,"menu_order":0,"comment_status":"closed","ping_status":"closed","template":"","meta":{"_themeisle_gutenberg_block_has_review":false,"footnotes":""},"yoast_head":"<!-- This site is optimized with the Yoast SEO plugin v21.5 - https:\/\/yoast.com\/wordpress\/plugins\/seo\/ -->\n<title>Bois pour cornemuses, flutes, et instruments folkloriques - Prosono international<\/title>\n<meta name=\"description\" content=\"ProSono propose des carrelets de qualit\u00e9 music, d\u00e9coup\u00e9s aux dimensions requises, pour les cornemuses, les instruments celtiques et folkloriques.\" \/>\n<meta name=\"robots\" content=\"noindex, follow, max-snippet:-1, max-image-preview:large, max-video-preview:-1\" \/>\n<meta property=\"og:locale\" content=\"fr_FR\" \/>\n<meta property=\"og:type\" content=\"article\" \/>\n<meta property=\"og:title\" content=\"Bois pour cornemuses, flutes, et instruments folkloriques - Prosono international\" \/>\n<meta property=\"og:description\" content=\"ProSono propose des carrelets de qualit\u00e9 music, d\u00e9coup\u00e9s aux dimensions requises, pour les cornemuses, les instruments celtiques et folkloriques.\" \/>\n<meta property=\"og:url\" content=\"https:\/\/dev2.prosono-hardwoods.com\/fr\/bois-de-lutherie\/pour-cornemuses-et-instruments-folkloriques\/\" \/>\n<meta property=\"og:site_name\" content=\"Prosono international\" \/>\n<meta property=\"article:modified_time\" content=\"2023-06-13T14:59:01+00:00\" \/>\n<meta name=\"twitter:card\" content=\"summary_large_image\" \/>\n<meta name=\"twitter:label1\" content=\"Dur\u00e9e de lecture estim\u00e9e\" \/>\n\t<meta name=\"twitter:data1\" content=\"4 minutes\" \/>\n<script type=\"application\/ld+json\" class=\"yoast-schema-graph\">{\"@context\":\"https:\/\/schema.org\",\"@graph\":[{\"@type\":\"WebPage\",\"@id\":\"https:\/\/dev2.prosono-hardwoods.com\/fr\/bois-de-lutherie\/pour-cornemuses-et-instruments-folkloriques\/\",\"url\":\"https:\/\/dev2.prosono-hardwoods.com\/fr\/bois-de-lutherie\/pour-cornemuses-et-instruments-folkloriques\/\",\"name\":\"Bois pour cornemuses, flutes, et instruments folkloriques - Prosono international\",\"isPartOf\":{\"@id\":\"https:\/\/dev2.prosono-hardwoods.com\/#website\"},\"datePublished\":\"2017-08-20T20:15:14+00:00\",\"dateModified\":\"2023-06-13T14:59:01+00:00\",\"description\":\"ProSono propose des carrelets de qualit\u00e9 music, d\u00e9coup\u00e9s aux dimensions requises, pour les cornemuses, les instruments celtiques et folkloriques.\",\"breadcrumb\":{\"@id\":\"https:\/\/dev2.prosono-hardwoods.com\/fr\/bois-de-lutherie\/pour-cornemuses-et-instruments-folkloriques\/#breadcrumb\"},\"inLanguage\":\"fr-FR\",\"potentialAction\":[{\"@type\":\"ReadAction\",\"target\":[\"https:\/\/dev2.prosono-hardwoods.com\/fr\/bois-de-lutherie\/pour-cornemuses-et-instruments-folkloriques\/\"]}]},{\"@type\":\"BreadcrumbList\",\"@id\":\"https:\/\/dev2.prosono-hardwoods.com\/fr\/bois-de-lutherie\/pour-cornemuses-et-instruments-folkloriques\/#breadcrumb\",\"itemListElement\":[{\"@type\":\"ListItem\",\"position\":1,\"name\":\"Accueil\",\"item\":\"https:\/\/dev2.prosono-hardwoods.com\/\"},{\"@type\":\"ListItem\",\"position\":2,\"name\":\"Bois de lutherie\",\"item\":\"https:\/\/dev2.prosono-hardwoods.com\/fr\/bois-de-lutherie\/\"},{\"@type\":\"ListItem\",\"position\":3,\"name\":\"Bois pour cornemuses, flutes, et instruments folkloriques\"}]},{\"@type\":\"WebSite\",\"@id\":\"https:\/\/dev2.prosono-hardwoods.com\/#website\",\"url\":\"https:\/\/dev2.prosono-hardwoods.com\/\",\"name\":\"Prosono international\",\"description\":\"\",\"publisher\":{\"@id\":\"https:\/\/dev2.prosono-hardwoods.com\/#organization\"},\"potentialAction\":[{\"@type\":\"SearchAction\",\"target\":{\"@type\":\"EntryPoint\",\"urlTemplate\":\"https:\/\/dev2.prosono-hardwoods.com\/?s={search_term_string}\"},\"query-input\":\"required name=search_term_string\"}],\"inLanguage\":\"fr-FR\"},{\"@type\":\"Organization\",\"@id\":\"https:\/\/dev2.prosono-hardwoods.com\/#organization\",\"name\":\"Prosono Hardwoods International\",\"url\":\"https:\/\/dev2.prosono-hardwoods.com\/\",\"logo\":{\"@type\":\"ImageObject\",\"inLanguage\":\"fr-FR\",\"@id\":\"https:\/\/dev2.prosono-hardwoods.com\/#\/schema\/logo\/image\/\",\"url\":\"https:\/\/dev2.prosono-hardwoods.com\/wp-content\/uploads\/2020\/08\/prosono-logo@2x.png\",\"contentUrl\":\"https:\/\/dev2.prosono-hardwoods.com\/wp-content\/uploads\/2020\/08\/prosono-logo@2x.png\",\"width\":404,\"height\":90,\"caption\":\"Prosono Hardwoods International\"},\"image\":{\"@id\":\"https:\/\/dev2.prosono-hardwoods.com\/#\/schema\/logo\/image\/\"}}]}<\/script>\n<!-- \/ Yoast SEO plugin. -->","yoast_head_json":{"title":"Bois pour cornemuses, flutes, et instruments folkloriques - Prosono international","description":"ProSono propose des carrelets de qualit\u00e9 music, d\u00e9coup\u00e9s aux dimensions requises, pour les cornemuses, les instruments celtiques et folkloriques.","robots":{"index":"noindex","follow":"follow","max-snippet":"max-snippet:-1","max-image-preview":"max-image-preview:large","max-video-preview":"max-video-preview:-1"},"og_locale":"fr_FR","og_type":"article","og_title":"Bois pour cornemuses, flutes, et instruments folkloriques - Prosono international","og_description":"ProSono propose des carrelets de qualit\u00e9 music, d\u00e9coup\u00e9s aux dimensions requises, pour les cornemuses, les instruments celtiques et folkloriques.","og_url":"https:\/\/dev2.prosono-hardwoods.com\/fr\/bois-de-lutherie\/pour-cornemuses-et-instruments-folkloriques\/","og_site_name":"Prosono international","article_modified_time":"2023-06-13T14:59:01+00:00","twitter_card":"summary_large_image","twitter_misc":{"Dur\u00e9e de lecture estim\u00e9e":"4 minutes"},"schema":{"@context":"https:\/\/schema.org","@graph":[{"@type":"WebPage","@id":"https:\/\/dev2.prosono-hardwoods.com\/fr\/bois-de-lutherie\/pour-cornemuses-et-instruments-folkloriques\/","url":"https:\/\/dev2.prosono-hardwoods.com\/fr\/bois-de-lutherie\/pour-cornemuses-et-instruments-folkloriques\/","name":"Bois pour cornemuses, flutes, et instruments folkloriques - Prosono international","isPartOf":{"@id":"https:\/\/dev2.prosono-hardwoods.com\/#website"},"datePublished":"2017-08-20T20:15:14+00:00","dateModified":"2023-06-13T14:59:01+00:00","description":"ProSono propose des carrelets de qualit\u00e9 music, d\u00e9coup\u00e9s aux dimensions requises, pour les cornemuses, les instruments celtiques et folkloriques.","breadcrumb":{"@id":"https:\/\/dev2.prosono-hardwoods.com\/fr\/bois-de-lutherie\/pour-cornemuses-et-instruments-folkloriques\/#breadcrumb"},"inLanguage":"fr-FR","potentialAction":[{"@type":"ReadAction","target":["https:\/\/dev2.prosono-hardwoods.com\/fr\/bois-de-lutherie\/pour-cornemuses-et-instruments-folkloriques\/"]}]},{"@type":"BreadcrumbList","@id":"https:\/\/dev2.prosono-hardwoods.com\/fr\/bois-de-lutherie\/pour-cornemuses-et-instruments-folkloriques\/#breadcrumb","itemListElement":[{"@type":"ListItem","position":1,"name":"Accueil","item":"https:\/\/dev2.prosono-hardwoods.com\/"},{"@type":"ListItem","position":2,"name":"Bois de lutherie","item":"https:\/\/dev2.prosono-hardwoods.com\/fr\/bois-de-lutherie\/"},{"@type":"ListItem","position":3,"name":"Bois pour cornemuses, flutes, et instruments folkloriques"}]},{"@type":"WebSite","@id":"https:\/\/dev2.prosono-hardwoods.com\/#website","url":"https:\/\/dev2.prosono-hardwoods.com\/","name":"Prosono international","description":"","publisher":{"@id":"https:\/\/dev2.prosono-hardwoods.com\/#organization"},"potentialAction":[{"@type":"SearchAction","target":{"@type":"EntryPoint","urlTemplate":"https:\/\/dev2.prosono-hardwoods.com\/?s={search_term_string}"},"query-input":"required name=search_term_string"}],"inLanguage":"fr-FR"},{"@type":"Organization","@id":"https:\/\/dev2.prosono-hardwoods.com\/#organization","name":"Prosono Hardwoods International","url":"https:\/\/dev2.prosono-hardwoods.com\/","logo":{"@type":"ImageObject","inLanguage":"fr-FR","@id":"https:\/\/dev2.prosono-hardwoods.com\/#\/schema\/logo\/image\/","url":"https:\/\/dev2.prosono-hardwoods.com\/wp-content\/uploads\/2020\/08\/prosono-logo@2x.png","contentUrl":"https:\/\/dev2.prosono-hardwoods.com\/wp-content\/uploads\/2020\/08\/prosono-logo@2x.png","width":404,"height":90,"caption":"Prosono Hardwoods International"},"image":{"@id":"https:\/\/dev2.prosono-hardwoods.com\/#\/schema\/logo\/image\/"}}]}},"_links":{"self":[{"href":"https:\/\/dev2.prosono-hardwoods.com\/fr\/wp-json\/wp\/v2\/pages\/1252"}],"collection":[{"href":"https:\/\/dev2.prosono-hardwoods.com\/fr\/wp-json\/wp\/v2\/pages"}],"about":[{"href":"https:\/\/dev2.prosono-hardwoods.com\/fr\/wp-json\/wp\/v2\/types\/page"}],"author":[{"embeddable":true,"href":"https:\/\/dev2.prosono-hardwoods.com\/fr\/wp-json\/wp\/v2\/users\/4"}],"replies":[{"embeddable":true,"href":"https:\/\/dev2.prosono-hardwoods.com\/fr\/wp-json\/wp\/v2\/comments?post=1252"}],"version-history":[{"count":20,"href":"https:\/\/dev2.prosono-hardwoods.com\/fr\/wp-json\/wp\/v2\/pages\/1252\/revisions"}],"predecessor-version":[{"id":13537,"href":"https:\/\/dev2.prosono-hardwoods.com\/fr\/wp-json\/wp\/v2\/pages\/1252\/revisions\/13537"}],"up":[{"embeddable":true,"href":"https:\/\/dev2.prosono-hardwoods.com\/fr\/wp-json\/wp\/v2\/pages\/1241"}],"wp:attachment":[{"href":"https:\/\/dev2.prosono-hardwoods.com\/fr\/wp-json\/wp\/v2\/media?parent=1252"}],"curies":[{"name":"wp","href":"https:\/\/api.w.org\/{rel}","templated":true}]}}