{"id":1281,"date":"2017-08-20T23:41:31","date_gmt":"2017-08-20T21:41:31","guid":{"rendered":"https:\/\/dev2.prosono-hardwoods.com\/caracal-notre-marque-de-couteaux-exclusifs\/"},"modified":"2023-06-13T17:00:34","modified_gmt":"2023-06-13T15:00:34","slug":"caracal-notre-marque-de-couteaux-exclusifs","status":"publish","type":"page","link":"https:\/\/dev2.prosono-hardwoods.com\/fr\/caracal-notre-marque-de-couteaux-exclusifs\/","title":{"rendered":"CARACAL : NOTRE MARQUE DE COUTEAUX ARTISANAUX"},"content":{"rendered":"<section class=\"wpb-content-wrapper\"><p>[vc_row][vc_column width=\u00a0\u00bb1\/2&Prime;][vc_column_text css=\u00a0\u00bb.vc_custom_1511360555926{margin-bottom: 0px !important;padding-bottom: 0px !important;}\u00a0\u00bb]Il y a bien des ann\u00e9es que nos repr\u00e9sentants participent aux foires et confr\u00e9ries d\u2019artisans de Pretoria, Johannesburg, Ville Du Cape et Durban.<\/p>\n<p>La demande croissante des fabricants professionnels et amateurs nous a motiv\u00e9 \u00e0 d\u00e9velopper notre gamme de bois exotiques \u00e0 haute densit\u00e9, en blocs et \u00e9cailles assorties pour couteux.<\/p>\n<p>Les go\u00fbts individuels des fabricants \u00e9tant l\u2019\u00e9l\u00e9ment d\u00e9terminants nous a motiv\u00e9 \u00e0 focaliser notre effort vente \u00e0 des participations annuelles \u00e0 ces foires.[\/vc_column_text][vc_column_text css=\u00a0\u00bb.vc_custom_1494014769208{margin-bottom: 5px !important;padding-bottom: 5px !important;}\u00a0\u00bb]Le bouches \u00e0 oreilles a tr\u00e8s nettement augment\u00e9 notre client\u00e8le. Aujourd\u2019hui un grand nombre de fabricants rendent visite \u00e0 notre scierie pour y choisir les manches de couteaux satisfaisant \u00e0 leurs besoins techniques et leurs go\u00fbts individuels.<\/p>\n<p>&nbsp;<\/p>\n<p>L\u2019exportation de nos manches de couteaux a d\u00e9but\u00e9 par trois clients au Canada, en Australie et r\u00e9cemment en Arabie Saoudite.<\/p>\n<p>&nbsp;<\/p>\n<p>Nous recherchons des importateurs \/ distributeurs des pays o\u00f9 le chasseur, l\u2019agriculteur, le p\u00e9cheur, le sculpteur et d\u2019autres sont habitu\u00e9s \u00e0 la porte journali\u00e8re d\u2019un couteau.<\/p>\n<p>Nous pensons plus particuli\u00e8rement \u00e0 l\u2019Europe de l\u2019Est, \u00e0 la Scandinavie, sans oublier le Canada et l\u2019Australie.[\/vc_column_text][vc_column_text]<\/p>\n<ul>\n<li>Snakebean \/ Ivoire rose \/ Bois de plomb \/ Knobthorn \/ \u00c9b\u00e8ne du Mozambique<\/li>\n<li>Chacate noire \/ Teak du Zimbabwe \/ Paduk \/ Mopani \/ Cocobolo Africain<\/li>\n<li>Bois de rose africain \/ Wenge \/ Purple Heart \/ Zebrano<\/li>\n<\/ul>\n<p>[\/vc_column_text][\/vc_column][vc_column width=\u00a0\u00bb1\/2&Prime;][vc_single_image image=\u00a0\u00bb5594&Prime; img_size=\u00a0\u00bbfull\u00a0\u00bb css=\u00a0\u00bb.vc_custom_1616676023771{margin-bottom: 0px !important;padding-bottom: 0px !important;}\u00a0\u00bb][\/vc_column][\/vc_row][vc_row][vc_column width=\u00a0\u00bb1\/4&Prime;][vc_single_image image=\u00a0\u00bb5729&Prime; img_size=\u00a0\u00bbfull\u00a0\u00bb][\/vc_column][vc_column width=\u00a0\u00bb1\/4&Prime;][vc_column_text]<\/p>\n<ul>\n<li>Mulberry \/ Ivoire rose \/ Bois de plomb \/ Knobthorn \/ \u00c9b\u00e8ne du Mozambique<\/li>\n<li>Chacate noire \/ Olivier sauvage \/ Camelthorn \/ Mopani \/ Cocobolo africain<\/li>\n<li>Matumi \/ Wenge \/ Purple Heart \/ Zebrano<\/li>\n<\/ul>\n<p>[\/vc_column_text][\/vc_column][vc_column width=\u00a0\u00bb1\/2&Prime;][vc_gallery interval=\u00a0\u00bb3&Prime; images=\u00a0\u00bb618,622,102,488,487,490,486,484,489,485&Prime; img_size=\u00a0\u00bb580&#215;370&Prime;][\/vc_column][\/vc_row]<\/p>\n<\/section>","protected":false},"excerpt":{"rendered":"<p>[vc_row][vc_column width=\u00a0\u00bb1\/2&Prime;][vc_column_text css=\u00a0\u00bb.vc_custom_1511360555926{margin-bottom: 0px !important;padding-bottom: 0px !important;}\u00a0\u00bb]Il y a bien des ann\u00e9es que nos repr\u00e9sentants participent aux foires et confr\u00e9ries d\u2019artisans de Pretoria, Johannesburg, Ville Du<span class=\"excerpt-hellip\"> [\u2026]<\/span><\/p>\n","protected":false},"author":4,"featured_media":0,"parent":0,"menu_order":0,"comment_status":"closed","ping_status":"closed","template":"","meta":{"_themeisle_gutenberg_block_has_review":false,"footnotes":""},"yoast_head":"<!-- This site is optimized with the Yoast SEO plugin v21.5 - https:\/\/yoast.com\/wordpress\/plugins\/seo\/ -->\n<title>CARACAL : NOTRE MARQUE DE COUTEAUX ARTISANAUX - Prosono international<\/title>\n<meta name=\"description\" content=\"Nous fournissons \u00e9cailles et blocs pour couteaux, en bois tropicaux, de haute densit\u00e9, faible porosit\u00e9, parfaitement adapt\u00e9s aux couteaux de petites s\u00e9ries et de collection. Pour en savoir plus ...\" \/>\n<meta name=\"robots\" content=\"noindex, follow, max-snippet:-1, max-image-preview:large, max-video-preview:-1\" \/>\n<meta property=\"og:locale\" content=\"fr_FR\" \/>\n<meta property=\"og:type\" content=\"article\" \/>\n<meta property=\"og:title\" content=\"CARACAL : NOTRE MARQUE DE COUTEAUX ARTISANAUX - Prosono international\" \/>\n<meta property=\"og:description\" content=\"Nous fournissons \u00e9cailles et blocs pour couteaux, en bois tropicaux, de haute densit\u00e9, faible porosit\u00e9, parfaitement adapt\u00e9s aux couteaux de petites s\u00e9ries et de collection. Pour en savoir plus ...\" \/>\n<meta property=\"og:url\" content=\"https:\/\/dev2.prosono-hardwoods.com\/fr\/caracal-notre-marque-de-couteaux-exclusifs\/\" \/>\n<meta property=\"og:site_name\" content=\"Prosono international\" \/>\n<meta property=\"article:modified_time\" content=\"2023-06-13T15:00:34+00:00\" \/>\n<meta name=\"twitter:card\" content=\"summary_large_image\" \/>\n<meta name=\"twitter:label1\" content=\"Dur\u00e9e de lecture estim\u00e9e\" \/>\n\t<meta name=\"twitter:data1\" content=\"2 minutes\" \/>\n<script type=\"application\/ld+json\" class=\"yoast-schema-graph\">{\"@context\":\"https:\/\/schema.org\",\"@graph\":[{\"@type\":\"WebPage\",\"@id\":\"https:\/\/dev2.prosono-hardwoods.com\/fr\/caracal-notre-marque-de-couteaux-exclusifs\/\",\"url\":\"https:\/\/dev2.prosono-hardwoods.com\/fr\/caracal-notre-marque-de-couteaux-exclusifs\/\",\"name\":\"CARACAL : NOTRE MARQUE DE COUTEAUX ARTISANAUX - Prosono international\",\"isPartOf\":{\"@id\":\"https:\/\/dev2.prosono-hardwoods.com\/#website\"},\"datePublished\":\"2017-08-20T21:41:31+00:00\",\"dateModified\":\"2023-06-13T15:00:34+00:00\",\"description\":\"Nous fournissons \u00e9cailles et blocs pour couteaux, en bois tropicaux, de haute densit\u00e9, faible porosit\u00e9, parfaitement adapt\u00e9s aux couteaux de petites s\u00e9ries et de collection. Pour en savoir plus ...\",\"breadcrumb\":{\"@id\":\"https:\/\/dev2.prosono-hardwoods.com\/fr\/caracal-notre-marque-de-couteaux-exclusifs\/#breadcrumb\"},\"inLanguage\":\"fr-FR\",\"potentialAction\":[{\"@type\":\"ReadAction\",\"target\":[\"https:\/\/dev2.prosono-hardwoods.com\/fr\/caracal-notre-marque-de-couteaux-exclusifs\/\"]}]},{\"@type\":\"BreadcrumbList\",\"@id\":\"https:\/\/dev2.prosono-hardwoods.com\/fr\/caracal-notre-marque-de-couteaux-exclusifs\/#breadcrumb\",\"itemListElement\":[{\"@type\":\"ListItem\",\"position\":1,\"name\":\"Accueil\",\"item\":\"https:\/\/dev2.prosono-hardwoods.com\/\"},{\"@type\":\"ListItem\",\"position\":2,\"name\":\"CARACAL : NOTRE MARQUE DE COUTEAUX ARTISANAUX\"}]},{\"@type\":\"WebSite\",\"@id\":\"https:\/\/dev2.prosono-hardwoods.com\/#website\",\"url\":\"https:\/\/dev2.prosono-hardwoods.com\/\",\"name\":\"Prosono international\",\"description\":\"\",\"publisher\":{\"@id\":\"https:\/\/dev2.prosono-hardwoods.com\/#organization\"},\"potentialAction\":[{\"@type\":\"SearchAction\",\"target\":{\"@type\":\"EntryPoint\",\"urlTemplate\":\"https:\/\/dev2.prosono-hardwoods.com\/?s={search_term_string}\"},\"query-input\":\"required name=search_term_string\"}],\"inLanguage\":\"fr-FR\"},{\"@type\":\"Organization\",\"@id\":\"https:\/\/dev2.prosono-hardwoods.com\/#organization\",\"name\":\"Prosono Hardwoods International\",\"url\":\"https:\/\/dev2.prosono-hardwoods.com\/\",\"logo\":{\"@type\":\"ImageObject\",\"inLanguage\":\"fr-FR\",\"@id\":\"https:\/\/dev2.prosono-hardwoods.com\/#\/schema\/logo\/image\/\",\"url\":\"https:\/\/dev2.prosono-hardwoods.com\/wp-content\/uploads\/2020\/08\/prosono-logo@2x.png\",\"contentUrl\":\"https:\/\/dev2.prosono-hardwoods.com\/wp-content\/uploads\/2020\/08\/prosono-logo@2x.png\",\"width\":404,\"height\":90,\"caption\":\"Prosono Hardwoods International\"},\"image\":{\"@id\":\"https:\/\/dev2.prosono-hardwoods.com\/#\/schema\/logo\/image\/\"}}]}<\/script>\n<!-- \/ Yoast SEO plugin. -->","yoast_head_json":{"title":"CARACAL : NOTRE MARQUE DE COUTEAUX ARTISANAUX - Prosono international","description":"Nous fournissons \u00e9cailles et blocs pour couteaux, en bois tropicaux, de haute densit\u00e9, faible porosit\u00e9, parfaitement adapt\u00e9s aux couteaux de petites s\u00e9ries et de collection. Pour en savoir plus ...","robots":{"index":"noindex","follow":"follow","max-snippet":"max-snippet:-1","max-image-preview":"max-image-preview:large","max-video-preview":"max-video-preview:-1"},"og_locale":"fr_FR","og_type":"article","og_title":"CARACAL : NOTRE MARQUE DE COUTEAUX ARTISANAUX - Prosono international","og_description":"Nous fournissons \u00e9cailles et blocs pour couteaux, en bois tropicaux, de haute densit\u00e9, faible porosit\u00e9, parfaitement adapt\u00e9s aux couteaux de petites s\u00e9ries et de collection. Pour en savoir plus ...","og_url":"https:\/\/dev2.prosono-hardwoods.com\/fr\/caracal-notre-marque-de-couteaux-exclusifs\/","og_site_name":"Prosono international","article_modified_time":"2023-06-13T15:00:34+00:00","twitter_card":"summary_large_image","twitter_misc":{"Dur\u00e9e de lecture estim\u00e9e":"2 minutes"},"schema":{"@context":"https:\/\/schema.org","@graph":[{"@type":"WebPage","@id":"https:\/\/dev2.prosono-hardwoods.com\/fr\/caracal-notre-marque-de-couteaux-exclusifs\/","url":"https:\/\/dev2.prosono-hardwoods.com\/fr\/caracal-notre-marque-de-couteaux-exclusifs\/","name":"CARACAL : NOTRE MARQUE DE COUTEAUX ARTISANAUX - Prosono international","isPartOf":{"@id":"https:\/\/dev2.prosono-hardwoods.com\/#website"},"datePublished":"2017-08-20T21:41:31+00:00","dateModified":"2023-06-13T15:00:34+00:00","description":"Nous fournissons \u00e9cailles et blocs pour couteaux, en bois tropicaux, de haute densit\u00e9, faible porosit\u00e9, parfaitement adapt\u00e9s aux couteaux de petites s\u00e9ries et de collection. Pour en savoir plus ...","breadcrumb":{"@id":"https:\/\/dev2.prosono-hardwoods.com\/fr\/caracal-notre-marque-de-couteaux-exclusifs\/#breadcrumb"},"inLanguage":"fr-FR","potentialAction":[{"@type":"ReadAction","target":["https:\/\/dev2.prosono-hardwoods.com\/fr\/caracal-notre-marque-de-couteaux-exclusifs\/"]}]},{"@type":"BreadcrumbList","@id":"https:\/\/dev2.prosono-hardwoods.com\/fr\/caracal-notre-marque-de-couteaux-exclusifs\/#breadcrumb","itemListElement":[{"@type":"ListItem","position":1,"name":"Accueil","item":"https:\/\/dev2.prosono-hardwoods.com\/"},{"@type":"ListItem","position":2,"name":"CARACAL : NOTRE MARQUE DE COUTEAUX ARTISANAUX"}]},{"@type":"WebSite","@id":"https:\/\/dev2.prosono-hardwoods.com\/#website","url":"https:\/\/dev2.prosono-hardwoods.com\/","name":"Prosono international","description":"","publisher":{"@id":"https:\/\/dev2.prosono-hardwoods.com\/#organization"},"potentialAction":[{"@type":"SearchAction","target":{"@type":"EntryPoint","urlTemplate":"https:\/\/dev2.prosono-hardwoods.com\/?s={search_term_string}"},"query-input":"required name=search_term_string"}],"inLanguage":"fr-FR"},{"@type":"Organization","@id":"https:\/\/dev2.prosono-hardwoods.com\/#organization","name":"Prosono Hardwoods International","url":"https:\/\/dev2.prosono-hardwoods.com\/","logo":{"@type":"ImageObject","inLanguage":"fr-FR","@id":"https:\/\/dev2.prosono-hardwoods.com\/#\/schema\/logo\/image\/","url":"https:\/\/dev2.prosono-hardwoods.com\/wp-content\/uploads\/2020\/08\/prosono-logo@2x.png","contentUrl":"https:\/\/dev2.prosono-hardwoods.com\/wp-content\/uploads\/2020\/08\/prosono-logo@2x.png","width":404,"height":90,"caption":"Prosono Hardwoods International"},"image":{"@id":"https:\/\/dev2.prosono-hardwoods.com\/#\/schema\/logo\/image\/"}}]}},"_links":{"self":[{"href":"https:\/\/dev2.prosono-hardwoods.com\/fr\/wp-json\/wp\/v2\/pages\/1281"}],"collection":[{"href":"https:\/\/dev2.prosono-hardwoods.com\/fr\/wp-json\/wp\/v2\/pages"}],"about":[{"href":"https:\/\/dev2.prosono-hardwoods.com\/fr\/wp-json\/wp\/v2\/types\/page"}],"author":[{"embeddable":true,"href":"https:\/\/dev2.prosono-hardwoods.com\/fr\/wp-json\/wp\/v2\/users\/4"}],"replies":[{"embeddable":true,"href":"https:\/\/dev2.prosono-hardwoods.com\/fr\/wp-json\/wp\/v2\/comments?post=1281"}],"version-history":[{"count":9,"href":"https:\/\/dev2.prosono-hardwoods.com\/fr\/wp-json\/wp\/v2\/pages\/1281\/revisions"}],"predecessor-version":[{"id":19596,"href":"https:\/\/dev2.prosono-hardwoods.com\/fr\/wp-json\/wp\/v2\/pages\/1281\/revisions\/19596"}],"wp:attachment":[{"href":"https:\/\/dev2.prosono-hardwoods.com\/fr\/wp-json\/wp\/v2\/media?parent=1281"}],"curies":[{"name":"wp","href":"https:\/\/api.w.org\/{rel}","templated":true}]}}