{"id":1290,"date":"2017-08-20T23:47:46","date_gmt":"2017-08-20T21:47:46","guid":{"rendered":"https:\/\/dev2.prosono-hardwoods.com\/parquet-noble\/"},"modified":"2024-01-16T15:26:03","modified_gmt":"2024-01-16T14:26:03","slug":"parquet-noble","status":"publish","type":"page","link":"https:\/\/dev2.prosono-hardwoods.com\/fr\/parquet-noble\/","title":{"rendered":"Parquet Noble"},"content":{"rendered":"<section class=\"wpb-content-wrapper\"><p>[vc_row][vc_column width=\u00a0\u00bb1\/2&Prime;][vc_gallery interval=\u00a0\u00bb3&Prime; images=\u00a0\u00bb3975,3867,3939,3927,3930,3933,3912,3909,3972,3960,3900,3837,3870,3978,3864&Prime; img_size=\u00a0\u00bb580&#215;380&Prime; onclick=\u00a0\u00bb\u00a0\u00bb][\/vc_column][vc_column width=\u00a0\u00bb1\/2&Prime;][vc_column_text]The only know ebony floor still existing to-day can be admired in the Banqueting Hall<br \/>\nof the Castle of Henri VIII, in Leeds\/England \u2013 or might it be our<a href=\"https:\/\/dev2.prosono-hardwoods.com\/exotic-wood-floor\/\"> parquet flooring in your house<\/a>.<\/p>\n<p>We are proud to offer <strong>exotic solid wood floor<\/strong> crafted from the finest and most revered African exotic wood<strong>s <\/strong>the world over!<\/p>\n<p>ParquetNoble\u00ae based in Johannesburg South Africa, searches, selects and processes the most precious timber species, namely Ebony, Mopane, Red ivory and Sandalwood.<\/p>\n<p>Our initial focus was to serve the manufacturers of musical instruments world-wide. Since then, we have extended our activities to the production of <strong>wood parquet floor made of the same exotic woods<\/strong>. They are hand-made hardwood floors.<\/p>\n<p>For those living close by, our show-house is located in Fourways, North of Johannesburg. Visitation by appointment (082) 652.07.47.[\/vc_column_text][\/vc_column][\/vc_row]<\/p>\n<\/section>","protected":false},"excerpt":{"rendered":"<p>[vc_row][vc_column width=\u00a0\u00bb1\/2&Prime;][vc_gallery interval=\u00a0\u00bb3&Prime; images=\u00a0\u00bb3975,3867,3939,3927,3930,3933,3912,3909,3972,3960,3900,3837,3870,3978,3864&Prime; img_size=\u00a0\u00bb580&#215;380&Prime; onclick=\u00a0\u00bb\u00a0\u00bb][\/vc_column][vc_column width=\u00a0\u00bb1\/2&Prime;][vc_column_text]The only know ebony floor still existing to-day can be admired in the Banqueting Hall of the Castle of Henri<span class=\"excerpt-hellip\"> [\u2026]<\/span><\/p>\n","protected":false},"author":4,"featured_media":0,"parent":0,"menu_order":0,"comment_status":"closed","ping_status":"closed","template":"","meta":{"_themeisle_gutenberg_block_has_review":false,"footnotes":""},"yoast_head":"<!-- This site is optimized with the Yoast SEO plugin v21.5 - https:\/\/yoast.com\/wordpress\/plugins\/seo\/ -->\n<title>Parquet Noble - Prosono international<\/title>\n<meta name=\"description\" content=\"Nous sommes fiers d&#039;offrir un parquet en bois massif, fabriqu\u00e9 \u00e0 la main, partir de bois uniques, \u00e9b\u00e8ne, mopani, ivoire rose. Pour en savoir plus.\" \/>\n<meta name=\"robots\" content=\"noindex, follow, max-snippet:-1, max-image-preview:large, max-video-preview:-1\" \/>\n<meta property=\"og:locale\" content=\"fr_FR\" \/>\n<meta property=\"og:type\" content=\"article\" \/>\n<meta property=\"og:title\" content=\"Parquet Noble - Prosono international\" \/>\n<meta property=\"og:description\" content=\"Nous sommes fiers d&#039;offrir un parquet en bois massif, fabriqu\u00e9 \u00e0 la main, partir de bois uniques, \u00e9b\u00e8ne, mopani, ivoire rose. Pour en savoir plus.\" \/>\n<meta property=\"og:url\" content=\"https:\/\/dev2.prosono-hardwoods.com\/parquet-noble\/\" \/>\n<meta property=\"og:site_name\" content=\"Prosono international\" \/>\n<meta property=\"article:modified_time\" content=\"2024-01-16T14:26:03+00:00\" \/>\n<meta name=\"twitter:card\" content=\"summary_large_image\" \/>\n<meta name=\"twitter:label1\" content=\"Dur\u00e9e de lecture estim\u00e9e\" \/>\n\t<meta name=\"twitter:data1\" content=\"1 minute\" \/>\n<script type=\"application\/ld+json\" class=\"yoast-schema-graph\">{\"@context\":\"https:\/\/schema.org\",\"@graph\":[{\"@type\":\"WebPage\",\"@id\":\"https:\/\/dev2.prosono-hardwoods.com\/parquet-noble\/\",\"url\":\"https:\/\/dev2.prosono-hardwoods.com\/parquet-noble\/\",\"name\":\"Parquet Noble - Prosono international\",\"isPartOf\":{\"@id\":\"https:\/\/dev2.prosono-hardwoods.com\/#website\"},\"datePublished\":\"2017-08-20T21:47:46+00:00\",\"dateModified\":\"2024-01-16T14:26:03+00:00\",\"description\":\"Nous sommes fiers d'offrir un parquet en bois massif, fabriqu\u00e9 \u00e0 la main, partir de bois uniques, \u00e9b\u00e8ne, mopani, ivoire rose. Pour en savoir plus.\",\"breadcrumb\":{\"@id\":\"https:\/\/dev2.prosono-hardwoods.com\/parquet-noble\/#breadcrumb\"},\"inLanguage\":\"fr-FR\",\"potentialAction\":[{\"@type\":\"ReadAction\",\"target\":[\"https:\/\/dev2.prosono-hardwoods.com\/parquet-noble\/\"]}]},{\"@type\":\"BreadcrumbList\",\"@id\":\"https:\/\/dev2.prosono-hardwoods.com\/parquet-noble\/#breadcrumb\",\"itemListElement\":[{\"@type\":\"ListItem\",\"position\":1,\"name\":\"Accueil\",\"item\":\"https:\/\/dev2.prosono-hardwoods.com\/\"},{\"@type\":\"ListItem\",\"position\":2,\"name\":\"Parquet Noble\"}]},{\"@type\":\"WebSite\",\"@id\":\"https:\/\/dev2.prosono-hardwoods.com\/#website\",\"url\":\"https:\/\/dev2.prosono-hardwoods.com\/\",\"name\":\"Prosono international\",\"description\":\"\",\"publisher\":{\"@id\":\"https:\/\/dev2.prosono-hardwoods.com\/#organization\"},\"potentialAction\":[{\"@type\":\"SearchAction\",\"target\":{\"@type\":\"EntryPoint\",\"urlTemplate\":\"https:\/\/dev2.prosono-hardwoods.com\/?s={search_term_string}\"},\"query-input\":\"required name=search_term_string\"}],\"inLanguage\":\"fr-FR\"},{\"@type\":\"Organization\",\"@id\":\"https:\/\/dev2.prosono-hardwoods.com\/#organization\",\"name\":\"Prosono Hardwoods International\",\"url\":\"https:\/\/dev2.prosono-hardwoods.com\/\",\"logo\":{\"@type\":\"ImageObject\",\"inLanguage\":\"fr-FR\",\"@id\":\"https:\/\/dev2.prosono-hardwoods.com\/#\/schema\/logo\/image\/\",\"url\":\"https:\/\/dev2.prosono-hardwoods.com\/wp-content\/uploads\/2020\/08\/prosono-logo@2x.png\",\"contentUrl\":\"https:\/\/dev2.prosono-hardwoods.com\/wp-content\/uploads\/2020\/08\/prosono-logo@2x.png\",\"width\":404,\"height\":90,\"caption\":\"Prosono Hardwoods International\"},\"image\":{\"@id\":\"https:\/\/dev2.prosono-hardwoods.com\/#\/schema\/logo\/image\/\"}}]}<\/script>\n<!-- \/ Yoast SEO plugin. -->","yoast_head_json":{"title":"Parquet Noble - Prosono international","description":"Nous sommes fiers d'offrir un parquet en bois massif, fabriqu\u00e9 \u00e0 la main, partir de bois uniques, \u00e9b\u00e8ne, mopani, ivoire rose. Pour en savoir plus.","robots":{"index":"noindex","follow":"follow","max-snippet":"max-snippet:-1","max-image-preview":"max-image-preview:large","max-video-preview":"max-video-preview:-1"},"og_locale":"fr_FR","og_type":"article","og_title":"Parquet Noble - Prosono international","og_description":"Nous sommes fiers d'offrir un parquet en bois massif, fabriqu\u00e9 \u00e0 la main, partir de bois uniques, \u00e9b\u00e8ne, mopani, ivoire rose. Pour en savoir plus.","og_url":"https:\/\/dev2.prosono-hardwoods.com\/parquet-noble\/","og_site_name":"Prosono international","article_modified_time":"2024-01-16T14:26:03+00:00","twitter_card":"summary_large_image","twitter_misc":{"Dur\u00e9e de lecture estim\u00e9e":"1 minute"},"schema":{"@context":"https:\/\/schema.org","@graph":[{"@type":"WebPage","@id":"https:\/\/dev2.prosono-hardwoods.com\/parquet-noble\/","url":"https:\/\/dev2.prosono-hardwoods.com\/parquet-noble\/","name":"Parquet Noble - Prosono international","isPartOf":{"@id":"https:\/\/dev2.prosono-hardwoods.com\/#website"},"datePublished":"2017-08-20T21:47:46+00:00","dateModified":"2024-01-16T14:26:03+00:00","description":"Nous sommes fiers d'offrir un parquet en bois massif, fabriqu\u00e9 \u00e0 la main, partir de bois uniques, \u00e9b\u00e8ne, mopani, ivoire rose. Pour en savoir plus.","breadcrumb":{"@id":"https:\/\/dev2.prosono-hardwoods.com\/parquet-noble\/#breadcrumb"},"inLanguage":"fr-FR","potentialAction":[{"@type":"ReadAction","target":["https:\/\/dev2.prosono-hardwoods.com\/parquet-noble\/"]}]},{"@type":"BreadcrumbList","@id":"https:\/\/dev2.prosono-hardwoods.com\/parquet-noble\/#breadcrumb","itemListElement":[{"@type":"ListItem","position":1,"name":"Accueil","item":"https:\/\/dev2.prosono-hardwoods.com\/"},{"@type":"ListItem","position":2,"name":"Parquet Noble"}]},{"@type":"WebSite","@id":"https:\/\/dev2.prosono-hardwoods.com\/#website","url":"https:\/\/dev2.prosono-hardwoods.com\/","name":"Prosono international","description":"","publisher":{"@id":"https:\/\/dev2.prosono-hardwoods.com\/#organization"},"potentialAction":[{"@type":"SearchAction","target":{"@type":"EntryPoint","urlTemplate":"https:\/\/dev2.prosono-hardwoods.com\/?s={search_term_string}"},"query-input":"required name=search_term_string"}],"inLanguage":"fr-FR"},{"@type":"Organization","@id":"https:\/\/dev2.prosono-hardwoods.com\/#organization","name":"Prosono Hardwoods International","url":"https:\/\/dev2.prosono-hardwoods.com\/","logo":{"@type":"ImageObject","inLanguage":"fr-FR","@id":"https:\/\/dev2.prosono-hardwoods.com\/#\/schema\/logo\/image\/","url":"https:\/\/dev2.prosono-hardwoods.com\/wp-content\/uploads\/2020\/08\/prosono-logo@2x.png","contentUrl":"https:\/\/dev2.prosono-hardwoods.com\/wp-content\/uploads\/2020\/08\/prosono-logo@2x.png","width":404,"height":90,"caption":"Prosono Hardwoods International"},"image":{"@id":"https:\/\/dev2.prosono-hardwoods.com\/#\/schema\/logo\/image\/"}}]}},"_links":{"self":[{"href":"https:\/\/dev2.prosono-hardwoods.com\/fr\/wp-json\/wp\/v2\/pages\/1290"}],"collection":[{"href":"https:\/\/dev2.prosono-hardwoods.com\/fr\/wp-json\/wp\/v2\/pages"}],"about":[{"href":"https:\/\/dev2.prosono-hardwoods.com\/fr\/wp-json\/wp\/v2\/types\/page"}],"author":[{"embeddable":true,"href":"https:\/\/dev2.prosono-hardwoods.com\/fr\/wp-json\/wp\/v2\/users\/4"}],"replies":[{"embeddable":true,"href":"https:\/\/dev2.prosono-hardwoods.com\/fr\/wp-json\/wp\/v2\/comments?post=1290"}],"version-history":[{"count":8,"href":"https:\/\/dev2.prosono-hardwoods.com\/fr\/wp-json\/wp\/v2\/pages\/1290\/revisions"}],"predecessor-version":[{"id":23963,"href":"https:\/\/dev2.prosono-hardwoods.com\/fr\/wp-json\/wp\/v2\/pages\/1290\/revisions\/23963"}],"wp:attachment":[{"href":"https:\/\/dev2.prosono-hardwoods.com\/fr\/wp-json\/wp\/v2\/media?parent=1290"}],"curies":[{"name":"wp","href":"https:\/\/api.w.org\/{rel}","templated":true}]}}