{"id":1294,"date":"2017-08-20T23:57:28","date_gmt":"2017-08-20T21:57:28","guid":{"rendered":"https:\/\/dev2.prosono-hardwoods.com\/parquets-mosaiques-traditionnels\/"},"modified":"2024-01-12T16:08:46","modified_gmt":"2024-01-12T15:08:46","slug":"parquet-traditionnel-fait-a-la-main","status":"publish","type":"page","link":"https:\/\/dev2.prosono-hardwoods.com\/fr\/parquet-traditionnel-fait-a-la-main\/","title":{"rendered":"Parquet traditionnel fait \u00e0 la main"},"content":{"rendered":"<section class=\"wpb-content-wrapper\"><p>[vc_row][vc_column][vc_single_image image=\u00a0\u00bb7473&Prime; img_size=\u00a0\u00bbfull\u00a0\u00bb alignment=\u00a0\u00bbright\u00a0\u00bb style=\u00a0\u00bbvc_box_shadow_3d\u00a0\u00bb][\/vc_column][\/vc_row][vc_row css=\u00a0\u00bb.vc_custom_1615888165941{margin-top: 0px !important;margin-right: 0px !important;margin-left: 0px !important;border-top-width: 0px !important;border-left-width: 4px !important;padding-top: 0px !important;padding-right: 0px !important;padding-left: 30px !important;border-left-color: #ae3307 !important;border-left-style: dotted !important;border-top-color: #ae3307 !important;border-top-style: dotted !important;}\u00a0\u00bb][vc_column width=\u00a0\u00bb2\/3&Prime; css=\u00a0\u00bb.vc_custom_1599654008285{margin-top: 0px !important;margin-bottom: 0px !important;padding-top: 0px !important;padding-bottom: 0px !important;}\u00a0\u00bb][vc_column_text]<\/p>\n<h2><strong>Parquet massif et parquet marqueterie<\/strong><\/h2>\n<p>[\/vc_column_text][vc_column_text css=\u00a0\u00bb.vc_custom_1631606443886{margin-bottom: 0px !important;border-bottom-width: 0px !important;padding-right: 10px !important;padding-bottom: 0px !important;}\u00a0\u00bb]ProSono propose des parquets en bois massif fabriqu\u00e9s \u00e0 partir de bois pr\u00e9cieux.<\/p>\n<p>Nos parquets \u00e0 coller<\/p>\n<ul>\n<li>sont fait \u00e0 la main, esth\u00e9tique unique<\/li>\n<li>peuvent \u00eatre personnalis\u00e9, avec un choix de bois nobles et de motifs<\/li>\n<li>ajoute de la valeur \u00e0 tout logement<\/li>\n<li>dureront toute une vie ou plusieurs vies !<\/li>\n<\/ul>\n<p>Nous offrons une valeur vraiment exceptionnelle. En effet, nous vendons des quantit\u00e9s substantielles de pi\u00e8ces en bois pr\u00e9cieux de haute qualit\u00e9 destin\u00e9es \u00e0 la fabrication d&rsquo;instruments de musique.<\/p>\n<p>Le co\u00fbt du bois est enti\u00e8rement pris en charge par cette activit\u00e9. Cela signifie que nous sommes en mesure d&rsquo;offrir des planchers de bois exotiques \u00e0 un co\u00fbt bien inf\u00e9rieur \u00e0 ce qui serait autrement possible.<\/p>\n<p>Notre principal bois dur pour les rev\u00eatements de sol est l&rsquo;\u00e9b\u00e8ne des Pharaons, soit enti\u00e8rement noir, soit incorporant 25 % ou plus d&rsquo;aubier de couleur claire.<\/p>\n<p>Notre parquet est \u00e9galement disponible en mopani, ivoire rose et cocobolo africain, bien que la disponibilit\u00e9 de ces essences soit limit\u00e9e. Le mopani et l&rsquo;ivoire rose sont souvent utilis\u00e9s dans le parquet marqueterie, pour cr\u00e9er des parquets mosa\u00efques, de motifs classiques ou modernes.[\/vc_column_text][\/vc_column][vc_column width=\u00a0\u00bb1\/3&Prime; css=\u00a0\u00bb.vc_custom_1599654454226{margin-top: 0px !important;margin-right: 0px !important;margin-bottom: 0px !important;border-right-width: 0px !important;padding-top: 0px !important;padding-right: 0px !important;padding-bottom: 0px !important;padding-left: 20px !important;}\u00a0\u00bb][vc_column_text]<\/p>\n<h2><strong>Essences de bois nobles<\/strong><\/h2>\n<p>[\/vc_column_text][vc_column_text css=\u00a0\u00bb.vc_custom_1643373120591{margin-right: 0px !important;border-right-width: 0px !important;padding-top: 18px !important;padding-right: 18px !important;padding-bottom: 18px !important;padding-left: 18px !important;background-color: #f6f5f1 !important;border-radius: 10px !important;}\u00a0\u00bb]<\/p>\n<ul>\n<li><a href=\"https:\/\/dev2.prosono-hardwoods.com\/fr\/essences-de-bois\/ebene-du-mozambique\/\">\u00c9b\u00e8ne de Mozambique<\/a><\/li>\n<li><a href=\"https:\/\/dev2.prosono-hardwoods.com\/fr\/essences-de-bois\/mopani\/\">Mopani<\/a><\/li>\n<li><a href=\"https:\/\/dev2.prosono-hardwoods.com\/fr\/essences-de-bois\/ivoire-rose\/\">Ivoire rose<\/a><\/li>\n<li><a href=\"https:\/\/dev2.prosono-hardwoods.com\/fr\/essences-de-bois\/cocobolo-d-afrique-tambotie\/\">Cocobolo africain<\/a><\/li>\n<\/ul>\n<p>[\/vc_column_text][\/vc_column][\/vc_row][vc_row][vc_column offset=\u00a0\u00bbvc_hidden-sm vc_hidden-xs\u00a0\u00bb][vc_images_carousel images=\u00a0\u00bb6553,6545,6549,6541,6533,6561&Prime; img_size=\u00a0\u00bbmedium\u00a0\u00bb slides_per_view=\u00a0\u00bb6&Prime; hide_pagination_control=\u00a0\u00bbyes\u00a0\u00bb hide_prev_next_buttons=\u00a0\u00bbyes\u00a0\u00bb css=\u00a0\u00bb.vc_custom_1631607559651{padding-bottom: 0px !important;}\u00a0\u00bb][vc_row_inner css=\u00a0\u00bb.vc_custom_1599543358749{margin-top: 0px !important;margin-bottom: 0px !important;border-top-width: 0px !important;border-bottom-width: 0px !important;padding-top: 0px !important;padding-bottom: 0px !important;}\u00a0\u00bb][vc_column_inner css=\u00a0\u00bb.vc_custom_1631607590698{padding-top: 0px !important;}\u00a0\u00bb][vc_column_text css=\u00a0\u00bb.vc_custom_1631606630861{margin-bottom: 50px !important;padding-top: 30px !important;padding-right: 30px !important;padding-bottom: 30px !important;padding-left: 30px !important;background-color: #77654d !important;}\u00a0\u00bb]<\/p>\n<h3 style=\"text-align: center;\"><span style=\"color: #ffffff;\"><em>\u201c&#8230; Laissez-moi vous dire que la qualit\u00e9 du parquet est exceptionnelle ! \u201d<\/em><\/span><\/h3>\n<h6 style=\"text-align: center;\"><span style=\"color: #ffffff;\"><strong>~ Pedro Jorge<\/strong><\/span><\/h6>\n<p>[\/vc_column_text][vc_btn title=\u00a0\u00bbNous contacter\u00a0\u00bb style=\u00a0\u00bbflat\u00a0\u00bb shape=\u00a0\u00bbsquare\u00a0\u00bb color=\u00a0\u00bbdanger\u00a0\u00bb size=\u00a0\u00bblg\u00a0\u00bb align=\u00a0\u00bbcenter\u00a0\u00bb css=\u00a0\u00bb.vc_custom_1631606653200{margin-bottom: 20px !important;border-bottom-width: 0px !important;padding-bottom: 0px !important;}\u00a0\u00bb link=\u00a0\u00bburl:%23form\u00a0\u00bb][\/vc_column_inner][\/vc_row_inner][\/vc_column][\/vc_row][vc_row css=\u00a0\u00bb.vc_custom_1623228596193{padding-top: 50px !important;padding-bottom: 0px !important;}\u00a0\u00bb el_id=\u00a0\u00bbdimensions\u00a0\u00bb][vc_column][vc_text_separator title=\u00a0\u00bbParquet massif ! Parquet noble ! Parquet marqueterie !\u00a0\u00bb color=\u00a0\u00bbcustom\u00a0\u00bb border_width=\u00a0\u00bb4&Prime; css=\u00a0\u00bb.vc_custom_1631606670546{margin-top: 10px !important;}\u00a0\u00bb accent_color=\u00a0\u00bb#b53a2c\u00a0\u00bb][vc_column_text css=\u00a0\u00bb.vc_custom_1631607355109{padding-bottom: 0px !important;}\u00a0\u00bb]<\/p>\n<p style=\"text-align: center;\">Le tableau ci-dessous r\u00e9pertorie les diff\u00e9rents bois pr\u00e9cieux que nous proposons comme parquet (sous r\u00e9serve de disponibilit\u00e9), ainsi que les motifs standards de nos parquets mosa\u00efques.<\/p>\n<p style=\"text-align: center;\">Nous proposons \u00e9galement des mod\u00e8les de parquets sur mesure. N&rsquo;h\u00e9sitez pas \u00e0 nous contacter avec votre propre motif ou logo.<\/p>\n<p>[\/vc_column_text][\/vc_column][\/vc_row][vc_row][vc_column width=\u00a0\u00bb1\/6&Prime;][\/vc_column][vc_column width=\u00a0\u00bb2\/3&Prime;][vc_column_text]<\/p>\n<table width=\"100%\">\n<tbody>\n<tr style=\"background-color: #dcdad2;\">\n<td colspan=\"2\" width=\"616\">\n<p style=\"text-align: center;\"><strong>Parquets massifs \u00e0 coller<\/strong><em>\u00a0<\/em><\/p>\n<\/td>\n<\/tr>\n<tr>\n<td style=\"text-align: left;\" width=\"308\"><strong>Bois pr\u00e9cieux<\/strong><\/td>\n<td style=\"text-align: left;\" width=\"308\">\n<p style=\"text-align: left;\"><strong>Effet esth\u00e9tique<\/strong><\/p>\n<\/td>\n<\/tr>\n<tr>\n<td style=\"text-align: left;\" width=\"308\">Parquet en mopani<\/td>\n<td width=\"308\">\n<p style=\"text-align: left;\">Rouge sang lorsqu&rsquo;il est compl\u00e8tement oxyd\u00e9<\/p>\n<\/td>\n<\/tr>\n<tr>\n<td style=\"text-align: left;\" width=\"308\">Parquet en \u00e9b\u00e8ne noire<\/td>\n<td width=\"308\">\n<p style=\"text-align: left;\">Noir avec des stries marron fonc\u00e9<\/p>\n<\/td>\n<\/tr>\n<tr>\n<td style=\"text-align: left;\" width=\"308\">Parquet en \u00e9b\u00e8ne noire avec aubier<\/td>\n<td width=\"308\">\n<p style=\"text-align: left;\">Noir avec fort contraste de brun clair.<\/p>\n<\/td>\n<\/tr>\n<tr>\n<td style=\"text-align: left;\" width=\"308\">Parquet en voire rose<\/td>\n<td width=\"308\">\n<p style=\"text-align: left;\">Couleur vin ros\u00e9 distinctive<\/p>\n<\/td>\n<\/tr>\n<tr>\n<td style=\"text-align: left;\" width=\"308\">Parquet en cocobolo africain<\/td>\n<td width=\"308\">\n<p style=\"text-align: left;\">Brun rustique avec une odeur de bois distinctive et agr\u00e9able<\/p>\n<\/td>\n<\/tr>\n<tr style=\"background-color: #dcdad2;\">\n<td style=\"text-align: center;\" colspan=\"2\" width=\"616\"><strong>Parquet (mosa\u00efque) : motifs standards<\/strong><\/td>\n<\/tr>\n<tr>\n<td style=\"text-align: left;\" width=\"308\">Eb\u00e8ne avec aubier<\/td>\n<td width=\"308\">\n<p style=\"text-align: left;\">Noir avec fort contraste de brun clair.<\/p>\n<\/td>\n<\/tr>\n<tr>\n<td style=\"text-align: left;\" width=\"308\">Parquet Haddon Hall<\/td>\n<td style=\"text-align: left;\" width=\"308\">Couleurs altern\u00e9es en zigzag\u00a0:<br \/>\n\u00c9b\u00e8ne\/mopane\/\u00e9b\u00e8ne ou mopane\/\u00e9b\u00e8ne\/mopane<\/td>\n<\/tr>\n<tr>\n<td style=\"text-align: left;\" width=\"308\">Cadre en \u00e9b\u00e8ne<\/td>\n<td width=\"308\">\n<p style=\"text-align: left;\">Couleurs altern\u00e9es, carr\u00e9s int\u00e9rieurs et ext\u00e9rieurs<\/p>\n<\/td>\n<\/tr>\n<tr>\n<td style=\"text-align: left;\" width=\"308\">Cadre en mopane<\/td>\n<td width=\"308\">\n<p style=\"text-align: left;\">Couleurs altern\u00e9es, carr\u00e9s int\u00e9rieurs et ext\u00e9rieurs<\/p>\n<\/td>\n<\/tr>\n<\/tbody>\n<\/table>\n<p>[\/vc_column_text][\/vc_column][vc_column width=\u00a0\u00bb1\/6&Prime;][\/vc_column][\/vc_row][vc_row css=\u00a0\u00bb.vc_custom_1599551732879{padding-top: 50px !important;}\u00a0\u00bb][vc_column][vc_text_separator title=\u00a0\u00bbPARQUET TRADITIONNEL FAIT A LA MAIN\u00a0\u00bb color=\u00a0\u00bbcustom\u00a0\u00bb border_width=\u00a0\u00bb4&Prime; css=\u00a0\u00bb.vc_custom_1631692785996{margin-top: 10px !important;}\u00a0\u00bb accent_color=\u00a0\u00bb#b53a2c\u00a0\u00bb][\/vc_column][\/vc_row][vc_row][vc_column width=\u00a0\u00bb1\/2&Prime;][vc_column_text css=\u00a0\u00bb.vc_custom_1631692766422{margin-bottom: 30px !important;padding-top: 30px !important;padding-right: 30px !important;padding-bottom: 30px !important;padding-left: 30px !important;background-color: #f6f5f1 !important;border-radius: 10px !important;}\u00a0\u00bb el_id=\u00a0\u00bbclarinet\u00a0\u00bb]<\/p>\n<h3>Parquet massif<\/h3>\n<p>Nos dalles \u00e0 coller sont faites de pi\u00e8ces de 8 mm d&rsquo;\u00e9paisseur, s\u00e9ch\u00e9es \u00e0 une teneur en humidit\u00e9 de 6 % \u00e0 9 %.<\/p>\n<p>Nous proposons des combinaisons \u00e0 cinq et six , dans l&rsquo;une des quatre tailles de carreaux :<\/p>\n<ul>\n<li>250 x 250 mm<\/li>\n<li>280 x 280 mm<\/li>\n<li>300 x 300 mm ou encore<\/li>\n<li>360 x 360 mm.<\/li>\n<\/ul>\n<p>Les tailles des dalles d\u00e9pendront du motif ou du logo choisi.<\/p>\n<h3>Carrelage parquet mosa\u00efque<\/h3>\n<p>Le parquet en mosa\u00efque combine des bois et motifs attrayants. Les pi\u00e8ces de bois sont parfaitement rabot\u00e9es et soigneusement assembl\u00e9es \u00e0 la main.<\/p>\n<p>Pour cr\u00e9er des motifs qui incorporent diff\u00e9rentes couleurs, les dalles combinent soit :<\/p>\n<ul>\n<li>duramen et aubier de la m\u00eame essence (selon les essences, ceux-ci peuvent \u00eatre de couleur tr\u00e8s diff\u00e9rente)<\/li>\n<li>deux essences diff\u00e9rentes telle que \u00e9b\u00e8ne et mopani, bois de densit\u00e9 quasiment identique.<\/li>\n<\/ul>\n<p><strong>Pour l\u00b4installation :\u00a0<\/strong>\u00a0Nos clients re\u00e7oivent un mode d\u2019emploi d\u00e9taill\u00e9 sur l\u00b4installation de nos parquets. Un papier adh\u00e9sif amovible 3M est plac\u00e9 sur les dalles de bois dur assembl\u00e9es. Il est retir\u00e9 par le poseur de parquet lorsque la colle est s\u00e8che. Cela garantit une adh\u00e9rence parfaite du parquet et de la chape.<\/p>\n<h4>Durabilit\u00e9 in\u00e9gal\u00e9e de nos parquets en bois\u00a0:<\/h4>\n<p>Les bois exotiques que nous utilisons sont de tr\u00e8s haute densit\u00e9 (1.1 \u00e0 1.35 KG\/dm3) et offrent donc une tr\u00e8s haute r\u00e9sistance \u00e0 l&rsquo;abrasion. Ils dureront toute une vie, m\u00eame dans les zones \u00e0 fort trafic.<\/p>\n<p>Parce que nos parquets ont une \u00e9paisseur de 8 mm, elles peuvent \u00eatre ponc\u00e9es plusieurs fois, la chose est tr\u00e8s rarement n\u00e9cessaire.<\/p>\n<h4>Motifs de marqueterie pour parquet<\/h4>\n<p>Le motif de parquet Haddon Hall se compose de plusieurs carr\u00e9s, chacun cr\u00e9\u00e9 \u00e0 l&rsquo;aide d&rsquo;un certain nombre de pi\u00e8ces de bois rectangulaires. Cette conception g\u00e9om\u00e9trique traditionnelle porte le nom d&rsquo;un manoir de la campagne anglaise, construit au 11\u00e8me si\u00e8cle.<\/p>\n<p>Dans les carreaux de sol \u00e0 chevrons, deux pi\u00e8ces de bois rectangulaires sont assembl\u00e9es \u00e0 des angles de 90 degr\u00e9s. Deux autres pi\u00e8ces sont assembl\u00e9es selon le m\u00eame angle, puis imbriqu\u00e9s dans l&rsquo;angle cr\u00e9\u00e9 par les premiers morceaux. Ceci est r\u00e9p\u00e9t\u00e9, cr\u00e9ant un motif similaire aux os d&rsquo;un hareng.<\/p>\n<p>Une vari\u00e9t\u00e9 d&rsquo;autres motifs de parquet marqueterie &#8211; par exemple, damier, chevron, le motif de parquet Versailles classique ou un design personnalis\u00e9 &#8211; peuvent \u00e9galement \u00eatre cr\u00e9\u00e9s.<\/p>\n<p>Pour ceux qui vivent \u00e0 proximit\u00e9, notre salle d&rsquo;exposition est \u00e0 Fourways, au nord de Johannesburg. Veuillez organiser une visite pour voir nos planchers de bois franc exotique. Notre num\u00e9ro de bureau est le <a href=\"tel:0115160252\">(011) 516 0252<\/a> ou contactez-nous par t\u00e9l\u00e9phone portable au <a href=\"tel:0826520747\">082 652 0747<\/a>.[\/vc_column_text][\/vc_column][vc_column width=\u00a0\u00bb1\/2&Prime;][vc_single_image image=\u00a0\u00bb6517&Prime; img_size=\u00a0\u00bb1024&#215;650&Prime; alignment=\u00a0\u00bbcenter\u00a0\u00bb style=\u00a0\u00bbvc_box_shadow_3d\u00a0\u00bb css=\u00a0\u00bb.vc_custom_1623234526499{margin-top: 3px !important;}\u00a0\u00bb][vc_single_image image=\u00a0\u00bb6525&Prime; img_size=\u00a0\u00bbfull\u00a0\u00bb alignment=\u00a0\u00bbcenter\u00a0\u00bb style=\u00a0\u00bbvc_box_shadow_3d\u00a0\u00bb css=\u00a0\u00bb.vc_custom_1623234284607{margin-top: -30px !important;border-top-width: 0px !important;border-bottom-width: 5px !important;padding-top: 0px !important;}\u00a0\u00bb][vc_single_image image=\u00a0\u00bb6521&Prime; img_size=\u00a0\u00bbfull\u00a0\u00bb alignment=\u00a0\u00bbcenter\u00a0\u00bb style=\u00a0\u00bbvc_box_shadow_3d\u00a0\u00bb css=\u00a0\u00bb.vc_custom_1623234301014{margin-top: -30px !important;border-top-width: 0px !important;border-bottom-width: 5px !important;padding-top: 0px !important;}\u00a0\u00bb][\/vc_column][\/vc_row][vc_row][vc_column css=\u00a0\u00bb.vc_custom_1615897223399{padding-top: 50px !important;}\u00a0\u00bb el_id=\u00a0\u00bbform\u00a0\u00bb][vc_text_separator title=\u00a0\u00bbENVOYEZ-NOUS UN MESSAGE\u00a0\u00bb color=\u00a0\u00bbcustom\u00a0\u00bb border_width=\u00a0\u00bb4&Prime; el_width=\u00a0\u00bb60&Prime; css=\u00a0\u00bb.vc_custom_1631607272073{margin-top: 10px !important;}\u00a0\u00bb accent_color=\u00a0\u00bb#b53a2c\u00a0\u00bb][\/vc_column][\/vc_row][vc_row][vc_column]\n<div class=\"wpcf7 no-js\" id=\"wpcf7-f1193-o1\" lang=\"en-US\" dir=\"ltr\">\n<div class=\"screen-reader-response\"><p role=\"status\" aria-live=\"polite\" aria-atomic=\"true\"><\/p> <ul><\/ul><\/div>\n<form action=\"\/fr\/wp-json\/wp\/v2\/pages\/1294#wpcf7-f1193-o1\" method=\"post\" class=\"wpcf7-form init\" aria-label=\"Contact form\" novalidate=\"novalidate\" data-status=\"init\">\n<div style=\"display: none;\">\n<input type=\"hidden\" name=\"_wpcf7\" value=\"1193\" \/>\n<input type=\"hidden\" name=\"_wpcf7_version\" value=\"5.8.3\" \/>\n<input type=\"hidden\" name=\"_wpcf7_locale\" value=\"en_US\" \/>\n<input type=\"hidden\" name=\"_wpcf7_unit_tag\" value=\"wpcf7-f1193-o1\" \/>\n<input type=\"hidden\" name=\"_wpcf7_container_post\" value=\"0\" \/>\n<input type=\"hidden\" name=\"_wpcf7_posted_data_hash\" value=\"\" \/>\n<\/div>\n<div class=\"column one-second\">\n\t<p><span class=\"wpcf7-form-control-wrap\" data-name=\"your-name\"><input size=\"40\" class=\"wpcf7-form-control wpcf7-text wpcf7-validates-as-required\" aria-required=\"true\" aria-invalid=\"false\" placeholder=\"Votre nom\" value=\"\" type=\"text\" name=\"your-name\" \/><\/span>\n\t<\/p>\n<\/div>\n<div class=\"column one-second\">\n\t<p><span class=\"wpcf7-form-control-wrap\" data-name=\"your-email\"><input size=\"40\" class=\"wpcf7-form-control wpcf7-email wpcf7-validates-as-required wpcf7-text wpcf7-validates-as-email\" aria-required=\"true\" aria-invalid=\"false\" placeholder=\"Votre adresse \u00e9lectronique\" value=\"\" type=\"email\" name=\"your-email\" \/><\/span>\n\t<\/p>\n<\/div>\n<div class=\"column one\">\n\t<p><span class=\"wpcf7-form-control-wrap\" data-name=\"your-subject\"><input size=\"40\" class=\"wpcf7-form-control wpcf7-text\" aria-invalid=\"false\" placeholder=\"Sujet\" value=\"\" type=\"text\" name=\"your-subject\" \/><\/span>\n\t<\/p>\n<\/div>\n<div class=\"column one\">\n\t<p><span class=\"wpcf7-form-control-wrap\" data-name=\"your-message\"><textarea cols=\"40\" rows=\"6\" class=\"wpcf7-form-control wpcf7-textarea\" aria-invalid=\"false\" placeholder=\"Votre Message\" name=\"your-message\"><\/textarea><\/span>\n\t<\/p>\n<\/div>\n<div class=\"column one\">\n\t<p><input class=\"wpcf7-form-control wpcf7-submit has-spinner\" type=\"submit\" value=\"ENVOYER\" \/>\n\t<\/p>\n<\/div><p style=\"display: none !important;\"><label>&#916;<textarea name=\"_wpcf7_ak_hp_textarea\" cols=\"45\" rows=\"8\" maxlength=\"100\"><\/textarea><\/label><input type=\"hidden\" id=\"ak_js_1\" name=\"_wpcf7_ak_js\" value=\"216\"\/><script>document.getElementById( \"ak_js_1\" ).setAttribute( \"value\", ( new Date() ).getTime() );<\/script><\/p><div class=\"wpcf7-response-output\" aria-hidden=\"true\"><\/div>\n<\/form>\n<\/div>\n[\/vc_column][\/vc_row]<\/p>\n<\/section>","protected":false},"excerpt":{"rendered":"<p>[vc_row][vc_column][vc_single_image image=\u00a0\u00bb7473&Prime; img_size=\u00a0\u00bbfull\u00a0\u00bb alignment=\u00a0\u00bbright\u00a0\u00bb style=\u00a0\u00bbvc_box_shadow_3d\u00a0\u00bb][\/vc_column][\/vc_row][vc_row css=\u00a0\u00bb.vc_custom_1615888165941{margin-top: 0px !important;margin-right: 0px !important;margin-left: 0px !important;border-top-width: 0px !important;border-left-width: 4px !important;padding-top: 0px !important;padding-right: 0px !important;padding-left: 30px !important;border-left-color: #ae3307 !important;border-left-style: dotted !important;border-top-color:<span class=\"excerpt-hellip\"> [\u2026]<\/span><\/p>\n","protected":false},"author":4,"featured_media":0,"parent":0,"menu_order":0,"comment_status":"closed","ping_status":"closed","template":"","meta":{"_themeisle_gutenberg_block_has_review":false,"footnotes":""},"yoast_head":"<!-- This site is optimized with the Yoast SEO plugin v21.5 - https:\/\/yoast.com\/wordpress\/plugins\/seo\/ -->\n<title>Parquet traditionnel fait main \u00e0 vendre - Prosono international<\/title>\n<meta name=\"description\" content=\"ProSono propose des parquets en bois massif fait \u00e0 la main, en \u00e9b\u00e8ne, mopani et ivoire rouge.\" \/>\n<meta name=\"robots\" content=\"noindex, follow, max-snippet:-1, max-image-preview:large, max-video-preview:-1\" \/>\n<meta property=\"og:locale\" content=\"fr_FR\" \/>\n<meta property=\"og:type\" content=\"article\" \/>\n<meta property=\"og:title\" content=\"Parquet traditionnel fait main \u00e0 vendre - Prosono international\" \/>\n<meta property=\"og:description\" content=\"ProSono propose des parquets en bois massif fait \u00e0 la main, en \u00e9b\u00e8ne, mopani et ivoire rouge.\" \/>\n<meta property=\"og:url\" content=\"https:\/\/dev2.prosono-hardwoods.com\/fr\/parquet-traditionnel-fait-a-la-main\/\" \/>\n<meta property=\"og:site_name\" content=\"Prosono international\" \/>\n<meta property=\"article:modified_time\" content=\"2024-01-12T15:08:46+00:00\" \/>\n<meta name=\"twitter:card\" content=\"summary_large_image\" \/>\n<meta name=\"twitter:label1\" content=\"Dur\u00e9e de lecture estim\u00e9e\" \/>\n\t<meta name=\"twitter:data1\" content=\"5 minutes\" \/>\n<script type=\"application\/ld+json\" class=\"yoast-schema-graph\">{\"@context\":\"https:\/\/schema.org\",\"@graph\":[{\"@type\":\"WebPage\",\"@id\":\"https:\/\/dev2.prosono-hardwoods.com\/fr\/parquet-traditionnel-fait-a-la-main\/\",\"url\":\"https:\/\/dev2.prosono-hardwoods.com\/fr\/parquet-traditionnel-fait-a-la-main\/\",\"name\":\"Parquet traditionnel fait main \u00e0 vendre - Prosono international\",\"isPartOf\":{\"@id\":\"https:\/\/dev2.prosono-hardwoods.com\/#website\"},\"datePublished\":\"2017-08-20T21:57:28+00:00\",\"dateModified\":\"2024-01-12T15:08:46+00:00\",\"description\":\"ProSono propose des parquets en bois massif fait \u00e0 la main, en \u00e9b\u00e8ne, mopani et ivoire rouge.\",\"breadcrumb\":{\"@id\":\"https:\/\/dev2.prosono-hardwoods.com\/fr\/parquet-traditionnel-fait-a-la-main\/#breadcrumb\"},\"inLanguage\":\"fr-FR\",\"potentialAction\":[{\"@type\":\"ReadAction\",\"target\":[\"https:\/\/dev2.prosono-hardwoods.com\/fr\/parquet-traditionnel-fait-a-la-main\/\"]}]},{\"@type\":\"BreadcrumbList\",\"@id\":\"https:\/\/dev2.prosono-hardwoods.com\/fr\/parquet-traditionnel-fait-a-la-main\/#breadcrumb\",\"itemListElement\":[{\"@type\":\"ListItem\",\"position\":1,\"name\":\"Accueil\",\"item\":\"https:\/\/dev2.prosono-hardwoods.com\/\"},{\"@type\":\"ListItem\",\"position\":2,\"name\":\"Parquet traditionnel fait \u00e0 la main\"}]},{\"@type\":\"WebSite\",\"@id\":\"https:\/\/dev2.prosono-hardwoods.com\/#website\",\"url\":\"https:\/\/dev2.prosono-hardwoods.com\/\",\"name\":\"Prosono international\",\"description\":\"\",\"publisher\":{\"@id\":\"https:\/\/dev2.prosono-hardwoods.com\/#organization\"},\"potentialAction\":[{\"@type\":\"SearchAction\",\"target\":{\"@type\":\"EntryPoint\",\"urlTemplate\":\"https:\/\/dev2.prosono-hardwoods.com\/?s={search_term_string}\"},\"query-input\":\"required name=search_term_string\"}],\"inLanguage\":\"fr-FR\"},{\"@type\":\"Organization\",\"@id\":\"https:\/\/dev2.prosono-hardwoods.com\/#organization\",\"name\":\"Prosono Hardwoods International\",\"url\":\"https:\/\/dev2.prosono-hardwoods.com\/\",\"logo\":{\"@type\":\"ImageObject\",\"inLanguage\":\"fr-FR\",\"@id\":\"https:\/\/dev2.prosono-hardwoods.com\/#\/schema\/logo\/image\/\",\"url\":\"https:\/\/dev2.prosono-hardwoods.com\/wp-content\/uploads\/2020\/08\/prosono-logo@2x.png\",\"contentUrl\":\"https:\/\/dev2.prosono-hardwoods.com\/wp-content\/uploads\/2020\/08\/prosono-logo@2x.png\",\"width\":404,\"height\":90,\"caption\":\"Prosono Hardwoods International\"},\"image\":{\"@id\":\"https:\/\/dev2.prosono-hardwoods.com\/#\/schema\/logo\/image\/\"}}]}<\/script>\n<!-- \/ Yoast SEO plugin. -->","yoast_head_json":{"title":"Parquet traditionnel fait main \u00e0 vendre - Prosono international","description":"ProSono propose des parquets en bois massif fait \u00e0 la main, en \u00e9b\u00e8ne, mopani et ivoire rouge.","robots":{"index":"noindex","follow":"follow","max-snippet":"max-snippet:-1","max-image-preview":"max-image-preview:large","max-video-preview":"max-video-preview:-1"},"og_locale":"fr_FR","og_type":"article","og_title":"Parquet traditionnel fait main \u00e0 vendre - Prosono international","og_description":"ProSono propose des parquets en bois massif fait \u00e0 la main, en \u00e9b\u00e8ne, mopani et ivoire rouge.","og_url":"https:\/\/dev2.prosono-hardwoods.com\/fr\/parquet-traditionnel-fait-a-la-main\/","og_site_name":"Prosono international","article_modified_time":"2024-01-12T15:08:46+00:00","twitter_card":"summary_large_image","twitter_misc":{"Dur\u00e9e de lecture estim\u00e9e":"5 minutes"},"schema":{"@context":"https:\/\/schema.org","@graph":[{"@type":"WebPage","@id":"https:\/\/dev2.prosono-hardwoods.com\/fr\/parquet-traditionnel-fait-a-la-main\/","url":"https:\/\/dev2.prosono-hardwoods.com\/fr\/parquet-traditionnel-fait-a-la-main\/","name":"Parquet traditionnel fait main \u00e0 vendre - Prosono international","isPartOf":{"@id":"https:\/\/dev2.prosono-hardwoods.com\/#website"},"datePublished":"2017-08-20T21:57:28+00:00","dateModified":"2024-01-12T15:08:46+00:00","description":"ProSono propose des parquets en bois massif fait \u00e0 la main, en \u00e9b\u00e8ne, mopani et ivoire rouge.","breadcrumb":{"@id":"https:\/\/dev2.prosono-hardwoods.com\/fr\/parquet-traditionnel-fait-a-la-main\/#breadcrumb"},"inLanguage":"fr-FR","potentialAction":[{"@type":"ReadAction","target":["https:\/\/dev2.prosono-hardwoods.com\/fr\/parquet-traditionnel-fait-a-la-main\/"]}]},{"@type":"BreadcrumbList","@id":"https:\/\/dev2.prosono-hardwoods.com\/fr\/parquet-traditionnel-fait-a-la-main\/#breadcrumb","itemListElement":[{"@type":"ListItem","position":1,"name":"Accueil","item":"https:\/\/dev2.prosono-hardwoods.com\/"},{"@type":"ListItem","position":2,"name":"Parquet traditionnel fait \u00e0 la main"}]},{"@type":"WebSite","@id":"https:\/\/dev2.prosono-hardwoods.com\/#website","url":"https:\/\/dev2.prosono-hardwoods.com\/","name":"Prosono international","description":"","publisher":{"@id":"https:\/\/dev2.prosono-hardwoods.com\/#organization"},"potentialAction":[{"@type":"SearchAction","target":{"@type":"EntryPoint","urlTemplate":"https:\/\/dev2.prosono-hardwoods.com\/?s={search_term_string}"},"query-input":"required name=search_term_string"}],"inLanguage":"fr-FR"},{"@type":"Organization","@id":"https:\/\/dev2.prosono-hardwoods.com\/#organization","name":"Prosono Hardwoods International","url":"https:\/\/dev2.prosono-hardwoods.com\/","logo":{"@type":"ImageObject","inLanguage":"fr-FR","@id":"https:\/\/dev2.prosono-hardwoods.com\/#\/schema\/logo\/image\/","url":"https:\/\/dev2.prosono-hardwoods.com\/wp-content\/uploads\/2020\/08\/prosono-logo@2x.png","contentUrl":"https:\/\/dev2.prosono-hardwoods.com\/wp-content\/uploads\/2020\/08\/prosono-logo@2x.png","width":404,"height":90,"caption":"Prosono Hardwoods International"},"image":{"@id":"https:\/\/dev2.prosono-hardwoods.com\/#\/schema\/logo\/image\/"}}]}},"_links":{"self":[{"href":"https:\/\/dev2.prosono-hardwoods.com\/fr\/wp-json\/wp\/v2\/pages\/1294"}],"collection":[{"href":"https:\/\/dev2.prosono-hardwoods.com\/fr\/wp-json\/wp\/v2\/pages"}],"about":[{"href":"https:\/\/dev2.prosono-hardwoods.com\/fr\/wp-json\/wp\/v2\/types\/page"}],"author":[{"embeddable":true,"href":"https:\/\/dev2.prosono-hardwoods.com\/fr\/wp-json\/wp\/v2\/users\/4"}],"replies":[{"embeddable":true,"href":"https:\/\/dev2.prosono-hardwoods.com\/fr\/wp-json\/wp\/v2\/comments?post=1294"}],"version-history":[{"count":33,"href":"https:\/\/dev2.prosono-hardwoods.com\/fr\/wp-json\/wp\/v2\/pages\/1294\/revisions"}],"predecessor-version":[{"id":23922,"href":"https:\/\/dev2.prosono-hardwoods.com\/fr\/wp-json\/wp\/v2\/pages\/1294\/revisions\/23922"}],"wp:attachment":[{"href":"https:\/\/dev2.prosono-hardwoods.com\/fr\/wp-json\/wp\/v2\/media?parent=1294"}],"curies":[{"name":"wp","href":"https:\/\/api.w.org\/{rel}","templated":true}]}}