{"id":1945,"date":"2017-10-29T11:01:23","date_gmt":"2017-10-29T10:01:23","guid":{"rendered":"https:\/\/dev2.prosono-hardwoods.com\/desirez-vous-travailler-avec-nous\/"},"modified":"2023-03-16T15:03:39","modified_gmt":"2023-03-16T14:03:39","slug":"desirez-vous-travailler-avec-nous","status":"publish","type":"page","link":"https:\/\/dev2.prosono-hardwoods.com\/fr\/a-propos\/desirez-vous-travailler-avec-nous\/","title":{"rendered":"VOULEZ-VOUS TRAVAILLER AVEC NOUS ?"},"content":{"rendered":"<section class=\"wpb-content-wrapper\"><p>[vc_row][vc_column][vc_empty_space height=\u00a0\u00bb10px\u00a0\u00bb][\/vc_column][\/vc_row][vc_row gap=\u00a0\u00bb20&Prime; css=\u00a0\u00bb.vc_custom_1653641030121{margin-right: 0px !important;margin-left: 0px !important;border-left-width: 4px !important;padding-right: 0px !important;padding-left: 10px !important;border-left-color: #ae3307 !important;border-left-style: dotted !important;}\u00a0\u00bb][vc_column width=\u00a0\u00bb1\/2&Prime; css=\u00a0\u00bb.vc_custom_1653638587631{margin-bottom: 0px !important;padding-top: 30px !important;padding-bottom: 0px !important;}\u00a0\u00bb][vc_column_text css=\u00a0\u00bb.vc_custom_1653640869374{margin-bottom: 0px !important;border-bottom-width: 0px !important;padding-bottom: 0px !important;}\u00a0\u00bb]<\/p>\n<h1><span style=\"color: #b53a2c;\">Vous souhaitez vendre nos \u00e9bauches uniques pour le tournage, pour les manches de couteaux, les bois de lutherie reconnus, voire des parquets massifs en bois tropicaux ?<\/span><\/h1>\n<p>Nous recherchons des grossistes, des distributeurs, voire de petites entreprises avec des sites Web interactifs <strong>en France et au BENELUX. <\/strong><\/p>\n<p>Nous avons des demandes r\u00e9guli\u00e8res de ces pays qui seraient mieux satisfaits par des distributeurs. Nos partenaires de longue date aux \u00c9tats-Unis, en Angleterre, au Japon, en Su\u00e8de et en Allemagne connaissent du succ\u00e8s.<\/p>\n<p>Si vous souhaitez \u00e9tudier cette opportunit\u00e9, veuillez commenter les sujets suivants et nous fournir toute information que vous jugez pertinente\u00a0:<\/p>\n<ul>\n<li>Activit\u00e9 actuelle :<\/li>\n<li>Adresse et num\u00e9ro de t\u00e9l\u00e9phone, si disponible, pour WhatsApp ou SKYPE.<\/li>\n<li>Votre produit pr\u00e9f\u00e9r\u00e9 de nos applications pour bois tropicaux.<\/li>\n<li>La strat\u00e9gie commerciale envisag\u00e9e.<\/li>\n<li>Vos promotions et publicit\u00e9 actuelles, participation \u00e0 des foires commerciales, etc.<\/li>\n<\/ul>\n<p>[\/vc_column_text][\/vc_column][vc_column width=\u00a0\u00bb1\/2&Prime; css=\u00a0\u00bb.vc_custom_1653638535713{margin-right: 0px !important;margin-bottom: 0px !important;border-right-width: 0px !important;padding-top: 30px !important;padding-right: 0px !important;padding-bottom: 0px !important;padding-left: 20px !important;}\u00a0\u00bb][vc_column_text css=\u00a0\u00bb.vc_custom_1653640946981{margin-top: 0px !important;margin-bottom: 20px !important;border-top-width: 0px !important;padding-top: 0px !important;}\u00a0\u00bb]<\/p>\n<h1><span style=\"color: #b53a2c;\">D\u00e9sirez-vous devenir un de nos fournisseurs<br \/>\n<\/span><\/h1>\n<p>Si vous d\u00e9sirez \u00e9tudier cette opportunit\u00e9, pri\u00e8re de bien vouloir remplir le questionnaire ci-joint. Nous vous contacterons pour \u00e9valuer cette opportunit\u00e9<\/p>\n<p>Vos commentaires sur les points suivants, nous permettra de rapidement vous donner une r\u00e9ponse :<\/p>\n<ul>\n<li>Activit\u00e9 actuelle<\/li>\n<li>Essences que vous envisager de fournir : noms usuels et botaniques :<\/li>\n<li>Origine des bois : terrain priv\u00e9 ou publique<\/li>\n<li>Concession existante ou permis de coupe annuelle.<\/li>\n<li>Infrastructure existante :<\/li>\n<\/ul>\n<p>[\/vc_column_text][\/vc_column][\/vc_row][vc_row css=\u00a0\u00bb.vc_custom_1510417974213{margin-top: 35px !important;margin-bottom: 35px !important;}\u00a0\u00bb][vc_column][vc_column_text][\/vc_column_text]\n<div class=\"wpcf7 no-js\" id=\"wpcf7-f1931-o1\" lang=\"fr-FR\" dir=\"ltr\">\n<div class=\"screen-reader-response\"><p role=\"status\" aria-live=\"polite\" aria-atomic=\"true\"><\/p> <ul><\/ul><\/div>\n<form action=\"\/fr\/wp-json\/wp\/v2\/pages\/1945#wpcf7-f1931-o1\" method=\"post\" class=\"wpcf7-form init\" aria-label=\"Formulaire de contact\" novalidate=\"novalidate\" data-status=\"init\">\n<div style=\"display: none;\">\n<input type=\"hidden\" name=\"_wpcf7\" value=\"1931\" \/>\n<input type=\"hidden\" name=\"_wpcf7_version\" value=\"5.8.3\" \/>\n<input type=\"hidden\" name=\"_wpcf7_locale\" value=\"fr_FR\" \/>\n<input type=\"hidden\" name=\"_wpcf7_unit_tag\" value=\"wpcf7-f1931-o1\" \/>\n<input type=\"hidden\" name=\"_wpcf7_container_post\" value=\"0\" \/>\n<input type=\"hidden\" name=\"_wpcf7_posted_data_hash\" value=\"\" \/>\n<\/div>\n<div class=\"column one-second\">\n\t<p><span class=\"wpcf7-form-control-wrap\" data-name=\"your-name\"><input size=\"40\" class=\"wpcf7-form-control wpcf7-text wpcf7-validates-as-required\" aria-required=\"true\" aria-invalid=\"false\" placeholder=\"Nom\" value=\"\" type=\"text\" name=\"your-name\" \/><\/span>\n\t<\/p>\n<\/div>\n<div class=\"column one-second\">\n\t<p><span class=\"wpcf7-form-control-wrap\" data-name=\"your-email\"><input size=\"40\" class=\"wpcf7-form-control wpcf7-email wpcf7-validates-as-required wpcf7-text wpcf7-validates-as-email\" aria-required=\"true\" aria-invalid=\"false\" placeholder=\"E-mail\" value=\"\" type=\"email\" name=\"your-email\" \/><\/span>\n\t<\/p>\n<\/div>\n<div class=\"column one-second\">\n\t<p><span class=\"wpcf7-form-control-wrap\" data-name=\"your-phone\"><input size=\"40\" class=\"wpcf7-form-control wpcf7-text wpcf7-validates-as-required\" aria-required=\"true\" aria-invalid=\"false\" placeholder=\"T\u00e9l\u00e9phone\" value=\"\" type=\"text\" name=\"your-phone\" \/><\/span>\n\t<\/p>\n<\/div>\n<div class=\"column one-second\">\n\t<p><span class=\"wpcf7-form-control-wrap\" data-name=\"your-address\"><input size=\"40\" class=\"wpcf7-form-control wpcf7-text wpcf7-validates-as-required\" aria-required=\"true\" aria-invalid=\"false\" placeholder=\"Adresse\" value=\"\" type=\"text\" name=\"your-address\" \/><\/span>\n\t<\/p>\n<\/div>\n<div class=\"column one\">\n\t<p><span class=\"wpcf7-form-control-wrap\" data-name=\"your-message\"><textarea cols=\"40\" rows=\"6\" class=\"wpcf7-form-control wpcf7-textarea\" aria-invalid=\"false\" placeholder=\"Message\" name=\"your-message\"><\/textarea><\/span>\n\t<\/p>\n<\/div>\n<div class=\"column one\">\n\t<p><input class=\"wpcf7-form-control wpcf7-submit has-spinner\" type=\"submit\" value=\"ENVOYER\" \/>\n\t<\/p>\n<\/div><p style=\"display: none !important;\"><label>&#916;<textarea name=\"_wpcf7_ak_hp_textarea\" cols=\"45\" rows=\"8\" maxlength=\"100\"><\/textarea><\/label><input type=\"hidden\" id=\"ak_js_1\" name=\"_wpcf7_ak_js\" value=\"1\"\/><script>document.getElementById( \"ak_js_1\" ).setAttribute( \"value\", ( new Date() ).getTime() );<\/script><\/p><div class=\"wpcf7-response-output\" aria-hidden=\"true\"><\/div>\n<\/form>\n<\/div>\n[\/vc_column][\/vc_row][vc_row full_width=\u00a0\u00bbstretch_row_content_no_spaces\u00a0\u00bb css=\u00a0\u00bb.vc_custom_1510417903990{margin-bottom: 0px !important;padding-bottom: 0px !important;}\u00a0\u00bb][vc_column css=\u00a0\u00bb.vc_custom_1510417908925{margin-bottom: 0px !important;padding-bottom: 0px !important;}\u00a0\u00bb][vc_single_image image=\u00a0\u00bb5898&Prime; img_size=\u00a0\u00bbfull\u00a0\u00bb alignment=\u00a0\u00bbcenter\u00a0\u00bb css=\u00a0\u00bb.vc_custom_1616749641933{margin-bottom: 0px !important;padding-bottom: 0px !important;}\u00a0\u00bb][\/vc_column][\/vc_row][vc_row][vc_column][\/vc_column][\/vc_row]<\/p>\n<\/section>","protected":false},"excerpt":{"rendered":"<p>[vc_row][vc_column][vc_empty_space height=\u00a0\u00bb10px\u00a0\u00bb][\/vc_column][\/vc_row][vc_row gap=\u00a0\u00bb20&Prime; css=\u00a0\u00bb.vc_custom_1653641030121{margin-right: 0px !important;margin-left: 0px !important;border-left-width: 4px !important;padding-right: 0px !important;padding-left: 10px !important;border-left-color: #ae3307 !important;border-left-style: dotted !important;}\u00a0\u00bb][vc_column width=\u00a0\u00bb1\/2&Prime; css=\u00a0\u00bb.vc_custom_1653638587631{margin-bottom: 0px !important;padding-top: 30px !important;padding-bottom: 0px !important;}\u00a0\u00bb][vc_column_text<span class=\"excerpt-hellip\"> [\u2026]<\/span><\/p>\n","protected":false},"author":4,"featured_media":0,"parent":1165,"menu_order":0,"comment_status":"closed","ping_status":"closed","template":"","meta":{"_themeisle_gutenberg_block_has_review":false,"footnotes":""},"yoast_head":"<!-- This site is optimized with the Yoast SEO plugin v21.5 - https:\/\/yoast.com\/wordpress\/plugins\/seo\/ -->\n<title>VOULEZ-VOUS TRAVAILLER AVEC NOUS ? - Prosono international<\/title>\n<meta name=\"description\" content=\"Nous rechechons des partenaires pour la distribution.\" \/>\n<meta name=\"robots\" content=\"noindex, follow, max-snippet:-1, max-image-preview:large, max-video-preview:-1\" \/>\n<meta property=\"og:locale\" content=\"fr_FR\" \/>\n<meta property=\"og:type\" content=\"article\" \/>\n<meta property=\"og:title\" content=\"VOULEZ-VOUS TRAVAILLER AVEC NOUS ? - Prosono international\" \/>\n<meta property=\"og:description\" content=\"Nous rechechons des partenaires pour la distribution.\" \/>\n<meta property=\"og:url\" content=\"https:\/\/dev2.prosono-hardwoods.com\/fr\/a-propos\/desirez-vous-travailler-avec-nous\/\" \/>\n<meta property=\"og:site_name\" content=\"Prosono international\" \/>\n<meta property=\"article:modified_time\" content=\"2023-03-16T14:03:39+00:00\" \/>\n<meta name=\"twitter:card\" content=\"summary_large_image\" \/>\n<meta name=\"twitter:label1\" content=\"Dur\u00e9e de lecture estim\u00e9e\" \/>\n\t<meta name=\"twitter:data1\" content=\"2 minutes\" \/>\n<script type=\"application\/ld+json\" class=\"yoast-schema-graph\">{\"@context\":\"https:\/\/schema.org\",\"@graph\":[{\"@type\":\"WebPage\",\"@id\":\"https:\/\/dev2.prosono-hardwoods.com\/fr\/a-propos\/desirez-vous-travailler-avec-nous\/\",\"url\":\"https:\/\/dev2.prosono-hardwoods.com\/fr\/a-propos\/desirez-vous-travailler-avec-nous\/\",\"name\":\"VOULEZ-VOUS TRAVAILLER AVEC NOUS ? - Prosono international\",\"isPartOf\":{\"@id\":\"https:\/\/dev2.prosono-hardwoods.com\/#website\"},\"datePublished\":\"2017-10-29T10:01:23+00:00\",\"dateModified\":\"2023-03-16T14:03:39+00:00\",\"description\":\"Nous rechechons des partenaires pour la distribution.\",\"breadcrumb\":{\"@id\":\"https:\/\/dev2.prosono-hardwoods.com\/fr\/a-propos\/desirez-vous-travailler-avec-nous\/#breadcrumb\"},\"inLanguage\":\"fr-FR\",\"potentialAction\":[{\"@type\":\"ReadAction\",\"target\":[\"https:\/\/dev2.prosono-hardwoods.com\/fr\/a-propos\/desirez-vous-travailler-avec-nous\/\"]}]},{\"@type\":\"BreadcrumbList\",\"@id\":\"https:\/\/dev2.prosono-hardwoods.com\/fr\/a-propos\/desirez-vous-travailler-avec-nous\/#breadcrumb\",\"itemListElement\":[{\"@type\":\"ListItem\",\"position\":1,\"name\":\"Accueil\",\"item\":\"https:\/\/dev2.prosono-hardwoods.com\/\"},{\"@type\":\"ListItem\",\"position\":2,\"name\":\"A PROPOS\",\"item\":\"https:\/\/dev2.prosono-hardwoods.com\/fr\/a-propos\/\"},{\"@type\":\"ListItem\",\"position\":3,\"name\":\"VOULEZ-VOUS TRAVAILLER AVEC NOUS ?\"}]},{\"@type\":\"WebSite\",\"@id\":\"https:\/\/dev2.prosono-hardwoods.com\/#website\",\"url\":\"https:\/\/dev2.prosono-hardwoods.com\/\",\"name\":\"Prosono international\",\"description\":\"\",\"publisher\":{\"@id\":\"https:\/\/dev2.prosono-hardwoods.com\/#organization\"},\"potentialAction\":[{\"@type\":\"SearchAction\",\"target\":{\"@type\":\"EntryPoint\",\"urlTemplate\":\"https:\/\/dev2.prosono-hardwoods.com\/?s={search_term_string}\"},\"query-input\":\"required name=search_term_string\"}],\"inLanguage\":\"fr-FR\"},{\"@type\":\"Organization\",\"@id\":\"https:\/\/dev2.prosono-hardwoods.com\/#organization\",\"name\":\"Prosono Hardwoods International\",\"url\":\"https:\/\/dev2.prosono-hardwoods.com\/\",\"logo\":{\"@type\":\"ImageObject\",\"inLanguage\":\"fr-FR\",\"@id\":\"https:\/\/dev2.prosono-hardwoods.com\/#\/schema\/logo\/image\/\",\"url\":\"https:\/\/dev2.prosono-hardwoods.com\/wp-content\/uploads\/2020\/08\/prosono-logo@2x.png\",\"contentUrl\":\"https:\/\/dev2.prosono-hardwoods.com\/wp-content\/uploads\/2020\/08\/prosono-logo@2x.png\",\"width\":404,\"height\":90,\"caption\":\"Prosono Hardwoods International\"},\"image\":{\"@id\":\"https:\/\/dev2.prosono-hardwoods.com\/#\/schema\/logo\/image\/\"}}]}<\/script>\n<!-- \/ Yoast SEO plugin. -->","yoast_head_json":{"title":"VOULEZ-VOUS TRAVAILLER AVEC NOUS ? - Prosono international","description":"Nous rechechons des partenaires pour la distribution.","robots":{"index":"noindex","follow":"follow","max-snippet":"max-snippet:-1","max-image-preview":"max-image-preview:large","max-video-preview":"max-video-preview:-1"},"og_locale":"fr_FR","og_type":"article","og_title":"VOULEZ-VOUS TRAVAILLER AVEC NOUS ? - Prosono international","og_description":"Nous rechechons des partenaires pour la distribution.","og_url":"https:\/\/dev2.prosono-hardwoods.com\/fr\/a-propos\/desirez-vous-travailler-avec-nous\/","og_site_name":"Prosono international","article_modified_time":"2023-03-16T14:03:39+00:00","twitter_card":"summary_large_image","twitter_misc":{"Dur\u00e9e de lecture estim\u00e9e":"2 minutes"},"schema":{"@context":"https:\/\/schema.org","@graph":[{"@type":"WebPage","@id":"https:\/\/dev2.prosono-hardwoods.com\/fr\/a-propos\/desirez-vous-travailler-avec-nous\/","url":"https:\/\/dev2.prosono-hardwoods.com\/fr\/a-propos\/desirez-vous-travailler-avec-nous\/","name":"VOULEZ-VOUS TRAVAILLER AVEC NOUS ? - Prosono international","isPartOf":{"@id":"https:\/\/dev2.prosono-hardwoods.com\/#website"},"datePublished":"2017-10-29T10:01:23+00:00","dateModified":"2023-03-16T14:03:39+00:00","description":"Nous rechechons des partenaires pour la distribution.","breadcrumb":{"@id":"https:\/\/dev2.prosono-hardwoods.com\/fr\/a-propos\/desirez-vous-travailler-avec-nous\/#breadcrumb"},"inLanguage":"fr-FR","potentialAction":[{"@type":"ReadAction","target":["https:\/\/dev2.prosono-hardwoods.com\/fr\/a-propos\/desirez-vous-travailler-avec-nous\/"]}]},{"@type":"BreadcrumbList","@id":"https:\/\/dev2.prosono-hardwoods.com\/fr\/a-propos\/desirez-vous-travailler-avec-nous\/#breadcrumb","itemListElement":[{"@type":"ListItem","position":1,"name":"Accueil","item":"https:\/\/dev2.prosono-hardwoods.com\/"},{"@type":"ListItem","position":2,"name":"A PROPOS","item":"https:\/\/dev2.prosono-hardwoods.com\/fr\/a-propos\/"},{"@type":"ListItem","position":3,"name":"VOULEZ-VOUS TRAVAILLER AVEC NOUS ?"}]},{"@type":"WebSite","@id":"https:\/\/dev2.prosono-hardwoods.com\/#website","url":"https:\/\/dev2.prosono-hardwoods.com\/","name":"Prosono international","description":"","publisher":{"@id":"https:\/\/dev2.prosono-hardwoods.com\/#organization"},"potentialAction":[{"@type":"SearchAction","target":{"@type":"EntryPoint","urlTemplate":"https:\/\/dev2.prosono-hardwoods.com\/?s={search_term_string}"},"query-input":"required name=search_term_string"}],"inLanguage":"fr-FR"},{"@type":"Organization","@id":"https:\/\/dev2.prosono-hardwoods.com\/#organization","name":"Prosono Hardwoods International","url":"https:\/\/dev2.prosono-hardwoods.com\/","logo":{"@type":"ImageObject","inLanguage":"fr-FR","@id":"https:\/\/dev2.prosono-hardwoods.com\/#\/schema\/logo\/image\/","url":"https:\/\/dev2.prosono-hardwoods.com\/wp-content\/uploads\/2020\/08\/prosono-logo@2x.png","contentUrl":"https:\/\/dev2.prosono-hardwoods.com\/wp-content\/uploads\/2020\/08\/prosono-logo@2x.png","width":404,"height":90,"caption":"Prosono Hardwoods International"},"image":{"@id":"https:\/\/dev2.prosono-hardwoods.com\/#\/schema\/logo\/image\/"}}]}},"_links":{"self":[{"href":"https:\/\/dev2.prosono-hardwoods.com\/fr\/wp-json\/wp\/v2\/pages\/1945"}],"collection":[{"href":"https:\/\/dev2.prosono-hardwoods.com\/fr\/wp-json\/wp\/v2\/pages"}],"about":[{"href":"https:\/\/dev2.prosono-hardwoods.com\/fr\/wp-json\/wp\/v2\/types\/page"}],"author":[{"embeddable":true,"href":"https:\/\/dev2.prosono-hardwoods.com\/fr\/wp-json\/wp\/v2\/users\/4"}],"replies":[{"embeddable":true,"href":"https:\/\/dev2.prosono-hardwoods.com\/fr\/wp-json\/wp\/v2\/comments?post=1945"}],"version-history":[{"count":24,"href":"https:\/\/dev2.prosono-hardwoods.com\/fr\/wp-json\/wp\/v2\/pages\/1945\/revisions"}],"predecessor-version":[{"id":17950,"href":"https:\/\/dev2.prosono-hardwoods.com\/fr\/wp-json\/wp\/v2\/pages\/1945\/revisions\/17950"}],"up":[{"embeddable":true,"href":"https:\/\/dev2.prosono-hardwoods.com\/fr\/wp-json\/wp\/v2\/pages\/1165"}],"wp:attachment":[{"href":"https:\/\/dev2.prosono-hardwoods.com\/fr\/wp-json\/wp\/v2\/media?parent=1945"}],"curies":[{"name":"wp","href":"https:\/\/api.w.org\/{rel}","templated":true}]}}